{"id":17601,"date":"2025-03-18T06:41:02","date_gmt":"2025-03-18T06:41:02","guid":{"rendered":"https:\/\/www.hydraulic-cylinders.net\/?post_type=product&#038;p=17601"},"modified":"2025-04-11T01:44:49","modified_gmt":"2025-04-11T01:44:49","slug":"lifting-hydraulic-cylinders-of-pallet-stacker-truck","status":"publish","type":"product","link":"https:\/\/www.hydraulic-cylinders.net\/fi\/tuote\/lifting-hydraulic-cylinders-of-pallet-stacker-truck\/","title":{"rendered":"Lavatrukin nostohydrauliset sylinterit"},"content":{"rendered":"<h1 style=\"text-align: center;\"><strong>Lavatrukin nostohydrauliset sylinterit<\/strong><\/h1>\n<p>Nostohydraulisylinterit ovat lavakuorma-autojen olennaisia \u200b\u200bosia, jotka mahdollistavat raskaiden kuormien tehokkaan nostamisen ja laskemisen. N\u00e4m\u00e4 sylinterit muuntavat hydraulisen paineen mekaaniseksi voimaksi, mik\u00e4 tarjoaa tarvittavan tehon lavojen ja muiden materiaalien helppoon k\u00e4sittelyyn. Niiden luotettavuus ja kest\u00e4v\u00e4 rakenne tekev\u00e4t niist\u00e4 ratkaisevan t\u00e4rkeit\u00e4 varastotoimintojen optimoinnissa ja tuottavuuden parantamisessa.<\/p>\n<p>Nostohydraulisylinterit ovat elint\u00e4rkeit\u00e4 lavakuormaajien tehokkaalle toiminnalle. Niiden suuri kuormituskapasiteetti, kest\u00e4v\u00e4 rakenne ja sujuva toiminta tekev\u00e4t niist\u00e4 v\u00e4ltt\u00e4m\u00e4tt\u00f6mi\u00e4 erilaisissa teollisissa sovelluksissa. Ymm\u00e4rt\u00e4m\u00e4ll\u00e4 niiden ominaisuudet, asianmukaiset k\u00e4ytt\u00f6tavat ja huoltovaatimukset k\u00e4ytt\u00e4j\u00e4t voivat maksimoida laitteidensa suorituskyvyn ja turvallisuuden, mik\u00e4 parantaa lopulta tuottavuutta materiaalink\u00e4sittelyteht\u00e4viss\u00e4. Investoimalla korkealaatuisiin nostohydraulisylintereihin varmistetaan luotettava ja tehokas toiminta, mik\u00e4 on ratkaisevan t\u00e4rke\u00e4\u00e4 mink\u00e4 tahansa yrityksen menestykselle.<\/p>\n<h1 style=\"text-align: center;\"><img loading=\"lazy\" decoding=\"async\" class=\"alignnone wp-image-17603\" src=\"https:\/\/www.hydraulic-cylinders.net\/wp-content\/uploads\/2025\/03\/Lifting-hydraulic-cylinders-of-pallet-stacker-truck-scaled.webp\" alt=\"\" width=\"500\" height=\"500\" \/><\/h1>\n<p style=\"text-align: center;\"><strong>Lavatrukin nostohydrauliset sylinterit<\/strong><\/p>\n<h2><strong>Lavatrukin nostohydrauliset sylinterit\u00a0<\/strong><strong>Tekniset tiedot<\/strong><strong>:<\/strong><\/h2>\n<p><strong>Toiminto:<\/strong> Nosto- ja laskutoimituksen saavuttamiseksi nostolaitteessa<br \/>\n<strong>Sylinterin halkaisija:<\/strong> 45 mm \u2013 56 mm<br \/>\n<strong>Tangon halkaisija:<\/strong> 35 mm \u2013 40 mm<br \/>\n<strong>Matkustaa:<\/strong> 500 mm \u2013 1950 mm<br \/>\n<strong>Suurin paine:<\/strong> 20MPa<br \/>\n<strong>Suurin ty\u00f6nt\u00f6voima:<\/strong> 493KN<\/p>\n<h2><strong>Lavatrukin hydraulisylinterisarja:\u00a0<\/strong><\/h2>\n<h2><img loading=\"lazy\" decoding=\"async\" class=\"alignnone size-full wp-image-17605\" src=\"https:\/\/www.hydraulic-cylinders.net\/wp-content\/uploads\/2025\/03\/Hydraulic-cylinders-of-pallet-stacker-truck-construction.webp\" alt=\"Lavatrukkien hydraulisylinterit\" width=\"1100\" height=\"615\" srcset=\"https:\/\/www.hydraulic-cylinders.net\/wp-content\/uploads\/2025\/03\/Hydraulic-cylinders-of-pallet-stacker-truck-construction.webp 1100w, https:\/\/www.hydraulic-cylinders.net\/wp-content\/uploads\/2025\/03\/Hydraulic-cylinders-of-pallet-stacker-truck-construction-980x548.webp 980w, https:\/\/www.hydraulic-cylinders.net\/wp-content\/uploads\/2025\/03\/Hydraulic-cylinders-of-pallet-stacker-truck-construction-480x268.webp 480w\" sizes=\"(min-width: 0px) and (max-width: 480px) 480px, (min-width: 481px) and (max-width: 980px) 980px, (min-width: 981px) 1100px, 100vw\" \/><\/h2>\n<h2><strong>Lavatrukin nostohydraulisten sylinterien t\u00e4rkeimm\u00e4t ominaisuudet<\/strong><strong>:<\/strong><\/h2>\n<ul>\n<li><strong>Suuri kuormituskapasiteetti:<\/strong> Merkitt\u00e4vien painojen tukemiseen suunnitellut hydrauliset nostosylinterit varmistavat turvallisen ja tehokkaan toiminnan my\u00f6s raskaiden kuormien alla. T\u00e4m\u00e4 ominaisuus on olennainen ty\u00f6tapaturmien ehk\u00e4isemisess\u00e4 ja materiaalink\u00e4sittelyn tehokkuuden parantamisessa.<\/li>\n<li><strong>Kest\u00e4v\u00e4 rakenne:<\/strong> N\u00e4m\u00e4 eritt\u00e4in lujista materiaaleista valmistetut sylinterit kest\u00e4v\u00e4t kulumista ja varmistavat pitk\u00e4ik\u00e4isen suorituskyvyn. Niiden kest\u00e4v\u00e4 rakenne minimoi vikaantumisriskin, mik\u00e4 tekee niist\u00e4 kustannustehokkaan ratkaisun yrityksille, jotka ovat riippuvaisia \u200b\u200braskaista nostoista.<\/li>\n<li><strong>Sujuva toiminta:<\/strong> Hydraulij\u00e4rjestelm\u00e4 tarjoaa tasaisen ja tasaisen nostoliikkeen, mik\u00e4 v\u00e4hent\u00e4\u00e4 t\u00e4rin\u00e4\u00e4 ja t\u00e4rin\u00e4\u00e4. T\u00e4m\u00e4 ominaisuus parantaa turvallisuutta ja kuorman vakautta k\u00e4yt\u00f6n aikana, mik\u00e4 mahdollistaa tarkan k\u00e4sittelyn.<\/li>\n<li><strong>Kompakti muotoilu:<\/strong> Nostohydraulisylinterit ovat kompakteja, mik\u00e4 helpottaa integrointia erilaisiin lavanpinoamisvaunujen malleihin. T\u00e4m\u00e4 rakenne maksimoi tilank\u00e4yt\u00f6n tehokkuuden s\u00e4ilytt\u00e4en samalla ketteryyden ja ohjattavuuden.<\/li>\n<li><strong>Monipuoliset sovellukset:<\/strong> N\u00e4m\u00e4 hydraulisylinterit ovat yhteensopivia useiden erityyppisten lavapinoajien kanssa ja sopivat monille eri toimialoille, kuten logistiikkaan, valmistukseen ja v\u00e4hitt\u00e4iskauppaan. T\u00e4m\u00e4 monipuolisuus parantaa niiden k\u00e4ytett\u00e4vyytt\u00e4 erilaisissa operatiivisissa tarpeissa.<\/li>\n<\/ul>\n<h2><strong>K\u00e4ytt\u00f6tapaukset lavakuorma-autojen hydraulisylintereiden nostamiseen<\/strong><strong>:<\/strong><\/h2>\n<p>Nostohydraulisylinterit ovat lavank\u00e4sittelytrukkien kriittisi\u00e4 osia, joiden avulla ne voivat suorittaa erilaisia \u200b\u200b\u200b\u200bt\u00e4rkeit\u00e4 teht\u00e4vi\u00e4 materiaalink\u00e4sittelyss\u00e4 ja logistiikassa. T\u00e4ss\u00e4 on useita keskeisi\u00e4 k\u00e4ytt\u00f6tapauksia:<\/p>\n<h4>1. <strong>Varaston pinoaminen ja nouto<\/strong><\/h4>\n<p>Nostohydraulisylintereill\u00e4 varustetut lavakuorma-autot pinoavat ja noutavat lavoja tehokkaasti korkeilta varastohyllyilt\u00e4. Sylinterit mahdollistavat sujuvan nostamisen ja laskemisen, optimoivat pystysuoran varastotilan ja helpottavat varaston nopeaa saatavuutta.<\/p>\n<h4>2. <strong>Kuormaus- ja purkutoiminnot<\/strong><\/h4>\n<p>Jakelukeskuksissa tai v\u00e4hitt\u00e4ismyyntipisteiss\u00e4 lastauksen ja purkamisen aikana n\u00e4m\u00e4 hydraulisylinterit mahdollistavat lavojen tarkan sijoittelun. T\u00e4m\u00e4 ominaisuus v\u00e4hent\u00e4\u00e4 tavaroiden vaurioitumisriski\u00e4 ja minimoi n\u00e4ihin toimintoihin tarvittavan ajan.<\/p>\n<h4>3. <strong>Tilausten ker\u00e4ily<\/strong><\/h4>\n<p>Ymp\u00e4rist\u00f6iss\u00e4, joissa tilausten ker\u00e4ily on v\u00e4ltt\u00e4m\u00e4t\u00f6nt\u00e4, nostohydraulisylintereill\u00e4 varustetut lavanpinoamisvaunut voivat nostaa haarukat sopivalle korkeudelle tiettyjen tuotteiden k\u00e4sittely\u00e4 varten. T\u00e4m\u00e4 ominaisuus parantaa tehokkuutta ja tarkkuutta asiakastilausten t\u00e4ytt\u00e4misess\u00e4.<\/p>\n<h4>4. <strong>Ristikk\u00e4in lastaus<\/strong><\/h4>\n<p>Ristikk\u00e4inlastauksessa, jossa tuotteet siirret\u00e4\u00e4n suoraan saapuvasta kuljetuksesta l\u00e4htev\u00e4\u00e4n kuljetukseen, nostohydrauliset sylinterit mahdollistavat lavojen nopean ja tehokkaan siirron. T\u00e4m\u00e4 lyhent\u00e4\u00e4 k\u00e4sittelyaikoja ja parantaa logistiikan kokonaistehokkuutta.<\/p>\n<h4>5. <strong>Materiaalink\u00e4sittely teollisuudessa<\/strong><\/h4>\n<p>Tuotantolaitoksissa lavanpinoamisvaunut kuljettavat usein raaka-aineita ja valmiita tuotteita. Nostohydrauliset sylinterit mahdollistavat raskaiden kuormien turvallisen siirt\u00e4misen eri tuotantoalueiden v\u00e4lill\u00e4 ja yll\u00e4pit\u00e4v\u00e4t sujuvaa ty\u00f6nkulkua.<\/p>\n<p>Etsitk\u00f6 raskaaseen k\u00e4ytt\u00f6\u00f6n tarkoitettuja trukkisylintereit\u00e4? Tutustu valikoimaamme <a href=\"https:\/\/www.hydraulic-cylinders.net\/fi\/forklift-hydraulic-cylinder\/\">Raskaat hydraulisylinterit<\/a>.<\/p>\n<h2><strong>Trukin sylinterin tuotantoalue:<\/strong><\/h2>\n<h2><img loading=\"lazy\" decoding=\"async\" class=\"alignnone size-full wp-image-16972\" src=\"https:\/\/www.hydraulic-cylinders.net\/wp-content\/uploads\/2025\/01\/hydraulic-cylinder-factory-1-scaled.webp\" sizes=\"(min-width: 0px) and (max-width: 480px) 480px, (min-width: 481px) and (max-width: 980px) 980px, (min-width: 981px) and (max-width: 1280px) 1280px, (min-width: 1281px) 2016px, 100vw\" srcset=\"https:\/\/www.hydraulic-cylinders.net\/wp-content\/uploads\/2025\/01\/hydraulic-cylinder-factory-1-scaled.webp 2016w, https:\/\/www.hydraulic-cylinders.net\/wp-content\/uploads\/2025\/01\/hydraulic-cylinder-factory-1-1280x1625.webp 1280w, https:\/\/www.hydraulic-cylinders.net\/wp-content\/uploads\/2025\/01\/hydraulic-cylinder-factory-1-980x1244.webp 980w, https:\/\/www.hydraulic-cylinders.net\/wp-content\/uploads\/2025\/01\/hydraulic-cylinder-factory-1-480x610.webp 480w\" alt=\"\" width=\"2016\" height=\"2560\" \/><\/h2>\n<p>Meill\u00e4 on ensiluokkainen itsen\u00e4inen tutkimus- ja kehitysalusta kokoonpanoa varten. Trukkisylinterien tuotantolaitoksessa on nelj\u00e4 puoliautomaattista nostosylinterien kokoonpanolinjaa ja t\u00e4ysautomaattinen kallistussylinterien kokoonpanolinja, joiden suunniteltu vuotuinen tuotantokapasiteetti on miljoona kappaletta. Erikoissylinterity\u00f6pajassa on erilaisten spesifikaatioiden puoliautomaattisia puhdistus- ja kokoonpanoj\u00e4rjestelmi\u00e4, joiden suunniteltu vuotuinen tuotantokapasiteetti on 200 000 kappaletta. Se on varustettu tunnettujen merkkien CNC-ty\u00f6st\u00f6koneilla, ty\u00f6st\u00f6keskuksilla, erikoislaitteilla tarkkuussylinterien ty\u00f6st\u00f6\u00f6n, robottihitsauskoneilla, automaattisilla puhdistuskoneilla, automaattisilla sylinterien kokoonpanokoneilla ja automaattisilla maalintuotantolinjoilla. Meill\u00e4 on k\u00e4yt\u00f6ss\u00e4 yli 300 keskeist\u00e4 laitetta. Laitteiden optimoitu kohdentaminen ja tehokas k\u00e4ytt\u00f6 varmistavat tuotteiden tarkkuusvaatimukset ja t\u00e4ytt\u00e4v\u00e4t tuotteiden korkeat laatustandardit.<\/p>\n<p>Koneistamo on varustettu mittatilausty\u00f6n\u00e4 valmistetuilla kallistuskiskojen sorvauskeskuksilla, ty\u00f6st\u00f6keskuksilla, nopeilla hoonauskoneilla, hitsausroboteilla ja muilla asiaankuuluvilla laitteilla, jotka pystyv\u00e4t k\u00e4sittelem\u00e4\u00e4n enint\u00e4\u00e4n 400 mm:n sis\u00e4halkaisijan ja enint\u00e4\u00e4n 6 metrin pituisten sylinteriputkien ty\u00f6st\u00f6\u00e4.<\/p>\n<h2><img loading=\"lazy\" decoding=\"async\" class=\"alignnone size-full wp-image-16973\" src=\"https:\/\/www.hydraulic-cylinders.net\/wp-content\/uploads\/2025\/01\/hydraulic-cylinder-factory-2-scaled.webp\" sizes=\"(min-width: 0px) and (max-width: 480px) 480px, (min-width: 481px) and (max-width: 980px) 980px, (min-width: 981px) and (max-width: 1280px) 1280px, (min-width: 1281px) 2011px, 100vw\" srcset=\"https:\/\/www.hydraulic-cylinders.net\/wp-content\/uploads\/2025\/01\/hydraulic-cylinder-factory-2-scaled.webp 2011w, https:\/\/www.hydraulic-cylinders.net\/wp-content\/uploads\/2025\/01\/hydraulic-cylinder-factory-2-1280x1629.webp 1280w, https:\/\/www.hydraulic-cylinders.net\/wp-content\/uploads\/2025\/01\/hydraulic-cylinder-factory-2-980x1248.webp 980w, https:\/\/www.hydraulic-cylinders.net\/wp-content\/uploads\/2025\/01\/hydraulic-cylinder-factory-2-480x611.webp 480w\" alt=\"\" width=\"2011\" height=\"2560\" \/><\/h2>\n<p>Meill\u00e4 on t\u00e4ysautomaattinen vesiohenteisen maalin pinnoituslinja pienille ja keskisuurille sylintereille, joka toteuttaa automaattisen lastauksen ja purkauksen sek\u00e4 automaattiset ruiskutusrobotit. Suunniteltu tuotantokapasiteetti on 4000 paikkaa vuorossa. Meill\u00e4 on toinen puoliautomaattinen maalauslinja suurille sylintereille, jota k\u00e4ytt\u00e4\u00e4 voimansiirtoketju, ja sen suunnittelukapasiteetti on 60 laatikkoa vuorossa.<\/p>\n<p>Parantaaksemme tuotteidemme suorituskyky\u00e4 entisest\u00e4\u00e4n ja vakiinnuttaaksemme hydraulisylintereidemme johtavan aseman alalla, yrityksemme ja zjimee perustivat yhdess\u00e4 kattavan hydraulisylintereiden, hydrauliventtiilien ja hydraulipumppujen suorituskykylaboratorion. Laboratoriossa tehd\u00e4\u00e4n tietokoneella avustettua testausta s\u00e4hk\u00f6hydraulisella tekniikalla, ja testiolosuhteet asetetaan tietokoneella ennalta, mik\u00e4 parantaa testien tarkkuutta ja j\u00e4rjestelm\u00e4n monipuolisuutta sek\u00e4 kokeellisia tietoja.<\/p>\n<p>Automaattinen tiedonkeruu toteutetaan antureiden avulla, ja tietokone k\u00e4sittelee suoraan l\u00e4ht\u00f6tiedot, kuten sylinterin tai venttiilin sis\u00e4isen vuodon ja kuormitustehokkuuden, ja muuntaa ne standardiyksik\u00f6iksi (ml\/min\u00b3TP\u00b3T). Samanaikaisesti hydraulij\u00e4rjestelm\u00e4n k\u00e4ytt\u00f6turvallisuuden varmistamiseksi suoritetaan tilanvalvontatoiminto t\u00e4rkeille suorituskykyparametreille, kuten \"\u00f6ljyn l\u00e4mp\u00f6tilan valvonta, nestetason valvonta, suodatinlaitteen valvonta\" jne. N\u00e4ist\u00e4 parametreista hydraulisylinterin testiteline voi testata \"kuormituksen\" suorituskyky\u00e4.<br \/>\nhy\u00f6tysuhdetta \u201dja\u201d sis\u00e4ist\u00e4 vuotoa\u201d lukemien avulla. Samalla se on varustettu ritil\u00e4viivaimella mittaavalla laitteella, joka t\u00e4ytt\u00e4\u00e4 kaikkien hydraulisylinterituotteiden testattavien kohteiden vaatimukset kansallisen standardin mukaisesti.<\/p>\n<p>&nbsp;<\/p>","protected":false},"excerpt":{"rendered":"<p>Lifting Hydraulic Cylinders of Pallet Stacker Truck Lifting hydraulic cylinders are essential components of pallet stacker trucks, enabling efficient lifting and lowering of heavy loads. These cylinders convert hydraulic pressure into mechanical force, providing the power necessary to handle pallets and other materials with ease. Their reliability and robust design make them crucial for optimizing [&hellip;]<\/p>","protected":false},"featured_media":17604,"comment_status":"open","ping_status":"closed","template":"","meta":{"_et_pb_use_builder":"","_et_pb_old_content":"","_et_gb_content_width":""},"product_brand":[],"product_cat":[1484,1549,1376],"product_tag":[],"class_list":{"0":"post-17601","1":"product","2":"type-product","3":"status-publish","4":"has-post-thumbnail","6":"product_cat-forklift-hydraulic-cylinders","7":"product_cat-single-acting-hydraulic-cylinder","8":"product_cat-hydraulic-cylinder","10":"first","11":"instock","12":"shipping-taxable","13":"product-type-simple"},"amp_enabled":true,"_links":{"self":[{"href":"https:\/\/www.hydraulic-cylinders.net\/fi\/wp-json\/wp\/v2\/product\/17601","targetHints":{"allow":["GET"]}}],"collection":[{"href":"https:\/\/www.hydraulic-cylinders.net\/fi\/wp-json\/wp\/v2\/product"}],"about":[{"href":"https:\/\/www.hydraulic-cylinders.net\/fi\/wp-json\/wp\/v2\/types\/product"}],"replies":[{"embeddable":true,"href":"https:\/\/www.hydraulic-cylinders.net\/fi\/wp-json\/wp\/v2\/comments?post=17601"}],"wp:featuredmedia":[{"embeddable":true,"href":"https:\/\/www.hydraulic-cylinders.net\/fi\/wp-json\/wp\/v2\/media\/17604"}],"wp:attachment":[{"href":"https:\/\/www.hydraulic-cylinders.net\/fi\/wp-json\/wp\/v2\/media?parent=17601"}],"wp:term":[{"taxonomy":"product_brand","embeddable":true,"href":"https:\/\/www.hydraulic-cylinders.net\/fi\/wp-json\/wp\/v2\/product_brand?post=17601"},{"taxonomy":"product_cat","embeddable":true,"href":"https:\/\/www.hydraulic-cylinders.net\/fi\/wp-json\/wp\/v2\/product_cat?post=17601"},{"taxonomy":"product_tag","embeddable":true,"href":"https:\/\/www.hydraulic-cylinders.net\/fi\/wp-json\/wp\/v2\/product_tag?post=17601"}],"curies":[{"name":"wp","href":"https:\/\/api.w.org\/{rel}","templated":true}]}}