{"id":17606,"date":"2025-03-18T06:59:19","date_gmt":"2025-03-18T06:59:19","guid":{"rendered":"https:\/\/www.hydraulic-cylinders.net\/?post_type=product&#038;p=17606"},"modified":"2025-04-11T01:44:46","modified_gmt":"2025-04-11T01:44:46","slug":"lift-hydraulic-cylinders-for-forward-moving-forklift","status":"publish","type":"product","link":"https:\/\/www.hydraulic-cylinders.net\/fi\/tuote\/lift-hydraulic-cylinders-for-forward-moving-forklift\/","title":{"rendered":"Nosta hydraulisylinterit eteenp\u00e4in liikkuvalle trukille"},"content":{"rendered":"<h1 style=\"text-align: center;\"><strong>Nosta hydraulisylinterit eteenp\u00e4in liikkuvalle trukille<\/strong><\/h1>\n<p>Nostohydraulisylinterit ovat eteenp\u00e4in liikkuvien trukkien olennaisia \u200b\u200bosia, jotka tarjoavat tarvittavan nostovoiman raskaiden kuormien tehokkaaseen k\u00e4sittelyyn. N\u00e4m\u00e4 sylinterit muuntavat hydraulisen paineen mekaaniseksi voimaksi, jolloin trukit voivat nostaa ja laskea kuormia tarkasti. Niiden kest\u00e4v\u00e4 rakenne ja luotettava suorituskyky tekev\u00e4t niist\u00e4 v\u00e4ltt\u00e4m\u00e4tt\u00f6mi\u00e4 erilaisissa teollisissa sovelluksissa, mik\u00e4 parantaa tuottavuutta ja turvallisuutta.<\/p>\n<p>Nostosylinterit ovat elint\u00e4rkeit\u00e4 eteenp\u00e4in liikkuvien trukkien tehokkaalle toiminnalle. Niiden suuri kuormituskapasiteetti, kest\u00e4v\u00e4 rakenne ja sujuva toiminta tekev\u00e4t niist\u00e4 v\u00e4ltt\u00e4m\u00e4tt\u00f6mi\u00e4 erilaisissa teollisissa sovelluksissa. Ymm\u00e4rt\u00e4m\u00e4ll\u00e4 niiden ominaisuudet, asianmukaiset k\u00e4ytt\u00f6tavat ja huoltovaatimukset k\u00e4ytt\u00e4j\u00e4t voivat maksimoida laitteidensa suorituskyvyn ja turvallisuuden, mik\u00e4 parantaa lopulta materiaalink\u00e4sittelyteht\u00e4vien tuottavuutta. Korkealaatuisiin nostosylintereihin investoiminen varmistaa luotettavan ja tehokkaan toiminnan, mik\u00e4 on ratkaisevan t\u00e4rke\u00e4\u00e4 mink\u00e4 tahansa yrityksen menestykselle.<\/p>\n<h1 style=\"text-align: center;\"><img loading=\"lazy\" decoding=\"async\" class=\"alignnone wp-image-17609\" src=\"https:\/\/www.hydraulic-cylinders.net\/wp-content\/uploads\/2025\/03\/Lift-hydraulic-cylinders-for-Forward-moving-forklift--scaled.webp\" alt=\"\" width=\"500\" height=\"500\" \/><\/h1>\n<p style=\"text-align: center;\"><strong>Lavatrukin nostohydrauliset sylinterit<\/strong><\/p>\n<h2><strong>Nosta hydraulisylinterit eteenp\u00e4in liikkuvalle trukille <\/strong><strong>Tekniset tiedot<\/strong><strong>:<\/strong><\/h2>\n<p><strong>Toiminto:<\/strong> Nosto- ja laskutoimituksen saavuttamiseksi nostolaitteessa<br \/>\n<strong>Sylinterin halkaisija:<\/strong> 45\u201375 mm<br \/>\n<strong>Tangon halkaisija:<\/strong> 45\u201365 mm<br \/>\n<strong>Matkustaa:<\/strong> 500\u20133980 mm<br \/>\n<strong>Suurin paine:<\/strong> 21MPa<br \/>\n<strong>Suurin ty\u00f6nt\u00f6voima:<\/strong> 93KN<\/p>\n<h2><strong>Eteenp\u00e4in liikkuvan trukin sylinterisarja:\u00a0<\/strong><\/h2>\n<h2><img loading=\"lazy\" decoding=\"async\" class=\"alignnone size-full wp-image-17611\" src=\"https:\/\/www.hydraulic-cylinders.net\/wp-content\/uploads\/2025\/03\/Forward-moving-forklift-hydraulic-cylinders-construction.webp\" alt=\"Eteenp\u00e4in liikkuvien trukkien hydraulisylinterien rakenne\" width=\"1100\" height=\"615\" srcset=\"https:\/\/www.hydraulic-cylinders.net\/wp-content\/uploads\/2025\/03\/Forward-moving-forklift-hydraulic-cylinders-construction.webp 1100w, https:\/\/www.hydraulic-cylinders.net\/wp-content\/uploads\/2025\/03\/Forward-moving-forklift-hydraulic-cylinders-construction-980x548.webp 980w, https:\/\/www.hydraulic-cylinders.net\/wp-content\/uploads\/2025\/03\/Forward-moving-forklift-hydraulic-cylinders-construction-480x268.webp 480w\" sizes=\"(min-width: 0px) and (max-width: 480px) 480px, (min-width: 481px) and (max-width: 980px) 980px, (min-width: 981px) 1100px, 100vw\" \/><\/h2>\n<h2><strong>Eteenp\u00e4in liikkuvan trukin nostohydraulisylinterien t\u00e4rkeimm\u00e4t ominaisuudet<\/strong><strong>:<\/strong><\/h2>\n<ul>\n<li><strong>Suuri kuormituskapasiteetti:<\/strong> Nostohydraulisylinterit on erityisesti suunniteltu k\u00e4sittelem\u00e4\u00e4n huomattavia painoja, ja ne tarjoavat tarvittavan lujuuden raskaiden kuormien turvalliseen nostamiseen. T\u00e4m\u00e4 ominaisuus on ratkaisevan t\u00e4rke\u00e4 onnettomuuksien ehk\u00e4isemisess\u00e4, sill\u00e4 se varmistaa, ett\u00e4 trukki toimii kuormarajojensa puitteissa. Tehokasta materiaalink\u00e4sittely\u00e4 helpottamalla n\u00e4m\u00e4 sylinterit parantavat tuottavuutta ja v\u00e4hent\u00e4v\u00e4t nostoteht\u00e4viin tarvittavaa aikaa, jolloin k\u00e4ytt\u00e4j\u00e4t voivat keskitty\u00e4 muihin t\u00e4rkeisiin toimintoihin.<\/li>\n<li><strong>Kest\u00e4v\u00e4 rakenne:<\/strong> Eritt\u00e4in lujista materiaaleista valmistetut nostosylinterit kest\u00e4v\u00e4t kulumista ja repe\u00e4mist\u00e4 jopa vaativimmissakin olosuhteissa. Niiden kest\u00e4v\u00e4 rakenne ei ainoastaan \u200b\u200btakaa pitk\u00e4kestoista suorituskyky\u00e4, vaan my\u00f6s minimoi merkitt\u00e4v\u00e4sti mekaanisten vikojen riskin. T\u00e4m\u00e4 kest\u00e4vyys tarkoittaa alhaisempia yll\u00e4pitokustannuksia ja v\u00e4hemm\u00e4n seisokkiaikoja, mik\u00e4 tekee n\u00e4ist\u00e4 sylintereist\u00e4 kustannustehokkaan valinnan yrityksille, jotka etsiv\u00e4t luotettavia laitteita, jotka kest\u00e4v\u00e4t p\u00e4ivitt\u00e4isen k\u00e4yt\u00f6n rasitukset.<\/li>\n<li><strong>Sujuva toiminta:<\/strong> N\u00e4iden sylinterien hydrauliikkaj\u00e4rjestelm\u00e4 tarjoaa tasaisen ja tasaisen nosto- ja laskutoiminnan, mik\u00e4 on elint\u00e4rke\u00e4\u00e4 kuorman vakauden yll\u00e4pit\u00e4miseksi. Minimoimalla t\u00e4rin\u00e4t ja t\u00e4rin\u00e4t k\u00e4yt\u00f6n aikana nostohydraulisylinterit parantavat sek\u00e4 k\u00e4ytt\u00e4j\u00e4n ett\u00e4 ymp\u00e4rill\u00e4 olevan henkil\u00f6st\u00f6n turvallisuutta. T\u00e4m\u00e4 tasainen toiminta edist\u00e4\u00e4 my\u00f6s parempaa hallintaa herkki\u00e4 tai hauraita materiaaleja k\u00e4sitelt\u00e4ess\u00e4 varmistaen, ett\u00e4 ne pysyv\u00e4t turvassa koko nostoprosessin ajan.<\/li>\n<li><strong>Kompakti muotoilu:<\/strong> Nostosylintereit\u00e4 on saatavilla eri kokoisina, joten ne sopivat erilaisiin trukkimalleihin, mik\u00e4 mahdollistaa saumattoman integroinnin olemassa oleviin laitteisiin. T\u00e4m\u00e4 kompakti rakenne ei heikenn\u00e4 ajoneuvon ohjattavuutta, joten k\u00e4ytt\u00e4j\u00e4t voivat navigoida ahtaissa tiloissa helposti. N\u00e4iden sylinterien mukautuvuus varmistaa, ett\u00e4 niit\u00e4 voidaan k\u00e4ytt\u00e4\u00e4 erilaisissa sovelluksissa ilman, ett\u00e4 trukkiin tarvitsee tehd\u00e4 merkitt\u00e4vi\u00e4 muutoksia.<\/li>\n<li><strong>Monipuoliset sovellukset:<\/strong> N\u00e4m\u00e4 hydraulisylinterit sopivat monille eri toimialoille, kuten logistiikkaan, valmistukseen ja rakentamiseen. Niiden monipuolisuus tekee niist\u00e4 mukautettavissa erilaisiin operatiivisiin tarpeisiin varastojen pinoamisesta ja noutamisesta raskaiden tavaroiden nostamiseen rakennusty\u00f6mailla. T\u00e4m\u00e4 laaja sovellettavuus antaa yrityksille mahdollisuuden hy\u00f6dynt\u00e4\u00e4 nostohydraulisylintereit\u00e4 useissa eri tilanteissa, optimoiden materiaalink\u00e4sittelyprosessejaan ja parantaen kokonaistehokkuutta.<\/li>\n<\/ul>\n<h2><strong>K\u00e4yt\u00e4 eteenp\u00e4in liikkuvan trukin nostohydraulisylintereit\u00e4<\/strong><strong>:<\/strong><\/h2>\n<p>Nostohydraulisylintereill\u00e4 on ratkaiseva rooli eteenp\u00e4in liikkuvien trukkien toimivuuden ja tehokkuuden parantamisessa. T\u00e4ss\u00e4 on joitakin keskeisi\u00e4 k\u00e4ytt\u00f6tapauksia, jotka korostavat niiden merkityst\u00e4 eri toimialoilla:<\/p>\n<h3>1. <strong>Varastotoiminnot<\/strong><\/h3>\n<p>Varastoymp\u00e4rist\u00f6iss\u00e4 nostohydraulisylinterit mahdollistavat trukkien pinoamisen ja noutamisen kuormalavoille eri korkeuksilla. T\u00e4m\u00e4 ominaisuus optimoi pystysuoran varastotilan ja mahdollistaa nopean p\u00e4\u00e4syn varastoon, mik\u00e4 tehostaa toimintaa ja parantaa kokonaistehokkuutta.<\/p>\n<h3>2. <strong>Kuormaus ja purku<\/strong><\/h3>\n<p>Nostohydrauliset sylinterit helpottavat tavaroiden lastaamista ja purkamista kuorma-autoista ja konteista. Trukkien sujuva nosto ja lasku kuormia minimoivat tuotteiden vaurioitumisriskin ja lyhent\u00e4v\u00e4t n\u00e4ihin teht\u00e4viin kuluvaa aikaa, mik\u00e4 parantaa kokonaistuottavuutta.<\/p>\n<h3>3. <strong>Tilausten ker\u00e4ily<\/strong><\/h3>\n<p>Ymp\u00e4rist\u00f6iss\u00e4, joissa tilausten ker\u00e4ily on v\u00e4ltt\u00e4m\u00e4t\u00f6nt\u00e4, hydraulisylinterit mahdollistavat trukkien tarkan sijoittumisen vaaditulle korkeudelle tiettyjen tuotteiden k\u00e4sittelemiseksi. T\u00e4m\u00e4 toiminto parantaa tilausten t\u00e4ytt\u00e4misen tarkkuutta ja lis\u00e4\u00e4 toiminnan yleist\u00e4 tehokkuutta.<\/p>\n<h3>4. <strong>Ristikk\u00e4in lastaus<\/strong><\/h3>\n<p>Ristikk\u00e4inlastauksessa, jossa tuotteet siirret\u00e4\u00e4n suoraan saapuvasta kuljetuksesta l\u00e4htev\u00e4\u00e4n kuljetukseen, nostohydraulisylinterit auttavat siirt\u00e4m\u00e4\u00e4n lavoja nopeasti ja tehokkaasti. T\u00e4m\u00e4 lyhent\u00e4\u00e4 k\u00e4sittelyaikaa ja varmistaa tavaroiden sujuvan kulun toimitusketjussa.<\/p>\n<h3>5. <strong>Tuotantolaitokset<\/strong><\/h3>\n<p>Tuotantoymp\u00e4rist\u00f6iss\u00e4 nostohydrauliset sylinterit auttavat raaka-aineiden ja valmiiden tuotteiden kuljettamisessa eri tuotantovaiheiden v\u00e4lill\u00e4. Niiden kyky nostaa raskaita esineit\u00e4 turvallisesti parantaa ty\u00f6nkulkua ja tuottavuutta kokoonpanolinjoilla.<\/p>\n<p>Etsitk\u00f6 raskaaseen k\u00e4ytt\u00f6\u00f6n tarkoitettuja trukkisylintereit\u00e4? Tutustu valikoimaamme <a href=\"https:\/\/www.hydraulic-cylinders.net\/fi\/forklift-hydraulic-cylinder\/\">Raskaat hydraulisylinterit<\/a>.<\/p>\n<h2><strong>Trukin sylinterin tuotantoalue:<\/strong><\/h2>\n<h2><img loading=\"lazy\" decoding=\"async\" class=\"alignnone size-full wp-image-16972\" src=\"https:\/\/www.hydraulic-cylinders.net\/wp-content\/uploads\/2025\/01\/hydraulic-cylinder-factory-1-scaled.webp\" sizes=\"(min-width: 0px) and (max-width: 480px) 480px, (min-width: 481px) and (max-width: 980px) 980px, (min-width: 981px) and (max-width: 1280px) 1280px, (min-width: 1281px) 2016px, 100vw\" srcset=\"https:\/\/www.hydraulic-cylinders.net\/wp-content\/uploads\/2025\/01\/hydraulic-cylinder-factory-1-scaled.webp 2016w, https:\/\/www.hydraulic-cylinders.net\/wp-content\/uploads\/2025\/01\/hydraulic-cylinder-factory-1-1280x1625.webp 1280w, https:\/\/www.hydraulic-cylinders.net\/wp-content\/uploads\/2025\/01\/hydraulic-cylinder-factory-1-980x1244.webp 980w, https:\/\/www.hydraulic-cylinders.net\/wp-content\/uploads\/2025\/01\/hydraulic-cylinder-factory-1-480x610.webp 480w\" alt=\"\" width=\"2016\" height=\"2560\" \/><\/h2>\n<p>Meill\u00e4 on ensiluokkainen itsen\u00e4inen tutkimus- ja kehitysalusta kokoonpanoa varten. Trukkisylinterien tuotantolaitoksessa on nelj\u00e4 puoliautomaattista nostosylinterien kokoonpanolinjaa ja t\u00e4ysautomaattinen kallistussylinterien kokoonpanolinja, joiden suunniteltu vuotuinen tuotantokapasiteetti on miljoona kappaletta. Erikoissylinterity\u00f6pajassa on erilaisten spesifikaatioiden puoliautomaattisia puhdistus- ja kokoonpanoj\u00e4rjestelmi\u00e4, joiden suunniteltu vuotuinen tuotantokapasiteetti on 200 000 kappaletta. Se on varustettu tunnettujen merkkien CNC-ty\u00f6st\u00f6koneilla, ty\u00f6st\u00f6keskuksilla, erikoislaitteilla tarkkuussylinterien ty\u00f6st\u00f6\u00f6n, robottihitsauskoneilla, automaattisilla puhdistuskoneilla, automaattisilla sylinterien kokoonpanokoneilla ja automaattisilla maalintuotantolinjoilla. Meill\u00e4 on k\u00e4yt\u00f6ss\u00e4 yli 300 keskeist\u00e4 laitetta. Laitteiden optimoitu kohdentaminen ja tehokas k\u00e4ytt\u00f6 varmistavat tuotteiden tarkkuusvaatimukset ja t\u00e4ytt\u00e4v\u00e4t tuotteiden korkeat laatustandardit.<\/p>\n<p>Koneistamo on varustettu mittatilausty\u00f6n\u00e4 valmistetuilla kallistuskiskojen sorvauskeskuksilla, ty\u00f6st\u00f6keskuksilla, nopeilla hoonauskoneilla, hitsausroboteilla ja muilla asiaankuuluvilla laitteilla, jotka pystyv\u00e4t k\u00e4sittelem\u00e4\u00e4n enint\u00e4\u00e4n 400 mm:n sis\u00e4halkaisijan ja enint\u00e4\u00e4n 6 metrin pituisten sylinteriputkien ty\u00f6st\u00f6\u00e4.<\/p>\n<h2><img loading=\"lazy\" decoding=\"async\" class=\"alignnone size-full wp-image-16973\" src=\"https:\/\/www.hydraulic-cylinders.net\/wp-content\/uploads\/2025\/01\/hydraulic-cylinder-factory-2-scaled.webp\" sizes=\"(min-width: 0px) and (max-width: 480px) 480px, (min-width: 481px) and (max-width: 980px) 980px, (min-width: 981px) and (max-width: 1280px) 1280px, (min-width: 1281px) 2011px, 100vw\" srcset=\"https:\/\/www.hydraulic-cylinders.net\/wp-content\/uploads\/2025\/01\/hydraulic-cylinder-factory-2-scaled.webp 2011w, https:\/\/www.hydraulic-cylinders.net\/wp-content\/uploads\/2025\/01\/hydraulic-cylinder-factory-2-1280x1629.webp 1280w, https:\/\/www.hydraulic-cylinders.net\/wp-content\/uploads\/2025\/01\/hydraulic-cylinder-factory-2-980x1248.webp 980w, https:\/\/www.hydraulic-cylinders.net\/wp-content\/uploads\/2025\/01\/hydraulic-cylinder-factory-2-480x611.webp 480w\" alt=\"\" width=\"2011\" height=\"2560\" \/><\/h2>\n<p>Meill\u00e4 on t\u00e4ysautomaattinen vesiohenteisen maalin pinnoituslinja pienille ja keskisuurille sylintereille, joka toteuttaa automaattisen lastauksen ja purkauksen sek\u00e4 automaattiset ruiskutusrobotit. Suunniteltu tuotantokapasiteetti on 4000 paikkaa vuorossa. Meill\u00e4 on toinen puoliautomaattinen maalauslinja suurille sylintereille, jota k\u00e4ytt\u00e4\u00e4 voimansiirtoketju, ja sen suunnittelukapasiteetti on 60 laatikkoa vuorossa.<\/p>\n<p>Parantaaksemme tuotteidemme suorituskyky\u00e4 entisest\u00e4\u00e4n ja vakiinnuttaaksemme hydraulisylintereidemme johtavan aseman alalla, yrityksemme ja zjimee perustivat yhdess\u00e4 kattavan hydraulisylintereiden, hydrauliventtiilien ja hydraulipumppujen suorituskykylaboratorion. Laboratoriossa tehd\u00e4\u00e4n tietokoneella avustettua testausta s\u00e4hk\u00f6hydraulisella tekniikalla, ja testiolosuhteet asetetaan tietokoneella ennalta, mik\u00e4 parantaa testien tarkkuutta ja j\u00e4rjestelm\u00e4n monipuolisuutta sek\u00e4 kokeellisia tietoja.<\/p>\n<p>Automaattinen tiedonkeruu toteutetaan antureiden avulla, ja tietokone k\u00e4sittelee suoraan l\u00e4ht\u00f6tiedot, kuten sylinterin tai venttiilin sis\u00e4isen vuodon ja kuormitustehokkuuden, ja muuntaa ne standardiyksik\u00f6iksi (ml\/min\u00b3TP\u00b3T). Samanaikaisesti hydraulij\u00e4rjestelm\u00e4n k\u00e4ytt\u00f6turvallisuuden varmistamiseksi suoritetaan tilanvalvontatoiminto t\u00e4rkeille suorituskykyparametreille, kuten \"\u00f6ljyn l\u00e4mp\u00f6tilan valvonta, nestetason valvonta, suodatinlaitteen valvonta\" jne. N\u00e4ist\u00e4 parametreista hydraulisylinterin testiteline voi testata \"kuormituksen\" suorituskyky\u00e4.<br \/>\nhy\u00f6tysuhdetta \u201dja\u201d sis\u00e4ist\u00e4 vuotoa\u201d lukemien avulla. Samalla se on varustettu ritil\u00e4viivaimella mittaavalla laitteella, joka t\u00e4ytt\u00e4\u00e4 kaikkien hydraulisylinterituotteiden testattavien kohteiden vaatimukset kansallisen standardin mukaisesti.<\/p>","protected":false},"excerpt":{"rendered":"<p>Lift Hydraulic Cylinders For Forward Moving Forklift Lift hydraulic cylinders are essential components of forward moving forklifts, providing the necessary lifting power to handle heavy loads efficiently. These cylinders convert hydraulic pressure into mechanical force, enabling forklifts to raise and lower loads with precision. Their robust design and reliable performance make them indispensable in various [&hellip;]<\/p>","protected":false},"featured_media":17610,"comment_status":"open","ping_status":"closed","template":"","meta":{"_et_pb_use_builder":"","_et_pb_old_content":"","_et_gb_content_width":""},"product_brand":[],"product_cat":[1484,1549],"product_tag":[],"class_list":{"0":"post-17606","1":"product","2":"type-product","3":"status-publish","4":"has-post-thumbnail","6":"product_cat-forklift-hydraulic-cylinders","7":"product_cat-single-acting-hydraulic-cylinder","9":"first","10":"instock","11":"shipping-taxable","12":"product-type-simple"},"amp_enabled":true,"_links":{"self":[{"href":"https:\/\/www.hydraulic-cylinders.net\/fi\/wp-json\/wp\/v2\/product\/17606","targetHints":{"allow":["GET"]}}],"collection":[{"href":"https:\/\/www.hydraulic-cylinders.net\/fi\/wp-json\/wp\/v2\/product"}],"about":[{"href":"https:\/\/www.hydraulic-cylinders.net\/fi\/wp-json\/wp\/v2\/types\/product"}],"replies":[{"embeddable":true,"href":"https:\/\/www.hydraulic-cylinders.net\/fi\/wp-json\/wp\/v2\/comments?post=17606"}],"wp:featuredmedia":[{"embeddable":true,"href":"https:\/\/www.hydraulic-cylinders.net\/fi\/wp-json\/wp\/v2\/media\/17610"}],"wp:attachment":[{"href":"https:\/\/www.hydraulic-cylinders.net\/fi\/wp-json\/wp\/v2\/media?parent=17606"}],"wp:term":[{"taxonomy":"product_brand","embeddable":true,"href":"https:\/\/www.hydraulic-cylinders.net\/fi\/wp-json\/wp\/v2\/product_brand?post=17606"},{"taxonomy":"product_cat","embeddable":true,"href":"https:\/\/www.hydraulic-cylinders.net\/fi\/wp-json\/wp\/v2\/product_cat?post=17606"},{"taxonomy":"product_tag","embeddable":true,"href":"https:\/\/www.hydraulic-cylinders.net\/fi\/wp-json\/wp\/v2\/product_tag?post=17606"}],"curies":[{"name":"wp","href":"https:\/\/api.w.org\/{rel}","templated":true}]}}