{"id":17607,"date":"2025-03-18T07:49:55","date_gmt":"2025-03-18T07:49:55","guid":{"rendered":"https:\/\/www.hydraulic-cylinders.net\/?post_type=product&#038;p=17607"},"modified":"2025-04-11T03:15:23","modified_gmt":"2025-04-11T03:15:23","slug":"left-and-right-forward-extension-cylinders-for-forward-moving-forklift","status":"publish","type":"product","link":"https:\/\/www.hydraulic-cylinders.net\/fi\/tuote\/left-and-right-forward-extension-cylinders-for-forward-moving-forklift\/","title":{"rendered":"Vasen ja oikea eteenp\u00e4in liikkuvan trukin jatkosylinterit"},"content":{"rendered":"<h1 style=\"text-align: center;\"><strong>Vasen ja oikea eteenp\u00e4in liikkuvan trukin jatkosylinterit<\/strong><\/h1>\n<p>Vasen ja oikea eteenp\u00e4in suuntautuvat jatkosylinterit ovat t\u00e4rkeit\u00e4 osia eteenp\u00e4in liikkuvissa trukeissa, sill\u00e4 ne parantavat niiden toiminnan tehokkuutta ja monipuolisuutta. N\u00e4iden hydraulisylinterien avulla trukkien ulottuvuus kasvaa, mik\u00e4 helpottaa kauempaa sijoitettujen kuormien k\u00e4sittely\u00e4. Parantamalla trukin ohjaus- ja nostokyky\u00e4 n\u00e4ill\u00e4 jatkosylintereill\u00e4 on ratkaiseva rooli erilaisissa materiaalink\u00e4sittelysovelluksissa varastoista rakennusty\u00f6maille.<\/p>\n<p>Vasen ja oikea eteenp\u00e4in suuntautuvat jatkosylinterit parantavat merkitt\u00e4v\u00e4sti eteenp\u00e4in liikkuvien trukkien toimivuutta. Niiden kyky tarjota suurempi ulottuvuus yhdistettyn\u00e4 kest\u00e4v\u00e4\u00e4n rakenteeseen ja sujuvaan toimintaan tekee niist\u00e4 v\u00e4ltt\u00e4m\u00e4tt\u00f6mi\u00e4 erilaisissa materiaalink\u00e4sittelyteht\u00e4viss\u00e4. Ymm\u00e4rt\u00e4m\u00e4ll\u00e4 niiden ominaisuudet, asianmukaiset k\u00e4ytt\u00f6tavat ja huoltovaatimukset k\u00e4ytt\u00e4j\u00e4t voivat maksimoida toimintansa tehokkuuden ja turvallisuuden. Laadukkaisiin jatkosylintereihin investoiminen varmistaa luotettavan suorituskyvyn ja parantaa tuottavuutta, mik\u00e4 edist\u00e4\u00e4 mink\u00e4 tahansa tehokkaista materiaalink\u00e4sittelyratkaisuista riippuvaisen yrityksen kokonaisvaltaista menestyst\u00e4.<\/p>\n<h1 style=\"text-align: center;\"><img loading=\"lazy\" decoding=\"async\" class=\"alignnone wp-image-17613\" src=\"https:\/\/www.hydraulic-cylinders.net\/wp-content\/uploads\/2025\/03\/left-and-right-forward-extension-cylinder-1.webp\" alt=\"\" width=\"500\" height=\"500\" srcset=\"https:\/\/www.hydraulic-cylinders.net\/wp-content\/uploads\/2025\/03\/left-and-right-forward-extension-cylinder-1.webp 500w, https:\/\/www.hydraulic-cylinders.net\/wp-content\/uploads\/2025\/03\/left-and-right-forward-extension-cylinder-1-480x480.webp 480w\" sizes=\"(min-width: 0px) and (max-width: 480px) 480px, (min-width: 481px) 500px, 100vw\" \/><\/h1>\n<p style=\"text-align: center;\"><strong>Vasen ja oikea eteenp\u00e4in liikkuvan trukin jatkosylinterit<\/strong><\/p>\n<h2><strong>Vasen ja oikea eteenp\u00e4in liikkuvan trukin jatkosylinterit <\/strong><strong>Tekniset tiedot<\/strong><strong>:<\/strong><\/h2>\n<div class=\"Message_messageTextContainer__w64Sc\">\n<div>\n<div class=\"Markdown_markdownContainer__Tz3HQ\">\n<p><strong>Toiminto:<\/strong> Haarukan eteen- ja taaksep\u00e4in liikkeen saavuttamiseksi<br \/>\n<strong>Sylinterin halkaisija:<\/strong> 50 mm<br \/>\n<strong>Tangon halkaisija:<\/strong> 25 mm<br \/>\n<strong>Matkustaa:<\/strong> 101\u2013112 mm<br \/>\n<strong>Suurin paine:<\/strong> 20MPa<br \/>\n<strong>Suurin ty\u00f6nt\u00f6voima:<\/strong> 39 tuhatta dollaria<\/p>\n<\/div>\n<\/div>\n<\/div>\n<h2><strong>Eteenp\u00e4in liikkuvan trukin sylinterisarja:\u00a0<\/strong><\/h2>\n<h2><img loading=\"lazy\" decoding=\"async\" class=\"alignnone size-full wp-image-17611\" src=\"https:\/\/www.hydraulic-cylinders.net\/wp-content\/uploads\/2025\/03\/Forward-moving-forklift-hydraulic-cylinders-construction.webp\" alt=\"Eteenp\u00e4in liikkuvien trukkien hydraulisylinterien rakenne\" width=\"1100\" height=\"615\" srcset=\"https:\/\/www.hydraulic-cylinders.net\/wp-content\/uploads\/2025\/03\/Forward-moving-forklift-hydraulic-cylinders-construction.webp 1100w, https:\/\/www.hydraulic-cylinders.net\/wp-content\/uploads\/2025\/03\/Forward-moving-forklift-hydraulic-cylinders-construction-980x548.webp 980w, https:\/\/www.hydraulic-cylinders.net\/wp-content\/uploads\/2025\/03\/Forward-moving-forklift-hydraulic-cylinders-construction-480x268.webp 480w\" sizes=\"(min-width: 0px) and (max-width: 480px) 480px, (min-width: 481px) and (max-width: 980px) 980px, (min-width: 981px) 1100px, 100vw\" \/><\/h2>\n<h2><strong>Vasemman ja oikean eteenp\u00e4in liikkuvan trukin jatkosylinterien t\u00e4rkeimm\u00e4t ominaisuudet<\/strong><strong>:<\/strong><\/h2>\n<ul>\n<li><strong>Laajennettu tavoittavuus:<\/strong> Vasen ja oikea eteenp\u00e4in suuntautuvat jatkosylinterit lis\u00e4\u00e4v\u00e4t merkitt\u00e4v\u00e4sti trukin ulottuvuutta, jolloin k\u00e4ytt\u00e4j\u00e4t p\u00e4\u00e4sev\u00e4t k\u00e4siksi kauempana sijaitseviin kuormiin. T\u00e4m\u00e4 lis\u00e4ulottuvuus on erityisen hy\u00f6dyllinen lastaus- ja purkuteht\u00e4viss\u00e4, joissa tarkkuus ja tehokkuus ovat ensiarvoisen t\u00e4rkeit\u00e4. Mahdollistamalla k\u00e4ytt\u00e4jien k\u00e4sitell\u00e4 materiaaleja kauempaa n\u00e4m\u00e4 sylinterit virtaviivaistavat ty\u00f6nkulkuja, v\u00e4hent\u00e4v\u00e4t kuhunkin teht\u00e4v\u00e4\u00e4n k\u00e4ytetty\u00e4 aikaa ja johtavat lopulta korkeampaan tuottavuuteen.<\/li>\n<li><strong>Kest\u00e4v\u00e4 rakenne:<\/strong> N\u00e4m\u00e4 jatkosylinterit on valmistettu eritt\u00e4in lujista materiaaleista ja suunniteltu kest\u00e4m\u00e4\u00e4n raskaan k\u00e4yt\u00f6n rasitukset. Niiden kest\u00e4v\u00e4 rakenne ei ainoastaan \u200b\u200btakaa poikkeuksellista kest\u00e4vyytt\u00e4, vaan my\u00f6s pident\u00e4\u00e4 merkitt\u00e4v\u00e4sti niiden k\u00e4ytt\u00f6ik\u00e4\u00e4. Minimoimalla kulumisen n\u00e4m\u00e4 sylinterit v\u00e4hent\u00e4v\u00e4t usein tarvittavien vaihtojen ja korjausten tarvetta, mik\u00e4 johtaa alhaisempiin yll\u00e4pitokustannuksiin ja parempaan toiminnan tehokkuuteen yrityksille.<\/li>\n<li><strong>Sujuva toiminta:<\/strong> Vasempaan ja oikeaan etummaiseen jatkosylinteriin integroitu hydrauliikkaj\u00e4rjestelm\u00e4 takaa, ett\u00e4 jatko- ja sis\u00e4\u00e4nvetoliikkeet tapahtuvat sujuvasti ja tehokkaasti. T\u00e4m\u00e4 ominaisuus minimoi nyk\u00e4ykset k\u00e4yt\u00f6n aikana ja parantaa kuorman yleist\u00e4 vakautta. Kuljettajat hy\u00f6tyv\u00e4t parantuneesta hallinnasta, mik\u00e4 on ratkaisevan t\u00e4rke\u00e4\u00e4 herkki\u00e4 tai raskaita kuormia k\u00e4sitelt\u00e4ess\u00e4. Sujuva toiminta edist\u00e4\u00e4 my\u00f6s turvallisempaa ty\u00f6ymp\u00e4rist\u00f6\u00e4 ja v\u00e4hent\u00e4\u00e4 onnettomuuksien ja loukkaantumisten riski\u00e4.<\/li>\n<li><strong>Kompakti profiili:<\/strong> N\u00e4m\u00e4 jatkosylinterit on suunniteltu kompaktiksi profiiliksi, joka sopii saumattomasti erilaisiin trukkimalleihin. T\u00e4m\u00e4 harkittu muotoilu varmistaa, ett\u00e4 sylinterit eiv\u00e4t est\u00e4 trukin ohjattavuutta, jolloin k\u00e4ytt\u00e4j\u00e4t voivat navigoida ahtaissa tiloissa helposti. Olipa kyseess\u00e4 sitten ruuhkainen varasto tai vilkas rakennusty\u00f6maa, n\u00e4iden sylinterien kompakti rakenne parantaa trukin monipuolisuutta ja mahdollistaa sen tehokkaan toiminnan erilaisissa ymp\u00e4rist\u00f6iss\u00e4.<\/li>\n<li><strong>Monipuoliset sovellukset:<\/strong> Vasemmalle ja oikealle eteenp\u00e4in suunnatut jatkosylinterit sopivat monille eri toimialoille, kuten logistiikkaan, valmistukseen ja rakentamiseen. Niiden sopeutumiskyky erilaisiin operatiivisiin tarpeisiin tekee niist\u00e4 arvokkaan lis\u00e4n mihin tahansa trukkikalustoon. Olipa kyse sitten raskaiden materiaalien nostamisesta tuotantolaitoksessa tai korkeiden pinojen saavuttamisesta varastossa, n\u00e4m\u00e4 sylinterit parantavat trukin suorituskyky\u00e4 ja tekev\u00e4t siit\u00e4 v\u00e4ltt\u00e4m\u00e4tt\u00f6m\u00e4n ty\u00f6kalun tehokkaaseen materiaalink\u00e4sittelyyn.<\/li>\n<\/ul>\n<h2><strong>K\u00e4ytt\u00f6tapaukset <\/strong><strong>Vasen ja oikea eteenp\u00e4in liikkuvan trukin jatkosylinterit<\/strong><strong>:<\/strong><\/h2>\n<p>Vasen ja oikea eteenp\u00e4in suuntautuvat jatkosylinterit parantavat merkitt\u00e4v\u00e4sti eteenp\u00e4in liikkuvien trukkien toimivuutta eri toimialoilla. T\u00e4ss\u00e4 on joitakin keskeisi\u00e4 k\u00e4ytt\u00f6tapauksia, jotka korostavat niiden merkityst\u00e4:<\/p>\n<h3>1. <strong>Varastotoiminnot<\/strong><\/h3>\n<p>Varastoymp\u00e4rist\u00f6iss\u00e4 eteenp\u00e4in ulottuvat jatkosylinterit mahdollistavat trukkien ylt\u00e4misen suuremmille korkeuksille tai et\u00e4isyyksille varastoituihin lavoihin. T\u00e4m\u00e4 ominaisuus mahdollistaa varaston tehokkaan pinoamisen ja noutamisen, optimoi pystysuoran tilan ja helpottaa toimintaa.<\/p>\n<h3>2. <strong>Kuormaus ja purku<\/strong><\/h3>\n<p>Tavaroiden lastaamisen ja purkamisen aikana kuorma-autoista tai merikonteista n\u00e4m\u00e4 jatkosylinterit tarjoavat tarvittavan ulottuvuuden kauempana sijaitsevien esineiden k\u00e4sittelyyn. T\u00e4m\u00e4 ominaisuus minimoi trukin uudelleensijoittamisen tarpeen, s\u00e4\u00e4st\u00e4\u00e4 aikaa ja parantaa ty\u00f6nkulun tehokkuutta.<\/p>\n<h3>3. <strong>Tilausten ker\u00e4ily<\/strong><\/h3>\n<p>Ymp\u00e4rist\u00f6iss\u00e4, joissa tilausten ker\u00e4ily on kriittist\u00e4, vasemman- ja oikeanpuoleiset eteenp\u00e4in suunnatut jatkosylinterit mahdollistavat trukkien p\u00e4\u00e4syn tiettyihin, eri korkeuksilla tai et\u00e4isyyksill\u00e4 sijaitseviin tuotteisiin. T\u00e4m\u00e4 tarkkuus parantaa tilausten t\u00e4ytt\u00e4misen tarkkuutta ja lis\u00e4\u00e4 kokonaistuottavuutta.<\/p>\n<h3>4. <strong>Ristikk\u00e4in lastaus<\/strong><\/h3>\n<p>Ristikk\u00e4inlastauksessa, jossa tavarat siirret\u00e4\u00e4n suoraan saapuvien ja l\u00e4htevien l\u00e4hetysten v\u00e4lill\u00e4, jatkosylinterit mahdollistavat lavojen nopean ja tehokkaan siirron. T\u00e4m\u00e4 lyhent\u00e4\u00e4 k\u00e4sittelyaikaa ja varmistaa materiaalien sujuvan virtauksen toimitusketjussa.<\/p>\n<h3>5. <strong>Rakennusty\u00f6maat<\/strong><\/h3>\n<p>Rakennusty\u00f6mailla n\u00e4iden jatkosylinterien avulla trukit voivat nostaa ja sijoittaa raskaita materiaaleja, kuten palkkeja ja betonilohkoja, eri korkeuksille. Niiden kyky pident\u00e4\u00e4 ulottuvuutta parantaa turvallisuutta ja tehokkuutta k\u00e4sitelt\u00e4ess\u00e4 suuria ja k\u00f6mpel\u00f6it\u00e4 kuormia.<\/p>\n<p>Etsitk\u00f6 raskaaseen k\u00e4ytt\u00f6\u00f6n tarkoitettuja trukkisylintereit\u00e4? Tutustu valikoimaamme <a href=\"https:\/\/www.hydraulic-cylinders.net\/fi\/forklift-hydraulic-cylinder\/\">Raskaat hydraulisylinterit<\/a>.<\/p>\n<h2><strong>Trukin sylinterin tuotantoalue:<\/strong><\/h2>\n<h2><img loading=\"lazy\" decoding=\"async\" class=\"alignnone size-full wp-image-16972\" src=\"https:\/\/www.hydraulic-cylinders.net\/wp-content\/uploads\/2025\/01\/hydraulic-cylinder-factory-1-scaled.webp\" sizes=\"(min-width: 0px) and (max-width: 480px) 480px, (min-width: 481px) and (max-width: 980px) 980px, (min-width: 981px) and (max-width: 1280px) 1280px, (min-width: 1281px) 2016px, 100vw\" srcset=\"https:\/\/www.hydraulic-cylinders.net\/wp-content\/uploads\/2025\/01\/hydraulic-cylinder-factory-1-scaled.webp 2016w, https:\/\/www.hydraulic-cylinders.net\/wp-content\/uploads\/2025\/01\/hydraulic-cylinder-factory-1-1280x1625.webp 1280w, https:\/\/www.hydraulic-cylinders.net\/wp-content\/uploads\/2025\/01\/hydraulic-cylinder-factory-1-980x1244.webp 980w, https:\/\/www.hydraulic-cylinders.net\/wp-content\/uploads\/2025\/01\/hydraulic-cylinder-factory-1-480x610.webp 480w\" alt=\"\" width=\"2016\" height=\"2560\" \/><\/h2>\n<p>Meill\u00e4 on ensiluokkainen itsen\u00e4inen tutkimus- ja kehitysalusta kokoonpanoa varten. Trukkisylinterien tuotantolaitoksessa on nelj\u00e4 puoliautomaattista nostosylinterien kokoonpanolinjaa ja t\u00e4ysautomaattinen kallistussylinterien kokoonpanolinja, joiden suunniteltu vuotuinen tuotantokapasiteetti on miljoona kappaletta. Erikoissylinterity\u00f6pajassa on erilaisten spesifikaatioiden puoliautomaattisia puhdistus- ja kokoonpanoj\u00e4rjestelmi\u00e4, joiden suunniteltu vuotuinen tuotantokapasiteetti on 200 000 kappaletta. Se on varustettu tunnettujen merkkien CNC-ty\u00f6st\u00f6koneilla, ty\u00f6st\u00f6keskuksilla, erikoislaitteilla tarkkuussylinterien ty\u00f6st\u00f6\u00f6n, robottihitsauskoneilla, automaattisilla puhdistuskoneilla, automaattisilla sylinterien kokoonpanokoneilla ja automaattisilla maalintuotantolinjoilla. Meill\u00e4 on k\u00e4yt\u00f6ss\u00e4 yli 300 keskeist\u00e4 laitetta. Laitteiden optimoitu kohdentaminen ja tehokas k\u00e4ytt\u00f6 varmistavat tuotteiden tarkkuusvaatimukset ja t\u00e4ytt\u00e4v\u00e4t tuotteiden korkeat laatustandardit.<\/p>\n<p>Koneistamo on varustettu mittatilausty\u00f6n\u00e4 valmistetuilla kallistuskiskojen sorvauskeskuksilla, ty\u00f6st\u00f6keskuksilla, nopeilla hoonauskoneilla, hitsausroboteilla ja muilla asiaankuuluvilla laitteilla, jotka pystyv\u00e4t k\u00e4sittelem\u00e4\u00e4n enint\u00e4\u00e4n 400 mm:n sis\u00e4halkaisijan ja enint\u00e4\u00e4n 6 metrin pituisten sylinteriputkien ty\u00f6st\u00f6\u00e4.<\/p>\n<h2><img loading=\"lazy\" decoding=\"async\" class=\"alignnone size-full wp-image-16973\" src=\"https:\/\/www.hydraulic-cylinders.net\/wp-content\/uploads\/2025\/01\/hydraulic-cylinder-factory-2-scaled.webp\" sizes=\"(min-width: 0px) and (max-width: 480px) 480px, (min-width: 481px) and (max-width: 980px) 980px, (min-width: 981px) and (max-width: 1280px) 1280px, (min-width: 1281px) 2011px, 100vw\" srcset=\"https:\/\/www.hydraulic-cylinders.net\/wp-content\/uploads\/2025\/01\/hydraulic-cylinder-factory-2-scaled.webp 2011w, https:\/\/www.hydraulic-cylinders.net\/wp-content\/uploads\/2025\/01\/hydraulic-cylinder-factory-2-1280x1629.webp 1280w, https:\/\/www.hydraulic-cylinders.net\/wp-content\/uploads\/2025\/01\/hydraulic-cylinder-factory-2-980x1248.webp 980w, https:\/\/www.hydraulic-cylinders.net\/wp-content\/uploads\/2025\/01\/hydraulic-cylinder-factory-2-480x611.webp 480w\" alt=\"\" width=\"2011\" height=\"2560\" \/><\/h2>\n<p>Meill\u00e4 on t\u00e4ysautomaattinen vesiohenteisen maalin pinnoituslinja pienille ja keskisuurille sylintereille, joka toteuttaa automaattisen lastauksen ja purkauksen sek\u00e4 automaattiset ruiskutusrobotit. Suunniteltu tuotantokapasiteetti on 4000 paikkaa vuorossa. Meill\u00e4 on toinen puoliautomaattinen maalauslinja suurille sylintereille, jota k\u00e4ytt\u00e4\u00e4 voimansiirtoketju, ja sen suunnittelukapasiteetti on 60 laatikkoa vuorossa.<\/p>\n<p>Parantaaksemme tuotteidemme suorituskyky\u00e4 entisest\u00e4\u00e4n ja vakiinnuttaaksemme hydraulisylintereidemme johtavan aseman alalla, yrityksemme ja zjimee perustivat yhdess\u00e4 kattavan hydraulisylintereiden, hydrauliventtiilien ja hydraulipumppujen suorituskykylaboratorion. Laboratoriossa tehd\u00e4\u00e4n tietokoneella avustettua testausta s\u00e4hk\u00f6hydraulisella tekniikalla, ja testiolosuhteet asetetaan tietokoneella ennalta, mik\u00e4 parantaa testien tarkkuutta ja j\u00e4rjestelm\u00e4n monipuolisuutta sek\u00e4 kokeellisia tietoja.<\/p>\n<p>Automaattinen tiedonkeruu toteutetaan antureiden avulla, ja tietokone k\u00e4sittelee suoraan l\u00e4ht\u00f6tiedot, kuten sylinterin tai venttiilin sis\u00e4isen vuodon ja kuormitustehokkuuden, ja muuntaa ne standardiyksik\u00f6iksi (ml\/min\u00b3TP\u00b3T). Samanaikaisesti hydraulij\u00e4rjestelm\u00e4n k\u00e4ytt\u00f6turvallisuuden varmistamiseksi suoritetaan tilanvalvontatoiminto t\u00e4rkeille suorituskykyparametreille, kuten \"\u00f6ljyn l\u00e4mp\u00f6tilan valvonta, nestetason valvonta, suodatinlaitteen valvonta\" jne. N\u00e4ist\u00e4 parametreista hydraulisylinterin testiteline voi testata \"kuormituksen\" suorituskyky\u00e4.<br \/>\nhy\u00f6tysuhdetta \u201dja\u201d sis\u00e4ist\u00e4 vuotoa\u201d lukemien avulla. Samalla se on varustettu ritil\u00e4viivaimella mittaavalla laitteella, joka t\u00e4ytt\u00e4\u00e4 kaikkien hydraulisylinterituotteiden testattavien kohteiden vaatimukset kansallisen standardin mukaisesti.<\/p>","protected":false},"excerpt":{"rendered":"<p>Left and Right Forward Extension Cylinders for Forward Moving Forklift Left and right forward extension cylinders are vital components for forward moving forklifts, enhancing their operational efficiency and versatility. These hydraulic cylinders allow forklifts to extend their reach, making it easier to handle loads positioned at greater distances. By improving the forklift&#8217;s ability to maneuver [&hellip;]<\/p>","protected":false},"featured_media":17612,"comment_status":"open","ping_status":"closed","template":"","meta":{"_et_pb_use_builder":"","_et_pb_old_content":"","_et_gb_content_width":""},"product_brand":[],"product_cat":[1484,1550],"product_tag":[],"class_list":{"0":"post-17607","1":"product","2":"type-product","3":"status-publish","4":"has-post-thumbnail","6":"product_cat-forklift-hydraulic-cylinders","7":"product_cat-double-acting-hydraulic-cylinder","9":"first","10":"instock","11":"shipping-taxable","12":"product-type-simple"},"amp_enabled":true,"_links":{"self":[{"href":"https:\/\/www.hydraulic-cylinders.net\/fi\/wp-json\/wp\/v2\/product\/17607","targetHints":{"allow":["GET"]}}],"collection":[{"href":"https:\/\/www.hydraulic-cylinders.net\/fi\/wp-json\/wp\/v2\/product"}],"about":[{"href":"https:\/\/www.hydraulic-cylinders.net\/fi\/wp-json\/wp\/v2\/types\/product"}],"replies":[{"embeddable":true,"href":"https:\/\/www.hydraulic-cylinders.net\/fi\/wp-json\/wp\/v2\/comments?post=17607"}],"wp:featuredmedia":[{"embeddable":true,"href":"https:\/\/www.hydraulic-cylinders.net\/fi\/wp-json\/wp\/v2\/media\/17612"}],"wp:attachment":[{"href":"https:\/\/www.hydraulic-cylinders.net\/fi\/wp-json\/wp\/v2\/media?parent=17607"}],"wp:term":[{"taxonomy":"product_brand","embeddable":true,"href":"https:\/\/www.hydraulic-cylinders.net\/fi\/wp-json\/wp\/v2\/product_brand?post=17607"},{"taxonomy":"product_cat","embeddable":true,"href":"https:\/\/www.hydraulic-cylinders.net\/fi\/wp-json\/wp\/v2\/product_cat?post=17607"},{"taxonomy":"product_tag","embeddable":true,"href":"https:\/\/www.hydraulic-cylinders.net\/fi\/wp-json\/wp\/v2\/product_tag?post=17607"}],"curies":[{"name":"wp","href":"https:\/\/api.w.org\/{rel}","templated":true}]}}