{"id":1762,"date":"2023-10-13T06:07:06","date_gmt":"2023-10-13T06:07:06","guid":{"rendered":"https:\/\/hydraulic-cylinders.net\/?post_type=product&#038;p=1762"},"modified":"2025-04-15T05:55:04","modified_gmt":"2025-04-15T05:55:04","slug":"trailing-suction-dredger-heave-compensation-cylinder","status":"publish","type":"product","link":"https:\/\/www.hydraulic-cylinders.net\/fi\/tuote\/trailing-suction-dredger-heave-compensation-cylinder\/","title":{"rendered":"Per\u00e4kk\u00e4in imuruoppaajan nostokorjaussylinteri"},"content":{"rendered":"<h1 style=\"text-align: center;\"><strong> Per\u00e4kk\u00e4in imuruoppaajan nostokorjaussylinteri<\/strong><\/h1>\n<p><img loading=\"lazy\" decoding=\"async\" class=\"aligncenter wp-image-1766\" src=\"https:\/\/hydraulic-cylinders.net\/wp-content\/uploads\/2023\/10\/trailing-suction-dredger-heave-compensation-cylinder-1-300x300.webp\" alt=\"\" width=\"400\" height=\"400\" \/><\/p>\n<p>Imuruoppaajan noston kompensointisylinteri on huippuluokan hydraulinen laite, joka on mullistanut ruoppaustoimintojen tehokkuuden ja vaikuttavuuden. Tarkkaan noston kompensointiin suunniteltu sylinteri varmistaa optimaalisen ruoppaustehon my\u00f6s haastavissa meriymp\u00e4rist\u00f6iss\u00e4.<\/p>\n<p>Imuruoppaajan noston kompensointisylinteri on mullistava tekij\u00e4 meriruoppauksessa. Sen suuri kompensointikyky, kest\u00e4v\u00e4 rakenne ja tarkka ohjaus parantavat ruoppaustoimintojen tehokkuutta ja tarkkuutta. Noudattamalla oikeita k\u00e4ytt\u00f6menetelmi\u00e4 ja omaksumalla ennakoivan huoltol\u00e4hestymistavan merialan ammattilaiset voivat maksimoida t\u00e4m\u00e4n poikkeuksellisen hydraulisen laitteen suorituskyvyn ja k\u00e4ytt\u00f6i\u00e4n. Hy\u00f6dynn\u00e4 imuruoppaajan noston kompensointisylinterin teho ja koe sen vaikutus ruoppausurakoihisi.<\/p>\n<p>Hinattavan imuruoppaajan nostokompensaatiosylinterin keskeiset ominaisuudet:<\/p>\n<ul>\n<li>Nousun kompensointiominaisuus: Imuruoppaajan nousun kompensointisylinteri on erityisesti suunniteltu kompensoimaan aluksen nousun vaikutuksia ruoppausoperaatioiden aikana. Se kompensoi tehokkaasti pystysuuntaisia \u200b\u200bliikkeit\u00e4, mik\u00e4 mahdollistaa imuputken tasaisen ja tarkan sijoittelun.<\/li>\n<li>Kest\u00e4v\u00e4 rakenne: Kest\u00e4vyys mieless\u00e4 rakennettu t\u00e4m\u00e4 sylinteri on valmistettu korkealaatuisista materiaaleista, jotka tarjoavat poikkeuksellisen lujuuden ja korroosionkest\u00e4vyyden. Se kest\u00e4\u00e4 ankaria meriolosuhteita varmistaen pitk\u00e4aikaisen suorituskyvyn ja luotettavuuden.<\/li>\n<li>Tarkka ohjaus: Sylinterin edistynyt hydrauliikkaj\u00e4rjestelm\u00e4 mahdollistaa tarkan hallinnan nostokompensaatioprosessissa. Se mahdollistaa herk\u00e4t s\u00e4\u00e4d\u00f6t varmistaen, ett\u00e4 imuputki s\u00e4ilytt\u00e4\u00e4 halutun syvyyden ja asennon tehokasta ruoppausta varten.<\/li>\n<\/ul>\n<h2><strong>Hiekkailuimun ruoppaajan nostokorjaussylinterin parametri:<\/strong><\/h2>\n<table border=\"1\" cellspacing=\"0\" cellpadding=\"0\">\n<tbody>\n<tr>\n<td>Tuotteen nimi<\/td>\n<td>Per\u00e4kk\u00e4in imuruoppaajan nostokorjaussylinteri<\/td>\n<\/tr>\n<tr>\n<td>Ominaisuudet:<\/td>\n<td>Kompensoi jarrup\u00e4\u00e4n ja rungon suhteellista siirtym\u00e4\u00e4 ty\u00f6skennelless\u00e4<\/td>\n<\/tr>\n<tr>\n<td>Rei\u00e4n halkaisija:<\/td>\n<td>Jopa 400 mm<\/td>\n<\/tr>\n<tr>\n<td>Tangon halkaisija:<\/td>\n<td>Jopa 360 mm<br \/>\nIskunpituus jopa 4000 mm<\/td>\n<\/tr>\n<tr>\n<td>Paine:<\/td>\n<td>jopa 32 MPa<\/td>\n<\/tr>\n<tr>\n<td>Ty\u00f6nt\u00f6voima:<\/td>\n<td>Enimm\u00e4isteho 1600 kN<\/td>\n<\/tr>\n<tr>\n<td>Sovellukset:<\/td>\n<td>Hinattava imuruoppaaja<\/td>\n<\/tr>\n<\/tbody>\n<\/table>\n<div><\/div>\n<div>\n<div class=\"txtboxL\">Ominaisuudet:<\/div>\n<div class=\"txtboxR\">Tarjoaa ty\u00f6nt\u00f6- ja vetovoimaa ter\u00e4spaalun sis\u00e4\u00e4nvet\u00e4miseen ja avaamiseen<\/div>\n<div class=\"txtboxL\">Tekniset tiedot:<\/div>\n<div class=\"txtboxR\">Rei\u00e4n halkaisija: jopa 620 mm<br \/>\nTangon halkaisija: jopa 360 mm<br \/>\nIskunpituus jopa 5200 mm<\/div>\n<div class=\"txtboxL\">Paine:<\/div>\n<div class=\"txtboxR\">jopa 32 MPa<\/div>\n<div class=\"txtboxL\">Ty\u00f6nt\u00f6voima:<\/div>\n<div class=\"txtboxR\">Enimm\u00e4isteho 7500 kN<\/div>\n<div class=\"txtboxL\">Vetovoima:<\/div>\n<div class=\"txtboxR\">Enimm\u00e4ism\u00e4\u00e4r\u00e4 5000 kN<\/div>\n<\/div>\n<h2><strong>Ruoppaajan s\u00e4ili\u00f6n leikkuri-imusylinterit Sovellus:<\/strong><\/h2>\n<p><img loading=\"lazy\" decoding=\"async\" class=\"alignnone wp-image-1757 size-full\" src=\"https:\/\/hydraulic-cylinders.net\/wp-content\/uploads\/2023\/10\/dredger-tank-cylinder-1.webp\" alt=\"\" width=\"600\" height=\"400\" srcset=\"https:\/\/hydraulic-cylinders.net\/wp-content\/uploads\/2023\/10\/dredger-tank-cylinder-1.webp 600w, https:\/\/hydraulic-cylinders.net\/wp-content\/uploads\/2023\/10\/dredger-tank-cylinder-1-480x320.webp 480w\" sizes=\"(min-width: 0px) and (max-width: 480px) 480px, (min-width: 481px) 600px, 100vw\" \/><\/p>\n<h2><strong>K\u00e4ytt\u00f6tapa per\u00e4kk\u00e4in imuruoppaajan nostokorjaussylinterille<\/strong><strong>:<\/strong><\/h2>\n<ol>\n<li><strong>Valmistelu: <\/strong>Suorita perusteellinen tarkastus ennen imuruoppaajan noston kompensointisylinterin k\u00e4ytt\u00f6\u00e4 varmistaaksesi, ett\u00e4 kaikki osat toimivat oikein. Tarkista mahdollisten vaurioiden, vuotojen tai kuluneiden tiivisteiden varalta.<\/li>\n<li><strong>Asennus:<\/strong> Kiinnit\u00e4 sylinteri tukevasti ruoppaajaan tai siihen liittyv\u00e4\u00e4n laitteeseen varmistaen vakauden k\u00e4yt\u00f6n aikana. Noudata valmistajan ohjeita asianmukaisesta asennuksesta, mukaan lukien hydraulisten liit\u00e4nt\u00f6jen kohdistus.<\/li>\n<li><strong>Hydraulij\u00e4rjestelm\u00e4n integrointi:<\/strong> Kytke sylinteri hydrauliseen virtal\u00e4hteeseen yhteensopivilla letkuilla tai liittimill\u00e4. Varmista, ett\u00e4 liit\u00e4nn\u00e4t ovat tiukat, vuotamattomat ja oikein kohdistetut.<\/li>\n<li><strong>Kalibrointi:<\/strong> Kalibroi nousun kompensointij\u00e4rjestelm\u00e4 ruoppausvaatimusten mukaisesti. T\u00e4m\u00e4 voi sis\u00e4lt\u00e4\u00e4 parametrien, kuten iskunpituuden, nopeuden tai paineen, s\u00e4\u00e4t\u00e4mist\u00e4. Katso tarkat kalibrointimenetelm\u00e4t valmistajan ohjeista.<\/li>\n<li><strong>Toiminnan ohjaus: <\/strong>Aktivoi hydraulinen voimanl\u00e4hde aloittaaksesi nousun kompensointiprosessin. Hinattava imuruoppaajan nousun kompensointisylinteri reagoi automaattisesti aluksen nousuun ja pit\u00e4\u00e4 imuputken halutussa asennossa tehokasta ruoppausta varten. Valvo toimintaa tarkasti optimaalisten tulosten saavuttamiseksi.<\/li>\n<\/ol>\n<h2><strong>Miten kaksitoiminen hydraulisylinteri toimii?<\/strong><\/h2>\n<p>Kaksitoiminen hydraulisylinteri on hydraulinen toimilaite, joka toimii molempiin suuntiin ja tarjoaa voimaa ja liikett\u00e4 sek\u00e4 pidennys- ett\u00e4 sis\u00e4\u00e4nvetoiskussa. Se koostuu sylinterim\u00e4isest\u00e4 rungosta, m\u00e4nn\u00e4st\u00e4, m\u00e4nn\u00e4nvarsista, tiivisteist\u00e4 ja hydraulinesteen porteista.<\/p>\n<p>T\u00e4ss\u00e4 on vaiheittainen esitys siit\u00e4, miten kaksitoiminen hydraulisylinteri toimii:<\/p>\n<ol>\n<li><strong>Nesteen saanti:<\/strong> Hydraulisylinteri on kytketty hydrauliseen tehoyksikk\u00f6\u00f6n tai pumppuun, joka sy\u00f6tt\u00e4\u00e4 paineistettua hydraulinestett\u00e4. Neste on tyypillisesti \u00f6ljypohjaista hydraulinestett\u00e4.<\/li>\n<li><strong>Jatkoisku:<\/strong> Kun hydraulinestett\u00e4 sy\u00f6tet\u00e4\u00e4n sylinterin m\u00e4nn\u00e4nvarren p\u00e4\u00e4typorttiin, se tulee sylinterin runkoon m\u00e4nn\u00e4n taakse. Nesteen paine ty\u00f6nt\u00e4\u00e4 m\u00e4nt\u00e4\u00e4 ja siihen liitetty\u00e4 m\u00e4nn\u00e4nvartta ulosp\u00e4in, mik\u00e4 pident\u00e4\u00e4 sylinteri\u00e4.<\/li>\n<li><strong>Vetoisku:<\/strong> Sylinterin vet\u00e4miseksi sis\u00e4\u00e4n sy\u00f6tet\u00e4\u00e4n hydraulinestett\u00e4 sylinterin kannen p\u00e4\u00e4typorttiin. Neste tulee sylinteriin m\u00e4nn\u00e4n edess\u00e4, kohdistaa painetta ja ty\u00f6nt\u00e4\u00e4 m\u00e4nn\u00e4n ja m\u00e4nn\u00e4nvarren takaisin sylinteriin.<\/li>\n<li><strong>Tiivistysmekanismi:<\/strong> Hydraulisylinteri on varustettu tiivisteill\u00e4, kuten m\u00e4nn\u00e4ntiivisteill\u00e4 ja varren tiivisteill\u00e4, jotka est\u00e4v\u00e4t hydraulinesteen vuotamisen. N\u00e4m\u00e4 tiivisteet varmistavat, ett\u00e4 neste pysyy sylinterin sis\u00e4ll\u00e4, jolloin paine s\u00e4ilyy ja voimah\u00e4vi\u00f6t estyv\u00e4t.<\/li>\n<li><strong>Ohjausventtiilit:<\/strong> Ohjausventtiilej\u00e4 k\u00e4ytet\u00e4\u00e4n hydraulinesteen suunnan ja virtauksen s\u00e4\u00e4t\u00e4miseen. N\u00e4m\u00e4 venttiilit ohjaavat nesteen sylinterin sopivaan porttiin, mik\u00e4 mahdollistaa sylinterin pident\u00e4misen tai vet\u00e4ytymisen halutun liikkeen perusteella.<\/li>\n<li><strong>M\u00e4nn\u00e4n ja m\u00e4nn\u00e4nvarren suunnittelu:<\/strong> M\u00e4nt\u00e4 ja m\u00e4nn\u00e4nvarsi on tyypillisesti eristetty toisistaan \u200b\u200bsen varmistamiseksi, ett\u00e4 paineistettu neste vaikuttaa vain m\u00e4nn\u00e4n toisella puolella kerrallaan. T\u00e4m\u00e4 rakenne mahdollistaa erilliset jatko- ja vet\u00e4ytymisliikkeet, mik\u00e4 tarjoaa kaksisuuntaisen liikkeen.<\/li>\n<li><strong>Kuormasovellus:<\/strong> Hydraulisylinterin m\u00e4nn\u00e4nvarsi on kiinnitetty kuormaan tai mekanismiin, joka vaatii voimaa tai liikett\u00e4. Kun hydraulineste vet\u00e4\u00e4 m\u00e4nt\u00e4\u00e4 ulos tai sis\u00e4\u00e4n, syntyv\u00e4 teho siirtyy m\u00e4nn\u00e4nvarren kautta kuormaan, jolloin se voi liikkua tai kohdistaa voimaa.<\/li>\n<li><strong>Paineenalennus:<\/strong> Hydraulisylinterin nopeuden ja voiman s\u00e4\u00e4t\u00e4miseksi hydraulij\u00e4rjestelm\u00e4ss\u00e4 voidaan k\u00e4ytt\u00e4\u00e4 paineenalennusventtiilej\u00e4 tai virtauksen s\u00e4\u00e4t\u00f6venttiilej\u00e4. N\u00e4m\u00e4 venttiilit s\u00e4\u00e4telev\u00e4t hydraulinesteen painetta ja virtausta est\u00e4en liiallisen paineen nousun ja varmistaen turvallisen k\u00e4yt\u00f6n.<\/li>\n<\/ol>\n<h2><strong>Tehtaan kapasiteetti ja kapasiteetti:<\/strong><\/h2>\n<h3>(1) Kokoonpano<\/h3>\n<p>Meill\u00e4 on ensiluokkainen riippumaton tutkimus- ja kehitysty\u00f6n kokoonpanoalusta. Hydraulisylinterien tuotantopajassa on nelj\u00e4 puoliautomaattista nostosylinterin kokoonpanolinjaa ja yksi automaattinen kallistussylinterin kokoonpanolinja, joiden suunniteltu vuotuinen tuotantokapasiteetti on 1 miljoona kappaletta. Erikoissylinterin ty\u00f6paja on varustettu erilaisilla eritelmill\u00e4 puoliautomaattisen puhdistusasennuksen kokoonpanoj\u00e4rjestelm\u00e4ll\u00e4, jonka suunniteltu vuotuinen tuotantokapasiteetti on 200 000, ja se on varustettu kuuluisilla CNC-ty\u00f6st\u00f6laitteilla, ty\u00f6st\u00f6keskuksella, korkean tarkkuuden sylinterin k\u00e4sittelyyn tarkoitetuilla erityislaitteilla, robottihitsauskoneella, automaattisella puhdistuslaitteella, automaattisella sylinterin kokoonpanokoneella ja automaattisella maalaustuotantolinjalla. Olemassa olevat kriittiset laitteet yli 300 sarjaa (sarjaa). Laiteresurssien optimaalinen kohdentaminen ja tehokas k\u00e4ytt\u00f6 varmistavat tuotteiden tarkkuusvaatimukset ja t\u00e4ytt\u00e4v\u00e4t tuotteiden laatuvaatimukset.<\/p>\n<p><img loading=\"lazy\" decoding=\"async\" class=\"alignnone wp-image-626\" src=\"https:\/\/hydraulic-cylinders.net\/wp-content\/uploads\/2023\/08\/hydraulic-cylinder-product-1-300x158.webp\" alt=\"\" width=\"495\" height=\"260\" srcset=\"https:\/\/hydraulic-cylinders.net\/wp-content\/uploads\/2023\/08\/hydraulic-cylinder-product-1-300x158.webp 495w, https:\/\/hydraulic-cylinders.net\/wp-content\/uploads\/2023\/08\/hydraulic-cylinder-product-1-480x252.webp 480w\" sizes=\"(min-width: 0px) and (max-width: 480px) 480px, (min-width: 481px) 495px, 100vw\" \/> <img loading=\"lazy\" decoding=\"async\" class=\"alignnone wp-image-627\" src=\"https:\/\/hydraulic-cylinders.net\/wp-content\/uploads\/2023\/08\/hydraulic-cylinder-product-2-300x189.webp\" alt=\"\" width=\"413\" height=\"260\" \/><\/p>\n<h3>(2) Koneistus<\/h3>\n<p>Ty\u00f6st\u00f6paja on varustettu r\u00e4\u00e4t\u00e4l\u00f6idyll\u00e4 kaltevalla kiskosorvauskeskuksella, ty\u00f6st\u00f6keskuksella, suurnopeus-hiontakoneella, hitsausrobotilla ja muilla vastaavilla laitteilla, joilla voidaan k\u00e4sitell\u00e4 sylinteriputkia, joiden sis\u00e4halkaisija on enint\u00e4\u00e4n 400 mm ja enimm\u00e4ispituus on 6 metri\u00e4.<\/p>\n<p><img loading=\"lazy\" decoding=\"async\" class=\"alignnone wp-image-628 size-large\" src=\"https:\/\/hydraulic-cylinders.net\/wp-content\/uploads\/2023\/08\/hydraulic-cylinder-product-3-1024x391.webp\" alt=\"\" width=\"1024\" height=\"391\" srcset=\"https:\/\/hydraulic-cylinders.net\/wp-content\/uploads\/2023\/08\/hydraulic-cylinder-product-3-980x374.webp 980w, https:\/\/hydraulic-cylinders.net\/wp-content\/uploads\/2023\/08\/hydraulic-cylinder-product-3-480x183.webp 480w\" sizes=\"(min-width: 0px) and (max-width: 480px) 480px, (min-width: 481px) and (max-width: 980px) 980px, (min-width: 981px) 1024px, 100vw\" \/><\/p>\n<h3>(3) Hitsaus<\/h3>\n<p><img loading=\"lazy\" decoding=\"async\" class=\"alignnone wp-image-629 size-large\" src=\"https:\/\/hydraulic-cylinders.net\/wp-content\/uploads\/2023\/08\/hydraulic-cylinder-product-4-1024x510.webp\" alt=\"\" width=\"1024\" height=\"510\" srcset=\"https:\/\/hydraulic-cylinders.net\/wp-content\/uploads\/2023\/08\/hydraulic-cylinder-product-4-980x488.webp 980w, https:\/\/hydraulic-cylinders.net\/wp-content\/uploads\/2023\/08\/hydraulic-cylinder-product-4-480x239.webp 480w\" sizes=\"(min-width: 0px) and (max-width: 480px) 480px, (min-width: 481px) and (max-width: 980px) 980px, (min-width: 981px) 1024px, 100vw\" \/><\/p>\n<h3>(4) Maalaus ja pinnoitus<\/h3>\n<p>Pienill\u00e4 ja keskisuurilla sylinterin automaattisilla vesipohjaisilla maalipinnoituslinjoilla automaattisen robotin lastaus- ja purku- ja automaattisen ruiskutuksen saavuttamiseksi, suunnittelukapasiteetti on 4000 kappaletta vuorossa;<br \/>\nMeill\u00e4 on my\u00f6s puoliautomaattinen maalauslinja suurille sylintereille, joka toimii voimaketjulla ja jonka suunnittelukapasiteetti on 60 laatikkoa ty\u00f6vuorossa.<\/p>\n<p><img loading=\"lazy\" decoding=\"async\" class=\"alignnone wp-image-630\" src=\"https:\/\/hydraulic-cylinders.net\/wp-content\/uploads\/2023\/08\/hydraulic-cylinder-product-5-300x213.webp\" alt=\"\" width=\"366\" height=\"260\" \/> <img loading=\"lazy\" decoding=\"async\" class=\"alignnone wp-image-631\" src=\"https:\/\/hydraulic-cylinders.net\/wp-content\/uploads\/2023\/08\/hydraulic-cylinder-product-6-300x225.webp\" alt=\"\" width=\"347\" height=\"260\" \/><\/p>\n<h3>(5) Testaus<\/h3>\n<p>Meill\u00e4 on ensiluokkaiset tarkastustilat ja testialustat, joilla varmistetaan, ett\u00e4 sylinterin suorituskyky t\u00e4ytt\u00e4\u00e4 vaatimukset.<\/p>\n<p><img loading=\"lazy\" decoding=\"async\" class=\"alignnone wp-image-632\" src=\"https:\/\/hydraulic-cylinders.net\/wp-content\/uploads\/2023\/08\/hydraulic-cylinder-product-8-300x200.webp\" alt=\"\" width=\"389\" height=\"260\" \/><\/p>\n<p>&nbsp;<\/p>\n<p>&nbsp;<\/p>\n<p>Olemme yksi parhaista hydraulisylintereiden valmistajista. Voimme tarjota kattavia hydraulisylintereit\u00e4. Tarjoamme my\u00f6s vastaavia <a href=\"https:\/\/hzpt.com\/agricultural-pto-gearbox\/\" target=\"_blank\" rel=\"noopener\">maatalousvaihteistot<\/a>Olemme vieneet tuotteitamme asiakkaille maailmanlaajuisesti ja ansainneet hyv\u00e4n maineen erinomaisen tuotelaadun ja huoltopalvelumme ansiosta. Toivotamme tervetulleeksi asiakkaat kotimaassa ja ulkomailla ottamaan meihin yhteytt\u00e4 neuvotellakseen liiketoimista, vaihtaakseen tietoja ja <a href=\"https:\/\/www.hydraulic-cylinders.net\/fi\/contact-us\/\">tehd\u00e4 yhteisty\u00f6t\u00e4 kanssamme<\/a>!<\/p>","protected":false},"excerpt":{"rendered":"<p>Trailing Suction Dredger Heave Compensation Cylinder The trailing suction dredger heave compensation cylinder is a cutting-edge hydraulic device that has revolutionized the efficiency and effectiveness of dredging operations. Designed to provide precise heave compensation, this cylinder ensures optimal dredging performance even in challenging marine environments. The trailing suction dredger heave compensation cylinder is a game-changer [&hellip;]<\/p>","protected":false},"featured_media":1767,"comment_status":"open","ping_status":"closed","template":"","meta":{"_et_pb_use_builder":"","_et_pb_old_content":"","_et_gb_content_width":""},"product_brand":[],"product_cat":[1550,1535,1552,1376],"product_tag":[1380],"class_list":{"0":"post-1762","1":"product","2":"type-product","3":"status-publish","4":"has-post-thumbnail","6":"product_cat-double-acting-hydraulic-cylinder","7":"product_cat-dredger-hydraulic-cylinders","8":"product_cat-stainless-steel-hydraulic-cylinder","9":"product_cat-hydraulic-cylinder","10":"product_tag-hydraulic-cylinder","12":"first","13":"instock","14":"shipping-taxable","15":"product-type-simple"},"amp_enabled":true,"_links":{"self":[{"href":"https:\/\/www.hydraulic-cylinders.net\/fi\/wp-json\/wp\/v2\/product\/1762","targetHints":{"allow":["GET"]}}],"collection":[{"href":"https:\/\/www.hydraulic-cylinders.net\/fi\/wp-json\/wp\/v2\/product"}],"about":[{"href":"https:\/\/www.hydraulic-cylinders.net\/fi\/wp-json\/wp\/v2\/types\/product"}],"replies":[{"embeddable":true,"href":"https:\/\/www.hydraulic-cylinders.net\/fi\/wp-json\/wp\/v2\/comments?post=1762"}],"wp:featuredmedia":[{"embeddable":true,"href":"https:\/\/www.hydraulic-cylinders.net\/fi\/wp-json\/wp\/v2\/media\/1767"}],"wp:attachment":[{"href":"https:\/\/www.hydraulic-cylinders.net\/fi\/wp-json\/wp\/v2\/media?parent=1762"}],"wp:term":[{"taxonomy":"product_brand","embeddable":true,"href":"https:\/\/www.hydraulic-cylinders.net\/fi\/wp-json\/wp\/v2\/product_brand?post=1762"},{"taxonomy":"product_cat","embeddable":true,"href":"https:\/\/www.hydraulic-cylinders.net\/fi\/wp-json\/wp\/v2\/product_cat?post=1762"},{"taxonomy":"product_tag","embeddable":true,"href":"https:\/\/www.hydraulic-cylinders.net\/fi\/wp-json\/wp\/v2\/product_tag?post=1762"}],"curies":[{"name":"wp","href":"https:\/\/api.w.org\/{rel}","templated":true}]}}