{"id":1768,"date":"2023-10-13T06:16:16","date_gmt":"2023-10-13T06:16:16","guid":{"rendered":"https:\/\/hydraulic-cylinders.net\/?post_type=product&#038;p=1768"},"modified":"2025-04-15T05:55:00","modified_gmt":"2025-04-15T05:55:00","slug":"trailing-suction-dredger-hanger-cylinder","status":"publish","type":"product","link":"https:\/\/www.hydraulic-cylinders.net\/fi\/tuote\/trailing-suction-dredger-hanger-cylinder\/","title":{"rendered":"Hihnaavan imuruoppaajan ripustussylinteri"},"content":{"rendered":"<h1 style=\"text-align: center;\"><strong>Hihnaavan imuruoppaajan ripustussylinteri<\/strong><\/h1>\n<p><img loading=\"lazy\" decoding=\"async\" class=\"aligncenter wp-image-1771\" src=\"https:\/\/hydraulic-cylinders.net\/wp-content\/uploads\/2023\/10\/trailing-suction-dredger-hanger-cylinder-1-2-300x300.webp\" alt=\"\" width=\"400\" height=\"400\" \/><\/p>\n<p>Imuruoppaajan ripustussylinteri on t\u00e4rke\u00e4 hydraulinen komponentti, joka optimoi merkitt\u00e4v\u00e4sti ruoppaustoimintojen tehokkuutta ja vaikuttavuutta. T\u00e4m\u00e4 sylinteri on suunniteltu tarjoamaan luotettavaa tukea ja ohjausta, ja se varmistaa imuripustusj\u00e4rjestelm\u00e4n tarkan sijoittelun ja vakauden.<\/p>\n<p>Imuruoppaajan ripustussylinteri on elint\u00e4rke\u00e4 ruoppaustoimintojen tehokkuuden ja tuottavuuden optimoinnissa. Kest\u00e4v\u00e4n rakenteensa, tarkan sijoittelunsa ja kuormankantokykyns\u00e4 ansiosta t\u00e4m\u00e4 hydraulisylinteri tarjoaa tarvittavan tuen ja hallinnan imuripustusj\u00e4rjestelm\u00e4lle. Noudattamalla oikeita k\u00e4ytt\u00f6menetelmi\u00e4 ja s\u00e4\u00e4nn\u00f6llisi\u00e4 huoltok\u00e4yt\u00e4nt\u00f6j\u00e4 ruoppausammattilaiset voivat maksimoida t\u00e4m\u00e4n poikkeuksellisen tuotteen suorituskyvyn ja k\u00e4ytt\u00f6i\u00e4n. Hy\u00f6dynn\u00e4 imuruoppaajan ripustussylinterin teho ja koe sen vaikutus ruoppausurakoihisi.<\/p>\n<p>Hinattavan imuruoppaajan ripustussylinterin t\u00e4rkeimm\u00e4t ominaisuudet:<\/p>\n<ol>\n<li>Kest\u00e4v\u00e4 rakenne: Imuruoppaajan ripustussylinteri on valmistettu korkealaatuisista materiaaleista, jotka tarjoavat poikkeuksellisen lujuuden ja kest\u00e4vyyden. Se on suunniteltu kest\u00e4m\u00e4\u00e4n ankaraa meriymp\u00e4rist\u00f6\u00e4 varmistaen luotettavan suorituskyvyn ja pitk\u00e4n k\u00e4ytt\u00f6i\u00e4n.<\/li>\n<li>Tarkka asemointi: T\u00e4m\u00e4 sylinteri mahdollistaa imuripustusj\u00e4rjestelm\u00e4n tarkan asemoinnin, mik\u00e4 mahdollistaa tarkat ruoppaustoiminnot. Sen hienos\u00e4\u00e4detty hydraulinen ohjaus varmistaa vakauden ja hallinnan ruoppausprosessin aikana.<\/li>\n<li>Kuormituksen kantokyky: Ripustussylinteri on suunniteltu k\u00e4sittelem\u00e4\u00e4n imuripustusj\u00e4rjestelm\u00e4\u00e4n liittyvi\u00e4 merkitt\u00e4vi\u00e4 kuormia. Se tarjoaa tarvittavan voiman ja tuen imup\u00e4\u00e4n nostamiseen ja ohjaamiseen, mik\u00e4 parantaa ruoppaustehokkuutta.<\/li>\n<\/ol>\n<h2><strong>Imuruoppaajan ripustussylinterin parametri:<\/strong><\/h2>\n<table border=\"1\" cellspacing=\"0\" cellpadding=\"0\">\n<tbody>\n<tr>\n<td>Tuotteen nimi<\/td>\n<td>Hihnaavan imuruoppaajan ripustussylinteri<\/td>\n<\/tr>\n<tr>\n<td>Ominaisuudet:<\/td>\n<td>Tarjoaa vetovoimaa ripustimen sis\u00e4\u00e4nvet\u00e4miseen ja avaamiseen<\/td>\n<\/tr>\n<tr>\n<td>Rei\u00e4n halkaisija:<\/td>\n<td>450 mm<\/td>\n<\/tr>\n<tr>\n<td>Tangon halkaisija:<\/td>\n<td>220 mm<br \/>\nIsku: 3630 mm<\/td>\n<\/tr>\n<tr>\n<td>Paine:<\/td>\n<td>jopa 32 MPa<\/td>\n<\/tr>\n<tr>\n<td>Vetovoima:<\/td>\n<td>Enimm\u00e4ism\u00e4\u00e4r\u00e4 3000 kN<\/td>\n<\/tr>\n<tr>\n<td>Sovellukset:<\/td>\n<td>Hinattava imuruoppaaja<\/td>\n<\/tr>\n<\/tbody>\n<\/table>\n<div><\/div>\n<div>\n<div class=\"txtboxL\">\n<div class=\"txtboxL\">\n<div class=\"txtboxL\">Ominaisuudet:<\/div>\n<div class=\"txtboxR\">Tarjoaa vetovoimaa ripustimen sis\u00e4\u00e4nvet\u00e4miseen ja avaamiseen<\/div>\n<div class=\"txtboxL\">Tekniset tiedot:<\/div>\n<div class=\"txtboxR\">Rei\u00e4n halkaisija: 450 mm<br \/>\nTangon halkaisija: 220 mm<br \/>\nIsku: 3630 mm<\/div>\n<div class=\"txtboxL\">Paine:<\/div>\n<div class=\"txtboxR\">jopa 32 MPa<\/div>\n<div class=\"txtboxL\">Vetovoima:<\/div>\n<div class=\"txtboxR\">Enimm\u00e4ism\u00e4\u00e4r\u00e4 3000 kN<\/div>\n<\/div>\n<\/div>\n<\/div>\n<h2><strong>Ruoppaajan s\u00e4ili\u00f6n leikkuri-imusylinterit Sovellus:<\/strong><\/h2>\n<p><img loading=\"lazy\" decoding=\"async\" class=\"alignnone wp-image-1757 size-full\" src=\"https:\/\/hydraulic-cylinders.net\/wp-content\/uploads\/2023\/10\/dredger-tank-cylinder-1.webp\" alt=\"\" width=\"600\" height=\"400\" srcset=\"https:\/\/hydraulic-cylinders.net\/wp-content\/uploads\/2023\/10\/dredger-tank-cylinder-1.webp 600w, https:\/\/hydraulic-cylinders.net\/wp-content\/uploads\/2023\/10\/dredger-tank-cylinder-1-480x320.webp 480w\" sizes=\"(min-width: 0px) and (max-width: 480px) 480px, (min-width: 481px) 600px, 100vw\" \/><\/p>\n<h2><strong>K\u00e4ytt\u00f6tapa per\u00e4kk\u00e4in imuruoppaajan ripustussylinterille<\/strong><strong>:<\/strong><\/h2>\n<ol>\n<li><strong>Asennus:<\/strong>\u00a0 Kiinnit\u00e4 imuripustussylinteri tukevasti ruoppaajan rakenteeseen tai laitteisiin. Varmista oikea kohdistus ja tukeva kiinnitys vakauden takaamiseksi k\u00e4yt\u00f6n aikana.<\/li>\n<li><strong>Hydrauliset liit\u00e4nn\u00e4t:<\/strong> Kytke sylinteri hydrauliseen virtal\u00e4hteeseen yhteensopivilla letkuilla tai liittimill\u00e4. Varmista, ett\u00e4 liit\u00e4nn\u00e4t ovat tiukasti kiinni ja vuotamattomat.<\/li>\n<li><strong>Sijainnin s\u00e4\u00e4t\u00f6:<\/strong> S\u00e4\u00e4d\u00e4 ripustussylinterin asentoa halutun korkeuden ja kulman saavuttamiseksi imuripustusj\u00e4rjestelm\u00e4lle. K\u00e4yt\u00e4 mukana toimitettuja hydraulisia ohjausmekanismeja sijoituksen hienos\u00e4\u00e4t\u00f6\u00f6n.<\/li>\n<li><strong>Kantava tuki:<\/strong> Aktivoi hydraulinen voimanl\u00e4hde kohdistaaksesi tarvittavan voiman imup\u00e4\u00e4n nostamiseen ja ohjaamiseen. Ripustussylinteri tarjoaa vankan kuormankantokyvyn, mik\u00e4 varmistaa vakauden ja hallinnan ruoppaustoimintojen aikana.<\/li>\n<\/ol>\n<h2><strong>Miten hydraulisylinteri toimii?<\/strong><\/h2>\n<p>Hydraulisylinteri on mekaaninen toimilaite, joka muuntaa hydraulisen paineen lineaariseksi voimaksi ja liikkeeksi. Se koostuu sylinterim\u00e4isest\u00e4 rungosta, m\u00e4nn\u00e4st\u00e4, m\u00e4nn\u00e4nvarresta, tiivisteist\u00e4 ja hydraulinesteen porteista. T\u00e4ss\u00e4 on erittely siit\u00e4, miten hydraulisylinteri toimii:<\/p>\n<ol>\n<li><strong>Hydrauli\u00f6ljyn sy\u00f6tt\u00f6:<\/strong> Hydraulisylinteri on kytketty hydrauliseen tehoyksikk\u00f6\u00f6n tai pumppuun, joka sy\u00f6tt\u00e4\u00e4 paineistettua hydraulinestett\u00e4. Neste on tyypillisesti \u00f6ljypohjaista hydraulinestett\u00e4.<\/li>\n<li><strong>Sylinterin rakenne:<\/strong> Sylinteriss\u00e4 on ontto lieri\u00f6m\u00e4inen runko, jonka sis\u00e4\u00e4n on asennettu m\u00e4nt\u00e4. M\u00e4nt\u00e4 jakaa sylinterin kahteen kammioon: m\u00e4nn\u00e4nvarren p\u00e4\u00e4ss\u00e4 olevaan kammioon ja sylinterin kannen p\u00e4\u00e4ss\u00e4 olevaan kammioon.<\/li>\n<li><strong>Paineen k\u00e4ytt\u00f6:<\/strong> Hydraulineste ohjataan sylinterin kammioihin, joko m\u00e4nn\u00e4nvarren tai kannen p\u00e4\u00e4n kammioon, halutusta liikesuunnasta riippuen.<\/li>\n<li><strong>Paine-ero:<\/strong> Paineistettu hydraulineste vaikuttaa m\u00e4nn\u00e4n pinta-alaan ja luo voiman, joka liikuttaa m\u00e4nt\u00e4\u00e4 m\u00e4\u00e4r\u00e4ttyyn suuntaan. Kahden kammion v\u00e4linen paine-ero saa m\u00e4nn\u00e4n liikkumaan.<\/li>\n<li><strong>Lineaarinen liike:<\/strong> Kun hydraulineste ty\u00f6ntyy m\u00e4nt\u00e4\u00e4 vasten, m\u00e4nt\u00e4\u00e4n kiinnitetty m\u00e4nn\u00e4nvarsi ty\u00f6ntyy ulos tai sis\u00e4\u00e4n lineaarisesti nesteen virtaussuunnasta riippuen. T\u00e4m\u00e4 lineaarinen liike siirt\u00e4\u00e4 voiman m\u00e4nn\u00e4nvarteen kiinnitettyyn kuormaan tai mekanismiin.<\/li>\n<li><strong>Tiivistysmekanismi:<\/strong> Hydraulisylinteri on varustettu tiivisteill\u00e4, kuten m\u00e4nn\u00e4ntiivisteill\u00e4 ja varren tiivisteill\u00e4, hydraulinesteen vuotamisen est\u00e4miseksi. N\u00e4m\u00e4 tiivisteet yll\u00e4pit\u00e4v\u00e4t painetta sylinterin sis\u00e4ll\u00e4 ja varmistavat sujuvan toiminnan est\u00e4m\u00e4ll\u00e4 nesteen karkaamisen.<\/li>\n<li><strong>Ohjausventtiilit:<\/strong> Ohjausventtiilej\u00e4 k\u00e4ytet\u00e4\u00e4n hydraulinesteen suunnan ja virtauksen s\u00e4\u00e4t\u00e4miseen. N\u00e4m\u00e4 venttiilit ohjaavat hydraulinesteen virtauksen sylinterin sopivaan kammioon, mik\u00e4 mahdollistaa m\u00e4nn\u00e4n pident\u00e4misen tai vet\u00e4ytymisen.<\/li>\n<li><strong>Paineenalennus:<\/strong> Hydraulisylinterin nopeuden ja voiman s\u00e4\u00e4t\u00e4miseksi hydraulij\u00e4rjestelm\u00e4\u00e4n voidaan sis\u00e4llytt\u00e4\u00e4 paineenalennusventtiilej\u00e4 tai virtauksen s\u00e4\u00e4t\u00f6venttiilej\u00e4. N\u00e4m\u00e4 venttiilit s\u00e4\u00e4telev\u00e4t hydraulinesteen painetta ja virtausta est\u00e4en liiallisen paineen nousun ja varmistaen turvallisen k\u00e4yt\u00f6n.<\/li>\n<li><strong>Kuormasovellus:<\/strong> Hydraulisylinterin m\u00e4nn\u00e4nvarsi on kytketty kuormaan tai mekanismiin, joka vaatii voimaa tai liikett\u00e4. M\u00e4nn\u00e4n ty\u00f6ntyess\u00e4 tai vet\u00e4ytyess\u00e4 syntyv\u00e4 voima siirtyy m\u00e4nn\u00e4nvarren kautta kuormaan, jolloin se voi liikkua tai kohdistaa voimaa.<\/li>\n<\/ol>\n<h2><strong>Tehtaan kapasiteetti ja kapasiteetti:<\/strong><\/h2>\n<h3>(1) Kokoonpano<\/h3>\n<p>Meill\u00e4 on ensiluokkainen riippumaton tutkimus- ja kehitysty\u00f6n kokoonpanoalusta. Hydraulisylinterien tuotantopajassa on nelj\u00e4 puoliautomaattista nostosylinterin kokoonpanolinjaa ja yksi automaattinen kallistussylinterin kokoonpanolinja, joiden suunniteltu vuotuinen tuotantokapasiteetti on 1 miljoona kappaletta. Erikoissylinterin ty\u00f6paja on varustettu erilaisilla eritelmill\u00e4 puoliautomaattisen puhdistusasennuksen kokoonpanoj\u00e4rjestelm\u00e4ll\u00e4, jonka suunniteltu vuotuinen tuotantokapasiteetti on 200 000, ja se on varustettu kuuluisilla CNC-ty\u00f6st\u00f6laitteilla, ty\u00f6st\u00f6keskuksella, korkean tarkkuuden sylinterin k\u00e4sittelyyn tarkoitetuilla erityislaitteilla, robottihitsauskoneella, automaattisella puhdistuslaitteella, automaattisella sylinterin kokoonpanokoneella ja automaattisella maalaustuotantolinjalla. Olemassa olevat kriittiset laitteet yli 300 sarjaa (sarjaa). Laiteresurssien optimaalinen kohdentaminen ja tehokas k\u00e4ytt\u00f6 varmistavat tuotteiden tarkkuusvaatimukset ja t\u00e4ytt\u00e4v\u00e4t tuotteiden laatuvaatimukset.<\/p>\n<p><img loading=\"lazy\" decoding=\"async\" class=\"alignnone wp-image-626\" src=\"https:\/\/hydraulic-cylinders.net\/wp-content\/uploads\/2023\/08\/hydraulic-cylinder-product-1-300x158.webp\" alt=\"\" width=\"495\" height=\"260\" srcset=\"https:\/\/hydraulic-cylinders.net\/wp-content\/uploads\/2023\/08\/hydraulic-cylinder-product-1-300x158.webp 495w, https:\/\/hydraulic-cylinders.net\/wp-content\/uploads\/2023\/08\/hydraulic-cylinder-product-1-480x252.webp 480w\" sizes=\"(min-width: 0px) and (max-width: 480px) 480px, (min-width: 481px) 495px, 100vw\" \/> <img loading=\"lazy\" decoding=\"async\" class=\"alignnone wp-image-627\" src=\"https:\/\/hydraulic-cylinders.net\/wp-content\/uploads\/2023\/08\/hydraulic-cylinder-product-2-300x189.webp\" alt=\"\" width=\"413\" height=\"260\" \/><\/p>\n<h3>(2) Koneistus<\/h3>\n<p>Ty\u00f6st\u00f6paja on varustettu r\u00e4\u00e4t\u00e4l\u00f6idyll\u00e4 kaltevalla kiskosorvauskeskuksella, ty\u00f6st\u00f6keskuksella, suurnopeus-hiontakoneella, hitsausrobotilla ja muilla vastaavilla laitteilla, joilla voidaan k\u00e4sitell\u00e4 sylinteriputkia, joiden sis\u00e4halkaisija on enint\u00e4\u00e4n 400 mm ja enimm\u00e4ispituus on 6 metri\u00e4.<\/p>\n<p><img loading=\"lazy\" decoding=\"async\" class=\"alignnone wp-image-628 size-large\" src=\"https:\/\/hydraulic-cylinders.net\/wp-content\/uploads\/2023\/08\/hydraulic-cylinder-product-3-1024x391.webp\" alt=\"\" width=\"1024\" height=\"391\" srcset=\"https:\/\/hydraulic-cylinders.net\/wp-content\/uploads\/2023\/08\/hydraulic-cylinder-product-3-980x374.webp 980w, https:\/\/hydraulic-cylinders.net\/wp-content\/uploads\/2023\/08\/hydraulic-cylinder-product-3-480x183.webp 480w\" sizes=\"(min-width: 0px) and (max-width: 480px) 480px, (min-width: 481px) and (max-width: 980px) 980px, (min-width: 981px) 1024px, 100vw\" \/><\/p>\n<h3>(3) Hitsaus<\/h3>\n<p><img loading=\"lazy\" decoding=\"async\" class=\"alignnone wp-image-629 size-large\" src=\"https:\/\/hydraulic-cylinders.net\/wp-content\/uploads\/2023\/08\/hydraulic-cylinder-product-4-1024x510.webp\" alt=\"\" width=\"1024\" height=\"510\" srcset=\"https:\/\/hydraulic-cylinders.net\/wp-content\/uploads\/2023\/08\/hydraulic-cylinder-product-4-980x488.webp 980w, https:\/\/hydraulic-cylinders.net\/wp-content\/uploads\/2023\/08\/hydraulic-cylinder-product-4-480x239.webp 480w\" sizes=\"(min-width: 0px) and (max-width: 480px) 480px, (min-width: 481px) and (max-width: 980px) 980px, (min-width: 981px) 1024px, 100vw\" \/><\/p>\n<h3>(4) Maalaus ja pinnoitus<\/h3>\n<p>Pienill\u00e4 ja keskisuurilla sylinterin automaattisilla vesipohjaisilla maalipinnoituslinjoilla automaattisen robotin lastaus- ja purku- ja automaattisen ruiskutuksen saavuttamiseksi, suunnittelukapasiteetti on 4000 kappaletta vuorossa;<br \/>\nMeill\u00e4 on my\u00f6s puoliautomaattinen maalauslinja suurille sylintereille, joka toimii voimaketjulla ja jonka suunnittelukapasiteetti on 60 laatikkoa ty\u00f6vuorossa.<\/p>\n<p><img loading=\"lazy\" decoding=\"async\" class=\"alignnone wp-image-630\" src=\"https:\/\/hydraulic-cylinders.net\/wp-content\/uploads\/2023\/08\/hydraulic-cylinder-product-5-300x213.webp\" alt=\"\" width=\"366\" height=\"260\" \/> <img loading=\"lazy\" decoding=\"async\" class=\"alignnone wp-image-631\" src=\"https:\/\/hydraulic-cylinders.net\/wp-content\/uploads\/2023\/08\/hydraulic-cylinder-product-6-300x225.webp\" alt=\"\" width=\"347\" height=\"260\" \/><\/p>\n<h3>(5) Testaus<\/h3>\n<p>Meill\u00e4 on ensiluokkaiset tarkastustilat ja testialustat, joilla varmistetaan, ett\u00e4 sylinterin suorituskyky t\u00e4ytt\u00e4\u00e4 vaatimukset.<\/p>\n<p><img loading=\"lazy\" decoding=\"async\" class=\"alignnone wp-image-632\" src=\"https:\/\/hydraulic-cylinders.net\/wp-content\/uploads\/2023\/08\/hydraulic-cylinder-product-8-300x200.webp\" alt=\"\" width=\"389\" height=\"260\" \/><\/p>\n<p>&nbsp;<\/p>\n<p>&nbsp;<\/p>\n<p>Olemme yksi parhaista hydraulisylintereiden valmistajista. Voimme tarjota kattavia hydraulisylintereit\u00e4. Tarjoamme my\u00f6s vastaavia <a href=\"https:\/\/hzpt.com\/agricultural-pto-gearbox\/\" target=\"_blank\" rel=\"noopener\">maatalousvaihteistot<\/a>Olemme vieneet tuotteitamme asiakkaille maailmanlaajuisesti ja ansainneet hyv\u00e4n maineen erinomaisen tuotelaadun ja huoltopalvelumme ansiosta. Toivotamme tervetulleeksi asiakkaat kotimaassa ja ulkomailla ottamaan meihin yhteytt\u00e4 neuvotellakseen liiketoimista, vaihtaakseen tietoja ja <a href=\"https:\/\/www.hydraulic-cylinders.net\/fi\/contact-us\/\">tehd\u00e4 yhteisty\u00f6t\u00e4 kanssamme<\/a>!<\/p>","protected":false},"excerpt":{"rendered":"<p>Trailing Suction Dredger Hanger Cylinder The trailing suction dredger hanger cylinder is a crucial hydraulic component that significantly optimizes the efficiency and effectiveness of dredging operations. Designed to provide reliable support and control, this cylinder ensures precise positioning and stability of the trailing suction hanger system. The trailing suction dredger hanger cylinder is vital in [&hellip;]<\/p>","protected":false},"featured_media":1769,"comment_status":"open","ping_status":"closed","template":"","meta":{"_et_pb_use_builder":"","_et_pb_old_content":"","_et_gb_content_width":""},"product_brand":[],"product_cat":[1535,1549,1552,1376],"product_tag":[1380],"class_list":{"0":"post-1768","1":"product","2":"type-product","3":"status-publish","4":"has-post-thumbnail","6":"product_cat-dredger-hydraulic-cylinders","7":"product_cat-single-acting-hydraulic-cylinder","8":"product_cat-stainless-steel-hydraulic-cylinder","9":"product_cat-hydraulic-cylinder","10":"product_tag-hydraulic-cylinder","12":"first","13":"instock","14":"shipping-taxable","15":"product-type-simple"},"amp_enabled":true,"_links":{"self":[{"href":"https:\/\/www.hydraulic-cylinders.net\/fi\/wp-json\/wp\/v2\/product\/1768","targetHints":{"allow":["GET"]}}],"collection":[{"href":"https:\/\/www.hydraulic-cylinders.net\/fi\/wp-json\/wp\/v2\/product"}],"about":[{"href":"https:\/\/www.hydraulic-cylinders.net\/fi\/wp-json\/wp\/v2\/types\/product"}],"replies":[{"embeddable":true,"href":"https:\/\/www.hydraulic-cylinders.net\/fi\/wp-json\/wp\/v2\/comments?post=1768"}],"wp:featuredmedia":[{"embeddable":true,"href":"https:\/\/www.hydraulic-cylinders.net\/fi\/wp-json\/wp\/v2\/media\/1769"}],"wp:attachment":[{"href":"https:\/\/www.hydraulic-cylinders.net\/fi\/wp-json\/wp\/v2\/media?parent=1768"}],"wp:term":[{"taxonomy":"product_brand","embeddable":true,"href":"https:\/\/www.hydraulic-cylinders.net\/fi\/wp-json\/wp\/v2\/product_brand?post=1768"},{"taxonomy":"product_cat","embeddable":true,"href":"https:\/\/www.hydraulic-cylinders.net\/fi\/wp-json\/wp\/v2\/product_cat?post=1768"},{"taxonomy":"product_tag","embeddable":true,"href":"https:\/\/www.hydraulic-cylinders.net\/fi\/wp-json\/wp\/v2\/product_tag?post=1768"}],"curies":[{"name":"wp","href":"https:\/\/api.w.org\/{rel}","templated":true}]}}