{"id":1775,"date":"2023-10-13T06:57:31","date_gmt":"2023-10-13T06:57:31","guid":{"rendered":"https:\/\/hydraulic-cylinders.net\/?post_type=product&#038;p=1775"},"modified":"2025-04-15T05:54:54","modified_gmt":"2025-04-15T05:54:54","slug":"trailing-suction-dredger-overflow-cylinder","status":"publish","type":"product","link":"https:\/\/www.hydraulic-cylinders.net\/fi\/tuote\/trailing-suction-dredger-overflow-cylinder\/","title":{"rendered":"Per\u00e4kk\u00e4inen imuruoppaajan ylivuoto-sylinteri"},"content":{"rendered":"<h1 style=\"text-align: center;\"><strong>Per\u00e4kk\u00e4inen imuruoppaajan ylivuoto-sylinteri<\/strong><\/h1>\n<h1 style=\"text-align: center;\"><img loading=\"lazy\" decoding=\"async\" class=\"alignnone wp-image-1776\" src=\"https:\/\/hydraulic-cylinders.net\/wp-content\/uploads\/2023\/10\/trailing-suction-dredger-overflow-cylinder-1-300x300.webp\" alt=\"\" width=\"400\" height=\"400\" \/><\/h1>\n<p>Imuruoppaajan ylivuotoventtiili on nykyaikaisten ruoppauslaitteiden t\u00e4rke\u00e4 osa. Imuruoppaajien suorituskyvyn optimointiin suunniteltu sylinteri on ratkaisevassa roolissa ylivuotoj\u00e4rjestelm\u00e4n hallinnassa.<\/p>\n<p>Imuruoppaajan ylivuotopullo on olennainen osa tehokkaiden ja tuloksellisten ruoppaustoimintojen saavuttamista. Kest\u00e4v\u00e4n rakenteensa, tarkan ohjauksensa, luotettavan k\u00e4ytt\u00f6ns\u00e4 ja mukautettavien asetustensa ansiosta t\u00e4m\u00e4 pullo parantaa imuruoppaajien yleist\u00e4 suorituskyky\u00e4. Noudattamalla suositeltuja k\u00e4ytt\u00f6menetelmi\u00e4 ja huoltok\u00e4yt\u00e4nt\u00f6j\u00e4 k\u00e4ytt\u00e4j\u00e4t voivat maksimoida ylivuotopullon suorituskyvyn ja pitk\u00e4ik\u00e4isyyden, mik\u00e4 parantaa lopulta ruoppaustoiminnan tehokkuutta ja vaikuttavuutta.<\/p>\n<p>Imuruoppaajan ylivuoto sylinterin keskeiset ominaisuudet:<\/p>\n<ol>\n<li>Vankka rakenne:<\/li>\n<\/ol>\n<ul>\n<li>Ylivuotopullo on valmistettu korkealaatuisista materiaaleista, mik\u00e4 varmistaa kest\u00e4vyyden ja pitk\u00e4ik\u00e4isyyden my\u00f6s haastavissa ruoppausymp\u00e4rist\u00f6iss\u00e4.<\/li>\n<li>Sen kest\u00e4v\u00e4 rakenne kest\u00e4\u00e4 korkeita paineita, ankaria olosuhteita ja jatkuvaa k\u00e4ytt\u00f6\u00e4, s\u00e4ilytt\u00e4en tasaisen suorituskyvyn koko ruoppaustoiminnan ajan.<\/li>\n<\/ul>\n<ol start=\"2\">\n<li>Tarkka ohjaus:<\/li>\n<\/ol>\n<ul>\n<li>T\u00e4m\u00e4 sylinteri tarjoaa tarkan hallinnan ylivuotoj\u00e4rjestelm\u00e4lle, mik\u00e4 mahdollistaa ruoppausmateriaalin tarkan hallinnan.<\/li>\n<li>Se varmistaa ylivuotoprosessin optimaalisen hallinnan ja s\u00e4\u00e4telyn, mik\u00e4 helpottaa tehokasta sedimentin erottelua ja poistoa.<\/li>\n<\/ul>\n<ol start=\"3\">\n<li>Luotettava k\u00e4ytt\u00f6:<\/li>\n<\/ol>\n<ul>\n<li>Ylivuotoventtiili tarjoaa luotettavan toiminnan ja varmistaa ylivuotoj\u00e4rjestelm\u00e4n sujuvan ja johdonmukaisen toiminnan.<\/li>\n<li>Se tuottaa tarvittavan voiman ylivuotoportin liikkeen ohjaamiseksi varmistaen ruoppausmateriaalin virtauksen tehokkaan hallinnan.<\/li>\n<\/ul>\n<ol start=\"4\">\n<li>Mukautettavat asetukset:<\/li>\n<\/ol>\n<ul>\n<li>T\u00e4m\u00e4 sylinteri mahdollistaa eri parametrien, kuten avautumis- ja sulkeutumisnopeuden, iskunpituuden ja k\u00e4ytt\u00f6paineen, mukautettavan s\u00e4\u00e4t\u00e4misen.<\/li>\n<li>K\u00e4ytt\u00e4j\u00e4t voivat r\u00e4\u00e4t\u00e4l\u00f6id\u00e4 n\u00e4it\u00e4 asetuksia vastaamaan tiettyj\u00e4 ruoppausvaatimuksia, mik\u00e4 optimoi ylivuotoj\u00e4rjestelm\u00e4n tehokkuuden ja vaikuttavuuden.<\/li>\n<\/ul>\n<h2><strong>Imuruoppaajan ylivuoto-sylinterin parametri:<\/strong><\/h2>\n<table border=\"1\" cellspacing=\"0\" cellpadding=\"0\">\n<tbody>\n<tr>\n<td>Tuotteen nimi<\/td>\n<td>Per\u00e4kk\u00e4inen imuruoppaajan ylivuoto-sylinteri<\/td>\n<\/tr>\n<tr>\n<td>Ominaisuudet:<\/td>\n<td>Tarjoa vetovoimaa varoputken nostamiseen<\/td>\n<\/tr>\n<tr>\n<td>Rei\u00e4n halkaisija:<\/td>\n<td>Jopa 280 mm<\/td>\n<\/tr>\n<tr>\n<td>Tangon halkaisija:<\/td>\n<td>Jopa 180 mm<br \/>\nIskunpituus jopa 6000 mm<\/td>\n<\/tr>\n<tr>\n<td>Paine:<\/td>\n<td>jopa 32 MPa<\/td>\n<\/tr>\n<tr>\n<td>Vetovoima:<\/td>\n<td>Enimm\u00e4isteho 900 kN<\/td>\n<\/tr>\n<tr>\n<td>Sovellukset:<\/td>\n<td>Hinattava imuruoppaaja<\/td>\n<\/tr>\n<\/tbody>\n<\/table>\n<div><\/div>\n<div>\n<div class=\"txtboxL\">\n<div class=\"txtboxL\">\n<div class=\"txtboxL\">\n<div class=\"txtboxL\">Ominaisuudet:<\/div>\n<div class=\"txtboxR\">Tarjoa vetovoimaa varoputken nostamiseen<\/div>\n<div class=\"txtboxL\">Tekniset tiedot:<\/div>\n<div class=\"txtboxR\">Rei\u00e4n halkaisija: jopa 280 mm<br \/>\nTangon halkaisija: jopa 180 mm<br \/>\nIskunpituus jopa 6000 mm<\/div>\n<div class=\"txtboxL\">Paine:<\/div>\n<div class=\"txtboxR\">jopa 32 MPa<\/div>\n<div class=\"txtboxL\">Vetovoima:<\/div>\n<div class=\"txtboxR\">Enimm\u00e4isteho 900 kN<\/div>\n<\/div>\n<\/div>\n<\/div>\n<\/div>\n<h2><strong>Ruoppaajan s\u00e4ili\u00f6n leikkuri-imusylinterit Sovellus:<\/strong><\/h2>\n<p><img loading=\"lazy\" decoding=\"async\" class=\"alignnone wp-image-1757 size-full\" src=\"https:\/\/hydraulic-cylinders.net\/wp-content\/uploads\/2023\/10\/dredger-tank-cylinder-1.webp\" alt=\"\" width=\"600\" height=\"400\" srcset=\"https:\/\/hydraulic-cylinders.net\/wp-content\/uploads\/2023\/10\/dredger-tank-cylinder-1.webp 600w, https:\/\/hydraulic-cylinders.net\/wp-content\/uploads\/2023\/10\/dredger-tank-cylinder-1-480x320.webp 480w\" sizes=\"(min-width: 0px) and (max-width: 480px) 480px, (min-width: 481px) 600px, 100vw\" \/><\/p>\n<h2><strong>K\u00e4ytt\u00f6tapa per\u00e4\u00e4n tulevalle imuruoppaajan ylivuoto sylinterille<\/strong><strong>:<\/strong><\/h2>\n<ol>\n<li><strong>Asennus:<\/strong><\/li>\n<\/ol>\n<ul>\n<li>Noudata valmistajan ohjeita asentaaksesi ylivuotopullon tukevasti per\u00e4moottoriin.<\/li>\n<li>Varmista sylinterin oikea kohdistus ja kiinnitys ylivuotoporttiin ja siihen liittyviin komponentteihin, mik\u00e4 takaa sujuvan ja luotettavan toiminnan.<\/li>\n<\/ul>\n<ol start=\"2\">\n<li><strong>Ylivuotoj\u00e4rjestelm\u00e4n hallinta:<\/strong><\/li>\n<\/ol>\n<ul>\n<li>K\u00e4yt\u00e4 ruoppaajan ohjausj\u00e4rjestelm\u00e4\u00e4 ylivuotopullon k\u00e4ytt\u00e4miseen ja hallintaan.<\/li>\n<li>Ohjaa ylivuotoportin avaamista ja sulkemista niille tarkoitetuilla s\u00e4\u00e4timill\u00e4, mik\u00e4 mahdollistaa ruoppausmateriaalin virtauksen ja poiston tarkan hallinnan.<\/li>\n<\/ul>\n<ol start=\"3\">\n<li><strong>Ruoppaustoiminnot:<\/strong><\/li>\n<\/ol>\n<ul>\n<li>Aktivoi ylivuotoventtiili s\u00e4\u00e4t\u00e4\u00e4ksesi ylivuotoportin asentoa tarpeen mukaan ruoppauksen aikana.<\/li>\n<li>S\u00e4\u00e4d\u00e4 sylinterin asetuksia, kuten nopeutta ja iskunpituutta, optimoidaksesi ylivuotoprosessin ja varmistaaksesi tehokkaan sedimentin erottelun ja poiston.<\/li>\n<\/ul>\n<h2><strong>Kuinka purkaa hydraulisylinteri?<\/strong><\/h2>\n<p>Hydraulisylinterin purkaminen vaatii huolellista huomiota ja oikeiden menettelyjen noudattamista turvallisen ja tehokkaan purkamisen varmistamiseksi. T\u00e4ss\u00e4 on vaiheittainen opas hydraulisylinterin purkamiseen:<\/p>\n<ol>\n<li><strong>Ker\u00e4\u00e4 tarvittavat ty\u00f6kalut ja laitteet:<\/strong>\n<ul>\n<li>Avaimet tai hylsysarja<\/li>\n<li>V\u00e4\u00e4nt\u00f6rauta tai ruuvimeisseli<\/li>\n<li>Kumivasara tai iskunkest\u00e4v\u00e4 vasara<\/li>\n<li>Puhtaat r\u00e4tit tai pyyhkeet<\/li>\n<li>Hydrauli\u00f6ljyn ker\u00e4ysastia tai -s\u00e4ili\u00f6<\/li>\n<li>Suojak\u00e4sineet ja suojalasit<\/li>\n<\/ul>\n<\/li>\n<li><strong>Valmistele ty\u00f6alue:<\/strong>\n<ul>\n<li>Varmista, ett\u00e4 ty\u00f6alue on puhdas ja j\u00e4rjestelm\u00e4llinen ja ett\u00e4 siin\u00e4 on riitt\u00e4v\u00e4sti tilaa purettujen osien asetteluun.<\/li>\n<li>Aseta imukykyinen matto tai \u00f6ljy\u00e4 imev\u00e4 materiaali ker\u00e4\u00e4m\u00e4\u00e4n mahdolliset valuneet hydraulinesteet.<\/li>\n<\/ul>\n<\/li>\n<li><strong>Hydraulisen paineen vapauttaminen:<\/strong>\n<ul>\n<li>Ennen purkamisen aloittamista vapauta sylinterin hydraulinen paine. T\u00e4m\u00e4 voidaan tehd\u00e4 aktivoimalla hydraulij\u00e4rjestelm\u00e4n ohjausventtiili sylinterin t\u00e4ydelliseen sis\u00e4\u00e4nvet\u00e4miseksi.<\/li>\n<\/ul>\n<\/li>\n<li><strong>Irrota liittimet ja liitokset:<\/strong>\n<ul>\n<li>L\u00f6ys\u00e4\u00e4 ja irrota varovasti kaikki sylinteriin kiinnitetyt liittimet, liittimet tai hydrauliletkut jakoavaimilla tai hylsysarjalla.<\/li>\n<li>Pid\u00e4 kirjaa liitoksista ja niiden vastaavista sijainneista kokoamista varten.<\/li>\n<\/ul>\n<\/li>\n<li><strong>Kiinnit\u00e4 sylinteri:<\/strong>\n<ul>\n<li>Varmista, ett\u00e4 sylinteri on tuettu asianmukaisesti sopivalla ty\u00f6penkill\u00e4 tai ruuvipenkill\u00e4, jotta se ei putoa tai vieri purkamisen aikana.<\/li>\n<\/ul>\n<\/li>\n<li><strong>Irrota tiiviste tai p\u00e4\u00e4tykansi:<\/strong>\n<ul>\n<li>Tiiviste tai p\u00e4\u00e4tykansi sijaitsee tyypillisesti sylinterin m\u00e4nn\u00e4n p\u00e4\u00e4ss\u00e4.<\/li>\n<li>L\u00f6ys\u00e4\u00e4 ja irrota kiinnityspultit tai -mutterit jakoavaimella tai hylsyavaimella.<\/li>\n<li>Jos tiiviste tai p\u00e4\u00e4tykansi on jumissa, voit naputtaa sit\u00e4 kevyesti kumivasaralla tai iskunk\u00e4rkivasaralla sen l\u00f6ys\u00e4\u00e4miseksi.<\/li>\n<li>Kun tiiviste tai p\u00e4\u00e4tykansi on l\u00f6ys\u00e4ll\u00e4, irrota se varovasti ja anna hydraulinesteen valua keruuastiaan.<\/li>\n<\/ul>\n<\/li>\n<li><strong>Irrota m\u00e4nn\u00e4n ja m\u00e4nn\u00e4nvarren kokoonpano:<\/strong>\n<ul>\n<li>Kun tiivistysholkki tai p\u00e4\u00e4tykansi on irrotettu, p\u00e4\u00e4set nyt k\u00e4siksi m\u00e4nn\u00e4n ja m\u00e4nn\u00e4nvarren kokoonpanoon.<\/li>\n<li>Liu'uta m\u00e4nt\u00e4- ja m\u00e4nt\u00e4varsikokoonpano varovasti ulos sylinteriputkesta varmistaen, ett\u00e4 pid\u00e4t siit\u00e4 tukevasti kiinni, jotta se ei putoa tai vaurioidu.<\/li>\n<li>Jos kokoonpano on jumissa, voit k\u00e4ytt\u00e4\u00e4 sorkkarautaa tai ruuvimeisseli\u00e4 vipuvarren varovasti irrottamiseen ja apuna sen irrottamisessa.<\/li>\n<\/ul>\n<\/li>\n<li><strong>Tarkista ja puhdista komponentit:<\/strong>\n<ul>\n<li>Purkamisen j\u00e4lkeen tarkista kaikki osat kulumisen, vaurioiden tai saastumisen merkkien varalta.<\/li>\n<li>Puhdista komponentit huolellisesti puhtailla r\u00e4teill\u00e4 tai puhdistusliinoilla ja poista lika, roskat ja hydraulineste.<\/li>\n<li>Kiinnit\u00e4 erityist\u00e4 huomiota m\u00e4nt\u00e4\u00e4n, m\u00e4nn\u00e4nvarteen, sylinteriputkeen ja tiivisteisiin.<\/li>\n<\/ul>\n<\/li>\n<li><strong>Vaihda tai korjaa komponentit:<\/strong>\n<ul>\n<li>Jos jokin osa on kulunut tai vaurioitunut, on suositeltavaa vaihtaa se uusiin.<\/li>\n<li>Tarkista tiivisteet kulumisen varalta ja vaihda ne tarvittaessa.<\/li>\n<li>Jos olet ep\u00e4varma osan vaihtamisesta tai korjaamisesta, tutustu valmistajan ohjeisiin tai kysy ammattilaisen neuvoa.<\/li>\n<\/ul>\n<\/li>\n<li><strong>Kokoaminen:<\/strong>\n<ul>\n<li>Noudata valmistajan ohjeita hydraulisylinterin kokoamisessa.<\/li>\n<li>Levit\u00e4 tiivisteisiin ja osiin sopivaa hydrauliikkanestett\u00e4 tai voiteluainetta kokoamisen aikana.<\/li>\n<li>Varmista, ett\u00e4 kaikki liitokset ja liitokset on kiristetty m\u00e4\u00e4ritettyihin v\u00e4\u00e4nt\u00f6momentteihin.<\/li>\n<li>Tarkista osien oikea kohdistus ja suuntaus ennen kokoamisen loppuun saattamista.<\/li>\n<\/ul>\n<\/li>\n<\/ol>\n<h2><strong>Tehtaan kapasiteetti ja kapasiteetti:<\/strong><\/h2>\n<h3>(1) Kokoonpano<\/h3>\n<p>Meill\u00e4 on ensiluokkainen riippumaton tutkimus- ja kehitysty\u00f6n kokoonpanoalusta. Hydraulisylinterien tuotantopajassa on nelj\u00e4 puoliautomaattista nostosylinterin kokoonpanolinjaa ja yksi automaattinen kallistussylinterin kokoonpanolinja, joiden suunniteltu vuotuinen tuotantokapasiteetti on 1 miljoona kappaletta. Erikoissylinterin ty\u00f6paja on varustettu erilaisilla eritelmill\u00e4 puoliautomaattisen puhdistusasennuksen kokoonpanoj\u00e4rjestelm\u00e4ll\u00e4, jonka suunniteltu vuotuinen tuotantokapasiteetti on 200 000, ja se on varustettu kuuluisilla CNC-ty\u00f6st\u00f6laitteilla, ty\u00f6st\u00f6keskuksella, korkean tarkkuuden sylinterin k\u00e4sittelyyn tarkoitetuilla erityislaitteilla, robottihitsauskoneella, automaattisella puhdistuslaitteella, automaattisella sylinterin kokoonpanokoneella ja automaattisella maalaustuotantolinjalla. Olemassa olevat kriittiset laitteet yli 300 sarjaa (sarjaa). Laiteresurssien optimaalinen kohdentaminen ja tehokas k\u00e4ytt\u00f6 varmistavat tuotteiden tarkkuusvaatimukset ja t\u00e4ytt\u00e4v\u00e4t tuotteiden laatuvaatimukset.<\/p>\n<p><img loading=\"lazy\" decoding=\"async\" class=\"alignnone wp-image-626\" src=\"https:\/\/hydraulic-cylinders.net\/wp-content\/uploads\/2023\/08\/hydraulic-cylinder-product-1-300x158.webp\" alt=\"\" width=\"495\" height=\"260\" srcset=\"https:\/\/hydraulic-cylinders.net\/wp-content\/uploads\/2023\/08\/hydraulic-cylinder-product-1-300x158.webp 495w, https:\/\/hydraulic-cylinders.net\/wp-content\/uploads\/2023\/08\/hydraulic-cylinder-product-1-480x252.webp 480w\" sizes=\"(min-width: 0px) and (max-width: 480px) 480px, (min-width: 481px) 495px, 100vw\" \/> <img loading=\"lazy\" decoding=\"async\" class=\"alignnone wp-image-627\" src=\"https:\/\/hydraulic-cylinders.net\/wp-content\/uploads\/2023\/08\/hydraulic-cylinder-product-2-300x189.webp\" alt=\"\" width=\"413\" height=\"260\" \/><\/p>\n<h3>(2) Koneistus<\/h3>\n<p>Ty\u00f6st\u00f6paja on varustettu r\u00e4\u00e4t\u00e4l\u00f6idyll\u00e4 kaltevalla kiskosorvauskeskuksella, ty\u00f6st\u00f6keskuksella, suurnopeus-hiontakoneella, hitsausrobotilla ja muilla vastaavilla laitteilla, joilla voidaan k\u00e4sitell\u00e4 sylinteriputkia, joiden sis\u00e4halkaisija on enint\u00e4\u00e4n 400 mm ja enimm\u00e4ispituus on 6 metri\u00e4.<\/p>\n<p><img loading=\"lazy\" decoding=\"async\" class=\"alignnone wp-image-628 size-large\" src=\"https:\/\/hydraulic-cylinders.net\/wp-content\/uploads\/2023\/08\/hydraulic-cylinder-product-3-1024x391.webp\" alt=\"\" width=\"1024\" height=\"391\" srcset=\"https:\/\/hydraulic-cylinders.net\/wp-content\/uploads\/2023\/08\/hydraulic-cylinder-product-3-980x374.webp 980w, https:\/\/hydraulic-cylinders.net\/wp-content\/uploads\/2023\/08\/hydraulic-cylinder-product-3-480x183.webp 480w\" sizes=\"(min-width: 0px) and (max-width: 480px) 480px, (min-width: 481px) and (max-width: 980px) 980px, (min-width: 981px) 1024px, 100vw\" \/><\/p>\n<h3>(3) Hitsaus<\/h3>\n<p><img loading=\"lazy\" decoding=\"async\" class=\"alignnone wp-image-629 size-large\" src=\"https:\/\/hydraulic-cylinders.net\/wp-content\/uploads\/2023\/08\/hydraulic-cylinder-product-4-1024x510.webp\" alt=\"\" width=\"1024\" height=\"510\" srcset=\"https:\/\/hydraulic-cylinders.net\/wp-content\/uploads\/2023\/08\/hydraulic-cylinder-product-4-980x488.webp 980w, https:\/\/hydraulic-cylinders.net\/wp-content\/uploads\/2023\/08\/hydraulic-cylinder-product-4-480x239.webp 480w\" sizes=\"(min-width: 0px) and (max-width: 480px) 480px, (min-width: 481px) and (max-width: 980px) 980px, (min-width: 981px) 1024px, 100vw\" \/><\/p>\n<h3>(4) Maalaus ja pinnoitus<\/h3>\n<p>Pienill\u00e4 ja keskisuurilla sylinterin automaattisilla vesipohjaisilla maalipinnoituslinjoilla automaattisen robotin lastaus- ja purku- ja automaattisen ruiskutuksen saavuttamiseksi, suunnittelukapasiteetti on 4000 kappaletta vuorossa;<br \/>\nMeill\u00e4 on my\u00f6s puoliautomaattinen maalauslinja suurille sylintereille, joka toimii voimaketjulla ja jonka suunnittelukapasiteetti on 60 laatikkoa ty\u00f6vuorossa.<\/p>\n<p><img loading=\"lazy\" decoding=\"async\" class=\"alignnone wp-image-630\" src=\"https:\/\/hydraulic-cylinders.net\/wp-content\/uploads\/2023\/08\/hydraulic-cylinder-product-5-300x213.webp\" alt=\"\" width=\"366\" height=\"260\" \/> <img loading=\"lazy\" decoding=\"async\" class=\"alignnone wp-image-631\" src=\"https:\/\/hydraulic-cylinders.net\/wp-content\/uploads\/2023\/08\/hydraulic-cylinder-product-6-300x225.webp\" alt=\"\" width=\"347\" height=\"260\" \/><\/p>\n<h3>(5) Testaus<\/h3>\n<p>Meill\u00e4 on ensiluokkaiset tarkastustilat ja testialustat, joilla varmistetaan, ett\u00e4 sylinterin suorituskyky t\u00e4ytt\u00e4\u00e4 vaatimukset.<\/p>\n<p><img loading=\"lazy\" decoding=\"async\" class=\"alignnone wp-image-632\" src=\"https:\/\/hydraulic-cylinders.net\/wp-content\/uploads\/2023\/08\/hydraulic-cylinder-product-8-300x200.webp\" alt=\"\" width=\"389\" height=\"260\" \/><\/p>\n<p>&nbsp;<\/p>\n<p>&nbsp;<\/p>\n<p>Olemme yksi parhaista hydraulisylintereiden valmistajista. Voimme tarjota kattavia hydraulisylintereit\u00e4. Tarjoamme my\u00f6s vastaavia <a href=\"https:\/\/hzpt.com\/agricultural-pto-gearbox\/\" target=\"_blank\" rel=\"noopener\">maatalousvaihteistot<\/a>Olemme vieneet tuotteitamme asiakkaille maailmanlaajuisesti ja ansainneet hyv\u00e4n maineen erinomaisen tuotelaadun ja huoltopalvelumme ansiosta. Toivotamme tervetulleeksi asiakkaat kotimaassa ja ulkomailla ottamaan meihin yhteytt\u00e4 neuvotellakseen liiketoimista, vaihtaakseen tietoja ja <a href=\"https:\/\/www.hydraulic-cylinders.net\/fi\/contact-us\/\">tehd\u00e4 yhteisty\u00f6t\u00e4 kanssamme<\/a>!<\/p>","protected":false},"excerpt":{"rendered":"<p>Trailing Suction Dredger Overflow Cylinder The trailing suction dredger overflow cylinder is a vital component in modern dredging equipment. Designed to optimize the performance of trailing suction dredgers, this cylinder plays a crucial role in managing the overflow system. The trailing suction dredger overflow cylinder is an essential component for achieving efficient and effective dredging [&hellip;]<\/p>","protected":false},"featured_media":1777,"comment_status":"open","ping_status":"closed","template":"","meta":{"_et_pb_use_builder":"","_et_pb_old_content":"","_et_gb_content_width":""},"product_brand":[],"product_cat":[1535,1549,1552,1376],"product_tag":[1380],"class_list":{"0":"post-1775","1":"product","2":"type-product","3":"status-publish","4":"has-post-thumbnail","6":"product_cat-dredger-hydraulic-cylinders","7":"product_cat-single-acting-hydraulic-cylinder","8":"product_cat-stainless-steel-hydraulic-cylinder","9":"product_cat-hydraulic-cylinder","10":"product_tag-hydraulic-cylinder","12":"first","13":"instock","14":"shipping-taxable","15":"product-type-simple"},"amp_enabled":true,"_links":{"self":[{"href":"https:\/\/www.hydraulic-cylinders.net\/fi\/wp-json\/wp\/v2\/product\/1775","targetHints":{"allow":["GET"]}}],"collection":[{"href":"https:\/\/www.hydraulic-cylinders.net\/fi\/wp-json\/wp\/v2\/product"}],"about":[{"href":"https:\/\/www.hydraulic-cylinders.net\/fi\/wp-json\/wp\/v2\/types\/product"}],"replies":[{"embeddable":true,"href":"https:\/\/www.hydraulic-cylinders.net\/fi\/wp-json\/wp\/v2\/comments?post=1775"}],"wp:featuredmedia":[{"embeddable":true,"href":"https:\/\/www.hydraulic-cylinders.net\/fi\/wp-json\/wp\/v2\/media\/1777"}],"wp:attachment":[{"href":"https:\/\/www.hydraulic-cylinders.net\/fi\/wp-json\/wp\/v2\/media?parent=1775"}],"wp:term":[{"taxonomy":"product_brand","embeddable":true,"href":"https:\/\/www.hydraulic-cylinders.net\/fi\/wp-json\/wp\/v2\/product_brand?post=1775"},{"taxonomy":"product_cat","embeddable":true,"href":"https:\/\/www.hydraulic-cylinders.net\/fi\/wp-json\/wp\/v2\/product_cat?post=1775"},{"taxonomy":"product_tag","embeddable":true,"href":"https:\/\/www.hydraulic-cylinders.net\/fi\/wp-json\/wp\/v2\/product_tag?post=1775"}],"curies":[{"name":"wp","href":"https:\/\/api.w.org\/{rel}","templated":true}]}}