{"id":1778,"date":"2023-10-13T07:48:25","date_gmt":"2023-10-13T07:48:25","guid":{"rendered":"https:\/\/hydraulic-cylinders.net\/?post_type=product&#038;p=1778"},"modified":"2025-04-15T05:54:51","modified_gmt":"2025-04-15T05:54:51","slug":"barge-split-cylinder","status":"publish","type":"product","link":"https:\/\/www.hydraulic-cylinders.net\/fi\/tuote\/barge-split-cylinder\/","title":{"rendered":"Proomun jako-sylinteri"},"content":{"rendered":"<h1 style=\"text-align: center;\"><strong>Proomun jako-sylinteri<\/strong><\/h1>\n<h1 style=\"text-align: center;\"><img loading=\"lazy\" decoding=\"async\" class=\"alignnone size-medium wp-image-1782\" src=\"https:\/\/hydraulic-cylinders.net\/wp-content\/uploads\/2023\/10\/split-cylinder-1-0-300x300.webp\" alt=\"\" width=\"300\" height=\"300\" \/><\/h1>\n<p>Proomun jakohydraulisylinteri on mullistava tuote, joka on suunniteltu optimoimaan meriliikennett\u00e4, erityisesti tavaroiden ja materiaalien kuljetuksessa ja k\u00e4sittelyss\u00e4. T\u00e4m\u00e4 innovatiivinen hydraulisylinteri tarjoaa useita ominaisuuksia ja etuja, jotka parantavat tehokkuutta, turvallisuutta ja tuottavuutta.<\/p>\n<p>Proomun jaettu sylinteri tarjoaa useita ominaisuuksia ja etuja, jotka parantavat tehokkuutta, turvallisuutta ja tuottavuutta meritoiminnassa. Sen jaettu rakenne, suuri kuormituskapasiteetti, tarkka ohjaus ja luotettava hydrauliikkaj\u00e4rjestelm\u00e4 tekev\u00e4t siit\u00e4 arvokkaan ratkaisun lastink\u00e4sittelyyn, ruoppaukseen ja offshore-rakennustoimintaan. Noudattamalla suositeltuja k\u00e4ytt\u00f6menetelmi\u00e4 ja huoltok\u00e4yt\u00e4nt\u00f6j\u00e4 k\u00e4ytt\u00e4j\u00e4t voivat maksimoida proomun jaetun sylinterin suorituskyvyn ja pitk\u00e4ik\u00e4isyyden, mik\u00e4 parantaa lopulta meritoimintojen tehokkuutta ja vaikuttavuutta.<\/p>\n<p>Proomun jako-sylinterin keskeiset ominaisuudet:<\/p>\n<ol>\n<li>Jaettu suunnittelu monipuolisuutta varten:<\/li>\n<\/ol>\n<ul>\n<li>Proomun jaetussa sylinteriss\u00e4 on ainutlaatuinen jaettu rakenne, joka mahdollistaa helpon asennuksen ja irrottamisen.<\/li>\n<li>T\u00e4m\u00e4 rakenne mahdollistaa sylinterin nopean ja tehokkaan kiinnityksen tai irrottamisen, mik\u00e4 varmistaa joustavuuden ja sopeutumiskyvyn erilaisiin merisovelluksiin.<\/li>\n<\/ul>\n<ol start=\"2\">\n<li>Suuri kuormituskapasiteetti:<\/li>\n<\/ol>\n<ul>\n<li>Sylinteri on rakenteeltaan kest\u00e4v\u00e4, ja se kest\u00e4\u00e4 raskaita kuormia ja ankaria meriolosuhteita.<\/li>\n<li>Suuri kantavuutensa tekee siit\u00e4 sopivan merik\u00e4ytt\u00f6\u00f6n, mukaan lukien lastink\u00e4sittely, ruoppaus ja offshore-rakentamisen.<\/li>\n<\/ul>\n<ol start=\"3\">\n<li>Tarkka ohjaus ja paikannus:<\/li>\n<\/ol>\n<ul>\n<li>Proomun jako-sylinteri tarjoaa tarkat ohjaus- ja paikannusominaisuudet, mik\u00e4 mahdollistaa kuormien tai materiaalien tarkan k\u00e4sittelyn.<\/li>\n<li>K\u00e4ytt\u00e4j\u00e4t voivat saavuttaa sujuvia ja hallittuja liikkeit\u00e4 varmistaen tarkan sijoittelun ja linjauksen lastink\u00e4sittelyn tai muiden meritoimintojen aikana.<\/li>\n<\/ul>\n<ol start=\"4\">\n<li>Luotettava hydrauliikkaj\u00e4rjestelm\u00e4:<\/li>\n<\/ol>\n<ul>\n<li>Luotettavalla hydrauliikkaj\u00e4rjestelm\u00e4ll\u00e4 varustettu sylinteri varmistaa tasaisen suorituskyvyn ja sujuvan toiminnan.<\/li>\n<li>Hydraulij\u00e4rjestelm\u00e4 tarjoaa riitt\u00e4v\u00e4sti tehoa ja hallintaa, mik\u00e4 mahdollistaa sylinterin saumattoman ja tehokkaan k\u00e4yt\u00f6n vaativissa meriymp\u00e4rist\u00f6iss\u00e4.<\/li>\n<\/ul>\n<h2><strong>Proomun jako-sylinterin parametri:<\/strong><\/h2>\n<table border=\"1\" cellspacing=\"0\" cellpadding=\"0\">\n<tbody>\n<tr>\n<td>Tuotteen nimi<\/td>\n<td>Jaettu proomu Jaettu sylinteri<\/td>\n<\/tr>\n<tr>\n<td>Ominaisuudet:<\/td>\n<td>Suljettu runko<\/td>\n<\/tr>\n<tr>\n<td>Rei\u00e4n halkaisija:<\/td>\n<td>Jopa 550 mm<\/td>\n<\/tr>\n<tr>\n<td>Tangon halkaisija:<\/td>\n<td>Jopa 280 mm<br \/>\nIsku \u22641000 mm<\/td>\n<\/tr>\n<tr>\n<td>Vetovoima:<\/td>\n<td>Jopa 6000 kN<\/td>\n<\/tr>\n<tr>\n<td>Paine:<\/td>\n<td>Jopa 38 MPa<\/td>\n<\/tr>\n<tr>\n<td>Sovellukset:<\/td>\n<td>Jaettu proomu<\/td>\n<\/tr>\n<\/tbody>\n<\/table>\n<div><\/div>\n<div>\n<div class=\"txtboxL\">\n<div class=\"txtboxL\">\n<div class=\"txtboxL\">\n<div class=\"txtboxL\">\n<div class=\"txtboxL\">Ominaisuudet:<\/div>\n<div class=\"txtboxR\">Suljettu runko<\/div>\n<div class=\"txtboxL\">Tekniset tiedot:<\/div>\n<div class=\"txtboxR\">Rei\u00e4n halkaisija: jopa 550 mm<br \/>\nTangon halkaisija: jopa 280 mm<br \/>\nIsku \u22641000 mm<\/div>\n<div class=\"txtboxL\">Vetovoima:<\/div>\n<div class=\"txtboxR\">jopa 6000 kN<\/div>\n<div class=\"txtboxL\">paine:<\/div>\n<div class=\"txtboxR\">jopa 38 MPa<\/div>\n<\/div>\n<\/div>\n<\/div>\n<\/div>\n<\/div>\n<h2><strong>Proomun jako-sylinterin k\u00e4ytt\u00f6:<\/strong><\/h2>\n<p><img loading=\"lazy\" decoding=\"async\" class=\"alignnone wp-image-1780 size-full\" src=\"https:\/\/hydraulic-cylinders.net\/wp-content\/uploads\/2023\/10\/split-barge-cylinder-1.webp\" alt=\"\" width=\"1418\" height=\"946\" srcset=\"https:\/\/hydraulic-cylinders.net\/wp-content\/uploads\/2023\/10\/split-barge-cylinder-1.webp 1418w, https:\/\/hydraulic-cylinders.net\/wp-content\/uploads\/2023\/10\/split-barge-cylinder-1-1280x854.webp 1280w, https:\/\/hydraulic-cylinders.net\/wp-content\/uploads\/2023\/10\/split-barge-cylinder-1-980x654.webp 980w, https:\/\/hydraulic-cylinders.net\/wp-content\/uploads\/2023\/10\/split-barge-cylinder-1-480x320.webp 480w\" sizes=\"(min-width: 0px) and (max-width: 480px) 480px, (min-width: 481px) and (max-width: 980px) 980px, (min-width: 981px) and (max-width: 1280px) 1280px, (min-width: 1281px) 1418px, 100vw\" \/><\/p>\n<h2><strong>Proomun jako-sylinterin k\u00e4ytt\u00f6tapa<\/strong><strong>:<\/strong><\/h2>\n<ol>\n<li><strong>Asennus:<\/strong><\/li>\n<\/ol>\n<ul>\n<li>Aloita varmistamalla proomulle tai alukselle tukeva ja vakaa perustus.<\/li>\n<li>Aseta proomun jakopy\u00f6r\u00e4n sylinteri haluttuun paikkaan proomuun varmistaen, ett\u00e4 se on oikein linjassa k\u00e4sitelt\u00e4v\u00e4n kuorman tai materiaalin kanssa.<\/li>\n<li>Kiinnit\u00e4 sylinteri tukevasti asianmukaisilla kiinnitystarvikkeilla ja noudata valmistajan ohjeita kiristysmomenttien suhteen.<\/li>\n<\/ul>\n<ol start=\"2\">\n<li><strong>Hydrauliset liit\u00e4nn\u00e4t:<\/strong><\/li>\n<\/ol>\n<ul>\n<li>Kytke proomun j\u00e4rjestelm\u00e4st\u00e4 tulevat hydrauliletkut proomun jako-sylinteriin.<\/li>\n<li>Varmista, ett\u00e4 liit\u00e4nn\u00e4t ovat tiukat ja vuotamattomat.<\/li>\n<li>Tarkista hydraulij\u00e4rjestelm\u00e4n paine- ja virtausasetukset varmistaaksesi, ett\u00e4 ne vastaavat sylinterin vaatimuksia.<\/li>\n<\/ul>\n<ol start=\"3\">\n<li><strong>Kuormank\u00e4sittely:<\/strong><\/li>\n<\/ol>\n<ul>\n<li>Aktivoi proomun hydrauliikkaj\u00e4rjestelm\u00e4 ja k\u00e4yt\u00e4 ohjaimia proomun jako-sylinterin pident\u00e4miseksi tai lyhent\u00e4miseksi tarpeen mukaan.<\/li>\n<li>Hy\u00f6dynn\u00e4 tarkkoja ohjausominaisuuksia kuorman tai materiaalin k\u00e4sittelyyn tarkasti ja tehokkaasti.<\/li>\n<li>Tarkkaile kuormaa k\u00e4sittelyn aikana varmistaaksesi turvallisen ja varman toiminnan.<\/li>\n<\/ul>\n<h2><strong>Kuinka irrottaa hydraulisylinteri tuolista?<\/strong><\/h2>\n<p>Hydraulisylinterin irrottamiseksi tuolista tarvitset muutamia t\u00e4rkeit\u00e4 ty\u00f6kaluja ja noudatat n\u00e4it\u00e4 vaiheittaisia \u200b\u200bohjeita:<\/p>\n<ol>\n<li><strong>Ker\u00e4\u00e4 tarvittavat ty\u00f6kalut:<\/strong>\n<ul>\n<li>Jakoavain tai putkiavain<\/li>\n<li>Kumivasara tai -vasara<\/li>\n<li>Ruuvimeisseli (tarvittaessa)<\/li>\n<\/ul>\n<\/li>\n<li><strong>Valmistele ty\u00f6alue:<\/strong>\n<ul>\n<li>Varmista, ett\u00e4 sinulla on puhdas ja hyvin valaistu ty\u00f6tila.<\/li>\n<li>Aseta lattialle kangas tai suojapeite tuolin tai ymp\u00e4r\u00f6iv\u00e4n alueen vahingoittumisen est\u00e4miseksi.<\/li>\n<\/ul>\n<\/li>\n<li><strong>Paikanna kiinnityskohdat:<\/strong>\n<ul>\n<li>Tutki tuolia ja tunnista hydraulisylinterin kiinnityspisteet. N\u00e4m\u00e4 sijaitsevat tyypillisesti tuolin istuinosan alla.<\/li>\n<li>Etsi mahdolliset suojukset tai kotelot, jotka saattavat peitt\u00e4\u00e4 kiinnityspisteet.<\/li>\n<\/ul>\n<\/li>\n<li><strong>Poista kaikki suojukset tai korkit:<\/strong>\n<ul>\n<li>Jos kiinnityspisteiden p\u00e4\u00e4ll\u00e4 on suojuksia tai korkkeja, poista ne ruuvimeisselill\u00e4 tai sormillasi.<\/li>\n<li>Aseta suojukset tai korkit sivuun turvalliseen paikkaan.<\/li>\n<\/ul>\n<\/li>\n<li><strong>L\u00f6ys\u00e4\u00e4 kiinnitysmutteria:<\/strong>\n<ul>\n<li>K\u00e4yt\u00e4 jakoavainta tai putkiavainta tarttuaksesi hydraulisylinterin yl\u00e4osassa olevaan kiinnitysmutteriin.<\/li>\n<li>L\u00f6ys\u00e4\u00e4 mutteria k\u00e4\u00e4nt\u00e4m\u00e4ll\u00e4 avainta vastap\u00e4iv\u00e4\u00e4n.<\/li>\n<li>Huomaa, ett\u00e4 joissakin tuoleissa voi olla kiinnityspidike mutterin sijaan. T\u00e4llaisissa tapauksissa sinun on ehk\u00e4 irrotettava pidike pihdeill\u00e4 tai ruuvimeisselill\u00e4.<\/li>\n<\/ul>\n<\/li>\n<li><strong>Irrota sylinteri tuolin jalustasta:<\/strong>\n<ul>\n<li>Kun olet l\u00f6ys\u00e4nnyt kiinnitysmutterin, pid\u00e4 tuolin istuimesta tukevasti kiinni toisella k\u00e4dell\u00e4 sen vakauttamiseksi.<\/li>\n<li>Pid\u00e4 toisella k\u00e4dell\u00e4 tukevasti kiinni hydraulisylinterin yl\u00e4osasta.<\/li>\n<li>Irrota sylinteri tuolin jalustasta k\u00e4\u00e4nt\u00e4m\u00e4ll\u00e4 ja vet\u00e4m\u00e4ll\u00e4 sit\u00e4 yl\u00f6sp\u00e4in.<\/li>\n<li>Jos sylinteri on jumissa, voit naputtaa sit\u00e4 varovasti kumivasaralla tai vasaralla l\u00f6ys\u00e4t\u00e4ksesi sit\u00e4.<\/li>\n<\/ul>\n<\/li>\n<li><strong>Tarkasta ja puhdista:<\/strong>\n<ul>\n<li>Kun hydraulisylinteri on irrotettu, tarkista se mahdollisten vaurioiden tai kulumisen varalta.<\/li>\n<li>Puhdista sylinteri ja tuolin jalusta tarvittaessa liinalla tai miedolla puhdistusliuoksella.<\/li>\n<li>Tarkista tuolin kiinnityspisteet ja varmista, ett\u00e4 ne ovat puhtaat ja ettei niiss\u00e4 ole roskia.<\/li>\n<\/ul>\n<\/li>\n<li><strong>Vaihto tai huolto:<\/strong>\n<ul>\n<li>Jos irrotat hydraulisylinterin huoltoa tai vaihtoa varten, noudata tuolin mallikohtaisia \u200b\u200bvalmistajan ohjeita.<\/li>\n<li>Jos sylinteri on vaurioitunut tai toimii virheellisesti, ota yhteytt\u00e4 valmistajaan tai tuolien korjausasiantuntijaan saadaksesi sopivan vaihtosylinterin.<\/li>\n<\/ul>\n<\/li>\n<\/ol>\n<h2><strong>Tehtaan kapasiteetti ja kapasiteetti:<\/strong><\/h2>\n<h3>(1) Kokoonpano<\/h3>\n<p>Meill\u00e4 on ensiluokkainen riippumaton tutkimus- ja kehitysty\u00f6n kokoonpanoalusta. Hydraulisylinterien tuotantopajassa on nelj\u00e4 puoliautomaattista nostosylinterin kokoonpanolinjaa ja yksi automaattinen kallistussylinterin kokoonpanolinja, joiden suunniteltu vuotuinen tuotantokapasiteetti on 1 miljoona kappaletta. Erikoissylinterin ty\u00f6paja on varustettu erilaisilla eritelmill\u00e4 puoliautomaattisen puhdistusasennuksen kokoonpanoj\u00e4rjestelm\u00e4ll\u00e4, jonka suunniteltu vuotuinen tuotantokapasiteetti on 200 000, ja se on varustettu kuuluisilla CNC-ty\u00f6st\u00f6laitteilla, ty\u00f6st\u00f6keskuksella, korkean tarkkuuden sylinterin k\u00e4sittelyyn tarkoitetuilla erityislaitteilla, robottihitsauskoneella, automaattisella puhdistuslaitteella, automaattisella sylinterin kokoonpanokoneella ja automaattisella maalaustuotantolinjalla. Olemassa olevat kriittiset laitteet yli 300 sarjaa (sarjaa). Laiteresurssien optimaalinen kohdentaminen ja tehokas k\u00e4ytt\u00f6 varmistavat tuotteiden tarkkuusvaatimukset ja t\u00e4ytt\u00e4v\u00e4t tuotteiden laatuvaatimukset.<\/p>\n<p><img loading=\"lazy\" decoding=\"async\" class=\"alignnone wp-image-626\" src=\"https:\/\/hydraulic-cylinders.net\/wp-content\/uploads\/2023\/08\/hydraulic-cylinder-product-1-300x158.webp\" alt=\"\" width=\"495\" height=\"260\" srcset=\"https:\/\/hydraulic-cylinders.net\/wp-content\/uploads\/2023\/08\/hydraulic-cylinder-product-1-300x158.webp 495w, https:\/\/hydraulic-cylinders.net\/wp-content\/uploads\/2023\/08\/hydraulic-cylinder-product-1-480x252.webp 480w\" sizes=\"(min-width: 0px) and (max-width: 480px) 480px, (min-width: 481px) 495px, 100vw\" \/> <img loading=\"lazy\" decoding=\"async\" class=\"alignnone wp-image-627\" src=\"https:\/\/hydraulic-cylinders.net\/wp-content\/uploads\/2023\/08\/hydraulic-cylinder-product-2-300x189.webp\" alt=\"\" width=\"413\" height=\"260\" \/><\/p>\n<h3>(2) Koneistus<\/h3>\n<p>Ty\u00f6st\u00f6paja on varustettu r\u00e4\u00e4t\u00e4l\u00f6idyll\u00e4 kaltevalla kiskosorvauskeskuksella, ty\u00f6st\u00f6keskuksella, suurnopeus-hiontakoneella, hitsausrobotilla ja muilla vastaavilla laitteilla, joilla voidaan k\u00e4sitell\u00e4 sylinteriputkia, joiden sis\u00e4halkaisija on enint\u00e4\u00e4n 400 mm ja enimm\u00e4ispituus on 6 metri\u00e4.<\/p>\n<p><img loading=\"lazy\" decoding=\"async\" class=\"alignnone wp-image-628 size-large\" src=\"https:\/\/hydraulic-cylinders.net\/wp-content\/uploads\/2023\/08\/hydraulic-cylinder-product-3-1024x391.webp\" alt=\"\" width=\"1024\" height=\"391\" srcset=\"https:\/\/hydraulic-cylinders.net\/wp-content\/uploads\/2023\/08\/hydraulic-cylinder-product-3-980x374.webp 980w, https:\/\/hydraulic-cylinders.net\/wp-content\/uploads\/2023\/08\/hydraulic-cylinder-product-3-480x183.webp 480w\" sizes=\"(min-width: 0px) and (max-width: 480px) 480px, (min-width: 481px) and (max-width: 980px) 980px, (min-width: 981px) 1024px, 100vw\" \/><\/p>\n<h3>(3) Hitsaus<\/h3>\n<p><img loading=\"lazy\" decoding=\"async\" class=\"alignnone wp-image-629 size-large\" src=\"https:\/\/hydraulic-cylinders.net\/wp-content\/uploads\/2023\/08\/hydraulic-cylinder-product-4-1024x510.webp\" alt=\"\" width=\"1024\" height=\"510\" srcset=\"https:\/\/hydraulic-cylinders.net\/wp-content\/uploads\/2023\/08\/hydraulic-cylinder-product-4-980x488.webp 980w, https:\/\/hydraulic-cylinders.net\/wp-content\/uploads\/2023\/08\/hydraulic-cylinder-product-4-480x239.webp 480w\" sizes=\"(min-width: 0px) and (max-width: 480px) 480px, (min-width: 481px) and (max-width: 980px) 980px, (min-width: 981px) 1024px, 100vw\" \/><\/p>\n<h3>(4) Maalaus ja pinnoitus<\/h3>\n<p>Pienill\u00e4 ja keskisuurilla sylinterin automaattisilla vesipohjaisilla maalipinnoituslinjoilla automaattisen robotin lastaus- ja purku- ja automaattisen ruiskutuksen saavuttamiseksi, suunnittelukapasiteetti on 4000 kappaletta vuorossa;<br \/>\nMeill\u00e4 on my\u00f6s puoliautomaattinen maalauslinja suurille sylintereille, joka toimii voimaketjulla ja jonka suunnittelukapasiteetti on 60 laatikkoa ty\u00f6vuorossa.<\/p>\n<p><img loading=\"lazy\" decoding=\"async\" class=\"alignnone wp-image-630\" src=\"https:\/\/hydraulic-cylinders.net\/wp-content\/uploads\/2023\/08\/hydraulic-cylinder-product-5-300x213.webp\" alt=\"\" width=\"366\" height=\"260\" \/> <img loading=\"lazy\" decoding=\"async\" class=\"alignnone wp-image-631\" src=\"https:\/\/hydraulic-cylinders.net\/wp-content\/uploads\/2023\/08\/hydraulic-cylinder-product-6-300x225.webp\" alt=\"\" width=\"347\" height=\"260\" \/><\/p>\n<h3>(5) Testaus<\/h3>\n<p>Meill\u00e4 on ensiluokkaiset tarkastustilat ja testialustat, joilla varmistetaan, ett\u00e4 sylinterin suorituskyky t\u00e4ytt\u00e4\u00e4 vaatimukset.<\/p>\n<p><img loading=\"lazy\" decoding=\"async\" class=\"alignnone wp-image-632\" src=\"https:\/\/hydraulic-cylinders.net\/wp-content\/uploads\/2023\/08\/hydraulic-cylinder-product-8-300x200.webp\" alt=\"\" width=\"389\" height=\"260\" \/><\/p>\n<p>&nbsp;<\/p>\n<p>&nbsp;<\/p>\n<p>Olemme yksi parhaista hydraulisylintereiden valmistajista. Voimme tarjota kattavia hydraulisylintereit\u00e4. Tarjoamme my\u00f6s vastaavia <a href=\"https:\/\/hzpt.com\/agricultural-pto-gearbox\/\" target=\"_blank\" rel=\"noopener\">maatalousvaihteistot<\/a>Olemme vieneet tuotteitamme asiakkaille maailmanlaajuisesti ja ansainneet hyv\u00e4n maineen erinomaisen tuotelaadun ja huoltopalvelumme ansiosta. Toivotamme tervetulleeksi asiakkaat kotimaassa ja ulkomailla ottamaan meihin yhteytt\u00e4 neuvotellakseen liiketoimista, vaihtaakseen tietoja ja <a href=\"https:\/\/www.hydraulic-cylinders.net\/fi\/contact-us\/\">tehd\u00e4 yhteisty\u00f6t\u00e4 kanssamme<\/a>!<\/p>","protected":false},"excerpt":{"rendered":"<p>Barge Split Cylinder The barge split cylinder is a revolutionary product designed to optimize marine operations, particularly in transporting and handling goods and materials. This innovative hydraulic cylinder offers a range of features and benefits that enhance efficiency, safety, and productivity. The barge split cylinder offers a range of features and benefits that enhance efficiency, [&hellip;]<\/p>","protected":false},"featured_media":1783,"comment_status":"open","ping_status":"closed","template":"","meta":{"_et_pb_use_builder":"","_et_pb_old_content":"","_et_gb_content_width":""},"product_brand":[],"product_cat":[1550,1536,1552,1376],"product_tag":[1380],"class_list":{"0":"post-1778","1":"product","2":"type-product","3":"status-publish","4":"has-post-thumbnail","6":"product_cat-double-acting-hydraulic-cylinder","7":"product_cat-offshore-platform-hydraulic-cylinders","8":"product_cat-stainless-steel-hydraulic-cylinder","9":"product_cat-hydraulic-cylinder","10":"product_tag-hydraulic-cylinder","12":"first","13":"instock","14":"shipping-taxable","15":"product-type-simple"},"amp_enabled":true,"_links":{"self":[{"href":"https:\/\/www.hydraulic-cylinders.net\/fi\/wp-json\/wp\/v2\/product\/1778","targetHints":{"allow":["GET"]}}],"collection":[{"href":"https:\/\/www.hydraulic-cylinders.net\/fi\/wp-json\/wp\/v2\/product"}],"about":[{"href":"https:\/\/www.hydraulic-cylinders.net\/fi\/wp-json\/wp\/v2\/types\/product"}],"replies":[{"embeddable":true,"href":"https:\/\/www.hydraulic-cylinders.net\/fi\/wp-json\/wp\/v2\/comments?post=1778"}],"wp:featuredmedia":[{"embeddable":true,"href":"https:\/\/www.hydraulic-cylinders.net\/fi\/wp-json\/wp\/v2\/media\/1783"}],"wp:attachment":[{"href":"https:\/\/www.hydraulic-cylinders.net\/fi\/wp-json\/wp\/v2\/media?parent=1778"}],"wp:term":[{"taxonomy":"product_brand","embeddable":true,"href":"https:\/\/www.hydraulic-cylinders.net\/fi\/wp-json\/wp\/v2\/product_brand?post=1778"},{"taxonomy":"product_cat","embeddable":true,"href":"https:\/\/www.hydraulic-cylinders.net\/fi\/wp-json\/wp\/v2\/product_cat?post=1778"},{"taxonomy":"product_tag","embeddable":true,"href":"https:\/\/www.hydraulic-cylinders.net\/fi\/wp-json\/wp\/v2\/product_tag?post=1778"}],"curies":[{"name":"wp","href":"https:\/\/api.w.org\/{rel}","templated":true}]}}