{"id":1832,"date":"2023-10-17T03:51:20","date_gmt":"2023-10-17T03:51:20","guid":{"rendered":"https:\/\/hydraulic-cylinders.net\/?post_type=product&#038;p=1832"},"modified":"2025-04-15T05:43:04","modified_gmt":"2025-04-15T05:43:04","slug":"empty-container-stacker-oil-lifting-cylinder","status":"publish","type":"product","link":"https:\/\/www.hydraulic-cylinders.net\/fi\/tuote\/empty-container-stacker-oil-lifting-cylinder\/","title":{"rendered":"Tyhjen kontin pinoamis\u00f6ljyn nostosylinteri"},"content":{"rendered":"<h1 style=\"text-align: center;\"><strong>Tyhjen kontin pinoamis\u00f6ljyn nostosylinteri<\/strong><\/h1>\n<h1 style=\"text-align: center;\"><img loading=\"lazy\" decoding=\"async\" class=\"alignnone wp-image-1833\" src=\"https:\/\/hydraulic-cylinders.net\/wp-content\/uploads\/2023\/10\/lifting-cylinder-1-4-300x300.webp\" alt=\"\" width=\"400\" height=\"400\" \/><\/h1>\n<p>Tyhjien konttien pinoamisvaunun \u00f6ljynnostosylinteri on tehokas hydraulinen komponentti, joka on suunniteltu parantamaan konttien k\u00e4sittely\u00e4, erityisesti tyhjien konttien pinoamisprosessissa. T\u00e4m\u00e4 sylinteri on suunniteltu tarkasti tarjoamaan luotettavaa ja tehokasta nostokyky\u00e4, mahdollistaen konttien tarkan hallinnan ja turvallisen siirron erilaisissa pinoamissovelluksissa. Kest\u00e4v\u00e4n rakenteensa, edistyneiden ominaisuuksiensa ja helpon integroinnin ansiosta tyhjien konttien pinoamisvaunun \u00f6ljynnostosylinteri on olennainen ty\u00f6kalu yrityksille, jotka pyrkiv\u00e4t optimoimaan konttien k\u00e4sittelyn tehokkuutta ja tuottavuutta.<\/p>\n<p>Tyhjien konttien pinoamislaitteen \u00f6ljynnostosylinteri on elint\u00e4rke\u00e4 konttien k\u00e4sittelytoimintojen optimoinnissa, erityisesti paljaiden konttien pinoamissovelluksissa. Kest\u00e4v\u00e4n rakenteensa, tarkan ohjauksensa, suuren nostokapasiteettinsa ja edistyneiden turvaominaisuuksiensa ansiosta t\u00e4m\u00e4 sylinteri mahdollistaa konttien tehokkaan ja turvallisen nostamisen. Noudattamalla suositeltuja k\u00e4ytt\u00f6menetelmi\u00e4 ja toteuttamalla s\u00e4\u00e4nn\u00f6llisi\u00e4 huoltotoimenpiteit\u00e4 yritykset voivat maksimoida konttien k\u00e4sittelytoimintojensa suorituskyvyn, pitk\u00e4ik\u00e4isyyden ja turvallisuuden. Tyhjien konttien pinoamislaitteen \u00f6ljynnostosylinterin avulla yritykset voivat parantaa tuottavuutta, tehostaa toimintaansa ja varmistaa konttien tehokkaan siirron vaativalla konttienk\u00e4sittelyalalla.<\/p>\n<p>Tyhj\u00e4n kontin pinoamislaitteen \u00f6ljynnostosylinterin t\u00e4rkeimm\u00e4t ominaisuudet:<\/p>\n<ul>\n<li>Kest\u00e4v\u00e4 rakenne: \u00d6ljynnostosylinteri on valmistettu korkealaatuisista materiaaleista ja tarkalla suunnittelulla, mik\u00e4 varmistaa kest\u00e4vyyden ja pitk\u00e4ik\u00e4isyyden vaativissakin konttien k\u00e4sittelyymp\u00e4rist\u00f6iss\u00e4. Se on suunniteltu kest\u00e4m\u00e4\u00e4n raskaita kuormia ja toistuvaa k\u00e4ytt\u00f6\u00e4, mik\u00e4 tarjoaa luotettavan suorituskyvyn ja minimoi huoltotarpeet.<\/li>\n<li>Suuri nostokapasiteetti: Sylinterill\u00e4 on huomattava nostokapasiteetti, joka mahdollistaa konttien turvallisen ja tehokkaan k\u00e4sittelyn. Se varmistaa sujuvan ja hallitun nostamisen, jolloin k\u00e4ytt\u00e4j\u00e4t voivat pinota tai purkaa tyhji\u00e4 kontteja helposti.<\/li>\n<li>Tarkka ohjaus: Tyhjien konttien pinoamisvaunun \u00f6ljynostosylinteri tarjoaa tarkan hallinnan nostoprosessin aikana. K\u00e4ytt\u00e4j\u00e4t voivat s\u00e4\u00e4t\u00e4\u00e4 konttien nostokorkeutta ja asentoa tarkasti varmistaen optimaalisen pinoamisen ja purkamisen kohdistuksen ja minimoiden onnettomuuksien tai vaurioiden riskin.<\/li>\n<li>Parannettu turvallisuus: Turvallisuus on ensiarvoisen t\u00e4rke\u00e4\u00e4 konttien k\u00e4sittelyss\u00e4. T\u00e4ss\u00e4 nostosylinteriss\u00e4 on edistyneit\u00e4 turvaominaisuuksia, kuten ylikuormitussuoja ja h\u00e4t\u00e4pys\u00e4ytysmekanismit. N\u00e4m\u00e4 ominaisuudet auttavat est\u00e4m\u00e4\u00e4n ylikuormitusta ja varmistamaan turvalliset nostot, mik\u00e4 v\u00e4hent\u00e4\u00e4 onnettomuuksien ja loukkaantumisten riski\u00e4.<\/li>\n<\/ul>\n<h2><strong>Tyhj\u00e4n kontin pinoamis\u00f6ljyn nostosylinterin parametri:<\/strong><\/h2>\n<table border=\"1\" cellspacing=\"0\" cellpadding=\"0\">\n<tbody>\n<tr>\n<td>Tuotteen nimi<\/td>\n<td>Tyhjen kontin pinoamisvaunun nostosylinteri<\/td>\n<\/tr>\n<tr>\n<td>Ominaisuudet:<\/td>\n<td>Ymm\u00e4rr\u00e4 lis\u00e4laitteiden yl\u00f6s- ja alasp\u00e4in suuntautuva liike, joka on noston t\u00e4rkein liikkeellepaneva voima<\/td>\n<\/tr>\n<tr>\n<td>Rei\u00e4n halkaisija:<\/td>\n<td>85 mm\uff5e220 mm<\/td>\n<\/tr>\n<tr>\n<td>Tangon halkaisija:<\/td>\n<td>6 mm\uff5e180 mm<br \/>\nIsku \u22649500 mm<\/td>\n<\/tr>\n<tr>\n<td>Paine:<\/td>\n<td>Enimm\u00e4ispaine 25 MPa<\/td>\n<\/tr>\n<tr>\n<td>Sovellukset:<\/td>\n<td>Tyhjen konttien pinoaja<\/td>\n<\/tr>\n<\/tbody>\n<\/table>\n<h2><strong>Tyhj\u00e4n kontin pinoamis\u00f6ljysylinterin k\u00e4ytt\u00f6:<\/strong><\/h2>\n<p><img loading=\"lazy\" decoding=\"async\" class=\"alignnone wp-image-1831 size-full\" src=\"https:\/\/hydraulic-cylinders.net\/wp-content\/uploads\/2023\/10\/empty-container-stacker-oil-cylinder-1.webp\" alt=\"\" width=\"1418\" height=\"946\" srcset=\"https:\/\/hydraulic-cylinders.net\/wp-content\/uploads\/2023\/10\/empty-container-stacker-oil-cylinder-1.webp 1418w, https:\/\/hydraulic-cylinders.net\/wp-content\/uploads\/2023\/10\/empty-container-stacker-oil-cylinder-1-1280x854.webp 1280w, https:\/\/hydraulic-cylinders.net\/wp-content\/uploads\/2023\/10\/empty-container-stacker-oil-cylinder-1-980x654.webp 980w, https:\/\/hydraulic-cylinders.net\/wp-content\/uploads\/2023\/10\/empty-container-stacker-oil-cylinder-1-480x320.webp 480w\" sizes=\"(min-width: 0px) and (max-width: 480px) 480px, (min-width: 481px) and (max-width: 980px) 980px, (min-width: 981px) and (max-width: 1280px) 1280px, (min-width: 1281px) 1418px, 100vw\" \/><\/p>\n<h2><strong>Tyhj\u00e4n konttipinoajan \u00f6ljynnostosylinterin k\u00e4ytt\u00f6tapa<\/strong><strong>:<\/strong><\/h2>\n<ul>\n<li><strong>Asennus:<\/strong>\u00a0 Asenna tyhjien s\u00e4ili\u00f6iden pinoamisvaunun \u00f6ljynnostosylinteri valmistajan ohjeiden ja eritelmien mukaisesti sille tarkoitettuun paikkaan tyhjien s\u00e4ili\u00f6iden pinoamisvaunussa. Varmista oikea kohdistus, tukeva kiinnitys ja asianmukaiset liit\u00e4nn\u00e4t.<\/li>\n<li><strong>Hydrauliset liit\u00e4nn\u00e4t:<\/strong> Kytke sylinteri tyhjien konttien pinoamisvaunun hydraulij\u00e4rjestelm\u00e4\u00e4n varmistaen hydrauliletkujen oikean reitityksen ja turvalliset liit\u00e4nn\u00e4t. Noudata valmistajan suosituksia letkukokojen, liittimien ja painearvojen osalta turvallisen ja tehokkaan toiminnan varmistamiseksi.<\/li>\n<li><strong>Ohjaus ja toiminta:<\/strong> Nostosylinteri\u00e4 ohjataan tyypillisesti tyhjien konttien pinoamisvaunun olemassa olevalla ohjausj\u00e4rjestelm\u00e4ll\u00e4. K\u00e4ytt\u00e4j\u00e4t voivat k\u00e4ytt\u00e4\u00e4 ohjauskonsolia tai ohjauspaneelia hydraulipiirin aktivoimiseen ja nostomekanismin s\u00e4\u00e4t\u00e4miseen. Noudata valmistajan ohjeita oikeiden nostomenetelmien ja turvaohjeiden osalta.<\/li>\n<\/ul>\n<h2><strong>Miten yksisuuntainen hydraulisylinteri toimii?<\/strong><\/h2>\n<p>Yksisuuntainen hydraulisylinteri, joka tunnetaan my\u00f6s nimell\u00e4 yksitoiminen hydraulisylinteri, on hydraulinen toimilaite, joka tuottaa voimaa ja liikett\u00e4 yhteen suuntaan. Se k\u00e4ytt\u00e4\u00e4 hydraulista painetta sylinterin pident\u00e4miseen, mutta luottaa ulkoisiin voimiin, kuten painovoimaan tai jousiin, sen vet\u00e4miseen sis\u00e4\u00e4n. N\u00e4in yksisuuntainen hydraulisylinteri toimii:<\/p>\n<ol>\n<li><strong>Rakentaminen:<\/strong> Yksisuuntainen hydraulisylinteri koostuu sylinterim\u00e4isest\u00e4 kotelosta, m\u00e4nn\u00e4st\u00e4, m\u00e4nn\u00e4nvarresta ja hydraulinesteest\u00e4. M\u00e4nt\u00e4 sijaitsee sylinterin sis\u00e4ll\u00e4 ja jakaa sen kahteen kammioon: paine- tai ty\u00f6kammioon ja paluukammioon.<\/li>\n<li><strong>Hydraulinen paine:<\/strong> Hydraulinen paine syntyy hydraulipumpulla, joka luo hydraulinesteen virtauksen sylinterin painekammioon. Neste varastoidaan s\u00e4ili\u00f6\u00f6n ja kierr\u00e4tet\u00e4\u00e4n sylinterin l\u00e4pi hydrauliletkujen avulla.<\/li>\n<li><strong>Jatkoisku:<\/strong> Kun painekammioon kohdistetaan hydraulinen paine, se vaikuttaa m\u00e4nt\u00e4\u00e4n ty\u00f6nt\u00e4m\u00e4ll\u00e4 sit\u00e4 yhteen suuntaan. T\u00e4m\u00e4 voima pident\u00e4\u00e4 m\u00e4nn\u00e4nvartta, mik\u00e4 aiheuttaa lineaarisen liikkeen. Paluukammiossa oleva neste siirtyy pois ja virtaa takaisin s\u00e4ili\u00f6\u00f6n.<\/li>\n<li><strong>Vetoisku:<\/strong> Toisin kuin kaksitoimiset sylinterit, jotka k\u00e4ytt\u00e4v\u00e4t hydraulipainetta ojentamiseen ja vet\u00e4miseen, yksitoiminen hydraulisylinteri on riippuvainen ulkoisista voimista. N\u00e4m\u00e4 ulkoiset voimat voivat olla painovoimaa, jousia tai mekaanisia kuormia, jotka vaikuttavat m\u00e4nn\u00e4nvarteen ja aiheuttavat sen vet\u00e4ytymisen sis\u00e4\u00e4n, kun hydraulipaine vapautetaan.<\/li>\n<li><strong>Ohjaus ja toiminta:<\/strong> Hydraulista painetta ja virtausnopeutta ohjataan venttiileill\u00e4, joita k\u00e4ytet\u00e4\u00e4n ohjausj\u00e4rjestelm\u00e4n kautta. Venttiiliasetuksia s\u00e4\u00e4t\u00e4m\u00e4ll\u00e4 voidaan s\u00e4\u00e4t\u00e4\u00e4 sylinterin jatkoiskun nopeutta ja voimaa.<\/li>\n<li><strong>Sovellukset:<\/strong> Yksisuuntaisia \u200b\u200bhydraulisylintereit\u00e4 k\u00e4ytet\u00e4\u00e4n yleisesti sovelluksissa, joissa voimaa tarvitaan yhteen suuntaan, kuten nostosovelluksissa, kippiautoissa tai hydraulipuristimissa. Niit\u00e4 k\u00e4ytet\u00e4\u00e4n my\u00f6s silloin, kun tarvitaan vikasietoinen mekanismi, koska ulkoinen voima auttaa sylinterin vet\u00e4ytymist\u00e4 takaisin hydraulij\u00e4rjestelm\u00e4n vikaantumisen sattuessa.<\/li>\n<li><strong>Huolto:<\/strong> Yksisuuntaisen hydraulisylinterin s\u00e4\u00e4nn\u00f6llinen huolto sis\u00e4lt\u00e4\u00e4 vuotojen tarkistamisen, tiivisteiden ja venttiilien sek\u00e4 ohjausj\u00e4rjestelmien moitteettoman toiminnan varmistamisen. Riitt\u00e4v\u00e4 suodatus ja s\u00e4\u00e4nn\u00f6llinen nesteiden vaihto ovat v\u00e4ltt\u00e4m\u00e4tt\u00f6mi\u00e4 optimaalisen suorituskyvyn yll\u00e4pit\u00e4miseksi ja kontaminaation est\u00e4miseksi.<\/li>\n<\/ol>\n<h2><strong>Tehtaan kapasiteetti ja kapasiteetti:<\/strong><\/h2>\n<h3>(1) Kokoonpano<\/h3>\n<p>Meill\u00e4 on ensiluokkainen riippumaton tutkimus- ja kehitysty\u00f6n kokoonpanoalusta. Hydraulisylinterien tuotantopajassa on nelj\u00e4 puoliautomaattista nostosylinterin kokoonpanolinjaa ja yksi automaattinen kallistussylinterin kokoonpanolinja, joiden suunniteltu vuotuinen tuotantokapasiteetti on 1 miljoona kappaletta. Erikoissylinterin ty\u00f6paja on varustettu erilaisilla eritelmill\u00e4 puoliautomaattisen puhdistusasennuksen kokoonpanoj\u00e4rjestelm\u00e4ll\u00e4, jonka suunniteltu vuotuinen tuotantokapasiteetti on 200 000, ja se on varustettu kuuluisilla CNC-ty\u00f6st\u00f6laitteilla, ty\u00f6st\u00f6keskuksella, korkean tarkkuuden sylinterin k\u00e4sittelyyn tarkoitetuilla erityislaitteilla, robottihitsauskoneella, automaattisella puhdistuslaitteella, automaattisella sylinterin kokoonpanokoneella ja automaattisella maalaustuotantolinjalla. Olemassa olevat kriittiset laitteet yli 300 sarjaa (sarjaa). Laiteresurssien optimaalinen kohdentaminen ja tehokas k\u00e4ytt\u00f6 varmistavat tuotteiden tarkkuusvaatimukset ja t\u00e4ytt\u00e4v\u00e4t tuotteiden laatuvaatimukset.<\/p>\n<p><img loading=\"lazy\" decoding=\"async\" class=\"alignnone wp-image-626\" src=\"https:\/\/hydraulic-cylinders.net\/wp-content\/uploads\/2023\/08\/hydraulic-cylinder-product-1-300x158.webp\" alt=\"\" width=\"495\" height=\"260\" srcset=\"https:\/\/hydraulic-cylinders.net\/wp-content\/uploads\/2023\/08\/hydraulic-cylinder-product-1-300x158.webp 495w, https:\/\/hydraulic-cylinders.net\/wp-content\/uploads\/2023\/08\/hydraulic-cylinder-product-1-480x252.webp 480w\" sizes=\"(min-width: 0px) and (max-width: 480px) 480px, (min-width: 481px) 495px, 100vw\" \/> <img loading=\"lazy\" decoding=\"async\" class=\"alignnone wp-image-627\" src=\"https:\/\/hydraulic-cylinders.net\/wp-content\/uploads\/2023\/08\/hydraulic-cylinder-product-2-300x189.webp\" alt=\"\" width=\"413\" height=\"260\" \/><\/p>\n<h3>(2) Koneistus<\/h3>\n<p>Ty\u00f6st\u00f6paja on varustettu r\u00e4\u00e4t\u00e4l\u00f6idyll\u00e4 kaltevalla kiskosorvauskeskuksella, ty\u00f6st\u00f6keskuksella, suurnopeus-hiontakoneella, hitsausrobotilla ja muilla vastaavilla laitteilla, joilla voidaan k\u00e4sitell\u00e4 sylinteriputkia, joiden sis\u00e4halkaisija on enint\u00e4\u00e4n 400 mm ja enimm\u00e4ispituus on 6 metri\u00e4.<\/p>\n<p><img loading=\"lazy\" decoding=\"async\" class=\"alignnone wp-image-628 size-large\" src=\"https:\/\/hydraulic-cylinders.net\/wp-content\/uploads\/2023\/08\/hydraulic-cylinder-product-3-1024x391.webp\" alt=\"\" width=\"1024\" height=\"391\" srcset=\"https:\/\/hydraulic-cylinders.net\/wp-content\/uploads\/2023\/08\/hydraulic-cylinder-product-3-980x374.webp 980w, https:\/\/hydraulic-cylinders.net\/wp-content\/uploads\/2023\/08\/hydraulic-cylinder-product-3-480x183.webp 480w\" sizes=\"(min-width: 0px) and (max-width: 480px) 480px, (min-width: 481px) and (max-width: 980px) 980px, (min-width: 981px) 1024px, 100vw\" \/><\/p>\n<h3>(3) Hitsaus<\/h3>\n<p><img loading=\"lazy\" decoding=\"async\" class=\"alignnone wp-image-629 size-large\" src=\"https:\/\/hydraulic-cylinders.net\/wp-content\/uploads\/2023\/08\/hydraulic-cylinder-product-4-1024x510.webp\" alt=\"\" width=\"1024\" height=\"510\" srcset=\"https:\/\/hydraulic-cylinders.net\/wp-content\/uploads\/2023\/08\/hydraulic-cylinder-product-4-980x488.webp 980w, https:\/\/hydraulic-cylinders.net\/wp-content\/uploads\/2023\/08\/hydraulic-cylinder-product-4-480x239.webp 480w\" sizes=\"(min-width: 0px) and (max-width: 480px) 480px, (min-width: 481px) and (max-width: 980px) 980px, (min-width: 981px) 1024px, 100vw\" \/><\/p>\n<h3>(4) Maalaus ja pinnoitus<\/h3>\n<p>Pienill\u00e4 ja keskisuurilla sylinterin automaattisilla vesipohjaisilla maalipinnoituslinjoilla automaattisen robotin lastaus- ja purku- ja automaattisen ruiskutuksen saavuttamiseksi, suunnittelukapasiteetti on 4000 kappaletta vuorossa;<br \/>\nMeill\u00e4 on my\u00f6s puoliautomaattinen maalauslinja suurille sylintereille, joka toimii voimaketjulla ja jonka suunnittelukapasiteetti on 60 laatikkoa ty\u00f6vuorossa.<\/p>\n<p><img loading=\"lazy\" decoding=\"async\" class=\"alignnone wp-image-630\" src=\"https:\/\/hydraulic-cylinders.net\/wp-content\/uploads\/2023\/08\/hydraulic-cylinder-product-5-300x213.webp\" alt=\"\" width=\"366\" height=\"260\" \/> <img loading=\"lazy\" decoding=\"async\" class=\"alignnone wp-image-631\" src=\"https:\/\/hydraulic-cylinders.net\/wp-content\/uploads\/2023\/08\/hydraulic-cylinder-product-6-300x225.webp\" alt=\"\" width=\"347\" height=\"260\" \/><\/p>\n<h3>(5) Testaus<\/h3>\n<p>Meill\u00e4 on ensiluokkaiset tarkastustilat ja testialustat, joilla varmistetaan, ett\u00e4 sylinterin suorituskyky t\u00e4ytt\u00e4\u00e4 vaatimukset.<\/p>\n<p><img loading=\"lazy\" decoding=\"async\" class=\"alignnone wp-image-632\" src=\"https:\/\/hydraulic-cylinders.net\/wp-content\/uploads\/2023\/08\/hydraulic-cylinder-product-8-300x200.webp\" alt=\"\" width=\"389\" height=\"260\" \/><\/p>\n<p>&nbsp;<\/p>\n<p>&nbsp;<\/p>\n<p>Olemme yksi parhaista hydraulisylintereiden valmistajista. Voimme tarjota kattavia hydraulisylintereit\u00e4. Tarjoamme my\u00f6s vastaavia <a href=\"https:\/\/hzpt.com\/agricultural-pto-gearbox\/\" target=\"_blank\" rel=\"noopener\">maatalousvaihteistot<\/a>Olemme vieneet tuotteitamme asiakkaille maailmanlaajuisesti ja ansainneet hyv\u00e4n maineen erinomaisen tuotelaadun ja huoltopalvelumme ansiosta. Toivotamme tervetulleeksi asiakkaat kotimaassa ja ulkomailla ottamaan meihin yhteytt\u00e4 neuvotellakseen liiketoimista, vaihtaakseen tietoja ja <a href=\"https:\/\/www.hydraulic-cylinders.net\/fi\/contact-us\/\">tehd\u00e4 yhteisty\u00f6t\u00e4 kanssamme<\/a>!<\/p>\n<p>&nbsp;<\/p>","protected":false},"excerpt":{"rendered":"<p>Empty Container Stacker Oil Lifting Cylinder The empty container stacker oil lifting cylinder is a powerful hydraulic component designed to enhance container handling operations, specifically in the empty container stacking process. This cylinder is precisely engineered to provide reliable and efficient lifting capability, allowing precise control and safe movement of containers in various stacking applications. [&hellip;]<\/p>","protected":false},"featured_media":1834,"comment_status":"open","ping_status":"closed","template":"","meta":{"_et_pb_use_builder":"","_et_pb_old_content":"","_et_gb_content_width":""},"product_brand":[],"product_cat":[1549,1516,1552],"product_tag":[1380],"class_list":{"0":"post-1832","1":"product","2":"type-product","3":"status-publish","4":"has-post-thumbnail","6":"product_cat-single-acting-hydraulic-cylinder","7":"product_cat-stacker-reclaimer-hydraulic-cylinders","8":"product_cat-stainless-steel-hydraulic-cylinder","9":"product_tag-hydraulic-cylinder","11":"first","12":"instock","13":"shipping-taxable","14":"product-type-simple"},"amp_enabled":true,"_links":{"self":[{"href":"https:\/\/www.hydraulic-cylinders.net\/fi\/wp-json\/wp\/v2\/product\/1832","targetHints":{"allow":["GET"]}}],"collection":[{"href":"https:\/\/www.hydraulic-cylinders.net\/fi\/wp-json\/wp\/v2\/product"}],"about":[{"href":"https:\/\/www.hydraulic-cylinders.net\/fi\/wp-json\/wp\/v2\/types\/product"}],"replies":[{"embeddable":true,"href":"https:\/\/www.hydraulic-cylinders.net\/fi\/wp-json\/wp\/v2\/comments?post=1832"}],"wp:featuredmedia":[{"embeddable":true,"href":"https:\/\/www.hydraulic-cylinders.net\/fi\/wp-json\/wp\/v2\/media\/1834"}],"wp:attachment":[{"href":"https:\/\/www.hydraulic-cylinders.net\/fi\/wp-json\/wp\/v2\/media?parent=1832"}],"wp:term":[{"taxonomy":"product_brand","embeddable":true,"href":"https:\/\/www.hydraulic-cylinders.net\/fi\/wp-json\/wp\/v2\/product_brand?post=1832"},{"taxonomy":"product_cat","embeddable":true,"href":"https:\/\/www.hydraulic-cylinders.net\/fi\/wp-json\/wp\/v2\/product_cat?post=1832"},{"taxonomy":"product_tag","embeddable":true,"href":"https:\/\/www.hydraulic-cylinders.net\/fi\/wp-json\/wp\/v2\/product_tag?post=1832"}],"curies":[{"name":"wp","href":"https:\/\/api.w.org\/{rel}","templated":true}]}}