{"id":1859,"date":"2023-10-18T02:17:53","date_gmt":"2023-10-18T02:17:53","guid":{"rendered":"https:\/\/hydraulic-cylinders.net\/?post_type=product&#038;p=1859"},"modified":"2025-04-15T05:42:38","modified_gmt":"2025-04-15T05:42:38","slug":"stacker-reclaimer-belt-tensioning-cylinder","status":"publish","type":"product","link":"https:\/\/www.hydraulic-cylinders.net\/fi\/tuote\/stacker-reclaimer-belt-tensioning-cylinder\/","title":{"rendered":"Pinoamislaitteen hihnan kiristyssylinteri"},"content":{"rendered":"<h1 style=\"text-align: center;\"><strong>Pinoamislaitteen hihnan kiristyssylinteri<\/strong><\/h1>\n<h1 style=\"text-align: center;\"><img loading=\"lazy\" decoding=\"async\" class=\"alignnone wp-image-1860\" src=\"https:\/\/hydraulic-cylinders.net\/wp-content\/uploads\/2023\/10\/belt-tensioning-cylinder-1-300x300.webp\" alt=\"\" width=\"400\" height=\"400\" \/><\/h1>\n<p>Pinoamisvaunun hihnan kiristyssylinteri on kriittinen osa materiaalink\u00e4sittelyss\u00e4 k\u00e4ytett\u00e4vi\u00e4 kuljetinj\u00e4rjestelmi\u00e4. Sill\u00e4 on ratkaiseva rooli kuljetinhihnan oikean kireyden ja kohdistuksen yll\u00e4pit\u00e4misess\u00e4, mik\u00e4 varmistaa irtomateriaalien tehokkaan ja luotettavan kuljetuksen. T\u00e4m\u00e4 erikoishydraulisylinteri tarjoaa poikkeuksellisen suorituskyvyn ja kest\u00e4vyyden, mink\u00e4 ansiosta k\u00e4ytt\u00e4j\u00e4t voivat optimoida kuljettimen suorituskyvyn ja pident\u00e4\u00e4 samalla kuljetinhihnan k\u00e4ytt\u00f6ik\u00e4\u00e4.<\/p>\n<p>Pinoamisvaunun hihnan kiristyssylinteri on kuljetinj\u00e4rjestelmien t\u00e4rke\u00e4 osa, joka tarjoaa tarkan kireyden s\u00e4\u00e4d\u00f6n, kest\u00e4v\u00e4n rakenteen ja luotettavan hihnan kohdistuksen. Kykyns\u00e4 optimoida kireys ja yll\u00e4pit\u00e4\u00e4 oikea hihnan kohdistus parantaa kuljettimen suorituskyky\u00e4, minimoi seisokkiajat ja pident\u00e4\u00e4 kuljetinhihnan k\u00e4ytt\u00f6ik\u00e4\u00e4. Noudattamalla suositeltuja k\u00e4ytt\u00f6menetelmi\u00e4 ja toteuttamalla s\u00e4\u00e4nn\u00f6llisi\u00e4 huoltotoimenpiteit\u00e4 yritykset voivat maksimoida kuljetinj\u00e4rjestelmiens\u00e4 suorituskyvyn, pitk\u00e4ik\u00e4isyyden ja luotettavuuden. Pinoamisvaunun hihnan kiristyssylinteri on arvokas investointi materiaalink\u00e4sittelytoimintoihin, sill\u00e4 se antaa k\u00e4ytt\u00e4jille mahdollisuuden saavuttaa optimaalinen tehokkuus, tarkkuus ja tuottavuus dynaamisissa ja vaativissa materiaalink\u00e4sittelyymp\u00e4rist\u00f6iss\u00e4.<\/p>\n<p>Pinoamislaitteen hihnan kiristyssylinterin t\u00e4rkeimm\u00e4t ominaisuudet:<\/p>\n<ul>\n<li>Tarkka kireyden s\u00e4\u00e4t\u00f6: Hihnan kiristyssylinteri mahdollistaa kuljetinhihnaan kohdistuvan kireyden tarkan hallinnan. T\u00e4m\u00e4n ominaisuuden avulla k\u00e4ytt\u00e4j\u00e4t voivat s\u00e4\u00e4t\u00e4\u00e4 kireytt\u00e4 kuljetettavan materiaalin erityisvaatimusten mukaan, mik\u00e4 varmistaa optimaalisen suorituskyvyn ja est\u00e4\u00e4 hihnan luistamisen tai vaurioitumisen.<\/li>\n<li>Kest\u00e4v\u00e4 rakenne: Korkealaatuisista materiaaleista ja kest\u00e4v\u00e4st\u00e4 rakenteesta valmistettu hihnankiristyssylinteri on suunniteltu kest\u00e4m\u00e4\u00e4n materiaalink\u00e4sittelyn vaativat olosuhteet. Sen tukeva rakenne varmistaa luotettavan suorituskyvyn my\u00f6s raskaissa kuormissa, t\u00e4rin\u00e4ss\u00e4 ja ankarissa ymp\u00e4rist\u00f6iss\u00e4.<\/li>\n<li>Luotettava hihnan kohdistus: Sylinterin rakenne mahdollistaa hihnan tasaisen ja tarkan kohdistuksen. Yll\u00e4pit\u00e4m\u00e4ll\u00e4 oikeaa kireytt\u00e4 se auttaa est\u00e4m\u00e4\u00e4n hihnan virhekohdistuksen ja v\u00e4hent\u00e4\u00e4 materiaalin vuotamisen riski\u00e4, \u200b\u200bmik\u00e4 minimoi seisokkiajat ja parantaa toiminnan tehokkuutta.<\/li>\n<\/ul>\n<h2><strong>Pinoamislaitteen purkajan jakopy\u00f6r\u00e4n noususylinterin parametri:<\/strong><\/h2>\n<table border=\"1\" cellspacing=\"0\" cellpadding=\"0\">\n<tbody>\n<tr>\n<td>Tuotteen nimi<\/td>\n<td>Pinoamislaitteen hihnan kiristyssylinteri<\/td>\n<\/tr>\n<tr>\n<td>Ominaisuudet:<\/td>\n<td>Tarkista hihnan kireys ja l\u00f6ysyys<\/td>\n<\/tr>\n<tr>\n<td>Rei\u00e4n halkaisija:<\/td>\n<td>80 mm\uff5e180 m<\/td>\n<\/tr>\n<tr>\n<td>Tangon halkaisija:<\/td>\n<td>45 mm\uff5e120 mm<br \/>\nIsku 500 mm\uff5e1500 mm<\/td>\n<\/tr>\n<tr>\n<td>Paine:<\/td>\n<td>jopa 35 MPa<\/td>\n<\/tr>\n<tr>\n<td>Sovellukset:<\/td>\n<td>Pinoamislaitteen kierr\u00e4tyslaite<\/td>\n<\/tr>\n<\/tbody>\n<\/table>\n<h2><strong>Pinoamislaitteen kierr\u00e4tyssylinterin k\u00e4ytt\u00f6:<\/strong><\/h2>\n<p><img loading=\"lazy\" decoding=\"async\" class=\"alignnone wp-image-1854 size-full\" src=\"https:\/\/hydraulic-cylinders.net\/wp-content\/uploads\/2023\/10\/stacker-reclaimer-cylinder-1.webp\" alt=\"\" width=\"494\" height=\"330\" srcset=\"https:\/\/hydraulic-cylinders.net\/wp-content\/uploads\/2023\/10\/stacker-reclaimer-cylinder-1.webp 494w, https:\/\/hydraulic-cylinders.net\/wp-content\/uploads\/2023\/10\/stacker-reclaimer-cylinder-1-480x321.webp 480w\" sizes=\"(min-width: 0px) and (max-width: 480px) 480px, (min-width: 481px) 494px, 100vw\" \/><\/p>\n<h2><strong>Pinoamislaitteen kierr\u00e4tyssylinterin k\u00e4ytt\u00f6tapa<\/strong><strong>:<\/strong><\/h2>\n<p>Kireyden s\u00e4\u00e4t\u00f6: Noudata n\u00e4it\u00e4 ohjeita hy\u00f6dynt\u00e4\u00e4ksesi pinoajan hihnan kiristyssylinteri\u00e4 tehokkaasti:<\/p>\n<p>a. K\u00e4ynnist\u00e4 kuljetinta k\u00e4ytt\u00e4v\u00e4 hydraulij\u00e4rjestelm\u00e4 ja varmista, ett\u00e4 hydraulipaine on suositellulla k\u00e4ytt\u00f6alueella.<br \/>\nb. K\u00e4yt\u00e4 mukana toimitettua ohjausliit\u00e4nt\u00e4\u00e4 tai s\u00e4\u00e4t\u00f6mekanismia kuljetinhihnaan kohdistuvan kireyden lis\u00e4\u00e4miseen tai v\u00e4hent\u00e4miseen.<br \/>\nc. Tarkkaile hihnan suorituskyky\u00e4 ja s\u00e4\u00e4d\u00e4 kireytt\u00e4 optimaalisen kohdistuksen yll\u00e4pit\u00e4miseksi ja liukumisen tai vaurioitumisen est\u00e4miseksi.<\/p>\n<h2><strong>Kuinka paljon hydraulisylinterin korjaaminen maksaa?<\/strong><\/h2>\n<p>Hydraulisylinterin korjauskustannukset voivat vaihdella useiden tekij\u00f6iden mukaan, mukaan lukien vaurion tai kulumisen laajuus, sylinterin koko, varaosien saatavuus ja ty\u00f6voimakustannukset. Hydraulisylinterin korjaamiseen kuuluu tyypillisesti sylinterin purkaminen, vaurioituneiden osien tarkastaminen ja korjaaminen tai vaihtaminen sek\u00e4 sylinterin uudelleen tiivist\u00e4minen ja kokoaminen sen toiminnan palauttamiseksi.<\/p>\n<p>T\u00e4ss\u00e4 on joitakin tekij\u00f6it\u00e4, jotka voivat vaikuttaa hydraulisylinterin korjauksen hintaan:<\/p>\n<ol>\n<li><strong>Vaurio tai kuluminen:<\/strong> Sylinterin vaurioiden tai kulumisen laajuus voi vaikuttaa kustannuksiin. Pienet korjaukset tai tiivisteiden vaihdot voivat olla halvempia kuin suurten osien, kuten m\u00e4nn\u00e4n, m\u00e4nn\u00e4nvarren tai sylinterin, korjaaminen tai vaihtaminen.<\/li>\n<li><strong>Varaosat:<\/strong> Korjaukseen tarvittavien varaosien saatavuus ja hinta voivat vaihdella. Joissakin sylintereiss\u00e4 voi olla helposti saatavilla olevia ja edullisia osia, kun taas toiset saattavat vaatia r\u00e4\u00e4t\u00e4l\u00f6ityj\u00e4 tai erikoisosia, mik\u00e4 voi nostaa kustannuksia.<\/li>\n<li><strong>Sylinterin koko:<\/strong> Suurempien sylinterien korjaaminen voi vaatia enemm\u00e4n aikaa ja vaivaa, mik\u00e4 vaikuttaa kokonaiskustannuksiin.<\/li>\n<li><strong>Ty\u00f6voimakustannukset:<\/strong> Ty\u00f6voimakustannukset voivat vaihdella korjauksen monimutkaisuuden, vaaditun taitotason ja palveluntarjoajan sijainnin mukaan. Ty\u00f6voimakustannuksiin voi sis\u00e4lty\u00e4 purkaminen, tarkastus, puhdistus, osien korjaus tai vaihto, uudelleentiivistys ja kokoaminen.<\/li>\n<li><strong>Lis\u00e4palvelut:<\/strong> Jos tarvitaan muita palveluita, kuten koneistusta, hitsausta tai hoonausta, ne voivat lis\u00e4t\u00e4 korjauksen kokonaiskustannuksia.<\/li>\n<\/ol>\n<h2><strong>Tehtaan kapasiteetti ja kapasiteetti:<\/strong><\/h2>\n<h3>(1) Kokoonpano<\/h3>\n<p>Meill\u00e4 on ensiluokkainen riippumaton tutkimus- ja kehitysty\u00f6n kokoonpanoalusta. Hydraulisylinterien tuotantopajassa on nelj\u00e4 puoliautomaattista nostosylinterin kokoonpanolinjaa ja yksi automaattinen kallistussylinterin kokoonpanolinja, joiden suunniteltu vuotuinen tuotantokapasiteetti on 1 miljoona kappaletta. Erikoissylinterin ty\u00f6paja on varustettu erilaisilla eritelmill\u00e4 puoliautomaattisen puhdistusasennuksen kokoonpanoj\u00e4rjestelm\u00e4ll\u00e4, jonka suunniteltu vuotuinen tuotantokapasiteetti on 200 000, ja se on varustettu kuuluisilla CNC-ty\u00f6st\u00f6laitteilla, ty\u00f6st\u00f6keskuksella, korkean tarkkuuden sylinterin k\u00e4sittelyyn tarkoitetuilla erityislaitteilla, robottihitsauskoneella, automaattisella puhdistuslaitteella, automaattisella sylinterin kokoonpanokoneella ja automaattisella maalaustuotantolinjalla. Olemassa olevat kriittiset laitteet yli 300 sarjaa (sarjaa). Laiteresurssien optimaalinen kohdentaminen ja tehokas k\u00e4ytt\u00f6 varmistavat tuotteiden tarkkuusvaatimukset ja t\u00e4ytt\u00e4v\u00e4t tuotteiden laatuvaatimukset.<\/p>\n<p><img loading=\"lazy\" decoding=\"async\" class=\"alignnone wp-image-626\" src=\"https:\/\/hydraulic-cylinders.net\/wp-content\/uploads\/2023\/08\/hydraulic-cylinder-product-1-300x158.webp\" alt=\"\" width=\"495\" height=\"260\" srcset=\"https:\/\/hydraulic-cylinders.net\/wp-content\/uploads\/2023\/08\/hydraulic-cylinder-product-1-300x158.webp 495w, https:\/\/hydraulic-cylinders.net\/wp-content\/uploads\/2023\/08\/hydraulic-cylinder-product-1-480x252.webp 480w\" sizes=\"(min-width: 0px) and (max-width: 480px) 480px, (min-width: 481px) 495px, 100vw\" \/> <img loading=\"lazy\" decoding=\"async\" class=\"alignnone wp-image-627\" src=\"https:\/\/hydraulic-cylinders.net\/wp-content\/uploads\/2023\/08\/hydraulic-cylinder-product-2-300x189.webp\" alt=\"\" width=\"413\" height=\"260\" \/><\/p>\n<h3>(2) Koneistus<\/h3>\n<p>Ty\u00f6st\u00f6paja on varustettu r\u00e4\u00e4t\u00e4l\u00f6idyll\u00e4 kaltevalla kiskosorvauskeskuksella, ty\u00f6st\u00f6keskuksella, suurnopeus-hiontakoneella, hitsausrobotilla ja muilla vastaavilla laitteilla, joilla voidaan k\u00e4sitell\u00e4 sylinteriputkia, joiden sis\u00e4halkaisija on enint\u00e4\u00e4n 400 mm ja enimm\u00e4ispituus on 6 metri\u00e4.<\/p>\n<p><img loading=\"lazy\" decoding=\"async\" class=\"alignnone wp-image-628 size-large\" src=\"https:\/\/hydraulic-cylinders.net\/wp-content\/uploads\/2023\/08\/hydraulic-cylinder-product-3-1024x391.webp\" alt=\"\" width=\"1024\" height=\"391\" srcset=\"https:\/\/hydraulic-cylinders.net\/wp-content\/uploads\/2023\/08\/hydraulic-cylinder-product-3-980x374.webp 980w, https:\/\/hydraulic-cylinders.net\/wp-content\/uploads\/2023\/08\/hydraulic-cylinder-product-3-480x183.webp 480w\" sizes=\"(min-width: 0px) and (max-width: 480px) 480px, (min-width: 481px) and (max-width: 980px) 980px, (min-width: 981px) 1024px, 100vw\" \/><\/p>\n<h3>(3) Hitsaus<\/h3>\n<p><img loading=\"lazy\" decoding=\"async\" class=\"alignnone wp-image-629 size-large\" src=\"https:\/\/hydraulic-cylinders.net\/wp-content\/uploads\/2023\/08\/hydraulic-cylinder-product-4-1024x510.webp\" alt=\"\" width=\"1024\" height=\"510\" srcset=\"https:\/\/hydraulic-cylinders.net\/wp-content\/uploads\/2023\/08\/hydraulic-cylinder-product-4-980x488.webp 980w, https:\/\/hydraulic-cylinders.net\/wp-content\/uploads\/2023\/08\/hydraulic-cylinder-product-4-480x239.webp 480w\" sizes=\"(min-width: 0px) and (max-width: 480px) 480px, (min-width: 481px) and (max-width: 980px) 980px, (min-width: 981px) 1024px, 100vw\" \/><\/p>\n<h3>(4) Maalaus ja pinnoitus<\/h3>\n<p>Pienill\u00e4 ja keskisuurilla sylinterin automaattisilla vesipohjaisilla maalipinnoituslinjoilla automaattisen robotin lastaus- ja purku- ja automaattisen ruiskutuksen saavuttamiseksi, suunnittelukapasiteetti on 4000 kappaletta vuorossa;<br \/>\nMeill\u00e4 on my\u00f6s puoliautomaattinen maalauslinja suurille sylintereille, joka toimii voimaketjulla ja jonka suunnittelukapasiteetti on 60 laatikkoa ty\u00f6vuorossa.<\/p>\n<p><img loading=\"lazy\" decoding=\"async\" class=\"alignnone wp-image-630\" src=\"https:\/\/hydraulic-cylinders.net\/wp-content\/uploads\/2023\/08\/hydraulic-cylinder-product-5-300x213.webp\" alt=\"\" width=\"366\" height=\"260\" \/> <img loading=\"lazy\" decoding=\"async\" class=\"alignnone wp-image-631\" src=\"https:\/\/hydraulic-cylinders.net\/wp-content\/uploads\/2023\/08\/hydraulic-cylinder-product-6-300x225.webp\" alt=\"\" width=\"347\" height=\"260\" \/><\/p>\n<h3>(5) Testaus<\/h3>\n<p>Meill\u00e4 on ensiluokkaiset tarkastustilat ja testialustat, joilla varmistetaan, ett\u00e4 sylinterin suorituskyky t\u00e4ytt\u00e4\u00e4 vaatimukset.<\/p>\n<p><img loading=\"lazy\" decoding=\"async\" class=\"alignnone wp-image-632\" src=\"https:\/\/hydraulic-cylinders.net\/wp-content\/uploads\/2023\/08\/hydraulic-cylinder-product-8-300x200.webp\" alt=\"\" width=\"389\" height=\"260\" \/><\/p>\n<p>&nbsp;<\/p>\n<p>&nbsp;<\/p>\n<p>Olemme yksi parhaista hydraulisylintereiden valmistajista. Voimme tarjota kattavia hydraulisylintereit\u00e4. Tarjoamme my\u00f6s vastaavia <a href=\"https:\/\/hzpt.com\/agricultural-pto-gearbox\/\" target=\"_blank\" rel=\"noopener\">maatalousvaihteistot<\/a>Olemme vieneet tuotteitamme asiakkaille maailmanlaajuisesti ja ansainneet hyv\u00e4n maineen erinomaisen tuotelaadun ja huoltopalvelumme ansiosta. Toivotamme tervetulleeksi asiakkaat kotimaassa ja ulkomailla ottamaan meihin yhteytt\u00e4 neuvotellakseen liiketoimista, vaihtaakseen tietoja ja <a href=\"https:\/\/www.hydraulic-cylinders.net\/fi\/contact-us\/\">tehd\u00e4 yhteisty\u00f6t\u00e4 kanssamme<\/a>!<\/p>\n<p>&nbsp;<\/p>\n<p>&nbsp;<\/p>","protected":false},"excerpt":{"rendered":"<p>Stacker Reclaimer Belt Tensioning Cylinder The stacker reclaimer belt tensioning cylinder is a critical component in conveyor systems used in material handling operations. It plays a crucial role in maintaining proper tension and alignment of the conveyor belt, ensuring efficient and reliable transportation of bulk materials. This specialized hydraulic cylinder offers exceptional performance and durability, [&hellip;]<\/p>","protected":false},"featured_media":1861,"comment_status":"open","ping_status":"closed","template":"","meta":{"_et_pb_use_builder":"","_et_pb_old_content":"","_et_gb_content_width":""},"product_brand":[],"product_cat":[1549,1516,1552],"product_tag":[1380],"class_list":{"0":"post-1859","1":"product","2":"type-product","3":"status-publish","4":"has-post-thumbnail","6":"product_cat-single-acting-hydraulic-cylinder","7":"product_cat-stacker-reclaimer-hydraulic-cylinders","8":"product_cat-stainless-steel-hydraulic-cylinder","9":"product_tag-hydraulic-cylinder","11":"first","12":"instock","13":"shipping-taxable","14":"product-type-simple"},"amp_enabled":true,"_links":{"self":[{"href":"https:\/\/www.hydraulic-cylinders.net\/fi\/wp-json\/wp\/v2\/product\/1859","targetHints":{"allow":["GET"]}}],"collection":[{"href":"https:\/\/www.hydraulic-cylinders.net\/fi\/wp-json\/wp\/v2\/product"}],"about":[{"href":"https:\/\/www.hydraulic-cylinders.net\/fi\/wp-json\/wp\/v2\/types\/product"}],"replies":[{"embeddable":true,"href":"https:\/\/www.hydraulic-cylinders.net\/fi\/wp-json\/wp\/v2\/comments?post=1859"}],"wp:featuredmedia":[{"embeddable":true,"href":"https:\/\/www.hydraulic-cylinders.net\/fi\/wp-json\/wp\/v2\/media\/1861"}],"wp:attachment":[{"href":"https:\/\/www.hydraulic-cylinders.net\/fi\/wp-json\/wp\/v2\/media?parent=1859"}],"wp:term":[{"taxonomy":"product_brand","embeddable":true,"href":"https:\/\/www.hydraulic-cylinders.net\/fi\/wp-json\/wp\/v2\/product_brand?post=1859"},{"taxonomy":"product_cat","embeddable":true,"href":"https:\/\/www.hydraulic-cylinders.net\/fi\/wp-json\/wp\/v2\/product_cat?post=1859"},{"taxonomy":"product_tag","embeddable":true,"href":"https:\/\/www.hydraulic-cylinders.net\/fi\/wp-json\/wp\/v2\/product_tag?post=1859"}],"curies":[{"name":"wp","href":"https:\/\/api.w.org\/{rel}","templated":true}]}}