{"id":1877,"date":"2023-10-18T07:57:51","date_gmt":"2023-10-18T07:57:51","guid":{"rendered":"https:\/\/hydraulic-cylinders.net\/?post_type=product&#038;p=1877"},"modified":"2025-04-11T03:43:31","modified_gmt":"2025-04-11T03:43:31","slug":"shield-machine-articulated-cylinder","status":"publish","type":"product","link":"https:\/\/www.hydraulic-cylinders.net\/fi\/tuote\/shield-machine-articulated-cylinder\/","title":{"rendered":"Kilpikoneen nivelsylinteri"},"content":{"rendered":"<h1 style=\"text-align: center;\"><strong>Kilpikoneen nivelsylinteri<\/strong><\/h1>\n<p><img loading=\"lazy\" decoding=\"async\" class=\"aligncenter wp-image-1878\" src=\"https:\/\/hydraulic-cylinders.net\/wp-content\/uploads\/2023\/10\/articulated-cylinder-1-300x300.webp\" alt=\"\" width=\"400\" height=\"400\" \/><\/p>\n<p>Kilpikoneen nivelsylinteri on huippuluokan hydraulinen komponentti, joka on erityisesti suunniteltu tunnelointi- ja maanalaisissa rakennusprojekteissa k\u00e4ytett\u00e4ville kilpikonnille. Poikkeuksellisen joustavuutensa, luotettavuutensa ja tehokkuutensa ansiosta t\u00e4m\u00e4 sylinteri on elint\u00e4rke\u00e4 sujuvan kaivuty\u00f6n varmistamiseksi. T\u00e4ss\u00e4 artikkelissa perehdyt\u00e4\u00e4n t\u00e4m\u00e4n merkitt\u00e4v\u00e4n tuotteen t\u00e4rkeimpiin ominaisuuksiin, k\u00e4ytt\u00f6tapoihin ja huoltovinkkeihin.<\/p>\n<p>Kilpikoneen nivelsylinteri mullistaa tunnelointitoiminnot joustavalla liikeradallaan, kest\u00e4v\u00e4ll\u00e4 rakenteellaan ja tarkalla hydraulisella ohjauksellaan. Sen nivelrakenne mahdollistaa poikkeuksellisen mukautuvuuden, ohjattavuuden ja tehokkuuden, mik\u00e4 tekee siit\u00e4 v\u00e4ltt\u00e4m\u00e4tt\u00f6m\u00e4n onnistuneissa maanalaisissa rakennusprojekteissa. Noudattamalla suositeltuja k\u00e4ytt\u00f6menetelmi\u00e4 ja toteuttamalla s\u00e4\u00e4nn\u00f6llisi\u00e4 huoltotoimenpiteit\u00e4 kilpikoneen nivelsylinteri tarjoaa edelleen poikkeuksellista suorituskyky\u00e4 varmistaen tunnelointiprojektiesi sujuvan etenemisen. Koe kilpikoneen nivelsylinterin joustavuus, tehokkuus ja luotettavuus ja vapauta tunnelointiprojektejasi t\u00e4ysi potentiaali.<\/p>\n<p>Kilpikoneen nivelsylinterin keskeiset ominaisuudet:<\/p>\n<ol>\n<li>Nivelletty rakenne: Suojauskoneen nivelletyss\u00e4 sylinteriss\u00e4 on innovatiivinen nivelletty rakenne, joka parantaa ohjattavuutta ja mukautuvuutta tunnelointitoiminnassa. Sen ainutlaatuinen rakenne mahdollistaa suojauskoneen helpon navigoinnin haastavissa maastoissa, tiukoissa mutkissa ja vaihtelevissa tunnelien linjauksissa, mik\u00e4 varmistaa maksimaalisen tehokkuuden ja projektin onnistumisen.<\/li>\n<li>Kest\u00e4v\u00e4 rakenne: Korkealaatuisista materiaaleista ja tarkasta suunnittelusta valmistettu sylinteri on poikkeuksellisen kest\u00e4v\u00e4 ja kest\u00e4\u00e4 maanalaisen rakentamisen vaativia olosuhteita. Sen kest\u00e4v\u00e4 rakenne takaa luotettavan suorituskyvyn, pitk\u00e4ik\u00e4isyyden ja minimaaliset seisokkiajat jopa ankarimmissa k\u00e4ytt\u00f6olosuhteissa.<\/li>\n<li>Joustava liikealue: Nivelletty sylinteri tarjoaa laajan liikealueen, jonka ansiosta suojauskone voi nivelty\u00e4 ja s\u00e4\u00e4t\u00e4\u00e4 asentoaan tarpeen mukaan. T\u00e4m\u00e4 joustavuus mahdollistaa tarkan kohdistuksen, tehokkaan kaivamisen ja paremman tunnelointitarkkuuden, mik\u00e4 lopulta nopeuttaa projektin valmistumista ja alentaa kustannuksia.<\/li>\n<li>Hydraulinen ohjausj\u00e4rjestelm\u00e4: Kehittyneill\u00e4 hydraulisilla ohjausj\u00e4rjestelmill\u00e4 varustettu Shield Machinen nivelsylinteri tarjoaa tarkan ja herk\u00e4n hallinnan nivelliikkeelle. T\u00e4m\u00e4 varmistaa sujuvan toiminnan ja antaa k\u00e4ytt\u00e4jille mahdollisuuden s\u00e4ilytt\u00e4\u00e4 optimaalisen hallinnan suojakoneeseen, mik\u00e4 parantaa turvallisuutta ja tuottavuutta.<\/li>\n<\/ol>\n<h2><strong>Kilpikoneen nivelsylinterin parametri:<\/strong><\/h2>\n<table border=\"1\" cellspacing=\"0\" cellpadding=\"0\">\n<tbody>\n<tr>\n<td>Tuotteen nimi<\/td>\n<td>Kilpikoneen nivelsylinteri<\/td>\n<\/tr>\n<tr>\n<td>Ominaisuudet:<\/td>\n<td>Aktiivinen nivel: ter\u00e4p\u00e4\u00e4n ohjaus\/koordinoitu ty\u00f6kalunvaihto<br \/>\nPassiivinen nivelt\u00e4minen: ved\u00e4 kilven h\u00e4nt\u00e4\u00e4 eteenp\u00e4in<\/td>\n<\/tr>\n<tr>\n<td>Rei\u00e4n halkaisija:<\/td>\n<td>125 mm\uff5e550 mm<\/td>\n<\/tr>\n<tr>\n<td>Tangon halkaisija:<\/td>\n<td>\u00a070 mm\uff5e370 mm<br \/>\nIskunpituus 140 mm\uff5e1200 mm<\/td>\n<\/tr>\n<tr>\n<td>Paine:<\/td>\n<td>Jopa 35 MPa<\/td>\n<\/tr>\n<tr>\n<td>Sovellukset:<\/td>\n<td>Kilpikone, tunnelinporauskoneet<\/td>\n<\/tr>\n<\/tbody>\n<\/table>\n<h2><strong>Suojauskoneen ty\u00f6nt\u00f6sylinterin k\u00e4ytt\u00f6:<\/strong><\/h2>\n<p><img loading=\"lazy\" decoding=\"async\" class=\"alignnone wp-image-1875 size-full\" src=\"https:\/\/hydraulic-cylinders.net\/wp-content\/uploads\/2023\/10\/harsh-corrosive-cylinder-1.webp\" alt=\"\" width=\"1418\" height=\"946\" srcset=\"https:\/\/hydraulic-cylinders.net\/wp-content\/uploads\/2023\/10\/harsh-corrosive-cylinder-1.webp 1418w, https:\/\/hydraulic-cylinders.net\/wp-content\/uploads\/2023\/10\/harsh-corrosive-cylinder-1-1280x854.webp 1280w, https:\/\/hydraulic-cylinders.net\/wp-content\/uploads\/2023\/10\/harsh-corrosive-cylinder-1-980x654.webp 980w, https:\/\/hydraulic-cylinders.net\/wp-content\/uploads\/2023\/10\/harsh-corrosive-cylinder-1-480x320.webp 480w\" sizes=\"(min-width: 0px) and (max-width: 480px) 480px, (min-width: 481px) and (max-width: 980px) 980px, (min-width: 981px) and (max-width: 1280px) 1280px, (min-width: 1281px) 1418px, 100vw\" \/><\/p>\n<h2><strong>Suojauskoneen nivelsylinterin k\u00e4ytt\u00f6tapa<\/strong><strong>:<\/strong><\/h2>\n<ul>\n<li><strong>Asennusta edelt\u00e4v\u00e4 arviointi:<\/strong>\u00a0 Ennen suojakoneen nivelsylinterin asentamista arvioi projektin vaatimukset, mukaan lukien tunnelin mitat, kohdistusrajoitukset ja maaper\u00e4n olosuhteet. T\u00e4m\u00e4 arviointi auttaa m\u00e4\u00e4ritt\u00e4m\u00e4\u00e4n sopivat sylinterin tekniset tiedot ja kokoonpanon optimaalisen suorituskyvyn saavuttamiseksi.<\/li>\n<li><strong>Asennus ja integrointi:<\/strong> Noudata n\u00e4it\u00e4 ohjeita asennuksen onnistumiseksi:\n<ul>\n<li>Kiinnit\u00e4 nivelsylinteri tukevasti suojakoneeseen varmistaen oikean kohdistuksen ja vakauden valmistajan ohjeiden mukaisesti.<\/li>\n<li>Kytke hydrauliletkut sylinteriin varmistaen tiiviit ja vuotamattomat liit\u00e4nn\u00e4t. Varmista yhteensopivuus hydraulij\u00e4rjestelm\u00e4n kanssa ja k\u00e4yt\u00e4 sopivia liittimi\u00e4 ja letkuja.<\/li>\n<\/ul>\n<\/li>\n<li><strong>Hydraulij\u00e4rjestelm\u00e4n asetukset:<\/strong> Integroi sylinteri suojakoneen hydraulij\u00e4rjestelm\u00e4\u00e4n ja kytke se luotettavaan virtal\u00e4hteeseen ja ohjausmekanismiin. Hydraulij\u00e4rjestelm\u00e4n asianmukainen asennus ja kalibrointi ovat ratkaisevan t\u00e4rkeit\u00e4 optimaalisen suorituskyvyn ja turvallisuuden kannalta.<\/li>\n<li><strong>Toiminnan ohjaus:<\/strong> Tutustu nivelsylinterin ohjausmekanismiin. Ymm\u00e4rr\u00e4 ohjaustulot ja niiden vastaavat vaikutukset sylinterin liikealueeseen. Harjoittele ohjausj\u00e4rjestelm\u00e4n k\u00e4ytt\u00f6\u00e4 varmistaaksesi sujuvan ja tarkan nivelliikkeen tunnelinlouhintatoimien aikana.<\/li>\n<\/ul>\n<h2><strong>Kuinka ilmata hydraulisylinteri kippiautossa?<\/strong><\/h2>\n<p><strong>Vaihe 1: Valmistele ajoneuvo ja turvallisuusohjeet<\/strong><\/p>\n<ul>\n<li>Pys\u00e4k\u00f6i kippiauto tasaiselle alustalle ja kytke seisontajarru.<\/li>\n<li>Sammuta moottori ja poista avain virtalukosta est\u00e4\u00e4ksesi hydraulij\u00e4rjestelm\u00e4n vahingossa tapahtuvan aktivoitumisen.<\/li>\n<li>K\u00e4yt\u00e4 asianmukaisia \u200b\u200bhenkil\u00f6nsuojaimia, kuten k\u00e4sineit\u00e4 ja suojalaseja, suojautuaksesi hydraulinesteelt\u00e4 ja roskilta.<\/li>\n<\/ul>\n<p><strong>Vaihe 2: Paikanna ilmausventtiili<\/strong><\/p>\n<ul>\n<li>Tunnista ilmattavat hydraulisylinterit. N\u00e4m\u00e4 sylinterit on yleens\u00e4 kytketty kippiauton nostomekanismiin.<\/li>\n<li>Paikanna hydraulisylinterin\/sylinterien ilmausventtiili(t). Ilmausventtiili on pieni liitososa, jossa on p\u00f6lykorkki.<\/li>\n<\/ul>\n<p><strong>Vaihe 3: Valmistaudu verenvuotoon<\/strong><\/p>\n<ul>\n<li>Irrota p\u00f6lysuoja ilmausventtiilist\u00e4.<\/li>\n<li>Aseta r\u00e4ttej\u00e4 tai pyyhkeit\u00e4 ilmausventtiilin ymp\u00e4rille ker\u00e4\u00e4m\u00e4\u00e4n mahdolliset hydraulinestevuodot ilmauksen aikana.<\/li>\n<\/ul>\n<p><strong>Vaihe 4: Verenvuotoprosessi<\/strong><\/p>\n<ul>\n<li>Toisen henkil\u00f6n avustuksella, joka k\u00e4ytt\u00e4\u00e4 ohjaamon sis\u00e4ll\u00e4 olevia s\u00e4\u00e4timi\u00e4, kommunikoi ja koordinoi ilmausprosessia.<\/li>\n<li>Kippiauton kokoonpanosta riippuen, ohjeista ohjaimia k\u00e4ytt\u00e4v\u00e4\u00e4 henkil\u00f6\u00e4 aktivoimaan hydraulij\u00e4rjestelm\u00e4 \"lasku\"- tai \"tyhjennys\"-tilassa.<\/li>\n<li>Avaa ilmausventtiili k\u00e4\u00e4nt\u00e4m\u00e4ll\u00e4 sit\u00e4 vastap\u00e4iv\u00e4\u00e4n. Kun venttiili avautuu, hydraulineste ja ilmakuplat poistuvat j\u00e4rjestelm\u00e4st\u00e4.<\/li>\n<li>Anna hydraulinesteen virrata ulos, kunnes havaitaan tasainen virtaus, joka osoittaa, ett\u00e4 ilma on poistunut. Sulje ilmausventtiili k\u00e4\u00e4nt\u00e4m\u00e4ll\u00e4 sit\u00e4 my\u00f6t\u00e4p\u00e4iv\u00e4\u00e4n.<\/li>\n<\/ul>\n<p><strong>Vaihe 5: Toista prosessi<\/strong><\/p>\n<ul>\n<li>Toista ilmausprosessi jokaiselle ilmausta vaativalle hydraulisylinterille noudattaen samoja yll\u00e4 kuvattuja vaiheita.<\/li>\n<li>Varmista, ett\u00e4 jokainen ilmausventtiili on tiiviisti suljettu ilmauksen j\u00e4lkeen hydraulinesteen vuotojen est\u00e4miseksi.<\/li>\n<\/ul>\n<p><strong>Vaihe 6: Tarkista nestetaso ja toiminta<\/strong><\/p>\n<ul>\n<li>Tarkista hydraulinesteen taso kippiauton s\u00e4ili\u00f6ss\u00e4. Lis\u00e4\u00e4 nestett\u00e4 tarvittaessa valmistajan ohjeiden mukaisesti.<\/li>\n<li>K\u00e4ynnist\u00e4 moottori ja k\u00e4yt\u00e4 hydraulij\u00e4rjestelm\u00e4\u00e4 testataksesi ilmattujen sylinterien toiminnan. Varmista, ett\u00e4 ne ty\u00f6ntyv\u00e4t ulos ja sis\u00e4\u00e4n sujuvasti ilman ep\u00e4normaaleja \u00e4\u00e4ni\u00e4 tai suorituskykyongelmia.<\/li>\n<\/ul>\n<h2><strong>Tehtaan kapasiteetti ja kapasiteetti:<\/strong><\/h2>\n<h3>(1) Kokoonpano<\/h3>\n<p>Meill\u00e4 on ensiluokkainen riippumaton tutkimus- ja kehitysty\u00f6n kokoonpanoalusta. Hydraulisylinterien tuotantopajassa on nelj\u00e4 puoliautomaattista nostosylinterin kokoonpanolinjaa ja yksi automaattinen kallistussylinterin kokoonpanolinja, joiden suunniteltu vuotuinen tuotantokapasiteetti on 1 miljoona kappaletta. Erikoissylinterin ty\u00f6paja on varustettu erilaisilla eritelmill\u00e4 puoliautomaattisen puhdistusasennuksen kokoonpanoj\u00e4rjestelm\u00e4ll\u00e4, jonka suunniteltu vuotuinen tuotantokapasiteetti on 200 000, ja se on varustettu kuuluisilla CNC-ty\u00f6st\u00f6laitteilla, ty\u00f6st\u00f6keskuksella, korkean tarkkuuden sylinterin k\u00e4sittelyyn tarkoitetuilla erityislaitteilla, robottihitsauskoneella, automaattisella puhdistuslaitteella, automaattisella sylinterin kokoonpanokoneella ja automaattisella maalaustuotantolinjalla. Olemassa olevat kriittiset laitteet yli 300 sarjaa (sarjaa). Laiteresurssien optimaalinen kohdentaminen ja tehokas k\u00e4ytt\u00f6 varmistavat tuotteiden tarkkuusvaatimukset ja t\u00e4ytt\u00e4v\u00e4t tuotteiden laatuvaatimukset.<\/p>\n<p><img loading=\"lazy\" decoding=\"async\" class=\"alignnone wp-image-626\" src=\"https:\/\/hydraulic-cylinders.net\/wp-content\/uploads\/2023\/08\/hydraulic-cylinder-product-1-300x158.webp\" alt=\"\" width=\"495\" height=\"260\" srcset=\"https:\/\/hydraulic-cylinders.net\/wp-content\/uploads\/2023\/08\/hydraulic-cylinder-product-1-300x158.webp 495w, https:\/\/hydraulic-cylinders.net\/wp-content\/uploads\/2023\/08\/hydraulic-cylinder-product-1-480x252.webp 480w\" sizes=\"(min-width: 0px) and (max-width: 480px) 480px, (min-width: 481px) 495px, 100vw\" \/> <img loading=\"lazy\" decoding=\"async\" class=\"alignnone wp-image-627\" src=\"https:\/\/hydraulic-cylinders.net\/wp-content\/uploads\/2023\/08\/hydraulic-cylinder-product-2-300x189.webp\" alt=\"\" width=\"413\" height=\"260\" \/><\/p>\n<h3>(2) Koneistus<\/h3>\n<p>Ty\u00f6st\u00f6paja on varustettu r\u00e4\u00e4t\u00e4l\u00f6idyll\u00e4 kaltevalla kiskosorvauskeskuksella, ty\u00f6st\u00f6keskuksella, suurnopeus-hiontakoneella, hitsausrobotilla ja muilla vastaavilla laitteilla, joilla voidaan k\u00e4sitell\u00e4 sylinteriputkia, joiden sis\u00e4halkaisija on enint\u00e4\u00e4n 400 mm ja enimm\u00e4ispituus on 6 metri\u00e4.<\/p>\n<p><img loading=\"lazy\" decoding=\"async\" class=\"alignnone wp-image-628 size-large\" src=\"https:\/\/hydraulic-cylinders.net\/wp-content\/uploads\/2023\/08\/hydraulic-cylinder-product-3-1024x391.webp\" alt=\"\" width=\"1024\" height=\"391\" srcset=\"https:\/\/hydraulic-cylinders.net\/wp-content\/uploads\/2023\/08\/hydraulic-cylinder-product-3-980x374.webp 980w, https:\/\/hydraulic-cylinders.net\/wp-content\/uploads\/2023\/08\/hydraulic-cylinder-product-3-480x183.webp 480w\" sizes=\"(min-width: 0px) and (max-width: 480px) 480px, (min-width: 481px) and (max-width: 980px) 980px, (min-width: 981px) 1024px, 100vw\" \/><\/p>\n<h3>(3) Hitsaus<\/h3>\n<p><img loading=\"lazy\" decoding=\"async\" class=\"alignnone wp-image-629 size-large\" src=\"https:\/\/hydraulic-cylinders.net\/wp-content\/uploads\/2023\/08\/hydraulic-cylinder-product-4-1024x510.webp\" alt=\"\" width=\"1024\" height=\"510\" srcset=\"https:\/\/hydraulic-cylinders.net\/wp-content\/uploads\/2023\/08\/hydraulic-cylinder-product-4-980x488.webp 980w, https:\/\/hydraulic-cylinders.net\/wp-content\/uploads\/2023\/08\/hydraulic-cylinder-product-4-480x239.webp 480w\" sizes=\"(min-width: 0px) and (max-width: 480px) 480px, (min-width: 481px) and (max-width: 980px) 980px, (min-width: 981px) 1024px, 100vw\" \/><\/p>\n<h3>(4) Maalaus ja pinnoitus<\/h3>\n<p>Pienill\u00e4 ja keskisuurilla sylinterin automaattisilla vesipohjaisilla maalipinnoituslinjoilla automaattisen robotin lastaus- ja purku- ja automaattisen ruiskutuksen saavuttamiseksi, suunnittelukapasiteetti on 4000 kappaletta vuorossa;<br \/>\nMeill\u00e4 on my\u00f6s puoliautomaattinen maalauslinja suurille sylintereille, joka toimii voimaketjulla ja jonka suunnittelukapasiteetti on 60 laatikkoa ty\u00f6vuorossa.<\/p>\n<p><img loading=\"lazy\" decoding=\"async\" class=\"alignnone wp-image-630\" src=\"https:\/\/hydraulic-cylinders.net\/wp-content\/uploads\/2023\/08\/hydraulic-cylinder-product-5-300x213.webp\" alt=\"\" width=\"366\" height=\"260\" \/> <img loading=\"lazy\" decoding=\"async\" class=\"alignnone wp-image-631\" src=\"https:\/\/hydraulic-cylinders.net\/wp-content\/uploads\/2023\/08\/hydraulic-cylinder-product-6-300x225.webp\" alt=\"\" width=\"347\" height=\"260\" \/><\/p>\n<h3>(5) Testaus<\/h3>\n<p>Meill\u00e4 on ensiluokkaiset tarkastustilat ja testialustat, joilla varmistetaan, ett\u00e4 sylinterin suorituskyky t\u00e4ytt\u00e4\u00e4 vaatimukset.<\/p>\n<p><img loading=\"lazy\" decoding=\"async\" class=\"alignnone wp-image-632\" src=\"https:\/\/hydraulic-cylinders.net\/wp-content\/uploads\/2023\/08\/hydraulic-cylinder-product-8-300x200.webp\" alt=\"\" width=\"389\" height=\"260\" \/><\/p>\n<p>&nbsp;<\/p>\n<p>&nbsp;<\/p>\n<p>Olemme yksi parhaista hydraulisylintereiden valmistajista. Voimme tarjota kattavia hydraulisylintereit\u00e4. Tarjoamme my\u00f6s vastaavia <a href=\"https:\/\/hzpt.com\/agricultural-pto-gearbox\/\" target=\"_blank\" rel=\"noopener\">maatalousvaihteistot<\/a>Olemme vieneet tuotteitamme asiakkaille maailmanlaajuisesti ja ansainneet hyv\u00e4n maineen erinomaisen tuotelaadun ja huoltopalvelumme ansiosta. Toivotamme tervetulleeksi asiakkaat kotimaassa ja ulkomailla ottamaan meihin yhteytt\u00e4 neuvotellakseen liiketoimista, vaihtaakseen tietoja ja <a href=\"https:\/\/www.hydraulic-cylinders.net\/fi\/contact-us\/\">tehd\u00e4 yhteisty\u00f6t\u00e4 kanssamme<\/a>!<\/p>\n<p>&nbsp;<\/p>","protected":false},"excerpt":{"rendered":"<p>Shield Machine Articulated Cylinder The shield machine articulated cylinder is a cutting-edge hydraulic component specifically designed for shield machines used in tunneling and underground construction projects. With its exceptional flexibility, reliability, and efficiency, this cylinder is vital in ensuring smooth excavation operations. This article will delve into the key characteristics, usage methods, and maintenance tips [&hellip;]<\/p>","protected":false},"featured_media":1881,"comment_status":"open","ping_status":"closed","template":"","meta":{"_et_pb_use_builder":"","_et_pb_old_content":"","_et_gb_content_width":""},"product_brand":[],"product_cat":[1550,1519],"product_tag":[1380],"class_list":{"0":"post-1877","1":"product","2":"type-product","3":"status-publish","4":"has-post-thumbnail","6":"product_cat-double-acting-hydraulic-cylinder","7":"product_cat-shield-machine-hydraulic-cylinders","8":"product_tag-hydraulic-cylinder","10":"first","11":"instock","12":"shipping-taxable","13":"product-type-simple"},"amp_enabled":true,"_links":{"self":[{"href":"https:\/\/www.hydraulic-cylinders.net\/fi\/wp-json\/wp\/v2\/product\/1877","targetHints":{"allow":["GET"]}}],"collection":[{"href":"https:\/\/www.hydraulic-cylinders.net\/fi\/wp-json\/wp\/v2\/product"}],"about":[{"href":"https:\/\/www.hydraulic-cylinders.net\/fi\/wp-json\/wp\/v2\/types\/product"}],"replies":[{"embeddable":true,"href":"https:\/\/www.hydraulic-cylinders.net\/fi\/wp-json\/wp\/v2\/comments?post=1877"}],"wp:featuredmedia":[{"embeddable":true,"href":"https:\/\/www.hydraulic-cylinders.net\/fi\/wp-json\/wp\/v2\/media\/1881"}],"wp:attachment":[{"href":"https:\/\/www.hydraulic-cylinders.net\/fi\/wp-json\/wp\/v2\/media?parent=1877"}],"wp:term":[{"taxonomy":"product_brand","embeddable":true,"href":"https:\/\/www.hydraulic-cylinders.net\/fi\/wp-json\/wp\/v2\/product_brand?post=1877"},{"taxonomy":"product_cat","embeddable":true,"href":"https:\/\/www.hydraulic-cylinders.net\/fi\/wp-json\/wp\/v2\/product_cat?post=1877"},{"taxonomy":"product_tag","embeddable":true,"href":"https:\/\/www.hydraulic-cylinders.net\/fi\/wp-json\/wp\/v2\/product_tag?post=1877"}],"curies":[{"name":"wp","href":"https:\/\/api.w.org\/{rel}","templated":true}]}}