{"id":18847,"date":"2025-04-07T05:58:22","date_gmt":"2025-04-07T05:58:22","guid":{"rendered":"https:\/\/www.hydraulic-cylinders.net\/product\/boom-cylinder-for-komatsu-small-excavator-pc20-8\/"},"modified":"2025-04-07T05:58:26","modified_gmt":"2025-04-07T05:58:26","slug":"boom-cylinder-for-komatsu-small-excavator-pc20-8","status":"publish","type":"product","link":"https:\/\/www.hydraulic-cylinders.net\/fi\/tuote\/boom-cylinder-for-komatsu-small-excavator-pc20-8\/","title":{"rendered":"Komatsun pienen kaivinkoneen PC20-8 puomin sylinteri"},"content":{"rendered":"<h1>Komatsun pienen kaivinkoneen PC20-8 puomin sylinteri<\/h1>\n<h2>Kauhasylinterien m\u00e4\u00e4ritelm\u00e4 ja yleiskatsaus<\/h2>\n<p>Kauhasylinteri on tietyntyyppinen hydraulisylinteri, joka on suunniteltu ohjaamaan kauhan liikett\u00e4 erilaisissa raskaissa koneissa, kuten kaivinkoneissa, kaivurikuormaajissa ja etukuormaajissa. Se mahdollistaa kauhan nostamisen, laskemisen ja kallistumisen, mik\u00e4 helpottaa materiaalink\u00e4sittelyteht\u00e4vi\u00e4. T\u00e4ll\u00e4 hydraulikomponentilla on ratkaiseva rooli hydraulij\u00e4rjestelm\u00e4ss\u00e4, sill\u00e4 se tarjoaa tarvittavan voiman ja hallinnan tehokkaaseen toimintaan.<\/p>\n<p>Pohjimmiltaan kauhan sylinteri valjastaa hydraulisen paineen lineaarisen liikkeen aikaansaamiseksi, mink\u00e4 ansiosta raskaiden laitteiden k\u00e4ytt\u00e4j\u00e4t voivat suorittaa teht\u00e4vi\u00e4, kuten kaivamista, lastaamista ja materiaalien siirt\u00e4mist\u00e4. Sen luotettava suorituskyky on v\u00e4ltt\u00e4m\u00e4t\u00f6nt\u00e4 rakennus- ja maatalouskoneiden tehokkaalle toiminnalle.<\/p>\n<p><img decoding=\"async\" src=\"https:\/\/www.hydraulic-cylinders.net\/wp-content\/uploads\/2025\/04\/songte-company-1.webp\" alt=\"Puomin sylinterin kuva\" \/><\/p>\n<h2>Puomin sylinterin ominaisuudet<\/h2>\n<ul>\n<li><strong>Korkea lujuus ja kest\u00e4vyys:<\/strong> Tyypillisesti valmistettu eritt\u00e4in lujasta ter\u00e4ksest\u00e4 tai alumiinista, kest\u00e4\u00e4 korkeaa painetta ja raskaita kuormia, on suunniteltu kest\u00e4m\u00e4\u00e4n vaativia ty\u00f6olosuhteita ja keskittyy kulumiskest\u00e4vyyteen ja korroosiosuojaukseen k\u00e4ytt\u00f6i\u00e4n pident\u00e4miseksi.<\/li>\n<li><strong>Tehokas hydraulinen k\u00e4ytt\u00f6:<\/strong> K\u00e4ytt\u00e4\u00e4 hydrauli\u00f6ljynpainetta tasaisiin teleskooppiliikkeisiin, reagoi nopeasti ohjauskomentoihin ja tarjoaa vankan ty\u00f6nt\u00f6- ja vetovoiman, sopii raskaiden esineiden k\u00e4sittelyyn ja monimutkaisiin teht\u00e4viin.<\/li>\n<li><strong>Erilaisia \u200b\u200btyyppej\u00e4:<\/strong> Saatavilla yksitoimisilla (hydraulisesti k\u00e4yt\u00f6ss\u00e4 yhteen suuntaan) tai kaksitoimisilla (hydraulisesti k\u00e4yt\u00f6ss\u00e4 molempiin suuntiin) sylintereill\u00e4 erilaisten k\u00e4ytt\u00f6tarpeiden t\u00e4ytt\u00e4miseksi. Jotkut mallit ovat teleskooppisia, mik\u00e4 mahdollistaa suuremman jatkeen ilman ulkomittojen kasvua ahtaissa sovelluksissa.<\/li>\n<\/ul>\n<h2>Tuotantokapasiteetti<\/h2>\n<p>Yrityksemme on erikoistunut t\u00e4m\u00e4n tuotteen valmistukseen ja varmistaa, ett\u00e4 tuotteemme korvaavat t\u00e4ydellisesti olemassa olevat hydraulisylinterit.<\/p>\n<p><img decoding=\"async\" src=\"https:\/\/www.hydraulic-cylinders.net\/wp-content\/uploads\/2025\/04\/songte-cylinder-head-with-all-kinds-excavator-models.webp\" alt=\"Kaivinkonemallit\" \/><\/p>\n<h2>Puomin sylinterin k\u00e4ytt\u00f6skenaariot<\/h2>\n<h3>Rakennuslaitteet<\/h3>\n<p>Kaivinkoneissa puomin sylinterit ovat elint\u00e4rkeit\u00e4 kaivamisessa, lastaamisessa ja maaper\u00e4n tai roskien siirt\u00e4misess\u00e4. Niiden rakenne mahdollistaa kauhan liikkeen tarkan hallinnan, mik\u00e4 mahdollistaa tehokkaan kaivamisen ja materiaalin k\u00e4sittelyn. N\u00e4iden sylinterien tuottama hydraulinen voima mahdollistaa raskaiden nostojen ja tarkan kaapimisen, mik\u00e4 tekee niist\u00e4 v\u00e4ltt\u00e4m\u00e4tt\u00f6mi\u00e4 rakennusty\u00f6mailla.<\/p>\n<h3>Maatalouskoneet<\/h3>\n<p>Etukuormaajissa puomisylintereit\u00e4 k\u00e4ytet\u00e4\u00e4n maan, hein\u00e4n ja muiden materiaalien kauhaamiseen, nostamiseen ja kuljettamiseen. Niiden kyky k\u00e4ytt\u00e4\u00e4 merkitt\u00e4v\u00e4\u00e4 voimaa mahdollistaa raskaiden kuormien tehokkaan k\u00e4sittelyn ja samalla helpon k\u00e4yt\u00f6n. T\u00e4m\u00e4 toiminto on erityisen t\u00e4rke\u00e4 sadonkorjuu- tai maanmuokkauskausien aikana, jolloin materiaalin oikea-aikainen siirto on olennaista tuottavuuden kannalta.<\/p>\n<h3>Kaivinkoneet<\/h3>\n<p>Kauhasylinterit helpottavat kaivamista antamalla kauhan tunkeutua tehokkaasti maaper\u00e4\u00e4n. T\u00e4m\u00e4 ominaisuus on ratkaisevan t\u00e4rke\u00e4 kaivattaessa ojia, perustuksia tai muita laajamittaisia \u200b\u200bmaanrakennust\u00f6it\u00e4. N\u00e4iden sylinterien rakenne varmistaa, ett\u00e4 k\u00e4ytt\u00e4j\u00e4t voivat saavuttaa vaaditun syvyyden ja tarkkuuden kaivausten aikana, mik\u00e4 parantaa projektin kokonaistehokkuutta.<\/p>\n<h3>Kuormaajat<\/h3>\n<p>Etukuormaajissa puomisylinterit auttavat kuormien tehokkaassa nostamisessa ja tyhjent\u00e4misess\u00e4. Niiden kest\u00e4v\u00e4 rakenne ja hydraulinen tehokkuus mahdollistavat suurten materiaalim\u00e4\u00e4rien k\u00e4sittelyn, olipa kyseess\u00e4 sitten maa-aines, sora tai muut irtotavarat. N\u00e4m\u00e4 sylinterit ovat v\u00e4ltt\u00e4m\u00e4tt\u00f6mi\u00e4 sen varmistamiseksi, ett\u00e4 lastaus- ja purkutoiminnot ovat sek\u00e4 turvallisia ett\u00e4 tehokkaita.<\/p>\n<h2>Suunnittelun\u00e4k\u00f6kohdat ja valintakriteerit<\/h2>\n<h3>Kantavuus<\/h3>\n<p>Puomisylinterin kuormituskapasiteetti on ratkaisevan t\u00e4rke\u00e4 sen suorituskyvyn kannalta. Se on arvioitava sen k\u00e4ytt\u00e4mien tiettyjen sovellusten perusteella. Riitt\u00e4m\u00e4tt\u00f6m\u00e4n kuormituskapasiteetin omaava sylinteri voi rikkoutua rasituksen alaisena, mik\u00e4 johtaa toiminnan seisokkeihin ja mahdollisiin turvallisuusriskeihin. Siksi k\u00e4sitelt\u00e4vien materiaalien painon ja tyypin ymm\u00e4rt\u00e4minen on t\u00e4rke\u00e4\u00e4 valintaprosessissa.<\/p>\n<h3>Tiivistyskyky<\/h3>\n<p>Tehokas tiivistys on elint\u00e4rke\u00e4\u00e4 hydraulinesteen vuotojen est\u00e4miseksi, jotka voivat vaarantaa j\u00e4rjestelm\u00e4n tehokkuuden. Tiivistemateriaalien, kuten polyuretaanin ja nitriilikumin, valinta vaikuttaa merkitt\u00e4v\u00e4sti sylinterin pitk\u00e4ik\u00e4isyyteen ja suorituskykyyn. Asianmukainen tiivistys varmistaa optimaalisen hydraulisen paineen s\u00e4ilymisen ja parantaa koneiston yleist\u00e4 toimivuutta.<\/p>\n<h3>Kest\u00e4vyys ja turvallisuus<\/h3>\n<p>Kest\u00e4vyys on ratkaisevan t\u00e4rke\u00e4\u00e4, sill\u00e4 puomin sylinterit toimivat usein ankarissa olosuhteissa. Korkealaatuiset materiaalit ja harkittu suunnittelu voivat pident\u00e4\u00e4 sylinterien k\u00e4ytt\u00f6ik\u00e4\u00e4 ja v\u00e4hent\u00e4\u00e4 tarvetta vaihtaa niit\u00e4 usein. Lis\u00e4ksi turvaominaisuuksia, kuten paineenalennusventtiilej\u00e4, on integroitava onnettomuuksien est\u00e4miseksi k\u00e4yt\u00f6n aikana.<\/p>\n<p><img decoding=\"async\" src=\"https:\/\/www.hydraulic-cylinders.net\/wp-content\/uploads\/2025\/04\/songte-oil-pipes-and-spare-parts.webp\" alt=\"Hydrauliputket ja varaosat\" \/><\/p>\n<h2>Hydraulisylinterin tiivistys ja voitelu<\/h2>\n<p>Erilaisten tiivisteiden, kuten m\u00e4nn\u00e4ntiivisteiden ja varren tiivisteiden, k\u00e4ytt\u00f6 on kriittist\u00e4 hydraulij\u00e4rjestelm\u00e4n tehokkuuden varmistamiseksi. Kulutusta kest\u00e4vist\u00e4 materiaaleista, kuten polyuretaanista ja nitriilikumista, valmistetut tiivisteet auttavat yll\u00e4pit\u00e4m\u00e4\u00e4n painetta ja est\u00e4m\u00e4\u00e4n vuotoja. Sylinterin runko ja kierteitetyt p\u00e4\u00e4typinnat on hienosti k\u00e4sitelty kest\u00e4vyyden parantamiseksi, ja s\u00e4\u00e4nn\u00f6llinen hydrauli\u00f6ljyn lis\u00e4\u00e4minen voitelua varten on v\u00e4ltt\u00e4m\u00e4t\u00f6nt\u00e4 j\u00e4rjestelm\u00e4n sujuvan toiminnan varmistamiseksi. Asianmukainen voitelu ei ainoastaan \u200b\u200bvarmista tehokasta toimintaa, vaan my\u00f6s pident\u00e4\u00e4 sylinterin k\u00e4ytt\u00f6ik\u00e4\u00e4 v\u00e4hent\u00e4m\u00e4ll\u00e4 sis\u00e4isten osien kulumista.<\/p>\n<h2>S\u00e4\u00e4nn\u00f6lliset huoltotoimenpiteet<\/h2>\n<ul>\n<li><strong>Rutiinitarkastukset:<\/strong> S\u00e4\u00e4nn\u00f6lliset tarkastukset ovat ratkaisevan t\u00e4rkeit\u00e4 mahdollisten ongelmien tunnistamiseksi ja hydraulij\u00e4rjestelm\u00e4n eheyden yll\u00e4pit\u00e4miseksi. K\u00e4ytt\u00e4jien tulee tarkistaa j\u00e4rjestelm\u00e4 s\u00e4\u00e4nn\u00f6llisesti vuotojen, ep\u00e4tavallisten \u00e4\u00e4nien tai suorituskyvyn muutosten varalta, jotka voivat viitata taustalla oleviin ongelmiin.<\/li>\n<li><strong>Asianmukainen voitelu:<\/strong> Oikean voitelutason yll\u00e4pit\u00e4minen on elint\u00e4rke\u00e4\u00e4 liikkuvien osien kitkan ja kulumisen v\u00e4hent\u00e4miseksi. K\u00e4ytt\u00e4j\u00e4n on varmistettava, ett\u00e4 k\u00e4ytet\u00e4\u00e4n oikeanlaista ja oikeanlaista hydrauliikka\u00f6ljy\u00e4 valmistajan ohjeiden mukaisesti.<\/li>\n<li><strong>Tiivisteiden vaihto ja kalibrointitarkastukset:<\/strong> Tiivisteet tulee vaihtaa s\u00e4\u00e4nn\u00f6llisesti tarkastuksissa havaittujen kulumismallien perusteella. Kalibrointitarkastukset varmistavat, ett\u00e4 sylinteri toimii aiottujen spesifikaatioiden mukaisesti, mik\u00e4 est\u00e4\u00e4 viat k\u00e4yt\u00f6n aikana.<\/li>\n<\/ul>\n<h2>Asennusohjeet<\/h2>\n<p>Puomisylinterin oikea asennus on v\u00e4ltt\u00e4m\u00e4t\u00f6nt\u00e4 optimaalisen suorituskyvyn saavuttamiseksi. Aloita varmistamalla, ett\u00e4 kaikki komponentit ovat puhtaita ja vapaa ep\u00e4puhtauksista ennen asennusta. Asennuksen aikana on eritt\u00e4in t\u00e4rke\u00e4\u00e4 kohdistaa sylinteri oikein, jotta v\u00e4ltet\u00e4\u00e4n virheellinen kohdistus, joka voi johtaa ennenaikaiseen kulumiseen tai rikkoutumiseen. K\u00e4yt\u00e4 sopivia kiinnityskorvakkeita sylinterin kiinnitt\u00e4miseksi paikalleen ja est\u00e4miseksi liikkuminen k\u00e4yt\u00f6n aikana. Asennuksen j\u00e4lkeen sylinteri on testattava vuotojen ja oikean toiminnan varalta ennen sen k\u00e4ytt\u00f6\u00f6nottoa. Tarkista asennus s\u00e4\u00e4nn\u00f6llisesti varmistaaksesi, ettei se ole siirtynyt tai l\u00f6ystynyt k\u00e4yt\u00f6n aikana.<\/p>\n<p><img decoding=\"async\" src=\"https:\/\/www.hydraulic-cylinders.net\/wp-content\/uploads\/2025\/04\/songte-chushion-collar.webp\" alt=\"Tyynykaulus\" \/><\/p>\n<h2>Turvallisuusn\u00e4k\u00f6kohdat ja ymp\u00e4rist\u00f6tekij\u00e4t<\/h2>\n<p>Puomisylintereit\u00e4 k\u00e4ytett\u00e4ess\u00e4 turvatoimenpiteet ovat \u00e4\u00e4rimm\u00e4isen t\u00e4rkeit\u00e4. K\u00e4ytt\u00e4j\u00e4t on koulutettava turvallisiin k\u00e4ytt\u00f6tapoihin, mukaan lukien hydraulij\u00e4rjestelmiin liittyvien vaarojen tunnistaminen. Asianmukainen k\u00e4sittely ja s\u00e4\u00e4nn\u00f6llinen huolto voivat v\u00e4hent\u00e4\u00e4 hydraulinesteen vuotoihin liittyvi\u00e4 riskej\u00e4, jotka voivat aiheuttaa ymp\u00e4rist\u00f6riskej\u00e4. K\u00e4ytt\u00e4j\u00e4n on aina k\u00e4ytett\u00e4v\u00e4 asianmukaisia \u200b\u200bhenkil\u00f6nsuojaimia ja varmistettava, ett\u00e4 ty\u00f6alueella ei ole esteit\u00e4 onnettomuuksien est\u00e4miseksi k\u00e4yt\u00f6n aikana.<\/p>\n<h2>Vianm\u00e4\u00e4ritys ja yleiset ongelmat<\/h2>\n<ul>\n<li><strong>Vuoto:<\/strong> Yksi yleisimmist\u00e4 hydraulisylintereiden ongelmista on vuoto, joka usein johtuu kuluneista tiivisteist\u00e4 tai vaurioituneista osista. S\u00e4\u00e4nn\u00f6lliset tarkastukset voivat auttaa tunnistamaan vuodot varhaisessa vaiheessa, mik\u00e4 mahdollistaa oikea-aikaiset korjaukset.<\/li>\n<li><strong>Hidas tai reagoimaton liike:<\/strong> Jos sylinteri reagoi hitaasti tai ei liiku odotetulla tavalla, se voi viitata alhaiseen hydraulinesteen tasoon tai j\u00e4rjestelm\u00e4\u00e4n j\u00e4\u00e4neeseen ilmaan. N\u00e4iden ongelmien nopea korjaaminen on ratkaisevan t\u00e4rke\u00e4\u00e4 toiminnan tehokkuuden yll\u00e4pit\u00e4miseksi.<\/li>\n<li><strong>Ylikuumeneminen:<\/strong> Ylikuumenemista voi tapahtua, jos hydraulinestett\u00e4 ei j\u00e4\u00e4hdytet\u00e4 riitt\u00e4v\u00e4sti tai jos j\u00e4rjestelm\u00e4ss\u00e4 on liikaa kitkaa. S\u00e4\u00e4nn\u00f6llinen huolto ja j\u00e4\u00e4hdytyksen tarkastus voivat auttaa est\u00e4m\u00e4\u00e4n t\u00e4m\u00e4n ongelman.<\/li>\n<\/ul>\n<h2>Vianm\u00e4\u00e4ritysvinkkej\u00e4 ja -ratkaisuja<\/h2>\n<p>Puomisylintereihin liittyvien ongelmien tehokkaaseen diagnosointiin ja ratkaisemiseen k\u00e4ytt\u00e4jien tulee noudattaa systemaattisia vianetsint\u00e4vaiheita. Aloita tarkistamalla nestetasot ja tutkimalla, onko ilmeisi\u00e4 vuotoja. Jos havaitaan hidasta liikett\u00e4, ilmaa j\u00e4rjestelm\u00e4 poistaaksesi mahdolliset ilmaj\u00e4\u00e4m\u00e4t. Ylikuumenemisongelmien varalta varmista, ett\u00e4 kaikki j\u00e4\u00e4hdytysj\u00e4rjestelm\u00e4t toimivat oikein. Ennaltaehk\u00e4isev\u00e4t toimenpiteet, kuten s\u00e4\u00e4nn\u00f6lliset huoltotarkastukset ja nopeat korjaukset, voivat merkitt\u00e4v\u00e4sti v\u00e4hent\u00e4\u00e4 ongelmien todenn\u00e4k\u00f6isyytt\u00e4 tulevaisuudessa.<\/p>\n<p><img decoding=\"async\" src=\"https:\/\/www.hydraulic-cylinders.net\/wp-content\/uploads\/2025\/04\/songte-bushings-with-all-kinds-of-excavator-models.webp\" alt=\"Kaivinkonemallien holkit\" \/><\/p>\n<h2>Tietoa yrityksest\u00e4mme<\/h2>\n<p>Olemme johtava hydraulisten sylinterien vaihto-osien valmistaja, joka tarjoaa laajan valikoiman tuotteita sek\u00e4 kotimaisille ett\u00e4 kansainv\u00e4lisille markkinoille. Sitoutumisemme huippuosaamiseen heijastuu hienos\u00e4\u00e4detyiss\u00e4 valmistusstrategioissamme, jotka perustuvat edistyneisiin digitaalisiin laitteisiin ja laadunvalvontaj\u00e4rjestelmiin. Taitava ty\u00f6voimamme ja merkitt\u00e4v\u00e4t valmistuskapasiteettimme mahdollistavat sen, ett\u00e4 pystymme vastaamaan monipuolisiin asiakastarpeisiin tehokkaalla, tarkalla ja laadukkaalla tavalla. Priorisoimme ammattitaitoista palvelua, kansainv\u00e4lisi\u00e4 sertifiointeja ja r\u00e4\u00e4t\u00e4l\u00f6ityj\u00e4 ratkaisuja varmistaaksemme, ett\u00e4 asiakkaamme saavat parhaat tuotteet, jotka on r\u00e4\u00e4t\u00e4l\u00f6ity heid\u00e4n erityistarpeisiinsa.<\/p>\n<p><img decoding=\"async\" src=\"https:\/\/www.hydraulic-cylinders.net\/wp-content\/uploads\/2025\/04\/songte-company-4.webp\" alt=\"Yrityskuva 1\" \/><br \/>\n<img decoding=\"async\" src=\"https:\/\/www.hydraulic-cylinders.net\/wp-content\/uploads\/2025\/04\/songte-company-3.webp\" alt=\"Yrityskuva 2\" \/><\/p>\n<p>Kirjoittaja: lyl<\/p>","protected":false},"excerpt":{"rendered":"<p>Boom Cylinder For Komatsu Small Excavator PC20-8 Definition and Overview of Bucket Cylinders A bucket cylinder is a specific type of hydraulic cylinder designed to control the movement of the bucket in various heavy machinery, such as excavators, backhoe loaders, and front loaders. It allows the bucket to lift, lower, and tilt, facilitating material handling [&hellip;]<\/p>","protected":false},"featured_media":17879,"comment_status":"open","ping_status":"closed","template":"","meta":{"_et_pb_use_builder":"","_et_pb_old_content":"","_et_gb_content_width":""},"product_brand":[],"product_cat":[1546],"product_tag":[1547,1496],"class_list":{"0":"post-18847","1":"product","2":"type-product","3":"status-publish","4":"has-post-thumbnail","6":"product_cat-boom-cylinders","7":"product_tag-boom-cylinders","8":"product_tag-hydraulic-cylinders","10":"first","11":"instock","12":"shipping-taxable","13":"product-type-simple"},"amp_enabled":true,"_links":{"self":[{"href":"https:\/\/www.hydraulic-cylinders.net\/fi\/wp-json\/wp\/v2\/product\/18847","targetHints":{"allow":["GET"]}}],"collection":[{"href":"https:\/\/www.hydraulic-cylinders.net\/fi\/wp-json\/wp\/v2\/product"}],"about":[{"href":"https:\/\/www.hydraulic-cylinders.net\/fi\/wp-json\/wp\/v2\/types\/product"}],"replies":[{"embeddable":true,"href":"https:\/\/www.hydraulic-cylinders.net\/fi\/wp-json\/wp\/v2\/comments?post=18847"}],"wp:featuredmedia":[{"embeddable":true,"href":"https:\/\/www.hydraulic-cylinders.net\/fi\/wp-json\/wp\/v2\/media\/17879"}],"wp:attachment":[{"href":"https:\/\/www.hydraulic-cylinders.net\/fi\/wp-json\/wp\/v2\/media?parent=18847"}],"wp:term":[{"taxonomy":"product_brand","embeddable":true,"href":"https:\/\/www.hydraulic-cylinders.net\/fi\/wp-json\/wp\/v2\/product_brand?post=18847"},{"taxonomy":"product_cat","embeddable":true,"href":"https:\/\/www.hydraulic-cylinders.net\/fi\/wp-json\/wp\/v2\/product_cat?post=18847"},{"taxonomy":"product_tag","embeddable":true,"href":"https:\/\/www.hydraulic-cylinders.net\/fi\/wp-json\/wp\/v2\/product_tag?post=18847"}],"curies":[{"name":"wp","href":"https:\/\/api.w.org\/{rel}","templated":true}]}}