{"id":18851,"date":"2025-04-07T05:58:36","date_gmt":"2025-04-07T05:58:36","guid":{"rendered":"https:\/\/www.hydraulic-cylinders.net\/product\/boom-cylinder-for-komatsu-middle-excavator-pc200lc-8\/"},"modified":"2025-04-07T05:58:39","modified_gmt":"2025-04-07T05:58:39","slug":"boom-cylinder-for-komatsu-middle-excavator-pc200lc-8","status":"publish","type":"product","link":"https:\/\/www.hydraulic-cylinders.net\/fi\/tuote\/boom-cylinder-for-komatsu-middle-excavator-pc200lc-8\/","title":{"rendered":"Komatsun keskikaivukoneen PC200LC-8 puomin sylinteri"},"content":{"rendered":"<h1>Komatsun keskikaivukoneen PC200LC-8 puomin sylinteri<\/h1>\n<h2>Tuotteen yleiskatsaus<\/h2>\n<p>Puomin sylinteri on Komatsu PC200LC-8 -kaivukoneen t\u00e4rke\u00e4 osa, joka on erityisesti suunniteltu ohjaamaan puomin liikett\u00e4, jotta kuljettaja voi suorittaa erilaisia \u200b\u200bteht\u00e4vi\u00e4 tehokkaasti. T\u00e4ll\u00e4 hydraulisylinterill\u00e4 on ratkaiseva rooli hydraulij\u00e4rjestelm\u00e4ss\u00e4, sill\u00e4 se mahdollistaa puomin nosto-, lasku- ja kallistusliikkeiden tarkan hallinnan. T\u00e4m\u00e4 toiminto on v\u00e4ltt\u00e4m\u00e4t\u00f6n materiaalink\u00e4sittelyteht\u00e4viss\u00e4, mik\u00e4 tekee puomin sylinterist\u00e4 olennaisen osan raskaiden koneiden k\u00e4ytt\u00f6\u00e4.<\/p>\n<p><img decoding=\"async\" src=\"https:\/\/www.hydraulic-cylinders.net\/wp-content\/uploads\/2025\/04\/songte-company-1.webp\" alt=\"Puomin sylinteri\" \/><\/p>\n<h3>Puomin sylinterin m\u00e4\u00e4ritelm\u00e4<\/h3>\n<p>Kauhasylinteri, jota usein kutsutaan puomisylintereiden yhteydess\u00e4, on hydraulinen sylinterityyppi, joka on erityisesti suunniteltu ohjaamaan kauhan liikett\u00e4 erilaisissa raskaissa koneissa. N\u00e4m\u00e4 sylinterit mahdollistavat kauhan nostamisen, laskemisen ja kallistumisen, mik\u00e4 helpottaa tehokasta materiaalink\u00e4sittely\u00e4. Olipa kyseess\u00e4 kaivinkoneet, kaivinkoneet tai etukuormaajat, kauhasylinterin teht\u00e4v\u00e4n\u00e4 on parantaa toiminnan tehokkuutta ja tarkkuutta materiaalien kaivamisessa ja siirt\u00e4misess\u00e4.<\/p>\n<h2>T\u00e4rkeimm\u00e4t ominaisuudet<\/h2>\n<ul>\n<li><strong>Korkea lujuus ja kest\u00e4vyys:<\/strong> N\u00e4m\u00e4 sylinterit on valmistettu lujasta ter\u00e4ksest\u00e4 tai alumiinista, ja ne kest\u00e4v\u00e4t korkeaa painetta ja raskaita kuormia, joten ne sopivat vaativiin ty\u00f6ymp\u00e4rist\u00f6ihin.<\/li>\n<li><strong>Tehokas hydraulinen k\u00e4ytt\u00f6:<\/strong> Hydrauli\u00f6ljyn painetta hy\u00f6dynt\u00e4v\u00e4 puomin sylinteri saavuttaa tasaisen ojennuksen ja sis\u00e4\u00e4nvedon, mik\u00e4 tarjoaa tehokkaan ty\u00f6nt\u00f6- ja vetovoiman, mik\u00e4 sopii erinomaisesti raskaiden materiaalien k\u00e4sittelyyn ja monimutkaisiin teht\u00e4viin.<\/li>\n<li><strong>Erilaisia \u200b\u200btyyppej\u00e4:<\/strong> Saatavilla yksitoimisina (hydraulisesti vain yhteen suuntaan) tai kaksitoimisina (hydraulisesti vain molempiin suuntiin) kokoonpanoina, mik\u00e4 mahdollistaa r\u00e4\u00e4t\u00e4l\u00f6idyt ratkaisut vaihteleviin k\u00e4ytt\u00f6tarpeisiin.<\/li>\n<li><strong>Kompakti muotoilu:<\/strong> Joissakin malleissa on teleskooppirakenne, joka mahdollistaa suuremman pidennysosan ilman ulkomittojen kasvua, mik\u00e4 sopii t\u00e4ydellisesti rajoitetun tilan k\u00e4ytt\u00f6\u00f6n.<\/li>\n<li><strong>Luotettavuus:<\/strong> Suunniteltu kulutuskest\u00e4vyytt\u00e4 ja korroosionkest\u00e4vyytt\u00e4 ajatellen, pident\u00e4en sylinterin k\u00e4ytt\u00f6ik\u00e4\u00e4 ja varmistaen jatkuvan suorituskyvyn.<\/li>\n<\/ul>\n<p>Valmistamme t\u00e4t\u00e4 tuotetta varmistaen, ett\u00e4 sylinterimme korvaavat t\u00e4ydellisesti olemassa olevat hydraulisylinterit erilaisissa koneissa.<\/p>\n<p><img decoding=\"async\" src=\"https:\/\/www.hydraulic-cylinders.net\/wp-content\/uploads\/2025\/04\/songte-cylinder-head-with-all-kinds-excavator-models.webp\" alt=\"Kaivinkonemallit\" \/><\/p>\n<h2>Sovellukset<\/h2>\n<h3>Rakennuslaitteet<\/h3>\n<p>Rakennuslaitteissa puomisylinterit ovat v\u00e4ltt\u00e4m\u00e4tt\u00f6mi\u00e4 kaivinkoneissa kaivamiseen, lastaamiseen ja maaper\u00e4n tai roskien siirt\u00e4miseen. Niiden kyky pident\u00e4\u00e4 ja supistaa ty\u00f6nkulkua mahdollistaa kuljettajien tavoittaa eri syvyyksi\u00e4 ja korkeuksia, mik\u00e4 tekee niist\u00e4 ratkaisevan t\u00e4rkeit\u00e4 rakennusprojekteissa. Kaivurikuormaajissa puomisylinterit auttavat sek\u00e4 kaivu- ett\u00e4 nostotoiminnoissa, mik\u00e4 parantaa ty\u00f6nkulun tehokkuutta.<\/p>\n<h3>Maatalouskoneet<\/h3>\n<p>Maatalousymp\u00e4rist\u00f6iss\u00e4 etukuormaajat k\u00e4ytt\u00e4v\u00e4t puomisylintereit\u00e4 esimerkiksi maan, hein\u00e4n ja muiden materiaalien kaivamiseen, nostamiseen ja kuljettamiseen. T\u00e4m\u00e4 toiminto on olennainen tilanteissa, jotka vaativat tehokasta materiaalink\u00e4sittely\u00e4 maatalousk\u00e4yt\u00e4nn\u00f6iss\u00e4, ja se lis\u00e4\u00e4 siten tuottavuutta.<\/p>\n<h3>Kaivinkoneet<\/h3>\n<p>Kaivinkoneissa kauhan sylinteri helpottaa kaivutoimia antamalla kauhan tunkeutua maaper\u00e4\u00e4n. T\u00e4m\u00e4 ominaisuus on ratkaisevan t\u00e4rke\u00e4 kaivut\u00f6iden tehokkaalle suorittamiselle ja varmistaa, ett\u00e4 ty\u00f6t voidaan suorittaa sujuvasti ja tuloksellisesti.<\/p>\n<h3>Kuormaajat<\/h3>\n<p>Etukuormaajissa puomin sylinterit auttavat kuormien tehokkaassa nostamisessa ja tyhjent\u00e4misess\u00e4. Niiden suorituskyky vaikuttaa merkitt\u00e4v\u00e4sti lastaustoimintojen kokonaistehokkuuteen, mik\u00e4 tekee niist\u00e4 kriittisen osan erilaisissa materiaalink\u00e4sittelyteht\u00e4viss\u00e4.<\/p>\n<h2>Suunnittelun\u00e4k\u00f6kohdat<\/h2>\n<ul>\n<li><strong>Kantavuus:<\/strong> On ratkaisevan t\u00e4rke\u00e4\u00e4 valita puomin sylinteri, joka pystyy k\u00e4sittelem\u00e4\u00e4n koneen erityisi\u00e4 kuormitusvaatimuksia. Kuormituskapasiteetti vaikuttaa suoraan toiminnan tehokkuuteen ja turvallisuuteen. Oikean kapasiteetin valinta varmistaa, ett\u00e4 laite voi toimia ilman kohtuutonta rasitusta, mik\u00e4 pident\u00e4\u00e4 sen k\u00e4ytt\u00f6ik\u00e4\u00e4.<\/li>\n<li><strong>Tiivistys:<\/strong> Tiivisteiden eheys on elint\u00e4rke\u00e4\u00e4 hydraulij\u00e4rjestelm\u00e4n suorituskyvylle. Asianmukainen tiivistys est\u00e4\u00e4 vuodot ja yll\u00e4pit\u00e4\u00e4 painetta ja tehokkuutta. Kest\u00e4vist\u00e4 materiaaleista valmistetut korkealaatuiset tiivisteet auttavat kest\u00e4m\u00e4\u00e4n kulumista ja parantavat hydraulij\u00e4rjestelm\u00e4n luotettavuutta.<\/li>\n<li><strong>Kest\u00e4vyys:<\/strong> Puomisylinterin valmistuksessa k\u00e4ytetyill\u00e4 materiaaleilla on merkitt\u00e4v\u00e4 rooli sen kest\u00e4vyyden kannalta. Kulumista ja korroosiota kest\u00e4v\u00e4t eritt\u00e4in lujat materiaalit ovat v\u00e4ltt\u00e4m\u00e4tt\u00f6mi\u00e4 pitk\u00e4aikaiselle suorituskyvylle, erityisesti vaativissa ymp\u00e4rist\u00f6iss\u00e4.<\/li>\n<li><strong>Turvallisuus:<\/strong> Puomisylinterien suunnittelussa on oltava mukana turvaominaisuuksia. N\u00e4ihin voivat kuulua ylikuormituksen ja vikaantumisen est\u00e4miseksi tarkoitetut paineenalennusventtiilit, jotka varmistavat turvallisen k\u00e4yt\u00f6n erilaisten teht\u00e4vien aikana.<\/li>\n<li><strong>Huollettavuus:<\/strong> Rakenne, joka mahdollistaa helpon p\u00e4\u00e4syn komponentteihin, on ratkaisevan t\u00e4rke\u00e4\u00e4 huollon ja korjauksen kannalta. Huoltoteht\u00e4vien yksinkertaistaminen auttaa varmistamaan puomin sylinterin pitk\u00e4ik\u00e4isyyden ja luotettavuuden.<\/li>\n<\/ul>\n<p><img decoding=\"async\" src=\"https:\/\/www.hydraulic-cylinders.net\/wp-content\/uploads\/2025\/04\/songte-oil-pipes-and-spare-parts.webp\" alt=\"\u00d6ljyputket ja varaosat\" \/><\/p>\n<h2>Tiivistys ja voitelu<\/h2>\n<p>Puomin sylinterin suorituskyky riippuu suuresti tehokkaasta tiivistyksest\u00e4 ja voitelusta. Hydraulisen paineen yll\u00e4pit\u00e4miseksi k\u00e4ytet\u00e4\u00e4n erilaisia \u200b\u200btiivisteit\u00e4, kuten m\u00e4nn\u00e4n tiivisteit\u00e4 ja varren tiivisteit\u00e4. Yleisesti k\u00e4ytet\u00e4\u00e4n kulutusta kest\u00e4vist\u00e4 materiaaleista, kuten polyuretaanista ja nitriilikumista, valmistettuja tiivisteit\u00e4. Lis\u00e4ksi sylinterin runko ja kierteitetyt p\u00e4\u00e4typinnat on hienok\u00e4sitelty kulutuskest\u00e4vyyden parantamiseksi. S\u00e4\u00e4nn\u00f6llinen voitelu hydrauli\u00f6ljyll\u00e4 on v\u00e4ltt\u00e4m\u00e4t\u00f6nt\u00e4 sujuvan toiminnan varmistamiseksi ja liikkuvien osien v\u00e4lisen kitkan minimoimiseksi, joka voi johtaa kulumiseen ja rikkoutumiseen ajan my\u00f6t\u00e4.<\/p>\n<h2>S\u00e4\u00e4nn\u00f6llinen tarkastus ja ennaltaehk\u00e4isev\u00e4 huolto<\/h2>\n<ul>\n<li><strong>Rutiinitarkastukset:<\/strong> Puomisylinterin s\u00e4\u00e4nn\u00f6lliset tarkastukset auttavat tunnistamaan kulumisen tai vaurioiden merkit varhaisessa vaiheessa. Tarkista vuodot, ep\u00e4tavalliset \u00e4\u00e4net tai suorituskyvyn ep\u00e4johdonmukaisuudet, jotka voivat viitata taustalla oleviin ongelmiin.<\/li>\n<li><strong>Asianmukainen voitelu:<\/strong> Hydrauli\u00f6ljyn asianmukaisen t\u00e4ytt\u00f6- ja huoltoty\u00f6n varmistaminen on ratkaisevan t\u00e4rke\u00e4\u00e4. S\u00e4\u00e4nn\u00f6lliset tarkastukset ja t\u00e4ytt\u00f6 ovat v\u00e4ltt\u00e4m\u00e4tt\u00f6mi\u00e4 sylinterin moitteettoman toiminnan varmistamiseksi.<\/li>\n<li><strong>Tiivisteen vaihto:<\/strong> Kuluneiden tiivisteiden s\u00e4\u00e4nn\u00f6llinen vaihtaminen on v\u00e4ltt\u00e4m\u00e4t\u00f6nt\u00e4 vuotojen est\u00e4miseksi ja hydraulisen paineen yll\u00e4pit\u00e4miseksi. T\u00e4m\u00e4 teht\u00e4v\u00e4 tulisi ajoittaa osaksi rutiinihuoltoa odottamattomien vikojen v\u00e4ltt\u00e4miseksi.<\/li>\n<\/ul>\n<h2>Asennusohjeet<\/h2>\n<p>Puomin sylinterin oikea asennus on kriittisen t\u00e4rke\u00e4\u00e4 optimaalisen toiminnan kannalta. Aloita varmistamalla, ett\u00e4 kiinnityspisteet ovat puhtaat ja roskattomat. K\u00e4yt\u00e4 sopivia kiinnitystelineit\u00e4 sylinterin kiinnitt\u00e4miseen paikalleen ja varmista oikea kohdistus puomin kanssa. On t\u00e4rke\u00e4\u00e4 noudattaa valmistajan ohjeita pulttien ja ruuvien kiristysmomenttien osalta. Sylinterin huolellinen kohdistus est\u00e4\u00e4 komponenttien liiallisen rasituksen ja v\u00e4hent\u00e4\u00e4 mekaanisten vikojen riski\u00e4. Asennuksen j\u00e4lkeen suorita perusteellinen tarkastus ja k\u00e4yt\u00e4 koneistoa varmistaaksesi, ett\u00e4 sylinteri toimii oikein.<\/p>\n<h2>Yleiset huoltoteht\u00e4v\u00e4t<\/h2>\n<ul>\n<li><strong>Rutiinitarkastukset:<\/strong> S\u00e4\u00e4nn\u00f6llisten vuotojen, kulumisen ja suorituskyvyn tarkistusten suorittaminen auttaa yll\u00e4pit\u00e4m\u00e4\u00e4n puomin sylinterin toimivuutta. V\u00e4lit\u00f6n huomio mahdollisiin ep\u00e4s\u00e4\u00e4nn\u00f6llisyyksiin voi est\u00e4\u00e4 suurempia ongelmia my\u00f6hemmin.<\/li>\n<li><strong>Oikea voitelu:<\/strong> Hydrauli\u00f6ljyn oikean tason yll\u00e4pit\u00e4minen ja voiteluj\u00e4rjestelm\u00e4n moitteettoman toiminnan varmistaminen on elint\u00e4rke\u00e4\u00e4 kitkan minimoimiseksi ja kulumisen est\u00e4miseksi.<\/li>\n<li><strong>Tiivisteen vaihto ja kalibrointi:<\/strong> Tiivisteiden s\u00e4\u00e4nn\u00f6llinen vaihtaminen ja j\u00e4rjestelm\u00e4n kalibrointi varmistavat hydraulipaineen yll\u00e4pidon. T\u00e4m\u00e4 on v\u00e4ltt\u00e4m\u00e4t\u00f6nt\u00e4 sylinterin tehokkaan toiminnan ja pitk\u00e4n k\u00e4ytt\u00f6i\u00e4n kannalta.<\/li>\n<\/ul>\n<p><img decoding=\"async\" src=\"https:\/\/www.hydraulic-cylinders.net\/wp-content\/uploads\/2025\/04\/songte-chushion-collar.webp\" alt=\"Tyynykaulus\" \/><\/p>\n<h2>Turvallisuusn\u00e4k\u00f6kohdat ja ymp\u00e4rist\u00f6tekij\u00e4t<\/h2>\n<p>Puomisylintereit\u00e4 k\u00e4ytett\u00e4ess\u00e4 on \u00e4\u00e4rimm\u00e4isen t\u00e4rke\u00e4\u00e4 noudattaa turvatoimenpiteit\u00e4. K\u00e4ytt\u00e4j\u00e4t tulee kouluttaa tunnistamaan mahdolliset vaarat ja varmistamaan, ett\u00e4 turvavarusteita k\u00e4ytet\u00e4\u00e4n. Lis\u00e4ksi hydraulinesteiden ja kuluneiden osien asianmukainen h\u00e4vitt\u00e4minen on ratkaisevan t\u00e4rke\u00e4\u00e4 ymp\u00e4rist\u00f6vaikutusten minimoimiseksi. S\u00e4\u00e4nn\u00f6llinen koulutus ja turvallisuustarkastukset voivat edist\u00e4\u00e4 turvallisuuskulttuuria varmistamalla, ett\u00e4 kaikki henkil\u00f6st\u00f6 on tietoinen parhaista k\u00e4yt\u00e4nn\u00f6ist\u00e4 ja standardeista.<\/p>\n<h2>Vianm\u00e4\u00e4ritys ja yleiset ongelmat<\/h2>\n<ul>\n<li><strong>Vuoto:<\/strong> Jos vuotoja havaitaan, tarkista tiivisteet ja liittimet vaurioiden varalta. Vaihda kuluneet tiivisteet ja varmista, ett\u00e4 liittimet ovat tiukasti kiinni nestevuotojen est\u00e4miseksi.<\/li>\n<li><strong>Tehon menetys:<\/strong> Sylinterin suorituskyvyn heikkeneminen voi viitata alhaiseen hydrauliikka\u00f6ljyn tasoon tai ilmaan j\u00e4rjestelm\u00e4ss\u00e4. Tarkista \u00f6ljyn tasot ja ilmaa j\u00e4rjestelm\u00e4 tarvittaessa.<\/li>\n<li><strong>Ep\u00e4tavalliset \u00e4\u00e4net:<\/strong> Hankaus- tai kolina\u00e4\u00e4net voivat viitata mekaanisiin ongelmiin. Tarkista komponentit kulumisen varalta ja korjaa vaurioituneet osat viipym\u00e4tt\u00e4.<\/li>\n<\/ul>\n<p>N\u00e4iden yleisten ongelmien nopea korjaaminen voi est\u00e4\u00e4 lis\u00e4ongelmia. S\u00e4\u00e4nn\u00f6llinen huolto ja tarkastukset ovat avainasemassa ongelmien v\u00e4ltt\u00e4miseksi ennen kuin ne pahenevat.<\/p>\n<p><img decoding=\"async\" src=\"https:\/\/www.hydraulic-cylinders.net\/wp-content\/uploads\/2025\/04\/songte-bushings-with-all-kinds-of-excavator-models.webp\" alt=\"Kaivinkonemallien holkit\" \/><\/p>\n<h2>Yrityksen yleiskatsaus<\/h2>\n<p>Olemme hydraulisten sylinterien vaihto-osien valmistaja ja tarjoamme laajan valikoiman tuotteita. Yrityksest\u00e4mme on tullut yksi johtavista valmistajista ja tukkukauppiaista kotimaisilla ja kansainv\u00e4lisill\u00e4 markkinoilla. Priorisoimme poikkeuksellista laatua ja k\u00e4yt\u00e4mme teollisen tuotannon hallintastrategiaa tarkkuusvalmistusty\u00f6pajoissamme. Keskittymisemme teknologiseen osaamiseen, edistyneisiin digitaalisiin valmistuslaitteisiin ja ammattimaisiin testausj\u00e4rjestelmiin parantaa jatkuvasti valmistusymp\u00e4rist\u00f6\u00e4mme ja tuotteidemme laatua. Vahvojen luovien kykyjemme ansiosta noudatamme korkean tehokkuuden, tarkkuuden ja laadun periaatteita vastataksemme monipuolisiin asiakastarpeisiin.<\/p>\n<h3>Asiantuntemuksemme<\/h3>\n<p>Yrityksemme erottuu edukseen monella tapaa, mukaan lukien<\/p>\n<ul>\n<li><strong>Ammattimaisuus:<\/strong> Tiimimme koostuu kokeneista hydrauliikkaj\u00e4rjestelmiin erikoistuneista ammattilaisista, mik\u00e4 varmistaa huippuluokan tuotteiden ja palveluiden saatavuuden.<\/li>\n<li><strong>Kansainv\u00e4liset sertifikaatit:<\/strong> Meill\u00e4 on useita kansainv\u00e4lisi\u00e4 sertifikaatteja, jotka heijastavat sitoutumistamme laatuun ja globaalien standardien noudattamiseen.<\/li>\n<li><strong>Mukautetut palvelut:<\/strong> Tarjoamme r\u00e4\u00e4t\u00e4l\u00f6ityj\u00e4 ratkaisuja asiakkaidemme erityistarpeisiin varmistaen tyytyv\u00e4isyyden tuotteisiimme.<\/li>\n<li><strong>Edistyneet tuotantolaitteet:<\/strong> Huippumodernit tuotantolaitoksemme hy\u00f6dynt\u00e4v\u00e4t huipputeknologiaa korkealaatuisten hydraulisylintereiden valmistukseen.<\/li>\n<li><strong>Myynnin j\u00e4lkeinen palvelu:<\/strong> Tarjoamme kattavaa myynnin j\u00e4lkeist\u00e4 tukea varmistaen, ett\u00e4 asiakkaamme saavat tarvitsemaansa apua pitk\u00e4\u00e4n oston j\u00e4lkeen.<\/li>\n<\/ul>\n<p><img decoding=\"async\" src=\"https:\/\/www.hydraulic-cylinders.net\/wp-content\/uploads\/2025\/04\/songte-company-4.webp\" alt=\"Yrityksen yleiskatsaus\" \/><br \/>\n<img decoding=\"async\" src=\"https:\/\/www.hydraulic-cylinders.net\/wp-content\/uploads\/2025\/04\/songte-company-3.webp\" alt=\"Yrityksen tilat\" \/><\/p>\n<p>Kirjoittaja: lyl<\/p>","protected":false},"excerpt":{"rendered":"<p>Boom Cylinder For Komatsu Middle Excavator PC200LC-8 Product Overview The Boom Cylinder is a vital component of the Komatsu PC200LC-8 excavator, specifically designed to control the movement of the boom, allowing the operator to perform various tasks efficiently. This hydraulic cylinder plays a crucial role in the hydraulic system, enabling precise control over the boom&#8217;s [&hellip;]<\/p>","protected":false},"featured_media":17868,"comment_status":"open","ping_status":"closed","template":"","meta":{"_et_pb_use_builder":"","_et_pb_old_content":"","_et_gb_content_width":""},"product_brand":[],"product_cat":[1546],"product_tag":[1547,1496],"class_list":{"0":"post-18851","1":"product","2":"type-product","3":"status-publish","4":"has-post-thumbnail","6":"product_cat-boom-cylinders","7":"product_tag-boom-cylinders","8":"product_tag-hydraulic-cylinders","10":"first","11":"instock","12":"shipping-taxable","13":"product-type-simple"},"amp_enabled":true,"_links":{"self":[{"href":"https:\/\/www.hydraulic-cylinders.net\/fi\/wp-json\/wp\/v2\/product\/18851","targetHints":{"allow":["GET"]}}],"collection":[{"href":"https:\/\/www.hydraulic-cylinders.net\/fi\/wp-json\/wp\/v2\/product"}],"about":[{"href":"https:\/\/www.hydraulic-cylinders.net\/fi\/wp-json\/wp\/v2\/types\/product"}],"replies":[{"embeddable":true,"href":"https:\/\/www.hydraulic-cylinders.net\/fi\/wp-json\/wp\/v2\/comments?post=18851"}],"wp:featuredmedia":[{"embeddable":true,"href":"https:\/\/www.hydraulic-cylinders.net\/fi\/wp-json\/wp\/v2\/media\/17868"}],"wp:attachment":[{"href":"https:\/\/www.hydraulic-cylinders.net\/fi\/wp-json\/wp\/v2\/media?parent=18851"}],"wp:term":[{"taxonomy":"product_brand","embeddable":true,"href":"https:\/\/www.hydraulic-cylinders.net\/fi\/wp-json\/wp\/v2\/product_brand?post=18851"},{"taxonomy":"product_cat","embeddable":true,"href":"https:\/\/www.hydraulic-cylinders.net\/fi\/wp-json\/wp\/v2\/product_cat?post=18851"},{"taxonomy":"product_tag","embeddable":true,"href":"https:\/\/www.hydraulic-cylinders.net\/fi\/wp-json\/wp\/v2\/product_tag?post=18851"}],"curies":[{"name":"wp","href":"https:\/\/api.w.org\/{rel}","templated":true}]}}