{"id":18859,"date":"2025-04-07T05:59:04","date_gmt":"2025-04-07T05:59:04","guid":{"rendered":"https:\/\/www.hydraulic-cylinders.net\/product\/boom-cylinder-for-komatsu-middle-excavator-pc240lc-8\/"},"modified":"2025-04-07T05:59:07","modified_gmt":"2025-04-07T05:59:07","slug":"boom-cylinder-for-komatsu-middle-excavator-pc240lc-8","status":"publish","type":"product","link":"https:\/\/www.hydraulic-cylinders.net\/fi\/tuote\/boom-cylinder-for-komatsu-middle-excavator-pc240lc-8\/","title":{"rendered":"Komatsun keskikaivukoneen PC240LC-8 puomin sylinteri"},"content":{"rendered":"<h1>Komatsun keskikaivukoneen PC240LC-8 puomin sylinteri<\/h1>\n<h2>Tuotteen yleiskatsaus<\/h2>\n<p>Komatsun PC240LC-8-kaivukoneen puomin sylinteri on kriittinen komponentti hydraulij\u00e4rjestelmiss\u00e4, ja se on erityisesti suunniteltu ohjaamaan kauhan liikett\u00e4 raskaissa koneissa, kuten kaivinkoneissa, kaivurikuormaajissa ja etukuormaajissa. T\u00e4m\u00e4 hydraulisylinteri mahdollistaa kauhan nostamisen, laskemisen ja kallistuksen, mik\u00e4 helpottaa materiaalink\u00e4sittelyteht\u00e4vi\u00e4 tehokkaasti. Kauhan sylinterill\u00e4 on t\u00e4rke\u00e4 rooli rakennuskoneiden toimintakyvyn parantamisessa tarjoamalla tarvittavaa lujuutta ja monipuolisuutta.<\/p>\n<p><img decoding=\"async\" src=\"https:\/\/www.hydraulic-cylinders.net\/wp-content\/uploads\/2025\/04\/songte-company-1.webp\" alt=\"Hydraulisylinterin kuva\"><\/p>\n<h2>Puomin sylinterin ominaisuudet<\/h2>\n<ul>\n<li><strong>Korkea lujuus ja kest\u00e4vyys:<\/strong> T\u00e4m\u00e4 lujasta ter\u00e4ksest\u00e4 tai alumiinista valmistettu sylinteri kest\u00e4\u00e4 korkeita paineita ja raskaita kuormia, joten se sopii vaativiin ty\u00f6ymp\u00e4rist\u00f6ihin. Suunnittelussa on otettu huomioon kulumiskest\u00e4vyys ja korroosionkest\u00e4vyys sen k\u00e4ytt\u00f6i\u00e4n pident\u00e4miseksi.<\/li>\n<li><strong>Tehokas hydraulinen k\u00e4ytt\u00f6:<\/strong> Hydrauli\u00f6ljyn painetta hy\u00f6dynt\u00e4v\u00e4 sylinteri tarjoaa tasaisen pidennyksen ja vet\u00e4ytymisen, mik\u00e4 vastaa nopeasti ohjauskomentoihin ja tarjoaa voimakkaan ty\u00f6nt\u00f6- ja vetovoiman raskaiden tai monimutkaisten teht\u00e4vien k\u00e4sittelyyn.<\/li>\n<li><strong>Erilaisia \u200b\u200btyyppej\u00e4:<\/strong> Saatavilla yksitoimisina (hydraulisesti k\u00e4yt\u00f6ss\u00e4 yhteen suuntaan) tai kaksitoimisina (hydraulisesti k\u00e4yt\u00f6ss\u00e4 molempiin suuntiin), joten k\u00e4ytt\u00e4j\u00e4t voivat valita k\u00e4ytt\u00f6tarpeiden mukaan. Jotkut mallit ovat teleskooppisia, mik\u00e4 mahdollistaa suuremman jatkeen ilman ulkomittojen kasvua, joten ne sopivat t\u00e4ydellisesti ahtaisiin k\u00e4ytt\u00f6tarkoituksiin.<\/li>\n<li><strong>Mukautettu valmistus:<\/strong> Meill\u00e4 on valmiudet valmistaa t\u00e4t\u00e4 tuotetta, mik\u00e4 varmistaa, ett\u00e4 sylinterimme korvaavat t\u00e4ydellisesti olemassa olevat hydraulisylinterit.<\/li>\n<li><strong>Kest\u00e4v\u00e4 muotoilu:<\/strong> Suunniteltu optimaalista suorituskyky\u00e4 ja pitk\u00e4ik\u00e4isyytt\u00e4 varten varmistaen toiminnan luotettavuuden ja tehokkuuden.<\/li>\n<\/ul>\n<p><img decoding=\"async\" src=\"https:\/\/www.hydraulic-cylinders.net\/wp-content\/uploads\/2025\/04\/songte-cylinder-head-with-all-kinds-excavator-models.webp\" alt=\"Kaivinkoneen sylinterikannen kuva\"><\/p>\n<h2>Puomisylinterin sovellukset<\/h2>\n<h3>Rakennuslaitteet<\/h3>\n<p>Kaivinkoneissa puomin sylinterit ovat kriittisi\u00e4 kaivamisessa, lastaamisessa ja maaper\u00e4n tai roskien siirt\u00e4misess\u00e4. Niiden kyky hallita kauhan asentoa antaa k\u00e4ytt\u00e4jille mahdollisuuden suorittaa tehokkaasti monenlaisia \u200b\u200bteht\u00e4vi\u00e4. N\u00e4iden sylinterien mahdollistama tarkka liike edist\u00e4\u00e4 rakennusprojektien kokonaistuottavuutta, jolloin k\u00e4ytt\u00e4j\u00e4t voivat k\u00e4sitell\u00e4 raskaita materiaaleja helposti.<\/p>\n<h3>Maatalouskoneet<\/h3>\n<p>Etukuormaajissa puomisylintereit\u00e4 k\u00e4ytet\u00e4\u00e4n maan, hein\u00e4n ja muiden materiaalien kauhaamiseen, nostamiseen ja kuljettamiseen. T\u00e4m\u00e4 monipuolisuus on olennaista maataloustoiminnassa, jossa oikea-aikainen ja tehokas materiaalink\u00e4sittely voi vaikuttaa merkitt\u00e4v\u00e4sti tuottavuuteen ja sadon hallintaan. Sylinterien luotettavuus varmistaa, ett\u00e4 maatalouskoneet voivat toimia sujuvasti ja minimoida seisokkiajat kriittisiss\u00e4 teht\u00e4viss\u00e4.<\/p>\n<h3>Kaivuty\u00f6t<\/h3>\n<p>Kaivinkoneet hy\u00f6dynt\u00e4v\u00e4t puomin sylinteri\u00e4 tunkeutuakseen tehokkaasti maaper\u00e4\u00e4n kaivamisen aikana. Hydraulinen teho mahdollistaa merkitt\u00e4v\u00e4n kaivusyvyyden ja -voiman, mik\u00e4 tekee siit\u00e4 korvaamattoman rakennus-, maisemointi- ja kaivosprojekteissa. N\u00e4iden sylinterien tehokkuus vaikuttaa suoraan kaivut\u00f6iden nopeuteen ja laatuun.<\/p>\n<h3>Kuormaajan toiminnot<\/h3>\n<p>Etukuormaajissa puomisylinterit auttavat kuormien tehokkaassa nostamisessa ja purkamisessa. Niiden kest\u00e4v\u00e4 rakenne mahdollistaa raskaiden materiaalien turvallisen k\u00e4sittelyn, varmistaen, ett\u00e4 lastaus- ja purkuteht\u00e4v\u00e4t voidaan suorittaa nopeasti ja tehokkaasti. T\u00e4m\u00e4 ominaisuus on ratkaisevan t\u00e4rke\u00e4 useilla eri toimialoilla, kuten rakentamisessa ja j\u00e4tehuollossa.<\/p>\n<h2>Suunnittelun\u00e4k\u00f6kohdat ja valintakriteerit<\/h2>\n<h3>Kantavuus<\/h3>\n<p>Puomisylinteri\u00e4 valittaessa on ensiarvoisen t\u00e4rke\u00e4\u00e4 ymm\u00e4rt\u00e4\u00e4 kuormituskapasiteetti. Sylinterin on kyett\u00e4v\u00e4 k\u00e4sittelem\u00e4\u00e4n odotettavissa olevat enimm\u00e4iskuormat ilman vikaantumista. Valmistajat antavat usein yksityiskohtaiset tiedot k\u00e4ytt\u00f6rajoista, joiden avulla k\u00e4ytt\u00e4j\u00e4t voivat valita sylinterin, joka vastaa heid\u00e4n erityistarpeitaan. Kuormituskapasiteetin ep\u00e4suhta voi johtaa k\u00e4ytt\u00f6riskeihin, laitevaurioihin ja lis\u00e4\u00e4ntyneisiin yll\u00e4pitokustannuksiin.<\/p>\n<h3>Tiivistyksen eheys<\/h3>\n<p>Tiivistys on ratkaisevan t\u00e4rke\u00e4\u00e4 hydraulisen paineen yll\u00e4pit\u00e4miseksi ja vuotojen est\u00e4miseksi. Korkealaatuiset tiivisteet ovat v\u00e4ltt\u00e4m\u00e4tt\u00f6mi\u00e4 sylinterin pitk\u00e4ik\u00e4isyyden ja sen toiminnan tehokkuuden varmistamiseksi. Erilaisia \u200b\u200bmateriaaleja, kuten polyuretaania ja nitriilikumia, k\u00e4ytet\u00e4\u00e4n yleisesti tiivisteiden valmistukseen, jotka kest\u00e4v\u00e4t \u00e4\u00e4rimm\u00e4isi\u00e4 paineita ja ymp\u00e4rist\u00f6olosuhteita. Asianmukainen tiivistys auttaa yll\u00e4pit\u00e4m\u00e4\u00e4n optimaalista suorituskyky\u00e4 ja v\u00e4hent\u00e4\u00e4 hydraulinesteen h\u00e4vikin riski\u00e4.<\/p>\n<h3>Kest\u00e4vyys<\/h3>\n<p>Kest\u00e4vyys on puomisylinterin olennainen ominaisuus, koska se altistuu \u00e4\u00e4rimm\u00e4isille olosuhteille ja kovalle k\u00e4yt\u00f6lle. Valmistuksessa k\u00e4ytettyjen materiaalien on oltava kulutusta, korroosiota ja v\u00e4symist\u00e4 kest\u00e4vi\u00e4. S\u00e4\u00e4nn\u00f6llinen kulumisen ja repeytymisen tarkastus ja kest\u00e4viksi todistettujen sylintereiden valitseminen takaavat luotettavan suorituskyvyn ajan mittaan, minimoivat seisokkiajat ja korjauskustannukset.<\/p>\n<h3>Turvaominaisuudet<\/h3>\n<p>Turvallisuus on ensisijainen huolenaihe raskaita koneita k\u00e4ytett\u00e4ess\u00e4. Puomisylinterit tulee suunnitella turvaominaisuuksilla, jotka est\u00e4v\u00e4t paineen vahingossa tapahtuvan vapautumisen ja takaavat vakauden k\u00e4yt\u00f6n aikana. N\u00e4ihin ominaisuuksiin voivat kuulua paineenalennusventtiilit ja turvalukot, jotka suojaavat k\u00e4ytt\u00e4ji\u00e4 ja laitteita mahdollisilta vaaroilta.<\/p>\n<h3>Huolto Esteett\u00f6myys<\/h3>\n<p>Helppohuolto on toinen t\u00e4rke\u00e4 suunnittelukriteeri. Helposti tarkastettavat ja huollettavat sylinterit voivat merkitt\u00e4v\u00e4sti v\u00e4hent\u00e4\u00e4 seisokkiaikaa. Ominaisuudet, kuten irrotettavat p\u00e4\u00e4tykappaleet, helposti k\u00e4sill\u00e4 olevat rasvanipat ja vaihdettavat tiivisteet, edist\u00e4v\u00e4t tehokkaita huoltok\u00e4yt\u00e4nt\u00f6j\u00e4 varmistaen, ett\u00e4 sylinteri pysyy huippukunnossa koko k\u00e4ytt\u00f6ik\u00e4ns\u00e4 ajan.<\/p>\n<p><img decoding=\"async\" src=\"https:\/\/www.hydraulic-cylinders.net\/wp-content\/uploads\/2025\/04\/songte-oil-pipes-and-spare-parts.webp\" alt=\"Hydraulisten osien kuva\"><\/p>\n<h2>Tiivistys- ja voiteluhuomioita<\/h2>\n<p>Asianmukainen tiivistys ja voitelu ovat v\u00e4ltt\u00e4m\u00e4tt\u00f6mi\u00e4 puomisylinterien tehokkaalle toiminnalle. Hydraulij\u00e4rjestelm\u00e4n eheyden yll\u00e4pit\u00e4miseksi tulisi k\u00e4ytt\u00e4\u00e4 erilaisia \u200b\u200btiivisteit\u00e4, kuten m\u00e4nn\u00e4ntiivisteit\u00e4 ja varren tiivisteit\u00e4. Kulutusta kest\u00e4vist\u00e4 materiaaleista, kuten polyuretaanista ja nitriilikumista, valmistetut tiivisteet varmistavat, ett\u00e4 sylinteri kest\u00e4\u00e4 \u00e4\u00e4rimm\u00e4isi\u00e4 olosuhteita. Sylinterin runko ja kierteitetyt p\u00e4\u00e4typinnat tulee k\u00e4sitell\u00e4 hienosti kulutuskest\u00e4vyyden parantamiseksi. On my\u00f6s t\u00e4rke\u00e4\u00e4 lis\u00e4t\u00e4 s\u00e4\u00e4nn\u00f6llisesti sopiva m\u00e4\u00e4r\u00e4 hydrauli\u00f6ljy\u00e4 voitelua varten, mik\u00e4 tukee sylinterin sujuvaa toimintaa ja pident\u00e4\u00e4 sen k\u00e4ytt\u00f6ik\u00e4\u00e4.<\/p>\n<h2>Ennaltaehk\u00e4isev\u00e4t huoltotoimenpiteet<\/h2>\n<ul>\n<li><strong>S\u00e4\u00e4nn\u00f6lliset tarkastukset:<\/strong> Aikatauluta rutiinitarkastukset kulumisen tai vaurioiden havaitsemiseksi varhaisessa vaiheessa. T\u00e4m\u00e4 ennakoiva l\u00e4hestymistapa voi est\u00e4\u00e4 suurempien ongelmien kehittymisen ja pident\u00e4\u00e4 sylinterin k\u00e4ytt\u00f6ik\u00e4\u00e4.<\/li>\n<li><strong>Voitelu:<\/strong> Varmista, ett\u00e4 hydrauliikka\u00f6ljyn taso pysyy oikeana ja ett\u00e4 voiteluun k\u00e4ytet\u00e4\u00e4n oikeanlaista \u00f6ljy\u00e4. Oikea voitelu minimoi kitkan ja kulumisen, mik\u00e4 helpottaa sujuvaa toimintaa.<\/li>\n<li><strong>Tiivisteen vaihto:<\/strong> Tarkista tiivisteiden kuluminen s\u00e4\u00e4nn\u00f6llisesti ja vaihda ne tarvittaessa. Kuluneet tiivisteet voivat johtaa vuotoihin, mik\u00e4 vaarantaa hydraulij\u00e4rjestelm\u00e4n tehokkuuden ja turvallisuuden.<\/li>\n<\/ul>\n<h2>Asennusohjeet<\/h2>\n<p>Puomisylinterin oikea asennus on v\u00e4ltt\u00e4m\u00e4t\u00f6nt\u00e4 optimaalisen suorituskyvyn saavuttamiseksi. Aloita varmistamalla, ett\u00e4 ty\u00f6tila on puhdas ja roskaton. Kohdista sitten sylinteri tarkasti kaivinkoneen kiinnityspisteisiin. K\u00e4yt\u00e4 sopivia kiinnitystelineit\u00e4 sylinterin kiinnitt\u00e4miseen paikalleen ja varmista, ett\u00e4 se on vaakasuorassa ja oikein suunnattu. Kirist\u00e4 kaikki kiinnikkeet valmistajan ohjeiden mukaisesti, jotta ne eiv\u00e4t l\u00f6ysty k\u00e4yt\u00f6n aikana. Asennuksen j\u00e4lkeen tarkista huolellisesti, ett\u00e4 kaikki hydrauliset liit\u00e4nn\u00e4t ovat tukevasti kiinni ja vuotamattomat. Lopuksi testaa sylinterin toiminta varmistaaksesi, ett\u00e4 se toimii tarkoitetulla tavalla ennen normaalin k\u00e4yt\u00f6n aloittamista.<\/p>\n<h2>Yleiset huoltoteht\u00e4v\u00e4t<\/h2>\n<ul>\n<li><strong>S\u00e4\u00e4nn\u00f6lliset tarkastukset:<\/strong> S\u00e4\u00e4nn\u00f6lliset tarkastukset ovat v\u00e4ltt\u00e4m\u00e4tt\u00f6mi\u00e4 kulumisen merkkien havaitsemiseksi. Etsi vuotoja, ep\u00e4tavallisia \u00e4\u00e4ni\u00e4 tai suorituskykyongelmia, jotka voivat viitata ongelmaan.<\/li>\n<li><strong>Voitelu:<\/strong> Oikea voitelu on elint\u00e4rke\u00e4\u00e4 kitkan v\u00e4hent\u00e4miseksi ja sylinterin k\u00e4ytt\u00f6i\u00e4n pident\u00e4miseksi. Noudata valmistajan suosituksia voiteluv\u00e4leist\u00e4 ja \u00f6ljytyypeist\u00e4.<\/li>\n<li><strong>Tiivisteen vaihto:<\/strong> Kuluneet tiivisteet on vaihdettava viipym\u00e4tt\u00e4 hydrauli\u00f6ljyn vuotojen est\u00e4miseksi ja sylinterin paineen yll\u00e4pit\u00e4miseksi. Tarkista tiivisteet s\u00e4\u00e4nn\u00f6llisesti halkeamien tai kulumisen merkkien varalta.<\/li>\n<\/ul>\n<p>Huoltoteht\u00e4vien lis\u00e4ksi on eritt\u00e4in t\u00e4rke\u00e4\u00e4 varmistaa, ett\u00e4 sylinteri on kohdistettu oikein asennuksen aikana. Oikeiden kiinnitystelineiden k\u00e4ytt\u00f6 voi auttaa kiinnitt\u00e4m\u00e4\u00e4n sylinterin ja s\u00e4ilytt\u00e4m\u00e4\u00e4n sen eheyden. Suositeltuja tarkastus-, korjaus- ja vaihtomenettelyj\u00e4 on noudatettava puomisylinterin k\u00e4ytt\u00f6i\u00e4n pident\u00e4miseksi ja luotettavan suorituskyvyn varmistamiseksi.<\/p>\n<p><img decoding=\"async\" src=\"https:\/\/www.hydraulic-cylinders.net\/wp-content\/uploads\/2025\/04\/songte-chushion-collar.webp\" alt=\"Tyynykauluksen kuva\"><\/p>\n<h2>Turvallisuus- ja ymp\u00e4rist\u00f6n\u00e4k\u00f6kohdat<\/h2>\n<p>Hydraulisylintereit\u00e4 k\u00e4ytett\u00e4ess\u00e4 turvatoimenpiteet ovat \u00e4\u00e4rimm\u00e4isen t\u00e4rkeit\u00e4. K\u00e4ytt\u00e4j\u00e4t tulee kouluttaa tunnistamaan hydraulij\u00e4rjestelmiin liittyv\u00e4t mahdolliset vaarat, kuten vuodot tai laitteiden toimintah\u00e4iri\u00f6t. Turvallisuusprotokollien, mukaan lukien asianmukaiset henkil\u00f6nsuojaimet (PPE), k\u00e4ytt\u00f6\u00f6notto ja valmistajan ohjeiden noudattaminen voivat v\u00e4hent\u00e4\u00e4 riskej\u00e4 merkitt\u00e4v\u00e4sti. My\u00f6s ymp\u00e4rist\u00f6n\u00e4k\u00f6kohdat ovat t\u00e4rkeit\u00e4; hydraulinesteiden asianmukainen k\u00e4sittely est\u00e4\u00e4 kontaminaation ja ymp\u00e4rist\u00f6vahinkoja.<\/p>\n<h2>Vianm\u00e4\u00e4ritys ja yleiset ongelmat<\/h2>\n<ul>\n<li><strong>Hydrauliset vuodot:<\/strong> Yksi yleisimmist\u00e4 ongelmista on hydrauliikka\u00f6ljyn vuodot, joita voi esiinty\u00e4 kuluneista tiivisteist\u00e4 tai vaurioituneista liitoksista. S\u00e4\u00e4nn\u00f6lliset tarkastukset voivat auttaa tunnistamaan vuodot varhaisessa vaiheessa ja est\u00e4m\u00e4\u00e4n toiminnan tehottomuutta.<\/li>\n<li><strong>Ep\u00e4johdonmukainen liike:<\/strong> Jos sylinteri liikkuu ep\u00e4tasaisesti, se voi viitata alhaiseen hydrauliikka\u00f6ljyn tasoon tai j\u00e4rjestelm\u00e4\u00e4n j\u00e4\u00e4neeseen ilmaan. Nestetasojen tarkistaminen ja j\u00e4rjestelm\u00e4n ilmaaminen voivat ratkaista t\u00e4m\u00e4n ongelman.<\/li>\n<li><strong>Ylikuumeneminen:<\/strong> Liiallinen kuumuus voi olla merkki ylikuormituksesta tai riitt\u00e4m\u00e4tt\u00f6m\u00e4st\u00e4 voitelusta. L\u00e4mp\u00f6tilatasojen seuranta ja asianmukaisen voitelun varmistaminen auttavat yll\u00e4pit\u00e4m\u00e4\u00e4n optimaaliset k\u00e4ytt\u00f6l\u00e4mp\u00f6tilat.<\/li>\n<\/ul>\n<h2>Vianm\u00e4\u00e4ritysvinkkej\u00e4<\/h2>\n<p>Ongelmien tehokkaaksi diagnosoimiseksi ja ratkaisemiseksi k\u00e4ytt\u00e4jien on seurattava suorituskyky\u00e4 valppaasti. Oireiden tunnistaminen varhain voi est\u00e4\u00e4 merkitt\u00e4v\u00e4mpien ongelmien syntymisen. Vuotojen varalta tarkista tiivisteet ja liitokset huolellisesti ja vaihda kaikki vaurioituneet osat. Ep\u00e4tasaisen liikkeen varalta tarkista hydraulinesteen tasot perusteellisesti ja poista mahdollinen ilma. S\u00e4\u00e4nn\u00f6lliset huoltotoimenpiteet, kuten voitelu ja tiivisteiden vaihto, minimoivat my\u00f6s mahdolliset ongelmat.<\/p>\n<p><img decoding=\"async\" src=\"https:\/\/www.hydraulic-cylinders.net\/wp-content\/uploads\/2025\/04\/songte-bushings-with-all-kinds-of-excavator-models.webp\" alt=\"Holkit Kuva\"><\/p>\n<h2>Tietoa yrityksest\u00e4mme<\/h2>\n<p>Olemme johtava hydraulisten sylinterien valmistaja ja tukkumyyj\u00e4. Kattava tuotevalikoimamme on tehnyt meist\u00e4 keskeisen toimijan sek\u00e4 kotimaisilla ett\u00e4 kansainv\u00e4lisill\u00e4 markkinoilla. Sitoutumisemme huippulaatuun tukee huolellinen valmistusstrategia, joka hy\u00f6dynt\u00e4\u00e4 edistyneit\u00e4 digitaalisia valmistuslaitteita ja ammattimaisia \u200b\u200btestausj\u00e4rjestelmi\u00e4. Parannamme jatkuvasti valmistusymp\u00e4rist\u00f6\u00e4mme ammattitaitoisten teknikkojen ja innovatiivisten k\u00e4yt\u00e4nt\u00f6jen avulla, mink\u00e4 ansiosta pystymme vastaamaan monipuolisiin asiakastarpeisiin tehokkaasti, tarkasti ja laadukkaasti.<\/p>\n<p><img decoding=\"async\" src=\"https:\/\/www.hydraulic-cylinders.net\/wp-content\/uploads\/2025\/04\/songte-company-4.webp\" alt=\"Yrityksen imago\"><br \/>\n<img decoding=\"async\" src=\"https:\/\/www.hydraulic-cylinders.net\/wp-content\/uploads\/2025\/04\/songte-company-3.webp\" alt=\"Yrityksen imago\"><\/p>\n<h2>Johtop\u00e4\u00e4t\u00f6s<\/h2>\n<p>Asiantuntemuksemme hydraulisylintereiden valmistuksessa varmistaa, ett\u00e4 voimme tarjota korkealaatuisia tuotteita, jotka on r\u00e4\u00e4t\u00e4l\u00f6ity erilaisiin k\u00e4ytt\u00f6tarkoituksiin. Keskittym\u00e4ll\u00e4 vahvasti ammattitaitoiseen palveluun, kansainv\u00e4liseen sertifiointiin, r\u00e4\u00e4t\u00e4l\u00f6intimahdollisuuksiin, edistyneisiin tuotantolaitteisiin ja erinomaiseen j\u00e4lkimarkkinointitukeen, olemme omistautuneet palvelemaan asiakkaidemme tarpeita tehokkaasti.<\/p>\n<p>Kirjoittaja: lyl<\/p>","protected":false},"excerpt":{"rendered":"<p>Boom Cylinder For Komatsu Middle Excavator PC240LC-8 Product Overview The Boom Cylinder for Komatsu Middle Excavator PC240LC-8 is a critical component in hydraulic systems, specifically designed to control the movement of the bucket in heavy machinery such as excavators, backhoe loaders, and front loaders. This hydraulic cylinder enables the bucket to lift, lower, and tilt, [&hellip;]<\/p>","protected":false},"featured_media":17876,"comment_status":"open","ping_status":"closed","template":"","meta":{"_et_pb_use_builder":"","_et_pb_old_content":"","_et_gb_content_width":""},"product_brand":[],"product_cat":[1546],"product_tag":[1547,1496],"class_list":{"0":"post-18859","1":"product","2":"type-product","3":"status-publish","4":"has-post-thumbnail","6":"product_cat-boom-cylinders","7":"product_tag-boom-cylinders","8":"product_tag-hydraulic-cylinders","10":"first","11":"instock","12":"shipping-taxable","13":"product-type-simple"},"amp_enabled":true,"_links":{"self":[{"href":"https:\/\/www.hydraulic-cylinders.net\/fi\/wp-json\/wp\/v2\/product\/18859","targetHints":{"allow":["GET"]}}],"collection":[{"href":"https:\/\/www.hydraulic-cylinders.net\/fi\/wp-json\/wp\/v2\/product"}],"about":[{"href":"https:\/\/www.hydraulic-cylinders.net\/fi\/wp-json\/wp\/v2\/types\/product"}],"replies":[{"embeddable":true,"href":"https:\/\/www.hydraulic-cylinders.net\/fi\/wp-json\/wp\/v2\/comments?post=18859"}],"wp:featuredmedia":[{"embeddable":true,"href":"https:\/\/www.hydraulic-cylinders.net\/fi\/wp-json\/wp\/v2\/media\/17876"}],"wp:attachment":[{"href":"https:\/\/www.hydraulic-cylinders.net\/fi\/wp-json\/wp\/v2\/media?parent=18859"}],"wp:term":[{"taxonomy":"product_brand","embeddable":true,"href":"https:\/\/www.hydraulic-cylinders.net\/fi\/wp-json\/wp\/v2\/product_brand?post=18859"},{"taxonomy":"product_cat","embeddable":true,"href":"https:\/\/www.hydraulic-cylinders.net\/fi\/wp-json\/wp\/v2\/product_cat?post=18859"},{"taxonomy":"product_tag","embeddable":true,"href":"https:\/\/www.hydraulic-cylinders.net\/fi\/wp-json\/wp\/v2\/product_tag?post=18859"}],"curies":[{"name":"wp","href":"https:\/\/api.w.org\/{rel}","templated":true}]}}