{"id":18883,"date":"2025-04-07T06:00:19","date_gmt":"2025-04-07T06:00:19","guid":{"rendered":"https:\/\/www.hydraulic-cylinders.net\/product\/boom-cylinder-for-hitachi-wheel-excavator-zx210w-3\/"},"modified":"2025-04-07T06:00:21","modified_gmt":"2025-04-07T06:00:21","slug":"boom-cylinder-for-hitachi-wheel-excavator-zx210w-3","status":"publish","type":"product","link":"https:\/\/www.hydraulic-cylinders.net\/fi\/tuote\/boom-cylinder-for-hitachi-wheel-excavator-zx210w-3\/","title":{"rendered":"Hitachi ZX210W-3 -py\u00f6r\u00e4kaivukoneen puomin sylinteri"},"content":{"rendered":"<h1>Hitachi ZX210W-3 -py\u00f6r\u00e4kaivukoneen puomin sylinteri<\/h1>\n<h2>Puomin sylinterin yleiskatsaus<\/h2>\n<p>Puomin sylinteri on t\u00e4rke\u00e4 hydraulinen komponentti, joka on erityisesti suunniteltu ohjaamaan kauhojen liikkeit\u00e4 raskaissa koneissa, kuten kaivinkoneissa, kaivurikuormaajissa ja etukuormaajissa. T\u00e4m\u00e4 hydraulinen sylinteri mahdollistaa kauhan nostamisen, laskemisen ja kallistuksen, mik\u00e4 helpottaa tehokasta materiaalink\u00e4sittely\u00e4. Puomin sylinteri toimii k\u00e4ytt\u00e4m\u00e4ll\u00e4 hydraulinestett\u00e4, joka luo paineen, joka mahdollistaa tasaiset ja tehokkaat liikkeet. Pohjimmiltaan sill\u00e4 on olennainen rooli rakennus- ja maatalouskoneiden hydraulij\u00e4rjestelmiss\u00e4.<\/p>\n<p><img decoding=\"async\" src=\"https:\/\/www.hydraulic-cylinders.net\/wp-content\/uploads\/2025\/04\/songte-company-1.webp\" alt=\"Puomin sylinterin kuva\" \/><\/p>\n<h3>Puomin sylinterin toiminnot<\/h3>\n<ul>\n<li>Mahdollistaa kauhan tarkan liikkeen tehokasta kaivamista ja materiaalin kuljetusta varten.<\/li>\n<li>Lis\u00e4\u00e4 raskaan kaluston tehokkuutta mahdollistamalla kauhan asennon nopeat s\u00e4\u00e4d\u00f6t.<\/li>\n<li>Reduces operator effort while enhancing control over the machine&#8217;s functionality.<\/li>\n<li>Varmistaa turvallisuuden k\u00e4yt\u00f6n aikana tarjoamalla tasaisen ja luotettavan suorituskyvyn.<\/li>\n<\/ul>\n<h2>Puomin sylinterin ominaisuudet<\/h2>\n<ul>\n<li><strong>Korkea lujuus ja kest\u00e4vyys:<\/strong> N\u00e4m\u00e4 lujasta ter\u00e4ksest\u00e4 tai alumiinista valmistetut sylinterit on suunniteltu kest\u00e4m\u00e4\u00e4n korkeaa painetta ja raskaita kuormia, joten ne sopivat vaativiin ty\u00f6ymp\u00e4rist\u00f6ihin.<\/li>\n<li><strong>Tehokas hydraulinen k\u00e4ytt\u00f6:<\/strong> Toimii sujuvasti hydrauli\u00f6ljyn paineella, mik\u00e4 mahdollistaa nopean reagoinnin komentoihin ja tarjoaa huomattavan vetovoiman raskaisiin ja monimutkaisiin teht\u00e4viin.<\/li>\n<li><strong>Erilaisia \u200b\u200btyyppej\u00e4:<\/strong> Saatavilla yksitoimisina (toimii yhteen suuntaan) tai kaksitoimisina (toimii molempiin suuntiin) kokoonpanoina vaihtelevien k\u00e4ytt\u00f6tarpeiden t\u00e4ytt\u00e4miseksi.<\/li>\n<li><strong>Mukautettavat mallit:<\/strong> Tietyiss\u00e4 malleissa on teleskooppirakenne, joka mahdollistaa suuremman pidennysosan ilman ulkomittojen kasvua, mik\u00e4 sopii erinomaisesti ahtaisiin tiloihin.<\/li>\n<li><strong>Kulumis- ja korroosionkest\u00e4vyys:<\/strong> Suunniteltu kest\u00e4m\u00e4\u00e4n kulumista ja korroosiota, mik\u00e4 pident\u00e4\u00e4 sylinterin k\u00e4ytt\u00f6ik\u00e4\u00e4 haastavissa olosuhteissa.<\/li>\n<\/ul>\n<p>Valmistamme n\u00e4it\u00e4 tuotteita tarkasti varmistaen, ett\u00e4 hydraulisylinterimme korvaavat t\u00e4ydellisesti olemassa olevat sylinterit.<\/p>\n<p><img decoding=\"async\" src=\"https:\/\/www.hydraulic-cylinders.net\/wp-content\/uploads\/2025\/04\/songte-cylinder-head-with-all-kinds-excavator-models.webp\" alt=\"Kaivinkonemallien sylinterikansi\" \/><\/p>\n<h2>Puomisylinterin sovellukset<\/h2>\n<h3>Rakennuslaitteet<\/h3>\n<p>Kaivinkoneissa puomin sylinterit ovat v\u00e4ltt\u00e4m\u00e4tt\u00f6mi\u00e4 kaivamiseen, lastaamiseen ja maaper\u00e4n tai roskien siirt\u00e4miseen. Ne tarjoavat tarvittavan voiman maan tunkeutumiseen ja mahdollistavat kuljettajan tehokkaan hallinnan erilaisissa teht\u00e4viss\u00e4, mik\u00e4 parantaa kokonaistuottavuutta rakennusty\u00f6mailla.<\/p>\n<h3>Maatalouskoneet<\/h3>\n<p>Etukuormaajissa k\u00e4ytett\u00e4v\u00e4t puomisylinterit helpottavat materiaalien, kuten mullan, hein\u00e4n ja muiden maataloustuotteiden, kaivamista, nostamista ja kuljetusta. Niiden luotettava toiminta on ratkaisevan t\u00e4rke\u00e4\u00e4 viljelij\u00f6ille, jotka haluavat hoitaa teht\u00e4v\u00e4ns\u00e4 tehokkaasti, mik\u00e4 tekee niist\u00e4 v\u00e4ltt\u00e4m\u00e4tt\u00f6mi\u00e4 nykyaikaisessa maataloudessa.<\/p>\n<h3>Kaivinkoneet<\/h3>\n<p>Puomin sylinteri mahdollistaa kaivinkoneiden kaivuty\u00f6t, koska kauha tunkeutuu tehokkaasti maaper\u00e4\u00e4n. T\u00e4m\u00e4 toiminto on elint\u00e4rke\u00e4 erilaisissa kaivut\u00f6iss\u00e4, aina ojituksesta perustusten kaivamiseen, varmistaen, ett\u00e4 projektit valmistuvat tehokkaasti ja tarkasti.<\/p>\n<h3>Kuormaajat<\/h3>\n<p>Etukuormaajissa puomisylinterit auttavat materiaalien tehokkaassa nostamisessa ja tyhjent\u00e4misess\u00e4. Niiden kyky tarjota vahva nostovoima varmistaa, ett\u00e4 kuljettajat voivat k\u00e4sitell\u00e4 raskaita kuormia helposti, mik\u00e4 v\u00e4hent\u00e4\u00e4 onnettomuusriski\u00e4 ja parantaa ty\u00f6nkulun tehokkuutta.<\/p>\n<h2>Suunnittelun\u00e4k\u00f6kohdat ja valintakriteerit<\/h2>\n<ul>\n<li><strong>Kantavuus:<\/strong> Sylinterin on kyett\u00e4v\u00e4 k\u00e4sittelem\u00e4\u00e4n sen toiminnan aikana kohtaama enimm\u00e4iskuormitus. T\u00e4m\u00e4 edellytt\u00e4\u00e4 tarvittavan voiman laskemista ja sellaisen sylinterin valitsemista, joka tarjoaa turvamarginaalin t\u00e4m\u00e4n kynnysarvon yl\u00e4puolella rikkoutumisen est\u00e4miseksi.<\/li>\n<li><strong>Tiivistysmekanismit:<\/strong> Tehokas tiivistys on ratkaisevan t\u00e4rke\u00e4\u00e4 hydraulinesteen vuotojen est\u00e4miseksi, jotka voivat johtaa tehokkuuden heikkenemiseen ja mahdollisiin ymp\u00e4rist\u00f6vaaroihin. Oikeiden tiivistysmateriaalien \u2013 kuten polyuretaanin tai nitriilikumin \u2013 valitseminen voi parantaa merkitt\u00e4v\u00e4sti suorituskyky\u00e4 ja kest\u00e4vyytt\u00e4.<\/li>\n<li><strong>Kest\u00e4vyys:<\/strong> Valmistuksessa k\u00e4ytettyjen materiaalien on kestett\u00e4v\u00e4 kulutusta ja ymp\u00e4rist\u00f6tekij\u00f6it\u00e4. Hyvin suunnitellussa sylinteriss\u00e4 on pintak\u00e4sittelyt, jotka parantavat sen korroosion- ja hankauksenkest\u00e4vyytt\u00e4 ja varmistavat pitk\u00e4n k\u00e4ytt\u00f6i\u00e4n.<\/li>\n<li><strong>Turvaominaisuudet:<\/strong> Turvamekanismien, kuten paineenalennusventtiilien, sis\u00e4llytt\u00e4minen voi auttaa est\u00e4m\u00e4\u00e4n ylipaineistuksen ja suojaamaan sek\u00e4 k\u00e4ytt\u00e4j\u00e4\u00e4 ett\u00e4 koneita mahdollisilta vaaroilta.<\/li>\n<li><strong>Huoltomahdollisuus:<\/strong> Hyvin suunnitellun sylinterin tulisi mahdollistaa helppo p\u00e4\u00e4sy t\u00e4rkeisiin komponentteihin huoltoa varten. T\u00e4m\u00e4 varmistaa, ett\u00e4 s\u00e4\u00e4nn\u00f6llinen huolto voidaan suorittaa ilman laajaa purkamista, mik\u00e4 minimoi seisokkiajat ja huoltokustannukset.<\/li>\n<\/ul>\n<p><img decoding=\"async\" src=\"https:\/\/www.hydraulic-cylinders.net\/wp-content\/uploads\/2025\/04\/songte-oil-pipes-and-spare-parts.webp\" alt=\"Hydrauliset osat\" \/><\/p>\n<h2>Sylinterin tiivistys ja voitelu<\/h2>\n<p>Asianmukainen tiivistys on elint\u00e4rke\u00e4\u00e4 hydraulisylinterin eheyden yll\u00e4pit\u00e4miseksi. Erilaisia \u200b\u200btiivistyskomponentteja, kuten m\u00e4nn\u00e4ntiivisteit\u00e4 ja varren tiivisteit\u00e4, k\u00e4ytet\u00e4\u00e4n varmistamaan, ett\u00e4 hydraulineste pysyy sylinterin sis\u00e4ll\u00e4. N\u00e4iden tiivisteiden suositeltuja materiaaleja ovat polyuretaani ja nitriilikumi, jotka tarjoavat erinomaisen kulutuskest\u00e4vyyden ja pitk\u00e4n k\u00e4ytt\u00f6i\u00e4n.<\/p>\n<p>Sylinterin runko ja kierteitetyt p\u00e4\u00e4typinnat tulisi k\u00e4sitell\u00e4 huolellisesti kulumiskest\u00e4vyyden parantamiseksi. Lis\u00e4ksi s\u00e4\u00e4nn\u00f6llinen voitelu hydrauliikka\u00f6ljyll\u00e4 on tarpeen liikkuvien osien v\u00e4lisen kitkan v\u00e4hent\u00e4miseksi, mik\u00e4 varmistaa sujuvan toiminnan ja pident\u00e4\u00e4 sylinterin k\u00e4ytt\u00f6ik\u00e4\u00e4.<\/p>\n<h2>Ennaltaehk\u00e4isev\u00e4t huoltotoimenpiteet<\/h2>\n<ul>\n<li><strong>S\u00e4\u00e4nn\u00f6lliset tarkastukset:<\/strong> Rutiininomaiset tarkastukset tulisi suorittaa kulumisen, vuotojen tai vaurioiden merkkien havaitsemiseksi. Varhainen havaitseminen voi est\u00e4\u00e4 kalliita korjauksia ja pident\u00e4\u00e4 sylinterin k\u00e4ytt\u00f6ik\u00e4\u00e4.<\/li>\n<li><strong>Oikea voitelu:<\/strong> Varmista, ett\u00e4 hydrauliikka\u00f6ljy\u00e4 lis\u00e4t\u00e4\u00e4n s\u00e4\u00e4nn\u00f6llisesti riitt\u00e4v\u00e4sti optimaalisen suorituskyvyn yll\u00e4pit\u00e4miseksi ja ylikuumenemisen est\u00e4miseksi.<\/li>\n<li><strong>Tiivisteen vaihto:<\/strong> Seuraa tiivisteiden kuntoa ja vaihda ne tarvittaessa est\u00e4\u00e4ksesi vuodot, jotka voisivat vaarantaa j\u00e4rjestelm\u00e4n toiminnan.<\/li>\n<\/ul>\n<h2>Puomin sylinterin asennusohjeet<\/h2>\n<p>Correct installation of the boom cylinder is crucial for optimal performance. Begin by ensuring that all mounting surfaces are clean and free of debris to prevent misalignment. It is essential to align the cylinder properly with the machine&#8217;s attachment point before securing it in place. Using suitable mounting brackets can help stabilize the cylinder during operation.<\/p>\n<p>Follow the manufacturer&#8217;s specifications for torque settings to prevent over-tightening, which can lead to damage. Once installed, conduct a thorough operational test to check for any abnormalities in movement or performance. Regularly check the alignment and condition of the cylinder to ensure continuous reliable operation.<\/p>\n<h2>Yleiset huoltoteht\u00e4v\u00e4t<\/h2>\n<ul>\n<li><strong>S\u00e4\u00e4nn\u00f6lliset tarkastukset:<\/strong> Sylinterin ja sen osien s\u00e4\u00e4nn\u00f6llinen arviointi on elint\u00e4rke\u00e4\u00e4 sen varmistamiseksi, ett\u00e4 ne toimivat oikein ja kulumisen merkit havaitaan ajoissa.<\/li>\n<li><strong>Asianmukainen voitelu:<\/strong> S\u00e4\u00e4nn\u00f6llinen voitelu on v\u00e4ltt\u00e4m\u00e4t\u00f6nt\u00e4 sujuvan toiminnan yll\u00e4pit\u00e4miseksi ja ennenaikaisen kulumisen est\u00e4miseksi. Varmista, ett\u00e4 k\u00e4yt\u00e4t oikeanlaista ja oikeanlaista hydrauliikka\u00f6ljy\u00e4.<\/li>\n<li><strong>Tiivisteen vaihto:<\/strong> Ajan my\u00f6t\u00e4 tiivisteet voivat kulua tai vaurioitua. S\u00e4\u00e4nn\u00f6lliset tarkastukset ja oikea-aikainen vaihto ovat avainasemassa hydraulisen paineen ja tehokkuuden yll\u00e4pit\u00e4misess\u00e4.<\/li>\n<\/ul>\n<p>Oikea asennus, voitelu ja linjaus ovat ratkaisevan t\u00e4rkeit\u00e4 puomin sylinterin k\u00e4ytt\u00f6i\u00e4n pident\u00e4miseksi. Asennuksen aikana varmista, ett\u00e4 sylinteri on linjattu tarkasti liiallisen kulumisen tai rikkoutumisen v\u00e4ltt\u00e4miseksi. On suositeltavaa k\u00e4ytt\u00e4\u00e4 asianmukaisia \u200b\u200bkiinnikkeit\u00e4 vakauden ja turvallisuuden takaamiseksi.<\/p>\n<h2>Turvallisuus- ja ymp\u00e4rist\u00f6n\u00e4k\u00f6kohdat<\/h2>\n<p>Hydraulisylintereit\u00e4 k\u00e4ytett\u00e4ess\u00e4 ja huollettaessa turvatoimenpiteet ovat ensiarvoisen t\u00e4rkeit\u00e4. K\u00e4ytt\u00e4j\u00e4t tulee kouluttaa tunnistamaan hydraulij\u00e4rjestelmiin liittyv\u00e4t mahdolliset vaarat, mukaan lukien hydraulinesteen vuotojen ja korkeapainej\u00e4rjestelmien riskit. Suojavarusteiden k\u00e4ytt\u00f6, asianmukaisten k\u00e4ytt\u00f6protokollien noudattaminen ja j\u00e4rjestelmien s\u00e4\u00e4nn\u00f6llisten tarkastusten varmistaminen ovat olennaisia \u200b\u200btoimenpiteit\u00e4 riskien lievent\u00e4miseksi.<\/p>\n<h2>Vianm\u00e4\u00e4ritys ja yleiset ongelmat<\/h2>\n<ul>\n<li><strong>Vuoto:<\/strong> Jos sylinterist\u00e4 vuotaa hydraulinestett\u00e4, se voi viitata tiivisteiden tai liitosten vikaan. Tarkista kaikki tiivisteet ja vaihda ne tarvittaessa.<\/li>\n<li><strong>Heikentynyt suorituskyky:<\/strong> Nosto- tai liikekyvyn heikkeneminen voi johtua hydrauliikkanesteen alhaisesta tasosta tai j\u00e4rjestelm\u00e4\u00e4n j\u00e4\u00e4neest\u00e4 ilmasta. Varmista, ett\u00e4 nestetasot ovat riitt\u00e4v\u00e4t ja ilmaa j\u00e4rjestelm\u00e4 tarvittaessa.<\/li>\n<li><strong>Ylikuumeneminen:<\/strong> Overheating may occur due to excessive load or inadequate lubrication. Check for proper lubrication levels and ensure that the load does not exceed the cylinder&#8217;s capacity.<\/li>\n<\/ul>\n<p>Ongelmien tehokkaaseen diagnosointiin ja ratkaisemiseen k\u00e4ytt\u00e4jien tulisi tutustua vianetsint\u00e4vaiheisiin. S\u00e4\u00e4nn\u00f6llinen huolto ja mahdollisten ongelmien huomioiminen voivat minimoida seisokkiajat ja yll\u00e4pit\u00e4\u00e4 toiminnan tehokkuutta.<\/p>\n<p><img decoding=\"async\" src=\"https:\/\/www.hydraulic-cylinders.net\/wp-content\/uploads\/2025\/04\/songte-bushings-with-all-kinds-of-excavator-models.webp\" alt=\"Kaivinkonemallien holkit\" \/><\/p>\n<h2>Yrityksen yleiskatsaus<\/h2>\n<p>Olemme johtava hydraulisten sylinterien vaihto-osien valmistaja, joka tarjoaa laajan valikoiman tuotteita sek\u00e4 kotimaisille ett\u00e4 kansainv\u00e4lisille markkinoille. Sitoutumisemme huippuosaamiseen n\u00e4kyy hienostuneissa valmistusprosesseissamme ja tiukoissa laadunvalvontatoimenpiteiss\u00e4mme. Hy\u00f6dynn\u00e4mme edistynytt\u00e4 teknologiaa, ammattitaitoista henkil\u00f6st\u00f6\u00e4 ja digitalisoitua valmistusstrategiaa parantaaksemme jatkuvasti tuotantokapasiteettiamme.<\/p>\n<p>Hydraulisylinterien suunnittelun ja valmistuksen asiantuntemuksemme yhdistettyn\u00e4 kansainv\u00e4lisiin sertifiointeihin varmistaa, ett\u00e4 t\u00e4yt\u00e4mme monipuoliset asiakastarpeet korkealaatuisilla tuotteilla. Tarjoamme my\u00f6s r\u00e4\u00e4t\u00e4l\u00f6it\u00e4vi\u00e4 ratkaisuja tiettyihin sovelluksiin varmistaen asiakkaillemme parhaan mahdollisen suorituskyvyn ja luotettavuuden.<\/p>\n<p><img decoding=\"async\" src=\"https:\/\/www.hydraulic-cylinders.net\/wp-content\/uploads\/2025\/04\/songte-company-4.webp\" alt=\"Yrityksen yleiskatsaus\" \/><br \/>\n<img decoding=\"async\" src=\"https:\/\/www.hydraulic-cylinders.net\/wp-content\/uploads\/2025\/04\/songte-company-3.webp\" alt=\"Yrityksen tuotantolaitos\" \/><\/p>\n<p>Kirjoittaja: lyl<\/p>","protected":false},"excerpt":{"rendered":"<p>Boom Cylinder For Hitachi Wheel Excavator ZX210W-3 Overview of the Boom Cylinder The boom cylinder is a crucial hydraulic component specifically designed for controlling the movement of buckets in heavy machinery such as excavators, backhoe loaders, and front loaders. This hydraulic cylinder allows for the lifting, lowering, and tilting of the bucket, facilitating efficient material [&hellip;]<\/p>","protected":false},"featured_media":17870,"comment_status":"open","ping_status":"closed","template":"","meta":{"_et_pb_use_builder":"","_et_pb_old_content":"","_et_gb_content_width":""},"product_brand":[],"product_cat":[1546],"product_tag":[1547,1496],"class_list":{"0":"post-18883","1":"product","2":"type-product","3":"status-publish","4":"has-post-thumbnail","6":"product_cat-boom-cylinders","7":"product_tag-boom-cylinders","8":"product_tag-hydraulic-cylinders","10":"first","11":"instock","12":"shipping-taxable","13":"product-type-simple"},"amp_enabled":true,"_links":{"self":[{"href":"https:\/\/www.hydraulic-cylinders.net\/fi\/wp-json\/wp\/v2\/product\/18883","targetHints":{"allow":["GET"]}}],"collection":[{"href":"https:\/\/www.hydraulic-cylinders.net\/fi\/wp-json\/wp\/v2\/product"}],"about":[{"href":"https:\/\/www.hydraulic-cylinders.net\/fi\/wp-json\/wp\/v2\/types\/product"}],"replies":[{"embeddable":true,"href":"https:\/\/www.hydraulic-cylinders.net\/fi\/wp-json\/wp\/v2\/comments?post=18883"}],"wp:featuredmedia":[{"embeddable":true,"href":"https:\/\/www.hydraulic-cylinders.net\/fi\/wp-json\/wp\/v2\/media\/17870"}],"wp:attachment":[{"href":"https:\/\/www.hydraulic-cylinders.net\/fi\/wp-json\/wp\/v2\/media?parent=18883"}],"wp:term":[{"taxonomy":"product_brand","embeddable":true,"href":"https:\/\/www.hydraulic-cylinders.net\/fi\/wp-json\/wp\/v2\/product_brand?post=18883"},{"taxonomy":"product_cat","embeddable":true,"href":"https:\/\/www.hydraulic-cylinders.net\/fi\/wp-json\/wp\/v2\/product_cat?post=18883"},{"taxonomy":"product_tag","embeddable":true,"href":"https:\/\/www.hydraulic-cylinders.net\/fi\/wp-json\/wp\/v2\/product_tag?post=18883"}],"curies":[{"name":"wp","href":"https:\/\/api.w.org\/{rel}","templated":true}]}}