{"id":18896,"date":"2025-04-07T06:00:52","date_gmt":"2025-04-07T06:00:52","guid":{"rendered":"https:\/\/www.hydraulic-cylinders.net\/product\/boom-cylinder-for-sumitomo-middle-excavator-ls430fj2\/"},"modified":"2025-04-07T06:00:55","modified_gmt":"2025-04-07T06:00:55","slug":"boom-cylinder-for-sumitomo-middle-excavator-ls430fj2","status":"publish","type":"product","link":"https:\/\/www.hydraulic-cylinders.net\/fi\/tuote\/boom-cylinder-for-sumitomo-middle-excavator-ls430fj2\/","title":{"rendered":"Puomin sylinteri Sumitomo LS430FJ2 -kaivukoneelle"},"content":{"rendered":"<h1>Puomin sylinteri Sumitomo LS430FJ2 -kaivukoneelle<\/h1>\n<h2>Tuotteen yleiskatsaus<\/h2>\n<p>Sumitomo LS430FJ2 -keskikaivukoneen puomin sylinteri on olennainen hydrauliikkakomponentti, jolla on merkitt\u00e4v\u00e4 rooli erilaisten raskaiden koneiden k\u00e4yt\u00f6ss\u00e4. T\u00e4m\u00e4 erityisesti kaivinkoneisiin suunniteltu hydrauliikkasylinteri vastaa puomin liikkeen ohjaamisesta, mik\u00e4 on kriittist\u00e4 kaivu- ja materiaalink\u00e4sittelyteht\u00e4viss\u00e4. Kauhasylinteri mahdollistaa puomin nostamisen, laskemisen ja kallistuksen, mik\u00e4 mahdollistaa tehokkaan toiminnan rakennus-, kaivos- ja muissa teollisissa sovelluksissa.<\/p>\n<p><img decoding=\"async\" src=\"https:\/\/www.hydraulic-cylinders.net\/wp-content\/uploads\/2025\/04\/songte-company-1.webp\" alt=\"Puomin sylinterin kuva\"><\/p>\n<h3>Kauhasylinterien m\u00e4\u00e4ritelm\u00e4 ja toiminta<\/h3>\n<p>Kauhasylinteri on erikoishydraulinen sylinteri, joka ohjaa kauhan liikett\u00e4 raskaissa koneissa, kuten kaivinkoneissa, kaivinkoneissa ja etukuormaajissa. N\u00e4m\u00e4 sylinterit toimivat hydraulij\u00e4rjestelm\u00e4ss\u00e4, jossa paineistettu neste mahdollistaa puomin erilaisten toimintojen suorittamisen. Kauhasylinterien merkitys piilee niiden kyvyss\u00e4 manipuloida kauhan asentoa, mik\u00e4 helpottaa materiaalien nostamista, kaivamista ja kuljetusta. Ne on suunniteltu tarjoamaan tehokkaita nostokykyj\u00e4 ja samalla varmistamaan tarkka ohjaus, mik\u00e4 on ratkaisevan t\u00e4rke\u00e4\u00e4 tehokkaalle toiminnalle vaativissa ymp\u00e4rist\u00f6iss\u00e4. Kauhasylinterien kest\u00e4v\u00e4 rakenne ja tehokas suunnittelu parantavat raskaiden laitteiden tuottavuutta ja luotettavuutta.<\/p>\n<h2>T\u00e4rkeimm\u00e4t ominaisuudet<\/h2>\n<ul>\n<li><strong>Korkea lujuus ja kest\u00e4vyys:<\/strong> Tyypillisesti eritt\u00e4in lujasta ter\u00e4ksest\u00e4 tai alumiinista valmistetut sylinterit kest\u00e4v\u00e4t korkeita paineita ja raskaita kuormia, joten ne sopivat vaativiin ty\u00f6ymp\u00e4rist\u00f6ihin.<\/li>\n<li><strong>Tehokas hydraulinen k\u00e4ytt\u00f6:<\/strong> Hydraulisen \u00f6ljynpaineen ansiosta n\u00e4m\u00e4 sylinterit reagoivat nopeasti k\u00e4ytt\u00e4j\u00e4n komentoihin ja tarjoavat vankat ty\u00f6nt\u00f6- ja vetovoimat raskaiden ja monimutkaisten teht\u00e4vien k\u00e4sittelyyn.<\/li>\n<li><strong>Erilaisia \u200b\u200btyyppej\u00e4:<\/strong> Saatavilla yksitoimisina (hydraulinen toiminta yhteen suuntaan) tai kaksitoimisina (hydraulinen toiminta molempiin suuntiin) kokoonpanoina, jotka sopivat erilaisiin k\u00e4ytt\u00f6tarpeisiin.<\/li>\n<li><strong>Tilaa s\u00e4\u00e4st\u00e4v\u00e4t mallit:<\/strong> Joissakin malleissa on teleskooppirakenteita, jotka mahdollistavat suuremman pidennysosan ilman ulkomittojen kasvua, mik\u00e4 tekee niist\u00e4 ihanteellisia ahtaisiin tiloihin.<\/li>\n<li><strong>Korroosion- ja kulutuskest\u00e4vyys:<\/strong> Kest\u00e4vyys mieless\u00e4 suunnitellut n\u00e4m\u00e4 sylinterit ovat kulumisen- ja korroosionkest\u00e4vi\u00e4, mik\u00e4 takaa pidemm\u00e4n k\u00e4ytt\u00f6i\u00e4n.<\/li>\n<\/ul>\n<h2>Sovellusskenaariot<\/h2>\n<h3>Rakennuslaitteet<\/h3>\n<p>Rakennuskoneissa puomisylinterit ovat kaivinkoneiden elint\u00e4rkeit\u00e4 osia. Ne ovat kriittisi\u00e4 kaivamisessa, lastaamisessa ja maan tai roskien siirt\u00e4misess\u00e4. Kaivurikuormaajissa kauhan sylinteri auttaa sek\u00e4 kaivu- ett\u00e4 nostoteht\u00e4viss\u00e4. N\u00e4iden hydraulisylinterien tehokkuus ja teho mahdollistavat k\u00e4ytt\u00e4jien hallita suuria materiaalim\u00e4\u00e4ri\u00e4, mik\u00e4 edist\u00e4\u00e4 rakennusprojektien kokonaisvaltaista onnistumista.<\/p>\n<h3>Maatalouskoneet<\/h3>\n<p>Puomisylintereit\u00e4 k\u00e4ytet\u00e4\u00e4n my\u00f6s etukuormaajissa, joissa ne helpottavat maaper\u00e4n, hein\u00e4n ja muiden materiaalien kauhaamista, nostamista ja kuljetusta. N\u00e4iden sylinterien tuottama hydraulinen teho lis\u00e4\u00e4 maataloust\u00f6iden tuottavuutta ja tehokkuutta, mik\u00e4 tekee niist\u00e4 v\u00e4ltt\u00e4m\u00e4tt\u00f6mi\u00e4 ty\u00f6kaluja maanviljelij\u00f6ille ja maatalousty\u00f6ntekij\u00f6ille.<\/p>\n<h3>Kaivinkoneet<\/h3>\n<p>Kaivinkoneissa kauhan sylinterit mahdollistavat kaivutoiminnan antamalla kauhan tunkeutua tehokkaasti maaper\u00e4\u00e4n. T\u00e4m\u00e4 hydraulinen liike on v\u00e4ltt\u00e4m\u00e4t\u00f6n erilaisissa kaivuprosesseissa rakennusty\u00f6mailla ja varmistaa, ett\u00e4 kaivinkone toimii optimaalisesti haastavissa maasto-olosuhteissa.<\/p>\n<h3>Kuormaajat<\/h3>\n<p>Etukuormaajissa puomin sylinterit auttavat kuormien tehokkaassa nostamisessa ja tyhjent\u00e4misess\u00e4. Hydraulinen toiminta antaa kuljettajille mahdollisuuden k\u00e4sitell\u00e4 raskaita kuormia tehokkaasti, mik\u00e4 parantaa kuormaajan yleist\u00e4 toimintakyky\u00e4.<\/p>\n<h2>Suunnittelun\u00e4k\u00f6kohdat<\/h2>\n<h3>Kantavuus<\/h3>\n<p>Puomisylintereiden suunnittelussa kuormituskapasiteetti on kriittinen tekij\u00e4. Sylinterin on kyett\u00e4v\u00e4 k\u00e4sittelem\u00e4\u00e4n sen k\u00e4yt\u00f6n aikana kohtaama enimm\u00e4ispaino. T\u00e4m\u00e4 varmistaa turvallisuuden ja est\u00e4\u00e4 mekaaniset viat k\u00e4yt\u00f6n aikana.<\/p>\n<h3>Tiivistys<\/h3>\n<p>Tehokas tiivistys on v\u00e4ltt\u00e4m\u00e4t\u00f6nt\u00e4 hydraulisen paineen yll\u00e4pit\u00e4miseksi ja vuotojen est\u00e4miseksi. Korkealaatuiset tiivisteet on suunniteltu kest\u00e4m\u00e4\u00e4n \u00e4\u00e4rimm\u00e4isi\u00e4 olosuhteita, mik\u00e4 varmistaa luotettavan suorituskyvyn ja minimoi huollosta johtuvat seisokkiajat.<\/p>\n<h3>Kest\u00e4vyys<\/h3>\n<p>Kest\u00e4v\u00e4n suunnittelun ansiosta sylinteri kest\u00e4\u00e4 ankaria ymp\u00e4rist\u00f6tekij\u00f6it\u00e4, kuten \u00e4\u00e4rimm\u00e4isi\u00e4 l\u00e4mp\u00f6tiloja ja altistumista kemikaaleille. Materiaalivalinnat ja rakennustekniikat vaikuttavat merkitt\u00e4v\u00e4sti pitk\u00e4ik\u00e4isyyteen ja suorituskykyyn.<\/p>\n<h3>Turvallisuus<\/h3>\n<p>Turvallisuus on hydraulisylinterien suunnittelussa ensiarvoisen t\u00e4rke\u00e4\u00e4. Turvaominaisuuksien, kuten paineenalennusventtiilien, sis\u00e4llytt\u00e4minen voi auttaa est\u00e4m\u00e4\u00e4n katastrofaalisia vikoja. Lis\u00e4ksi s\u00e4\u00e4nn\u00f6lliset huoltotarkastukset ovat ratkaisevan t\u00e4rkeit\u00e4 sen varmistamiseksi, ett\u00e4 sylinteri pysyy turvallisessa k\u00e4ytt\u00f6kunnossa.<\/p>\n<h3>Yll\u00e4pidett\u00e4vyys<\/h3>\n<p>Huollon helppous on keskeinen suunnittelun\u00e4k\u00f6kohta. Komponenttien tulee olla helposti saatavilla tarkastus- ja huoltot\u00f6it\u00e4 varten, mik\u00e4 mahdollistaa nopeat korjaukset ja pident\u00e4\u00e4 hydraulisylinterin k\u00e4ytt\u00f6ik\u00e4\u00e4.<\/p>\n<p><img decoding=\"async\" src=\"https:\/\/www.hydraulic-cylinders.net\/wp-content\/uploads\/2025\/04\/songte-oil-pipes-and-spare-parts.webp\" alt=\"Hydraulisten osien kuva\"><\/p>\n<h2>Tiivistys ja voitelu<\/h2>\n<p>Puomin sylinterin suorituskyky riippuu suuresti tehokkaasta tiivistyksest\u00e4 ja voitelusta. Hydraulisen paineen yll\u00e4pit\u00e4miseksi ja vuotojen est\u00e4miseksi k\u00e4ytet\u00e4\u00e4n erilaisia \u200b\u200btiivistyskomponentteja, kuten m\u00e4nn\u00e4n tiivisteit\u00e4 ja varren tiivisteit\u00e4. Kest\u00e4vien materiaalien, kuten polyuretaanin ja nitriilikumin, valinta parantaa kulutuskest\u00e4vyytt\u00e4 ja pitk\u00e4ik\u00e4isyytt\u00e4. Sylinterin runko ja kierteitetyt p\u00e4\u00e4typinnat ty\u00f6stet\u00e4\u00e4n tarkasti kulutuskest\u00e4vyyden parantamiseksi ja asianmukaisen tiivistyksen varmistamiseksi. S\u00e4\u00e4nn\u00f6llinen voitelu hydrauliikka\u00f6ljyll\u00e4 on v\u00e4ltt\u00e4m\u00e4t\u00f6nt\u00e4 kitkan ja kulumisen minimoimiseksi, mik\u00e4 varmistaa sujuvan toiminnan ja sylinterin k\u00e4ytt\u00f6i\u00e4n pident\u00e4miseksi.<\/p>\n<h2>S\u00e4\u00e4nn\u00f6lliset huoltotoimenpiteet<\/h2>\n<ul>\n<li><strong>S\u00e4\u00e4nn\u00f6lliset tarkastukset:<\/strong> Suorita rutiinitarkastuksia mahdollisten ongelmien tunnistamiseksi varhaisessa vaiheessa ja varmistaaksesi, ett\u00e4 kaikki komponentit toimivat oikein.<\/li>\n<li><strong>Oikea voitelu:<\/strong> Varmista liikkuvien osien riitt\u00e4v\u00e4 voitelu kulumisen v\u00e4hent\u00e4miseksi ja tehokkuuden yll\u00e4pit\u00e4miseksi. Tarkista hydrauliikka\u00f6ljyn m\u00e4\u00e4r\u00e4 s\u00e4\u00e4nn\u00f6llisesti ja t\u00e4yt\u00e4 se suositeltuihin tasoihin.<\/li>\n<li><strong>Tiivisteen vaihto:<\/strong> Tarkkaile tiivisteiden kulumista ja vaihda ne tarvittaessa vuotojen est\u00e4miseksi ja hydraulisen tehokkuuden yll\u00e4pit\u00e4miseksi.<\/li>\n<\/ul>\n<h2>Asennusohjeet<\/h2>\n<p>Puomisylinterien oikea asennus on ratkaisevan t\u00e4rke\u00e4\u00e4 optimaalisen suorituskyvyn saavuttamiseksi. Aloita varmistamalla, ett\u00e4 kaikki komponentit ovat puhtaita ja roskista vapaita. Kohdista sylinteri tarkasti kiinnityskiinnikkeisiin v\u00e4ltt\u00e4\u00e4ksesi tarpeettoman rasituksen. K\u00e4yt\u00e4 sopivia asennustukia sylinterin kiinnitt\u00e4miseen paikalleen ja noudata valmistajan ohjeita pulttien kiristysmomenttien suhteen. Asennuksen j\u00e4lkeen suorita sarja k\u00e4ytt\u00f6testej\u00e4 varmistaaksesi, ett\u00e4 sylinteri toimii oikein eik\u00e4 vuotoja ole. Oikea kohdistus ja asennus ovat v\u00e4ltt\u00e4m\u00e4tt\u00f6mi\u00e4 puomisylinterin k\u00e4ytt\u00f6i\u00e4n ja tehokkuuden maksimoimiseksi.<\/p>\n<h2>Yleiset huoltoteht\u00e4v\u00e4t<\/h2>\n<ul>\n<li><strong>S\u00e4\u00e4nn\u00f6lliset tarkastukset:<\/strong> Aikatauluta rutiinitarkastukset varmistaaksesi, ett\u00e4 kaikki osat ovat toimintakunnossa. Etsi kulumisen, vuotojen tai vaurioiden merkkej\u00e4, jotka saattavat vaatia huomiota.<\/li>\n<li><strong>Voitelu:<\/strong> Tarkista ja pid\u00e4 hydrauliikka\u00f6ljyn m\u00e4\u00e4r\u00e4 s\u00e4\u00e4nn\u00f6llisesti oikeana. Voitele liikkuvia osia tarvittaessa kitkan v\u00e4hent\u00e4miseksi ja sylinterin k\u00e4ytt\u00f6i\u00e4n pident\u00e4miseksi.<\/li>\n<li><strong>Tiivisteen vaihto:<\/strong> Pid\u00e4 silm\u00e4ll\u00e4 tiivisteiden kulumista. Vaihda tiivisteet viipym\u00e4tt\u00e4 est\u00e4\u00e4ksesi hydraulinesteen h\u00e4vikin ja yll\u00e4pit\u00e4\u00e4ksesi sylinterin optimaalisen suorituskyvyn.<\/li>\n<\/ul>\n<h2>Turvallisuustoimenpiteet ja ymp\u00e4rist\u00f6n\u00e4k\u00f6kohdat<\/h2>\n<p>Turvatoimenpiteet ovat ratkaisevan t\u00e4rkeit\u00e4 hydraulisylintereit\u00e4 k\u00e4ytett\u00e4ess\u00e4. K\u00e4ytt\u00e4jien on aina noudatettava turvallisuusprotokollia, mukaan lukien asianmukaisten henkil\u00f6nsuojainten (PPE) k\u00e4ytt\u00f6 ja k\u00e4ytt\u00f6ohjeiden noudattaminen. S\u00e4\u00e4nn\u00f6llinen koulutus turvallisesta k\u00e4yt\u00f6st\u00e4 ja huoltok\u00e4yt\u00e4nn\u00f6ist\u00e4 voi minimoida riskej\u00e4 ja varmistaa turvallisen ty\u00f6ymp\u00e4rist\u00f6n.<\/p>\n<h2>Vianm\u00e4\u00e4ritys ja yleiset ongelmat<\/h2>\n<ul>\n<li><strong>Nestevuodot:<\/strong> Tarkista tiivisteiden ja liitosten ymp\u00e4rill\u00e4 nestevuotojen merkkej\u00e4. Korjaa vuodot viipym\u00e4tt\u00e4 hydraulisen tehokkuuden yll\u00e4pit\u00e4miseksi.<\/li>\n<li><strong>Huono suorituskyky:<\/strong> Jos sylinteri ei reagoi odotetulla tavalla, tarkista hydraulinesteen tasot ja varmista, ettei j\u00e4rjestelm\u00e4ss\u00e4 ole tukoksia.<\/li>\n<li><strong>Meluisa toiminta:<\/strong> Ep\u00e4tavalliset \u00e4\u00e4net voivat viitata hydraulinesteen puutteeseen tai kuluneisiin osiin. Suorita tarkastus \u00e4\u00e4nen l\u00e4hteen selvitt\u00e4miseksi ja korjaamiseksi.<\/li>\n<\/ul>\n<h2>Vianm\u00e4\u00e4ritysvinkkej\u00e4<\/h2>\n<p>Puomisylinterin ongelmien tehokkaaksi diagnosoimiseksi ja ratkaisemiseksi tarkista s\u00e4\u00e4nn\u00f6llisesti hydraulinesteen tasot ja tiivisteiden vuodot tai vauriot. K\u00e4yt\u00e4 ennaltaehk\u00e4isevi\u00e4 huoltotoimenpiteit\u00e4 mahdollisten ongelmien v\u00e4hent\u00e4miseksi, kuten s\u00e4\u00e4nn\u00f6llist\u00e4 voitelua ja tiivisteiden vaihtoa, jotka voivat parantaa merkitt\u00e4v\u00e4sti hydraulij\u00e4rjestelm\u00e4n luotettavuutta ja pitk\u00e4ik\u00e4isyytt\u00e4.<\/p>\n<p><img decoding=\"async\" src=\"https:\/\/www.hydraulic-cylinders.net\/wp-content\/uploads\/2025\/04\/songte-bushings-with-all-kinds-of-excavator-models.webp\" alt=\"Holkkikuva\"><\/p>\n<h2>Tietoa meist\u00e4<\/h2>\n<p>Olemme johtava hydraulisylintereiden valmistaja ja tukkumyyj\u00e4, joka on erikoistunut korkealaatuisten vaihtosylintereiden valmistukseen. Laaja tuotevalikoimamme on tehnyt meist\u00e4 merkitt\u00e4v\u00e4n toimijan sek\u00e4 kotimaisilla ett\u00e4 kansainv\u00e4lisill\u00e4 markkinoilla. Noudatamme erinomaista laatua ja k\u00e4yt\u00e4mme hienostuneita valmistuksenohjausstrategioita. Hy\u00f6dynt\u00e4m\u00e4ll\u00e4 teknist\u00e4 osaamista, edistyneit\u00e4 digitaalisia valmistuslaitteita ja ammattimaisia \u200b\u200btestausj\u00e4rjestelmi\u00e4 parannamme jatkuvasti valmistuskapasiteettiamme. Keskittymisemme tehokkaaseen, tarkkaan ja korkealaatuiseen tuotantoon vastaa asiakkaidemme monipuolisiin tarpeisiin.<\/p>\n<p><img decoding=\"async\" src=\"https:\/\/www.hydraulic-cylinders.net\/wp-content\/uploads\/2025\/04\/songte-company-4.webp\" alt=\"Yrityskuva 1\"><br \/>\n<img decoding=\"async\" src=\"https:\/\/www.hydraulic-cylinders.net\/wp-content\/uploads\/2025\/04\/songte-company-3.webp\" alt=\"Yrityskuva 2\"><\/p>\n<p>Kirjoittaja: lyl<\/p>","protected":false},"excerpt":{"rendered":"<p>Boom Cylinder For Sumitomo Middle Excavator LS430FJ2 Product Overview The Boom Cylinder for Sumitomo Middle Excavator LS430FJ2 is an essential hydraulic component that plays a significant role in the operation of various heavy machinery. Specifically designed for excavators, this hydraulic cylinder is responsible for controlling the movement of the boom, which is critical for excavation [&hellip;]<\/p>","protected":false},"featured_media":17868,"comment_status":"open","ping_status":"closed","template":"","meta":{"_et_pb_use_builder":"","_et_pb_old_content":"","_et_gb_content_width":""},"product_brand":[],"product_cat":[1546],"product_tag":[1547,1496],"class_list":{"0":"post-18896","1":"product","2":"type-product","3":"status-publish","4":"has-post-thumbnail","6":"product_cat-boom-cylinders","7":"product_tag-boom-cylinders","8":"product_tag-hydraulic-cylinders","10":"first","11":"instock","12":"shipping-taxable","13":"product-type-simple"},"amp_enabled":true,"_links":{"self":[{"href":"https:\/\/www.hydraulic-cylinders.net\/fi\/wp-json\/wp\/v2\/product\/18896","targetHints":{"allow":["GET"]}}],"collection":[{"href":"https:\/\/www.hydraulic-cylinders.net\/fi\/wp-json\/wp\/v2\/product"}],"about":[{"href":"https:\/\/www.hydraulic-cylinders.net\/fi\/wp-json\/wp\/v2\/types\/product"}],"replies":[{"embeddable":true,"href":"https:\/\/www.hydraulic-cylinders.net\/fi\/wp-json\/wp\/v2\/comments?post=18896"}],"wp:featuredmedia":[{"embeddable":true,"href":"https:\/\/www.hydraulic-cylinders.net\/fi\/wp-json\/wp\/v2\/media\/17868"}],"wp:attachment":[{"href":"https:\/\/www.hydraulic-cylinders.net\/fi\/wp-json\/wp\/v2\/media?parent=18896"}],"wp:term":[{"taxonomy":"product_brand","embeddable":true,"href":"https:\/\/www.hydraulic-cylinders.net\/fi\/wp-json\/wp\/v2\/product_brand?post=18896"},{"taxonomy":"product_cat","embeddable":true,"href":"https:\/\/www.hydraulic-cylinders.net\/fi\/wp-json\/wp\/v2\/product_cat?post=18896"},{"taxonomy":"product_tag","embeddable":true,"href":"https:\/\/www.hydraulic-cylinders.net\/fi\/wp-json\/wp\/v2\/product_tag?post=18896"}],"curies":[{"name":"wp","href":"https:\/\/api.w.org\/{rel}","templated":true}]}}