{"id":1890,"date":"2023-10-19T03:22:23","date_gmt":"2023-10-19T03:22:23","guid":{"rendered":"https:\/\/hydraulic-cylinders.net\/?post_type=product&#038;p=1890"},"modified":"2025-04-11T02:52:03","modified_gmt":"2025-04-11T02:52:03","slug":"shield-machine-crusher-cylinder","status":"publish","type":"product","link":"https:\/\/www.hydraulic-cylinders.net\/fi\/tuote\/shield-machine-crusher-cylinder\/","title":{"rendered":"Kilpikoneen murskaimen sylinteri"},"content":{"rendered":"<h1 style=\"text-align: center;\"><strong>Kilpikoneen murskaimen sylinteri<\/strong><\/h1>\n<p><img loading=\"lazy\" decoding=\"async\" class=\"aligncenter wp-image-1891\" src=\"https:\/\/hydraulic-cylinders.net\/wp-content\/uploads\/2023\/10\/crusher-cylinder-1-300x300.webp\" alt=\"\" width=\"400\" height=\"400\" \/><\/p>\n<p>Suojauskoneen murskaimen sylinteri on huippuluokan hydraulinen komponentti, joka on suunniteltu parantamaan suojauskoneiden murskaustehokkuutta ja tuottavuutta tunnelointitoiminnassa. T\u00e4ll\u00e4 erikoissylinterill\u00e4 on t\u00e4rke\u00e4 rooli kallion ja maaper\u00e4n pirstomisessa ja murskaamisessa, mik\u00e4 mahdollistaa sujuvan kaivamisen ja nopean etenemisen. T\u00e4ss\u00e4 kattavassa artikkelissa perehdyt\u00e4\u00e4n suojauskoneen murskaimen sylinterin t\u00e4rkeimpiin ominaisuuksiin, k\u00e4ytt\u00f6tapoihin ja huolto-ohjeisiin.<\/p>\n<p>Suojakoneen murskaimen sylinteri on huippuluokan hydraulinen komponentti, joka parantaa suojakoneiden murskaustehokkuutta ja tuottavuutta tunnelointitoiminnassa. Tehokkaiden murskausominaisuuksiensa, optimoidun suorituskykyns\u00e4, nopean asennuksensa ja kest\u00e4v\u00e4n rakenteensa ansiosta t\u00e4m\u00e4 sylinteri varmistaa tehokkaan sirpaloinnin ja nopean etenemisen tunnelikouhintaprojekteissa. Noudattamalla suositeltuja k\u00e4ytt\u00f6menetelmi\u00e4 ja s\u00e4\u00e4nn\u00f6llisi\u00e4 huoltok\u00e4yt\u00e4nt\u00f6j\u00e4 suojakoneen murskaimen sylinteri tarjoaa edelleen erinomaista suorituskyky\u00e4, mik\u00e4 parantaa tehokkuutta ja tuottavuutta tunnelointitoiminnassa. Nosta tunneliprojektisi tasoa suojakoneen murskaimen sylinterin murskausteholla ja luotettavuudella.<\/p>\n<p>Kilpikoneen murskaimen sylinterin t\u00e4rkeimm\u00e4t ominaisuudet:<\/p>\n<ul>\n<li>Murskausvoima: Suojamurskaimen sylinteri tuottaa huomattavaa murskausvoimaa kiven ja maan hajottamiseen tunnelin louhinnan aikana. Sen kest\u00e4v\u00e4 rakenne ja korkeapaineominaisuudet varmistavat tehokkaan murskaamisen, mik\u00e4 pienent\u00e4\u00e4 kaivetun materiaalin kokoa ja helpottaa sen poistamista.<\/li>\n<li>Optimoitu suorituskyky: Edistyksellisill\u00e4 hydrauliikkaj\u00e4rjestelmill\u00e4 varustettu sylinteri tarjoaa tarkan hallinnan murskausprosessille. K\u00e4ytt\u00e4j\u00e4t voivat s\u00e4\u00e4t\u00e4\u00e4 murskaussylinterin k\u00e4ytt\u00e4m\u00e4\u00e4 voimaa ja nopeutta optimoiden suorituskyvyn vaihtelevien geologisten olosuhteiden mukaan ja saavuttaen halutut murskaustulokset.<\/li>\n<li>Nopea asennus: Suojauskoneen murskainsylinteri on suunniteltu helpoksi asentaa ja integroida olemassa oleviin suojauskoneisiin. Sen kompakti koko mahdollistaa saumattoman integroinnin s\u00e4ilytt\u00e4en samalla laitteen yleisen tasapainon ja ohjattavuuden, mik\u00e4 minimoi seisokkiajat asennuksen aikana.<\/li>\n<li>Kest\u00e4vyys ja luotettavuus: Eritt\u00e4in lujista materiaaleista valmistettu suojakoneen murskaimen sylinteri on rakennettu kest\u00e4m\u00e4\u00e4n tunnelin louhinnan vaativat olosuhteet. Sen kest\u00e4v\u00e4 rakenne varmistaa kest\u00e4vyyden, pitk\u00e4ik\u00e4isyyden ja tasaisen suorituskyvyn my\u00f6s ankarissa olosuhteissa.<\/li>\n<\/ul>\n<h2><strong>Kilpikoneen murskaimen sylinteriparametri:<\/strong><\/h2>\n<table border=\"1\" cellspacing=\"0\" cellpadding=\"0\">\n<tbody>\n<tr>\n<td>Tuotteen nimi<\/td>\n<td>Kilpikoneen murskaimen sylinteri<\/td>\n<\/tr>\n<tr>\n<td>Ominaisuudet:<\/td>\n<td>Kiinnit\u00e4 murskauspihdit varmistaaksesi, ett\u00e4 suuret sorapalat murskautuvat ennen kuin ne p\u00e4\u00e4sev\u00e4t poistoaukkoon<\/td>\n<\/tr>\n<tr>\n<td>\n<div class=\"txtboxL\">Tekniset tiedot:<\/div>\n<\/td>\n<td>Murskainten sylintereiden eritelmi\u00e4 voidaan suunnitella ja valmistaa asiakkaan vaatimusten mukaisesti<\/td>\n<\/tr>\n<tr>\n<td>Sovellukset:<\/td>\n<td>Kilpikone, tunnelinporauskoneet<\/td>\n<\/tr>\n<\/tbody>\n<\/table>\n<h2><strong>Kilpikoneen murskaimen sylinterin k\u00e4ytt\u00f6:<\/strong><\/h2>\n<p><img loading=\"lazy\" decoding=\"async\" class=\"alignnone wp-image-1875 size-full\" src=\"https:\/\/hydraulic-cylinders.net\/wp-content\/uploads\/2023\/10\/harsh-corrosive-cylinder-1.webp\" alt=\"\" width=\"1418\" height=\"946\" srcset=\"https:\/\/hydraulic-cylinders.net\/wp-content\/uploads\/2023\/10\/harsh-corrosive-cylinder-1.webp 1418w, https:\/\/hydraulic-cylinders.net\/wp-content\/uploads\/2023\/10\/harsh-corrosive-cylinder-1-1280x854.webp 1280w, https:\/\/hydraulic-cylinders.net\/wp-content\/uploads\/2023\/10\/harsh-corrosive-cylinder-1-980x654.webp 980w, https:\/\/hydraulic-cylinders.net\/wp-content\/uploads\/2023\/10\/harsh-corrosive-cylinder-1-480x320.webp 480w\" sizes=\"(min-width: 0px) and (max-width: 480px) 480px, (min-width: 481px) and (max-width: 980px) 980px, (min-width: 981px) and (max-width: 1280px) 1280px, (min-width: 1281px) 1418px, 100vw\" \/><\/p>\n<h2><strong>Suojauskoneen murskaimen sylinterin k\u00e4ytt\u00f6tapa<\/strong><strong>:<\/strong><\/h2>\n<ol>\n<li><strong>Sylinterin asennus:<\/strong>\u00a0 Asenna suojakoneen murskaimen sylinteri valmistajan ohjeiden mukaisesti. Varmista oikea kohdistus ja kiinnitys suojakoneen rakenteeseen sopivilla kiinnikkeill\u00e4 tai lis\u00e4varusteilla.<\/li>\n<li><strong>Hydraulij\u00e4rjestelm\u00e4n integrointi:<\/strong> Liit\u00e4 sylinteri suojakoneen hydraulij\u00e4rjestelm\u00e4\u00e4n yhteensopivilla letkuilla ja liittimill\u00e4. Varmista, ett\u00e4 kaikki liit\u00e4nn\u00e4t ovat tukevasti kiinni, vuotamattomat ja riitt\u00e4v\u00e4sti kiristetty optimaalisen hydraulisen suorituskyvyn yll\u00e4pit\u00e4miseksi.<\/li>\n<li><strong>Toiminnan hallintalaitteet:<\/strong> Tutustu Shield Machine -murskaimen sylinterin erityisiin k\u00e4ytt\u00f6laitteisiin. Ymm\u00e4rr\u00e4, miten sylinterin k\u00e4ytt\u00e4m\u00e4\u00e4 voimaa ja nopeutta s\u00e4\u00e4det\u00e4\u00e4n, ja harjoittele s\u00e4\u00e4nt\u00f6jen k\u00e4ytt\u00f6\u00e4 tarkkojen ja herkkien murskaustulosten saavuttamiseksi.<\/li>\n<li><strong>Murskausprosessi:<\/strong> Tunnelin louhinnan aikana tarkkaile geologisia olosuhteita ja s\u00e4\u00e4d\u00e4 murskaimen sylinterin voima- ja nopeusasetuksia vastaavasti. Optimoi murskausprosessi tehokkaan pirstoutumisen varmistamiseksi ja kaivetun materiaalin poistamisen helpottamiseksi.<\/li>\n<\/ol>\n<h2><strong>Kuinka ilmata kaksisuuntainen hydraulisylinteri?<\/strong><\/h2>\n<p>Kaksitiehydraulisylinterin ilmaus on prosessi, jossa j\u00e4rjestelm\u00e4st\u00e4 poistetaan ilmaa, jotta varmistetaan asianmukainen toiminta ja estet\u00e4\u00e4n ongelmia, kuten huokoisuutta tai suorituskyvyn heikkenemist\u00e4. Kaksitiehydraulisylinteri on kaksitoiminen sylinteri, joka k\u00e4ytt\u00e4\u00e4 hydraulipainetta m\u00e4nn\u00e4n pident\u00e4miseen ja vet\u00e4miseen sis\u00e4\u00e4n. T\u00e4ss\u00e4 on vaiheittainen opas kaksitiehydraulisylinterin ilmaamiseen:<\/p>\n<ol>\n<li><strong>Valmistelu:<\/strong>\n<ul>\n<li>Varmista, ett\u00e4 hydrauliikkaj\u00e4rjestelm\u00e4 on sammutettu ja paine vapautettu.<\/li>\n<li>Pue p\u00e4\u00e4llesi henkil\u00f6kohtaiset suojavarusteet, mukaan lukien k\u00e4sineet ja suojalasit, suojautuaksesi hydraulinesteelt\u00e4.<\/li>\n<\/ul>\n<\/li>\n<li><strong>Tunnista ilmausventtiili:<\/strong>\n<ul>\n<li>Paikanna hydraulisylinterin ilmausventtiili. Se on tyypillisesti pieni liitososa, jossa on p\u00f6lykorkki. Ilmausventtiilin avulla sylinteriin j\u00e4\u00e4nyt ilma p\u00e4\u00e4see poistumaan.<\/li>\n<\/ul>\n<\/li>\n<li><strong>Sylinterin pidennys:<\/strong>\n<ul>\n<li>Aktivoi hydraulipumppu tai venttiili ja ohjaa sylinteri\u00e4 ty\u00f6nt\u00e4m\u00e4\u00e4n m\u00e4nt\u00e4\u00e4 kokonaan ulos. T\u00e4m\u00e4 liike auttaa kaikkia ilmakuplia nousemaan sylinterin yl\u00e4osaan.<\/li>\n<\/ul>\n<\/li>\n<li><strong>Irrota p\u00f6lysuoja:<\/strong>\n<ul>\n<li>Irrota p\u00f6lysuojus ilmausventtiilist\u00e4. Laita se sivuun turvalliseen paikkaan.<\/li>\n<\/ul>\n<\/li>\n<li><strong>Avaa ilmausventtiili:<\/strong>\n<ul>\n<li>Avaa ilmausventtiili k\u00e4\u00e4nt\u00e4m\u00e4ll\u00e4 sit\u00e4 vastap\u00e4iv\u00e4\u00e4n sopivalla jakoavaimella tai ty\u00f6kalulla. T\u00e4m\u00e4 p\u00e4\u00e4st\u00e4\u00e4 ilman ja mahdollisen loukkuun j\u00e4\u00e4neen nesteen poistumaan sylinterist\u00e4.<\/li>\n<\/ul>\n<\/li>\n<li><strong>Ved\u00e4 sylinteri sis\u00e4\u00e4n:<\/strong>\n<ul>\n<li>Vapauta hydraulinen paine ja anna sylinterin vet\u00e4yty\u00e4 kokonaan sis\u00e4\u00e4n. T\u00e4m\u00e4 voi tarkoittaa ohjausventtiilin aktivoimista tai sylinteri\u00e4 ulosvedettyn\u00e4 pit\u00e4neen ulkoisen voiman vapauttamista.<\/li>\n<\/ul>\n<\/li>\n<li><strong>Tarkkaile nesteen virtausta:<\/strong>\n<ul>\n<li>Tarkkaile nesteen virtausta ilmausventtiilist\u00e4. Aluksi saatat huomata nesteen mukana tulevan ilmakuplia. Anna nesteen virrata, kunnes kuplia ei en\u00e4\u00e4 ole, mik\u00e4 osoittaa, ett\u00e4 ilma on poistunut sylinterist\u00e4.<\/li>\n<\/ul>\n<\/li>\n<li><strong>Sulje ilmausventtiili:<\/strong>\n<ul>\n<li>Kun olet poistanut kaikki ilmakuplat, sulje ilmausventtiili k\u00e4\u00e4nt\u00e4m\u00e4ll\u00e4 sit\u00e4 my\u00f6t\u00e4p\u00e4iv\u00e4\u00e4n. Varmista, ett\u00e4 se on tiukasti kiinni nestevuotojen est\u00e4miseksi.<\/li>\n<\/ul>\n<\/li>\n<li><strong>Sylinterin ulosveto ja sis\u00e4\u00e4nveto:<\/strong>\n<ul>\n<li>Toista vaiheet 3\u20138 vet\u00e4m\u00e4ll\u00e4 sylinteri\u00e4 ulos ja sitten sis\u00e4\u00e4np\u00e4in varmistaaksesi, ett\u00e4 kaikki j\u00e4ljell\u00e4 oleva ilma poistuu j\u00e4rjestelm\u00e4st\u00e4. T\u00e4m\u00e4 vaihe auttaa varmistamaan hydraulisylinterin perusteellisen ilmauksen.<\/li>\n<\/ul>\n<\/li>\n<li><strong>Tarkista nestetaso:<\/strong>\n<ul>\n<li>Ilmauksen j\u00e4lkeen tarkista hydraulinesteen taso j\u00e4rjestelm\u00e4n s\u00e4ili\u00f6ss\u00e4. Lis\u00e4\u00e4 nestett\u00e4 tarvittaessa suositellun tason yll\u00e4pit\u00e4miseksi.<\/li>\n<\/ul>\n<\/li>\n<\/ol>\n<h2><strong>Tehtaan kapasiteetti ja kapasiteetti:<\/strong><\/h2>\n<h3>(1) Kokoonpano<\/h3>\n<p>Meill\u00e4 on ensiluokkainen riippumaton tutkimus- ja kehitysty\u00f6n kokoonpanoalusta. Hydraulisylinterien tuotantopajassa on nelj\u00e4 puoliautomaattista nostosylinterin kokoonpanolinjaa ja yksi automaattinen kallistussylinterin kokoonpanolinja, joiden suunniteltu vuotuinen tuotantokapasiteetti on 1 miljoona kappaletta. Erikoissylinterin ty\u00f6paja on varustettu erilaisilla eritelmill\u00e4 puoliautomaattisen puhdistusasennuksen kokoonpanoj\u00e4rjestelm\u00e4ll\u00e4, jonka suunniteltu vuotuinen tuotantokapasiteetti on 200 000, ja se on varustettu kuuluisilla CNC-ty\u00f6st\u00f6laitteilla, ty\u00f6st\u00f6keskuksella, korkean tarkkuuden sylinterin k\u00e4sittelyyn tarkoitetuilla erityislaitteilla, robottihitsauskoneella, automaattisella puhdistuslaitteella, automaattisella sylinterin kokoonpanokoneella ja automaattisella maalaustuotantolinjalla. Olemassa olevat kriittiset laitteet yli 300 sarjaa (sarjaa). Laiteresurssien optimaalinen kohdentaminen ja tehokas k\u00e4ytt\u00f6 varmistavat tuotteiden tarkkuusvaatimukset ja t\u00e4ytt\u00e4v\u00e4t tuotteiden laatuvaatimukset.<\/p>\n<p><img loading=\"lazy\" decoding=\"async\" class=\"alignnone wp-image-626\" src=\"https:\/\/hydraulic-cylinders.net\/wp-content\/uploads\/2023\/08\/hydraulic-cylinder-product-1-300x158.webp\" alt=\"\" width=\"495\" height=\"260\" srcset=\"https:\/\/hydraulic-cylinders.net\/wp-content\/uploads\/2023\/08\/hydraulic-cylinder-product-1-300x158.webp 495w, https:\/\/hydraulic-cylinders.net\/wp-content\/uploads\/2023\/08\/hydraulic-cylinder-product-1-480x252.webp 480w\" sizes=\"(min-width: 0px) and (max-width: 480px) 480px, (min-width: 481px) 495px, 100vw\" \/> <img loading=\"lazy\" decoding=\"async\" class=\"alignnone wp-image-627\" src=\"https:\/\/hydraulic-cylinders.net\/wp-content\/uploads\/2023\/08\/hydraulic-cylinder-product-2-300x189.webp\" alt=\"\" width=\"413\" height=\"260\" \/><\/p>\n<h3>(2) Koneistus<\/h3>\n<p>Ty\u00f6st\u00f6paja on varustettu r\u00e4\u00e4t\u00e4l\u00f6idyll\u00e4 kaltevalla kiskosorvauskeskuksella, ty\u00f6st\u00f6keskuksella, suurnopeus-hiontakoneella, hitsausrobotilla ja muilla vastaavilla laitteilla, joilla voidaan k\u00e4sitell\u00e4 sylinteriputkia, joiden sis\u00e4halkaisija on enint\u00e4\u00e4n 400 mm ja enimm\u00e4ispituus on 6 metri\u00e4.<\/p>\n<p><img loading=\"lazy\" decoding=\"async\" class=\"alignnone wp-image-628 size-large\" src=\"https:\/\/hydraulic-cylinders.net\/wp-content\/uploads\/2023\/08\/hydraulic-cylinder-product-3-1024x391.webp\" alt=\"\" width=\"1024\" height=\"391\" srcset=\"https:\/\/hydraulic-cylinders.net\/wp-content\/uploads\/2023\/08\/hydraulic-cylinder-product-3-980x374.webp 980w, https:\/\/hydraulic-cylinders.net\/wp-content\/uploads\/2023\/08\/hydraulic-cylinder-product-3-480x183.webp 480w\" sizes=\"(min-width: 0px) and (max-width: 480px) 480px, (min-width: 481px) and (max-width: 980px) 980px, (min-width: 981px) 1024px, 100vw\" \/><\/p>\n<h3>(3) Hitsaus<\/h3>\n<p><img loading=\"lazy\" decoding=\"async\" class=\"alignnone wp-image-629 size-large\" src=\"https:\/\/hydraulic-cylinders.net\/wp-content\/uploads\/2023\/08\/hydraulic-cylinder-product-4-1024x510.webp\" alt=\"\" width=\"1024\" height=\"510\" srcset=\"https:\/\/hydraulic-cylinders.net\/wp-content\/uploads\/2023\/08\/hydraulic-cylinder-product-4-980x488.webp 980w, https:\/\/hydraulic-cylinders.net\/wp-content\/uploads\/2023\/08\/hydraulic-cylinder-product-4-480x239.webp 480w\" sizes=\"(min-width: 0px) and (max-width: 480px) 480px, (min-width: 481px) and (max-width: 980px) 980px, (min-width: 981px) 1024px, 100vw\" \/><\/p>\n<h3>(4) Maalaus ja pinnoitus<\/h3>\n<p>Pienill\u00e4 ja keskisuurilla sylinterin automaattisilla vesipohjaisilla maalipinnoituslinjoilla automaattisen robotin lastaus- ja purku- ja automaattisen ruiskutuksen saavuttamiseksi, suunnittelukapasiteetti on 4000 kappaletta vuorossa;<br \/>\nMeill\u00e4 on my\u00f6s puoliautomaattinen maalauslinja suurille sylintereille, joka toimii voimaketjulla ja jonka suunnittelukapasiteetti on 60 laatikkoa ty\u00f6vuorossa.<\/p>\n<p><img loading=\"lazy\" decoding=\"async\" class=\"alignnone wp-image-630\" src=\"https:\/\/hydraulic-cylinders.net\/wp-content\/uploads\/2023\/08\/hydraulic-cylinder-product-5-300x213.webp\" alt=\"\" width=\"366\" height=\"260\" \/> <img loading=\"lazy\" decoding=\"async\" class=\"alignnone wp-image-631\" src=\"https:\/\/hydraulic-cylinders.net\/wp-content\/uploads\/2023\/08\/hydraulic-cylinder-product-6-300x225.webp\" alt=\"\" width=\"347\" height=\"260\" \/><\/p>\n<h3>(5) Testaus<\/h3>\n<p>Meill\u00e4 on ensiluokkaiset tarkastustilat ja testialustat, joilla varmistetaan, ett\u00e4 sylinterin suorituskyky t\u00e4ytt\u00e4\u00e4 vaatimukset.<\/p>\n<p><img loading=\"lazy\" decoding=\"async\" class=\"alignnone wp-image-632\" src=\"https:\/\/hydraulic-cylinders.net\/wp-content\/uploads\/2023\/08\/hydraulic-cylinder-product-8-300x200.webp\" alt=\"\" width=\"389\" height=\"260\" \/><\/p>\n<p>&nbsp;<\/p>\n<p>&nbsp;<\/p>\n<p>Olemme yksi parhaista hydraulisylintereiden valmistajista. Voimme tarjota kattavia hydraulisylintereit\u00e4. Tarjoamme my\u00f6s vastaavia <a href=\"https:\/\/hzpt.com\/agricultural-pto-gearbox\/\" target=\"_blank\" rel=\"noopener\">maatalousvaihteistot<\/a>Olemme vieneet tuotteitamme asiakkaille maailmanlaajuisesti ja ansainneet hyv\u00e4n maineen erinomaisen tuotelaadun ja huoltopalvelumme ansiosta. Toivotamme tervetulleeksi asiakkaat kotimaassa ja ulkomailla ottamaan meihin yhteytt\u00e4 neuvotellakseen liiketoimista, vaihtaakseen tietoja ja <a href=\"https:\/\/www.hydraulic-cylinders.net\/fi\/contact-us\/\">tehd\u00e4 yhteisty\u00f6t\u00e4 kanssamme<\/a>!<\/p>\n<p>&nbsp;<\/p>","protected":false},"excerpt":{"rendered":"<p>Shield Machine Crusher Cylinder The shield machine crusher cylinder is a cutting-edge hydraulic component designed to enhance shield machines&#8217; crushing efficiency and productivity in tunneling operations. This specialized cylinder plays a vital role in the fragmentation and crushing of rock and soil, enabling smooth excavation and rapid progress. This comprehensive article will delve into the [&hellip;]<\/p>","protected":false},"featured_media":1892,"comment_status":"open","ping_status":"closed","template":"","meta":{"_et_pb_use_builder":"","_et_pb_old_content":"","_et_gb_content_width":""},"product_brand":[],"product_cat":[1519,1549],"product_tag":[1380],"class_list":{"0":"post-1890","1":"product","2":"type-product","3":"status-publish","4":"has-post-thumbnail","6":"product_cat-shield-machine-hydraulic-cylinders","7":"product_cat-single-acting-hydraulic-cylinder","8":"product_tag-hydraulic-cylinder","10":"first","11":"instock","12":"shipping-taxable","13":"product-type-simple"},"amp_enabled":true,"_links":{"self":[{"href":"https:\/\/www.hydraulic-cylinders.net\/fi\/wp-json\/wp\/v2\/product\/1890","targetHints":{"allow":["GET"]}}],"collection":[{"href":"https:\/\/www.hydraulic-cylinders.net\/fi\/wp-json\/wp\/v2\/product"}],"about":[{"href":"https:\/\/www.hydraulic-cylinders.net\/fi\/wp-json\/wp\/v2\/types\/product"}],"replies":[{"embeddable":true,"href":"https:\/\/www.hydraulic-cylinders.net\/fi\/wp-json\/wp\/v2\/comments?post=1890"}],"wp:featuredmedia":[{"embeddable":true,"href":"https:\/\/www.hydraulic-cylinders.net\/fi\/wp-json\/wp\/v2\/media\/1892"}],"wp:attachment":[{"href":"https:\/\/www.hydraulic-cylinders.net\/fi\/wp-json\/wp\/v2\/media?parent=1890"}],"wp:term":[{"taxonomy":"product_brand","embeddable":true,"href":"https:\/\/www.hydraulic-cylinders.net\/fi\/wp-json\/wp\/v2\/product_brand?post=1890"},{"taxonomy":"product_cat","embeddable":true,"href":"https:\/\/www.hydraulic-cylinders.net\/fi\/wp-json\/wp\/v2\/product_cat?post=1890"},{"taxonomy":"product_tag","embeddable":true,"href":"https:\/\/www.hydraulic-cylinders.net\/fi\/wp-json\/wp\/v2\/product_tag?post=1890"}],"curies":[{"name":"wp","href":"https:\/\/api.w.org\/{rel}","templated":true}]}}