{"id":18923,"date":"2025-04-07T06:02:26","date_gmt":"2025-04-07T06:02:26","guid":{"rendered":"https:\/\/www.hydraulic-cylinders.net\/product\/boom-cylinder-for-caterpillar-small-excavator-e314dcr\/"},"modified":"2025-04-07T06:02:28","modified_gmt":"2025-04-07T06:02:28","slug":"boom-cylinder-for-caterpillar-small-excavator-e314dcr","status":"publish","type":"product","link":"https:\/\/www.hydraulic-cylinders.net\/fi\/tuote\/boom-cylinder-for-caterpillar-small-excavator-e314dcr\/","title":{"rendered":"Puomin sylinteri Caterpillar-pienkaivukoneelle E314DCR"},"content":{"rendered":"<h1>Puomin sylinteri Caterpillar-pienkaivukoneelle E314DCR<\/h1>\n<h2>Tuotteen yleiskatsaus<\/h2>\n<p>Puomisylinteri on t\u00e4rke\u00e4 osa hydrauliikkaj\u00e4rjestelmi\u00e4, ja se on erityisesti suunniteltu ohjaamaan kauhojen liikett\u00e4 raskaissa koneissa, kuten kaivinkoneissa, kaivurikuormaajissa ja etukuormaajissa. Se mahdollistaa kauhan nostamisen, laskemisen ja kallistumisen, mik\u00e4 helpottaa tehokasta materiaalink\u00e4sittely\u00e4. Kauhasylinteri on hydraulinen sylinterityyppi, joka k\u00e4ytt\u00e4\u00e4 hydraulinestett\u00e4 lineaarisen liikkeen tuottamiseen, mik\u00e4 mahdollistaa kauhan asennon tarkan hallinnan.<\/p>\n<p><img decoding=\"async\" src=\"https:\/\/www.hydraulic-cylinders.net\/wp-content\/uploads\/2025\/04\/songte-company-1.webp\" alt=\"Kaivinkoneiden puomin sylinteri\"><\/p>\n<h3>M\u00e4\u00e4ritelm\u00e4 ja toiminnallisuus<\/h3>\n<p>Pohjimmiltaan puomin sylinteri toimii muuttamalla hydraulisen paineen mekaaniseksi voimaksi, joka on v\u00e4ltt\u00e4m\u00e4t\u00f6nt\u00e4 raskaiden kuormien nostamiseen ja siirt\u00e4miseen. Hydraulij\u00e4rjestelm\u00e4 toimii kohdistamalla painetta hydraulinesteeseen, joka sitten vaikuttaa sylinteriin ja saa sen laajenemaan tai supistumaan. T\u00e4m\u00e4 toiminta on ratkaisevan t\u00e4rke\u00e4\u00e4 erilaisissa kaivut\u00f6iss\u00e4, mik\u00e4 tekee siit\u00e4 kulmakiven rakennus- ja maatalouskoneiden toiminnassa.<\/p>\n<h2>Puomin sylinterin ominaisuudet<\/h2>\n<ul>\n<li><strong>Korkea lujuus ja kest\u00e4vyys:<\/strong> N\u00e4m\u00e4 sylinterit on valmistettu eritt\u00e4in lujasta ter\u00e4ksest\u00e4 tai alumiinista, ja ne kest\u00e4v\u00e4t korkeaa painetta ja raskaita kuormia, joten ne sopivat vaativiin ty\u00f6ymp\u00e4rist\u00f6ihin. Suunnittelussa korostetaan kulutuskest\u00e4vyytt\u00e4 ja korroosionkest\u00e4vyytt\u00e4, mik\u00e4 pident\u00e4\u00e4 niiden k\u00e4ytt\u00f6ik\u00e4\u00e4.<\/li>\n<li><strong>Tehokas hydraulinen k\u00e4ytt\u00f6:<\/strong> Puomin sylinteri hy\u00f6dynt\u00e4\u00e4 hydrauli\u00f6ljyn painetta sujuvaan pidennykseen ja sis\u00e4\u00e4nvetoon, mik\u00e4 tarjoaa nopeat vasteajat k\u00e4ytt\u00f6komentoihin ja tuottaa merkitt\u00e4vi\u00e4 ty\u00f6nt\u00f6- ja vetovoimia, mik\u00e4 sopii ihanteellisesti raskaiden ja monimutkaisten teht\u00e4vien k\u00e4sittelyyn.<\/li>\n<li><strong>Erilaisia \u200b\u200btyyppej\u00e4:<\/strong> Asiakkaat voivat valita yksitoimisten (hydraulinen paine yhteen suuntaan) tai kaksitoimisten (hydraulinen paine molempiin suuntiin) sylinterien v\u00e4lill\u00e4 erilaisten k\u00e4ytt\u00f6tarpeiden mukaan. Jotkut mallit ovat teleskooppisia, mik\u00e4 mahdollistaa suuremman jatkeen ilman ulkomittojen kasvua, mik\u00e4 sopii t\u00e4ydellisesti tilarajoitteisiin sovelluksiin.<\/li>\n<\/ul>\n<h3>Valmistuskyvyt<\/h3>\n<p>Olemme erikoistuneet t\u00e4m\u00e4n tuotteen valmistukseen, mik\u00e4 varmistaa, ett\u00e4 sylinterimme voivat t\u00e4ydellisesti korvata olemassa olevat hydraulisylinterit erilaisissa sovelluksissa.<\/p>\n<p><img decoding=\"async\" src=\"https:\/\/www.hydraulic-cylinders.net\/wp-content\/uploads\/2025\/04\/songte-cylinder-head-with-all-kinds-excavator-models.webp\" alt=\"Kaivinkoneen sylinterimallit\"><\/p>\n<h2>Sovellusskenaariot<\/h2>\n<h3>Rakennuslaitteet<\/h3>\n<p>Puomin sylinteri\u00e4 k\u00e4ytet\u00e4\u00e4n usein kaivinkoneissa, joissa sill\u00e4 on ratkaiseva rooli kaivamisessa, lastaamisessa ja maaper\u00e4n tai roskien siirt\u00e4misess\u00e4. Kaivurikuormaajissa kauhan sylinteri auttaa paitsi kaivamisessa my\u00f6s materiaalien nostamisessa korkeammalle. T\u00e4m\u00e4 monipuolisuus on v\u00e4ltt\u00e4m\u00e4t\u00f6nt\u00e4 rakennusty\u00f6mailla, sill\u00e4 se mahdollistaa tehokkaan materiaalinhallinnan ja toiminnan joustavuuden.<\/p>\n<h3>Maatalouskoneet<\/h3>\n<p>Etukuormaajissa puomin sylinteri\u00e4 k\u00e4ytet\u00e4\u00e4n maan, hein\u00e4n ja muiden materiaalien kaivamiseen, nostamiseen ja kuljettamiseen. Se parantaa maataloustoimintojen tehokkuutta mahdollistamalla materiaalien nopean ja tehokkaan lastaamisen ja purkamisen, varmistaen, ett\u00e4 teht\u00e4v\u00e4t, kuten istutus tai sadonkorjuu, voidaan suorittaa sujuvasti ilman tarpeettomia seisokkeja.<\/p>\n<h3>Kaivinkoneet<\/h3>\n<p>Kauhan sylinteri mahdollistaa kaivinkoneen tunkeutumisen maahan, mik\u00e4 helpottaa tehokasta kaivua. T\u00e4m\u00e4 ominaisuus on avainasemassa erilaisissa geologisissa olosuhteissa, sill\u00e4 se varmistaa, ett\u00e4 kuljettajat voivat suorittaa teht\u00e4vi\u00e4 ojituksesta perustusten kaivamiseen tarkasti ja helposti.<\/p>\n<h3>Kuormaajat<\/h3>\n<p>Etukuormaajissa puomin sylinterit auttavat kuormien tehokkaassa nostamisessa ja tyhjent\u00e4misess\u00e4. Sylinterin kyky toimia eri kulmissa maksimoi kuormaajan tehokkuuden, jolloin k\u00e4ytt\u00e4j\u00e4t voivat hoitaa erilaisia \u200b\u200blastausteht\u00e4vi\u00e4 nopeasti ja tehokkaasti.<\/p>\n<h2>Suunnittelun\u00e4k\u00f6kohdat ja valintakriteerit<\/h2>\n<h3>Kantavuus<\/h3>\n<p>Puomisylinteri\u00e4 valittaessa on t\u00e4rke\u00e4\u00e4 ottaa huomioon sen kuormituskapasiteetti. T\u00e4m\u00e4 n\u00e4k\u00f6kohta m\u00e4\u00e4ritt\u00e4\u00e4 suurimman painon, jonka sylinteri pystyy tehokkaasti k\u00e4sittelem\u00e4\u00e4n vaarantamatta suorituskyky\u00e4 tai turvallisuutta. Sylinterin kuormituskapasiteetin on oltava linjassa sen tyypillisten k\u00e4ytt\u00f6tarkoitusten kanssa, jotta se voi turvallisesti nostaa ja siirt\u00e4\u00e4 aiottuja kuormia ilman vikaantumisriski\u00e4.<\/p>\n<h3>Tiivistyksen eheys<\/h3>\n<p>Tiivistys on toinen t\u00e4rke\u00e4 seikka. Tiivisteiden laatu m\u00e4\u00e4r\u00e4\u00e4 hydraulij\u00e4rjestelm\u00e4n tehokkuuden, est\u00e4\u00e4 vuodot ja yll\u00e4pit\u00e4\u00e4 painetta. Korkealaatuiset tiivisteet, kuten polyuretaanista ja nitriilikumista valmistetut tiivisteet, ovat v\u00e4ltt\u00e4m\u00e4tt\u00f6mi\u00e4 pitk\u00e4ik\u00e4isyyden ja luotettavuuden varmistamiseksi k\u00e4yt\u00f6ss\u00e4. Asianmukainen tiivistys v\u00e4hent\u00e4\u00e4 huoltotarvetta ja parantaa yleist\u00e4 suorituskyky\u00e4.<\/p>\n<h3>Kest\u00e4vyys<\/h3>\n<p>Puomisylinterin kest\u00e4vyys on ensiarvoisen t\u00e4rke\u00e4\u00e4, koska n\u00e4m\u00e4 komponentit toimivat usein ankarissa olosuhteissa. Kulumisen ja korroosion kest\u00e4vyys vaikuttavat merkitt\u00e4v\u00e4sti sylinterin k\u00e4ytt\u00f6ik\u00e4\u00e4n. L\u00e4mp\u00f6tilan vaihteluita, kosteutta ja hankaavia materiaaleja kest\u00e4vien materiaalien ja pinnoitteiden valitseminen voi pident\u00e4\u00e4 k\u00e4ytt\u00f6ik\u00e4\u00e4 ja v\u00e4hent\u00e4\u00e4 kokonaiskustannuksia.<\/p>\n<h3>Turvaominaisuudet<\/h3>\n<p>Turvallisuus on kriittinen n\u00e4k\u00f6kohta hydraulisylintereiden suunnittelussa. Turvallisuusominaisuuksien, kuten paineenalennusventtiilien ja kest\u00e4v\u00e4n rakenteen, sis\u00e4llytt\u00e4minen minimoi onnettomuusriskin. Turvallisuusstandardien noudattaminen varmistaa, ett\u00e4 sylinteri toimii turvallisten parametrien mukaisesti ja suojaa sek\u00e4 k\u00e4ytt\u00e4j\u00e4\u00e4 ett\u00e4 koneistoa.<\/p>\n<h3>Huolto Esteett\u00f6myys<\/h3>\n<p>Huoltomahdollisuuden huomioiminen suunnittelussa on olennaista. Sylinteri, joka helpottaa tarkastuksia, korjauksia ja voitelua, voi merkitt\u00e4v\u00e4sti v\u00e4hent\u00e4\u00e4 seisokkiaikoja. T\u00e4m\u00e4 auttaa varmistamaan, ett\u00e4 huoltoteht\u00e4v\u00e4t voidaan suorittaa nopeasti ja tehokkaasti, jolloin koneet pysyv\u00e4t toimintakunnossa ja tuottavina.<\/p>\n<p><img decoding=\"async\" src=\"https:\/\/www.hydraulic-cylinders.net\/wp-content\/uploads\/2025\/04\/songte-oil-pipes-and-spare-parts.webp\" alt=\"Hydrauliset komponentit\"><\/p>\n<h2>Tiivistys ja voitelu<\/h2>\n<p>Tehokas tiivistys ja voitelu ovat ratkaisevan t\u00e4rkeit\u00e4 hydraulisylintereiden optimaalisen suorituskyvyn kannalta. K\u00e4ytet\u00e4\u00e4n erilaisia \u200b\u200btiivistysratkaisuja, kuten m\u00e4nn\u00e4ntiivisteit\u00e4 ja varren tiivisteit\u00e4, est\u00e4m\u00e4\u00e4n nestevuodot ja yll\u00e4pit\u00e4m\u00e4\u00e4n painetta. Kest\u00e4vien materiaalien, kuten polyuretaanin ja nitriilikumin, valinta parantaa kulumiskest\u00e4vyytt\u00e4 ja pident\u00e4\u00e4 tiivisteiden k\u00e4ytt\u00f6ik\u00e4\u00e4.<\/p>\n<p>Sylinterin runko ja kierteitetyt p\u00e4\u00e4typinnat on hienosti k\u00e4sitelty kulutuskest\u00e4vyyden parantamiseksi ja pitk\u00e4ik\u00e4isen toiminnan varmistamiseksi. S\u00e4\u00e4nn\u00f6llinen voitelu hydrauliikka\u00f6ljyll\u00e4 on v\u00e4ltt\u00e4m\u00e4t\u00f6nt\u00e4 sujuvan toiminnan yll\u00e4pit\u00e4miseksi ja liikkuvien osien kulumisen est\u00e4miseksi. Asianmukainen voitelu minimoi kitkan ja l\u00e4mm\u00f6n muodostumisen, mik\u00e4 edist\u00e4\u00e4 tehokasta toimintaa ja pident\u00e4\u00e4 sylinterin k\u00e4ytt\u00f6ik\u00e4\u00e4.<\/p>\n<h2>Ennaltaehk\u00e4isev\u00e4t huoltotoimenpiteet<\/h2>\n<ul>\n<li><strong>S\u00e4\u00e4nn\u00f6lliset tarkastukset:<\/strong> Aikatauluta s\u00e4\u00e4nn\u00f6lliset tarkastukset kulumisen, vuotojen tai vaurioiden merkkien tunnistamiseksi. Ongelmien varhainen havaitseminen voi est\u00e4\u00e4 kalliita korjauksia ja pident\u00e4\u00e4 koneen k\u00e4ytt\u00f6ik\u00e4\u00e4.<\/li>\n<li><strong>Asianmukainen voitelu:<\/strong> Varmista, ett\u00e4 hydrauliikka\u00f6ljy\u00e4 on t\u00e4ytetty riitt\u00e4v\u00e4sti ja vaihdettu s\u00e4\u00e4nn\u00f6llisesti sylinterin osien asianmukaisen voitelun yll\u00e4pit\u00e4miseksi.<\/li>\n<li><strong>Tiivisteen vaihto:<\/strong> Tarkkaile tiivisteiden kuntoa ja vaihda ne tarvittaessa j\u00e4rjestelm\u00e4n eheyden ja tehokkuuden yll\u00e4pit\u00e4miseksi.<\/li>\n<\/ul>\n<h2>Asennusohjeet<\/h2>\n<p>Puomin sylinterin oikea asennus on v\u00e4ltt\u00e4m\u00e4t\u00f6nt\u00e4 optimaalisen suorituskyvyn saavuttamiseksi. Aloita varmistamalla, ett\u00e4 hydraulisylinteri on oikein linjassa kiinnityspisteiden kanssa. Oikeiden kiinnitystelineiden k\u00e4ytt\u00f6 voi auttaa merkitt\u00e4v\u00e4sti oikean linjauksen saavuttamisessa ja est\u00e4\u00e4 sylinteriin kohdistuvan tarpeettoman rasituksen. Varmista, ett\u00e4 kaikki hydrauliletkut on kytketty oikein ja ettei vuotoja ole, ennen kuin testaat j\u00e4rjestelm\u00e4\u00e4.<\/p>\n<p>Asennuksen aikana on eritt\u00e4in t\u00e4rke\u00e4\u00e4 noudattaa valmistajan ohjeita ja teknisi\u00e4 tietoja. Varmista, ett\u00e4 sylinteri on kiinnitetty tukevasti ja ett\u00e4 kaikki nivelpisteet p\u00e4\u00e4sev\u00e4t liikkumaan esteett\u00e4. Asennuksen j\u00e4lkeen suorita perusteellinen toimintatarkastus varmistaaksesi, ett\u00e4 sylinteri toimii odotetulla tavalla erilaisten kuormien alla.<\/p>\n<h2>Yleiset huoltoteht\u00e4v\u00e4t<\/h2>\n<h3>S\u00e4\u00e4nn\u00f6lliset tarkastukset<\/h3>\n<p>S\u00e4\u00e4nn\u00f6llisten tarkastusten suorittaminen on elint\u00e4rke\u00e4\u00e4 puomisylinterin pitk\u00e4ik\u00e4isyyden kannalta. Etsi kulumisen merkkej\u00e4, kuten naarmuja, kolhuja tai korroosiota, jotka voivat viitata mahdollisiin vikakohtiin. S\u00e4\u00e4nn\u00f6lliset tarkastukset mahdollistavat varhaisen puuttumisen ja est\u00e4v\u00e4t pienten ongelmien paisumisen suuriksi korjauksiksi.<\/p>\n<h3>Oikea voitelu<\/h3>\n<p>Asianmukaisen voitelun yll\u00e4pit\u00e4minen on v\u00e4ltt\u00e4m\u00e4t\u00f6nt\u00e4 hydraulij\u00e4rjestelm\u00e4n sujuvalle toiminnalle. Tarkista s\u00e4\u00e4nn\u00f6llisesti hydrauli\u00f6ljyn tasot ja varmista, ett\u00e4 \u00f6ljy on puhdasta ja vapaata ep\u00e4puhtauksista. Ajan my\u00f6t\u00e4 hydrauli\u00f6ljy voi heikenty\u00e4, mik\u00e4 lis\u00e4\u00e4 kitkaa ja kulumista sylinterin osissa. Asianmukainen voitelu minimoi n\u00e4m\u00e4 riskit ja varmistaa, ett\u00e4 sylinteri toimii tehokkaasti.<\/p>\n<h3>Tiivisteen vaihto<\/h3>\n<p>Tiivisteet ovat ratkaisevan t\u00e4rkeit\u00e4 hydraulij\u00e4rjestelm\u00e4n eheyden yll\u00e4pit\u00e4miseksi. Tarkista tiivisteet s\u00e4\u00e4nn\u00f6llisesti kulumisen tai vaurioiden varalta ja vaihda ne tarvittaessa. Tiivisteiden huollon laiminly\u00f6nti voi johtaa nestevuotoihin, heikentyneeseen suorituskykyyn ja mahdollisiin hydraulisylinterin vaurioihin.<\/p>\n<p><img decoding=\"async\" src=\"https:\/\/www.hydraulic-cylinders.net\/wp-content\/uploads\/2025\/04\/songte-chushion-collar.webp\" alt=\"Sylinterien pehmustekaulus\"><\/p>\n<h2>Turvallisuusn\u00e4k\u00f6kohdat ja ymp\u00e4rist\u00f6tekij\u00e4t<\/h2>\n<p>Hydraulij\u00e4rjestelmi\u00e4 k\u00e4ytett\u00e4ess\u00e4 turvatoimenpiteet ovat ensiarvoisen t\u00e4rkeit\u00e4. K\u00e4ytt\u00e4j\u00e4t tulee kouluttaa hydraulisylinterien turvalliseen k\u00e4ytt\u00f6\u00f6n ja heid\u00e4n tulee ymm\u00e4rt\u00e4\u00e4 korkeapainej\u00e4rjestelmiin liittyv\u00e4t riskit. K\u00e4yt\u00f6n aikana on k\u00e4ytett\u00e4v\u00e4 asianmukaisia \u200b\u200bhenkil\u00f6nsuojaimia loukkaantumisriskin minimoimiseksi. Lis\u00e4ksi on t\u00e4rke\u00e4\u00e4 varmistaa, ett\u00e4 hydraulinestett\u00e4 k\u00e4sitell\u00e4\u00e4n turvallisesti ja h\u00e4vitet\u00e4\u00e4n ymp\u00e4rist\u00f6m\u00e4\u00e4r\u00e4ysten mukaisesti saastumisen est\u00e4miseksi ja luonnonvarojen suojelemiseksi.<\/p>\n<h2>Vianm\u00e4\u00e4ritys ja yleiset ongelmat<\/h2>\n<ul>\n<li><strong>Vuoto:<\/strong> Yksi yleisimmist\u00e4 ongelmista on hydraulinesteen vuoto, joka voi johtua kuluneista tiivisteist\u00e4 tai vaurioituneista liitoksista. Jos vuoto havaitaan, on t\u00e4rke\u00e4\u00e4 tunnistaa sen l\u00e4hde ja vaihtaa vialliset osat v\u00e4litt\u00f6m\u00e4sti.<\/li>\n<li><strong>Heikentynyt suorituskyky:<\/strong> Tehokkuuden lasku viittaa usein hydraulinesteen sis\u00e4iseen kulumiseen tai saastumiseen. S\u00e4\u00e4nn\u00f6lliset tarkastukset voivat auttaa tunnistamaan n\u00e4m\u00e4 ongelmat varhaisessa vaiheessa, mik\u00e4 mahdollistaa oikea-aikaisen huollon.<\/li>\n<li><strong>Melu ja t\u00e4rin\u00e4:<\/strong> Ep\u00e4tavalliset \u00e4\u00e4net tai t\u00e4rin\u00e4t k\u00e4yt\u00f6n aikana voivat olla merkki linjausvirheest\u00e4 tai sis\u00e4isist\u00e4 vaurioista. K\u00e4ytt\u00e4jien tulee tutkia n\u00e4m\u00e4 oireet viipym\u00e4tt\u00e4 lis\u00e4ongelmien v\u00e4ltt\u00e4miseksi.<\/li>\n<\/ul>\n<h3>Vianm\u00e4\u00e4ritysvinkkej\u00e4<\/h3>\n<p>Ongelmien ilmetess\u00e4 k\u00e4ytt\u00e4jien tulisi noudattaa systemaattista l\u00e4hestymistapaa ongelmien diagnosoimiseksi. Aloita tarkistamalla hydraulinesteen m\u00e4\u00e4r\u00e4 ja tutkimalla vuodot. Jos suorituskyky on puutteellinen, ota huomioon sis\u00e4isen kulumisen mahdollisuus ja varaa perusteellinen tarkastus. S\u00e4\u00e4nn\u00f6lliset huoltotoimenpiteet, kuten nesteiden vaihto ja tiivisteiden tarkastus, voivat auttaa ehk\u00e4isem\u00e4\u00e4n ongelmien kehittymist\u00e4.<\/p>\n<h2>Yritysprofiili<\/h2>\n<p>Olemme johtava hydraulisylinterien valmistaja, joka on erikoistunut erilaisten sovellusten varaosiin. Laaja tuotevalikoimamme on tehnyt meist\u00e4 johtavan toimittajan sek\u00e4 kotimaisilla ett\u00e4 kansainv\u00e4lisill\u00e4 markkinoilla. Noudatamme erinomaisuuden laatuperiaatteita, painottaen hienostuneita valmistusstrategioita, joita tukevat ammattitaitoinen henkil\u00f6st\u00f6, edistyneet digitaaliset valmistuslaitteet ja kattavat testausj\u00e4rjestelm\u00e4t. Sitoutumisemme jatkuvaan parantamiseen ja korkean tehokkuuden, tarkkuuden ja laadun periaatteiden noudattamiseen antaa meille valmiudet vastata monipuolisiin asiakastarpeisiin.<\/p>\n<p><img decoding=\"async\" src=\"https:\/\/www.hydraulic-cylinders.net\/wp-content\/uploads\/2025\/04\/songte-company-4.webp\" alt=\"Yrityksen tuotantolaitokset\"><br \/>\n<img decoding=\"async\" src=\"https:\/\/www.hydraulic-cylinders.net\/wp-content\/uploads\/2025\/04\/songte-company-3.webp\" alt=\"Edistyneet valmistuslaitteet\"><\/p>\n<h2>Johtop\u00e4\u00e4t\u00f6s<\/h2>\n<p>Keskitymme tarjoamaan huippuluokan hydrauliikkaratkaisuja, jotka vastaavat asiakkaidemme kehittyviin tarpeisiin. Tarjoamme ammattitaitoista palvelua, kansainv\u00e4lisi\u00e4 sertifiointeja ja r\u00e4\u00e4t\u00e4l\u00f6ityj\u00e4 ratkaisuja tiettyjen toimialojen tarpeisiin. Vankan j\u00e4lkimarkkinointipalvelun avulla varmistamme, ett\u00e4 asiakkaillamme on tarvittava tuki hydrauliikkaj\u00e4rjestelmiens\u00e4 optimaalisen suorituskyvyn saavuttamiseksi.<\/p>\n<p>Kirjoittaja: lyl<\/p>","protected":false},"excerpt":{"rendered":"<p>Boom Cylinder For Caterpillar Small Excavator E314DCR Product Overview The boom cylinder is a vital component in hydraulic systems, specifically designed to control the movement of buckets in heavy machinery such as excavators, backhoe loaders, and front-end loaders. It enables the bucket to lift, lower, and tilt, facilitating efficient material handling operations. The bucket cylinder [&hellip;]<\/p>","protected":false},"featured_media":17880,"comment_status":"open","ping_status":"closed","template":"","meta":{"_et_pb_use_builder":"","_et_pb_old_content":"","_et_gb_content_width":""},"product_brand":[],"product_cat":[1546],"product_tag":[1547,1496],"class_list":{"0":"post-18923","1":"product","2":"type-product","3":"status-publish","4":"has-post-thumbnail","6":"product_cat-boom-cylinders","7":"product_tag-boom-cylinders","8":"product_tag-hydraulic-cylinders","10":"first","11":"instock","12":"shipping-taxable","13":"product-type-simple"},"amp_enabled":true,"_links":{"self":[{"href":"https:\/\/www.hydraulic-cylinders.net\/fi\/wp-json\/wp\/v2\/product\/18923","targetHints":{"allow":["GET"]}}],"collection":[{"href":"https:\/\/www.hydraulic-cylinders.net\/fi\/wp-json\/wp\/v2\/product"}],"about":[{"href":"https:\/\/www.hydraulic-cylinders.net\/fi\/wp-json\/wp\/v2\/types\/product"}],"replies":[{"embeddable":true,"href":"https:\/\/www.hydraulic-cylinders.net\/fi\/wp-json\/wp\/v2\/comments?post=18923"}],"wp:featuredmedia":[{"embeddable":true,"href":"https:\/\/www.hydraulic-cylinders.net\/fi\/wp-json\/wp\/v2\/media\/17880"}],"wp:attachment":[{"href":"https:\/\/www.hydraulic-cylinders.net\/fi\/wp-json\/wp\/v2\/media?parent=18923"}],"wp:term":[{"taxonomy":"product_brand","embeddable":true,"href":"https:\/\/www.hydraulic-cylinders.net\/fi\/wp-json\/wp\/v2\/product_brand?post=18923"},{"taxonomy":"product_cat","embeddable":true,"href":"https:\/\/www.hydraulic-cylinders.net\/fi\/wp-json\/wp\/v2\/product_cat?post=18923"},{"taxonomy":"product_tag","embeddable":true,"href":"https:\/\/www.hydraulic-cylinders.net\/fi\/wp-json\/wp\/v2\/product_tag?post=18923"}],"curies":[{"name":"wp","href":"https:\/\/api.w.org\/{rel}","templated":true}]}}