{"id":18930,"date":"2025-04-07T06:02:45","date_gmt":"2025-04-07T06:02:45","guid":{"rendered":"https:\/\/www.hydraulic-cylinders.net\/product\/boom-cylinder-for-caterpillar-small-excavator-e120-120b\/"},"modified":"2025-04-07T06:02:47","modified_gmt":"2025-04-07T06:02:47","slug":"boom-cylinder-for-caterpillar-small-excavator-e120-120b","status":"publish","type":"product","link":"https:\/\/www.hydraulic-cylinders.net\/fi\/tuote\/boom-cylinder-for-caterpillar-small-excavator-e120-120b\/","title":{"rendered":"Puomin sylinteri Caterpillar-pienkaivukoneeseen E120\/120B"},"content":{"rendered":"<h1>Puomin sylinteri Caterpillar-pienkaivukoneeseen E120\/120B<\/h1>\n<h2>Puomin sylinterin yleiskatsaus<\/h2>\n<p>Puomin sylinteri on t\u00e4rke\u00e4 osa raskaiden koneiden hydrauliikkaj\u00e4rjestelm\u00e4\u00e4, erityisesti kaivinkoneissa, kuten Caterpillar E120\/120B. T\u00e4m\u00e4 hydraulisylinteri on erityisesti suunniteltu ohjaamaan kauhan liikett\u00e4, jolloin se voi nousta, laskea ja kallistua, mik\u00e4 tekee siit\u00e4 v\u00e4ltt\u00e4m\u00e4tt\u00f6m\u00e4n materiaalink\u00e4sittelyteht\u00e4viss\u00e4. Kauhan sylinteri toimii liikkeellepanevana voimana kaivamisessa, lastaamisessa ja erilaisten materiaalien kuljetuksessa, mik\u00e4 lis\u00e4\u00e4 rakennus- ja kaivuprojektien tehokkuutta ja tuottavuutta.<\/p>\n<p><img decoding=\"async\" src=\"https:\/\/www.hydraulic-cylinders.net\/wp-content\/uploads\/2025\/04\/songte-company-1.webp\" alt=\"Kaivinkoneen puomin sylinteri\" \/><\/p>\n<h3>Puomin sylinterin t\u00e4rkeimm\u00e4t ominaisuudet<\/h3>\n<ul>\n<li><strong>Korkea lujuus ja kest\u00e4vyys:<\/strong> Korkean lujuuden ter\u00e4ksest\u00e4 tai alumiinista valmistettu puomin sylinteri kest\u00e4\u00e4 korkeita paineita ja raskaita kuormia, joten se sopii vaativiin ty\u00f6ymp\u00e4rist\u00f6ihin.<\/li>\n<li><strong>Tehokas hydraulinen k\u00e4ytt\u00f6:<\/strong> Hydrauli\u00f6ljyn painetta hy\u00f6dynt\u00e4v\u00e4 sylinteri tarjoaa tasaisen pidennyksen ja vet\u00e4ytymisen, reagoi nopeasti k\u00e4ytt\u00f6komentoihin ja tarjoaa voimakkaat ty\u00f6nt\u00f6- ja vetovoimat.<\/li>\n<li><strong>Erilaisia \u200b\u200btyyppej\u00e4:<\/strong> Saatavilla yksitoimisina (toimii yhteen suuntaan) tai kaksitoimisina (toimii molempiin suuntiin) malleina. Joissakin malleissa on teleskooppirakenne, joka mahdollistaa suuremman jatkeen ilman ulkomittojen kasvua, mik\u00e4 sopii erinomaisesti ahtaisiin tiloihin.<\/li>\n<\/ul>\n<h2>Puomisylinterin sovellukset<\/h2>\n<h3>Rakennuslaitteet<\/h3>\n<p>Rakennuskoneissa puomin sylinterit ovat olennainen osa kaivinkoneita, joiden avulla ne voivat suorittaa t\u00e4rkeit\u00e4 toimintoja, kuten kaivamista, lastaamista ja maaper\u00e4n tai roskien siirt\u00e4mist\u00e4. T\u00e4m\u00e4 hydraulinen komponentti mahdollistaa kauhan tehokkaan tunkeutumisen maahan, mik\u00e4 parantaa kaivinkoneen toimintakyky\u00e4.<\/p>\n<h3>Maatalouskoneet<\/h3>\n<p>Maatalouskoneissa puomisylintereit\u00e4 k\u00e4ytet\u00e4\u00e4n etukuormaajissa, ja ne helpottavat materiaalien, kuten mullan, hein\u00e4n ja muiden tavaroiden, kaivamista, nostamista ja kuljetusta. Niiden luotettava hydraulinen suorituskyky tekee niist\u00e4 v\u00e4ltt\u00e4m\u00e4tt\u00f6mi\u00e4 erilaisissa maatalousteht\u00e4viss\u00e4.<\/p>\n<h3>Kaivinkoneet<\/h3>\n<p>Kaivinkoneissa puomin sylinterill\u00e4 on keskeinen rooli, sill\u00e4 se mahdollistaa kauhan tunkeutumisen maaper\u00e4\u00e4n, mik\u00e4 on olennaista kaivut\u00f6iss\u00e4. T\u00e4m\u00e4n hydraulikomponentin tehokkuus vaikuttaa suoraan maaper\u00e4n k\u00e4sittelytoimintojen nopeuteen ja tehokkuuteen.<\/p>\n<h3>Kuormaajat<\/h3>\n<p>Etukuormaajissa puomin sylinterit auttavat kuormien tehokkaassa nostamisessa ja tyhjent\u00e4misess\u00e4. Niiden kest\u00e4v\u00e4 rakenne ja luotettava hydraulinen toiminta tekev\u00e4t niist\u00e4 v\u00e4ltt\u00e4m\u00e4tt\u00f6mi\u00e4 suurten materiaalim\u00e4\u00e4rien nopeaan ja tehokkaaseen k\u00e4sittelyyn, mik\u00e4 nopeuttaa projektien valmistumista.<\/p>\n<h2>Suunnittelun\u00e4k\u00f6kohdat ja valintakriteerit<\/h2>\n<h3>Kantavuus<\/h3>\n<p>Kantavuus on ratkaiseva tekij\u00e4 puomin sylinteri\u00e4 valittaessa. Sen on kyett\u00e4v\u00e4 k\u00e4sittelem\u00e4\u00e4n kaivinkoneen nostama enimm\u00e4ispaino vaarantamatta turvallisuutta tai suorituskyky\u00e4. Insin\u00f6\u00f6rien on analysoitava k\u00e4ytt\u00f6vaatimukset ja valittava riitt\u00e4v\u00e4n lujat sylinterit.<\/p>\n<h3>Tiivistyskyky<\/h3>\n<p>Tiivistyksen laatu on elint\u00e4rke\u00e4\u00e4 sen varmistamiseksi, ett\u00e4 hydrauliikka\u00f6ljy ei vuoda paineen alaisena. Korkealaatuiset tiivisteet ovat v\u00e4ltt\u00e4m\u00e4tt\u00f6mi\u00e4 j\u00e4rjestelm\u00e4n eheyden ja tehokkuuden yll\u00e4pit\u00e4miseksi, kontaminaation est\u00e4miseksi ja sujuvan toiminnan varmistamiseksi ajan mittaan.<\/p>\n<h3>Kest\u00e4vyys<\/h3>\n<p>Kest\u00e4vyys on olennaista puomisylintereille, koska ne altistuvat ankarille olosuhteille. Niiden valmistuksessa k\u00e4ytettyjen materiaalien on kestett\u00e4v\u00e4 kulumista ja korroosiota, mik\u00e4 varmistaa pitk\u00e4n k\u00e4ytt\u00f6i\u00e4n ja minimoi huoltotarpeen.<\/p>\n<h3>Turvallisuusstandardit<\/h3>\n<p>Turvallisuus on hydraulij\u00e4rjestelmiss\u00e4 ensiarvoisen t\u00e4rke\u00e4\u00e4. Puomisylinterien on t\u00e4ytett\u00e4v\u00e4 tiukat turvallisuusstandardit k\u00e4ytt\u00e4jien ja koneiden suojaamiseksi mahdollisilta vioilta. S\u00e4\u00e4nn\u00f6lliset tarkastukset ja turvallisuusprotokollien noudattaminen ovat ratkaisevan t\u00e4rkeit\u00e4 k\u00e4ytt\u00f6turvallisuuden yll\u00e4pit\u00e4miseksi.<\/p>\n<h3>Huollettavuus<\/h3>\n<p>Huollettavuus viittaa siihen, kuinka helposti puomin sylinteri\u00e4 voidaan huoltaa tai korjata. Rakenteet, jotka mahdollistavat helpon p\u00e4\u00e4syn komponentteihin, helpottavat rutiinihuoltoa, v\u00e4hent\u00e4v\u00e4t seisokkiaikoja ja pident\u00e4v\u00e4t hydraulij\u00e4rjestelm\u00e4n k\u00e4ytt\u00f6ik\u00e4\u00e4.<\/p>\n<p><img decoding=\"async\" src=\"https:\/\/www.hydraulic-cylinders.net\/wp-content\/uploads\/2025\/04\/songte-oil-pipes-and-spare-parts.webp\" alt=\"Hydraulisylinterin komponentit\" \/><\/p>\n<h2>Tiivistys ja voitelu<\/h2>\n<p>Tehokas tiivistys ja voitelu ovat v\u00e4ltt\u00e4m\u00e4tt\u00f6mi\u00e4 hydraulisylinterien sujuvalle toiminnalle. Erilaiset tiivistyskomponentit, kuten m\u00e4nn\u00e4ntiivisteet ja varren tiivisteet, ovat ratkaisevan t\u00e4rkeit\u00e4 vuotojen est\u00e4miseksi. N\u00e4m\u00e4 tiivisteet on tyypillisesti valmistettu kest\u00e4vist\u00e4 materiaaleista, kuten polyuretaanista ja nitriilikumista, kest\u00e4m\u00e4\u00e4n kulumista. Sylinterin runko ja kierteitetyt p\u00e4\u00e4typinnat vaativat tarkkaa koneistusta kulutuskest\u00e4vyyden parantamiseksi. Lis\u00e4ksi s\u00e4\u00e4nn\u00f6llinen voitelu hydrauli\u00f6ljyll\u00e4 varmistaa tasaisen liikkeen ja v\u00e4hent\u00e4\u00e4 komponenttien v\u00e4list\u00e4 kitkaa, mik\u00e4 pident\u00e4\u00e4 lopulta sylinterin k\u00e4ytt\u00f6ik\u00e4\u00e4.<\/p>\n<h2>Ennaltaehk\u00e4isev\u00e4t huoltotoimenpiteet<\/h2>\n<ul>\n<li><strong>S\u00e4\u00e4nn\u00f6lliset tarkastukset:<\/strong> Tee perusteelliset tarkastukset mahdollisten kulumisen tai vaurioiden havaitsemiseksi. T\u00e4m\u00e4 sis\u00e4lt\u00e4\u00e4 vuotojen tarkistamisen ja kaikkien tiivisteiden ehjyyden varmistamisen.<\/li>\n<li><strong>Voitelu:<\/strong> Varmista, ett\u00e4 hydrauliikka\u00f6ljyn taso on oikea ja ett\u00e4 j\u00e4rjestelm\u00e4 voidellaan s\u00e4\u00e4nn\u00f6llisesti kulumisen ja ylikuumenemisen est\u00e4miseksi.<\/li>\n<li><strong>Tiivisteen vaihto:<\/strong> Vaihda tiivisteet tarvittaessa optimaalisen suorituskyvyn yll\u00e4pit\u00e4miseksi ja vuotojen est\u00e4miseksi. S\u00e4\u00e4nn\u00f6llisten huoltotarkastusten tulisi sis\u00e4lt\u00e4\u00e4 t\u00e4m\u00e4 teht\u00e4v\u00e4.<\/li>\n<\/ul>\n<h2>Asennusohjeet<\/h2>\n<p>Puomisylinterin oikea asennus on ratkaisevan t\u00e4rke\u00e4\u00e4 sen suorituskyvyn kannalta. Aloita varmistamalla, ett\u00e4 kaikki komponentit ovat puhtaita ja roskista vapaita. Kohdista sylinteri kaivinkoneen kiinnityspisteisiin k\u00e4ytt\u00e4m\u00e4ll\u00e4 sopivia asennuskiinnikkeit\u00e4 sen kiinnitt\u00e4miseksi kunnolla. On t\u00e4rke\u00e4\u00e4 noudattaa valmistajan ohjeita v\u00e4\u00e4nt\u00f6momentin asetuksista ja kohdistuksesta, jotta v\u00e4ltet\u00e4\u00e4n kohdistusvirheet, jotka voivat johtaa ennenaikaiseen kulumiseen. Tarkista kaikkien hydrauliikkaliitosten tiiviys ja varmista, ett\u00e4 hydrauliikka\u00f6ljy\u00e4 on t\u00e4ytetty oikealle tasolle ennen koneen k\u00e4ytt\u00f6\u00e4. Lopuksi suorita koeajo varmistaaksesi, ett\u00e4 sylinteri toimii sujuvasti ilman vuotoja tai ongelmia.<\/p>\n<h2>Yleiset huoltoteht\u00e4v\u00e4t<\/h2>\n<ul>\n<li><strong>S\u00e4\u00e4nn\u00f6lliset tarkastukset:<\/strong> On eritt\u00e4in t\u00e4rke\u00e4\u00e4 tarkastaa puomin sylinteri s\u00e4\u00e4nn\u00f6llisesti kulumisen tai vaurioiden varalta. Etsi vuotoja ja varmista, ett\u00e4 tiivisteet toimivat oikein. T\u00e4m\u00e4 teht\u00e4v\u00e4 on v\u00e4ltt\u00e4m\u00e4t\u00f6n vakavampien ongelmien kehittymisen est\u00e4miseksi.<\/li>\n<li><strong>Oikea voitelu:<\/strong> Varmista riitt\u00e4v\u00e4 voitelu tarkistamalla hydrauliikka\u00f6ljyn taso ja lis\u00e4\u00e4m\u00e4ll\u00e4 \u00f6ljy\u00e4 tarvittaessa. Oikea voitelu v\u00e4hent\u00e4\u00e4 kitkaa ja kulumista, mik\u00e4 pident\u00e4\u00e4 hydrauliikkakomponenttien k\u00e4ytt\u00f6ik\u00e4\u00e4.<\/li>\n<li><strong>Tiivisteen vaihto:<\/strong> Vaihda kuluneet tai vaurioituneet tiivisteet s\u00e4\u00e4nn\u00f6llisesti sylinterin eheyden yll\u00e4pit\u00e4miseksi. Ajan my\u00f6t\u00e4 tiivisteet voivat heikenty\u00e4, mik\u00e4 johtaa vuotoihin, jotka heikent\u00e4v\u00e4t suorituskyky\u00e4.<\/li>\n<\/ul>\n<p><img decoding=\"async\" src=\"https:\/\/www.hydraulic-cylinders.net\/wp-content\/uploads\/2025\/04\/songte-chushion-collar.webp\" alt=\"Hydraulisylinterin asennus\" \/><\/p>\n<h2>Turvallisuusn\u00e4k\u00f6kohdat ja ymp\u00e4rist\u00f6tekij\u00e4t<\/h2>\n<p>Puomisylintereit\u00e4 k\u00e4ytett\u00e4ess\u00e4 on eritt\u00e4in t\u00e4rke\u00e4\u00e4 noudattaa turvatoimenpiteit\u00e4 sek\u00e4 k\u00e4ytt\u00e4jien ett\u00e4 ymp\u00e4rist\u00f6n suojelemiseksi. Asianmukainen koulutus k\u00e4ytt\u00f6tavoista ja turvallisuusprotokollista minimoi hydraulij\u00e4rjestelmiin liittyv\u00e4t riskit. Lis\u00e4ksi laitteiden s\u00e4\u00e4nn\u00f6llinen huolto auttaa est\u00e4m\u00e4\u00e4n vuotoja, jotka voisivat vahingoittaa ymp\u00e4rist\u00f6\u00e4. Vuotojen levi\u00e4misen est\u00e4miseen t\u00e4ht\u00e4\u00e4vien toimenpiteiden toteuttaminen huollon aikana voi suojata mahdollisilta ymp\u00e4rist\u00f6vaikutuksilta entisest\u00e4\u00e4n.<\/p>\n<h2>Vianm\u00e4\u00e4ritys ja yleiset ongelmat<\/h2>\n<ul>\n<li><strong>Vuoto:<\/strong> Yksi yleisimmist\u00e4 ongelmista on hydraulinesteen vuoto, jonka usein aiheuttavat kuluneet tiivisteet tai vaurioituneet liitokset. S\u00e4\u00e4nn\u00f6lliset tarkastukset voivat auttaa tunnistamaan ja korjaamaan vuodot nopeasti.<\/li>\n<li><strong>Huono suorituskyky:<\/strong> Jos sylinteri ei liiku ulos tai sis\u00e4\u00e4n tasaisesti, se voi viitata alhaiseen hydraulinesteen tasoon tai j\u00e4rjestelm\u00e4\u00e4n j\u00e4\u00e4neeseen ilmaan, mik\u00e4 vaatii ilmausta oikean toiminnan palauttamiseksi.<\/li>\n<li><strong>Ylikuumeneminen:<\/strong> Ylikuumeneminen voi johtua liiallisesta ty\u00f6m\u00e4\u00e4r\u00e4st\u00e4 tai riitt\u00e4m\u00e4tt\u00f6m\u00e4st\u00e4 voitelusta, mik\u00e4 edellytt\u00e4\u00e4 k\u00e4ytt\u00f6olosuhteiden ja voiteluk\u00e4yt\u00e4nt\u00f6jen tarkistamista.<\/li>\n<\/ul>\n<p>N\u00e4iden ongelmien tehokkaan vianm\u00e4\u00e4rityksen varmistamiseksi k\u00e4ytt\u00e4jien tulisi suorittaa s\u00e4\u00e4nn\u00f6llisi\u00e4 huoltotarkastuksia, pit\u00e4\u00e4 kirjaa suorituskykymittareista ja puuttua kaikkiin poikkeavuuksiin v\u00e4litt\u00f6m\u00e4sti est\u00e4\u00e4kseen merkitt\u00e4v\u00e4mpien ongelmien syntymisen.<\/p>\n<p><img decoding=\"async\" src=\"https:\/\/www.hydraulic-cylinders.net\/wp-content\/uploads\/2025\/04\/songte-bushings-with-all-kinds-of-excavator-models.webp\" alt=\"Hydraulisylinterin osat\" \/><\/p>\n<h2>Yrityksen yleiskatsaus<\/h2>\n<p>Olemme johtava hydraulisylinterien valmistaja, joka on erikoistunut korkealaatuisten varaosien valmistukseen erilaisiin k\u00e4ytt\u00f6tarkoituksiin. Kattava tuotevalikoimamme ja sitoutumisemme huippuosaamiseen ovat tehneet meist\u00e4 yhden johtavista hydraulisylinterien valmistajista ja tukkukauppiaista sek\u00e4 kotimaisilla ett\u00e4 kansainv\u00e4lisill\u00e4 markkinoilla. Noudatamme tarkan valmistuksenohjauksen strategiaa, jossa hy\u00f6dynn\u00e4mme edistynytt\u00e4 teknologiaa, ammattitaitoisia ammattilaisia \u200b\u200bja digitaalisia huippuluokan valmistuslaitteita tuotantokapasiteettimme parantamiseksi.<\/p>\n<p>Keskittymisemme laadunvalvontaan n\u00e4kyy kehittyneiss\u00e4 testausj\u00e4rjestelmiss\u00e4mme, jotka varmistavat, ett\u00e4 jokainen tuote t\u00e4ytt\u00e4\u00e4 tiukat standardit. Sitoutumalla tehokkuuteen, tarkkuuteen ja korkealaatuisiin periaatteisiin pyrimme vastaamaan asiakkaidemme monipuolisiin tarpeisiin r\u00e4\u00e4t\u00e4l\u00f6ityjen palveluiden, ammattimaisen tuen ja kattavan j\u00e4lkimarkkinapalvelun avulla.<\/p>\n<p><img decoding=\"async\" src=\"https:\/\/www.hydraulic-cylinders.net\/wp-content\/uploads\/2025\/04\/songte-company-4.webp\" alt=\"Yrityksemme\" \/><br \/>\n<img decoding=\"async\" src=\"https:\/\/www.hydraulic-cylinders.net\/wp-content\/uploads\/2025\/04\/songte-company-3.webp\" alt=\"Tilamme\" \/><\/p>\n<p>Kirjoittaja: lyl<\/p>","protected":false},"excerpt":{"rendered":"<p>Boom Cylinder For Caterpillar Small Excavator E120\/120B Overview of Boom Cylinder The Boom Cylinder is a crucial component in the hydraulic system of heavy machinery, particularly in excavators like the Caterpillar E120\/120B. This hydraulic cylinder is specifically designed to control the movement of the bucket, allowing it to lift, lower, and tilt, making it essential [&hellip;]<\/p>","protected":false},"featured_media":17872,"comment_status":"open","ping_status":"closed","template":"","meta":{"_et_pb_use_builder":"","_et_pb_old_content":"","_et_gb_content_width":""},"product_brand":[],"product_cat":[1546],"product_tag":[1547,1496],"class_list":{"0":"post-18930","1":"product","2":"type-product","3":"status-publish","4":"has-post-thumbnail","6":"product_cat-boom-cylinders","7":"product_tag-boom-cylinders","8":"product_tag-hydraulic-cylinders","10":"first","11":"instock","12":"shipping-taxable","13":"product-type-simple"},"amp_enabled":true,"_links":{"self":[{"href":"https:\/\/www.hydraulic-cylinders.net\/fi\/wp-json\/wp\/v2\/product\/18930","targetHints":{"allow":["GET"]}}],"collection":[{"href":"https:\/\/www.hydraulic-cylinders.net\/fi\/wp-json\/wp\/v2\/product"}],"about":[{"href":"https:\/\/www.hydraulic-cylinders.net\/fi\/wp-json\/wp\/v2\/types\/product"}],"replies":[{"embeddable":true,"href":"https:\/\/www.hydraulic-cylinders.net\/fi\/wp-json\/wp\/v2\/comments?post=18930"}],"wp:featuredmedia":[{"embeddable":true,"href":"https:\/\/www.hydraulic-cylinders.net\/fi\/wp-json\/wp\/v2\/media\/17872"}],"wp:attachment":[{"href":"https:\/\/www.hydraulic-cylinders.net\/fi\/wp-json\/wp\/v2\/media?parent=18930"}],"wp:term":[{"taxonomy":"product_brand","embeddable":true,"href":"https:\/\/www.hydraulic-cylinders.net\/fi\/wp-json\/wp\/v2\/product_brand?post=18930"},{"taxonomy":"product_cat","embeddable":true,"href":"https:\/\/www.hydraulic-cylinders.net\/fi\/wp-json\/wp\/v2\/product_cat?post=18930"},{"taxonomy":"product_tag","embeddable":true,"href":"https:\/\/www.hydraulic-cylinders.net\/fi\/wp-json\/wp\/v2\/product_tag?post=18930"}],"curies":[{"name":"wp","href":"https:\/\/api.w.org\/{rel}","templated":true}]}}