{"id":18941,"date":"2025-04-07T06:03:23","date_gmt":"2025-04-07T06:03:23","guid":{"rendered":"https:\/\/www.hydraulic-cylinders.net\/product\/boom-cylinder-for-caterpillar-small-excavator-e313d\/"},"modified":"2025-04-07T06:03:25","modified_gmt":"2025-04-07T06:03:25","slug":"boom-cylinder-for-caterpillar-small-excavator-e313d","status":"publish","type":"product","link":"https:\/\/www.hydraulic-cylinders.net\/fi\/tuote\/boom-cylinder-for-caterpillar-small-excavator-e313d\/","title":{"rendered":"Puomin sylinteri Caterpillar-pienkaivukoneelle E313D"},"content":{"rendered":"<h1>Puomin sylinteri Caterpillar-pienkaivukoneelle E313D<\/h1>\n<h2>Puomin sylinterin ymm\u00e4rt\u00e4minen<\/h2>\n<p>Puomisylinteri on erityinen hydraulisylinteri, joka on suunniteltu ohjaamaan kauhojen liikett\u00e4 raskaissa koneissa, kuten kaivinkoneissa, kaivurikuormaajissa ja etukuormaajissa. Se mahdollistaa kauhan nostamisen, laskemisen ja kallistumisen, mik\u00e4 helpottaa materiaalink\u00e4sittelyteht\u00e4vi\u00e4 tehokkaasti. Hydraulij\u00e4rjestelmiss\u00e4 puomisylinterill\u00e4 on ratkaiseva rooli, koska se muuntaa hydraulisen paineen lineaariseksi liikkeeksi, jolloin k\u00e4ytt\u00e4j\u00e4t voivat k\u00e4sitell\u00e4 koneen lis\u00e4laitteita tarkasti.<\/p>\n<p><img decoding=\"async\" src=\"https:\/\/www.hydraulic-cylinders.net\/wp-content\/uploads\/2025\/04\/songte-company-1.webp\" alt=\"Puomin sylinterin kuva\" \/><\/p>\n<h3>M\u00e4\u00e4ritelm\u00e4 ja yleiskatsaus<\/h3>\n<p>Puomin sylinteri on r\u00e4\u00e4t\u00e4l\u00f6ity hallitsemaan raskaiden laitteiden k\u00e4yt\u00f6ss\u00e4 vaadittavia monimutkaisia \u200b\u200bteht\u00e4vi\u00e4. Se toimii keskeisen\u00e4 osana ja mahdollistaa kauhan pystysuoran ja vaakasuoran liikkeen, mik\u00e4 on olennaista maanrakennus-, rakennus- ja purkuprojekteissa. K\u00e4ytt\u00e4m\u00e4ll\u00e4 paineistettua hydraulinestett\u00e4 sylinteri voi tehokkaasti suorittaa toimintoja, jotka olisivat hankalia manuaalisesti suoritettuina, mik\u00e4 parantaa merkitt\u00e4v\u00e4sti tuottavuutta ja turvallisuutta ty\u00f6mailla.<\/p>\n<h2>Puomin sylinterin ominaisuudet<\/h2>\n<ul>\n<li><strong>Korkea lujuus ja kest\u00e4vyys:<\/strong> N\u00e4m\u00e4 sylinterit on tyypillisesti valmistettu lujasta ter\u00e4ksest\u00e4 tai alumiinista, ja ne kest\u00e4v\u00e4t korkeaa painetta ja raskaita kuormia, joten ne sopivat vaativiin ty\u00f6ymp\u00e4rist\u00f6ihin. Ne on suunniteltu kulutuskest\u00e4viksi ja korroosiosuojatuiksi k\u00e4ytt\u00f6i\u00e4n pident\u00e4miseksi.<\/li>\n<li><strong>Tehokas hydraulinen k\u00e4ytt\u00f6:<\/strong> Puomin sylinteri hy\u00f6dynt\u00e4\u00e4 hydrauli\u00f6ljyn painetta tasaisten ojennus- ja sis\u00e4\u00e4nvetoliikkeiden aikaansaamiseksi. T\u00e4m\u00e4 mahdollistaa nopean reagoinnin ohjauskomentoihin ja tarjoaa tehokkaat ty\u00f6nt\u00f6- ja vetovoimat, jotka sopivat raskaiden esineiden k\u00e4sittelyyn ja monimutkaisiin operatiivisiin teht\u00e4viin.<\/li>\n<li><strong>Erilaisia \u200b\u200btyyppej\u00e4:<\/strong> K\u00e4ytt\u00f6tarpeista riippuen sylinterit voidaan valita yksitoimisiksi (toimivat yhteen suuntaan) tai kaksitoimisiksi (toimivat molempiin suuntiin). Tietyiss\u00e4 malleissa on teleskooppirakenne, joka mahdollistaa suuremman jatkeen ilman ulkomittojen kasvua, mik\u00e4 sopii erinomaisesti sovelluksiin, joissa on rajoitetusti tilaa.<\/li>\n<\/ul>\n<h3>Tuotantokykymme<\/h3>\n<p>Olemme erikoistuneet t\u00e4m\u00e4n tuotteen valmistukseen, ja sylinterimme voivat t\u00e4ydellisesti korvata erilaisissa hydraulij\u00e4rjestelmiss\u00e4 k\u00e4ytetyt sylinterit.<\/p>\n<p><img decoding=\"async\" src=\"https:\/\/www.hydraulic-cylinders.net\/wp-content\/uploads\/2025\/04\/songte-cylinder-head-with-all-kinds-excavator-models.webp\" alt=\"Kaivinkonemallit\" \/><\/p>\n<h2>Puomisylinterin sovellukset<\/h2>\n<ul>\n<li><strong>Rakennuslaitteet:<\/strong> Kaivinkoneissa puomin sylinterit ovat kriittisi\u00e4 kaivamisessa, lastaamisessa ja maan tai roskien siirt\u00e4misess\u00e4. Ne helpottavat sek\u00e4 kaivurin kaivu- ett\u00e4 nostotoimintoja, mik\u00e4 tekee niist\u00e4 v\u00e4ltt\u00e4m\u00e4tt\u00f6mi\u00e4 rakennusty\u00f6mailla.<\/li>\n<li><strong>Maatalouskoneet:<\/strong> Etukuormaajissa k\u00e4ytett\u00e4v\u00e4t puomisylinterit auttavat maaper\u00e4n, hein\u00e4n ja muiden materiaalien kauhaamisessa, nostamisessa ja kuljettamisessa, mik\u00e4 parantaa maatalouden tuottavuutta.<\/li>\n<li><strong>Kaivinkoneet:<\/strong> Kauhasylinterin ansiosta kaivinkoneet tunkeutuvat tehokkaasti maaper\u00e4\u00e4n, mik\u00e4 tehostaa kaivutoimia ja minimoi k\u00e4ytt\u00e4j\u00e4n v\u00e4symyksen.<\/li>\n<li><strong>Kuormaajat:<\/strong> Etukuormaajissa puomin sylinterit auttavat kuormien tehokkaassa nostamisessa ja tyhjent\u00e4misess\u00e4, mik\u00e4 lyhent\u00e4\u00e4 ty\u00f6maiden l\u00e4pimenoaikoja.<\/li>\n<\/ul>\n<h2>Suunnittelun\u00e4k\u00f6kohdat ja valintakriteerit<\/h2>\n<ul>\n<li><strong>Kantavuus:<\/strong> Yksi t\u00e4rkeimmist\u00e4 huomioista puomisylinteri\u00e4 valittaessa on sen kuormituskapasiteetti. Sen on kyett\u00e4v\u00e4 k\u00e4sittelem\u00e4\u00e4n k\u00e4yt\u00f6n aikana kohtaamaansa enimm\u00e4ispainoa. T\u00e4m\u00e4 seikka ei ainoastaan \u200b\u200btakaa turvallisuutta, vaan my\u00f6s pident\u00e4\u00e4 sylinterin k\u00e4ytt\u00f6ik\u00e4\u00e4. On t\u00e4rke\u00e4\u00e4 tarkistaa valmistajien toimittamat kuormituskaaviot ja tekniset tiedot sopivan sylinterin valitsemiseksi tiettyihin teht\u00e4viin. Kuormituskapasiteetin aliarviointi voi johtaa katastrofaalisiin vikoihin, kun taas yliarviointi voi aiheuttaa tarpeettomia kustannuksia.<\/li>\n<li><strong>Tiivistyskyky:<\/strong> Asianmukainen tiivistys on ratkaisevan t\u00e4rke\u00e4\u00e4 hydraulisen paineen yll\u00e4pit\u00e4miseksi ja nestevuotojen est\u00e4miseksi. Sylinteriss\u00e4 tulee olla korkealaatuiset tiivisteet, jotka kest\u00e4v\u00e4t rakennusty\u00f6maiden ankaria olosuhteita. S\u00e4\u00e4nn\u00f6llinen huolto on v\u00e4ltt\u00e4m\u00e4t\u00f6nt\u00e4 tiivisteiden tehokkuuden varmistamiseksi, sill\u00e4 kuluminen voi ajan my\u00f6t\u00e4 johtaa suorituskyvyn heikkenemiseen ja hydraulinesteen h\u00e4vikkiin. Kest\u00e4vist\u00e4 materiaaleista, kuten polyuretaanista tai nitriilikumista, valmistettujen tiivisteiden valitseminen voi parantaa sylinterin luotettavuutta.<\/li>\n<li><strong>Kest\u00e4vyys:<\/strong> Puomin sylinterin rakenteessa k\u00e4ytetyt materiaalit vaikuttavat merkitt\u00e4v\u00e4sti sen kest\u00e4vyyteen. Usein k\u00e4ytet\u00e4\u00e4n eritt\u00e4in lujia seoksia sen varmistamiseksi, ett\u00e4 sylinteri kest\u00e4\u00e4 vaativia olosuhteita kulumatta tai rikkoutumatta. Lis\u00e4ksi pintak\u00e4sittelyt, kuten kovakromaus, voivat tarjota lis\u00e4suojaa korroosiota ja kulumista vastaan, mik\u00e4 pident\u00e4\u00e4 sylinterin k\u00e4ytt\u00f6ik\u00e4\u00e4 haastavissa ymp\u00e4rist\u00f6iss\u00e4.<\/li>\n<li><strong>Turvaominaisuudet:<\/strong> Turvallisuus on hydraulij\u00e4rjestelmiss\u00e4 ensiarvoisen t\u00e4rke\u00e4\u00e4. Puomin sylinterin suunnittelussa tulisi olla ominaisuuksia, jotka est\u00e4v\u00e4t hallitsemattomat liikkeet, kuten paineenalennusventtiilit, jotka voivat vapauttaa ylipaineen k\u00e4yt\u00f6n aikana. Asianmukaiset turvatoimenpiteet voivat est\u00e4\u00e4 onnettomuuksia ja vammoja ty\u00f6mailla. On my\u00f6s t\u00e4rke\u00e4\u00e4 noudattaa alan standardeja ja m\u00e4\u00e4r\u00e4yksi\u00e4 hydrauliikkakomponenttien suunnittelussa ja valinnassa turvallisuusnormien noudattamisen varmistamiseksi.<\/li>\n<li><strong>Huoltomahdollisuus:<\/strong> Hyvin suunnitellun puomisylinterin tulisi mahdollistaa helppo huolto ja korjaus. Irrotettavat p\u00e4\u00e4tykappaleet ja helposti saavutettavat voitelupisteet voivat yksinkertaistaa huoltoteht\u00e4vi\u00e4. S\u00e4\u00e4nn\u00f6lliset tarkastukset ja ennakoiva huolto voivat auttaa tunnistamaan ja korjaamaan mahdolliset ongelmat ennen kuin ne pahenevat, varmistaen, ett\u00e4 sylinteri toimii optimaalisesti koko k\u00e4ytt\u00f6ik\u00e4ns\u00e4 ajan.<\/li>\n<\/ul>\n<p><img decoding=\"async\" src=\"https:\/\/www.hydraulic-cylinders.net\/wp-content\/uploads\/2025\/04\/songte-oil-pipes-and-spare-parts.webp\" alt=\"Hydrauliset komponentit\" \/><\/p>\n<h2>Hydraulisylinterin tiivistys ja voitelu<\/h2>\n<p>Puomisylinterin suorituskyky on eritt\u00e4in riippuvainen tehokkaasta tiivistyksest\u00e4 ja voitelusta. K\u00e4ytet\u00e4\u00e4n erilaisia \u200b\u200btiivisteit\u00e4, mukaan lukien m\u00e4nn\u00e4ntiivisteit\u00e4 ja varren tiivisteit\u00e4, jotka on usein valmistettu kulutusta kest\u00e4vist\u00e4 materiaaleista, kuten polyuretaanista ja nitriilikumista. Sylinterin rungon ja kierteitettyjen p\u00e4iden pinnat on ty\u00f6stetty huolellisesti kulutuskest\u00e4vyyden parantamiseksi ja tiiviin tiivistyksen varmistamiseksi.<\/p>\n<p>S\u00e4\u00e4nn\u00f6llinen voitelu on ratkaisevan t\u00e4rke\u00e4\u00e4 optimaalisen suorituskyvyn saavuttamiseksi. Hydrauli\u00f6ljy\u00e4 tulee lis\u00e4t\u00e4 s\u00e4\u00e4nn\u00f6llisesti riitt\u00e4v\u00e4n voiteluaineen tason yll\u00e4pit\u00e4miseksi, mik\u00e4 est\u00e4\u00e4 liikkuvien osien kitkan ja kulumisen. Riitt\u00e4v\u00e4 voitelu minimoi ylikuumenemisen riskin ja pident\u00e4\u00e4 sylinterin k\u00e4ytt\u00f6ik\u00e4\u00e4, joten s\u00e4\u00e4nn\u00f6lliset tarkastukset ovat v\u00e4ltt\u00e4m\u00e4tt\u00f6mi\u00e4 toiminnan tehokkuuden kannalta.<\/p>\n<h2>Ennaltaehk\u00e4isev\u00e4t huoltotoimenpiteet<\/h2>\n<ul>\n<li><strong>S\u00e4\u00e4nn\u00f6lliset tarkastukset:<\/strong> M\u00e4\u00e4r\u00e4aikaiset tarkastukset ovat elint\u00e4rkeit\u00e4 kulumisen, vuotojen ja muiden mahdollisten ongelmien havaitsemiseksi varhaisessa vaiheessa. K\u00e4ytt\u00e4j\u00e4n tulee tarkistaa tiivisteiden ja letkuliitosten ymp\u00e4rill\u00e4 olevat hydraulinesteen vuodot ja tarkastaa itse sylinterin kunto mahdollisten vaurioiden tai korroosion varalta.<\/li>\n<li><strong>Voitelutarkistukset:<\/strong> Riitt\u00e4vien voitelutasojen yll\u00e4pit\u00e4minen on kriittist\u00e4. K\u00e4ytt\u00e4j\u00e4n tulee seurata hydraulinesteen tasoja s\u00e4\u00e4nn\u00f6llisesti ja lis\u00e4t\u00e4 tarvittaessa sujuvan toiminnan varmistamiseksi. Lis\u00e4ksi h\u00e4nen tulee tarkistaa hydrauli\u00f6ljyn laatu ja vaihtaa se, jos siin\u00e4 on merkkej\u00e4 saastumisesta tai heikentymisest\u00e4.<\/li>\n<li><strong>Tiivisteiden vaihto ja kalibrointitarkastukset:<\/strong> Tiivisteet tulee tarkastaa s\u00e4\u00e4nn\u00f6llisesti ja vaihtaa ennakoivasti hydraulinesteen vuotojen est\u00e4miseksi. K\u00e4ytt\u00e4j\u00e4n tulee my\u00f6s suorittaa kalibrointitarkastuksia varmistaakseen, ett\u00e4 sylinteri reagoi tarkasti ohjaustuloihin, ja s\u00e4\u00e4t\u00e4\u00e4 asetuksia tarvittaessa optimaalisen suorituskyvyn yll\u00e4pit\u00e4miseksi.<\/li>\n<\/ul>\n<h2>Puomin sylinterin asennusohjeet<\/h2>\n<p>Puomin sylinterin oikea asennus on ratkaisevan t\u00e4rke\u00e4\u00e4 optimaalisen suorituskyvyn ja pitk\u00e4n k\u00e4ytt\u00f6i\u00e4n saavuttamiseksi. T\u00e4ss\u00e4 ovat t\u00e4rkeimm\u00e4t ohjeet:<\/p>\n<ul>\n<li>Varmista, ett\u00e4 kiinnitystelineet on kohdistettu oikein, jotta sylinteriin ei kohdistu tarpeetonta rasitusta k\u00e4yt\u00f6n aikana. V\u00e4\u00e4r\u00e4 kohdistus voi johtaa ennenaikaiseen kulumiseen ja rikkoutumiseen.<\/li>\n<li>K\u00e4yt\u00e4 sopivia kiinnitystukia sylinterin kiinnitt\u00e4miseksi paikalleen. T\u00e4m\u00e4 auttaa pit\u00e4m\u00e4\u00e4n sen asennon ja toimimaan tehokkaasti ilman liiallista liikett\u00e4.<\/li>\n<li>Noudata valmistajan ohjeita kiristysmomenttien suhteen sylinteri\u00e4 kiinnitt\u00e4ess\u00e4si varmistaaksesi, ett\u00e4 se pysyy tukevasti paikallaan ilman, ett\u00e4 sit\u00e4 kiristet\u00e4\u00e4n liikaa, mik\u00e4 voi aiheuttaa vaurioita.<\/li>\n<li>Asennuksen j\u00e4lkeen tarkista liit\u00e4nt\u00e4pisteist\u00e4 hydrauliset vuodot ja tee toimintatesti varmistaaksesi, ett\u00e4 sylinteri toimii sujuvasti.<\/li>\n<li>Tarkista asennusprotokollat \u200b\u200bja huoltoaikataulut s\u00e4\u00e4nn\u00f6llisesti varmistaaksesi turvallisuus- ja toimintastandardien jatkuvan noudattamisen.<\/li>\n<\/ul>\n<p><img decoding=\"async\" src=\"https:\/\/www.hydraulic-cylinders.net\/wp-content\/uploads\/2025\/04\/songte-chushion-collar.webp\" alt=\"Tyynykaulus\" \/><\/p>\n<h2>Turvallisuusn\u00e4k\u00f6kohdat ja ymp\u00e4rist\u00f6tekij\u00e4t<\/h2>\n<p>Hydraulisylinterien kanssa ty\u00f6skennelt\u00e4ess\u00e4 on t\u00e4rke\u00e4\u00e4 toteuttaa turvatoimenpiteit\u00e4 k\u00e4ytt\u00e4jien ja laitteiden suojaamiseksi. Turvallisuusprotokollien tulisi sis\u00e4lt\u00e4\u00e4 koulutus hydraulisten j\u00e4rjestelmien asianmukaisesta k\u00e4sittelyst\u00e4, mahdollisten vaarojen ymm\u00e4rt\u00e4misest\u00e4 ja h\u00e4t\u00e4tilanteiden toimintatapojen tunnistamisesta. Ymp\u00e4rist\u00f6tekij\u00e4t, kuten altistuminen \u00e4\u00e4rimm\u00e4isille l\u00e4mp\u00f6tiloille tai sy\u00f6vytt\u00e4ville aineille, on my\u00f6s otettava huomioon hydraulisten komponenttien suunnittelussa ja k\u00e4yt\u00f6ss\u00e4 optimaalisen toimivuuden ja pitk\u00e4ik\u00e4isyyden varmistamiseksi.<\/p>\n<h2>Vianm\u00e4\u00e4ritys ja yleiset ongelmat<\/h2>\n<ul>\n<li><strong>Vuoto:<\/strong> Yksi yleisimmist\u00e4 hydraulisylintereiden ongelmista on vuotava neste. T\u00e4m\u00e4n voivat aiheuttaa kuluneet tiivisteet tai vaurioituneet sylinterin pinnat. S\u00e4\u00e4nn\u00f6lliset tarkastukset ja tiivisteiden vaihtaminen ajallaan voivat lievent\u00e4\u00e4 t\u00e4t\u00e4 ongelmaa.<\/li>\n<li><strong>Suorituskyvyn heikkeneminen:<\/strong> Jos sylinteri ei reagoi ohjaimiin oikein, se voi viitata sis\u00e4iseen kulumiseen tai hydraulinesteen likaantumiseen. K\u00e4ytt\u00e4jien on suoritettava nesteen laadun tarkistuksia ja mahdollisesti huuhdeltava j\u00e4rjestelm\u00e4 tarvittaessa.<\/li>\n<li><strong>Ylikuumeneminen:<\/strong> Liiallinen kuumuus voi heikent\u00e4\u00e4 hydraulinestett\u00e4 ja vahingoittaa komponentteja. Asianmukaisen voitelun varmistaminen ja k\u00e4ytt\u00f6olosuhteiden valvonta voivat auttaa est\u00e4m\u00e4\u00e4n ylikuumenemisen.<\/li>\n<\/ul>\n<h2>Vianm\u00e4\u00e4ritysvinkkej\u00e4 ja -ratkaisuja<\/h2>\n<p>Hydraulisylinterien ongelmien tehokkaaseen diagnosointiin ja ratkaisemiseen kannattaa ottaa huomioon seuraavat vinkit:<\/p>\n<ul>\n<li>Vuotojen varalta tarkista ensin tiivisteet ja liitokset ja palauta toiminta vaihtamalla kaikki kuluneet osat. Varmista, ett\u00e4 kaikki komponentit on kiristetty valmistajan ohjeiden mukaisesti lis\u00e4vuotojen est\u00e4miseksi.<\/li>\n<li>Jos suorituskykyongelmia ilmenee, tarkista hydraulinesteen laatu ja harkitse j\u00e4rjestelm\u00e4n huuhtelua toimintaan mahdollisesti vaikuttavien ep\u00e4puhtauksien poistamiseksi.<\/li>\n<li>Tarkkaile hydraulij\u00e4rjestelm\u00e4n l\u00e4mp\u00f6tilaa k\u00e4yt\u00f6n aikana; jos ylikuumenee, tarkista voitelutasot ja tarkista, onko tukoksia, jotka voivat haitata nesteen virtausta.<\/li>\n<li>Toteuta ennaltaehk\u00e4isevi\u00e4 huoltotoimenpiteit\u00e4 tulevien ongelmien todenn\u00e4k\u00f6isyyden v\u00e4hent\u00e4miseksi, mukaan lukien s\u00e4\u00e4nn\u00f6lliset tarkastukset ja oikea-aikaiset korjaukset.<\/li>\n<\/ul>\n<p><img decoding=\"async\" src=\"https:\/\/www.hydraulic-cylinders.net\/wp-content\/uploads\/2025\/04\/songte-bushings-with-all-kinds-of-excavator-models.webp\" alt=\"Kaivinkoneen holkit\" \/><\/p>\n<h2>Tietoa yrityksest\u00e4mme<\/h2>\n<p>Olemme johtava hydraulisylintereiden valmistaja ja tukkumyyj\u00e4, joka on erikoistunut korkealaatuisten varaosien valmistukseen erilaisiin sovelluksiin. Kattava tuotevalikoimamme on tehnyt meist\u00e4 keskeisen toimijan sek\u00e4 kotimaisilla ett\u00e4 kansainv\u00e4lisill\u00e4 markkinoilla. Noudatamme erinomaista laatua hienostuneiden tuotannonohjausstrategioiden, teknisen asiantuntemuksen, edistyneiden valmistuslaitteiden ja ammattimaisten tarkastusj\u00e4rjestelmien avulla.<\/p>\n<p>Parannamme jatkuvasti valmistusymp\u00e4rist\u00f6\u00e4mme varmistaaksemme tuotteiden laadun ja innovaatiot, joita ohjaavat korkea tehokkuus, tarkkuus ja erinomainen laatu, jotta voimme vastata asiakkaidemme monipuolisiin tarpeisiin.<\/p>\n<p><img decoding=\"async\" src=\"https:\/\/www.hydraulic-cylinders.net\/wp-content\/uploads\/2025\/04\/songte-company-4.webp\" alt=\"Yrityskuva 1\" \/><br \/>\n<img decoding=\"async\" src=\"https:\/\/www.hydraulic-cylinders.net\/wp-content\/uploads\/2025\/04\/songte-company-3.webp\" alt=\"Yrityskuva 2\" \/><\/p>\n<p>Sitoutumisemme ammattimaisuuteen n\u00e4kyy edelleen kansainv\u00e4lisiss\u00e4 sertifikaateissamme, r\u00e4\u00e4t\u00e4l\u00f6idyiss\u00e4 palveluissamme, huippuluokan tuotantolaitteissamme ja omistautuneessa j\u00e4lkimarkkinointituessamme.<\/p>\n<p>Kirjoittaja: lyl<\/p>","protected":false},"excerpt":{"rendered":"<p>Boom Cylinder For Caterpillar Small Excavator E313D Understanding the Boom Cylinder The boom cylinder is a specialized hydraulic cylinder designed for controlling the movement of buckets in heavy machinery, such as excavators, backhoe loaders, and front loaders. It enables the bucket to lift, lower, and tilt, facilitating material handling tasks efficiently. In hydraulic systems, the [&hellip;]<\/p>","protected":false},"featured_media":17868,"comment_status":"open","ping_status":"closed","template":"","meta":{"_et_pb_use_builder":"","_et_pb_old_content":"","_et_gb_content_width":""},"product_brand":[],"product_cat":[1546],"product_tag":[1547,1496],"class_list":{"0":"post-18941","1":"product","2":"type-product","3":"status-publish","4":"has-post-thumbnail","6":"product_cat-boom-cylinders","7":"product_tag-boom-cylinders","8":"product_tag-hydraulic-cylinders","10":"first","11":"instock","12":"shipping-taxable","13":"product-type-simple"},"amp_enabled":true,"_links":{"self":[{"href":"https:\/\/www.hydraulic-cylinders.net\/fi\/wp-json\/wp\/v2\/product\/18941","targetHints":{"allow":["GET"]}}],"collection":[{"href":"https:\/\/www.hydraulic-cylinders.net\/fi\/wp-json\/wp\/v2\/product"}],"about":[{"href":"https:\/\/www.hydraulic-cylinders.net\/fi\/wp-json\/wp\/v2\/types\/product"}],"replies":[{"embeddable":true,"href":"https:\/\/www.hydraulic-cylinders.net\/fi\/wp-json\/wp\/v2\/comments?post=18941"}],"wp:featuredmedia":[{"embeddable":true,"href":"https:\/\/www.hydraulic-cylinders.net\/fi\/wp-json\/wp\/v2\/media\/17868"}],"wp:attachment":[{"href":"https:\/\/www.hydraulic-cylinders.net\/fi\/wp-json\/wp\/v2\/media?parent=18941"}],"wp:term":[{"taxonomy":"product_brand","embeddable":true,"href":"https:\/\/www.hydraulic-cylinders.net\/fi\/wp-json\/wp\/v2\/product_brand?post=18941"},{"taxonomy":"product_cat","embeddable":true,"href":"https:\/\/www.hydraulic-cylinders.net\/fi\/wp-json\/wp\/v2\/product_cat?post=18941"},{"taxonomy":"product_tag","embeddable":true,"href":"https:\/\/www.hydraulic-cylinders.net\/fi\/wp-json\/wp\/v2\/product_tag?post=18941"}],"curies":[{"name":"wp","href":"https:\/\/api.w.org\/{rel}","templated":true}]}}