{"id":18946,"date":"2025-04-07T06:03:36","date_gmt":"2025-04-07T06:03:36","guid":{"rendered":"https:\/\/www.hydraulic-cylinders.net\/product\/boom-cylinder-for-caterpillar-middle-excavator-e320dlrr\/"},"modified":"2025-04-07T06:03:38","modified_gmt":"2025-04-07T06:03:38","slug":"boom-cylinder-for-caterpillar-middle-excavator-e320dlrr","status":"publish","type":"product","link":"https:\/\/www.hydraulic-cylinders.net\/fi\/tuote\/boom-cylinder-for-caterpillar-middle-excavator-e320dlrr\/","title":{"rendered":"Puomin sylinteri Caterpillar-kaivinkoneelle E320DLRR"},"content":{"rendered":"<h1>Puomin sylinteri Caterpillar-kaivinkoneelle E320DLRR<\/h1>\n<h2>Puomin sylinterin yleiskatsaus<\/h2>\n<p>Puomin sylinteri on raskaiden koneiden hydrauliikkaj\u00e4rjestelmien t\u00e4rke\u00e4 osa, ja se on erityisesti suunniteltu ohjaamaan kaivinkoneen kauhojen liikett\u00e4. T\u00e4m\u00e4n tyyppinen hydraulisylinteri helpottaa kauhan nostamista, laskemista ja kallistusta, mik\u00e4 tekee siit\u00e4 v\u00e4ltt\u00e4m\u00e4tt\u00f6m\u00e4n materiaalink\u00e4sittelyteht\u00e4viss\u00e4 rakennusalalla ja muilla teollisuudenaloilla.<\/p>\n<p>Pohjimmiltaan puomisylinteri on hydraulisylinteri, joka tarjoaa tarkan ohjauksen ja tehon koneiden, kuten kaivinkoneiden, kaivinkoneiden ja etukuormaajien, kauhalle. N\u00e4iden sylinterien sujuva toiminta varmistaa tehokkaan kaivamisen, lastaamisen ja materiaalien kuljetuksen, mik\u00e4 parantaa tuottavuutta ty\u00f6mailla.<\/p>\n<p><img decoding=\"async\" src=\"https:\/\/www.hydraulic-cylinders.net\/wp-content\/uploads\/2025\/04\/songte-company-1.webp\" alt=\"Hydraulinen sylinteri\" \/><\/p>\n<h2>Puomin sylinterin ominaisuudet<\/h2>\n<ul>\n<li><strong>Korkea lujuus ja kest\u00e4vyys:<\/strong> N\u00e4m\u00e4 sylinterit on valmistettu lujasta ter\u00e4ksest\u00e4 tai alumiinista, ja ne kest\u00e4v\u00e4t korkeaa painetta ja raskaita kuormia, joten ne sopivat vaativiin ty\u00f6ymp\u00e4rist\u00f6ihin.<\/li>\n<li><strong>Tehokas hydraulinen k\u00e4ytt\u00f6:<\/strong> Hydraulisen \u00f6ljynpaineen ansiosta n\u00e4m\u00e4 sylinterit reagoivat ohjauskomentoihin nopeasti ja tuottavat tehokkaita ty\u00f6nt\u00f6- ja vetovoimia, jotka sopivat ihanteellisesti raskaiden materiaalien k\u00e4sittelyyn.<\/li>\n<li><strong>Erilaisia \u200b\u200btyyppej\u00e4:<\/strong> N\u00e4m\u00e4 sylinterit ovat saatavilla yksitoimisina (toimii yhteen suuntaan) tai kaksitoimisina (toimii molempiin suuntiin), ja ne t\u00e4ytt\u00e4v\u00e4t monenlaiset k\u00e4ytt\u00f6vaatimukset. Joissakin malleissa on teleskooppirakenne, joka mahdollistaa suuremman jatkeen ilman ulkomittojen kasvua, mik\u00e4 sopii t\u00e4ydellisesti ahtaisiin sovelluksiin.<\/li>\n<li><strong>Mukautusvaihtoehdot:<\/strong> Tuotteemme voivat t\u00e4ydellisesti korvata useita hydraulisylintereit\u00e4, mik\u00e4 vastaa projektien erityistarpeita ja suorituskykyvaatimuksia.<\/li>\n<\/ul>\n<p><img decoding=\"async\" src=\"https:\/\/www.hydraulic-cylinders.net\/wp-content\/uploads\/2025\/04\/songte-cylinder-head-with-all-kinds-excavator-models.webp\" alt=\"Kaivinkonemallit\" \/><\/p>\n<h2>Puomisylinterin sovellukset<\/h2>\n<h3>Rakennuslaitteet<\/h3>\n<p>Kaivinkoneissa puomin sylinterit ovat elint\u00e4rkeit\u00e4 kaivamisessa, lastaamisessa ja maaper\u00e4n tai roskien siirt\u00e4misess\u00e4. Ne mahdollistavat kauhan tunkeutumisen maahan, mik\u00e4 tekee kaivut\u00f6ist\u00e4 tehokkaita. Lis\u00e4ksi kaivurikuormaajissa n\u00e4m\u00e4 sylinterit auttavat paitsi kaivamisessa my\u00f6s nostamisessa, mik\u00e4 osoittaa niiden monipuolisuuden eri konetyypeiss\u00e4.<\/p>\n<h3>Maatalouskoneet<\/h3>\n<p>Etukuormaajissa puomisylintereit\u00e4 k\u00e4ytet\u00e4\u00e4n maan, hein\u00e4n ja muiden materiaalien kauhaukseen, nostamiseen ja kuljettamiseen. Niiden kest\u00e4v\u00e4 rakenne mahdollistaa raskaiden kuormien helpon k\u00e4sittelyn, mik\u00e4 parantaa tuottavuutta erilaisissa maatalousteht\u00e4viss\u00e4.<\/p>\n<h3>Kaivinkoneet<\/h3>\n<p>Kauhasylinteri mahdollistaa kaivinkoneiden tehokkaat kaivutoiminnot, koska kauha tunkeutuu maahan vaivattomasti. T\u00e4m\u00e4 toiminto on ratkaisevan t\u00e4rke\u00e4 rakennus- ja maanrakennust\u00f6iss\u00e4, sill\u00e4 se nopeuttaa t\u00f6iden valmistumista suurissa projekteissa.<\/p>\n<h3>Kuormaajat<\/h3>\n<p>Etukuormaajissa puomisylintereill\u00e4 on merkitt\u00e4v\u00e4 rooli materiaalien tehokkaassa nostamisessa ja tyhjent\u00e4misess\u00e4. Niiden toiminta varmistaa, ett\u00e4 raskaita kuormia voidaan k\u00e4sitell\u00e4 helposti, mik\u00e4 v\u00e4hent\u00e4\u00e4 lastausteht\u00e4vien suorittamiseen tarvittavaa aikaa ja vaivaa.<\/p>\n<h2>Suunnittelun\u00e4k\u00f6kohdat ja valintakriteerit<\/h2>\n<h3>Kantavuus<\/h3>\n<p>Puomisylinteri\u00e4 valittaessa kuormituskapasiteetti on ensiarvoisen t\u00e4rke\u00e4\u00e4. Sylinterin on kyett\u00e4v\u00e4 tukemaan kauhan ja sen k\u00e4sittelemien materiaalien enimm\u00e4ispainoa. Insin\u00f6\u00f6rien on laskettava eri toimintoihin liittyv\u00e4t voimat varmistaakseen, ett\u00e4 valittu sylinteri kest\u00e4\u00e4 kuormat vioittumatta.<\/p>\n<h3>Tiivistysmekanismit<\/h3>\n<p>Tehokas tiivistys on v\u00e4ltt\u00e4m\u00e4t\u00f6nt\u00e4 hydraulisylintereille nestevuotojen est\u00e4miseksi ja paineen yll\u00e4pit\u00e4miseksi. Tiivisteiden, kuten m\u00e4nn\u00e4ntiivisteiden ja varren tiivisteiden, valinnassa tulisi ottaa huomioon tekij\u00e4t, kuten k\u00e4ytt\u00f6l\u00e4mp\u00f6tila, paine ja nesteen yhteensopivuus. Asianmukainen tiivistys parantaa sylinterin suorituskyky\u00e4 ja pitk\u00e4ik\u00e4isyytt\u00e4.<\/p>\n<h3>Kest\u00e4vyys ja huolto<\/h3>\n<p>Kest\u00e4vyys on ratkaisevan t\u00e4rke\u00e4\u00e4 vaativissa olosuhteissa toimiville hydraulisylintereille. Materiaalien on kestett\u00e4v\u00e4 kulumista ja korroosiota. S\u00e4\u00e4nn\u00f6lliset huoltotoimenpiteet, kuten tarkastukset ja voitelu, ovat elint\u00e4rkeit\u00e4 sen varmistamiseksi, ett\u00e4 sylinteri pysyy optimaalisessa kunnossa ja toimii luotettavasti ajan kuluessa.<\/p>\n<h3>Turvaominaisuudet<\/h3>\n<p>Turvallisuusn\u00e4k\u00f6kohtiin kuuluu vikasietolaitteiden ja paineenalennusventtiilien sis\u00e4llytt\u00e4minen ylikuormitukselta suojaamiseksi. Valmistajien on suunniteltava sylinterit varautumalla \u00e4killisiin vikoihin onnettomuuksien est\u00e4miseksi k\u00e4yt\u00f6n aikana ja varmistamalla sek\u00e4 k\u00e4ytt\u00e4jien ett\u00e4 laitteiden turvallisuus.<\/p>\n<p><img decoding=\"async\" src=\"https:\/\/www.hydraulic-cylinders.net\/wp-content\/uploads\/2025\/04\/songte-oil-pipes-and-spare-parts.webp\" alt=\"\u00d6ljyputket ja varaosat\" \/><\/p>\n<h2>Tiivistys ja voitelu<\/h2>\n<p>Oikea tiivistys ja voitelu ovat ratkaisevan t\u00e4rkeit\u00e4 hydraulisylinterien suorituskyvylle. Erilaiset tiivisteet, kuten m\u00e4nn\u00e4n- ja varren tiivisteet, on tyypillisesti valmistettu kulutusta kest\u00e4vist\u00e4 materiaaleista, kuten polyuretaanista ja nitriilikumista, mik\u00e4 varmistaa pitk\u00e4n k\u00e4ytt\u00f6i\u00e4n ja luotettavuuden. Sylinterin rungon ja kierteitettyjen p\u00e4iden pinnat ty\u00f6stet\u00e4\u00e4n tarkasti kulutuskest\u00e4vyyden parantamiseksi. S\u00e4\u00e4nn\u00f6llinen voitelu hydrauli\u00f6ljyll\u00e4 on v\u00e4ltt\u00e4m\u00e4t\u00f6nt\u00e4 j\u00e4rjestelm\u00e4n sujuvan toiminnan varmistamiseksi ja kulumisen est\u00e4miseksi.<\/p>\n<h2>S\u00e4\u00e4nn\u00f6lliset tarkastukset ja ennaltaehk\u00e4isev\u00e4 huolto<\/h2>\n<ul>\n<li><strong>Rutiinitarkastukset:<\/strong> S\u00e4\u00e4nn\u00f6lliset vuotojen, kulumisen ja vaurioiden tarkastukset auttavat tunnistamaan mahdolliset ongelmat ennen kuin ne pahenevat, varmistaen sylinterin tehokkaan toiminnan.<\/li>\n<li><strong>Voitelun huolto:<\/strong> Riitt\u00e4v\u00e4 voitelu on v\u00e4ltt\u00e4m\u00e4t\u00f6nt\u00e4; k\u00e4ytt\u00e4jien tulee noudattaa valmistajan ohjeita \u00f6ljytyypeist\u00e4 ja -v\u00e4leist\u00e4 optimaalisen suorituskyvyn yll\u00e4pit\u00e4miseksi.<\/li>\n<li><strong>Tiivisteen vaihto:<\/strong> Tiivisteet tulee tarkastaa ja vaihtaa tarvittaessa hydraulinesteen vuotojen est\u00e4miseksi ja j\u00e4rjestelm\u00e4n eheyden ja suorituskyvyn yll\u00e4pit\u00e4miseksi.<\/li>\n<\/ul>\n<h2>Asennusohjeet<\/h2>\n<p>Oikea asennus on ratkaisevan t\u00e4rke\u00e4\u00e4 puomin sylinterin tehokkaan toiminnan kannalta. Aloita varmistamalla, ett\u00e4 kiinnityspinnat ovat puhtaat ja roskattomat. Kohdista sylinteri tarkasti kiinnityspisteisiin, jotta v\u00e4ltyt virhekohdista, jotka voivat aiheuttaa ennenaikaista kulumista. On suositeltavaa k\u00e4ytt\u00e4\u00e4 sopivia kiinnitystelineit\u00e4 sylinterin kiinnitt\u00e4miseksi tukevasti. Noudata valmistajan asennusohjeita ja kiristysmomentteja varmistaaksesi, ett\u00e4 kaikki liitokset ovat tukevasti kiinni. Asennuksen j\u00e4lkeen suorita perusteellinen tarkastus varmistaaksesi, ett\u00e4 kaikki komponentit toimivat tarkoitetulla tavalla, ja aloita koeajo varmistaaksesi toiminnan eheyden.<\/p>\n<h2>Yleiset huoltoteht\u00e4v\u00e4t<\/h2>\n<ul>\n<li><strong>S\u00e4\u00e4nn\u00f6lliset tarkastukset:<\/strong> Tarkista s\u00e4\u00e4nn\u00f6llisesti kuluminen ja repe\u00e4m\u00e4t varmistaaksesi turvallisuuden ja toimivuuden.<\/li>\n<li><strong>Oikea voitelu:<\/strong> Varmista, ett\u00e4 hydrauliikka\u00f6ljy\u00e4 lis\u00e4t\u00e4\u00e4n tarvittaessa k\u00e4ytt\u00e4en valmistajan suosittelemaa oikeaa tyyppi\u00e4.<\/li>\n<li><strong>Tiivisteen vaihto:<\/strong> Tarkkaile tiivisteiden kuntoa ja vaihda ne vuotojen est\u00e4miseksi ja suorituskyvyn yll\u00e4pit\u00e4miseksi.<\/li>\n<\/ul>\n<h2>Turvallisuusn\u00e4k\u00f6kohdat ja ymp\u00e4rist\u00f6tekij\u00e4t<\/h2>\n<p>Hydraulisylintereit\u00e4 k\u00e4ytett\u00e4ess\u00e4 turvallisuuden varmistaminen on ensiarvoisen t\u00e4rke\u00e4\u00e4. K\u00e4ytt\u00e4j\u00e4t tulee kouluttaa ymm\u00e4rt\u00e4m\u00e4\u00e4n hydraulij\u00e4rjestelmiin liittyv\u00e4t riskit. Asianmukaiset turvatoimenpiteet, kuten suojavarusteiden k\u00e4ytt\u00f6 ja k\u00e4ytt\u00f6ohjeiden noudattaminen, ovat olennaisia \u200b\u200bonnettomuuksien ehk\u00e4isemiseksi. Lis\u00e4ksi on noudatettava ymp\u00e4rist\u00f6n\u00e4k\u00f6kohtia, kuten hydraulinesteiden ja -materiaalien asianmukaista h\u00e4vitt\u00e4mist\u00e4, sek\u00e4 ty\u00f6ntekij\u00f6iden ett\u00e4 ymp\u00e4rist\u00f6n suojelemiseksi.<\/p>\n<h2>Vianm\u00e4\u00e4ritys ja yleiset ongelmat<\/h2>\n<ul>\n<li><strong>Nestevuodot:<\/strong> Tarkista tiivisteet ja liittimet kulumisen tai vaurioiden varalta. Kuluneet tiivisteet johtavat usein vuotoihin, jotka vaativat vaihtamista.<\/li>\n<li><strong>Huono suorituskyky:<\/strong> Tarkista hydraulinesteen m\u00e4\u00e4r\u00e4t ja laatu; alhainen tai likaantunut \u00f6ljy voi haitata sylinterin toimintaa. Varmista hydraulinesteen asianmukainen huolto.<\/li>\n<li><strong>Ylikuumeneminen:<\/strong> Seuraa k\u00e4ytt\u00f6l\u00e4mp\u00f6tiloja; ylikuumeneminen voi viitata liialliseen kuormitukseen tai riitt\u00e4m\u00e4tt\u00f6m\u00e4\u00e4n voiteluun, mik\u00e4 vaatii v\u00e4lit\u00f6nt\u00e4 huomiota.<\/li>\n<\/ul>\n<h2>Diagnoosi ja ennaltaehk\u00e4isev\u00e4t toimenpiteet<\/h2>\n<p>Mahdollisten ongelmien minimoimiseksi on t\u00e4rke\u00e4\u00e4 toteuttaa ennaltaehk\u00e4isevi\u00e4 toimenpiteit\u00e4 ennakoivasti. S\u00e4\u00e4nn\u00f6llinen huolto, mukaan lukien tarkastukset ja voitelut, auttaa tunnistamaan ongelmat varhaisessa vaiheessa. K\u00e4ytt\u00e4jien kouluttaminen toimintah\u00e4iri\u00f6iden oireiden tunnistamiseen voi merkitt\u00e4v\u00e4sti v\u00e4hent\u00e4\u00e4 seisokkiaikoja ja huoltokustannuksia varmistaen hydraulij\u00e4rjestelm\u00e4n tehokkaan toiminnan.<\/p>\n<p><img decoding=\"async\" src=\"https:\/\/www.hydraulic-cylinders.net\/wp-content\/uploads\/2025\/04\/songte-bushings-with-all-kinds-of-excavator-models.webp\" alt=\"Kaivinkoneen holkit\" \/><\/p>\n<h2>Yrityksen esittely<\/h2>\n<p>Olemme johtava hydraulisten sylinterien valmistaja, joka on omistautunut tarjoamaan kattavan tuotevalikoiman. Sitoutumisemme huippuosaamiseen on tehnyt meist\u00e4 merkitt\u00e4v\u00e4n toimijan sek\u00e4 kotimaisilla ett\u00e4 kansainv\u00e4lisill\u00e4 markkinoilla. Keskitymme ensiluokkaiseen laatuun ja k\u00e4yt\u00e4mme edistyneit\u00e4 valmistuksenohjausstrategioita. Hy\u00f6dynt\u00e4m\u00e4ll\u00e4 ammattitaitoista teknist\u00e4 henkil\u00f6st\u00f6\u00e4, huippuluokan digitaalisia valmistuslaitteita ja ammattimaisia \u200b\u200btestausj\u00e4rjestelmi\u00e4 parannamme jatkuvasti tuotantokapasiteettiamme. Painopisteemme tehokkuudessa, tarkkuudessa ja laadussa varmistaa, ett\u00e4 t\u00e4yt\u00e4mme asiakkaidemme monipuoliset tarpeet erinomaisilla tuotteilla.<\/p>\n<p>Yrityksemme erottuu edukseen ammattitaidon, kansainv\u00e4listen sertifikaattien ja r\u00e4\u00e4t\u00e4l\u00f6ityjen palveluiden ansiosta. K\u00e4yt\u00e4mme edistyneit\u00e4 tuotantolaitteita ja tarjoamme poikkeuksellista j\u00e4lkimarkkinointitukea varmistaen asiakastyytyv\u00e4isyyden jokaisessa vaiheessa.<\/p>\n<p><img decoding=\"async\" src=\"https:\/\/www.hydraulic-cylinders.net\/wp-content\/uploads\/2025\/04\/songte-company-4.webp\" alt=\"Yrityskuva 1\" \/><br \/>\n<img decoding=\"async\" src=\"https:\/\/www.hydraulic-cylinders.net\/wp-content\/uploads\/2025\/04\/songte-company-3.webp\" alt=\"Yrityskuva 2\" \/><\/p>\n<p>Kirjoittaja: lyl<\/p>","protected":false},"excerpt":{"rendered":"<p>Boom Cylinder For Caterpillar Middle Excavator E320DLRR Overview of Boom Cylinder The Boom Cylinder is a crucial component in the hydraulic systems of heavy machinery, specifically designed for controlling the movement of excavator buckets. This type of hydraulic cylinder facilitates the lifting, lowering, and tilting of the bucket, making it essential for material handling tasks [&hellip;]<\/p>","protected":false},"featured_media":17873,"comment_status":"open","ping_status":"closed","template":"","meta":{"_et_pb_use_builder":"","_et_pb_old_content":"","_et_gb_content_width":""},"product_brand":[],"product_cat":[1546],"product_tag":[1547,1496],"class_list":{"0":"post-18946","1":"product","2":"type-product","3":"status-publish","4":"has-post-thumbnail","6":"product_cat-boom-cylinders","7":"product_tag-boom-cylinders","8":"product_tag-hydraulic-cylinders","10":"first","11":"instock","12":"shipping-taxable","13":"product-type-simple"},"amp_enabled":true,"_links":{"self":[{"href":"https:\/\/www.hydraulic-cylinders.net\/fi\/wp-json\/wp\/v2\/product\/18946","targetHints":{"allow":["GET"]}}],"collection":[{"href":"https:\/\/www.hydraulic-cylinders.net\/fi\/wp-json\/wp\/v2\/product"}],"about":[{"href":"https:\/\/www.hydraulic-cylinders.net\/fi\/wp-json\/wp\/v2\/types\/product"}],"replies":[{"embeddable":true,"href":"https:\/\/www.hydraulic-cylinders.net\/fi\/wp-json\/wp\/v2\/comments?post=18946"}],"wp:featuredmedia":[{"embeddable":true,"href":"https:\/\/www.hydraulic-cylinders.net\/fi\/wp-json\/wp\/v2\/media\/17873"}],"wp:attachment":[{"href":"https:\/\/www.hydraulic-cylinders.net\/fi\/wp-json\/wp\/v2\/media?parent=18946"}],"wp:term":[{"taxonomy":"product_brand","embeddable":true,"href":"https:\/\/www.hydraulic-cylinders.net\/fi\/wp-json\/wp\/v2\/product_brand?post=18946"},{"taxonomy":"product_cat","embeddable":true,"href":"https:\/\/www.hydraulic-cylinders.net\/fi\/wp-json\/wp\/v2\/product_cat?post=18946"},{"taxonomy":"product_tag","embeddable":true,"href":"https:\/\/www.hydraulic-cylinders.net\/fi\/wp-json\/wp\/v2\/product_tag?post=18946"}],"curies":[{"name":"wp","href":"https:\/\/api.w.org\/{rel}","templated":true}]}}