{"id":18952,"date":"2025-04-07T06:03:52","date_gmt":"2025-04-07T06:03:52","guid":{"rendered":"https:\/\/www.hydraulic-cylinders.net\/product\/boom-cylinder-for-caterpillar-middle-excavator-e325bl325c\/"},"modified":"2025-04-07T06:03:54","modified_gmt":"2025-04-07T06:03:54","slug":"boom-cylinder-for-caterpillar-middle-excavator-e325bl325c","status":"publish","type":"product","link":"https:\/\/www.hydraulic-cylinders.net\/fi\/tuote\/boom-cylinder-for-caterpillar-middle-excavator-e325bl325c\/","title":{"rendered":"Puomin sylinteri Caterpillar-kaivinkoneelle E325BL325C"},"content":{"rendered":"<h1>Puomin sylinteri Caterpillar-kaivinkoneelle E325BL325C<\/h1>\n<h2>Johdatus puomin sylinteriin<\/h2>\n<p>Puomin sylinteri on hydrauliikkaj\u00e4rjestelmien t\u00e4rke\u00e4 osa, joka on erityisesti suunniteltu raskaille koneille. Se ohjaa kauhan liikett\u00e4 kaivinkoneissa, kaivurikuormaajissa ja etukuormaajissa. Sylinterin ensisijainen teht\u00e4v\u00e4 on helpottaa kauhan nostamista, laskemista ja kallistusta, mik\u00e4 tekee materiaalink\u00e4sittelyteht\u00e4vist\u00e4 tehokkaita ja tuloksellisia. T\u00e4m\u00e4 hydraulisylinteri toimii muuntamalla hydraulipaineen mekaaniseksi liikkeeksi, jolloin k\u00e4ytt\u00e4j\u00e4t voivat k\u00e4sitell\u00e4 raskaita kuormia tarkasti.<\/p>\n<p><img decoding=\"async\" src=\"https:\/\/www.hydraulic-cylinders.net\/wp-content\/uploads\/2025\/04\/songte-company-1.webp\" alt=\"Puomin sylinteri\" \/><\/p>\n<h3>Puomin sylinterin t\u00e4rkeimm\u00e4t ominaisuudet<\/h3>\n<ul>\n<li><strong>Korkea lujuus ja kest\u00e4vyys:<\/strong> N\u00e4m\u00e4 sylinterit on valmistettu eritt\u00e4in lujasta ter\u00e4ksest\u00e4 tai alumiinista, ja ne kest\u00e4v\u00e4t korkeaa painetta ja raskaita kuormia, joten ne sopivat vaativiin ty\u00f6ymp\u00e4rist\u00f6ihin.<\/li>\n<li><strong>Tehokas hydraulinen k\u00e4ytt\u00f6:<\/strong> Ne hy\u00f6dynt\u00e4v\u00e4t hydrauli\u00f6ljyn painetta tasaisen ulos- ja sis\u00e4\u00e4nvedon saavuttamiseksi, reagoiden nopeasti k\u00e4ytt\u00e4j\u00e4n komentoihin ja tarjoten samalla merkitt\u00e4v\u00e4\u00e4 ty\u00f6nt\u00f6- ja vetovoimaa.<\/li>\n<li><strong>Erilaisia \u200b\u200btyyppej\u00e4:<\/strong> Saatavilla yksi- tai kaksitoimisina vaihtoehtoina, joten k\u00e4ytt\u00e4j\u00e4t voivat valita k\u00e4ytt\u00f6tarpeidensa mukaan. Jotkut mallit ovat teleskooppisia, mik\u00e4 tarjoaa suuremman jatkeen ilman ulkomittojen kasvua.<\/li>\n<li><strong>Mukautettu valmistus:<\/strong> Tuotantokykymme takaavat, ett\u00e4 voimme valmistaa sylintereit\u00e4, jotka korvaavat t\u00e4ydellisesti olemassa olevat hydrauliikkakomponentit ja parantavat yhteensopivuutta erilaisten koneiden kanssa.<\/li>\n<li><strong>Korroosionkest\u00e4vyys:<\/strong> Suunniteltu kulumista ja korroosiota kest\u00e4vist\u00e4 materiaaleista, mik\u00e4 pident\u00e4\u00e4 sylinterin k\u00e4ytt\u00f6ik\u00e4\u00e4 ja yll\u00e4pit\u00e4\u00e4 suorituskyky\u00e4 haastavissa olosuhteissa.<\/li>\n<\/ul>\n<p><img decoding=\"async\" src=\"https:\/\/www.hydraulic-cylinders.net\/wp-content\/uploads\/2025\/04\/songte-cylinder-head-with-all-kinds-excavator-models.webp\" alt=\"Kaivinkoneen malli\" \/><\/p>\n<h2>Puomisylinterin sovellukset<\/h2>\n<h3>Rakennuslaitteet<\/h3>\n<p>Rakennusalalla puomisylinterit ovat olennainen osa kaivinkoneita, ja ne helpottavat kaivamista, lastaamista ja maaper\u00e4n tai roskien kuljetusta. Kauhasylinterin tehokas toiminta mahdollistaa nopeat ja tarkat liikkeet, jotka ovat olennaisia \u200b\u200brakennusty\u00f6mailla, joissa aika ja tarkkuus ovat kriittisi\u00e4. Lis\u00e4ksi kaivurikuormaajissa puomisylinteri avustaa sek\u00e4 kaivamisessa ett\u00e4 nostamisessa, mik\u00e4 tekee siit\u00e4 monipuolisen komponentin erilaisiin teht\u00e4viin.<\/p>\n<h3>Maatalouskoneet<\/h3>\n<p>Puomisylintereill\u00e4 varustetut etukuormaajat ovat ratkaisevan t\u00e4rkeit\u00e4 maatalousteht\u00e4viss\u00e4, kuten mullan, hein\u00e4n ja muiden materiaalien kauhomisessa, nostamisessa ja kuljetuksessa. Kauhan tehokas k\u00e4sittely parantaa maatilojen tuottavuutta, koska kuljettajat voivat nopeasti lastata ja purkaa materiaaleja, mik\u00e4 varmistaa tehokkaan ty\u00f6nkulun istutus- ja sadonkorjuukausien aikana.<\/p>\n<h3>Kaivinkoneet<\/h3>\n<p>Kaivinkoneet k\u00e4ytt\u00e4v\u00e4t puomisylintereit\u00e4 tunkeutuakseen tehokkaasti maaper\u00e4\u00e4n kaivut\u00f6iss\u00e4. Hydraulinen toiminta mahdollistaa kauhan kaivamisen syv\u00e4lle maahan, mik\u00e4 helpottaa maan siirt\u00e4mist\u00e4 ja ty\u00f6maan valmistelua. T\u00e4m\u00e4 ominaisuus on elint\u00e4rke\u00e4 rakennus-, maisemointi- ja kaivosprojekteissa, joissa vaaditaan tarkkaa kaivamista.<\/p>\n<h3>Kuormaajat<\/h3>\n<p>Etukuormaajissa puomin sylinterit ovat v\u00e4ltt\u00e4m\u00e4tt\u00f6mi\u00e4 kuormien tehokkaalle nostamiselle ja tyhjent\u00e4miselle. Niiden avulla k\u00e4ytt\u00e4j\u00e4t voivat nostaa raskaita materiaaleja ja sijoittaa ne tarkasti tarvittavaan paikkaan, mik\u00e4 parantaa toiminnan tehokkuutta ja v\u00e4hent\u00e4\u00e4 materiaalien manuaalista k\u00e4sittely\u00e4.<\/p>\n<h2>Suunnittelun\u00e4k\u00f6kohdat ja valintakriteerit<\/h2>\n<h3>Kantavuus<\/h3>\n<p>Puomisylinteri\u00e4 valittaessa on ratkaisevan t\u00e4rke\u00e4\u00e4 ymm\u00e4rt\u00e4\u00e4 kuormituskapasiteetti. Sylinterin on kyett\u00e4v\u00e4 k\u00e4sittelem\u00e4\u00e4n siihen k\u00e4yt\u00f6n aikana kohdistuva enimm\u00e4ispaino. Valmistajat antavat usein yksityiskohtaiset tiedot kuormitusrajoista, jotta k\u00e4ytt\u00e4j\u00e4t voivat valita koneisiinsa sopivan sylinterin.<\/p>\n<h3>Tiivistyskyky<\/h3>\n<p>Tehokas tiivistys on v\u00e4ltt\u00e4m\u00e4t\u00f6nt\u00e4 hydraulisylinterien pitk\u00e4ik\u00e4isyydelle. Se est\u00e4\u00e4 hydraulinesteen vuotamisen, joka voi johtaa suorituskykyongelmiin ja ymp\u00e4rist\u00f6vaaroihin. Kest\u00e4vist\u00e4 materiaaleista valmistetut korkealaatuiset tiivisteet ovat ratkaisevan t\u00e4rkeit\u00e4 paineen yll\u00e4pit\u00e4miseksi sylinteriss\u00e4. Tiivisteiden eheyden s\u00e4\u00e4nn\u00f6lliset tarkastukset ovat suositeltavaa kalliiden korjausten v\u00e4ltt\u00e4miseksi.<\/p>\n<h3>Kest\u00e4vyys<\/h3>\n<p>Puomisylinterin kest\u00e4vyys m\u00e4\u00e4r\u00e4ytyy sen rakenteessa k\u00e4ytettyjen materiaalien ja suunnitteluominaisuuksien mukaan. Korkealaatuinen ter\u00e4s tai alumiini yhdistettyn\u00e4 suojapinnoitteisiin parantaa kulumiskest\u00e4vyytt\u00e4 ja pident\u00e4\u00e4 sylinterin k\u00e4ytt\u00f6ik\u00e4\u00e4. K\u00e4ytt\u00e4j\u00e4n tulee arvioida ty\u00f6ymp\u00e4rist\u00f6 varmistaakseen, ett\u00e4 valittu sylinteri kest\u00e4\u00e4 asiaankuuluvat olosuhteet.<\/p>\n<h3>Turvaominaisuudet<\/h3>\n<p>Turvallisuusn\u00e4k\u00f6kohdat puomisylinterien suunnittelussa ovat ensiarvoisen t\u00e4rkeit\u00e4. Paineenalennusventtiilien kaltaiset ominaisuudet auttavat est\u00e4m\u00e4\u00e4n ylikuormitusta, joka voi johtaa katastrofaalisiin vikoihin. N\u00e4iden turvamekanismien ymm\u00e4rt\u00e4minen antaa k\u00e4ytt\u00e4jille mahdollisuuden k\u00e4ytt\u00e4\u00e4 koneita luottavaisin mielin tiet\u00e4en, ett\u00e4 vikaantumisriski on minimoitu.<\/p>\n<h3>Huolto Esteett\u00f6myys<\/h3>\n<p>Sylinterin suunnittelu helpoksi huollettavaksi on olennaista. Helppop\u00e4\u00e4syiset osat mahdollistavat rutiinitarkastusten ja korjausten suorittamisen minimaalisilla seisokkiajoilla. K\u00e4ytt\u00e4j\u00e4n tulisi etsi\u00e4 sylintereit\u00e4, joissa tiivisteisiin, voitelukohtiin ja muihin kriittisiin komponentteihin on helppo p\u00e4\u00e4st\u00e4 k\u00e4siksi.<\/p>\n<p><img decoding=\"async\" src=\"https:\/\/www.hydraulic-cylinders.net\/wp-content\/uploads\/2025\/04\/songte-oil-pipes-and-spare-parts.webp\" alt=\"Hydrauliset osat\" \/><\/p>\n<h2>Sylinterin tiivistys ja voitelu<\/h2>\n<p>Tehokas tiivistys ja voitelu ovat ratkaisevan t\u00e4rkeit\u00e4 puomin sylinterin suorituskyvylle. Hydrauli\u00f6ljyn vuotojen est\u00e4miseksi k\u00e4ytet\u00e4\u00e4n erilaisia \u200b\u200btiivisteit\u00e4, kuten m\u00e4nn\u00e4ntiivisteit\u00e4 ja varren tiivisteit\u00e4. Polyuretaanista ja nitriilikumista valmistetut tiivisteet valitaan niiden kulutuskest\u00e4vyyden ja kest\u00e4vyyden vuoksi.<\/p>\n<p>Sylinterin rungon ja kierteitettyjen p\u00e4iden tarkka ty\u00f6st\u00f6 parantaa kulutuskest\u00e4vyytt\u00e4 ja tiivistystehokkuutta. S\u00e4\u00e4nn\u00f6llinen voitelu sopivalla hydrauliikka\u00f6ljyll\u00e4 on v\u00e4ltt\u00e4m\u00e4t\u00f6nt\u00e4 sujuvan toiminnan varmistamiseksi ja kitkasta johtuvien vaurioiden est\u00e4miseksi, jotka voivat johtaa sylinterin ennenaikaiseen vikaantumiseen.<\/p>\n<h2>Ennaltaehk\u00e4isev\u00e4t huoltotoimenpiteet<\/h2>\n<ul>\n<li><strong>S\u00e4\u00e4nn\u00f6lliset tarkastukset:<\/strong> Suorita rutiinitarkastukset tiivisteiden, sylinterinkankien ja sylinterin rungon kulumisen tai vaurioiden varalta. Ongelmien varhainen havaitseminen voi est\u00e4\u00e4 kalliita korjauksia.<\/li>\n<li><strong>Nopea voitelu:<\/strong> Varmista, ett\u00e4 hydrauliikka\u00f6ljyn taso pysyy tasaisena, ja voitele sylinteri valmistajan ohjeiden mukaisesti sujuvan toiminnan varmistamiseksi.<\/li>\n<li><strong>Tiivisteen vaihto:<\/strong> Vaihda tiivisteet s\u00e4\u00e4nn\u00f6llisesti kulumisen ja k\u00e4yt\u00f6n mukaan sylinterin eheyden yll\u00e4pit\u00e4miseksi ja vuotojen est\u00e4miseksi.<\/li>\n<\/ul>\n<h2>Asennusohjeet<\/h2>\n<p>Puomisylinterin oikea asennus on ratkaisevan t\u00e4rke\u00e4\u00e4 sen suorituskyvyn ja pitk\u00e4n k\u00e4ytt\u00f6i\u00e4n kannalta. Aloita varmistamalla, ett\u00e4 kiinnityspisteet ovat puhtaat ja roskattomat. Kohdista sylinteri oikein sek\u00e4 koneen ett\u00e4 kauhan kanssa, jotta komponentteihin ei kohdistu tarpeetonta rasitusta. Sopivien kiinnitystelineiden k\u00e4ytt\u00e4minen sylinterin kiinnitt\u00e4miseen paikalleen voi est\u00e4\u00e4 sen liikkumisen k\u00e4yt\u00f6n aikana.<\/p>\n<p>Asennuksen j\u00e4lkeen varmista, ett\u00e4 hydrauliset liit\u00e4nn\u00e4t ovat tukevasti kiinni ja vuotamattomat. Asennuksen j\u00e4lkeen on suositeltavaa k\u00e4ytt\u00e4\u00e4 j\u00e4rjestelm\u00e4\u00e4 alhaisella paineella, jotta voidaan tarkistaa sen asianmukainen toiminta ennen t\u00e4ytt\u00e4 k\u00e4ytt\u00f6\u00e4. Tutustu sylinterin s\u00e4\u00e4t\u00f6mekanismeihin varmistaaksesi optimaalisen suorituskyvyn k\u00e4yt\u00f6n aikana.<\/p>\n<h2>Yleiset huoltoteht\u00e4v\u00e4t<\/h2>\n<ul>\n<li><strong>S\u00e4\u00e4nn\u00f6lliset tarkastukset:<\/strong> Suorita s\u00e4\u00e4nn\u00f6llisi\u00e4 tarkastuksia kulumisen tai vaurioiden havaitsemiseksi. T\u00e4m\u00e4 sis\u00e4lt\u00e4\u00e4 tiivisteiden, sylinterin varsien ja sylinterin yleisen eheyden tarkistamisen.<\/li>\n<li><strong>Asianmukainen voitelu:<\/strong> Pid\u00e4 hydrauliikka\u00f6ljyn m\u00e4\u00e4r\u00e4 riitt\u00e4v\u00e4n\u00e4 ja voitele komponentit valmistajan suositusten mukaisesti tehokkaan toiminnan varmistamiseksi.<\/li>\n<li><strong>Tiivisteen vaihto:<\/strong> Laadi rutiini tiivisteiden tarkastamiseen ja vaihtamiseen vuotojen est\u00e4miseksi ja j\u00e4rjestelm\u00e4n paineen yll\u00e4pit\u00e4miseksi varmistaen sylinterin tehokkaan toiminnan.<\/li>\n<\/ul>\n<h2>Turvallisuusn\u00e4k\u00f6kohdat ja ymp\u00e4rist\u00f6tekij\u00e4t<\/h2>\n<p>Hydraulisylinterien kanssa ty\u00f6skennelt\u00e4ess\u00e4 on eritt\u00e4in t\u00e4rke\u00e4\u00e4 toteuttaa turvatoimenpiteit\u00e4. K\u00e4ytt\u00e4jien on k\u00e4ytett\u00e4v\u00e4 asianmukaisia \u200b\u200bhenkil\u00f6nsuojaimia ja varmistettava, ett\u00e4 koneita k\u00e4ytet\u00e4\u00e4n niiden m\u00e4\u00e4riteltyjen rajojen mukaisesti. Ymp\u00e4rist\u00f6n\u00e4k\u00f6kohdat, kuten mahdolliset hydraulinesteiden vuodot, on otettava huomioon, ja korostettava vuotojen ehk\u00e4isyn ja hydraulinesteiden asianmukaisten h\u00e4vitysmenetelmien merkityst\u00e4.<\/p>\n<h2>Vianm\u00e4\u00e4ritys ja yleiset ongelmat<\/h2>\n<ul>\n<li><strong>Vuoto:<\/strong> Jos havaitset merkkej\u00e4 hydraulinesteen vuodosta, tarkista tiivisteet ja liitokset vaurioiden tai kulumisen varalta. Tiivisteiden vaihtaminen tai liitosten kirist\u00e4minen voi usein ratkaista ongelman.<\/li>\n<li><strong>Huono suorituskyky:<\/strong> Jos sylinteri ei reagoi odotetulla tavalla, tarkista hydraulinesteen tasot ja varmista, ettei hydrauliletkuissa ole tukoksia.<\/li>\n<li><strong>Liiallinen melu:<\/strong> Ep\u00e4tavalliset \u00e4\u00e4net k\u00e4yt\u00f6n aikana voivat viitata sis\u00e4iseen kulumiseen tai toimintah\u00e4iri\u00f6\u00f6n. S\u00e4\u00e4nn\u00f6llinen huolto ja tarkastukset voivat auttaa tunnistamaan mahdolliset ongelmat ennen kuin ne pahenevat.<\/li>\n<\/ul>\n<p>Ennaltaehk\u00e4isevien toimenpiteiden toteuttaminen ja ongelmien nopea ratkaiseminen voivat minimoida seisokkiajat ja pident\u00e4\u00e4 puomin sylinterin k\u00e4ytt\u00f6ik\u00e4\u00e4.<\/p>\n<p><img decoding=\"async\" src=\"https:\/\/www.hydraulic-cylinders.net\/wp-content\/uploads\/2025\/04\/songte-bushings-with-all-kinds-of-excavator-models.webp\" alt=\"Kaivinkoneen holkit\" \/><\/p>\n<h2>Yrityksen yleiskatsaus<\/h2>\n<p>Olemme johtava vaihtoehtoisten hydraulisylintereiden valmistaja ja tukkumyyj\u00e4. Monipuolinen tuotevalikoimamme asettaa meid\u00e4t eturintamaan sek\u00e4 kotimaisilla ett\u00e4 kansainv\u00e4lisill\u00e4 markkinoilla. Sitoutumisemme huippuosaamiseen perustuu hienostuneeseen tuotannonohjausstrategiaan, joka varmistaa korkealaatuisen valmistuksen. Hy\u00f6dynn\u00e4mme edistynytt\u00e4 teknologiaa, ammattitaitoista henkil\u00f6st\u00f6\u00e4 ja kattavaa laadunvalvontaj\u00e4rjestelm\u00e4\u00e4 parantaaksemme valmistuskyky\u00e4mme.<\/p>\n<p>Erikoistumisemme r\u00e4\u00e4t\u00e4l\u00f6ityihin hydrauliikkaratkaisuihin antaa meille mahdollisuuden vastata tehokkaasti erilaisiin asiakastarpeisiin. Kansainv\u00e4liset sertifikaatit osoittavat sitoutumisemme globaaleihin standardeihin, ja omistautunut j\u00e4lkimarkkinointipalvelumme varmistaa asiakastyytyv\u00e4isyyden. Investoimme jatkuvasti huippuluokan valmistuslaitteisiin ja innovatiivisiin prosesseihin tarjotaksemme asiakkaillemme tehokkaita, tarkkoja ja korkealaatuisia hydrauliikkatuotteita, jotka on r\u00e4\u00e4t\u00e4l\u00f6ity heid\u00e4n tarpeisiinsa.<\/p>\n<p><img decoding=\"async\" src=\"https:\/\/www.hydraulic-cylinders.net\/wp-content\/uploads\/2025\/04\/songte-company-4.webp\" alt=\"Yrityksen tuotanto\" \/><br \/>\n<img decoding=\"async\" src=\"https:\/\/www.hydraulic-cylinders.net\/wp-content\/uploads\/2025\/04\/songte-company-3.webp\" alt=\"Yrityksen toimitila\" \/><\/p>\n<p>Kirjoittaja: lyl<\/p>","protected":false},"excerpt":{"rendered":"<p>Boom Cylinder For Caterpillar Middle Excavator E325BL325C Introduction to Boom Cylinder The boom cylinder is a vital component in hydraulic systems, specifically designed for heavy machinery. It controls the movement of the bucket in excavators, backhoe loaders, and front-end loaders. The cylinder&#8217;s primary function is to facilitate the lifting, lowering, and tilting of the bucket, [&hellip;]<\/p>","protected":false},"featured_media":17879,"comment_status":"open","ping_status":"closed","template":"","meta":{"_et_pb_use_builder":"","_et_pb_old_content":"","_et_gb_content_width":""},"product_brand":[],"product_cat":[1546],"product_tag":[1547,1496],"class_list":{"0":"post-18952","1":"product","2":"type-product","3":"status-publish","4":"has-post-thumbnail","6":"product_cat-boom-cylinders","7":"product_tag-boom-cylinders","8":"product_tag-hydraulic-cylinders","10":"first","11":"instock","12":"shipping-taxable","13":"product-type-simple"},"amp_enabled":true,"_links":{"self":[{"href":"https:\/\/www.hydraulic-cylinders.net\/fi\/wp-json\/wp\/v2\/product\/18952","targetHints":{"allow":["GET"]}}],"collection":[{"href":"https:\/\/www.hydraulic-cylinders.net\/fi\/wp-json\/wp\/v2\/product"}],"about":[{"href":"https:\/\/www.hydraulic-cylinders.net\/fi\/wp-json\/wp\/v2\/types\/product"}],"replies":[{"embeddable":true,"href":"https:\/\/www.hydraulic-cylinders.net\/fi\/wp-json\/wp\/v2\/comments?post=18952"}],"wp:featuredmedia":[{"embeddable":true,"href":"https:\/\/www.hydraulic-cylinders.net\/fi\/wp-json\/wp\/v2\/media\/17879"}],"wp:attachment":[{"href":"https:\/\/www.hydraulic-cylinders.net\/fi\/wp-json\/wp\/v2\/media?parent=18952"}],"wp:term":[{"taxonomy":"product_brand","embeddable":true,"href":"https:\/\/www.hydraulic-cylinders.net\/fi\/wp-json\/wp\/v2\/product_brand?post=18952"},{"taxonomy":"product_cat","embeddable":true,"href":"https:\/\/www.hydraulic-cylinders.net\/fi\/wp-json\/wp\/v2\/product_cat?post=18952"},{"taxonomy":"product_tag","embeddable":true,"href":"https:\/\/www.hydraulic-cylinders.net\/fi\/wp-json\/wp\/v2\/product_tag?post=18952"}],"curies":[{"name":"wp","href":"https:\/\/api.w.org\/{rel}","templated":true}]}}