{"id":18953,"date":"2025-04-07T06:03:54","date_gmt":"2025-04-07T06:03:54","guid":{"rendered":"https:\/\/www.hydraulic-cylinders.net\/product\/boom-cylinder-for-caterpillar-middle-excavator-e300-300b\/"},"modified":"2025-04-07T06:03:56","modified_gmt":"2025-04-07T06:03:56","slug":"boom-cylinder-for-caterpillar-middle-excavator-e300-300b","status":"publish","type":"product","link":"https:\/\/www.hydraulic-cylinders.net\/fi\/tuote\/boom-cylinder-for-caterpillar-middle-excavator-e300-300b\/","title":{"rendered":"Puomin sylinteri Caterpillar-kaivinkoneeseen E300\/300B"},"content":{"rendered":"<h1>Puomin sylinteri Caterpillar-kaivinkoneeseen E300\/300B<\/h1>\n<h2>Tuotteen yleiskatsaus<\/h2>\n<p>Puomin sylinteri on t\u00e4rke\u00e4 osa Caterpillarin keskikaivureissa, erityisesti E300- ja E300B-malleissa. T\u00e4ll\u00e4 hydraulisylinterill\u00e4 on ratkaiseva rooli erilaisten raskaiden koneiden lis\u00e4laitteiden, kuten kauhojen, liikkeen ohjaamisessa. Se mahdollistaa kauhan nostamisen, laskemisen ja kallistuksen, mik\u00e4 tekee materiaalink\u00e4sittelyteht\u00e4vist\u00e4 paljon tehokkaampia ja tuloksellisempia.<\/p>\n<p>Kauhasylinteri on hydraulinen sylinterityyppi, joka on erityisesti suunniteltu raskaisiin koneisiin. N\u00e4m\u00e4 sylinterit helpottavat t\u00e4rkeit\u00e4 toimintoja, kuten kaivamista, nostamista ja materiaalien kuljetusta. Hydraulij\u00e4rjestelm\u00e4n suorituskyky riippuu suuresti kauhasylinterin toiminnasta, sill\u00e4 se muuntaa hydraulisen paineen mekaaniseksi liikkeeksi. Sen rakenne varmistaa, ett\u00e4 se voi toimia korkeassa paineessa ja haastavissa ty\u00f6olosuhteissa, mik\u00e4 tekee siit\u00e4 kest\u00e4v\u00e4n valinnan erilaisiin k\u00e4ytt\u00f6tarkoituksiin.<\/p>\n<p><img decoding=\"async\" src=\"https:\/\/www.hydraulic-cylinders.net\/wp-content\/uploads\/2025\/04\/songte-company-1.webp\" alt=\"Kaivinkoneiden puomin sylinteri\" \/><\/p>\n<h2>T\u00e4rkeimm\u00e4t ominaisuudet<\/h2>\n<ul>\n<li><strong>Korkea lujuus ja kest\u00e4vyys:<\/strong> N\u00e4m\u00e4 sylinterit on valmistettu eritt\u00e4in lujasta ter\u00e4ksest\u00e4 tai alumiinista, ja ne on rakennettu kest\u00e4m\u00e4\u00e4n korkeaa painetta ja raskaita kuormia, mik\u00e4 tekee niist\u00e4 sopivia vaativiin ty\u00f6ymp\u00e4rist\u00f6ihin. Suunnittelussa korostetaan my\u00f6s kulutuskest\u00e4vyytt\u00e4 ja korroosionkest\u00e4vyytt\u00e4, mik\u00e4 pident\u00e4\u00e4 merkitt\u00e4v\u00e4sti tuotteen k\u00e4ytt\u00f6ik\u00e4\u00e4.<\/li>\n<li><strong>Tehokas hydraulinen k\u00e4ytt\u00f6:<\/strong> Sylinteri hy\u00f6dynt\u00e4\u00e4 hydrauli\u00f6ljyn painetta tasaisen ulos- ja sis\u00e4\u00e4nvet\u00e4ytymisen saavuttamiseksi, mik\u00e4 tarjoaa nopean vasteen ohjauskomentoihin. T\u00e4m\u00e4 ominaisuus tarjoaa tehokkaat ty\u00f6nt\u00f6- ja veto-ominaisuudet, jotka sopivat erinomaisesti raskaiden esineiden k\u00e4sittelyyn ja monimutkaisiin operatiivisiin teht\u00e4viin.<\/li>\n<li><strong>Erilaisia \u200b\u200btyyppej\u00e4:<\/strong> Asiakkaat voivat valita yksi- ja kaksitoimisten sylinterien v\u00e4lill\u00e4 k\u00e4ytt\u00f6tarpeidensa mukaan. Jotkut mallit ovat teleskooppisia, mik\u00e4 mahdollistaa suuremman jatkeen ilman ulkomittojen kasvua, mik\u00e4 on erityisen hy\u00f6dyllist\u00e4 ahtaissa sovelluksissa.<\/li>\n<\/ul>\n<h2>Valmistuksen huippuosaaminen<\/h2>\n<p>Meill\u00e4 on valmiudet tuottaa t\u00e4t\u00e4 tuotetta, ja tarjontamme korvaa t\u00e4ydellisesti olemassa olevat hydraulisylinterit. Sylinterimme on suunniteltu t\u00e4ytt\u00e4m\u00e4\u00e4n alan standardit, mik\u00e4 varmistaa yhteensopivuuden ja suorituskyvyn luotettavuuden.<\/p>\n<p><img decoding=\"async\" src=\"https:\/\/www.hydraulic-cylinders.net\/wp-content\/uploads\/2025\/04\/songte-cylinder-head-with-all-kinds-excavator-models.webp\" alt=\"Hydraulisylinterin tuotanto\" \/><\/p>\n<h2>Sovellukset<\/h2>\n<ul>\n<li><strong>Rakennuslaitteet:<\/strong> Hydraulisylintereit\u00e4 k\u00e4ytet\u00e4\u00e4n yleisesti kaivinkoneissa, joissa ne ovat v\u00e4ltt\u00e4m\u00e4tt\u00f6mi\u00e4 kaivamiseen, lastaamiseen ja maaper\u00e4n tai roskien siirt\u00e4miseen. Kaivurikuormaajissa kauhan sylinteri auttaa sek\u00e4 kaivu- ett\u00e4 nostoteht\u00e4viss\u00e4 varmistaen tehokkuuden rakennusty\u00f6mailla.<\/li>\n<li><strong>Maatalouskoneet:<\/strong> Etukuormaajissa n\u00e4m\u00e4 sylinterit ovat elint\u00e4rkeit\u00e4 materiaalien, kuten mullan, hein\u00e4n ja muiden maataloustuotteiden, kauhaamiseen, nostamiseen ja kuljettamiseen, mik\u00e4 parantaa maataloustoiminnan tuottavuutta.<\/li>\n<li><strong>Kaivinkoneet:<\/strong> Kauhasylinterin ansiosta kaivinkoneen kauha tunkeutuu tehokkaasti maahan, mik\u00e4 tekee siit\u00e4 keskeisen osan maanrakennust\u00f6iss\u00e4.<\/li>\n<li><strong>Kuormaajat:<\/strong> Etukuormaajissa ne auttavat kuormien nostamisessa ja tyhjent\u00e4misess\u00e4, ja niill\u00e4 on ratkaiseva rooli tehokkaassa materiaalink\u00e4sittelyss\u00e4.<\/li>\n<\/ul>\n<h2>Suunnittelun\u00e4k\u00f6kohdat ja valintakriteerit<\/h2>\n<h3>Kantavuus<\/h3>\n<p>Puomisylinteri\u00e4 valittaessa on t\u00e4rke\u00e4\u00e4 ottaa huomioon sen kuormituskapasiteetti. Sylinteri on suunniteltava kest\u00e4m\u00e4\u00e4n sen k\u00e4yt\u00f6ss\u00e4 kohtaama enimm\u00e4ispaino. T\u00e4m\u00e4 tarkoittaa hydraulisten painetietojen ja sen rakenteessa k\u00e4ytettyjen materiaalien mekaanisen lujuuden arviointia.<\/p>\n<h3>Tiivistyksen eheys<\/h3>\n<p>Tiivistys on ensiarvoisen t\u00e4rke\u00e4\u00e4 hydraulij\u00e4rjestelmiss\u00e4 vuotojen est\u00e4miseksi ja paineen yll\u00e4pit\u00e4miseksi. Hyvin suunnitellussa sylinteriss\u00e4 on korkealaatuiset tiivisteet, jotka kest\u00e4v\u00e4t hydraulinesteiden sy\u00f6vytt\u00e4vi\u00e4 vaikutuksia ja k\u00e4yt\u00f6n mekaanista rasitusta. Tiivisteiden s\u00e4\u00e4nn\u00f6lliset tarkastukset ja huolto ovat v\u00e4ltt\u00e4m\u00e4tt\u00f6mi\u00e4 sylinterin pitk\u00e4ik\u00e4isyyden ja tehokkuuden varmistamiseksi.<\/p>\n<h3>Kest\u00e4vyys<\/h3>\n<p>Kest\u00e4vyys kattaa sek\u00e4 sylinterin fyysisen ett\u00e4 toiminnallisen k\u00e4ytt\u00f6i\u00e4n. Kest\u00e4v\u00e4 sylinteri kest\u00e4\u00e4 kulumista, erityisesti raskaissa sovelluksissa. K\u00e4ytettyjen materiaalien tulee olla kulutusta ja korroosiota kest\u00e4vi\u00e4, jotka voivat vaikuttaa merkitt\u00e4v\u00e4sti sylinterin suorituskykyyn ajan my\u00f6t\u00e4.<\/p>\n<h3>Turvaominaisuudet<\/h3>\n<p>Turvallisuus on kriittist\u00e4 hydraulij\u00e4rjestelmien kanssa ty\u00f6skennelt\u00e4ess\u00e4. Puomin sylinterin suunnittelussa tulee olla turvaominaisuuksia, jotka est\u00e4v\u00e4t vikaantumisen kuormituksen aikana. T\u00e4h\u00e4n sis\u00e4ltyy ylikuormitussuojausmekanismien ja kest\u00e4v\u00e4n rakenteen huomioiminen, joka kest\u00e4\u00e4 odottamattomia olosuhteita.<\/p>\n<h3>Huolton\u00e4k\u00f6kohdat<\/h3>\n<p>Huolto on olennainen osa mit\u00e4 tahansa hydraulij\u00e4rjestelm\u00e4\u00e4. Sylinterin rakenteen tulisi helpottaa huoltoa, mukaan lukien tiivisteiden ja voitelukohtien saatavuus. Helppohoitoinen sylinteri varmistaa pidemm\u00e4n k\u00e4ytt\u00f6i\u00e4n ja paremman suorituskyvyn, mik\u00e4 v\u00e4hent\u00e4\u00e4 kalliiden seisokkiaikojen riski\u00e4.<\/p>\n<p><img decoding=\"async\" src=\"https:\/\/www.hydraulic-cylinders.net\/wp-content\/uploads\/2025\/04\/songte-oil-pipes-and-spare-parts.webp\" alt=\"Hydraulisylinterin osat\" \/><\/p>\n<h2>Tiivistys ja voitelu<\/h2>\n<p>Tehokas tiivistys on kriittist\u00e4 hydraulisylinterien toiminnalle. Paineen yll\u00e4pit\u00e4miseen ja nestevuotojen est\u00e4miseen k\u00e4ytet\u00e4\u00e4n erilaisia \u200b\u200btiivistyskomponentteja, kuten m\u00e4nn\u00e4ntiivisteit\u00e4 ja varren tiivisteit\u00e4. Kest\u00e4vist\u00e4 materiaaleista, kuten polyuretaanista ja nitriilikumista, valmistetut tiivisteet tarjoavat erinomaisen kulutuskest\u00e4vyyden. Lis\u00e4ksi sylinterin runko ja kierteitetyt p\u00e4\u00e4t on k\u00e4sitelty hienostuneesti niiden kulumiskest\u00e4vyyden parantamiseksi.<\/p>\n<p>S\u00e4\u00e4nn\u00f6llinen voitelu hydrauliikka\u00f6ljyill\u00e4 on v\u00e4ltt\u00e4m\u00e4t\u00f6nt\u00e4 optimaalisen suorituskyvyn saavuttamiseksi. \u00d6ljy v\u00e4hent\u00e4\u00e4 liikkuvien osien v\u00e4list\u00e4 kitkaa ja varmistaa sujuvan toiminnan. Hydrauliikkaj\u00e4rjestelm\u00e4n tehokkuuden yll\u00e4pit\u00e4miseksi on tarpeen tarkistaa ja lis\u00e4t\u00e4 hydrauliikka\u00f6ljy\u00e4 s\u00e4\u00e4nn\u00f6llisesti.<\/p>\n<h2>Ennaltaehk\u00e4isev\u00e4t huoltotoimenpiteet<\/h2>\n<ul>\n<li><strong>S\u00e4\u00e4nn\u00f6lliset tarkastukset:<\/strong> Tee rutiinitarkastuksia kulumisen, vuotojen tai vaurioiden varalta. Ongelmien varhainen havaitseminen voi est\u00e4\u00e4 merkitt\u00e4v\u00e4mpi\u00e4 ongelmia my\u00f6hemmin.<\/li>\n<li><strong>Oikea-aikainen voitelu:<\/strong> Varmista, ett\u00e4 sylinteri on aina riitt\u00e4v\u00e4sti voideltu. K\u00e4yt\u00e4 suositeltua hydrauliikka\u00f6ljy\u00e4 ja noudata valmistajan ohjeita voiteluv\u00e4leist\u00e4.<\/li>\n<li><strong>Tiivisteen vaihto:<\/strong> Vaihda tiivisteet s\u00e4\u00e4nn\u00f6llisesti k\u00e4ytt\u00f6tiheyden ja k\u00e4ytt\u00f6olosuhteiden mukaan. Kuluneet tiivisteet voivat johtaa vuotoihin ja heikent\u00e4\u00e4 tehokkuutta, joten oikea-aikainen vaihto on ratkaisevan t\u00e4rke\u00e4\u00e4.<\/li>\n<\/ul>\n<h2>Asennusohjeet<\/h2>\n<p>Puomisylinterin oikea asennus on v\u00e4ltt\u00e4m\u00e4t\u00f6nt\u00e4 sen suorituskyvyn ja pitk\u00e4n k\u00e4ytt\u00f6i\u00e4n kannalta. Aloita varmistamalla, ett\u00e4 kiinnityspinnat ovat puhtaat ja roskattomat. Kohdista sylinteri oikein kiinnityspisteisiin k\u00e4ytt\u00e4m\u00e4ll\u00e4 sopivia ty\u00f6kaluja est\u00e4\u00e4ksesi virhekohdistuksen, joka voi johtaa ennenaikaiseen kulumiseen tai rikkoutumiseen.<\/p>\n<p>Kun sylinteri on kohdistettu, kiinnit\u00e4 se tukevasti suositelluilla kiinnitystarvikkeilla. On eritt\u00e4in t\u00e4rke\u00e4\u00e4 noudattaa valmistajan kiristysmomenttiohjeita asennuksen aikana, jotta kaikki liitokset ovat tiukkoja ja turvallisia. Asennuksen j\u00e4lkeen testaa sylinteri\u00e4 k\u00e4ytt\u00e4m\u00e4ll\u00e4 sit\u00e4 valvotuissa olosuhteissa varmistaaksesi, ett\u00e4 se toimii oikein ja t\u00e4ytt\u00e4\u00e4 suorituskykyodotukset.<\/p>\n<h2>Yleiset huoltoteht\u00e4v\u00e4t<\/h2>\n<ul>\n<li><strong>S\u00e4\u00e4nn\u00f6lliset tarkastukset:<\/strong> Tarkista sylinteri s\u00e4\u00e4nn\u00f6llisesti kulumisen tai vaurioiden varalta. Tarkastuksiin tulisi sis\u00e4lty\u00e4 tiivisteiden tutkiminen ja nestevuotojen varalta.<\/li>\n<li><strong>Asianmukainen voitelu:<\/strong> Varmista, ett\u00e4 kaikki liikkuvat osat on voideltu riitt\u00e4v\u00e4sti oikealla hydrauliikka\u00f6ljyll\u00e4. T\u00e4m\u00e4 auttaa v\u00e4hent\u00e4m\u00e4\u00e4n kitkaa ja pident\u00e4m\u00e4\u00e4n sylinterin k\u00e4ytt\u00f6ik\u00e4\u00e4.<\/li>\n<li><strong>Tiivisteiden vaihto ja kalibrointitarkastukset:<\/strong> Tarkista tiivisteiden kuluminen s\u00e4\u00e4nn\u00f6llisesti ja vaihda ne tarvittaessa. Hydraulij\u00e4rjestelm\u00e4 on my\u00f6s kalibroitava sen varmistamiseksi, ett\u00e4 sylinteri toimii m\u00e4\u00e4riteltyjen parametrien puitteissa.<\/li>\n<\/ul>\n<h2>Turvallisuus- ja ymp\u00e4rist\u00f6n\u00e4k\u00f6kohdat<\/h2>\n<p>Hydraulisylinterien kanssa ty\u00f6skennelless\u00e4 on t\u00e4rke\u00e4\u00e4 asettaa turvallisuustoimenpiteet etusijalle. Noudata aina valmistajan k\u00e4ytt\u00f6- ja huolto-ohjeita onnettomuuksien v\u00e4ltt\u00e4miseksi. K\u00e4ytt\u00e4jien asianmukainen koulutus on v\u00e4ltt\u00e4m\u00e4t\u00f6nt\u00e4 hydraulij\u00e4rjestelmiin liittyvien riskien, mukaan lukien vuotojen tai sylinterivikojen aiheuttamien mahdollisten vammojen, minimoimiseksi. My\u00f6s ymp\u00e4rist\u00f6n\u00e4k\u00f6kohdat on otettava huomioon varmistamalla, ett\u00e4 mahdolliset roiskeet tai vuodot eristet\u00e4\u00e4n ja niihin puututaan viipym\u00e4tt\u00e4 kontaminaation v\u00e4ltt\u00e4miseksi.<\/p>\n<h2>Yleisten ongelmien vianm\u00e4\u00e4ritys<\/h2>\n<ul>\n<li><strong>Hydrauli\u00f6ljyvuodot:<\/strong> Yleisi\u00e4 syit\u00e4 ovat kuluneet tiivisteet tai vaurioituneet sylinterirungot. Tarkista n\u00e4kyvien vuotojen varalta ja vaihda tiivisteet tarvittaessa.<\/li>\n<li><strong>Riitt\u00e4m\u00e4t\u00f6n sylinterin liike:<\/strong> T\u00e4m\u00e4 voi johtua hydrauliikkanesteen alhaisesta tasosta tai hydrauliikkaj\u00e4rjestelm\u00e4n tukoksista. Tarkista nestetasot ja poista mahdolliset tukokset.<\/li>\n<li><strong>Ylikuumeneminen:<\/strong> Liiallinen kuumuus voi viitata liialliseen kitkaan tai riitt\u00e4m\u00e4tt\u00f6m\u00e4\u00e4n voiteluun. Varmista asianmukainen voitelu ja tarkista kulumisen merkit.<\/li>\n<\/ul>\n<h2>Ongelmanratkaisuvinkkej\u00e4<\/h2>\n<p>Tehokas vianm\u00e4\u00e4ritys alkaa systemaattisella l\u00e4hestymistavalla ongelmien tunnistamiseen. S\u00e4\u00e4nn\u00f6llinen huolto ja tarkastukset voivat auttaa lievent\u00e4m\u00e4\u00e4n mahdollisia ongelmia ennen kuin ne pahenevat. Jos ongelma ilmenee, katso valmistajan ohjeita vianm\u00e4\u00e4ritysohjeista.<\/p>\n<p>Toteuta ennaltaehk\u00e4isevi\u00e4 toimenpiteit\u00e4, kuten rutiinitarkastuksia ja oikea-aikaisia \u200b\u200bvaihtoja, tulevien ongelmien minimoimiseksi. My\u00f6s k\u00e4ytt\u00e4jien kouluttaminen hydraulisylintereiden asianmukaiseen k\u00e4ytt\u00f6\u00f6n ja hoitoon voi merkitt\u00e4v\u00e4sti v\u00e4hent\u00e4\u00e4 mahdollisia ongelmia.<\/p>\n<p><img decoding=\"async\" src=\"https:\/\/www.hydraulic-cylinders.net\/wp-content\/uploads\/2025\/04\/songte-bushings-with-all-kinds-of-excavator-models.webp\" alt=\"Kaivinkoneiden holkki\" \/><\/p>\n<h2>Tietoa yrityksest\u00e4mme<\/h2>\n<p>Olemme johtava hydraulisten sylinterien varaosien valmistaja ja tukkumyyj\u00e4, ja tarjoamme kattavan valikoiman tuotteita, jotka vastaavat markkinoiden monipuolisiin vaatimuksiin. Sitoutumisemme huippuosaamiseen heijastuu hienostuneissa valmistusstrategioissamme, jotka hy\u00f6dynt\u00e4v\u00e4t edistynytt\u00e4 teknologiaa ja ammattitaitoisia ammattilaisia \u200b\u200btuotannon laadun parantamiseksi.<\/p>\n<p>Yrityksemme on ylpe\u00e4 kansainv\u00e4listen laatustandardien ja sertifikaattien noudattamisesta, mik\u00e4 varmistaa, ett\u00e4 tuotteemme t\u00e4ytt\u00e4v\u00e4t alan korkeimmat vaatimukset. Tarjoamme r\u00e4\u00e4t\u00e4l\u00f6ityj\u00e4 ratkaisuja asiakkaiden erityistarpeisiin, ja niiden tukena on vankka j\u00e4lkimarkkinointituki asiakastyytyv\u00e4isyyden ja tuotteiden pitk\u00e4ik\u00e4isyyden varmistamiseksi.<\/p>\n<p><img decoding=\"async\" src=\"https:\/\/www.hydraulic-cylinders.net\/wp-content\/uploads\/2025\/04\/songte-company-4.webp\" alt=\"Yritysvalmistus\" \/><br \/>\n<img decoding=\"async\" src=\"https:\/\/www.hydraulic-cylinders.net\/wp-content\/uploads\/2025\/04\/songte-company-3.webp\" alt=\"Yrityksen yleiskatsaus\" \/><\/p>\n<p>Kirjoittaja: lyl<\/p>","protected":false},"excerpt":{"rendered":"<p>Boom Cylinder For Caterpillar Middle Excavator E300\/300B Product Overview The Boom Cylinder is a vital component for Caterpillar Middle Excavators, specifically the E300 and E300B models. This hydraulic cylinder plays a crucial role in controlling the movement of various heavy machinery attachments, such as buckets. It enables the lifting, lowering, and tilting of the bucket, [&hellip;]<\/p>","protected":false},"featured_media":17880,"comment_status":"open","ping_status":"closed","template":"","meta":{"_et_pb_use_builder":"","_et_pb_old_content":"","_et_gb_content_width":""},"product_brand":[],"product_cat":[1546],"product_tag":[1547,1496],"class_list":{"0":"post-18953","1":"product","2":"type-product","3":"status-publish","4":"has-post-thumbnail","6":"product_cat-boom-cylinders","7":"product_tag-boom-cylinders","8":"product_tag-hydraulic-cylinders","10":"first","11":"instock","12":"shipping-taxable","13":"product-type-simple"},"amp_enabled":true,"_links":{"self":[{"href":"https:\/\/www.hydraulic-cylinders.net\/fi\/wp-json\/wp\/v2\/product\/18953","targetHints":{"allow":["GET"]}}],"collection":[{"href":"https:\/\/www.hydraulic-cylinders.net\/fi\/wp-json\/wp\/v2\/product"}],"about":[{"href":"https:\/\/www.hydraulic-cylinders.net\/fi\/wp-json\/wp\/v2\/types\/product"}],"replies":[{"embeddable":true,"href":"https:\/\/www.hydraulic-cylinders.net\/fi\/wp-json\/wp\/v2\/comments?post=18953"}],"wp:featuredmedia":[{"embeddable":true,"href":"https:\/\/www.hydraulic-cylinders.net\/fi\/wp-json\/wp\/v2\/media\/17880"}],"wp:attachment":[{"href":"https:\/\/www.hydraulic-cylinders.net\/fi\/wp-json\/wp\/v2\/media?parent=18953"}],"wp:term":[{"taxonomy":"product_brand","embeddable":true,"href":"https:\/\/www.hydraulic-cylinders.net\/fi\/wp-json\/wp\/v2\/product_brand?post=18953"},{"taxonomy":"product_cat","embeddable":true,"href":"https:\/\/www.hydraulic-cylinders.net\/fi\/wp-json\/wp\/v2\/product_cat?post=18953"},{"taxonomy":"product_tag","embeddable":true,"href":"https:\/\/www.hydraulic-cylinders.net\/fi\/wp-json\/wp\/v2\/product_tag?post=18953"}],"curies":[{"name":"wp","href":"https:\/\/api.w.org\/{rel}","templated":true}]}}