{"id":18954,"date":"2025-04-07T06:03:57","date_gmt":"2025-04-07T06:03:57","guid":{"rendered":"https:\/\/www.hydraulic-cylinders.net\/product\/boom-cylinder-for-caterpillar-middle-excavator-e320dz-bl\/"},"modified":"2025-04-07T06:03:59","modified_gmt":"2025-04-07T06:03:59","slug":"boom-cylinder-for-caterpillar-middle-excavator-e320dz-bl","status":"publish","type":"product","link":"https:\/\/www.hydraulic-cylinders.net\/fi\/tuote\/boom-cylinder-for-caterpillar-middle-excavator-e320dz-bl\/","title":{"rendered":"Puomin sylinteri Caterpillar-kaivinkoneeseen E320DZ\/BL"},"content":{"rendered":"<h1>Puomin sylinteri Caterpillar-kaivinkoneeseen E320DZ\/BL<\/h1>\n<h2>Johdatus puomin sylintereihin<\/h2>\n<p>Puomin sylinteri on kriittinen osa hydraulij\u00e4rjestelmiss\u00e4, ja se on erityisesti suunniteltu ohjaamaan kaivinkoneiden kauhojen liikkeit\u00e4 raskaissa koneissa, kuten kaivinkoneissa, kaivurikuormaajissa ja etukuormaajissa. N\u00e4m\u00e4 hydraulisylinterit mahdollistavat kauhan nostamisen, laskemisen ja kallistuksen, mik\u00e4 helpottaa tehokasta materiaalink\u00e4sittely\u00e4. Kauhan sylinteri on v\u00e4ltt\u00e4m\u00e4t\u00f6n tarkkojen liikkeiden ja toiminnan saavuttamiseksi rakennusprojekteissa.<\/p>\n<p><img decoding=\"async\" src=\"https:\/\/www.hydraulic-cylinders.net\/wp-content\/uploads\/2025\/04\/songte-company-1.webp\" alt=\"Kaivinkoneiden puomin sylinteri\" \/><\/p>\n<h3>M\u00e4\u00e4ritelm\u00e4 ja yleiskatsaus<\/h3>\n<p>Puomisylinteri on hydraulinen sylinterityyppi, joka toimii hydrauli\u00f6ljyn paineella. Sen ensisijainen teht\u00e4v\u00e4 on ohjata kaivuprosessia, johon kuuluu kaivaminen, nostaminen ja materiaalien kuljettaminen. Puomisylinterien tehokas suunnittelu ja kest\u00e4v\u00e4 rakenne takaavat optimaalisen suorituskyvyn vaihtelevissa olosuhteissa, mik\u00e4 tekee niist\u00e4 v\u00e4ltt\u00e4m\u00e4tt\u00f6mi\u00e4 rakennusalalla.<\/p>\n<h2>Puomin sylinterin ominaisuudet<\/h2>\n<ul>\n<li><strong>Korkea lujuus ja kest\u00e4vyys:<\/strong> N\u00e4m\u00e4 sylinterit on valmistettu eritt\u00e4in lujasta ter\u00e4ksest\u00e4 tai alumiinista, ja ne kest\u00e4v\u00e4t korkeaa painetta ja raskaita kuormia, joten ne sopivat vaativiin ty\u00f6ymp\u00e4rist\u00f6ihin.<\/li>\n<li><strong>Tehokas hydraulinen k\u00e4ytt\u00f6:<\/strong> Ne hy\u00f6dynt\u00e4v\u00e4t hydrauli\u00f6ljyn painetta tasaisiin ojennuksiin ja supistuksiin, reagoivat nopeasti k\u00e4ytt\u00f6komentoihin ja tarjoavat tehokkaita ty\u00f6nt\u00f6- ja vetovoimia.<\/li>\n<li><strong>Erilaisia \u200b\u200btyyppej\u00e4:<\/strong> Puomin sylinterit voidaan valita yksitoimisiksi (hydrauliikkaa k\u00e4ytet\u00e4\u00e4n yhteen suuntaan) tai kaksitoimisiksi (hydrauliikkaa k\u00e4ytet\u00e4\u00e4n molempiin suuntiin) erilaisten k\u00e4ytt\u00f6tarpeiden mukaan. Jotkut mallit ovat teleskooppisia, mik\u00e4 mahdollistaa suuremman jatkeen ilman ulkomittojen kasvua.<\/li>\n<li><strong>Edistynyt tiivistystekniikka:<\/strong> Varustettu korkealaatuisilla tiivisteill\u00e4 vuotojen est\u00e4miseksi ja optimaalisen suorituskyvyn varmistamiseksi erilaisissa olosuhteissa.<\/li>\n<li><strong>Mukautetut ratkaisut:<\/strong> Tuotteemme voivat t\u00e4ydellisesti korvata n\u00e4m\u00e4 hydraulisylinterit ja tarjota r\u00e4\u00e4t\u00e4l\u00f6ityj\u00e4 ratkaisuja tiettyjen koneiden vaatimuksiin.<\/li>\n<\/ul>\n<p><img decoding=\"async\" src=\"https:\/\/www.hydraulic-cylinders.net\/wp-content\/uploads\/2025\/04\/songte-cylinder-head-with-all-kinds-excavator-models.webp\" alt=\"Hydraulisylinterin vaihto\" \/><\/p>\n<h2>Sovellusskenaariot<\/h2>\n<h3>Rakennuslaitteet<\/h3>\n<p>Kaivinkoneissa puomin sylinterit ovat ratkaisevan t\u00e4rkeit\u00e4 kaivamisessa, lastaamisessa ja maaper\u00e4n tai roskien siirt\u00e4misess\u00e4. Ne mahdollistavat kauhan liikkeen tarkan hallinnan, mik\u00e4 parantaa kaivuprosessin tehokkuutta. Kaivurikuormaajissa kauhan sylinteri auttaa sek\u00e4 kaivamisessa ett\u00e4 nostamisessa, mik\u00e4 laajentaa n\u00e4iden monipuolisten koneiden k\u00e4ytt\u00f6alueita.<\/p>\n<h3>Maatalouskoneet<\/h3>\n<p>Etukuormaajissa puomisylintereit\u00e4 k\u00e4ytet\u00e4\u00e4n maan, hein\u00e4n ja muiden materiaalien kaivamiseen, nostamiseen ja kuljettamiseen. Niiden kyky k\u00e4sitell\u00e4 raskaita kuormia tekee niist\u00e4 ihanteellisia maatalousteht\u00e4viin ja edist\u00e4\u00e4 tehokasta maatilan toimintaa.<\/p>\n<h3>Kaivinkoneet<\/h3>\n<p>Kauhan sylinteri mahdollistaa kaivinkoneiden tehokkaan tunkeutumisen maaper\u00e4\u00e4n, mik\u00e4 mahdollistaa syv\u00e4n kaivamisen ja tarkan kaivamisen. T\u00e4m\u00e4 on erityisen t\u00e4rke\u00e4\u00e4 projekteissa, jotka vaativat perustust\u00f6it\u00e4 tai maanalaisia \u200b\u200basennuksia.<\/p>\n<h3>Kuormaajat<\/h3>\n<p>Etukuormaajissa puomisylinterit auttavat tavaroiden nostamisessa ja tyhjent\u00e4misess\u00e4. Niiden nopea reagointikyky ja tehokas nostokyky tekev\u00e4t niist\u00e4 v\u00e4ltt\u00e4m\u00e4tt\u00f6mi\u00e4 materiaalink\u00e4sittelyss\u00e4 rakennus- ja maisemointity\u00f6ss\u00e4.<\/p>\n<h2>Suunnittelun\u00e4k\u00f6kohdat ja valintakriteerit<\/h2>\n<h3>Kantavuus<\/h3>\n<p>Yksi puomisylinterin suunnittelussa huomioon otettavista ensisijaisista n\u00e4k\u00f6kohdista on sen kuormituskapasiteetti. T\u00e4m\u00e4 m\u00e4\u00e4ritt\u00e4\u00e4 suurimman painon, jonka se voi turvallisesti k\u00e4sitell\u00e4 k\u00e4yt\u00f6n aikana. Insin\u00f6\u00f6rien on varmistettava, ett\u00e4 sylinterin materiaalit ja rakenne kest\u00e4v\u00e4t suunnitellun kuorman, jotta v\u00e4ltet\u00e4\u00e4n vikaantuminen.<\/p>\n<h3>Tiivistystehokkuus<\/h3>\n<p>Tehokas tiivistys on ratkaisevan t\u00e4rke\u00e4\u00e4 hydrauli\u00f6ljyn vuotojen est\u00e4miseksi, jotka voivat johtaa suorituskyvyn laskuun ja lis\u00e4\u00e4ntyneisiin yll\u00e4pitokustannuksiin. Korkealaatuisten tiivisteiden valinta on olennaista hydraulij\u00e4rjestelm\u00e4n eheyden yll\u00e4pit\u00e4miseksi.<\/p>\n<h3>Kest\u00e4vyys<\/h3>\n<p>Kest\u00e4vyys on keskeinen tekij\u00e4 puomisylintereiden suunnittelussa. Niiden tulisi kest\u00e4\u00e4 ankaria ty\u00f6olosuhteita, kuten altistumista \u00e4\u00e4rimm\u00e4isille l\u00e4mp\u00f6tiloille, lialle ja muille ymp\u00e4rist\u00f6tekij\u00f6ille. T\u00e4m\u00e4 saavutetaan tyypillisesti k\u00e4ytt\u00e4m\u00e4ll\u00e4 edistyneit\u00e4 materiaaleja ja suojapinnoitteita.<\/p>\n<h3>Turvaominaisuudet<\/h3>\n<p>Turvaominaisuuksien sis\u00e4llytt\u00e4minen puomisylinterien suunnitteluun on elint\u00e4rke\u00e4\u00e4. N\u00e4ihin kuuluvat ylikuormitussuojaj\u00e4rjestelm\u00e4t onnettomuuksien ja toimintah\u00e4iri\u00f6iden est\u00e4miseksi. K\u00e4ytt\u00e4j\u00e4n turvallisuuden kannalta on my\u00f6s t\u00e4rke\u00e4\u00e4 varmistaa, ett\u00e4 sylinteri t\u00e4ytt\u00e4\u00e4 kansainv\u00e4liset turvallisuusstandardit.<\/p>\n<h3>Yll\u00e4pidett\u00e4vyys<\/h3>\n<p>Huollettavuuden suunnittelussa on varmistettava, ett\u00e4 sylinteri on helppo huoltaa ja korjata. T\u00e4h\u00e4n sis\u00e4ltyy komponenttien saavutettavuuden ja vakio-osien k\u00e4yt\u00f6n huomioiminen korjausten helpottamiseksi.<\/p>\n<p><img decoding=\"async\" src=\"https:\/\/www.hydraulic-cylinders.net\/wp-content\/uploads\/2025\/04\/songte-oil-pipes-and-spare-parts.webp\" alt=\"Hydraulisylinterin osat\" \/><\/p>\n<h2>Tiivistys ja voitelu<\/h2>\n<p>Asianmukainen tiivistys ja voitelu ovat ratkaisevan t\u00e4rkeit\u00e4 puomisylinterien suorituskyvylle. Erilaisia \u200b\u200btiivistyskomponentteja, kuten m\u00e4nn\u00e4ntiivisteit\u00e4 ja varren tiivisteit\u00e4, k\u00e4ytet\u00e4\u00e4n est\u00e4m\u00e4\u00e4n nestevuotoja ja kontaminaatiota. Kest\u00e4vien materiaalien, kuten polyuretaanin ja nitriilikumin, valitseminen tiivisteisiin parantaa niiden kulutuskest\u00e4vyytt\u00e4.<\/p>\n<p>Sylinterin runko ja kierteitetyt p\u00e4\u00e4typinnat on viimeistelt\u00e4v\u00e4 huolellisesti kulutuskest\u00e4vyyden parantamiseksi. S\u00e4\u00e4nn\u00f6llinen hydrauliikka\u00f6ljyll\u00e4 voitelu varmistaa sujuvan toiminnan ja pident\u00e4\u00e4 sylinterin k\u00e4ytt\u00f6ik\u00e4\u00e4. \u00d6ljytasojen seuranta ja tarvittaessa lis\u00e4\u00e4minen on t\u00e4rke\u00e4\u00e4 optimaalisen suorituskyvyn yll\u00e4pit\u00e4miseksi.<\/p>\n<h2>Ennaltaehk\u00e4isev\u00e4t huoltotoimenpiteet<\/h2>\n<ul>\n<li><strong>S\u00e4\u00e4nn\u00f6lliset tarkastukset:<\/strong> Tee hydraulij\u00e4rjestelm\u00e4n rutiinitarkastukset mahdollisten kulumisen tai vaurioiden havaitsemiseksi. T\u00e4m\u00e4 auttaa havaitsemaan mahdolliset ongelmat varhaisessa vaiheessa.<\/li>\n<li><strong>Asianmukainen voitelu:<\/strong> Varmista, ett\u00e4 hydrauliikka\u00f6ljy\u00e4 on riitt\u00e4v\u00e4sti ja ett\u00e4 voitelu tehd\u00e4\u00e4n suositelluin v\u00e4lein sylinterin toiminnan yll\u00e4pit\u00e4miseksi.<\/li>\n<li><strong>Tiivisteen vaihto:<\/strong> Tarkkaile tiivisteiden kuntoa ja vaihda ne tarvittaessa vuotojen est\u00e4miseksi ja j\u00e4rjestelm\u00e4n paineen yll\u00e4pit\u00e4miseksi.<\/li>\n<\/ul>\n<h2>Asennusohjeet<\/h2>\n<p>Puomisylinterin oikea asennus on ratkaisevan t\u00e4rke\u00e4\u00e4 sen toimivuuden ja pitk\u00e4n k\u00e4ytt\u00f6i\u00e4n kannalta. Noudata n\u00e4it\u00e4 ohjeita oikean asennuksen varmistamiseksi:<\/p>\n<ol>\n<li><strong>Tasaus:<\/strong> Varmista, ett\u00e4 sylinteri on kohdistettu oikein kiinnityskiinnikkeisiin, jotta v\u00e4ltet\u00e4\u00e4n ep\u00e4tasainen rasitus k\u00e4yt\u00f6n aikana.<\/li>\n<li><strong>K\u00e4yt\u00e4 sopivia kiinnitystelineit\u00e4:<\/strong> Kiinnit\u00e4 sylinteri sopivilla kiinnikkeill\u00e4, jotka kest\u00e4v\u00e4t k\u00e4yt\u00f6n aikana kohdistuvat voimat.<\/li>\n<li><strong>Kirist\u00e4 kiinnikkeet:<\/strong> Varmista, ett\u00e4 kaikki pultit ja kiinnikkeet on kiristetty valmistajan ohjeiden mukaisesti, jotta ne eiv\u00e4t l\u00f6ysty k\u00e4yt\u00f6n aikana.<\/li>\n<li><strong>Tarkista hydrauliset liit\u00e4nn\u00e4t:<\/strong> Tarkista hydrauliletkut vuotojen tai vaurioiden varalta ennen hydraulij\u00e4rjestelm\u00e4\u00e4n kytkemist\u00e4.<\/li>\n<li><strong>Tarkista toiminnallisuus:<\/strong> Asennuksen j\u00e4lkeen testaa puomin sylinterin toiminta varmistaaksesi, ett\u00e4 se toimii sujuvasti ja ongelmitta.<\/li>\n<\/ol>\n<p><img decoding=\"async\" src=\"https:\/\/www.hydraulic-cylinders.net\/wp-content\/uploads\/2025\/04\/songte-chushion-collar.webp\" alt=\"Puomin sylinterin pehmustekaulus\" \/><\/p>\n<h2>Turvallisuusn\u00e4k\u00f6kohdat ja ymp\u00e4rist\u00f6tekij\u00e4t<\/h2>\n<p>Puomisylintereit\u00e4 k\u00e4sitelt\u00e4ess\u00e4 turvatoimenpiteet ovat olennaisia \u200b\u200bonnettomuuksien est\u00e4miseksi ja k\u00e4ytt\u00e4j\u00e4n turvallisuuden varmistamiseksi. K\u00e4ytt\u00e4jien asianmukainen koulutus hydraulisten koneiden k\u00e4yt\u00f6ss\u00e4 on ratkaisevan t\u00e4rke\u00e4\u00e4, samoin kuin turvallisuusprotokollien noudattaminen k\u00e4yt\u00f6n aikana. Lis\u00e4ksi ymp\u00e4rist\u00f6tekij\u00e4t, kuten nesteiden h\u00e4vitt\u00e4minen ja melusaaste, on otettava huomioon hydraulisten j\u00e4rjestelmien k\u00e4yt\u00f6n ja huollon aikana.<\/p>\n<h2>Yleisten ongelmien vianm\u00e4\u00e4ritys<\/h2>\n<ul>\n<li><strong>Vuotava hydrauliikkaneste:<\/strong> T\u00e4m\u00e4 voi viitata kuluneisiin tiivisteisiin tai vaurioituneisiin letkuihin. Tarkista ja vaihda vialliset osat tarvittaessa.<\/li>\n<li><strong>Hidas sylinterin liike:<\/strong> T\u00e4m\u00e4 voi johtua alhaisesta hydrauliikka\u00f6ljyn tasosta tai likaantumisesta. Tarkista \u00f6ljy ja vaihda tarvittaessa.<\/li>\n<li><strong>Ep\u00e4tavallisia \u00e4\u00e4ni\u00e4 k\u00e4yt\u00f6n aikana:<\/strong> Hankaavat tai sihisev\u00e4t \u00e4\u00e4net voivat viitata hydrauliikkapumpun tai sis\u00e4isten komponenttien ongelmiin. Perusteellinen tarkastus on tarpeen.<\/li>\n<\/ul>\n<h2>Vianm\u00e4\u00e4ritys ja ennaltaehk\u00e4isev\u00e4t toimenpiteet<\/h2>\n<p>Voit tehokkaasti diagnosoida viat seuraavasti:<\/p>\n<ul>\n<li><strong>Tunnista oireet:<\/strong> Tarkkaile laitteen n\u00e4ytt\u00e4mi\u00e4 oireita, jotka voivat ohjata diagnoosiprosessia.<\/li>\n<li><strong>Suorita visuaaliset tarkastukset:<\/strong> Tarkista s\u00e4\u00e4nn\u00f6llisesti hydrauliikkaletkut, tiivisteet ja liitokset kulumisen ja vaurioiden varalta.<\/li>\n<li><strong>Toteuta ennaltaehk\u00e4isev\u00e4t toimenpiteet:<\/strong> Laadi s\u00e4\u00e4nn\u00f6llinen huolto-ohjelma mahdollisten ongelmien minimoimiseksi ja sylinterin k\u00e4ytt\u00f6i\u00e4n pident\u00e4miseksi.<\/li>\n<\/ul>\n<p><img decoding=\"async\" src=\"https:\/\/www.hydraulic-cylinders.net\/wp-content\/uploads\/2025\/04\/songte-bushings-with-all-kinds-of-excavator-models.webp\" alt=\"Puomin sylinterin holkit\" \/><\/p>\n<h2>Yrityksen yleiskatsaus<\/h2>\n<p>Olemme johtava vaihtoehtoisten hydraulisylintereiden valmistaja, joka tarjoaa kattavan valikoiman tuotteita sek\u00e4 kotimaisille ett\u00e4 kansainv\u00e4lisille markkinoille. Sitoutumisemme huippuosaamiseen heijastuu teollisen tuotannon hallintastrategioissamme, joissa k\u00e4yt\u00e4mme ammattitaitoisia teknikkoja, edistyneit\u00e4 digitaalisia valmistuslaitteita ja ammattimaisia \u200b\u200btestausj\u00e4rjestelmi\u00e4. Parannamme jatkuvasti valmistusymp\u00e4rist\u00f6\u00e4mme ja tuotteidemme laatua varmistaaksemme, ett\u00e4 t\u00e4yt\u00e4mme monipuoliset asiakastarpeet tehokkaasti, tarkasti ja laadukkaasti.<\/p>\n<h3>Erikoisalamme<\/h3>\n<ul>\n<li><strong>Asiantuntemus:<\/strong> Tiimill\u00e4mme on laaja tiet\u00e4mys hydraulisylintereiden suunnittelusta ja valmistuksesta, mik\u00e4 takaa tuotteiden korkean laadun.<\/li>\n<li><strong>Kansainv\u00e4linen sertifiointi:<\/strong> Tuotteemme t\u00e4ytt\u00e4v\u00e4t kansainv\u00e4liset laatustandardit, mik\u00e4 takaa asiakkaille luotettavan suorituskyvyn.<\/li>\n<li><strong>Mukautetut ratkaisut:<\/strong> Tarjoamme r\u00e4\u00e4t\u00e4l\u00f6ityj\u00e4 palveluita vastaamaan erityistarpeita ja varmistamme asiakastyytyv\u00e4isyyden.<\/li>\n<li><strong>Nykyaikaiset laitteet:<\/strong> Huippuluokan tuotantokoneiden k\u00e4ytt\u00f6 takaa jokaisen valmistamamme sylinterin tarkkuuden ja laadun.<\/li>\n<li><strong>Myynnin j\u00e4lkeinen tuki:<\/strong> Omistautunut tukitiimimme on k\u00e4ytett\u00e4viss\u00e4si auttamaan asiakkaita asennuksessa, huollossa ja kaikissa tiedusteluissa.<\/li>\n<\/ul>\n<p><img decoding=\"async\" src=\"https:\/\/www.hydraulic-cylinders.net\/wp-content\/uploads\/2025\/04\/songte-company-4.webp\" alt=\"Hydraulisylinterien valmistus\" \/><br \/>\n<img decoding=\"async\" src=\"https:\/\/www.hydraulic-cylinders.net\/wp-content\/uploads\/2025\/04\/songte-company-3.webp\" alt=\"Yrityksen tilat\" \/><\/p>\n<p>Kirjoittaja: lyl<\/p>","protected":false},"excerpt":{"rendered":"<p>Boom Cylinder For Caterpillar Middle Excavator E320DZ\/BL Introduction to Boom Cylinders The Boom Cylinder is a critical component in hydraulic systems, specifically designed for controlling the movement of excavator buckets in heavy machinery such as excavators, backhoe loaders, and front-end loaders. These hydraulic cylinders enable the bucket to lift, lower, and tilt, facilitating efficient material [&hellip;]<\/p>","protected":false},"featured_media":17881,"comment_status":"open","ping_status":"closed","template":"","meta":{"_et_pb_use_builder":"","_et_pb_old_content":"","_et_gb_content_width":""},"product_brand":[],"product_cat":[1546],"product_tag":[1547,1496],"class_list":{"0":"post-18954","1":"product","2":"type-product","3":"status-publish","4":"has-post-thumbnail","6":"product_cat-boom-cylinders","7":"product_tag-boom-cylinders","8":"product_tag-hydraulic-cylinders","10":"first","11":"instock","12":"shipping-taxable","13":"product-type-simple"},"amp_enabled":true,"_links":{"self":[{"href":"https:\/\/www.hydraulic-cylinders.net\/fi\/wp-json\/wp\/v2\/product\/18954","targetHints":{"allow":["GET"]}}],"collection":[{"href":"https:\/\/www.hydraulic-cylinders.net\/fi\/wp-json\/wp\/v2\/product"}],"about":[{"href":"https:\/\/www.hydraulic-cylinders.net\/fi\/wp-json\/wp\/v2\/types\/product"}],"replies":[{"embeddable":true,"href":"https:\/\/www.hydraulic-cylinders.net\/fi\/wp-json\/wp\/v2\/comments?post=18954"}],"wp:featuredmedia":[{"embeddable":true,"href":"https:\/\/www.hydraulic-cylinders.net\/fi\/wp-json\/wp\/v2\/media\/17881"}],"wp:attachment":[{"href":"https:\/\/www.hydraulic-cylinders.net\/fi\/wp-json\/wp\/v2\/media?parent=18954"}],"wp:term":[{"taxonomy":"product_brand","embeddable":true,"href":"https:\/\/www.hydraulic-cylinders.net\/fi\/wp-json\/wp\/v2\/product_brand?post=18954"},{"taxonomy":"product_cat","embeddable":true,"href":"https:\/\/www.hydraulic-cylinders.net\/fi\/wp-json\/wp\/v2\/product_cat?post=18954"},{"taxonomy":"product_tag","embeddable":true,"href":"https:\/\/www.hydraulic-cylinders.net\/fi\/wp-json\/wp\/v2\/product_tag?post=18954"}],"curies":[{"name":"wp","href":"https:\/\/api.w.org\/{rel}","templated":true}]}}