{"id":18955,"date":"2025-04-07T06:04:00","date_gmt":"2025-04-07T06:04:00","guid":{"rendered":"https:\/\/www.hydraulic-cylinders.net\/product\/boom-cylinder-for-caterpillar-middle-excavator-e320d-rr\/"},"modified":"2025-04-07T06:04:08","modified_gmt":"2025-04-07T06:04:08","slug":"boom-cylinder-for-caterpillar-middle-excavator-e320d-rr","status":"publish","type":"product","link":"https:\/\/www.hydraulic-cylinders.net\/fi\/tuote\/boom-cylinder-for-caterpillar-middle-excavator-e320d-rr\/","title":{"rendered":"Puomin sylinteri Caterpillar-kaivinkoneelle E320D RR"},"content":{"rendered":"<h1>Puomin sylinteri Caterpillar-kaivinkoneelle E320D RR<\/h1>\n<h2>Puomin sylinterin yleiskatsaus<\/h2>\n<p>Puomisylinteri on olennainen osa raskaiden koneiden hydraulij\u00e4rjestelm\u00e4\u00e4, ja se on erityisesti suunniteltu ohjaamaan kauhan liikett\u00e4 kaivinkoneissa ja kaivinkoneissa. T\u00e4m\u00e4 hydraulisylinteri mahdollistaa kauhan nostamisen, laskemisen ja kallistuksen, mik\u00e4 helpottaa materiaalink\u00e4sittelyteht\u00e4vi\u00e4 tehokkaasti. Puomisylinteri toimii k\u00e4ytt\u00e4m\u00e4ll\u00e4 hydraulinestett\u00e4 paineen luomiseen, joka puolestaan \u200b\u200btuottaa tarvittavan voiman kauhan liikuttamiseksi eri suuntiin, mik\u00e4 tekee siit\u00e4 elint\u00e4rke\u00e4n osan rakennus- ja kaivuut\u00f6iss\u00e4.<\/p>\n<p><img decoding=\"async\" src=\"https:\/\/www.hydraulic-cylinders.net\/wp-content\/uploads\/2025\/04\/songte-company-1.webp\" alt=\"Hydraulinen sylinteri\" \/><\/p>\n<h3>Puomin sylinterin t\u00e4rkeimm\u00e4t ominaisuudet<\/h3>\n<ul>\n<li><strong>Korkea lujuus ja kest\u00e4vyys:<\/strong> Tyypillisesti valmistettu eritt\u00e4in lujasta ter\u00e4ksest\u00e4 tai alumiinista, joka kest\u00e4\u00e4 korkeaa painetta ja raskaita kuormia ja sopii samalla vaativiin ty\u00f6ymp\u00e4rist\u00f6ihin. Suunniteltu kulutus- ja korroosionkest\u00e4vyys mieless\u00e4 pit\u00e4en k\u00e4ytt\u00f6i\u00e4n pident\u00e4miseksi.<\/li>\n<li><strong>Tehokas hydraulinen k\u00e4ytt\u00f6:<\/strong> Hydraulisen \u00f6ljynpaineen ansiosta laitetta voidaan vet\u00e4\u00e4 ulos ja ulos tasaisesti, mik\u00e4 mahdollistaa nopean reagoinnin k\u00e4ytt\u00f6komentoihin ja tarjoaa merkitt\u00e4v\u00e4n ty\u00f6nt\u00f6- ja vetovoiman, joka sopii raskaiden materiaalien k\u00e4sittelyyn ja monimutkaisiin teht\u00e4viin.<\/li>\n<li><strong>Erilaisia \u200b\u200btyyppej\u00e4:<\/strong> Saatavilla useissa eri kokoonpanoissa, mukaan lukien yksitoimiset (hydraulinen toiminta yhteen suuntaan) tai kaksitoimiset (hydraulinen toiminta molempiin suuntiin) sylinterit. Jotkut mallit ovat teleskooppisia, mik\u00e4 mahdollistaa suuremman jatkeen ilman ulkomittojen kasvua, mik\u00e4 tekee niist\u00e4 ihanteellisia ahtaisiin sovelluksiin.<\/li>\n<li><strong>Mukautettu valmistus:<\/strong> Tuotteemme korvaavat t\u00e4ydellisesti olemassa olevat hydraulisylinterit varmistaen yhteensopivuuden ja luotettavuuden.<\/li>\n<\/ul>\n<p><img decoding=\"async\" src=\"https:\/\/www.hydraulic-cylinders.net\/wp-content\/uploads\/2025\/04\/songte-cylinder-head-with-all-kinds-excavator-models.webp\" alt=\"Kaivinkonemallit\" \/><\/p>\n<h2>Puomisylinterin sovellukset<\/h2>\n<h3>Rakennuslaitteet<\/h3>\n<p>Kaivinkoneissa puomisylinterit ovat ratkaisevan t\u00e4rkeit\u00e4 kaivamisessa, lastaamisessa ja maaper\u00e4n tai roskien siirt\u00e4misess\u00e4. Ne tarjoavat tarvittavan voiman maan tunkeutumiseen ja raskaiden materiaalien nostamiseen, mik\u00e4 tekee niist\u00e4 korvaamattomia rakennusty\u00f6mailla. Kaivurikuormaajissa puomisylinteri avustaa sek\u00e4 kaivu- ett\u00e4 nostotoiminnoissa, jolloin kuljettajat voivat suorittaa erilaisia \u200b\u200bteht\u00e4vi\u00e4 tehokkaasti.<\/p>\n<h3>Maatalouskoneet<\/h3>\n<p>Etukuormaajissa puomisylintereill\u00e4 on t\u00e4rke\u00e4 rooli maaper\u00e4n, hein\u00e4n ja muiden materiaalien kaivamisessa, nostamisessa ja kuljetuksessa. Ne parantavat koneen toimivuutta mahdollistamalla kuljettajalle monipuoliset maatalousteht\u00e4v\u00e4t ojitusten kaivamisesta materiaalien lastaamiseen kuorma-autoihin, mik\u00e4 parantaa merkitt\u00e4v\u00e4sti tuottavuutta.<\/p>\n<h3>Kaivinkoneet<\/h3>\n<p>Kaivinkoneissa k\u00e4ytet\u00e4\u00e4n puomisylintereit\u00e4, joiden avulla kauha tunkeutuu tehokkaasti maaper\u00e4\u00e4n, mik\u00e4 helpottaa tehokasta kaivua. T\u00e4m\u00e4 ominaisuus on ratkaisevan t\u00e4rke\u00e4 projekteissa, jotka vaativat tarkkaa kaivamista, olipa kyseess\u00e4 sitten perustusten rakentaminen, maisemointi tai kunnallistekniikan asennukset.<\/p>\n<h3>Kuormaajat<\/h3>\n<p>Etukuormaajissa puomin sylinterit edist\u00e4v\u00e4t kuormien tehokasta nostamista ja tyhjent\u00e4mist\u00e4. Niiden rakenne varmistaa, ett\u00e4 raskaita materiaaleja voidaan siirt\u00e4\u00e4 tarkasti, mik\u00e4 on elint\u00e4rke\u00e4\u00e4 rakennus-, maisemointi- ja maataloussovelluksissa.<\/p>\n<h2>Suunnittelun\u00e4k\u00f6kohdat ja valintakriteerit<\/h2>\n<h3>Kantavuus<\/h3>\n<p>Puomisylinterin kuormituskapasiteetti on ratkaisevan t\u00e4rke\u00e4 seikka, koska sen on kyett\u00e4v\u00e4 k\u00e4sittelem\u00e4\u00e4n nostettavien tai siirrett\u00e4vien kuormien paino. Sopivan kuormituskapasiteetin omaavan sylinterin valitseminen varmistaa turvallisuuden ja toiminnan tehokkuuden, mik\u00e4 v\u00e4hent\u00e4\u00e4 vikaantumisriski\u00e4 raskaissa teht\u00e4viss\u00e4.<\/p>\n<h3>Tiivistyskyky<\/h3>\n<p>Tehokas tiivistys on v\u00e4ltt\u00e4m\u00e4t\u00f6nt\u00e4 hydraulinesteen vuotojen est\u00e4miseksi, jotka voivat johtaa suorituskykyongelmiin ja lis\u00e4\u00e4ntyneisiin yll\u00e4pitokustannuksiin. Korkealaatuiset tiivisteet ja laakerit on suunniteltu kest\u00e4m\u00e4\u00e4n rakennus- ja kaivut\u00f6iden ankaria olosuhteita varmistaen pitk\u00e4n k\u00e4ytt\u00f6i\u00e4n ja luotettavuuden.<\/p>\n<h3>Kest\u00e4vyys<\/h3>\n<p>Puomin sylinterin kest\u00e4vyys m\u00e4\u00e4r\u00e4ytyy k\u00e4ytettyjen materiaalien ja suunnitteluominaisuuksien mukaan. Se tulisi valmistaa kest\u00e4vist\u00e4 materiaaleista, jotka kest\u00e4v\u00e4t kulumista, mukaan lukien altistuminen erilaisille tekij\u00f6ille, kuten lialle, p\u00f6lylle ja kosteudelle, k\u00e4ytt\u00f6i\u00e4n pident\u00e4miseksi.<\/p>\n<h3>Turvaominaisuudet<\/h3>\n<p>Turvallisuus on ensiarvoisen t\u00e4rke\u00e4\u00e4 hydraulisylintereit\u00e4 valittaessa. Ominaisuudet, kuten paineenalennusventtiilit ja ylikuormitusanturit, voivat auttaa ehk\u00e4isem\u00e4\u00e4n onnettomuuksia ja laitevaurioita varmistaen turvallisen k\u00e4yt\u00f6n kaikissa ty\u00f6olosuhteissa.<\/p>\n<h3>Huolto Esteett\u00f6myys<\/h3>\n<p>Puomin sylinterin suunnittelu siten, ett\u00e4 siihen on helppo p\u00e4\u00e4st\u00e4 k\u00e4siksi huollon aikana, on ratkaisevan t\u00e4rke\u00e4\u00e4 seisokkiaikojen minimoimiseksi. Sylinterit tulee rakentaa siten, ett\u00e4 osien tarkastus ja vaihto on helppoa, mik\u00e4 helpottaa s\u00e4\u00e4nn\u00f6llist\u00e4 huoltoa ja parantaa toiminnan tehokkuutta.<\/p>\n<p><img decoding=\"async\" src=\"https:\/\/www.hydraulic-cylinders.net\/wp-content\/uploads\/2025\/04\/songte-oil-pipes-and-spare-parts.webp\" alt=\"Hydrauliset osat\" \/><\/p>\n<h2>Tiivistys ja voitelu<\/h2>\n<p>Puomin sylinterin tehokkuus riippuu suuresti sen tiivistys- ja voiteluj\u00e4rjestelmist\u00e4. Hydraulinesteen vuotamisen est\u00e4miseksi k\u00e4ytet\u00e4\u00e4n erilaisia \u200b\u200btiivisteit\u00e4, kuten m\u00e4nn\u00e4ntiivisteit\u00e4 ja varren tiivisteit\u00e4. Kulutusta kest\u00e4vyyden vuoksi suositaan hankausta kest\u00e4vist\u00e4 materiaaleista, kuten polyuretaanista ja nitriilikumista, valmistettuja tiivisteit\u00e4. Sylinterin runko ja kierteitetyt p\u00e4\u00e4typinnat on hienosti k\u00e4sitelty kulutuskest\u00e4vyyden parantamiseksi. Lis\u00e4ksi s\u00e4\u00e4nn\u00f6llinen voitelu hydrauli\u00f6ljyll\u00e4 on v\u00e4ltt\u00e4m\u00e4t\u00f6nt\u00e4 suorituskyvyn yll\u00e4pit\u00e4miseksi ja kulumisen est\u00e4miseksi.<\/p>\n<h2>Ennaltaehk\u00e4isev\u00e4t toimenpiteet ja s\u00e4\u00e4nn\u00f6llinen huolto<\/h2>\n<ul>\n<li><strong>S\u00e4\u00e4nn\u00f6lliset tarkastukset:<\/strong> Rutiinitarkastusten tekeminen auttaa havaitsemaan mahdolliset ongelmat varhaisessa vaiheessa. Tarkista osien kulumisen, vuotojen tai vaurioiden merkit varmistaaksesi, ett\u00e4 puomin sylinteri toimii tehokkaasti.<\/li>\n<li><strong>Oikea voitelu:<\/strong> Riitt\u00e4v\u00e4 voitelu on elint\u00e4rke\u00e4\u00e4 puomin sylinterin sujuvalle toiminnalle. Tarkista hydrauliikka\u00f6ljyn m\u00e4\u00e4r\u00e4 ja t\u00e4yt\u00e4 se s\u00e4\u00e4nn\u00f6llisesti optimaalisen suorituskyvyn yll\u00e4pit\u00e4miseksi ja vaurioiden est\u00e4miseksi.<\/li>\n<li><strong>Tiivisteen vaihto:<\/strong> Tiivisteet tulee vaihtaa s\u00e4\u00e4nn\u00f6llisesti vuotojen v\u00e4ltt\u00e4miseksi. Kulumisen merkkien asianmukainen tunnistaminen voi auttaa s\u00e4ilytt\u00e4m\u00e4\u00e4n hydraulij\u00e4rjestelm\u00e4n eheyden.<\/li>\n<\/ul>\n<h2>Asennusohjeet<\/h2>\n<p>Puomisylinterin oikea asennus on ratkaisevan t\u00e4rke\u00e4\u00e4 tehokkaan toiminnan varmistamiseksi. Aloita kohdistamalla sylinteri oikein koneen kiinnityspisteisiin. K\u00e4yt\u00e4 sopivia asennuskiinnikkeit\u00e4 sylinterin kiinnitt\u00e4miseen paikalleen ja varmista, ett\u00e4 se on vakaa. On t\u00e4rke\u00e4\u00e4 tarkistaa, ett\u00e4 kaikki liitokset ovat tiukat eik\u00e4 ole esteit\u00e4, jotka saattaisivat vaikeuttaa liikett\u00e4. Valmistajan ohjeiden noudattaminen auttaa saavuttamaan parhaat tulokset asennuksen aikana. S\u00e4\u00e4nn\u00f6llinen kohdistuksen tarkistaminen asennuksen j\u00e4lkeen voi auttaa yll\u00e4pit\u00e4m\u00e4\u00e4n suorituskyky\u00e4 ja ehk\u00e4isem\u00e4\u00e4n ongelmia.<\/p>\n<p><img decoding=\"async\" src=\"https:\/\/www.hydraulic-cylinders.net\/wp-content\/uploads\/2025\/04\/songte-chushion-collar.webp\" alt=\"Tyynykaulus\" \/><\/p>\n<h2>Yleiset huoltoteht\u00e4v\u00e4t<\/h2>\n<h3>S\u00e4\u00e4nn\u00f6lliset tarkastukset<\/h3>\n<p>Puomisylinterin s\u00e4\u00e4nn\u00f6lliset tarkastukset ovat v\u00e4ltt\u00e4m\u00e4tt\u00f6mi\u00e4 mahdollisten kulumien ja repe\u00e4mien havaitsemiseksi ennen kuin niist\u00e4 kehittyy merkitt\u00e4vi\u00e4 ongelmia. Etsi merkkej\u00e4 vuodoista tai vaurioista ja varmista, ett\u00e4 kaikki komponentit toimivat oikein. Ongelmien varhainen havaitseminen voi s\u00e4\u00e4st\u00e4\u00e4 aikaa ja kustannuksia, jotka liittyv\u00e4t suuriin korjauksiin.<\/p>\n<h3>Oikea voitelu<\/h3>\n<p>Oikean hydrauli\u00f6ljyn tason yll\u00e4pit\u00e4minen on ratkaisevan t\u00e4rke\u00e4\u00e4 puomin sylinterin moitteettoman toiminnan kannalta. Varmista, ett\u00e4 \u00f6ljy on vapaa ep\u00e4puhtauksista ja ett\u00e4 se t\u00e4ytt\u00e4\u00e4 valmistajan m\u00e4\u00e4rittelem\u00e4t vaatimukset. S\u00e4\u00e4nn\u00f6llinen voitelu edist\u00e4\u00e4 optimaalista suorituskyky\u00e4 ja voi pident\u00e4\u00e4 merkitt\u00e4v\u00e4sti hydraulikomponenttien k\u00e4ytt\u00f6ik\u00e4\u00e4.<\/p>\n<h3>Tiivisteen vaihto<\/h3>\n<p>Ajan my\u00f6t\u00e4 tiivisteet voivat kulua ja ne on ehk\u00e4 vaihdettava hydraulinesteen vuotojen est\u00e4miseksi. Tarkista tiivisteiden kunto s\u00e4\u00e4nn\u00f6llisesti ja vaihda ne tarvittaessa. T\u00e4m\u00e4 parantaa puomin sylinterin luotettavuutta ja est\u00e4\u00e4 hydraulinesteen h\u00e4vikki\u00e4, joka voi vaikuttaa suorituskykyyn.<\/p>\n<h2>Turvallisuus- ja ymp\u00e4rist\u00f6n\u00e4k\u00f6kohdat<\/h2>\n<p>Hydraulij\u00e4rjestelmien kanssa ty\u00f6skennelt\u00e4ess\u00e4 turvatoimenpiteet ovat ensiarvoisen t\u00e4rkeit\u00e4. K\u00e4ytt\u00e4j\u00e4t tulee kouluttaa hydraulisten koneiden turvalliseen k\u00e4sittelyyn varmistaen, ett\u00e4 he ymm\u00e4rt\u00e4v\u00e4t suojavarusteiden merkityksen ja noudattavat turvallisuusprotokollia. Lis\u00e4ksi hydraulinesteiden ja kuluneiden osien asianmukainen h\u00e4vitt\u00e4minen on olennaista ymp\u00e4rist\u00f6vaikutusten minimoimiseksi.<\/p>\n<h2>Yleisten ongelmien vianm\u00e4\u00e4ritys<\/h2>\n<ul>\n<li><strong>Vuoto:<\/strong> Jos sylinterist\u00e4 vuotaa hydraulinestett\u00e4, se voi johtua kuluneista tiivisteist\u00e4 tai vaurioituneista letkuista. Tarkista n\u00e4m\u00e4 osat ja vaihda ne tarvittaessa.<\/li>\n<li><strong>Heikentynyt suorituskyky:<\/strong> Sylinterin suorituskyvyn heikkeneminen voi viitata alhaiseen hydrauliikka\u00f6ljyn tasoon tai ep\u00e4puhtauksiin j\u00e4rjestelm\u00e4ss\u00e4. Varmista oikeat \u00f6ljytasot ja puhtaus.<\/li>\n<li><strong>Reagoimaton toiminto:<\/strong> Jos sylinteri ei reagoi ohjaimiin, tarkista onko siin\u00e4 ongelmia, kuten tukkeutuneita linjoja tai toimintah\u00e4iri\u00f6isi\u00e4 venttiilej\u00e4. Korjaa n\u00e4m\u00e4 ongelmat viipym\u00e4tt\u00e4 toiminnan palauttamiseksi.<\/li>\n<\/ul>\n<p><img decoding=\"async\" src=\"https:\/\/www.hydraulic-cylinders.net\/wp-content\/uploads\/2025\/04\/songte-bushings-with-all-kinds-of-excavator-models.webp\" alt=\"Kaivinkoneen holkit\" \/><\/p>\n<h2>Yrityksen yleiskatsaus<\/h2>\n<p>Olemme johtava hydraulisylinterien valmistaja, joka on erikoistunut korkealaatuisten varaosien valmistukseen erilaisiin sovelluksiin. Tuotevalikoimamme on laaja, mik\u00e4 tekee meist\u00e4 yhden johtavista valmistajista ja tukkukauppiaista sek\u00e4 kotimaisilla ett\u00e4 kansainv\u00e4lisill\u00e4 markkinoilla. Noudatamme erinomaisuuden periaatteita ja hy\u00f6dynn\u00e4mme hienostuneita valmistusprosessejamme ja edistynytt\u00e4 teknologiaamme varmistaaksemme huippuluokan tuotteiden laadun.<\/p>\n<p><img decoding=\"async\" src=\"https:\/\/www.hydraulic-cylinders.net\/wp-content\/uploads\/2025\/04\/songte-company-4.webp\" alt=\"Yrityksen yleiskatsaus 1\" \/><br \/>\n<img decoding=\"async\" src=\"https:\/\/www.hydraulic-cylinders.net\/wp-content\/uploads\/2025\/04\/songte-company-3.webp\" alt=\"Yrityksen yleiskatsaus 2\" \/><\/p>\n<p>Sitoutumalla ammatillisiin standardeihin, kansainv\u00e4lisiin sertifiointeihin ja r\u00e4\u00e4t\u00e4l\u00f6ityyn palveluun parannamme jatkuvasti tuotantokapasiteettiamme varmistaaksemme, ett\u00e4 vastaamme monipuolisiin asiakkaidemme tarpeisiin tehokkaasti, tarkasti ja laadukkaasti.<\/p>\n<p>Kirjoittaja: lyl<\/p>","protected":false},"excerpt":{"rendered":"<p>Boom Cylinder For Caterpillar Middle Excavator E320D RR Overview of Boom Cylinder The Boom Cylinder is an essential component of the hydraulic system in heavy machinery, specifically designed to control the motion of the bucket in excavators and backhoe loaders. This hydraulic cylinder allows for the lifting, lowering, and tilting of the bucket, facilitating material [&hellip;]<\/p>","protected":false},"featured_media":17867,"comment_status":"open","ping_status":"closed","template":"","meta":{"_et_pb_use_builder":"","_et_pb_old_content":"","_et_gb_content_width":""},"product_brand":[],"product_cat":[1546],"product_tag":[1547,1496],"class_list":{"0":"post-18955","1":"product","2":"type-product","3":"status-publish","4":"has-post-thumbnail","6":"product_cat-boom-cylinders","7":"product_tag-boom-cylinders","8":"product_tag-hydraulic-cylinders","10":"first","11":"instock","12":"shipping-taxable","13":"product-type-simple"},"amp_enabled":true,"_links":{"self":[{"href":"https:\/\/www.hydraulic-cylinders.net\/fi\/wp-json\/wp\/v2\/product\/18955","targetHints":{"allow":["GET"]}}],"collection":[{"href":"https:\/\/www.hydraulic-cylinders.net\/fi\/wp-json\/wp\/v2\/product"}],"about":[{"href":"https:\/\/www.hydraulic-cylinders.net\/fi\/wp-json\/wp\/v2\/types\/product"}],"replies":[{"embeddable":true,"href":"https:\/\/www.hydraulic-cylinders.net\/fi\/wp-json\/wp\/v2\/comments?post=18955"}],"wp:featuredmedia":[{"embeddable":true,"href":"https:\/\/www.hydraulic-cylinders.net\/fi\/wp-json\/wp\/v2\/media\/17867"}],"wp:attachment":[{"href":"https:\/\/www.hydraulic-cylinders.net\/fi\/wp-json\/wp\/v2\/media?parent=18955"}],"wp:term":[{"taxonomy":"product_brand","embeddable":true,"href":"https:\/\/www.hydraulic-cylinders.net\/fi\/wp-json\/wp\/v2\/product_brand?post=18955"},{"taxonomy":"product_cat","embeddable":true,"href":"https:\/\/www.hydraulic-cylinders.net\/fi\/wp-json\/wp\/v2\/product_cat?post=18955"},{"taxonomy":"product_tag","embeddable":true,"href":"https:\/\/www.hydraulic-cylinders.net\/fi\/wp-json\/wp\/v2\/product_tag?post=18955"}],"curies":[{"name":"wp","href":"https:\/\/api.w.org\/{rel}","templated":true}]}}