{"id":18957,"date":"2025-04-07T06:04:14","date_gmt":"2025-04-07T06:04:14","guid":{"rendered":"https:\/\/www.hydraulic-cylinders.net\/product\/boom-cylinder-for-caterpillar-middle-excavator-e325d\/"},"modified":"2025-04-07T06:04:16","modified_gmt":"2025-04-07T06:04:16","slug":"boom-cylinder-for-caterpillar-middle-excavator-e325d","status":"publish","type":"product","link":"https:\/\/www.hydraulic-cylinders.net\/fi\/tuote\/boom-cylinder-for-caterpillar-middle-excavator-e325d\/","title":{"rendered":"Puomin sylinteri Caterpillar-kaivukoneelle E325D"},"content":{"rendered":"<h1>Puomin sylinteri Caterpillar-kaivukoneelle E325D<\/h1>\n<h2>Johdatus puomin sylinteriin<\/h2>\n<p>Puomin sylinteri on hydraulij\u00e4rjestelmien t\u00e4rke\u00e4 osa, ja se on erityisesti suunniteltu ohjaamaan kauhan liikett\u00e4 erilaisissa raskaissa koneissa, kuten kaivinkoneissa, kaivurikuormaajissa ja etukuormaajissa. T\u00e4m\u00e4 hydraulisylinteri mahdollistaa kauhan nostamisen, laskemisen ja kallistumisen, mik\u00e4 helpottaa tehokasta materiaalink\u00e4sittely\u00e4. Pohjimmiltaan puomin sylinterit ovat hydraulisia toimilaitteita, jotka muuntavat hydraulisen energian mekaaniseksi liikkeeksi, mik\u00e4 mahdollistaa raskaiden kuormien tarkan hallinnan.<\/p>\n<p><img decoding=\"async\" src=\"https:\/\/www.hydraulic-cylinders.net\/wp-content\/uploads\/2025\/04\/songte-company-1.webp\" alt=\"Puomin sylinteri\" \/><\/p>\n<h3>Puomisylinterien t\u00e4rkeimm\u00e4t ominaisuudet<\/h3>\n<ul>\n<li><strong>Korkea lujuus ja kest\u00e4vyys:<\/strong> Tyypillisesti lujasta ter\u00e4ksest\u00e4 tai alumiinista valmistetut sylinterit kest\u00e4v\u00e4t korkeita paineita ja raskaita kuormia, joten ne sopivat vaativiin ty\u00f6ymp\u00e4rist\u00f6ihin. Suunnittelussa on otettu huomioon my\u00f6s kulutuskest\u00e4vyys ja korroosionkest\u00e4vyys, mik\u00e4 pident\u00e4\u00e4 tuotteen k\u00e4ytt\u00f6ik\u00e4\u00e4.<\/li>\n<li><strong>Tehokas hydraulinen k\u00e4ytt\u00f6:<\/strong> Hydrauli\u00f6ljyn painetta hy\u00f6dynt\u00e4v\u00e4t puomin sylinterit saavuttavat tasaisen ojennuksen ja sis\u00e4\u00e4nvedon, reagoiden nopeasti k\u00e4ytt\u00e4j\u00e4n komentoihin ja tarjoten samalla voimakkaan ty\u00f6nt\u00f6- ja vetovoiman, mik\u00e4 sopii ihanteellisesti raskaiden ja monimutkaisten teht\u00e4vien k\u00e4sittelyyn.<\/li>\n<li><strong>Erilaisia \u200b\u200btyyppej\u00e4:<\/strong> Puomisylintereit\u00e4 on saatavana yksitoimisina (hydraulisesti yhteen suuntaan) tai kaksitoimisina (hydraulisesti molempiin suuntiin) kokoonpanoina erilaisten k\u00e4ytt\u00f6tarpeiden t\u00e4ytt\u00e4miseksi. Jotkut mallit ovat teleskooppisia, mik\u00e4 mahdollistaa suuremman jatkeen ilman ulkomittojen kasvua, mik\u00e4 sopii ahtaisiin k\u00e4ytt\u00f6tarkoituksiin.<\/li>\n<li><strong>Yhteensopivuus:<\/strong> Tuotteemme voivat t\u00e4ydellisesti korvata olemassa olevat hydraulisylinterit varmistaen saumattoman integroinnin ja suorituskyvyn koneisiisi.<\/li>\n<\/ul>\n<p><img decoding=\"async\" src=\"https:\/\/www.hydraulic-cylinders.net\/wp-content\/uploads\/2025\/04\/songte-cylinder-head-with-all-kinds-excavator-models.webp\" alt=\"Hydraulisylinterin vaihto\" \/><\/p>\n<h2>Puomisylinterien sovellukset<\/h2>\n<h3>Rakennuslaitteet<\/h3>\n<p>Kaivinkoneissa puomisylinterit ovat elint\u00e4rkeit\u00e4 kaivamisessa, lastaamisessa ja maan tai roskien siirt\u00e4misess\u00e4. Niiden kyky ojentaa ja supistaa mahdollistaa tarkat kaivuutoiminnot, mik\u00e4 on ratkaisevan t\u00e4rke\u00e4\u00e4 rakennusprojekteissa. Kaivurikuormaajissa puomisylinteri ei ainoastaan \u200b\u200bauta kaivamisessa, vaan my\u00f6s kuormien nostamisessa, mik\u00e4 lis\u00e4\u00e4 koneen monipuolisuutta ty\u00f6maalla.<\/p>\n<h3>Maatalouskoneet<\/h3>\n<p>Etukuormaajissa puomin sylinterit helpottavat maaper\u00e4n, hein\u00e4n ja muiden materiaalien kaivamista, nostamista ja kuljetusta. Niiden toiminnallisuus parantaa maatalousteht\u00e4vien tehokkuutta, mik\u00e4 nopeuttaa toimintaa ja lis\u00e4\u00e4 maatilojen tuottavuutta.<\/p>\n<h3>Kaivuuty\u00f6t<\/h3>\n<p>Kaivinkoneissa k\u00e4ytet\u00e4\u00e4n puomisylintereit\u00e4 tunkeutuakseen tehokkaasti maaper\u00e4\u00e4n, mik\u00e4 tekee niist\u00e4 v\u00e4ltt\u00e4m\u00e4tt\u00f6mi\u00e4 kaivut\u00f6iss\u00e4. N\u00e4iden sylinterien hydraulinen toiminta tarjoaa tarvittavan voiman maan rikkomiseen ja mullan poistamiseen, mik\u00e4 on osoittautunut olennaiseksi rakennus- ja kaivuprojekteissa.<\/p>\n<h3>Koneiden lastaus<\/h3>\n<p>Etukuormaajissa puomisylinterit auttavat materiaalien tehokkaassa nostamisessa ja tyhjent\u00e4misess\u00e4. Niiden rakenne mahdollistaa optimaalisen kuormank\u00e4sittelyn, mik\u00e4 varmistaa teht\u00e4vien nopean ja tehokkaan suorittamisen, mik\u00e4 on elint\u00e4rke\u00e4\u00e4 erilaisissa teollisissa sovelluksissa.<\/p>\n<h2>Suunnittelun\u00e4k\u00f6kohdat ja valintastandardit<\/h2>\n<h3>Kantavuus<\/h3>\n<p>Puomisylinteri\u00e4 valittaessa on t\u00e4rke\u00e4\u00e4 ottaa huomioon tietyn sovelluksen vaatima kuormituskapasiteetti. Sylinterin on kyett\u00e4v\u00e4 k\u00e4sittelem\u00e4\u00e4n k\u00e4yt\u00f6n aikana kohtaamaansa enimm\u00e4ispainoa. T\u00e4m\u00e4 edellytt\u00e4\u00e4 hydraulisten painetasojen ja nostettavien tai siirrett\u00e4vien materiaalien ymm\u00e4rt\u00e4mist\u00e4. Oikea kuormituskapasiteetti varmistaa turvallisuuden ja pident\u00e4\u00e4 laitteen k\u00e4ytt\u00f6ik\u00e4\u00e4.<\/p>\n<h3>Tiivisteen eheys<\/h3>\n<p>Tiivisteill\u00e4 on ratkaiseva rooli hydraulisylinterien suorituskyvyss\u00e4. Korkealaatuisten tiivisteiden, kuten m\u00e4nn\u00e4ntiivisteiden ja varren tiivisteiden, valinta on olennaista vuotojen est\u00e4miseksi ja hydraulipaineen yll\u00e4pit\u00e4miseksi. Tehokas tiivistys ei ainoastaan \u200b\u200bparanna tehokkuutta, vaan my\u00f6s pident\u00e4\u00e4 hydraulij\u00e4rjestelm\u00e4n k\u00e4ytt\u00f6ik\u00e4\u00e4 minimoimalla komponenttien kulumista.<\/p>\n<h3>Kest\u00e4vyys<\/h3>\n<p>Kest\u00e4vyys on merkitt\u00e4v\u00e4 tekij\u00e4 hydraulisylintereiss\u00e4, erityisesti vaativissa ymp\u00e4rist\u00f6iss\u00e4. Rakenteessa k\u00e4ytettyjen materiaalien tulee kest\u00e4\u00e4 korroosiota ja kulumista. Lis\u00e4ksi suunnittelun tulee ottaa huomioon raskaiden koneiden puomisylinterien usein kohtaamat suuret rasitukset.<\/p>\n<h3>Turvaominaisuudet<\/h3>\n<p>Turvallisuus on ensiarvoisen t\u00e4rke\u00e4\u00e4 hydrauliikkaj\u00e4rjestelmien suunnittelussa. Turvaominaisuuksien, kuten paineenalennusventtiilien ja ylikuormitussuojamekanismien, toteuttaminen auttaa est\u00e4m\u00e4\u00e4n onnettomuuksia ja laitteiden vikoja. Lis\u00e4ksi sylinterien suunnittelussa turvallisuustekij\u00e4t varmistavat luotettavan suorituskyvyn erilaisissa k\u00e4ytt\u00f6olosuhteissa.<\/p>\n<h3>Huolto ja korjattavuus<\/h3>\n<p>Huoltotarpeen huomioiminen suunnittelussa on ratkaisevan t\u00e4rke\u00e4\u00e4 seisokkiaikojen v\u00e4hent\u00e4miseksi. Puomisylintereiden tulisi mahdollistaa tiivisteiden ja komponenttien helppo p\u00e4\u00e4sy tarkastusta ja korjausta varten. S\u00e4\u00e4nn\u00f6lliset huoltotarkastukset ja kuluneiden osien vaihtomahdollisuus ovat t\u00e4rkeit\u00e4 laitteiden pitk\u00e4aikaisen toimivuuden ja turvallisuuden varmistamiseksi.<\/p>\n<p><img decoding=\"async\" src=\"https:\/\/www.hydraulic-cylinders.net\/wp-content\/uploads\/2025\/04\/songte-oil-pipes-and-spare-parts.webp\" alt=\"Hydraulisylinterin huolto\" \/><\/p>\n<h2>Hydraulisylinterien tiivistys ja voitelu<\/h2>\n<p>Tehokas tiivistys on elint\u00e4rke\u00e4\u00e4 hydraulisylintereille. Erilaiset tiivistyselementit, mukaan lukien m\u00e4nn\u00e4ntiivisteet ja varren tiivisteet, on valittava materiaalien yhteensopivuuden ja kulutuskest\u00e4vyyden perusteella. Yleisi\u00e4 tiivistemateriaaleja ovat polyuretaani ja nitriilikumi, jotka tunnetaan kest\u00e4vyydest\u00e4\u00e4n hydraulisissa sovelluksissa. Sylinterin runko ja kierteitetyt p\u00e4\u00e4typinnat tulee ty\u00f6st\u00e4\u00e4 hienosti kulutuskest\u00e4vyyden parantamiseksi, tiiviin tiivisteen varmistamiseksi ja vuotojen est\u00e4miseksi. Lis\u00e4ksi on t\u00e4rke\u00e4\u00e4 t\u00e4ytt\u00e4\u00e4 s\u00e4\u00e4nn\u00f6llisesti hydrauli\u00f6ljy\u00e4 voitelua varten, mik\u00e4 v\u00e4hent\u00e4\u00e4 liikkuvien osien kitkaa ja kulumista, mik\u00e4 on ratkaisevan t\u00e4rke\u00e4\u00e4 suorituskyvyn ja pitk\u00e4ik\u00e4isyyden yll\u00e4pit\u00e4miseksi.<\/p>\n<h2>Ennaltaehk\u00e4isev\u00e4t huoltotoimenpiteet<\/h2>\n<ul>\n<li><strong>S\u00e4\u00e4nn\u00f6lliset tarkastukset:<\/strong> Rutiinitarkastusten suorittaminen voi auttaa tunnistamaan mahdolliset ongelmat ennen kuin ne pahenevat. Tarkista vuodot, ep\u00e4tavalliset \u00e4\u00e4net ja kulumisen merkit varmistaaksesi, ett\u00e4 sylinteri toimii optimaalisesti.<\/li>\n<li><strong>Asianmukainen voitelu:<\/strong> Riitt\u00e4v\u00e4n voitelun yll\u00e4pit\u00e4minen on ratkaisevan t\u00e4rke\u00e4\u00e4 liiallisen kulumisen est\u00e4miseksi. Varmista, ett\u00e4 hydrauliikka\u00f6ljyn taso on riitt\u00e4v\u00e4, ja vaihda likaantunut \u00f6ljy tarvittaessa sujuvan toiminnan varmistamiseksi.<\/li>\n<li><strong>Tiivisteen vaihto:<\/strong> Tarkista tiivisteiden kuluminen s\u00e4\u00e4nn\u00f6llisesti ja vaihda ne viipym\u00e4tt\u00e4 vuotojen est\u00e4miseksi ja hydraulipaineen yll\u00e4pit\u00e4miseksi. T\u00e4m\u00e4 auttaa v\u00e4ltt\u00e4m\u00e4\u00e4n kalliita seisokkeja ja korjauksia.<\/li>\n<\/ul>\n<h2>Asennusohjeet<\/h2>\n<p>Puomisylinterin oikea asennus on v\u00e4ltt\u00e4m\u00e4t\u00f6nt\u00e4 optimaalisen suorituskyvyn ja pitk\u00e4n k\u00e4ytt\u00f6i\u00e4n kannalta. Aloita varmistamalla, ett\u00e4 kaikki komponentit on kohdistettu oikein. K\u00e4yt\u00e4 sopivia kiinnitystelineit\u00e4 sylinterin kiinnitt\u00e4miseen, jotta est\u00e4t virhekohdistuksen k\u00e4yt\u00f6n aikana. On eritt\u00e4in t\u00e4rke\u00e4\u00e4 noudattaa valmistajan ohjeita v\u00e4\u00e4nt\u00f6momentin asetuksista ja asennusmenetelmist\u00e4. Asennuksen j\u00e4lkeen tarkista oikea kohdistus ja toimivuus k\u00e4ytt\u00e4m\u00e4ll\u00e4 sylinteri\u00e4 eri nopeuksilla ja kuormilla. Tarkista s\u00e4\u00e4nn\u00f6llisesti, ett\u00e4 kokoonpano on edelleen tukevasti kiinnitetty ja esteet\u00f6n sujuvan toiminnan varmistamiseksi.<\/p>\n<h2>Huoltoteht\u00e4v\u00e4t<\/h2>\n<ul>\n<li><strong>S\u00e4\u00e4nn\u00f6lliset tarkastukset:<\/strong> Hydraulij\u00e4rjestelm\u00e4n s\u00e4\u00e4nn\u00f6lliset tarkastukset auttavat havaitsemaan ongelmat varhaisessa vaiheessa. Etsi merkkej\u00e4 nestevuodoista, korroosiosta tai osien ep\u00e4tavallisesta kulumisesta, jotka voivat viitata taustalla oleviin ongelmiin.<\/li>\n<li><strong>Oikea voitelu:<\/strong> Varmista, ett\u00e4 kaikki liikkuvat osat on voideltu riitt\u00e4v\u00e4sti kitkan ja kulumisen minimoimiseksi. Voitelun laiminly\u00f6nti voi johtaa ennenaikaisiin vaurioihin ja kalliisiin korjauksiin.<\/li>\n<li><strong>Tiivisteen vaihto:<\/strong> Tiivisteet tulee tarkistaa s\u00e4\u00e4nn\u00f6llisesti kulumisen varalta ja vaihtaa tarvittaessa. T\u00e4m\u00e4 est\u00e4\u00e4 vakavia vikoja ja yll\u00e4pit\u00e4\u00e4 hydraulipainetta varmistaen tehokkaan toiminnan.<\/li>\n<\/ul>\n<h2>Turvallisuusn\u00e4k\u00f6kohdat ja ymp\u00e4rist\u00f6tekij\u00e4t<\/h2>\n<p>Turvatoimenpiteet ovat elint\u00e4rkeit\u00e4 hydraulisylintereiden kanssa ty\u00f6skennelt\u00e4ess\u00e4. K\u00e4ytt\u00e4j\u00e4t tulee kouluttaa turvallisiin k\u00e4sittelytapoihin, mukaan lukien mahdollisten vaarojen tuntemus. Kaikkien turvaominaisuuksien, kuten h\u00e4t\u00e4sulkuventtiilien, toimintakunnon varmistaminen voi lievent\u00e4\u00e4 riskej\u00e4. Lis\u00e4ksi on otettava huomioon ymp\u00e4rist\u00f6vaikutukset hydraulinesteiden tai kuluneiden osien h\u00e4vitt\u00e4misess\u00e4 paikallisten m\u00e4\u00e4r\u00e4ysten noudattamiseksi ja kest\u00e4v\u00e4n kehityksen edist\u00e4miseksi.<\/p>\n<h2>Vianm\u00e4\u00e4ritys ja yleiset ongelmat<\/h2>\n<ul>\n<li><strong>Vuoto:<\/strong> Tarkista tiivisteet ja liitokset hydraulinesteen vuodon varalta. Tarkista kuluneet tai vaurioituneet tiivisteet ja vaihda ne tarvittaessa hydraulipaineen yll\u00e4pit\u00e4miseksi.<\/li>\n<li><strong>Huono suorituskyky:<\/strong> Jos sylinteri ei reagoi odotetulla tavalla, tarkista hydraulinesteen tasot ja varmista, ettei letkuissa ole tukoksia. J\u00e4rjestelm\u00e4\u00e4n j\u00e4\u00e4nyt ilma voi my\u00f6s heikent\u00e4\u00e4 tehokkuutta.<\/li>\n<li><strong>Ylikuumeneminen:<\/strong> Liiallinen kuumuus voi viitata ylikuormitukseen tai riitt\u00e4m\u00e4tt\u00f6m\u00e4\u00e4n voiteluun. Tarkkaile k\u00e4ytt\u00f6olosuhteita ja varmista, ettei j\u00e4rjestelm\u00e4 ylit\u00e4 nimelliskapasiteettiaan.<\/li>\n<\/ul>\n<p>N\u00e4iden ongelmien ratkaisemiseksi on t\u00e4rke\u00e4\u00e4 noudattaa systemaattista vianm\u00e4\u00e4ritysmenetelm\u00e4\u00e4. S\u00e4\u00e4nn\u00f6llinen huolto ja nopeat korjaavat toimenpiteet voivat est\u00e4\u00e4 pienten ongelmien paisumisen merkitt\u00e4viksi vikoiksi.<\/p>\n<p><img decoding=\"async\" src=\"https:\/\/www.hydraulic-cylinders.net\/wp-content\/uploads\/2025\/04\/songte-bushings-with-all-kinds-of-excavator-models.webp\" alt=\"Hydraulisylinterin osat\" \/><\/p>\n<h2>Yrityksen yleiskatsaus<\/h2>\n<p>Olemme johtava hydraulisylintereiden valmistaja ja tukkumyyj\u00e4, joka on erikoistunut tarjoamaan vaihtovaihtoehtoja erilaisiin sovelluksiin. Laaja tuotevalikoimamme on tehnyt meist\u00e4 edell\u00e4k\u00e4vij\u00e4n sek\u00e4 kotimaisilla ett\u00e4 kansainv\u00e4lisill\u00e4 markkinoilla. Noudatamme tiukkoja laatustandardeja ja luotamme hienostuneisiin valmistuksenohjausstrategioihin varmistaaksemme huippuosaamisen. Investointimme ammattitaitoiseen henkil\u00f6st\u00f6\u00f6n, edistyneisiin digitaalisiin valmistuslaitteisiin ja erikoistuneisiin testausj\u00e4rjestelmiin parantavat jatkuvasti tuotantokapasiteettiamme. Noudattamalla tehokkuuden, tarkkuuden ja laadun periaatteita vastaamme asiakkaidemme monipuolisiin tarpeisiin.<\/p>\n<p><img decoding=\"async\" src=\"https:\/\/www.hydraulic-cylinders.net\/wp-content\/uploads\/2025\/04\/songte-company-4.webp\" alt=\"Yrityksen tuotanto\" \/><br \/>\n<img decoding=\"async\" src=\"https:\/\/www.hydraulic-cylinders.net\/wp-content\/uploads\/2025\/04\/songte-company-3.webp\" alt=\"Tuotantolaitos\" \/><\/p>\n<p>Asiantuntemuksemme ulottuu useille eri alueille, mukaan lukien ammatilliset sertifikaatit, r\u00e4\u00e4t\u00e4l\u00f6idyt palvelutarjoukset, huippuluokan tuotantolaitteet ja poikkeuksellinen j\u00e4lkimarkkinointituki, varmistaen, ett\u00e4 asiakkaamme saavat parhaat mahdolliset tuotteet ja palvelun.<\/p>\n<p>Kirjoittaja: lyl<\/p>","protected":false},"excerpt":{"rendered":"<p>Boom Cylinder For Caterpillar Middle Excavator E325D Introduction to Boom Cylinder The boom cylinder is a crucial component in hydraulic systems, specifically designed to control the movement of the bucket in various heavy machinery such as excavators, backhoe loaders, and front loaders. This hydraulic cylinder enables the bucket to lift, lower, and tilt, facilitating efficient [&hellip;]<\/p>","protected":false},"featured_media":17869,"comment_status":"open","ping_status":"closed","template":"","meta":{"_et_pb_use_builder":"","_et_pb_old_content":"","_et_gb_content_width":""},"product_brand":[],"product_cat":[1546],"product_tag":[1547,1496],"class_list":{"0":"post-18957","1":"product","2":"type-product","3":"status-publish","4":"has-post-thumbnail","6":"product_cat-boom-cylinders","7":"product_tag-boom-cylinders","8":"product_tag-hydraulic-cylinders","10":"first","11":"instock","12":"shipping-taxable","13":"product-type-simple"},"amp_enabled":true,"_links":{"self":[{"href":"https:\/\/www.hydraulic-cylinders.net\/fi\/wp-json\/wp\/v2\/product\/18957","targetHints":{"allow":["GET"]}}],"collection":[{"href":"https:\/\/www.hydraulic-cylinders.net\/fi\/wp-json\/wp\/v2\/product"}],"about":[{"href":"https:\/\/www.hydraulic-cylinders.net\/fi\/wp-json\/wp\/v2\/types\/product"}],"replies":[{"embeddable":true,"href":"https:\/\/www.hydraulic-cylinders.net\/fi\/wp-json\/wp\/v2\/comments?post=18957"}],"wp:featuredmedia":[{"embeddable":true,"href":"https:\/\/www.hydraulic-cylinders.net\/fi\/wp-json\/wp\/v2\/media\/17869"}],"wp:attachment":[{"href":"https:\/\/www.hydraulic-cylinders.net\/fi\/wp-json\/wp\/v2\/media?parent=18957"}],"wp:term":[{"taxonomy":"product_brand","embeddable":true,"href":"https:\/\/www.hydraulic-cylinders.net\/fi\/wp-json\/wp\/v2\/product_brand?post=18957"},{"taxonomy":"product_cat","embeddable":true,"href":"https:\/\/www.hydraulic-cylinders.net\/fi\/wp-json\/wp\/v2\/product_cat?post=18957"},{"taxonomy":"product_tag","embeddable":true,"href":"https:\/\/www.hydraulic-cylinders.net\/fi\/wp-json\/wp\/v2\/product_tag?post=18957"}],"curies":[{"name":"wp","href":"https:\/\/api.w.org\/{rel}","templated":true}]}}