{"id":18962,"date":"2025-04-07T06:04:27","date_gmt":"2025-04-07T06:04:27","guid":{"rendered":"https:\/\/www.hydraulic-cylinders.net\/product\/boom-cylinder-for-caterpillar-large-excavator-e349dz\/"},"modified":"2025-04-07T06:04:29","modified_gmt":"2025-04-07T06:04:29","slug":"boom-cylinder-for-caterpillar-large-excavator-e349dz","status":"publish","type":"product","link":"https:\/\/www.hydraulic-cylinders.net\/fi\/tuote\/boom-cylinder-for-caterpillar-large-excavator-e349dz\/","title":{"rendered":"Puomin sylinteri Caterpillar-kaivukoneelle E349DZ"},"content":{"rendered":"<h1>Puomin sylinteri Caterpillar-kaivukoneelle E349DZ<\/h1>\n<h2>Tuotteen yleiskatsaus<\/h2>\n<p>Caterpillar Large Excavator E349DZ -kaivukoneen puomin sylinteri on erikoishydraulinen sylinteri, joka on suunniteltu ohjaamaan raskaiden koneiden puomin liikett\u00e4. T\u00e4m\u00e4 laite on ratkaisevan t\u00e4rke\u00e4 materiaalien tehokkaassa k\u00e4sittelyss\u00e4 erilaisissa sovelluksissa, mink\u00e4 vuoksi se on v\u00e4ltt\u00e4m\u00e4t\u00f6n rakennusalan, maatalouden ja muiden raskasta kalustoa k\u00e4ytt\u00e4vien alojen k\u00e4ytt\u00e4jille.<\/p>\n<p><img decoding=\"async\" src=\"https:\/\/www.hydraulic-cylinders.net\/wp-content\/uploads\/2025\/04\/songte-company-1.webp\" alt=\"Puomin sylinteri\" \/><\/p>\n<h3>Kauhan sylinterin m\u00e4\u00e4ritelm\u00e4<\/h3>\n<p>Kauhasylinteri on hydrauliikkaj\u00e4rjestelmien t\u00e4rke\u00e4 osa, joka on erityisesti suunniteltu hallitsemaan kaivinkoneiden, kaivinkoneiden ja etukuormaajien kaltaisten kaivinkoneiden liikkeit\u00e4. Se mahdollistaa kauhan nostamisen, laskemisen ja kallistumisen, mik\u00e4 helpottaa erilaisia \u200b\u200bmateriaalink\u00e4sittelyteht\u00e4vi\u00e4. N\u00e4ill\u00e4 hydraulisylintereill\u00e4 on keskeinen rooli raskaiden koneiden suorituskyvyn parantamisessa tarjoamalla tarkkaa ohjausta ja tehoa k\u00e4yt\u00f6n aikana.<\/p>\n<h2>T\u00e4rkeimm\u00e4t ominaisuudet<\/h2>\n<ul>\n<li><strong>Korkea lujuus ja kest\u00e4vyys:<\/strong> Tyypillisesti ne on valmistettu eritt\u00e4in lujasta ter\u00e4ksest\u00e4 tai alumiinista, jotka kest\u00e4v\u00e4t korkeaa painetta ja raskaita kuormia, joten ne sopivat vaativiin ty\u00f6ymp\u00e4rist\u00f6ihin. Kulumis- ja korroosionkest\u00e4vyys mieless\u00e4 pit\u00e4en ne on suunniteltu pident\u00e4m\u00e4\u00e4n tuotteen k\u00e4ytt\u00f6ik\u00e4\u00e4.<\/li>\n<li><strong>Tehokas hydraulinen k\u00e4ytt\u00f6:<\/strong> Hydraulisen \u00f6ljynpaineen ansiosta laite pystyy vet\u00e4m\u00e4\u00e4n ja vet\u00e4m\u00e4\u00e4n ulos tasaisesti, reagoi nopeasti k\u00e4ytt\u00e4j\u00e4n komentoihin ja tarjoaa samalla merkitt\u00e4v\u00e4\u00e4 ty\u00f6nt\u00f6- ja vetovoimaa, mik\u00e4 sopii erinomaisesti raskaiden kuormien k\u00e4sittelyyn ja monimutkaisiin teht\u00e4viin.<\/li>\n<li><strong>Erilaisia \u200b\u200btyyppej\u00e4:<\/strong> Saatavilla yksitoimisina (hydraulinen toimii yhteen suuntaan) tai kaksitoimisina (hydraulinen toimii molempiin suuntiin) kokoonpanoina erilaisten k\u00e4ytt\u00f6vaatimusten t\u00e4ytt\u00e4miseksi. Tietyt mallit ovat teleskooppisia, mik\u00e4 mahdollistaa suuremman jatkeen ilman ulkomittojen kasvua, mik\u00e4 sopii ahtaisiin sovelluksiin.<\/li>\n<\/ul>\n<p>Valmistamme t\u00e4t\u00e4 tuotetta, ja sylinterimme voivat t\u00e4ydellisesti korvata n\u00e4m\u00e4 hydrauliikkaj\u00e4rjestelm\u00e4t.<\/p>\n<p><img decoding=\"async\" src=\"https:\/\/www.hydraulic-cylinders.net\/wp-content\/uploads\/2025\/04\/songte-cylinder-head-with-all-kinds-excavator-models.webp\" alt=\"Hydraulisylinterin vaihto\" \/><\/p>\n<h2>Sovellusskenaariot<\/h2>\n<h3>Rakennuslaitteet<\/h3>\n<p>Kaivinkoneissa puomisylinterit ovat ratkaisevan t\u00e4rkeit\u00e4 kaivamisessa, lastaamisessa ja maaper\u00e4n tai roskien siirt\u00e4misess\u00e4. Ne tarjoavat mekaanisen edun, jota tarvitaan kovan maaper\u00e4n l\u00e4p\u00e4isemiseen ja merkitt\u00e4vien kuormien nostamiseen, mik\u00e4 tekee niist\u00e4 v\u00e4ltt\u00e4m\u00e4tt\u00f6mi\u00e4 rakennusty\u00f6mailla. Kaivurikuormaajissa kauhan sylinteri auttaa sek\u00e4 kaivu- ett\u00e4 nostotoiminnoissa, mik\u00e4 parantaa monipuolisuutta erilaisissa teht\u00e4viss\u00e4.<\/p>\n<h3>Maatalouskoneet<\/h3>\n<p>Etukuormaajissa k\u00e4ytett\u00e4v\u00e4t puomisylinterit helpottavat maaper\u00e4n, hein\u00e4n ja muiden materiaalien kaivamista, nostamista ja kuljetusta. Niiden tehokas toiminta antaa viljelij\u00f6ille mahdollisuuden optimoida materiaalink\u00e4sittelyteht\u00e4vi\u00e4, parantaa tuottavuutta ja v\u00e4hent\u00e4\u00e4 ty\u00f6voimakustannuksia.<\/p>\n<h3>Kaivinkoneet<\/h3>\n<p>Kauhasylinterit mahdollistavat kaivinkoneiden tehokkaan tunkeutumisen maaper\u00e4\u00e4n, mik\u00e4 mahdollistaa tehokkaan kaivuty\u00f6n. Niiden rakenne varmistaa, ett\u00e4 ne selvi\u00e4v\u00e4t jatkuvan k\u00e4yt\u00f6n rasituksista suorituskyky\u00e4 vaarantamatta.<\/p>\n<h3>Kuormaajat<\/h3>\n<p>Etukuormaajissa n\u00e4m\u00e4 sylinterit auttavat kuormien tehokkaassa nostamisessa ja tyhjent\u00e4misess\u00e4. Niiden hydrauliset ominaisuudet varmistavat, ett\u00e4 suuria m\u00e4\u00e4ri\u00e4 voidaan k\u00e4sitell\u00e4 sujuvasti, mik\u00e4 tekee niist\u00e4 arvokkaita sek\u00e4 rakennus- ett\u00e4 maatalousk\u00e4yt\u00f6ss\u00e4.<\/p>\n<h2>Suunnittelun\u00e4k\u00f6kohdat<\/h2>\n<h3>Kantavuus<\/h3>\n<p>Puomisylintereiden suunnittelussa kuormituskapasiteetti on ensisijainen huomioitava seikka. Sylinterin on kyett\u00e4v\u00e4 k\u00e4sittelem\u00e4\u00e4n suurin kuorma vioittumatta, mik\u00e4 varmistaa turvallisuuden ja tehokkuuden k\u00e4yt\u00f6ss\u00e4. Valmistajat k\u00e4ytt\u00e4v\u00e4t usein edistyneit\u00e4 laskentatekniikoita ja materiaalitestej\u00e4 varmistaakseen, ett\u00e4 sylinterit kest\u00e4v\u00e4t niihin pellolla kohdistuvat rasitukset.<\/p>\n<h3>Tiivistys<\/h3>\n<p>Hydraulisylintereiss\u00e4 asianmukainen tiivistys on ratkaisevan t\u00e4rke\u00e4\u00e4 vuotojen est\u00e4miseksi ja paineen yll\u00e4pit\u00e4miseksi. Korkealaatuisten tiivisteiden, kuten kest\u00e4vist\u00e4 materiaaleista, kuten polyuretaanista tai nitriilikumista, valmistettujen m\u00e4nn\u00e4ntiivisteiden ja varren tiivisteiden, k\u00e4ytt\u00f6 parantaa sylinterin luotettavuutta. Hyvin tiivistetty sylinteri v\u00e4hent\u00e4\u00e4 huoltoseisokkeja ja k\u00e4ytt\u00f6kustannuksia.<\/p>\n<h3>Kest\u00e4vyys<\/h3>\n<p>Kest\u00e4vyys on ensiarvoisen t\u00e4rke\u00e4\u00e4 hydraulisylintereille niiden vaativien k\u00e4ytt\u00f6ymp\u00e4rist\u00f6jen vuoksi. Valmistajat k\u00e4ytt\u00e4v\u00e4t kest\u00e4vi\u00e4 materiaaleja ja edistyneit\u00e4 pinnoitetekniikoita suojatakseen kulumiselta ja varmistaakseen pitk\u00e4n k\u00e4ytt\u00f6i\u00e4n ja tasaisen suorituskyvyn ajan kuluessa.<\/p>\n<h3>Turvallisuus<\/h3>\n<p>Turvaominaisuudet, kuten paineenalennusventtiilit ja ylikuormitussuoja, ovat olennaisia \u200b\u200bhydraulisylinterien suunnittelussa. N\u00e4m\u00e4 toimenpiteet auttavat est\u00e4m\u00e4\u00e4n katastrofaalisia vikoja, jotka voivat johtaa onnettomuuksiin ty\u00f6maalla. Kattava turvallisuustestaus ja alan standardien noudattaminen ovat ratkaisevan t\u00e4rkeit\u00e4 suunnitteluvaiheessa k\u00e4ytt\u00e4j\u00e4n turvallisuuden varmistamiseksi.<\/p>\n<h3>Yll\u00e4pidett\u00e4vyys<\/h3>\n<p>Hydraulisylinterien suunnittelussa on t\u00e4rke\u00e4\u00e4, ett\u00e4 ne ovat helposti huollettavia. Tiivisteiden ja voitelupisteiden helppo saatavuus mahdollistaa nopean ja tehokkaan huollon, mik\u00e4 minimoi seisokkiajat. Hyvin suunniteltu huoltoprotokolla edist\u00e4\u00e4 laitteen kokonaisk\u00e4ytt\u00f6ik\u00e4\u00e4 ja suorituskyky\u00e4.<\/p>\n<p><img decoding=\"async\" src=\"https:\/\/www.hydraulic-cylinders.net\/wp-content\/uploads\/2025\/04\/songte-oil-pipes-and-spare-parts.webp\" alt=\"Hydraulisylinterin huolto\" \/><\/p>\n<h2>Tiivistys ja voitelu<\/h2>\n<p>Hydraulisylinterien tiivistys ja voitelu ovat kriittisi\u00e4 niiden tehokkaan toiminnan kannalta. Paineen yll\u00e4pit\u00e4miseen ja vuotojen est\u00e4miseen k\u00e4ytet\u00e4\u00e4n erilaisia \u200b\u200btiivisteit\u00e4, kuten m\u00e4nn\u00e4ntiivisteit\u00e4 ja varren tiivisteit\u00e4. Kulutusta kest\u00e4vien materiaalien, kuten polyuretaanin ja nitriilikumin, valitseminen parantaa n\u00e4iden tiivisteiden kest\u00e4vyytt\u00e4. Lis\u00e4ksi sylinterin runko ja kierteitetyt p\u00e4\u00e4t koneistetaan tarkasti kulutuskest\u00e4vyyden parantamiseksi.<\/p>\n<p>S\u00e4\u00e4nn\u00f6llinen voitelu on elint\u00e4rke\u00e4\u00e4 optimaalisen suorituskyvyn saavuttamiseksi. K\u00e4ytt\u00e4j\u00e4n tulee s\u00e4\u00e4nn\u00f6llisesti tarkistaa ja lis\u00e4t\u00e4 hydrauliikka\u00f6ljy\u00e4 varmistaakseen, ett\u00e4 komponentit liikkuvat sujuvasti, mik\u00e4 est\u00e4\u00e4 tarpeetonta kulumista ja pident\u00e4\u00e4 sylinterin k\u00e4ytt\u00f6ik\u00e4\u00e4. Hyvin huollettu voiteluj\u00e4rjestelm\u00e4 parantaa hydraulisten toimintojen tehokkuutta ja vaikuttavuutta.<\/p>\n<h2>S\u00e4\u00e4nn\u00f6llinen huolto ja ennaltaehk\u00e4isev\u00e4t toimenpiteet<\/h2>\n<ul>\n<li><strong>S\u00e4\u00e4nn\u00f6lliset tarkastukset:<\/strong> Tee hydraulisylintereille perusteelliset tarkastukset kulumisen, vuotojen tai vaurioiden varalta. Ongelmien varhainen havaitseminen voi est\u00e4\u00e4 merkitt\u00e4v\u00e4mpi\u00e4 ongelmia my\u00f6hemmin.<\/li>\n<li><strong>Oikea voitelu:<\/strong> Varmista, ett\u00e4 kaikki liikkuvat osat on voideltu riitt\u00e4v\u00e4sti korkealaatuisella hydrauliikka\u00f6ljyll\u00e4. T\u00e4m\u00e4 auttaa v\u00e4hent\u00e4m\u00e4\u00e4n kitkaa ja kulumista ja varmistaa sujuvan toiminnan.<\/li>\n<li><strong>Tiivisteen vaihto:<\/strong> Tarkista tiivisteiden kuluminen s\u00e4\u00e4nn\u00f6llisesti ja vaihda ne tarvittaessa. T\u00e4m\u00e4 on ratkaisevan t\u00e4rke\u00e4\u00e4 vuotojen est\u00e4miseksi ja hydraulisen paineen yll\u00e4pit\u00e4miseksi.<\/li>\n<\/ul>\n<h2>Asennusohjeet<\/h2>\n<p>Hydraulisylintereit\u00e4 asennettaessa on noudatettava seuraavia ohjeita varmistaakseen niiden oikean toiminnan:<\/p>\n<ol>\n<li><strong>Tasaus:<\/strong> Varmista, ett\u00e4 sylinteri on oikein kohdistettu kiinnityspisteisiin. V\u00e4\u00e4r\u00e4 kohdistus voi aiheuttaa ennenaikaista kulumista ja vaurioita.<\/li>\n<li><strong>Asennustuki:<\/strong> Kiinnit\u00e4 sylinteri tukevasti paikalleen k\u00e4ytt\u00e4m\u00e4ll\u00e4 sopivia kiinnityskiinnikkeit\u00e4. T\u00e4m\u00e4 varmistaa vakauden ja est\u00e4\u00e4 sen liikkumisen k\u00e4yt\u00f6n aikana.<\/li>\n<li><strong>Hydrauliset liit\u00e4nn\u00e4t:<\/strong> Varmista, ett\u00e4 kaikki hydrauliikkalinjat on kytketty kunnolla ja ett\u00e4 niiss\u00e4 ei ole vuotoja. Testaa j\u00e4rjestelm\u00e4 ennen k\u00e4ytt\u00f6\u00e4 varmistaaksesi, ett\u00e4 kaikki toimii oikein.<\/li>\n<li><strong>Lopputarkastukset:<\/strong> Tarkista asennus huolellisesti ja varmista, ett\u00e4 kaikki pultit ja liitokset on kiristetty valmistajan ohjeiden mukaisesti.<\/li>\n<\/ol>\n<h2>Yleiset huoltoteht\u00e4v\u00e4t<\/h2>\n<ul>\n<li><strong>S\u00e4\u00e4nn\u00f6lliset tarkastukset:<\/strong> Hydraulij\u00e4rjestelm\u00e4n s\u00e4\u00e4nn\u00f6llinen arviointi vuotojen, kulumisen tai muiden ongelmien varalta on v\u00e4ltt\u00e4m\u00e4t\u00f6nt\u00e4. S\u00e4\u00e4nn\u00f6lliset tarkastukset auttavat tunnistamaan mahdolliset ongelmat ennen kuin ne pahenevat.<\/li>\n<li><strong>Asianmukainen voitelu:<\/strong> Varmista, ett\u00e4 voitelupisteisiin levitet\u00e4\u00e4n riitt\u00e4v\u00e4sti oikeanlaista hydrauli\u00f6ljy\u00e4. Oikea voitelu on ratkaisevan t\u00e4rke\u00e4\u00e4 hydraulisylinterin tehokkuuden ja pitk\u00e4n k\u00e4ytt\u00f6i\u00e4n yll\u00e4pit\u00e4miseksi.<\/li>\n<li><strong>Tiivisteiden vaihto ja kalibrointitarkastukset:<\/strong> Vaihda tiivisteet s\u00e4\u00e4nn\u00f6llisesti ja kalibroi j\u00e4rjestelm\u00e4 varmistaaksesi tarkan toiminnan. T\u00e4m\u00e4 est\u00e4\u00e4 paineh\u00e4vi\u00f6t ja parantaa suorituskyky\u00e4.<\/li>\n<\/ul>\n<h2>Turvallisuusn\u00e4k\u00f6kohdat<\/h2>\n<p>Turvatoimenpiteet ovat ratkaisevan t\u00e4rkeit\u00e4 hydraulisylintereit\u00e4 k\u00e4ytett\u00e4ess\u00e4. K\u00e4ytt\u00e4j\u00e4t tulee kouluttaa hydraulisten j\u00e4rjestelmien asianmukaiseen k\u00e4ytt\u00f6\u00f6n ja k\u00e4sittelyyn onnettomuuksien v\u00e4ltt\u00e4miseksi. Lis\u00e4ksi j\u00e4rjestelmien turvallinen toiminta on varmistettava suorittamalla s\u00e4\u00e4nn\u00f6llisi\u00e4 huoltoja ja tarkastuksia. My\u00f6s henkil\u00f6kohtaisten suojavarusteiden k\u00e4ytt\u00f6\u00e4 suositellaan hydraulisiin vikoihin liittyvien riskien minimoimiseksi.<\/p>\n<h2>Vianm\u00e4\u00e4ritys ja yleiset ongelmat<\/h2>\n<ul>\n<li><strong>Vuoto:<\/strong> Yksi yleisimmist\u00e4 ongelmista, jonka usein aiheuttavat kuluneet tiivisteet. Tiivisteiden v\u00e4lit\u00f6n tarkastus ja vaihto on v\u00e4ltt\u00e4m\u00e4t\u00f6nt\u00e4 hydraulisen paineen menetyksen est\u00e4miseksi.<\/li>\n<li><strong>Hidas toiminta:<\/strong> T\u00e4m\u00e4 voi viitata riitt\u00e4m\u00e4tt\u00f6m\u00e4\u00e4n hydrauliikka\u00f6ljyyn tai j\u00e4rjestelm\u00e4\u00e4n j\u00e4\u00e4neeseen ilmaan. Tarkista nestetasot ja ilmaa j\u00e4rjestelm\u00e4 tarvittaessa.<\/li>\n<li><strong>Ylikuumeneminen:<\/strong> Liiallinen kuumuus voi olla merkki ylikuormituksesta tai riitt\u00e4m\u00e4tt\u00f6m\u00e4st\u00e4 voitelusta. Seuraa l\u00e4mp\u00f6tilaa s\u00e4\u00e4nn\u00f6llisesti ja varmista, ett\u00e4 voitelu on asianmukaista.<\/li>\n<\/ul>\n<h2>Vianm\u00e4\u00e4ritysvinkkej\u00e4<\/h2>\n<p>Hydraulisylinterien ongelmien tehokkaaseen diagnosointiin ja korjaamiseen kannattaa ottaa huomioon seuraavat vinkit:<\/p>\n<ul>\n<li>Tarkista nestetasot s\u00e4\u00e4nn\u00f6llisesti ja t\u00e4yt\u00e4 tarvittaessa. Alhainen nestetaso voi johtaa riitt\u00e4m\u00e4tt\u00f6m\u00e4\u00e4n paineeseen ja toiminnan tehottomuuteen.<\/li>\n<li>Tarkkaile hydraulij\u00e4rjestelm\u00e4n suorituskyky\u00e4. Kaikki ep\u00e4tavalliset \u00e4\u00e4net tai toiminnan muutokset on tutkittava viipym\u00e4tt\u00e4.<\/li>\n<li>Toteuta ennaltaehk\u00e4isevi\u00e4 huoltotoimenpiteit\u00e4, kuten s\u00e4\u00e4nn\u00f6llisi\u00e4 tarkastuksia, voitelua ja tiivisteiden oikea-aikaista vaihtoa, mahdollisten ongelmien minimoimiseksi.<\/li>\n<\/ul>\n<p><img decoding=\"async\" src=\"https:\/\/www.hydraulic-cylinders.net\/wp-content\/uploads\/2025\/04\/songte-bushings-with-all-kinds-of-excavator-models.webp\" alt=\"Hydraulisylinterien vianetsint\u00e4\" \/><\/p>\n<h2>Yrityksen yleiskatsaus<\/h2>\n<p>Olemme johtava hydraulisten sylinterien vaihto-osien valmistaja, joka tarjoaa laajan valikoiman tuotteita kotimaisilla ja kansainv\u00e4lisill\u00e4 markkinoilla. Sitoutumisemme huippuosaamiseen ja tarkkaan valmistukseen varmistaa, ett\u00e4 t\u00e4yt\u00e4mme asiakkaidemme monipuoliset tarpeet. Keskittyen korkealaatuiseen tuotantoon, k\u00e4yt\u00e4mme edistyneit\u00e4 valmistustekniikoita ja ammattitaitoista ty\u00f6voimaa parantaaksemme kykyj\u00e4mme.<\/p>\n<p>Tuotteillamme on ammattimainen sertifiointi, ja tarjoamme r\u00e4\u00e4t\u00e4l\u00f6ityj\u00e4 palveluita vastaamaan asiakkaiden erityisvaatimuksia. Tuotantolaitoksemme on varustettu huippumoderneilla koneilla ja kattavalla laadunvalvontaj\u00e4rjestelm\u00e4ll\u00e4, mik\u00e4 varmistaa, ett\u00e4 jokainen tuote t\u00e4ytt\u00e4\u00e4 tiukat standardit. Lis\u00e4ksi tarjoamme poikkeuksellista myynnin j\u00e4lkeist\u00e4 tukea, mik\u00e4 varmistaa asiakastyytyv\u00e4isyyden ja pitk\u00e4aikaiset kumppanuudet.<\/p>\n<p><img decoding=\"async\" src=\"https:\/\/www.hydraulic-cylinders.net\/wp-content\/uploads\/2025\/04\/songte-company-4.webp\" alt=\"Yrityksen yleiskatsaus\" \/><br \/>\n<img decoding=\"async\" src=\"https:\/\/www.hydraulic-cylinders.net\/wp-content\/uploads\/2025\/04\/songte-company-3.webp\" alt=\"Tuotantolaitoksemme\" \/><\/p>\n<p>Kirjoittaja: lyl<\/p>","protected":false},"excerpt":{"rendered":"<p>Boom Cylinder For Caterpillar Large Excavator E349DZ Product Overview The Boom Cylinder for Caterpillar Large Excavator E349DZ is a specialized hydraulic cylinder designed to control the movement of the boom on heavy machinery. This apparatus is crucial in the efficient handling of materials in various applications, making it essential for operators in construction, agriculture, and [&hellip;]<\/p>","protected":false},"featured_media":17874,"comment_status":"open","ping_status":"closed","template":"","meta":{"_et_pb_use_builder":"","_et_pb_old_content":"","_et_gb_content_width":""},"product_brand":[],"product_cat":[1546],"product_tag":[1547,1496],"class_list":{"0":"post-18962","1":"product","2":"type-product","3":"status-publish","4":"has-post-thumbnail","6":"product_cat-boom-cylinders","7":"product_tag-boom-cylinders","8":"product_tag-hydraulic-cylinders","10":"first","11":"instock","12":"shipping-taxable","13":"product-type-simple"},"amp_enabled":true,"_links":{"self":[{"href":"https:\/\/www.hydraulic-cylinders.net\/fi\/wp-json\/wp\/v2\/product\/18962","targetHints":{"allow":["GET"]}}],"collection":[{"href":"https:\/\/www.hydraulic-cylinders.net\/fi\/wp-json\/wp\/v2\/product"}],"about":[{"href":"https:\/\/www.hydraulic-cylinders.net\/fi\/wp-json\/wp\/v2\/types\/product"}],"replies":[{"embeddable":true,"href":"https:\/\/www.hydraulic-cylinders.net\/fi\/wp-json\/wp\/v2\/comments?post=18962"}],"wp:featuredmedia":[{"embeddable":true,"href":"https:\/\/www.hydraulic-cylinders.net\/fi\/wp-json\/wp\/v2\/media\/17874"}],"wp:attachment":[{"href":"https:\/\/www.hydraulic-cylinders.net\/fi\/wp-json\/wp\/v2\/media?parent=18962"}],"wp:term":[{"taxonomy":"product_brand","embeddable":true,"href":"https:\/\/www.hydraulic-cylinders.net\/fi\/wp-json\/wp\/v2\/product_brand?post=18962"},{"taxonomy":"product_cat","embeddable":true,"href":"https:\/\/www.hydraulic-cylinders.net\/fi\/wp-json\/wp\/v2\/product_cat?post=18962"},{"taxonomy":"product_tag","embeddable":true,"href":"https:\/\/www.hydraulic-cylinders.net\/fi\/wp-json\/wp\/v2\/product_tag?post=18962"}],"curies":[{"name":"wp","href":"https:\/\/api.w.org\/{rel}","templated":true}]}}