{"id":18965,"date":"2025-04-07T06:04:34","date_gmt":"2025-04-07T06:04:34","guid":{"rendered":"https:\/\/www.hydraulic-cylinders.net\/product\/boom-cylinder-for-caterpillar-large-excavator-e328dlc\/"},"modified":"2025-04-07T06:04:37","modified_gmt":"2025-04-07T06:04:37","slug":"boom-cylinder-for-caterpillar-large-excavator-e328dlc","status":"publish","type":"product","link":"https:\/\/www.hydraulic-cylinders.net\/fi\/tuote\/boom-cylinder-for-caterpillar-large-excavator-e328dlc\/","title":{"rendered":"Puomin sylinteri Caterpillar-kaivukoneelle E328DLC"},"content":{"rendered":"<h1>Puomin sylinteri Caterpillar-kaivukoneelle E328DLC<\/h1>\n<h2>Johdatus puomin sylinteriin<\/h2>\n<p>Puomin sylinteri on olennainen osa hydraulij\u00e4rjestelmi\u00e4, erityisesti suurissa kaivinkoneissa, kuten Caterpillar E328DLC:ss\u00e4. T\u00e4m\u00e4 hydraulisylinteri on erityisesti suunniteltu ohjaamaan puomin liikett\u00e4, mahdollistaen kaivinkoneen puomin nostamisen, laskemisen ja kallistuksen. Puomin sylinterin tehokas toiminta on ratkaisevan t\u00e4rke\u00e4\u00e4 erilaisten materiaalink\u00e4sittelyteht\u00e4vien suorittamisessa, mik\u00e4 tekee siit\u00e4 v\u00e4ltt\u00e4m\u00e4tt\u00f6m\u00e4n osan raskaita koneita.<\/p>\n<p><img decoding=\"async\" src=\"https:\/\/www.hydraulic-cylinders.net\/wp-content\/uploads\/2025\/04\/songte-company-1.webp\" alt=\"Puomin sylinterin kuva\" \/><\/p>\n<h3>Yleiskatsaus puomin sylinteriin hydraulij\u00e4rjestelmiss\u00e4<\/h3>\n<p>Hydraulij\u00e4rjestelmiss\u00e4 puomin sylinteri toimii voimankertojana, joka hy\u00f6dynt\u00e4\u00e4 hydraulinesteen painetta lineaarisen liikkeen luomiseksi. T\u00e4m\u00e4 mahdollistaa kaivinkoneen suorittamisen teht\u00e4vi\u00e4, kuten kaivamisen, raskaiden kuormien nostamisen ja tarkan ohjaamisen. Hydraulinesteen paine mahdollistaa sujuvan ja tehokkaan toiminnan, mik\u00e4 on olennaista raskaissa sovelluksissa. Kest\u00e4v\u00e4ksi ja luotettavaksi suunniteltu puomin sylinteri mahdollistaa monimutkaisten teht\u00e4vien suorittamisen helposti, mik\u00e4 tekee siit\u00e4 kriittisen komponentin rakennus- ja kaivosteollisuudessa.<\/p>\n<h2>Puomin sylinterin ominaisuudet<\/h2>\n<ul>\n<li><strong>Korkea lujuus ja kest\u00e4vyys:<\/strong> Korkean lujuuden ter\u00e4ksest\u00e4 tai alumiinista valmistettu puomin sylinteri kest\u00e4\u00e4 korkeaa painetta ja raskaita kuormia. Sen suunnittelussa on otettu huomioon kulumiskest\u00e4vyys ja korroosionkest\u00e4vyys, mik\u00e4 varmistaa pitk\u00e4n k\u00e4ytt\u00f6i\u00e4n vaativissa ty\u00f6olosuhteissa.<\/li>\n<li><strong>Tehokas hydraulinen k\u00e4ytt\u00f6:<\/strong> Hydraulisen nesteen painetta hy\u00f6dynt\u00e4v\u00e4 sylinteri tarjoaa tasaisen ojennuksen ja sis\u00e4\u00e4nvedon, jolloin syntyy voimakkaita ty\u00f6nt\u00f6- ja vetovoimia. Se on erityisen tehokas raskaiden esineiden k\u00e4sittelyss\u00e4 ja monimutkaisissa operatiivisissa teht\u00e4viss\u00e4.<\/li>\n<li><strong>Erilaisia \u200b\u200btyyppej\u00e4:<\/strong> Puomisylinteri on saatavana yksitoimisena (toimii yhteen suuntaan) tai kaksitoimisena (toimii molempiin suuntiin) kokoonpanoina, ja sit\u00e4 voidaan r\u00e4\u00e4t\u00e4l\u00f6id\u00e4 erilaisten k\u00e4ytt\u00f6vaatimusten mukaan. Tietyiss\u00e4 malleissa on teleskooppirakenne, joka mahdollistaa suuremman jatkeen ilman ulkomittojen kasvua, mik\u00e4 sopii erinomaisesti ahtaisiin sovelluksiin.<\/li>\n<\/ul>\n<h3>Valmistuskykymme<\/h3>\n<p>Olemme erikoistuneet korkealaatuisten puomisylintereiden valmistukseen, jotka korvaavat t\u00e4ydellisesti olemassa olevat hydraulisylinterit erilaisissa sovelluksissa.<\/p>\n<p><img decoding=\"async\" src=\"https:\/\/www.hydraulic-cylinders.net\/wp-content\/uploads\/2025\/04\/songte-cylinder-head-with-all-kinds-excavator-models.webp\" alt=\"Kaivinkoneiden sylinterikansi\" \/><\/p>\n<h2>Puomisylinterin sovellukset<\/h2>\n<h3>Rakennuslaitteet<\/h3>\n<p>Kaivinkoneissa puomin sylinterit ovat elint\u00e4rkeit\u00e4 kaivamisessa, lastaamisessa ja maaper\u00e4n tai roskien siirt\u00e4misess\u00e4. Niiden kyky helpottaa sek\u00e4 kaivamista ett\u00e4 nostamista tekee niist\u00e4 v\u00e4ltt\u00e4m\u00e4tt\u00f6mi\u00e4 rakennusprojekteissa, joissa tehokkuus ja tarkkuus ovat ensiarvoisen t\u00e4rkeit\u00e4.<\/p>\n<h3>Maatalouskoneet<\/h3>\n<p>Etukuormaajissa k\u00e4ytett\u00e4v\u00e4t puomisylinterit ovat v\u00e4ltt\u00e4m\u00e4tt\u00f6mi\u00e4 maan, hein\u00e4n ja muiden materiaalien kaivamiseen, nostamiseen ja kuljettamiseen. N\u00e4iden sylinterien monipuolisuus antaa viljelij\u00f6ille mahdollisuuden hallita erilaisia \u200b\u200bteht\u00e4vi\u00e4 tehokkaasti ja parantaa maataloustoiminnan tuottavuutta.<\/p>\n<h3>Kaivinkoneet<\/h3>\n<p>Puomisylinterit mahdollistavat kaivinkoneiden tehokkaan tunkeutumisen maahan, mik\u00e4 mahdollistaa tehokkaan kaivuty\u00f6n. Niiden rakenne varmistaa maksimaalisen voimansiirron, joten ne sopivat erilaisille maaper\u00e4tyypeille ja olosuhteille.<\/p>\n<h3>Kuormaajat<\/h3>\n<p>Etukuormaajissa puomin sylinterit auttavat kuormien tehokkaassa nostamisessa ja tyhjent\u00e4misess\u00e4. Niiden luotettava suorituskyky varmistaa nopeat l\u00e4pimenoajat lastaus- ja purkuteht\u00e4viss\u00e4, mik\u00e4 on ratkaisevan t\u00e4rke\u00e4\u00e4 kiireisiss\u00e4 ty\u00f6ymp\u00e4rist\u00f6iss\u00e4.<\/p>\n<h2>Suunnittelun\u00e4k\u00f6kohdat ja valintakriteerit<\/h2>\n<h3>Kantavuus<\/h3>\n<p>Puomisylinteri\u00e4 valittaessa kuormituskapasiteetti on ratkaisevan t\u00e4rke\u00e4\u00e4. Se m\u00e4\u00e4ritt\u00e4\u00e4, kuinka paljon painoa sylinteri pystyy tehokkaasti k\u00e4sittelem\u00e4\u00e4n k\u00e4yt\u00f6n aikana. Suunnittelun on kestett\u00e4v\u00e4 tietyiss\u00e4 sovelluksissa esiintyv\u00e4t suurimmat mahdolliset kuormitukset turvallisuuden ja tehokkuuden varmistamiseksi.<\/p>\n<h3>Tiivistyskyky<\/h3>\n<p>Tehokas tiivistys on elint\u00e4rke\u00e4\u00e4 hydraulinesteiden vuotojen est\u00e4miseksi, jotka voivat vaarantaa j\u00e4rjestelm\u00e4n tehokkuuden ja turvallisuuden. Korkealaatuisten tiivisteiden on oltava riitt\u00e4v\u00e4t paineen ja toimivuuden yll\u00e4pit\u00e4miseksi pitki\u00e4 aikoja, my\u00f6s vaativissa olosuhteissa.<\/p>\n<h3>Kest\u00e4vyys<\/h3>\n<p>Kest\u00e4vyys on merkitt\u00e4v\u00e4 tekij\u00e4 puomisylintereiden suunnittelussa. Niiden on kestett\u00e4v\u00e4 kulumista jatkuvassa k\u00e4yt\u00f6ss\u00e4 ankarissa olosuhteissa. Rakenteessa k\u00e4ytetyill\u00e4 materiaaleilla ja pinnoitteilla on ratkaiseva rooli pitk\u00e4ik\u00e4isyyden ja luotettavuuden parantamisessa.<\/p>\n<h2>Puomin sylinterin tiivistys ja voitelu<\/h2>\n<p>Asianmukainen tiivistys ja voitelu ovat elint\u00e4rkeit\u00e4 puomisylinterien toiminnan yll\u00e4pit\u00e4miseksi. Erilaisia \u200b\u200btiivistetyyppej\u00e4, kuten m\u00e4nn\u00e4ntiivisteit\u00e4 ja varren tiivisteit\u00e4, k\u00e4ytet\u00e4\u00e4n tiiviin sulkeutumisen varmistamiseksi ja vuotojen est\u00e4miseksi. Kest\u00e4vist\u00e4 materiaaleista, kuten polyuretaanista ja nitriilikumista, valmistetut tiivisteet tarjoavat kest\u00e4vyytt\u00e4 kulumiselle ja ymp\u00e4rist\u00f6tekij\u00f6ille.<\/p>\n<p>Sylinterin runko ja kierrepinnat k\u00e4sitell\u00e4\u00e4n hienovaraisesti kulutuskest\u00e4vyyden parantamiseksi, ja s\u00e4\u00e4nn\u00f6llinen voitelu hydrauliikka\u00f6ljyll\u00e4 on v\u00e4ltt\u00e4m\u00e4t\u00f6nt\u00e4 sujuvan toiminnan varmistamiseksi. S\u00e4\u00e4nn\u00f6lliset tarkastukset ovat tarpeen sen varmistamiseksi, ett\u00e4 tiivisteet pysyv\u00e4t ehjin\u00e4 ja toimivat oikein.<\/p>\n<h2>Ennaltaehk\u00e4isev\u00e4t huoltotoimenpiteet<\/h2>\n<ul>\n<li><strong>S\u00e4\u00e4nn\u00f6lliset tarkastukset:<\/strong> Tee rutiinitarkastuksia kulumisen tai vaurioiden havaitsemiseksi ennen kuin ne pahenevat merkitt\u00e4viksi ongelmiksi.<\/li>\n<li><strong>Oikea voitelu:<\/strong> Varmista, ett\u00e4 sylinteri on riitt\u00e4v\u00e4sti voideltu hydrauliikka\u00f6ljyll\u00e4 sujuvan toiminnan varmistamiseksi ja kulumisen est\u00e4miseksi.<\/li>\n<li><strong>Tiivisteen vaihto:<\/strong> Tarkista ja vaihda tiivisteet s\u00e4\u00e4nn\u00f6llisesti paineen ja suorituskyvyn yll\u00e4pit\u00e4miseksi.<\/li>\n<\/ul>\n<h2>Puomin sylinterin asennusohjeet<\/h2>\n<p>Oikea asennus on ratkaisevan t\u00e4rke\u00e4\u00e4 puomin sylinterin toiminnan kannalta. Aloita varmistamalla, ett\u00e4 kiinnityspinnat ovat puhtaat ja roskattomat. Kohdista sylinteri tarkasti kiinnityskiinnikkeisiin ja kiinnit\u00e4 se paikalleen k\u00e4ytt\u00e4m\u00e4ll\u00e4 sopivia kiinnityslaitteita. On t\u00e4rke\u00e4\u00e4 kirist\u00e4\u00e4 pultit valmistajan ohjeiden mukaisesti, jotta v\u00e4ltet\u00e4\u00e4n virheellinen kohdistus tai sylinteriin kohdistuva liiallinen rasitus. Lopuksi kytke hydrauliikkalinjat ja varmista, ettei vuotoja ole ennen k\u00e4ytt\u00f6\u00e4.<\/p>\n<h2>Yleiset huoltoteht\u00e4v\u00e4t<\/h2>\n<ul>\n<li><strong>S\u00e4\u00e4nn\u00f6lliset tarkastukset:<\/strong> Tarkista sylinterin kunto s\u00e4\u00e4nn\u00f6llisesti ja tarkista kulumisen tai nestevuotojen merkit.<\/li>\n<li><strong>Asianmukainen voitelu:<\/strong> Voitele sylinteri s\u00e4\u00e4nn\u00f6llisesti sen toimintakyvyn yll\u00e4pit\u00e4miseksi ja kitkan ja kulumisen est\u00e4miseksi.<\/li>\n<li><strong>Tiivisteen vaihto ja kalibrointi:<\/strong> Tarkkaile tiivisteiden kulumista ja vaihda ne tarvittaessa varmistaen, ett\u00e4 j\u00e4rjestelm\u00e4 pysyy paineistettuna ja toimintakunnossa.<\/li>\n<\/ul>\n<h2>Turvallisuusn\u00e4k\u00f6kohdat ja ymp\u00e4rist\u00f6tekij\u00e4t<\/h2>\n<p>Puomisylintereit\u00e4 k\u00e4ytett\u00e4ess\u00e4 on ensiarvoisen t\u00e4rke\u00e4\u00e4 noudattaa turvallisuusprotokollia. K\u00e4ytt\u00e4j\u00e4t tulee kouluttaa turvallisiin k\u00e4sittelytapoihin ja heid\u00e4n tulee ymm\u00e4rt\u00e4\u00e4 hydraulij\u00e4rjestelmien mahdolliset vaarat. Asianmukainen huolto ja tarkastukset edist\u00e4v\u00e4t my\u00f6s ymp\u00e4rist\u00f6nsuojelua minimoimalla vuodot ja roiskeet, jotka voisivat vahingoittaa ekosysteemi\u00e4.<\/p>\n<h2>Vianm\u00e4\u00e4ritys ja yleiset ongelmat<\/h2>\n<ul>\n<li><strong>Hydrauli\u00f6ljyvuodot:<\/strong> Tarkasta tiivisteet ja liitokset, jos niiss\u00e4 on merkkej\u00e4 nestevuodoista, sill\u00e4 ne voivat viitata kuluneisiin tiivisteisiin tai virheellisiin liitoksiin.<\/li>\n<li><strong>Ep\u00e4johdonmukainen sylinterin liike:<\/strong> Tarkista hydrauliikkalinjojen tukokset tai alhaiset nestetasot, jotka voivat vaikuttaa sylinterin suorituskykyyn.<\/li>\n<li><strong>Ep\u00e4tavalliset \u00e4\u00e4net:<\/strong> Jos sylinterist\u00e4 kuuluu ep\u00e4tavallisia \u00e4\u00e4ni\u00e4 k\u00e4yt\u00f6n aikana, se voi viitata sis\u00e4isiin vaurioihin tai riitt\u00e4m\u00e4tt\u00f6m\u00e4\u00e4n voiteluun.<\/li>\n<\/ul>\n<h2>Vinkkej\u00e4 tehokkaaseen vianm\u00e4\u00e4ritykseen<\/h2>\n<p>Puomisylinterin ongelmien tehokkaaseen diagnosointiin ja ratkaisemiseen k\u00e4ytt\u00e4jien tulee noudattaa systemaattista l\u00e4hestymistapaa. J\u00e4rjestelm\u00e4n suorituskyvyn s\u00e4\u00e4nn\u00f6llinen seuranta voi auttaa tunnistamaan mahdolliset ongelmat varhaisessa vaiheessa. Ennaltaehk\u00e4isevien toimenpiteiden, kuten rutiinihuollon ja asianmukaisen voitelun, toteuttaminen minimoi merkitt\u00e4vien ongelmien todenn\u00e4k\u00f6isyyden. Huoltotoimien ja oireiden kirjaaminen voi auttaa vianm\u00e4\u00e4rityksess\u00e4 ja varmistaa laitteiden tehokkaan toiminnan ja pitk\u00e4n k\u00e4ytt\u00f6i\u00e4n.<\/p>\n<p><img decoding=\"async\" src=\"https:\/\/www.hydraulic-cylinders.net\/wp-content\/uploads\/2025\/04\/songte-bushings-with-all-kinds-of-excavator-models.webp\" alt=\"Kaivinkonemallien holkit\" \/><\/p>\n<h2>Tietoa yrityksest\u00e4mme<\/h2>\n<p>Olemme johtava hydraulisten sylinterien vaihto-osien valmistaja, joka tarjoaa kattavan valikoiman tuotteita sek\u00e4 kotimaisille ett\u00e4 kansainv\u00e4lisille markkinoille. Sitoutumisemme huippuosaamiseen n\u00e4kyy hienostuneissa valmistusprosesseissamme, ammattitaitoisessa ty\u00f6voimassamme ja edistyneiss\u00e4 tuotannonohjausstrategioissamme. Hy\u00f6dynn\u00e4mme huipputeknologiaa ja tiukkoja laadunvalvontaj\u00e4rjestelmi\u00e4 parantaaksemme tuotantokapasiteettiamme varmistaen, ett\u00e4 t\u00e4yt\u00e4mme monipuoliset asiakastarpeet tarkasti ja tehokkaasti.<\/p>\n<h3>Erikoistuminen ja sertifiointi<\/h3>\n<p>Yrityksemme on ylpe\u00e4 voidessaan tarjota r\u00e4\u00e4t\u00e4l\u00f6ityj\u00e4 palveluita, jotka on r\u00e4\u00e4t\u00e4l\u00f6ity asiakkaidemme ainutlaatuisten tarpeiden mukaan. Meill\u00e4 on useita kansainv\u00e4lisi\u00e4 sertifikaatteja, jotka vahvistavat sitoutumisemme tuotteidemme laatuun ja luotettavuuteen.<\/p>\n<h3>Tuotantolaitteet ja huoltopalvelut<\/h3>\n<p>Huippuluokan valmistusteknologian avulla pystymme valmistamaan korkealaatuisia hydraulisylintereit\u00e4 kilpailukykyiseen hintaan. Omistautunut j\u00e4lkimarkkinointipalvelumme varmistaa, ett\u00e4 asiakkaat saavat jatkuvaa tukea ja ohjausta tuotteidensa koko elinkaaren ajan.<\/p>\n<p><img decoding=\"async\" src=\"https:\/\/www.hydraulic-cylinders.net\/wp-content\/uploads\/2025\/04\/songte-company-4.webp\" alt=\"Yrityksen tuotantolaitos\" \/><br \/>\n<img decoding=\"async\" src=\"https:\/\/www.hydraulic-cylinders.net\/wp-content\/uploads\/2025\/04\/songte-company-3.webp\" alt=\"Yrityksen sertifiointi ja laatu\" \/><\/p>\n<p>Kirjoittaja: lyl<\/p>","protected":false},"excerpt":{"rendered":"<p>Boom Cylinder For Caterpillar Large Excavator E328DLC Introduction to Boom Cylinder The boom cylinder is an essential component of hydraulic systems, particularly in large excavators like the Caterpillar E328DLC. This hydraulic cylinder is specifically designed to control the movement of the boom, allowing for the lifting, lowering, and tilting of the excavator&#8217;s arm. The efficient [&hellip;]<\/p>","protected":false},"featured_media":17877,"comment_status":"open","ping_status":"closed","template":"","meta":{"_et_pb_use_builder":"","_et_pb_old_content":"","_et_gb_content_width":""},"product_brand":[],"product_cat":[1546],"product_tag":[1547,1496],"class_list":{"0":"post-18965","1":"product","2":"type-product","3":"status-publish","4":"has-post-thumbnail","6":"product_cat-boom-cylinders","7":"product_tag-boom-cylinders","8":"product_tag-hydraulic-cylinders","10":"first","11":"instock","12":"shipping-taxable","13":"product-type-simple"},"amp_enabled":true,"_links":{"self":[{"href":"https:\/\/www.hydraulic-cylinders.net\/fi\/wp-json\/wp\/v2\/product\/18965","targetHints":{"allow":["GET"]}}],"collection":[{"href":"https:\/\/www.hydraulic-cylinders.net\/fi\/wp-json\/wp\/v2\/product"}],"about":[{"href":"https:\/\/www.hydraulic-cylinders.net\/fi\/wp-json\/wp\/v2\/types\/product"}],"replies":[{"embeddable":true,"href":"https:\/\/www.hydraulic-cylinders.net\/fi\/wp-json\/wp\/v2\/comments?post=18965"}],"wp:featuredmedia":[{"embeddable":true,"href":"https:\/\/www.hydraulic-cylinders.net\/fi\/wp-json\/wp\/v2\/media\/17877"}],"wp:attachment":[{"href":"https:\/\/www.hydraulic-cylinders.net\/fi\/wp-json\/wp\/v2\/media?parent=18965"}],"wp:term":[{"taxonomy":"product_brand","embeddable":true,"href":"https:\/\/www.hydraulic-cylinders.net\/fi\/wp-json\/wp\/v2\/product_brand?post=18965"},{"taxonomy":"product_cat","embeddable":true,"href":"https:\/\/www.hydraulic-cylinders.net\/fi\/wp-json\/wp\/v2\/product_cat?post=18965"},{"taxonomy":"product_tag","embeddable":true,"href":"https:\/\/www.hydraulic-cylinders.net\/fi\/wp-json\/wp\/v2\/product_tag?post=18965"}],"curies":[{"name":"wp","href":"https:\/\/api.w.org\/{rel}","templated":true}]}}