{"id":18966,"date":"2025-04-07T06:04:37","date_gmt":"2025-04-07T06:04:37","guid":{"rendered":"https:\/\/www.hydraulic-cylinders.net\/product\/boom-cylinder-for-caterpillar-large-excavator-e330b330c\/"},"modified":"2025-04-07T06:04:39","modified_gmt":"2025-04-07T06:04:39","slug":"boom-cylinder-for-caterpillar-large-excavator-e330b330c","status":"publish","type":"product","link":"https:\/\/www.hydraulic-cylinders.net\/fi\/tuote\/boom-cylinder-for-caterpillar-large-excavator-e330b330c\/","title":{"rendered":"Puomin sylinteri Caterpillar-kaivukoneelle E330B330C"},"content":{"rendered":"<h1>Puomin sylinteri Caterpillar-kaivukoneelle E330B330C<\/h1>\n<h2>Tuotteen yleiskatsaus<\/h2>\n<p>Caterpillar Large Excavator E330B330C -kaivukoneen puomin sylinteri on hydraulisylinteri, joka on erityisesti suunniteltu ohjaamaan puomin liikett\u00e4 raskaissa koneissa, kuten kaivinkoneissa, kaivurikuormaajissa ja etukuormaajissa. T\u00e4ll\u00e4 komponentilla on ratkaiseva rooli materiaalink\u00e4sittelyteht\u00e4viss\u00e4, sill\u00e4 se mahdollistaa puomin tehokkaan nostamisen, laskemisen ja kallistuksen. Hydraulisylinterin\u00e4 sen ensisijainen teht\u00e4v\u00e4 on hy\u00f6dynt\u00e4\u00e4 hydraulipainetta sujuvan ja tehokkaan liikkeen mahdollistamiseksi, mik\u00e4 tekee siit\u00e4 v\u00e4ltt\u00e4m\u00e4tt\u00f6m\u00e4n erilaisissa k\u00e4ytt\u00f6tilanteissa.<\/p>\n<p><img decoding=\"async\" src=\"https:\/\/www.hydraulic-cylinders.net\/wp-content\/uploads\/2025\/04\/songte-company-1.webp\" alt=\"Kaivinkoneen puomin sylinteri\"><\/p>\n<h2>Puomin sylinterin ominaisuudet<\/h2>\n<ul>\n<li><strong>Korkea lujuus ja kest\u00e4vyys:<\/strong> N\u00e4m\u00e4 erikoislujuuster\u00e4ksest\u00e4 tai alumiinista valmistetut sylinterit kest\u00e4v\u00e4t korkeaa painetta ja raskaita kuormia samalla kun ne sopeutuvat vaativiin ty\u00f6olosuhteisiin. Niiden suunnittelussa on otettu huomioon kulutuskest\u00e4vyys ja korroosiosuojaus pidennetty\u00e4 k\u00e4ytt\u00f6ik\u00e4\u00e4 varten.<\/li>\n<li><strong>Tehokas hydraulinen k\u00e4ytt\u00f6:<\/strong> Sylinteri hy\u00f6dynt\u00e4\u00e4 hydrauli\u00f6ljyn painetta sujuvaan ulosvetoon ja sis\u00e4\u00e4nvetoon, mik\u00e4 mahdollistaa nopean reagoinnin ohjauskomentoihin ja samalla tarjoaa tehokkaan ty\u00f6nt\u00f6- ja vetovoiman, joka sopii raskaiden esineiden k\u00e4sittelyyn ja monimutkaisiin teht\u00e4viin.<\/li>\n<li><strong>Erilaisia \u200b\u200btyyppej\u00e4:<\/strong> K\u00e4ytt\u00f6tarpeista riippuen voit valita yksitoimisten (hydraulinen voima yhteen suuntaan) tai kaksitoimisten (hydraulinen voima molempiin suuntiin) sylinterien v\u00e4lill\u00e4. Jotkut mallit ovat teleskooppisia, mik\u00e4 mahdollistaa suuremman jatkeen ilman ulkomittojen kasvua, mik\u00e4 sopii t\u00e4ydellisesti ahtaisiin tiloihin.<\/li>\n<li><strong>Mukautettu valmistus:<\/strong> Tuotantokykymme ansiosta voimme luoda sylintereit\u00e4, jotka korvaavat t\u00e4ydellisesti olemassa olevat hydraulisylinterit varmistaen yhteensopivuuden ja suorituskyvyn.<\/li>\n<\/ul>\n<p><img decoding=\"async\" src=\"https:\/\/www.hydraulic-cylinders.net\/wp-content\/uploads\/2025\/04\/songte-cylinder-head-with-all-kinds-excavator-models.webp\" alt=\"Erilaisia \u200b\u200bkaivinkonemalleja\"><\/p>\n<h2>Puomisylinterin sovellukset<\/h2>\n<h3>Rakennuslaitteet<\/h3>\n<p>Kaivinkoneissa puomin sylinterit ovat kriittisi\u00e4 kaivamisessa, lastaamisessa ja maaper\u00e4n tai roskien kuljetuksessa. Ne mahdollistavat puomin ulottumisen ulosp\u00e4in ja alasp\u00e4in, mik\u00e4 helpottaa kaivuty\u00f6t\u00e4. Kaivurikuormaajissa puomin sylinteri auttaa sek\u00e4 kaivamisessa ett\u00e4 nostamisessa, mik\u00e4 on osoittautunut olennaiseksi tehokkaan toiminnan kannalta.<\/p>\n<h3>Maatalouskoneet<\/h3>\n<p>Etukuormaajissa puomisylinterit mahdollistavat maaper\u00e4n, hein\u00e4n ja muiden materiaalien nostamisen, kaivamisen ja kuljetuksen. Niiden kest\u00e4v\u00e4 rakenne varmistaa, ett\u00e4 ne selviytyv\u00e4t maatalousteht\u00e4vien vaatimuksista ja minimoivat mekaanisten vikojen aiheuttamat seisokkiajat.<\/p>\n<h3>Kaivinkoneet<\/h3>\n<p>N\u00e4iden sylinterien ansiosta kauha tunkeutuu maaper\u00e4\u00e4n, mik\u00e4 helpottaa kaivutoimia, jotka ovat olennaisia \u200b\u200berilaisissa rakennusprojekteissa. Puomisylinterin tehokkuus parantaa merkitt\u00e4v\u00e4sti kaivinkoneiden kokonaistuottavuutta, mik\u00e4 tekee niist\u00e4 elint\u00e4rkeit\u00e4 raskaissa t\u00f6iss\u00e4.<\/p>\n<h3>Kuormaajat<\/h3>\n<p>Etukuormaajissa puomisylinterit auttavat materiaalien tehokkaassa nostamisessa ja tyhjent\u00e4misess\u00e4. Niiden vahva nostokyky mahdollistaa tehokkaan materiaalink\u00e4sittelyn rakennus- ja maisemointisovelluksissa.<\/p>\n<h2>Suunnittelun\u00e4k\u00f6kohdat ja valintakriteerit<\/h2>\n<h3>Kantavuus<\/h3>\n<p>Puomisylinteri\u00e4 valittaessa on t\u00e4rke\u00e4\u00e4 ottaa huomioon sen kuormituskapasiteetti. Sylinterin on kyett\u00e4v\u00e4 k\u00e4sittelem\u00e4\u00e4n nostettavien ja k\u00e4sitelt\u00e4v\u00e4n kuormien enimm\u00e4ispainoa. T\u00e4m\u00e4 edellytt\u00e4\u00e4 koneesi erityisvaatimusten ja k\u00e4sill\u00e4 olevien teht\u00e4vien tuntemusta.<\/p>\n<h3>Tiivistys ja kest\u00e4vyys<\/h3>\n<p>Tiivistys on kriittisen t\u00e4rke\u00e4\u00e4 hydraulisylinterien tehokkaalle toiminnalle. Korkealaatuiset tiivisteet est\u00e4v\u00e4t hydraulinesteen vuotamisen, joka voi johtaa toimintah\u00e4iri\u00f6ihin ja lis\u00e4\u00e4ntyneisiin yll\u00e4pitokustannuksiin. Materiaalien, kuten polyuretaanin ja nitriilikumin, valitseminen parantaa kest\u00e4vyytt\u00e4 ja kest\u00e4vyytt\u00e4 kulumista ja ymp\u00e4rist\u00f6tekij\u00f6it\u00e4 vastaan.<\/p>\n<h3>Turvaominaisuudet<\/h3>\n<p>Turvallisuus on ensiarvoisen t\u00e4rke\u00e4\u00e4 hydraulisylintereiden suunnittelussa. Niiss\u00e4 tulisi olla ominaisuuksia, kuten paineenalennusventtiilit ja turvalukot, jotka est\u00e4v\u00e4t tahattomat liikkeet ja suojaavat k\u00e4ytt\u00e4j\u00e4\u00e4 ja laitteita k\u00e4yt\u00f6n aikana.<\/p>\n<h3>Huolton\u00e4k\u00f6kohdat<\/h3>\n<p>Helppok\u00e4ytt\u00f6inen suunnittelu voi vaikuttaa merkitt\u00e4v\u00e4sti puomisylinterin k\u00e4ytt\u00f6ik\u00e4\u00e4n. Tiivisteisiin ja voitelupisteisiin helpon p\u00e4\u00e4syn mahdollistavat ominaisuudet voivat v\u00e4hent\u00e4\u00e4 seisokkiaikoja ja tehd\u00e4 rutiinihuollosta helpommin hallittavaa k\u00e4ytt\u00e4jille.<\/p>\n<p><img decoding=\"async\" src=\"https:\/\/www.hydraulic-cylinders.net\/wp-content\/uploads\/2025\/04\/songte-oil-pipes-and-spare-parts.webp\" alt=\"\u00d6ljyputket ja varaosat\"><\/p>\n<h2>Tiivistys ja voitelu<\/h2>\n<p>Puomin sylinterin luotettavuus riippuu suuresti tiivisteiden ja voitelun tehokkaasta k\u00e4yt\u00f6st\u00e4. Erilaiset tiivistysratkaisut, kuten m\u00e4nn\u00e4n tiivisteet ja varren tiivisteet, ovat v\u00e4ltt\u00e4m\u00e4tt\u00f6mi\u00e4 hydraulisen eheyden yll\u00e4pit\u00e4miseksi. Kest\u00e4vist\u00e4 materiaaleista, kuten polyuretaanista ja nitriilikumista, valmistetut tiivisteet kest\u00e4v\u00e4t kulumista ja ymp\u00e4rist\u00f6n aiheuttamia vaurioita. Lis\u00e4ksi sylinterin runko ja kierteitetyt p\u00e4\u00e4typinnat on k\u00e4sitelt\u00e4v\u00e4 huolellisesti kulutuskest\u00e4vyyden parantamiseksi.<\/p>\n<p>S\u00e4\u00e4nn\u00f6llinen voitelu riitt\u00e4v\u00e4ll\u00e4 hydrauliikka\u00f6ljym\u00e4\u00e4r\u00e4ll\u00e4 on ratkaisevan t\u00e4rke\u00e4\u00e4 optimaalisen suorituskyvyn saavuttamiseksi. Oikea voitelu v\u00e4hent\u00e4\u00e4 liikkuvien osien v\u00e4list\u00e4 kitkaa, pident\u00e4\u00e4 sylinterin k\u00e4ytt\u00f6ik\u00e4\u00e4 ja varmistaa sujuvan toiminnan.<\/p>\n<h2>Ennaltaehk\u00e4isev\u00e4t huoltotoimenpiteet<\/h2>\n<ul>\n<li><strong>S\u00e4\u00e4nn\u00f6lliset tarkastukset:<\/strong> Sylinterin s\u00e4\u00e4nn\u00f6lliset tarkastukset kulumisen tai vaurioiden varalta voivat est\u00e4\u00e4 vakavia vikoja ja yll\u00e4pit\u00e4\u00e4 toiminnan tehokkuutta.<\/li>\n<li><strong>Asianmukainen voitelu:<\/strong> Sylinterin riitt\u00e4v\u00e4 voitelu oikealla hydrauliikka\u00f6ljyll\u00e4 parantaa sen suorituskyky\u00e4 ja kest\u00e4vyytt\u00e4.<\/li>\n<li><strong>Tiivisteen vaihto:<\/strong> Kuluneiden tiivisteiden nopea vaihtaminen voi est\u00e4\u00e4 vuotoja ja yll\u00e4pit\u00e4\u00e4 hydraulij\u00e4rjestelm\u00e4n tehokkuutta.<\/li>\n<\/ul>\n<h2>Oikeat asennusohjeet<\/h2>\n<p>Puomisylinterin oikea asennus on elint\u00e4rke\u00e4\u00e4 sen suorituskyvyn ja pitk\u00e4n k\u00e4ytt\u00f6i\u00e4n kannalta. Aloita varmistamalla, ett\u00e4 sylinteri on kohdistettu oikein asennuspisteeseen. K\u00e4yt\u00e4 sopivia kiinnityskorvakkeita sylinterin kiinnitt\u00e4miseen, jotta est\u00e4t virheelliset kohdistukset, jotka voivat johtaa ennenaikaiseen kulumiseen. On t\u00e4rke\u00e4\u00e4 noudattaa valmistajan ohjeita v\u00e4\u00e4nt\u00f6momenttien ja liit\u00e4nt\u00f6jen suhteen hydraulisten vuotojen v\u00e4ltt\u00e4miseksi.<\/p>\n<p>Ennen k\u00e4ytt\u00f6\u00e4 tarkista kaikki liit\u00e4nn\u00e4t ja varmista, ett\u00e4 tiivisteet ovat ehj\u00e4t. J\u00e4rjestelm\u00e4n k\u00e4ytt\u00e4minen ilman asianmukaista asennusta voi johtaa vakaviin vaurioihin ja lis\u00e4\u00e4ntyneisiin yll\u00e4pitokustannuksiin. Tarkista asennusprosessi s\u00e4\u00e4nn\u00f6llisesti varmistaaksesi, ett\u00e4 parhaita k\u00e4yt\u00e4nt\u00f6j\u00e4 noudatetaan.<\/p>\n<h2>Yleiset huoltoteht\u00e4v\u00e4t<\/h2>\n<h3>S\u00e4\u00e4nn\u00f6lliset tarkastukset<\/h3>\n<p>S\u00e4\u00e4nn\u00f6llisten tarkastusten suorittaminen on ratkaisevan t\u00e4rke\u00e4\u00e4 mahdollisten ongelmien tunnistamiseksi ennen kuin ne eskaloituvat. Etsi kulumisen merkkej\u00e4, kuten vuotoja tai tiivisteiden vaurioita. Usein tehdyt tarkastukset voivat s\u00e4\u00e4st\u00e4\u00e4 aikaa ja resursseja pitk\u00e4ll\u00e4 aikav\u00e4lill\u00e4.<\/p>\n<h3>Oikea voitelu<\/h3>\n<p>Puomin sylinterin riitt\u00e4v\u00e4 voitelu on v\u00e4ltt\u00e4m\u00e4t\u00f6nt\u00e4 sujuvan toiminnan ja pitk\u00e4n k\u00e4ytt\u00f6i\u00e4n kannalta. K\u00e4yt\u00e4 valmistajan suosittelemaa hydrauliikka\u00f6ljy\u00e4 ja noudata voiteluaikataulua kitkan ja kulumisen est\u00e4miseksi.<\/p>\n<h3>Tiivisteen vaihto<\/h3>\n<p>Tiivisteiden s\u00e4\u00e4nn\u00f6llinen vaihtaminen voi est\u00e4\u00e4 vuotoja ja yll\u00e4pit\u00e4\u00e4 hydraulij\u00e4rjestelm\u00e4n tehokkuutta. Kiinnit\u00e4 huomiota tiivisteiden kuntoon tarkastusten aikana ja vaihda ne tarvittaessa optimaalisen suorituskyvyn varmistamiseksi.<\/p>\n<p><img decoding=\"async\" src=\"https:\/\/www.hydraulic-cylinders.net\/wp-content\/uploads\/2025\/04\/songte-chushion-collar.webp\" alt=\"Tyynykaulus\"><\/p>\n<h2>Turvallisuusn\u00e4k\u00f6kohdat ja ymp\u00e4rist\u00f6tekij\u00e4t<\/h2>\n<p>Hydraulisylintereit\u00e4 k\u00e4ytett\u00e4ess\u00e4 turvatoimenpiteet ovat ensiarvoisen t\u00e4rkeit\u00e4. K\u00e4ytt\u00e4j\u00e4t tulisi kouluttaa koneiden turvalliseen k\u00e4ytt\u00f6\u00f6n ja hydraulij\u00e4rjestelmiin liittyviin mahdollisiin vaaroihin. Turvalaitteiden asianmukaisen asennuksen ja toiminnan varmistaminen on elint\u00e4rke\u00e4\u00e4 onnettomuuksien ja vammojen ehk\u00e4isemiseksi. Lis\u00e4ksi ymp\u00e4rist\u00f6n\u00e4k\u00f6kohdat, kuten hydraulinesteiden asianmukainen h\u00e4vitt\u00e4minen ja vuotojen minimointi, tulisi asettaa etusijalle ekosysteemin suojelemiseksi.<\/p>\n<h2>Vianm\u00e4\u00e4ritys ja yleiset ongelmat<\/h2>\n<ul>\n<li><strong>Vuoto:<\/strong> Vuotoja voi esiinty\u00e4 kuluneiden tiivisteiden tai vaurioituneiden osien vuoksi. S\u00e4\u00e4nn\u00f6lliset tarkastukset voivat auttaa tunnistamaan ja korjaamaan t\u00e4llaiset ongelmat.<\/li>\n<li><strong>Ep\u00e4johdonmukainen suorituskyky:<\/strong> Jos puomin sylinteri ei reagoi tasaisesti, se voi olla merkki alhaisesta hydraulinesteen tasosta tai sis\u00e4isist\u00e4 vaurioista.<\/li>\n<li><strong>Ylikuumeneminen:<\/strong> Jatkuva k\u00e4ytt\u00f6 korkeissa paineissa voi aiheuttaa ylikuumenemista. S\u00e4\u00e4nn\u00f6llinen huolto ja nestetasojen seuranta voivat est\u00e4\u00e4 t\u00e4m\u00e4n ongelman.<\/li>\n<\/ul>\n<h2>Vianm\u00e4\u00e4ritysvinkkej\u00e4<\/h2>\n<p>Ongelmien tehokkaaseen vianm\u00e4\u00e4ritykseen kannattaa pit\u00e4\u00e4 lokikirjaa toiminnan suorituskyvyst\u00e4 ja huoltotoimista. T\u00e4m\u00e4 loki voi auttaa tunnistamaan toistuvat ongelmat ja mahdolliset ongelmat varhaisessa vaiheessa. Vuotojen varalta pys\u00e4yt\u00e4 toiminto v\u00e4litt\u00f6m\u00e4sti ja tarkista tiivisteet ja liittimet. Ep\u00e4tasaisen suorituskyvyn osalta tarkista hydraulinesteen tasot ja etsi tukoksia linjoista.<\/p>\n<p>Ennaltaehk\u00e4isevien toimenpiteiden, kuten rutiinihuollon ja oikea-aikaisten korjausten, toteuttaminen minimoi mahdollisten ongelmien riskin ja parantaa puomin sylinterin luotettavuutta.<\/p>\n<p><img decoding=\"async\" src=\"https:\/\/www.hydraulic-cylinders.net\/wp-content\/uploads\/2025\/04\/songte-bushings-with-all-kinds-of-excavator-models.webp\" alt=\"Kaivinkonemallien holkit\"><\/p>\n<h2>Yrityksen yleiskatsaus<\/h2>\n<p>Olemme johtava hydraulisten sylinterien varaosien valmistaja ja tukkumyyj\u00e4, jolla on laaja valikoima tuotteita markkinoilla. Keskittymisemme poikkeukselliseen laatuun perustuu tarkkoihin valmistuksen hallintastrategioihin. Yrityksemme hy\u00f6dynt\u00e4\u00e4 teknist\u00e4 osaamista, edistyneit\u00e4 digitaalisia valmistuslaitteita ja ammattimaisia \u200b\u200btestausj\u00e4rjestelmi\u00e4 parantaakseen jatkuvasti valmistusymp\u00e4rist\u00f6\u00e4mme ja varmistaakseen korkealaatuisen tuotantoreitin. Vahvojen luovien kykyjemme ansiosta noudatamme korkean tehokkuuden, tarkkuuden ja laadun periaatteita vastataksemme monipuolisiin asiakastarpeisiin.<\/p>\n<h3>Asiantuntemus ja erikoistuminen<\/h3>\n<p>Tiimimme koostuu kokeneista ammattilaisista, jotka ovat omistautuneet valmistamaan asiakkaiden tarpeisiin r\u00e4\u00e4t\u00e4l\u00f6ityj\u00e4 tehokkaita hydraulisylintereit\u00e4. Tarjoamme r\u00e4\u00e4t\u00e4l\u00f6ityj\u00e4 ratkaisuja vastaamaan erityisi\u00e4 operatiivisia vaatimuksia painottaen laatua ja luotettavuutta.<\/p>\n<h3>Kansainv\u00e4linen sertifiointi<\/h3>\n<p>Tuotteemme t\u00e4ytt\u00e4v\u00e4t kansainv\u00e4liset laatustandardit, mik\u00e4 varmistaa luotettavuuden ja suorituskyvyn erilaisissa sovelluksissa. Priorisoimme sertifikaattien hankkimista, jotka vahvistavat sitoutumistamme laatuun ja turvallisuuteen.<\/p>\n<h3>Mukautetut palvelut<\/h3>\n<p>Tarjoamme r\u00e4\u00e4t\u00e4l\u00f6ityj\u00e4 palveluita kehitt\u00e4\u00e4ksemme hydraulisylintereit\u00e4, jotka t\u00e4ytt\u00e4v\u00e4t ainutlaatuiset vaatimukset. Suunnittelutiimimme tekee tiivist\u00e4 yhteisty\u00f6t\u00e4 asiakkaiden kanssa suunnitellakseen sylintereit\u00e4, jotka sopivat heid\u00e4n koneisiinsa ja k\u00e4ytt\u00f6tarpeisiinsa.<\/p>\n<h3>Tuotantolaitteet<\/h3>\n<p>K\u00e4ytt\u00e4m\u00e4ll\u00e4 uusimpia valmistusteknologioita varmistamme tuotteidemme korkean tarkkuuden ja kest\u00e4vyyden. Laitoksemme on varustettu edistyneill\u00e4 koneilla, jotka parantavat tuotannon tehokkuutta ja tuotteiden laatua.<\/p>\n<h3>Myynnin j\u00e4lkeiset palvelut<\/h3>\n<p>Sitoutumisemme asiakastyytyv\u00e4isyyteen ulottuu myynnin j\u00e4lkeiseen aikaan. Tarjoamme kattavaa myynnin j\u00e4lkeist\u00e4 tukea, mukaan lukien huolto-ohjeet ja vianetsint\u00e4apua, varmistaen, ett\u00e4 asiakkaat saavat tuotteistamme parhaan vastineen rahoilleen.<\/p>\n<p><img decoding=\"async\" src=\"https:\/\/www.hydraulic-cylinders.net\/wp-content\/uploads\/2025\/04\/songte-company-4.webp\" alt=\"Yrityksen yleiskatsaus\"><br \/>\n<img decoding=\"async\" src=\"https:\/\/www.hydraulic-cylinders.net\/wp-content\/uploads\/2025\/04\/songte-company-3.webp\" alt=\"Yrityksen valmistusprosessi\"><\/p>\n<p>Kirjoittaja: lyl<\/p>","protected":false},"excerpt":{"rendered":"<p>Boom Cylinder For Caterpillar Large Excavator E330B330C Product Overview The Boom Cylinder for Caterpillar Large Excavator E330B330C is a hydraulic cylinder specifically designed for controlling the movement of the boom in heavy machinery such as excavators, backhoe loaders, and front-end loaders. This component plays a crucial role in material handling tasks, enabling the boom to [&hellip;]<\/p>","protected":false},"featured_media":17878,"comment_status":"open","ping_status":"closed","template":"","meta":{"_et_pb_use_builder":"","_et_pb_old_content":"","_et_gb_content_width":""},"product_brand":[],"product_cat":[1546],"product_tag":[1547,1496],"class_list":{"0":"post-18966","1":"product","2":"type-product","3":"status-publish","4":"has-post-thumbnail","6":"product_cat-boom-cylinders","7":"product_tag-boom-cylinders","8":"product_tag-hydraulic-cylinders","10":"first","11":"instock","12":"shipping-taxable","13":"product-type-simple"},"amp_enabled":true,"_links":{"self":[{"href":"https:\/\/www.hydraulic-cylinders.net\/fi\/wp-json\/wp\/v2\/product\/18966","targetHints":{"allow":["GET"]}}],"collection":[{"href":"https:\/\/www.hydraulic-cylinders.net\/fi\/wp-json\/wp\/v2\/product"}],"about":[{"href":"https:\/\/www.hydraulic-cylinders.net\/fi\/wp-json\/wp\/v2\/types\/product"}],"replies":[{"embeddable":true,"href":"https:\/\/www.hydraulic-cylinders.net\/fi\/wp-json\/wp\/v2\/comments?post=18966"}],"wp:featuredmedia":[{"embeddable":true,"href":"https:\/\/www.hydraulic-cylinders.net\/fi\/wp-json\/wp\/v2\/media\/17878"}],"wp:attachment":[{"href":"https:\/\/www.hydraulic-cylinders.net\/fi\/wp-json\/wp\/v2\/media?parent=18966"}],"wp:term":[{"taxonomy":"product_brand","embeddable":true,"href":"https:\/\/www.hydraulic-cylinders.net\/fi\/wp-json\/wp\/v2\/product_brand?post=18966"},{"taxonomy":"product_cat","embeddable":true,"href":"https:\/\/www.hydraulic-cylinders.net\/fi\/wp-json\/wp\/v2\/product_cat?post=18966"},{"taxonomy":"product_tag","embeddable":true,"href":"https:\/\/www.hydraulic-cylinders.net\/fi\/wp-json\/wp\/v2\/product_tag?post=18966"}],"curies":[{"name":"wp","href":"https:\/\/api.w.org\/{rel}","templated":true}]}}