{"id":18969,"date":"2025-04-07T06:04:45","date_gmt":"2025-04-07T06:04:45","guid":{"rendered":"https:\/\/www.hydraulic-cylinders.net\/product\/boom-cylinder-for-caterpillar-large-excavator-d2l-374dl\/"},"modified":"2025-04-07T06:04:48","modified_gmt":"2025-04-07T06:04:48","slug":"boom-cylinder-for-caterpillar-large-excavator-d2l-374dl","status":"publish","type":"product","link":"https:\/\/www.hydraulic-cylinders.net\/fi\/tuote\/boom-cylinder-for-caterpillar-large-excavator-d2l-374dl\/","title":{"rendered":"Puomin sylinteri Caterpillar-kaivukoneeseen D2L\/374DL"},"content":{"rendered":"<h1>Puomin sylinteri Caterpillar-kaivukoneeseen D2L\/374DL<\/h1>\n<h2>Puomisylinterien yleiskatsaus<\/h2>\n<p>Puomin sylinteri on t\u00e4rke\u00e4 hydraulinen komponentti, jota k\u00e4ytet\u00e4\u00e4n raskaissa koneissa, erityisesti kaivinkoneissa, kuten Caterpillar D2L\/374DL. T\u00e4m\u00e4 erikoishydraulinen sylinteri on suunniteltu ohjaamaan kauhan liikkeit\u00e4 erilaisissa raskaissa laitteissa, kuten kaivinkoneissa, traktorikaivureissa ja etukuormaajissa. Se mahdollistaa kauhan nostamisen, laskemisen ja kallistumisen, mik\u00e4 helpottaa materiaalink\u00e4sittelyteht\u00e4vi\u00e4 tarkasti ja tehokkaasti.<\/p>\n<p>Kauhasylinterill\u00e4 on pohjimmiltaan ratkaiseva rooli hydraulij\u00e4rjestelmiss\u00e4. Se muuntaa hydraulisen paineen mekaaniseksi voimaksi, jolloin k\u00e4ytt\u00e4j\u00e4t voivat suorittaa vaativia teht\u00e4vi\u00e4, kuten kaivamista, nostamista ja materiaalien kuljettamista. N\u00e4m\u00e4 sylinterit on suunniteltu kest\u00e4viksi ja luotettaviksi, mik\u00e4 varmistaa, ett\u00e4 ne kest\u00e4v\u00e4t rakennusty\u00f6mailla usein esiintyv\u00e4t ankarat olosuhteet.<\/p>\n<p><img decoding=\"async\" src=\"https:\/\/www.hydraulic-cylinders.net\/wp-content\/uploads\/2025\/04\/songte-company-1.webp\" alt=\"Puomin sylinteri\"><\/p>\n<h2>Puomin sylinterin ominaisuudet<\/h2>\n<ul>\n<li>\n<h3>Korkea lujuus ja kest\u00e4vyys<\/h3>\n<p>Korkean lujuuden omaavasta ter\u00e4ksest\u00e4 tai alumiinista valmistettu puomin sylinteri kest\u00e4\u00e4 korkeaa painetta ja raskaita kuormia, joten se sopii vaativiin ty\u00f6ymp\u00e4rist\u00f6ihin. Sen rakenne yhdist\u00e4\u00e4 kulutuskest\u00e4vyyden ja korroosiosuojauksen, mik\u00e4 pident\u00e4\u00e4 sen k\u00e4ytt\u00f6ik\u00e4\u00e4.<\/p>\n<\/li>\n<li>\n<h3>Tehokas hydraulinen k\u00e4ytt\u00f6<\/h3>\n<p>Hydrauli\u00f6ljyn paineen ansiosta sylinteri saavuttaa tasaisen laajentumisen ja sis\u00e4\u00e4nvedon. Se reagoi nopeasti ohjauskomentoihin ja tarjoaa vankan ty\u00f6nt\u00f6- ja vetovoiman, mik\u00e4 sopii erinomaisesti raskaiden esineiden k\u00e4sittelyyn ja monimutkaisiin teht\u00e4viin.<\/p>\n<\/li>\n<li>\n<h3>Erilaiset tyypit<\/h3>\n<p>Puomisylinteri on saatavana yksitoimisena (hydraulinen k\u00e4ytt\u00f6 yhteen suuntaan) tai kaksitoimisena (hydraulinen k\u00e4ytt\u00f6 molempiin suuntiin), ja sit\u00e4 voidaan r\u00e4\u00e4t\u00e4l\u00f6id\u00e4 erilaisiin k\u00e4ytt\u00f6tarpeisiin. Jotkut mallit ovat teleskooppisia, mik\u00e4 mahdollistaa suuremman jatkeen ilman ulkomittojen kasvua, mik\u00e4 sopii t\u00e4ydellisesti ahtaisiin sovelluksiin.<\/p>\n<\/li>\n<li>\n<h3>Mukautetut valmistusmahdollisuudet<\/h3>\n<p>Tuotantokykymme takaavat, ett\u00e4 voimme valmistaa t\u00e4m\u00e4n tuotteen t\u00e4ydellisesti korvaamaan olemassa olevia hydraulisylintereit\u00e4 ja t\u00e4ytt\u00e4m\u00e4\u00e4n vaaditut vaatimukset ja standardit.<\/p>\n<\/li>\n<li>\n<h3>Edistynyt teknologiaintegraatio<\/h3>\n<p>Puomisylinterimme on suunniteltu suorituskyky\u00e4 ja luotettavuutta ajatellen, ja se sis\u00e4lt\u00e4\u00e4 uusinta hydrauliikkateknologiaa ja -suunnittelua. Se vastaa nykyp\u00e4iv\u00e4n rakennus- ja kaivuteollisuuden vaativiin tarpeisiin.<\/p>\n<\/li>\n<\/ul>\n<p><img decoding=\"async\" src=\"https:\/\/www.hydraulic-cylinders.net\/wp-content\/uploads\/2025\/04\/songte-cylinder-head-with-all-kinds-excavator-models.webp\" alt=\"Kaivinkonemallit\"><\/p>\n<h2>Sovellusskenaariot<\/h2>\n<h3>Rakennuslaitteet<\/h3>\n<p>Kaivinkoneissa puomin sylinteri on ratkaisevan t\u00e4rke\u00e4 kaivamisessa, lastaamisessa ja maan tai roskien siirt\u00e4misess\u00e4. Sen avulla k\u00e4ytt\u00e4j\u00e4t voivat tehokkaasti hallita kauhan liikett\u00e4 varmistaen tarkat ja tehokkaat kaivuuty\u00f6t. Kaivurikuormaajissa kauhan sylinteri avustaa sek\u00e4 kaivu- ett\u00e4 nostotoiminnoissa, virtaviivaistaen ty\u00f6nkulkua rakennusty\u00f6mailla ja parantaen lopulta tuottavuutta.<\/p>\n<h3>Maatalouskoneet<\/h3>\n<p>Etukuormaimissa k\u00e4ytetty puomisylinteri helpottaa maaper\u00e4n, hein\u00e4n ja muiden materiaalien kaivamista, nostamista ja kuljetusta optimoiden maataloustoimintaa. Kest\u00e4v\u00e4n rakenteensa ansiosta se kest\u00e4\u00e4 maataloust\u00f6iden vaativat olosuhteet ja parantaa erilaisten maatalousteht\u00e4vien tehokkuutta maaper\u00e4n hoidosta materiaalin kuljetukseen.<\/p>\n<h3>Kaivinkoneet<\/h3>\n<p>Puomisylinterin ansiosta kauha tunkeutuu maaper\u00e4\u00e4n saumattomasti, mik\u00e4 mahdollistaa tehokkaat kaivutoimet. T\u00e4m\u00e4 on olennaista useissa eri sovelluksissa, kuten maisemoinnissa, ty\u00f6maan valmistelussa ja kunnallisteknisess\u00e4 ty\u00f6ss\u00e4, mik\u00e4 tekee siit\u00e4 v\u00e4ltt\u00e4m\u00e4tt\u00f6m\u00e4n osan nykyaikaisissa kaivuk\u00e4yt\u00e4nn\u00f6iss\u00e4.<\/p>\n<h3>Kuormaajat<\/h3>\n<p>Etukuormaajissa puomin sylinteri auttaa kuormien tehokkaassa nostamisessa ja tyhjent\u00e4misess\u00e4. T\u00e4m\u00e4 hydraulinen mekanismi tarjoaa tarvittavan voiman raskaiden materiaalien nostamiseen, varmistaen sujuvan toiminnan lastaus- ja purkuprosesseissa ja parantaen koneiston yleist\u00e4 tehokkuutta.<\/p>\n<h2>Suunnittelun\u00e4k\u00f6kohdat ja valintakriteerit<\/h2>\n<h3>Kantavuus<\/h3>\n<p>Puomisylinterin kuormituskapasiteetti on ensiarvoisen t\u00e4rke\u00e4\u00e4 sen varmistamiseksi, ett\u00e4 se pystyy k\u00e4sittelem\u00e4\u00e4n vaaditun painon ja k\u00e4ytt\u00f6vaatimukset. Kuormitusrajojen asianmukainen arviointi auttaa est\u00e4m\u00e4\u00e4n sylinterin vikaantumisen ja varmistaa turvallisuuden k\u00e4yt\u00f6n aikana.<\/p>\n<h3>Tiivistysmekanismit<\/h3>\n<p>Tehokas tiivistys on v\u00e4ltt\u00e4m\u00e4t\u00f6nt\u00e4 hydraulisen paineen yll\u00e4pit\u00e4miseksi ja vuotojen est\u00e4miseksi. Korkealaatuiset tiivisteet, kuten m\u00e4nn\u00e4ntiivisteet ja varren tiivisteet, ovat ratkaisevan t\u00e4rkeit\u00e4 sylinterin pitk\u00e4ik\u00e4isyyden ja luotettavuuden kannalta.<\/p>\n<h3>Kest\u00e4vyys<\/h3>\n<p>Puomisylinterin kest\u00e4vyys on elint\u00e4rke\u00e4\u00e4, sill\u00e4 sen on kestett\u00e4v\u00e4 \u00e4\u00e4rimm\u00e4isi\u00e4 olosuhteita, kuten korkeita l\u00e4mp\u00f6tiloja ja hankaavia materiaaleja. Materiaalivalinnat ja suunnittelu ovat merkitt\u00e4vi\u00e4 sylinterin pitk\u00e4ik\u00e4isyyden pident\u00e4misess\u00e4.<\/p>\n<h3>Turvaominaisuudet<\/h3>\n<p>Turvallisuus on puomisylinterin suunnittelussa etusijalla. Integroidut turvaominaisuudet, kuten paineenalennusventtiilit ja vikasietomekanismit, ovat olennaisia \u200b\u200bturvallisen k\u00e4yt\u00f6n varmistamiseksi ja onnettomuusriskin minimoimiseksi.<\/p>\n<h3>Yll\u00e4pidett\u00e4vyys<\/h3>\n<p>Puomisylinterin suunnittelu helpoksi huollettavaksi on ratkaisevan t\u00e4rke\u00e4\u00e4 seisokkiaikojen minimoimiseksi. S\u00e4\u00e4nn\u00f6llisi\u00e4 tarkastuksia, voitelua ja osien vaihtoa helpottavat ominaisuudet edist\u00e4v\u00e4t hydraulij\u00e4rjestelmien yleist\u00e4 tehokkuutta ja luotettavuutta.<\/p>\n<p><img decoding=\"async\" src=\"https:\/\/www.hydraulic-cylinders.net\/wp-content\/uploads\/2025\/04\/songte-oil-pipes-and-spare-parts.webp\" alt=\"Hydrauliset osat\"><\/p>\n<h2>Tiivistys ja voitelu<\/h2>\n<p>Tehokas tiivistys ja voitelu ovat ratkaisevan t\u00e4rkeit\u00e4 puomin sylinterin optimaalisen suorituskyvyn kannalta. Erilaiset tiivisteet, kuten m\u00e4nn\u00e4n ja varren tiivisteet, ovat v\u00e4ltt\u00e4m\u00e4tt\u00f6mi\u00e4 hydraulisen paineen yll\u00e4pit\u00e4miseksi ja vuotojen est\u00e4miseksi. Kest\u00e4vist\u00e4 materiaaleista, kuten polyuretaanista ja nitriilikumista, valmistetut tiivisteet tarjoavat erinomaisen kulutuskest\u00e4vyyden ja pitk\u00e4n k\u00e4ytt\u00f6i\u00e4n.<\/p>\n<p>Sylinterin runko ja kierteitetyt p\u00e4\u00e4t koneistetaan tarkasti kulutuskest\u00e4vyyden parantamiseksi ja sylinterin sujuvan toiminnan varmistamiseksi ajan my\u00f6t\u00e4. S\u00e4\u00e4nn\u00f6llinen voitelu hydrauliikka\u00f6ljyll\u00e4 on v\u00e4ltt\u00e4m\u00e4t\u00f6nt\u00e4 kitkan ja kulumisen v\u00e4hent\u00e4miseksi, mik\u00e4 pident\u00e4\u00e4 hydrauliikkakomponenttien k\u00e4ytt\u00f6ik\u00e4\u00e4.<\/p>\n<h2>Ennaltaehk\u00e4isev\u00e4t huoltotoimenpiteet<\/h2>\n<ul>\n<li>S\u00e4\u00e4nn\u00f6lliset tarkastukset: S\u00e4\u00e4nn\u00f6llisten kulumis- ja vauriotarkastusten suorittaminen voi est\u00e4\u00e4 vakavia vikoja ja pident\u00e4\u00e4 sylinterin k\u00e4ytt\u00f6ik\u00e4\u00e4.<\/li>\n<li>Voitelu: Sylinterin riitt\u00e4v\u00e4 voitelu v\u00e4hent\u00e4\u00e4 kitkaa ja est\u00e4\u00e4 ylikuumenemisen, mik\u00e4 yll\u00e4pit\u00e4\u00e4 optimaalista suorituskyky\u00e4.<\/li>\n<li>Tiivisteiden vaihto: Tiivisteiden kunnon valvonta ja tarvittaessa vaihtaminen voi est\u00e4\u00e4 vuotoja ja yll\u00e4pit\u00e4\u00e4 hydraulipainetta.<\/li>\n<\/ul>\n<h2>Asennusohjeet<\/h2>\n<p>Puomisylinterin oikea asentaminen on v\u00e4ltt\u00e4m\u00e4t\u00f6nt\u00e4 sen tehokkaan toiminnan ja pitk\u00e4n k\u00e4ytt\u00f6i\u00e4n varmistamiseksi. Aloita valmistelemalla kiinnitysalue ja varmista, ett\u00e4 se on puhdas ja roskaton. Kohdista sylinteri kiinnityskiinnikkeisiin ja varmista, ett\u00e4 se sopii oikein. Kiinnit\u00e4 sylinteri sopivilla kiinnikkeill\u00e4 ja tarkista, ettei kohdistus ole virheellinen.<\/p>\n<p>On eritt\u00e4in t\u00e4rke\u00e4\u00e4 k\u00e4ytt\u00e4\u00e4 sopivia kiinnitystukia sylinterin vakauttamiseksi asennuksen aikana. Kun sylinteri on kiinnitetty, kytke hydrauliikkalinjat ja varmista, ett\u00e4 ne ovat tiukasti kiinni ja vuotamattomat. Lopuksi, ennen k\u00e4ytt\u00f6\u00e4, tarkista perusteellisesti, ett\u00e4 kaikki komponentit on asennettu oikein ja toimivat tarkoitetulla tavalla.<\/p>\n<h2>Yleiset huoltoteht\u00e4v\u00e4t<\/h2>\n<h3>S\u00e4\u00e4nn\u00f6lliset tarkastukset<\/h3>\n<p>Puomisylinterin s\u00e4\u00e4nn\u00f6lliset tarkastukset ovat v\u00e4ltt\u00e4m\u00e4tt\u00f6mi\u00e4 kulumisen, vuotojen ja mahdollisten ongelmien tunnistamiseksi ennen kuin ne pahenevat suuremmiksi ongelmiksi. Tiivisteiden, kiinnityspisteiden ja hydrauliletkujen tarkastaminen auttaa yll\u00e4pit\u00e4m\u00e4\u00e4n sylinterin toimivuutta ja turvallisuutta.<\/p>\n<h3>Oikea voitelu<\/h3>\n<p>Puomin sylinterin asianmukainen voitelu on elint\u00e4rke\u00e4\u00e4 kitkan ja kulumisen v\u00e4hent\u00e4miseksi. Tarkista voitelutasot s\u00e4\u00e4nn\u00f6llisesti ja lis\u00e4\u00e4 hydrauliikka\u00f6ljy\u00e4 tarvittaessa. Oikea voitelu pident\u00e4\u00e4 sylinterin k\u00e4ytt\u00f6ik\u00e4\u00e4 ja parantaa sen suorituskyky\u00e4.<\/p>\n<h3>Tiivisteen vaihto ja kalibrointi<\/h3>\n<p>Tiivisteiden s\u00e4\u00e4nn\u00f6llinen tarkastus ja vaihto osana huoltorutiinia on ratkaisevan t\u00e4rke\u00e4\u00e4 hydraulinesteen vuotojen est\u00e4miseksi. Lis\u00e4ksi sylinterin kalibrointi varmistaa, ett\u00e4 se toimii m\u00e4\u00e4riteltyjen parametrien mukaisesti, mik\u00e4 yll\u00e4pit\u00e4\u00e4 tehokkuutta ja turvallisuutta k\u00e4yt\u00f6n aikana.<\/p>\n<p><img decoding=\"async\" src=\"https:\/\/www.hydraulic-cylinders.net\/wp-content\/uploads\/2025\/04\/songte-chushion-collar.webp\" alt=\"Tyynykaulus\"><\/p>\n<h2>Turvallisuusn\u00e4k\u00f6kohdat ja ymp\u00e4rist\u00f6tekij\u00e4t<\/h2>\n<p>Puomisylintereit\u00e4 k\u00e4ytett\u00e4ess\u00e4 turvatoimenpiteet ovat ensiarvoisen t\u00e4rkeit\u00e4. K\u00e4ytt\u00e4j\u00e4t on koulutettava hydraulij\u00e4rjestelmien asianmukaiseen k\u00e4ytt\u00f6\u00f6n onnettomuuksien v\u00e4ltt\u00e4miseksi. Riskien minimoimiseksi on t\u00e4rke\u00e4\u00e4 varmistaa, ett\u00e4 kaikki turvaominaisuudet toimivat ennen k\u00e4ytt\u00f6\u00e4. Lis\u00e4ksi ymp\u00e4rist\u00f6n\u00e4k\u00f6kohdat, kuten hydraulinesteiden ja huoltoj\u00e4tteen asianmukainen h\u00e4vitt\u00e4minen, ovat olennaisia \u200b\u200bsaastumisen est\u00e4miseksi ja m\u00e4\u00e4r\u00e4ysten noudattamiseksi.<\/p>\n<h2>Vianm\u00e4\u00e4ritys ja yleiset ongelmat<\/h2>\n<ul>\n<li>\n<h3>Hydrauliset vuodot<\/h3>\n<p>Vuotoja voi esiinty\u00e4 kuluneista tiivisteist\u00e4 tai vaurioituneista letkuista. S\u00e4\u00e4nn\u00f6lliset tarkastukset ovat v\u00e4ltt\u00e4m\u00e4tt\u00f6mi\u00e4 vuotojen havaitsemiseksi ja korjaamiseksi nopeasti. K\u00e4yt\u00e4 sopivia tiivistysaineita pienten vuotojen korjaamiseen ja vaihda vialliset osat tarvittaessa.<\/p>\n<\/li>\n<li>\n<h3>Heikentynyt suorituskyky<\/h3>\n<p>Suorituskyvyn heikkeneminen voi viitata alhaisiin hydrauliikka\u00f6ljyn tasoihin tai likaantumiseen. Tarkista \u00f6ljyn tasot s\u00e4\u00e4nn\u00f6llisesti ja vaihda vanhat tai likaantuneet nesteet optimaalisen toiminnan yll\u00e4pit\u00e4miseksi.<\/p>\n<\/li>\n<li>\n<h3>Laajentamisen\/sis\u00e4\u00e4nvet\u00e4misen ep\u00e4onnistuminen<\/h3>\n<p>Jos sylinteri ei liiku ulos tai sis\u00e4\u00e4n, tarkista hydrauliset tukkeumat tai mekaaniset esteet. Tarkista hydrauliletkut taitoksilta tai vuodoilta ja varmista oikea hydraulinesteen taso.<\/p>\n<\/li>\n<\/ul>\n<p>Jotta lukijat voivat tehokkaasti diagnosoida ja ratkaista ongelmia, on t\u00e4rke\u00e4\u00e4 tarjota selke\u00e4 vianetsint\u00e4opas. S\u00e4\u00e4nn\u00f6llinen huolto ja valvonta voivat v\u00e4hent\u00e4\u00e4 mahdollisia ongelmia ja varmistaa hydraulij\u00e4rjestelm\u00e4n tehokkaan toiminnan.<\/p>\n<p><img decoding=\"async\" src=\"https:\/\/www.hydraulic-cylinders.net\/wp-content\/uploads\/2025\/04\/songte-bushings-with-all-kinds-of-excavator-models.webp\" alt=\"Kaivinkoneen holkit\"><\/p>\n<h2>Tietoa yrityksest\u00e4mme<\/h2>\n<p>Olemme johtava hydraulisylinterien valmistaja ja tukkumyyj\u00e4, joka on erikoistunut korkealaatuisten hydraulij\u00e4rjestelmien varaosien toimittamiseen. Laaja tuotevalikoimamme ja sitoutumisemme huippuosaamiseen ovat tehneet meist\u00e4 edell\u00e4k\u00e4vij\u00e4n sek\u00e4 kotimaisilla ett\u00e4 kansainv\u00e4lisill\u00e4 markkinoilla. Noudatamme tiukkoja laatustandardeja ja k\u00e4yt\u00e4mme hienostuneita valmistusprosesseja.<\/p>\n<p>Laitoksissamme k\u00e4ytet\u00e4\u00e4n edistyneit\u00e4 valmistusteknologioita, jotka takaavat tarkkuuden ja laadun jokaisessa vaiheessa. Painotamme vahvasti tutkimus- ja kehitysty\u00f6t\u00e4 ja parannamme jatkuvasti tuotevalikoimaamme vastataksemme monipuolisiin asiakastarpeisiin. Sitoutumisemme ulottuu valmistuksen ulkopuolelle; tarjoamme r\u00e4\u00e4t\u00e4l\u00f6ityj\u00e4 ratkaisuja, kansainv\u00e4lisi\u00e4 sertifiointeja ja poikkeuksellista huolto- ja korjauspalvelua varmistaen, ett\u00e4 asiakkaamme saavat kattavaa palvelua.<\/p>\n<p><img decoding=\"async\" src=\"https:\/\/www.hydraulic-cylinders.net\/wp-content\/uploads\/2025\/04\/songte-company-4.webp\" alt=\"Yrityksen yleiskatsaus\"><br \/>\n<img decoding=\"async\" src=\"https:\/\/www.hydraulic-cylinders.net\/wp-content\/uploads\/2025\/04\/songte-company-3.webp\" alt=\"Yritysvalmistus\"><\/p>\n<p>Kirjoittaja: lyl<\/p>","protected":false},"excerpt":{"rendered":"<p>Boom Cylinder For Caterpillar Large Excavator D2L\/374DL Overview of Boom Cylinders The Boom Cylinder is a vital hydraulic component used in heavy machinery, particularly in excavators like the Caterpillar D2L\/374DL. This specialized hydraulic cylinder is designed to control the movements of the bucket on various heavy equipment such as excavators, backhoes, and front loaders. It [&hellip;]<\/p>","protected":false},"featured_media":17881,"comment_status":"open","ping_status":"closed","template":"","meta":{"_et_pb_use_builder":"","_et_pb_old_content":"","_et_gb_content_width":""},"product_brand":[],"product_cat":[1546],"product_tag":[1547,1496],"class_list":{"0":"post-18969","1":"product","2":"type-product","3":"status-publish","4":"has-post-thumbnail","6":"product_cat-boom-cylinders","7":"product_tag-boom-cylinders","8":"product_tag-hydraulic-cylinders","10":"first","11":"instock","12":"shipping-taxable","13":"product-type-simple"},"amp_enabled":true,"_links":{"self":[{"href":"https:\/\/www.hydraulic-cylinders.net\/fi\/wp-json\/wp\/v2\/product\/18969","targetHints":{"allow":["GET"]}}],"collection":[{"href":"https:\/\/www.hydraulic-cylinders.net\/fi\/wp-json\/wp\/v2\/product"}],"about":[{"href":"https:\/\/www.hydraulic-cylinders.net\/fi\/wp-json\/wp\/v2\/types\/product"}],"replies":[{"embeddable":true,"href":"https:\/\/www.hydraulic-cylinders.net\/fi\/wp-json\/wp\/v2\/comments?post=18969"}],"wp:featuredmedia":[{"embeddable":true,"href":"https:\/\/www.hydraulic-cylinders.net\/fi\/wp-json\/wp\/v2\/media\/17881"}],"wp:attachment":[{"href":"https:\/\/www.hydraulic-cylinders.net\/fi\/wp-json\/wp\/v2\/media?parent=18969"}],"wp:term":[{"taxonomy":"product_brand","embeddable":true,"href":"https:\/\/www.hydraulic-cylinders.net\/fi\/wp-json\/wp\/v2\/product_brand?post=18969"},{"taxonomy":"product_cat","embeddable":true,"href":"https:\/\/www.hydraulic-cylinders.net\/fi\/wp-json\/wp\/v2\/product_cat?post=18969"},{"taxonomy":"product_tag","embeddable":true,"href":"https:\/\/www.hydraulic-cylinders.net\/fi\/wp-json\/wp\/v2\/product_tag?post=18969"}],"curies":[{"name":"wp","href":"https:\/\/api.w.org\/{rel}","templated":true}]}}