{"id":18970,"date":"2025-04-07T06:04:48","date_gmt":"2025-04-07T06:04:48","guid":{"rendered":"https:\/\/www.hydraulic-cylinders.net\/product\/boom-cylinder-for-caterpillar-large-excavator-e336dz-d2l\/"},"modified":"2025-04-07T06:04:50","modified_gmt":"2025-04-07T06:04:50","slug":"boom-cylinder-for-caterpillar-large-excavator-e336dz-d2l","status":"publish","type":"product","link":"https:\/\/www.hydraulic-cylinders.net\/fi\/tuote\/boom-cylinder-for-caterpillar-large-excavator-e336dz-d2l\/","title":{"rendered":"Puomin sylinteri Caterpillar-kaivukoneeseen E336DZ\/D2L"},"content":{"rendered":"<h1>Puomin sylinteri Caterpillar-kaivukoneeseen E336DZ\/D2L<\/h1>\n<h2>Tuotteen yleiskatsaus<\/h2>\n<p>Caterpillar-suurkaivukoneen E336DZ\/D2L puomin sylinteri on t\u00e4rke\u00e4 osa hydraulij\u00e4rjestelmi\u00e4, ja se on erityisesti suunniteltu ohjaamaan kaivukoneen puomin liikett\u00e4. T\u00e4m\u00e4 hydraulisylinteri mahdollistaa puomin nostamisen, laskemisen ja kallistamisen, mik\u00e4 helpottaa tehokasta materiaalink\u00e4sittely\u00e4. Kauhasylinteri on er\u00e4\u00e4nlainen hydraulisylinteri, jota k\u00e4ytet\u00e4\u00e4n erilaisissa raskaissa koneissa, kuten kaivinkoneissa, traktorikaivureissa ja etukuormaajissa. Se on ratkaisevassa roolissa kauhan liikkeess\u00e4 ja sijoittelussa, mink\u00e4 ansiosta k\u00e4ytt\u00e4j\u00e4t voivat suorittaa kaivu-, lastaus- ja kuljetust\u00f6it\u00e4 tarkasti.<\/p>\n<p><img decoding=\"async\" src=\"https:\/\/www.hydraulic-cylinders.net\/wp-content\/uploads\/2025\/04\/songte-company-1.webp\" alt=\"Puomin sylinteri\"><\/p>\n<h2>Puomin sylinterin ominaisuudet<\/h2>\n<ul>\n<li><strong>Korkea lujuus ja kest\u00e4vyys:<\/strong> Tyypillisesti eritt\u00e4in lujasta ter\u00e4ksest\u00e4 tai alumiinista valmistetut sylinterit kest\u00e4v\u00e4t korkeita paineita ja raskaita kuormia, joten ne sopivat vaativiin ty\u00f6ymp\u00e4rist\u00f6ihin.<\/li>\n<li><strong>Tehokas hydraulinen k\u00e4ytt\u00f6:<\/strong> Ne hy\u00f6dynt\u00e4v\u00e4t hydrauli\u00f6ljynpainetta sujuvaan ulos- ja sis\u00e4\u00e4nvetoon, mik\u00e4 varmistaa nopean reagoinnin k\u00e4ytt\u00e4j\u00e4n komentoihin ja tarjoaa huomattavan ty\u00f6nt\u00f6- ja vetovoiman.<\/li>\n<li><strong>Erilaisia \u200b\u200btyyppej\u00e4:<\/strong> Saatavilla yksitoimisina (hydraulinen toiminta yhteen suuntaan) tai kaksitoimisina (hydraulinen toiminta molempiin suuntiin) sylinterein\u00e4 erilaisiin k\u00e4ytt\u00f6tarpeisiin; jotkut mallit ovat teleskooppisia, mik\u00e4 mahdollistaa suuremman jatkeen ilman ulkomittojen kasvua.<\/li>\n<li><strong>Korroosionkest\u00e4vyys:<\/strong> Suunniteltu korroosiota kest\u00e4vist\u00e4 materiaaleista, mik\u00e4 pident\u00e4\u00e4 sylinterin k\u00e4ytt\u00f6ik\u00e4\u00e4 my\u00f6s vaikeissa olosuhteissa.<\/li>\n<li><strong>Helppo huolto:<\/strong> Ominaisuudet, jotka yksinkertaistavat huoltoteht\u00e4vi\u00e4, minimoivat seisokkiajat ja parantavat tuottavuutta.<\/li>\n<\/ul>\n<p>Voimme valmistaa t\u00e4t\u00e4 tuotetta, ja sylinterimme ovat t\u00e4ydellisi\u00e4 korvaajia erilaisille hydraulisylintereille.<\/p>\n<p><img decoding=\"async\" src=\"https:\/\/www.hydraulic-cylinders.net\/wp-content\/uploads\/2025\/04\/songte-cylinder-head-with-all-kinds-excavator-models.webp\" alt=\"Toukka-sylinterikansi\"><\/p>\n<h2>Puomisylinterin sovellukset<\/h2>\n<h3>Rakennuslaitteet<\/h3>\n<p>Kaivinkoneissa puomin sylinterit ovat v\u00e4ltt\u00e4m\u00e4tt\u00f6mi\u00e4 kaivamiseen, lastaamiseen ja maaper\u00e4n tai roskien siirt\u00e4miseen. Ne tarjoavat tarvittavan tehon ja hallinnan n\u00e4iden teht\u00e4vien suorittamiseen tehokkaasti ja varmistavat samalla toiminnan turvallisuuden ja tarkkuuden.<\/p>\n<h3>Maatalouskoneet<\/h3>\n<p>Etukuormaajissa k\u00e4ytett\u00e4v\u00e4t puomisylinterit auttavat maan, hein\u00e4n ja muiden materiaalien kaivamisessa, nostamisessa ja kuljettamisessa. Niiden luotettavuus ja lujuus tekev\u00e4t niist\u00e4 sopivia vaativiin maatalousteht\u00e4viin.<\/p>\n<h3>Kaivinkoneet<\/h3>\n<p>Kaivinkoneissa kauhan sylinteri helpottaa kaivua antamalla kauhan tunkeutua tehokkaasti maaper\u00e4\u00e4n. T\u00e4m\u00e4 ominaisuus parantaa tuottavuutta ja lyhent\u00e4\u00e4 kaivut\u00f6ihin kuluvaa aikaa.<\/p>\n<h3>Kuormaajat<\/h3>\n<p>Etukuormaajissa puomisylinterit auttavat merkitt\u00e4v\u00e4sti materiaalien nostamisessa ja tyhjent\u00e4misess\u00e4. Niiden tarkkuus ja lujuus auttavat raskaiden kuormien helpossa k\u00e4sittelyss\u00e4, mik\u00e4 tekee niist\u00e4 korvaamattomia rakennusty\u00f6mailla ja materiaalink\u00e4sittelyss\u00e4.<\/p>\n<h2>Suunnittelun\u00e4k\u00f6kohdat ja valintakriteerit<\/h2>\n<h3>Kantavuus<\/h3>\n<p>Puomisylinteri\u00e4 valittaessa on ratkaisevan t\u00e4rke\u00e4\u00e4 ymm\u00e4rt\u00e4\u00e4 sen kuormituskapasiteetti. Sylinterin on kyett\u00e4v\u00e4 k\u00e4sittelem\u00e4\u00e4n sen nostamiseen tarvittava enimm\u00e4ispaino. Valmistajat antavat usein eritelmi\u00e4, joissa on yksityiskohtaiset kuormitusluokat varmistaakseen yhteensopivuuden aiotun koneiston kanssa.<\/p>\n<h3>Tiivistyskyky<\/h3>\n<p>Tehokas tiivistys on elint\u00e4rke\u00e4\u00e4 hydraulinesteen vuotojen est\u00e4miseksi. Laadukkaat tiivisteet varmistavat sylinterin tehokkaan toiminnan ja minimoivat yll\u00e4pitokustannukset. Edistyneiden tiivistysmateriaalien k\u00e4ytt\u00f6 voi parantaa hydraulij\u00e4rjestelm\u00e4n pitk\u00e4ik\u00e4isyytt\u00e4 ja luotettavuutta.<\/p>\n<h3>Kest\u00e4vyys<\/h3>\n<p>Kest\u00e4vyys on t\u00e4rke\u00e4 tekij\u00e4 puomisylinterin suunnittelussa. Sen on kestett\u00e4v\u00e4 kulutusta, erityisesti vaativissa ymp\u00e4rist\u00f6iss\u00e4. Materiaalien ja pinnoitteiden valinnalla on merkitt\u00e4v\u00e4 rooli sylinterin kest\u00e4vyyden parantamisessa.<\/p>\n<h3>Turvaominaisuudet<\/h3>\n<p>Turvallisuus hydraulisissa toiminnoissa on ensiarvoisen t\u00e4rke\u00e4\u00e4. Puomin sylintereiss\u00e4 tulisi olla ominaisuuksia, jotka est\u00e4v\u00e4t vahingossa tapahtuvan aktivoitumisen ja varmistavat turvallisen k\u00e4yt\u00f6n. Suunnittelustandardit saattavat edellytt\u00e4\u00e4 varoventtiilej\u00e4 ja paineenalennusj\u00e4rjestelmi\u00e4 hydraulisten vikojen est\u00e4miseksi.<\/p>\n<h3>Helppohoitoisuus<\/h3>\n<p>Kunnossapiton\u00e4k\u00f6kohtien tulisi olla olennainen osa puomin sylinterin suunnittelua. Ominaisuudet, jotka mahdollistavat helpon p\u00e4\u00e4syn tiivisteisiin, voitelupisteisiin ja tarkastusportteihin, voivat merkitt\u00e4v\u00e4sti v\u00e4hent\u00e4\u00e4 seisokkiaikoja ja helpottaa s\u00e4\u00e4nn\u00f6llisi\u00e4 huoltorutiineja.<\/p>\n<p><img decoding=\"async\" src=\"https:\/\/www.hydraulic-cylinders.net\/wp-content\/uploads\/2025\/04\/songte-oil-pipes-and-spare-parts.webp\" alt=\"Hydraulisylinterin osat\"><\/p>\n<h2>Tiivistys ja voitelu<\/h2>\n<p>Puomin sylinteriss\u00e4 k\u00e4ytet\u00e4\u00e4n erilaisia \u200b\u200btiivisteit\u00e4, kuten m\u00e4nn\u00e4ntiivisteit\u00e4 ja varren tiivisteit\u00e4, hydraulisen eheyden yll\u00e4pit\u00e4miseksi. Kest\u00e4vist\u00e4 materiaaleista, kuten polyuretaanista ja nitriilikumista, valmistetut tiivisteet ovat edullisia niiden kulutuksenkest\u00e4vyyden vuoksi. Sylinterin runko ja kierteitetyt p\u00e4\u00e4t k\u00e4sitell\u00e4\u00e4n tarkkuusk\u00e4sittelyll\u00e4 kulumisenkest\u00e4vyyden parantamiseksi. S\u00e4\u00e4nn\u00f6llinen voitelu hydrauli\u00f6ljyll\u00e4 on v\u00e4ltt\u00e4m\u00e4t\u00f6nt\u00e4 sujuvan toiminnan varmistamiseksi ja kitkan aiheuttamien vaurioiden est\u00e4miseksi.<\/p>\n<h2>S\u00e4\u00e4nn\u00f6llinen tarkastus ja ennaltaehk\u00e4isev\u00e4 huolto<\/h2>\n<ul>\n<li><strong>Aikataulun mukaiset tarkastukset:<\/strong> S\u00e4\u00e4nn\u00f6llisten tarkastusten tekeminen auttaa tunnistamaan mahdolliset ongelmat ennen kuin ne pahenevat. Etsi kulumisen tai vuotojen merkkej\u00e4 ja korjaa ne viipym\u00e4tt\u00e4.<\/li>\n<li><strong>Oikea voitelu:<\/strong> Varmista, ett\u00e4 sylinteri on riitt\u00e4v\u00e4sti voideltu hydrauliikka\u00f6ljyll\u00e4, jotta se toimii sujuvasti ja sis\u00e4isten osien kuluminen v\u00e4henee.<\/li>\n<li><strong>Tiivisteen vaihto:<\/strong> Tarkista ja vaihda tiivisteet s\u00e4\u00e4nn\u00f6llisesti hydraulisen paineen ja tehokkuuden yll\u00e4pit\u00e4miseksi.<\/li>\n<\/ul>\n<h2>Asennusohjeet<\/h2>\n<p>Puomisylinterin oikea asennus on v\u00e4ltt\u00e4m\u00e4t\u00f6nt\u00e4 optimaalisen suorituskyvyn saavuttamiseksi. Aloita varmistamalla, ett\u00e4 sylinteri on oikein kohdistettu kaivinkoneen kiinnityspisteisiin. K\u00e4yt\u00e4 sopivia kiinnityskorvakkeita sylinterin kiinnitt\u00e4miseen ja v\u00e4ltt\u00e4m\u00e4\u00e4n virhekohdistusta, joka voi johtaa ennenaikaiseen kulumiseen. On eritt\u00e4in t\u00e4rke\u00e4\u00e4 noudattaa valmistajan ohjeita kiristysmomenttien osalta ja varmistaa, ett\u00e4 kaikki hydrauliset liit\u00e4nn\u00e4t ovat tiukkoja ja vuotamattomia. Tarkista liit\u00e4nn\u00e4t s\u00e4\u00e4nn\u00f6llisesti asennuksen j\u00e4lkeen varmistaaksesi, ett\u00e4 ne ovat tukevasti kiinni.<\/p>\n<h2>Huoltoteht\u00e4v\u00e4t<\/h2>\n<ul>\n<li><strong>S\u00e4\u00e4nn\u00f6lliset tarkastukset:<\/strong> Tarkasta puomin sylinteri s\u00e4\u00e4nn\u00f6llisesti kulumisen, vuotojen tai vaurioiden varalta. Ongelmien varhainen havaitseminen voi est\u00e4\u00e4 kalliita korjauksia.<\/li>\n<li><strong>Asianmukainen voitelu:<\/strong> Varmista, ett\u00e4 sylinteri on voideltu oikeantyyppisell\u00e4 hydrauliikka\u00f6ljyll\u00e4 ja tarkista, ett\u00e4 \u00f6ljytasot pysyv\u00e4t riitt\u00e4vin\u00e4, jotta j\u00e4rjestelm\u00e4 ei k\u00e4y kuivana.<\/li>\n<li><strong>Tiivisteen vaihto:<\/strong> Tarkkaile tiivisteiden kuntoa ja vaihda ne tarvittaessa hydrauliikka\u00f6ljyn vuotojen est\u00e4miseksi ja j\u00e4rjestelm\u00e4n paineen yll\u00e4pit\u00e4miseksi.<\/li>\n<\/ul>\n<p>Oikea asennus, voitelu ja s\u00e4\u00e4d\u00f6t ovat elint\u00e4rkeit\u00e4 puomin sylinterin pitk\u00e4n k\u00e4ytt\u00f6i\u00e4n varmistamiseksi. Asennuksen aikana varmista, ett\u00e4 sylinteri on kohdistettu asianmukaisesti, jotta kiinnityspisteisiin ei kohdistu rasitusta. K\u00e4yt\u00e4 suositeltuja asennuskiinnikkeit\u00e4 sylinterin kiinnitt\u00e4miseen. Tutustu s\u00e4\u00e4nn\u00f6llisesti valmistajan ohjeisiin tarkastus-, korjaus- ja vaihtotoimenpiteist\u00e4 hydraulisten komponenttien k\u00e4ytt\u00f6i\u00e4n pident\u00e4miseksi.<\/p>\n<p><img decoding=\"async\" src=\"https:\/\/www.hydraulic-cylinders.net\/wp-content\/uploads\/2025\/04\/songte-chushion-collar.webp\" alt=\"Tyynykaulus\"><\/p>\n<h2>Turvallisuusn\u00e4k\u00f6kohdat ja ymp\u00e4rist\u00f6tekij\u00e4t<\/h2>\n<p>Hydraulisia laitteita k\u00e4ytett\u00e4ess\u00e4 turvatoimenpiteet ovat ensiarvoisen t\u00e4rkeit\u00e4. K\u00e4ytt\u00e4j\u00e4t tulee kouluttaa ymm\u00e4rt\u00e4m\u00e4\u00e4n hydraulij\u00e4rjestelmiin liittyv\u00e4t riskit, mukaan lukien \u00e4killisten liikkeiden tai hydraulinesteen vuotojen mahdollisuus. Asianmukaisia \u200b\u200bhenkil\u00f6nsuojaimia on k\u00e4ytett\u00e4v\u00e4 loukkaantumisriskin minimoimiseksi. Lis\u00e4ksi on otettava huomioon ymp\u00e4rist\u00f6tekij\u00e4t, kuten mahdolliset vuodot, ja toteutettava strategioita mahdollisten hydraulinesteen vuotojen rajoittamiseksi ja hallitsemiseksi ekosysteemin suojelemiseksi.<\/p>\n<h2>Yleisten ongelmien vianm\u00e4\u00e4ritys<\/h2>\n<ul>\n<li><strong>Hydrauli\u00f6ljyvuodot:<\/strong> Tarkasta tiivisteet ja liitokset kulumisen tai vaurioiden varalta. Vaihda vialliset tiivisteet ja varmista, ett\u00e4 kaikki liitokset ovat kiinni vuotojen v\u00e4ltt\u00e4miseksi.<\/li>\n<li><strong>Tehon menetys:<\/strong> Tarkista hydraulinesteen m\u00e4\u00e4r\u00e4 ja varmista, ett\u00e4 hydraulipumppu toimii oikein. Alhainen nestetaso voi johtaa riitt\u00e4m\u00e4tt\u00f6m\u00e4\u00e4n paineeseen.<\/li>\n<li><strong>Ep\u00e4johdonmukainen liike:<\/strong> Etsi tukoksia hydrauliikkalinjoista tai ongelmia ohjausventtiileist\u00e4. Tukkeutuneiden osien puhdistaminen tai vaihtaminen voi palauttaa tasaisen toiminnan.<\/li>\n<\/ul>\n<p>Jotta ongelmat voidaan tehokkaasti vianm\u00e4\u00e4ritt\u00e4\u00e4, k\u00e4ytt\u00e4jien tulee tutustua hydraulij\u00e4rjestelm\u00e4n toimintaan. S\u00e4\u00e4nn\u00f6llinen huolto ja oikea-aikainen korjaus voivat est\u00e4\u00e4 monien yleisten ongelmien pahenemisen.<\/p>\n<p><img decoding=\"async\" src=\"https:\/\/www.hydraulic-cylinders.net\/wp-content\/uploads\/2025\/04\/songte-bushings-with-all-kinds-of-excavator-models.webp\" alt=\"Kaivinkoneen holkit\"><\/p>\n<h2>Yrityksen yleiskatsaus<\/h2>\n<p>Olemme hydraulisten sylinterien valmistaja ja tarjoamme kattavan valikoiman tuotteita, jotka ovat tehneet meist\u00e4 yhden johtavista valmistajista ja tukkukauppiaista sek\u00e4 kotimaisilla ett\u00e4 kansainv\u00e4lisill\u00e4 markkinoilla. Noudatamme erinomaista laatua, luottaen hienostuneisiin valmistusstrategioihin ja edistyneisiin teknologisiin ominaisuuksiin. Sitoutumisemme innovaatioihin ja laadunvarmistukseen varmistaa, ett\u00e4 t\u00e4yt\u00e4mme monipuoliset asiakastarpeet tehokkaasti ja tarkasti.<\/p>\n<p>Asiantuntemuksemme perustuu kansainv\u00e4lisiin sertifikaatteihin, joiden ansiosta voimme tarjota r\u00e4\u00e4t\u00e4l\u00f6ityj\u00e4 palveluita asiakkaan tarpeiden mukaan. Huippuluokan tuotantolaitteistomme ja vankka j\u00e4lkimarkkinointipalvelumme vahvistavat entisest\u00e4\u00e4n mainettamme luotettavana kumppanina hydraulisylinteriteollisuudessa.<\/p>\n<p><img decoding=\"async\" src=\"https:\/\/www.hydraulic-cylinders.net\/wp-content\/uploads\/2025\/04\/songte-company-4.webp\" alt=\"Yrityksen yleiskatsaus 1\"><br \/>\n<img decoding=\"async\" src=\"https:\/\/www.hydraulic-cylinders.net\/wp-content\/uploads\/2025\/04\/songte-company-3.webp\" alt=\"Yrityksen yleiskatsaus 2\"><\/p>\n<p>Kirjoittaja: lyl<\/p>","protected":false},"excerpt":{"rendered":"<p>Boom Cylinder For Caterpillar Large Excavator E336DZ\/D2L Product Overview The Boom Cylinder for Caterpillar Large Excavator E336DZ\/D2L is a vital component in hydraulic systems, specifically designed to control the movement of the excavator\u2019s boom. This hydraulic cylinder enables the boom to lift, lower, and tilt, facilitating efficient material handling tasks. A bucket cylinder is a [&hellip;]<\/p>","protected":false},"featured_media":17867,"comment_status":"open","ping_status":"closed","template":"","meta":{"_et_pb_use_builder":"","_et_pb_old_content":"","_et_gb_content_width":""},"product_brand":[],"product_cat":[1546],"product_tag":[1547,1496],"class_list":{"0":"post-18970","1":"product","2":"type-product","3":"status-publish","4":"has-post-thumbnail","6":"product_cat-boom-cylinders","7":"product_tag-boom-cylinders","8":"product_tag-hydraulic-cylinders","10":"first","11":"instock","12":"shipping-taxable","13":"product-type-simple"},"amp_enabled":true,"_links":{"self":[{"href":"https:\/\/www.hydraulic-cylinders.net\/fi\/wp-json\/wp\/v2\/product\/18970","targetHints":{"allow":["GET"]}}],"collection":[{"href":"https:\/\/www.hydraulic-cylinders.net\/fi\/wp-json\/wp\/v2\/product"}],"about":[{"href":"https:\/\/www.hydraulic-cylinders.net\/fi\/wp-json\/wp\/v2\/types\/product"}],"replies":[{"embeddable":true,"href":"https:\/\/www.hydraulic-cylinders.net\/fi\/wp-json\/wp\/v2\/comments?post=18970"}],"wp:featuredmedia":[{"embeddable":true,"href":"https:\/\/www.hydraulic-cylinders.net\/fi\/wp-json\/wp\/v2\/media\/17867"}],"wp:attachment":[{"href":"https:\/\/www.hydraulic-cylinders.net\/fi\/wp-json\/wp\/v2\/media?parent=18970"}],"wp:term":[{"taxonomy":"product_brand","embeddable":true,"href":"https:\/\/www.hydraulic-cylinders.net\/fi\/wp-json\/wp\/v2\/product_brand?post=18970"},{"taxonomy":"product_cat","embeddable":true,"href":"https:\/\/www.hydraulic-cylinders.net\/fi\/wp-json\/wp\/v2\/product_cat?post=18970"},{"taxonomy":"product_tag","embeddable":true,"href":"https:\/\/www.hydraulic-cylinders.net\/fi\/wp-json\/wp\/v2\/product_tag?post=18970"}],"curies":[{"name":"wp","href":"https:\/\/api.w.org\/{rel}","templated":true}]}}