{"id":18980,"date":"2025-04-07T06:05:32","date_gmt":"2025-04-07T06:05:32","guid":{"rendered":"https:\/\/www.hydraulic-cylinders.net\/product\/boom-cylinder-for-caterpillar-wheel-excavator-m322d\/"},"modified":"2025-04-07T06:05:35","modified_gmt":"2025-04-07T06:05:35","slug":"boom-cylinder-for-caterpillar-wheel-excavator-m322d","status":"publish","type":"product","link":"https:\/\/www.hydraulic-cylinders.net\/fi\/tuote\/boom-cylinder-for-caterpillar-wheel-excavator-m322d\/","title":{"rendered":"Puomin sylinteri Caterpillar-py\u00f6r\u00e4kaivukoneelle M322D"},"content":{"rendered":"<h1>Puomin sylinteri Caterpillar-py\u00f6r\u00e4kaivukoneelle M322D<\/h1>\n<h2>Tuotteen yleiskatsaus<\/h2>\n<p>Puomisylinteri on Caterpillar-py\u00f6r\u00e4kaivukoneen M322D t\u00e4rke\u00e4 osa, ja se on suunniteltu ohjaamaan puomin varren liikett\u00e4 tarkasti ja tehokkaasti. T\u00e4m\u00e4 hydraulisylinteri mahdollistaa puomin nostamisen, laskemisen ja kallistuksen, mik\u00e4 on olennaista erilaisissa materiaalink\u00e4sittelyteht\u00e4viss\u00e4. Osana hydraulij\u00e4rjestelm\u00e4\u00e4 puomisylinterill\u00e4 on merkitt\u00e4v\u00e4 rooli raskaiden koneiden suorituskyvyn parantamisessa tarjoamalla tarvittavan voiman raskaiden kuormien turvalliseen ja tehokkaaseen k\u00e4sittelyyn.<\/p>\n<p><img decoding=\"async\" src=\"https:\/\/www.hydraulic-cylinders.net\/wp-content\/uploads\/2025\/04\/songte-company-1.webp\" alt=\"Puomin sylinterin kuva\"><\/p>\n<h3>Puomin sylinterin m\u00e4\u00e4ritelm\u00e4 ja toiminta<\/h3>\n<p>Puomisylinteri on hydraulinen sylinterityyppi, joka on erityisesti suunniteltu hallitsemaan puomin liikett\u00e4 erilaisissa raskaissa koneissa, kuten kaivinkoneissa, kaivurikuormaajissa ja etukuormaajissa. Sen avulla k\u00e4ytt\u00e4j\u00e4t voivat suorittaa teht\u00e4vi\u00e4, kuten puomin nostamista, laskemista ja kallistamista, mik\u00e4 helpottaa tehokasta materiaalink\u00e4sittely\u00e4. Hydraulij\u00e4rjestelm\u00e4 k\u00e4ytt\u00e4\u00e4 paineistettua nestett\u00e4 tasaisten ja hallittujen liikkeiden mahdollistamiseksi, mik\u00e4 tekee siit\u00e4 v\u00e4ltt\u00e4m\u00e4tt\u00f6m\u00e4n rakennus- ja maataloussovelluksissa.<\/p>\n<h2>Puomin sylinterin t\u00e4rkeimm\u00e4t ominaisuudet<\/h2>\n<ul>\n<li><strong>Korkea lujuus ja kest\u00e4vyys:<\/strong> Korkean lujuuden ter\u00e4ksest\u00e4 tai alumiinista valmistettu puomin sylinteri on suunniteltu kest\u00e4m\u00e4\u00e4n korkeaa painetta ja raskaita kuormia, joten se sopii vaativiin ty\u00f6olosuhteisiin ja varmistaa samalla pitk\u00e4n k\u00e4ytt\u00f6i\u00e4n kulutuskest\u00e4vyyden ja korroosionkest\u00e4vyyden ansiosta.<\/li>\n<li><strong>Tehokas hydraulinen k\u00e4ytt\u00f6:<\/strong> Sylinteri hy\u00f6dynt\u00e4\u00e4 hydraulinestett\u00e4 sujuvaan ulosvetoon ja sis\u00e4\u00e4nvetoon, mik\u00e4 mahdollistaa nopean reagoinnin k\u00e4ytt\u00e4j\u00e4n komentoihin ja tuottaa tehokkaan ty\u00f6nt\u00f6- ja vetovoiman raskaiden ja monimutkaisten teht\u00e4vien k\u00e4sittelyyn.<\/li>\n<li><strong>Saatavilla erilaisia \u200b\u200btyyppej\u00e4:<\/strong> Vaihtoehtoihin kuuluvat yksitoimiset (yhteen suuntaan toimivat) tai kaksitoimiset (molempiin suuntiin toimivat) sylinterit, jotka vastaavat erilaisiin k\u00e4ytt\u00f6tarpeisiin. Jotkut mallit ovat teleskooppisia, mik\u00e4 mahdollistaa suuremman ulottuvuuden ilman ulkomittojen kasvua, mik\u00e4 sopii erinomaisesti ahtaisiin sovelluksiin.<\/li>\n<li><strong>Mukautettu valmistus:<\/strong> Voimme valmistaa t\u00e4m\u00e4n tuotteen korvaamaan t\u00e4ydellisesti olemassa olevat hydraulisylinterit varmistaen yhteensopivuuden ja suorituskyvyn.<\/li>\n<\/ul>\n<p><img decoding=\"async\" src=\"https:\/\/www.hydraulic-cylinders.net\/wp-content\/uploads\/2025\/04\/songte-cylinder-head-with-all-kinds-excavator-models.webp\" alt=\"Kaivinkoneen yhteensopivuus\"><\/p>\n<h2>Puomisylinterin sovellukset<\/h2>\n<h3>Rakennuslaitteet<\/h3>\n<p>Kaivinkoneissa puomin sylinterit ovat elint\u00e4rkeit\u00e4 kaivamisessa, lastaamisessa ja maan tai roskien siirt\u00e4misess\u00e4. Ne tarjoavat tarvittavan voiman puomin tunkeutumiseen maahan, mik\u00e4 tehostaa kaivut\u00f6it\u00e4. Kaivurikuormaajissa ne auttavat sek\u00e4 kaivamisessa ett\u00e4 nostamisessa, mik\u00e4 parantaa tuottavuutta rakennusty\u00f6mailla.<\/p>\n<h3>Maatalouskoneet<\/h3>\n<p>Etukuormaajissa puomin sylinterit ovat v\u00e4ltt\u00e4m\u00e4tt\u00f6mi\u00e4 maaper\u00e4n, hein\u00e4n ja muiden materiaalien kaivamiseen, nostamiseen ja kuljettamiseen. Niiden kest\u00e4v\u00e4 rakenne varmistaa, ett\u00e4 ne pystyv\u00e4t selviytym\u00e4\u00e4n maatalousymp\u00e4rist\u00f6iss\u00e4 usein esiintyvist\u00e4 vaativista teht\u00e4vist\u00e4 ja tarjoavat k\u00e4ytt\u00e4jille luotettavaa suorituskyky\u00e4 erilaisissa sovelluksissa.<\/p>\n<h3>Kaivinkoneet<\/h3>\n<p>Kaivinkoneen puomin sylinterit mahdollistavat kauhan tunkeutumisen maahan, mik\u00e4 helpottaa tehokkaita kaivutoimia. Hydraulinen voima antaa k\u00e4ytt\u00e4jille mahdollisuuden ohjata kaivinkonetta tarkasti, mik\u00e4 optimoi suorituskyvyn erilaisissa kaivut\u00f6iss\u00e4.<\/p>\n<h3>Kuormaajat<\/h3>\n<p>Etukuormaajissa puomin sylinterit auttavat kuormien tehokkaassa nostamisessa ja tyhjent\u00e4misess\u00e4. Niiden lujuus ja reagointikyky tekev\u00e4t niist\u00e4 korvaamattomia raskaiden nostojen ja materiaalien k\u00e4sittelyn teht\u00e4viss\u00e4 varmistaen sujuvan toiminnan.<\/p>\n<h2>Suunnittelun\u00e4k\u00f6kohdat ja valintakriteerit<\/h2>\n<h3>Kantavuus<\/h3>\n<p>Puomisylinteri\u00e4 suunniteltaessa kuormankantokyky on kriittinen tekij\u00e4. Se m\u00e4\u00e4ritt\u00e4\u00e4, kuinka paljon painoa sylinteri voi turvallisesti nostaa ja laskea. Valmistajat suorittavat usein tiukkoja testej\u00e4 varmistaakseen, ett\u00e4 heid\u00e4n sylinterins\u00e4 t\u00e4ytt\u00e4v\u00e4t eri koneiden ja sovellusten vaatimukset.<\/p>\n<h3>Tiivistys ja kest\u00e4vyys<\/h3>\n<p>Tehokas tiivistys on ensiarvoisen t\u00e4rke\u00e4\u00e4 hydraulinesteiden vuotojen est\u00e4miseksi, jotka voivat johtaa tehokkuuden heikkenemiseen ja mahdollisiin vaurioihin. Korkealaatuisten, polyuretaanista ja nitriilikumista valmistettujen tiivisteiden valitseminen varmistaa pitk\u00e4n k\u00e4ytt\u00f6i\u00e4n ja luotettavuuden vaativissa ymp\u00e4rist\u00f6iss\u00e4.<\/p>\n<h3>Turvaominaisuudet<\/h3>\n<p>Turvallisuus on puomisylinterien suunnittelussa etusijalla. Ylikuormituksen ja j\u00e4rjestelm\u00e4vikojen est\u00e4miseksi on integroitu ominaisuuksia, kuten varoventtiilit ja paineenalennusventtiilit, mik\u00e4 varmistaa k\u00e4ytt\u00e4j\u00e4n turvallisuuden k\u00e4yt\u00f6n aikana.<\/p>\n<h3>Huolto ja huollettavuus<\/h3>\n<p>Helppo huolto on ratkaisevan t\u00e4rke\u00e4\u00e4 puomisylinterin pitk\u00e4ik\u00e4isyyden varmistamiseksi. Helppok\u00e4ytt\u00f6isten huoltopisteiden ja selkeiden huoltotarkastusindikaattoreiden sis\u00e4llytt\u00e4minen voi auttaa k\u00e4ytt\u00e4ji\u00e4 suorittamaan s\u00e4\u00e4nn\u00f6llist\u00e4 huoltoa ja pident\u00e4m\u00e4\u00e4n sylinterin k\u00e4ytt\u00f6ik\u00e4\u00e4.<\/p>\n<p><img decoding=\"async\" src=\"https:\/\/www.hydraulic-cylinders.net\/wp-content\/uploads\/2025\/04\/songte-oil-pipes-and-spare-parts.webp\" alt=\"Hydrauliset komponentit\"><\/p>\n<h2>Tiivistys ja voitelu<\/h2>\n<p>Erilaisten tiivistekomponenttien, kuten m\u00e4nn\u00e4ntiivisteiden ja varren tiivisteiden, k\u00e4ytt\u00f6 on ratkaisevan t\u00e4rke\u00e4\u00e4 hydraulisylinterien eheyden yll\u00e4pit\u00e4miseksi. Kulutusta kest\u00e4vist\u00e4 materiaaleista, kuten polyuretaanista ja nitriilikumista, valmistetut tiivisteet on valittu kest\u00e4vyyden ja suorituskyvyn parantamiseksi. Sylinterin rungon ja kierteitettyjen p\u00e4iden pintak\u00e4sittely on huolellisesti k\u00e4sitelty kulutuskest\u00e4vyyden parantamiseksi ja tiivisteiden tiiviin istuvuuden varmistamiseksi. S\u00e4\u00e4nn\u00f6llinen voitelu hydrauli\u00f6ljyll\u00e4 on v\u00e4ltt\u00e4m\u00e4t\u00f6nt\u00e4 kitkan ja kulumisen minimoimiseksi, mik\u00e4 edist\u00e4\u00e4 hydraulij\u00e4rjestelm\u00e4n kokonaistehokkuutta.<\/p>\n<h2>S\u00e4\u00e4nn\u00f6llinen tarkastus ja ennaltaehk\u00e4isev\u00e4 huolto<\/h2>\n<ul>\n<li><strong>S\u00e4\u00e4nn\u00f6lliset tarkastukset:<\/strong> Hydraulisylinterien s\u00e4\u00e4nn\u00f6lliset tarkastukset ovat olennaisia \u200b\u200bkulumisen, vuotojen tai vaurioiden merkkien havaitsemiseksi. Varhainen havaitseminen voi est\u00e4\u00e4 vakavia toimintah\u00e4iri\u00f6it\u00e4 ja pident\u00e4\u00e4 laitteiden k\u00e4ytt\u00f6ik\u00e4\u00e4.<\/li>\n<li><strong>Ennakoiva huolto:<\/strong> Ennakoivan huolto-ohjelman toteuttaminen auttaa varmistamaan, ett\u00e4 kaikki hydraulij\u00e4rjestelm\u00e4n osat toimivat oikein, mik\u00e4 v\u00e4hent\u00e4\u00e4 odottamattomien seisokkiaikojen riski\u00e4.<\/li>\n<li><strong>Voitelutarkistukset:<\/strong> Hydraulinesteen oikean tason ja tiivisteiden hyv\u00e4n voitelun varmistaminen on elint\u00e4rke\u00e4\u00e4 sujuvan toiminnan ja pitk\u00e4n k\u00e4ytt\u00f6i\u00e4n kannalta.<\/li>\n<\/ul>\n<h2>Asennusohjeet<\/h2>\n<p>Puomin sylinterin oikea asennus on ratkaisevan t\u00e4rke\u00e4\u00e4 optimaalisen suorituskyvyn saavuttamiseksi. Aloita varmistamalla, ett\u00e4 sylinteri ja sen osat ovat puhtaat ja roskattomat. Kohdista sylinteri oikein ja varmista, ett\u00e4 se on yhdensuuntainen kiinnitystelineiden kanssa. K\u00e4yt\u00e4 sopivia asennuskiinnikkeit\u00e4 sylinterin kiinnitt\u00e4miseen paikalleen. Kirist\u00e4 kaikki kiinnittimet suositeltuun v\u00e4\u00e4nt\u00f6momenttiin est\u00e4\u00e4ksesi niiden l\u00f6ystymisen k\u00e4yt\u00f6n aikana. Kun laite on asennettu, tee perusteellinen tarkastus varmistaaksesi kohdistuksen ja toimivuuden ennen laitteen k\u00e4ytt\u00f6\u00f6nottoa.<\/p>\n<h2>Yleiset huoltoteht\u00e4v\u00e4t<\/h2>\n<ul>\n<li><strong>S\u00e4\u00e4nn\u00f6lliset tarkastukset:<\/strong> Aikatauluta rutiinitarkastukset puomin sylinterin ja sit\u00e4 ymp\u00e4r\u00f6ivien osien kunnon arvioimiseksi. N\u00e4ihin kuuluvat vuotojen, kulumisen ja linjausongelmien tarkastus.<\/li>\n<li><strong>Oikea voitelu:<\/strong> Varmista, ett\u00e4 hydrauliikka\u00f6ljyn taso pysyy tasaisena ja tiivisteet on voideltu riitt\u00e4v\u00e4sti liikkuvien osien kitkan ja kulumisen est\u00e4miseksi.<\/li>\n<li><strong>Tiivisteen vaihto:<\/strong> Tarkista tiivisteet s\u00e4\u00e4nn\u00f6llisesti kulumisen tai vaurioiden varalta. Vaihda tiivisteet tarvittaessa optimaalisen suorituskyvyn yll\u00e4pit\u00e4miseksi ja vuotojen est\u00e4miseksi.<\/li>\n<\/ul>\n<h2>Turvallisuusn\u00e4k\u00f6kohdat ja ymp\u00e4rist\u00f6tekij\u00e4t<\/h2>\n<p>Hydraulisylintereit\u00e4 k\u00e4ytett\u00e4ess\u00e4 turvatoimenpiteet ovat ensiarvoisen t\u00e4rkeit\u00e4. K\u00e4ytt\u00e4jien tulee aina olla koulutettuja ja tietoisia hydraulisiin laitteisiin liittyvist\u00e4 mahdollisista vaaroista. Henkil\u00f6kohtaisten suojavarusteiden (PPE) asianmukainen k\u00e4ytt\u00f6 on v\u00e4ltt\u00e4m\u00e4t\u00f6nt\u00e4 riskien minimoimiseksi. Lis\u00e4ksi ymp\u00e4rist\u00f6tekij\u00e4t, kuten altistuminen \u00e4\u00e4rimm\u00e4isille l\u00e4mp\u00f6tiloille ja sy\u00f6vytt\u00e4ville aineille, on otettava huomioon k\u00e4yt\u00f6n ja varastoinnin aikana hydraulisten komponenttien k\u00e4ytt\u00f6i\u00e4n pident\u00e4miseksi.<\/p>\n<h2>Vianm\u00e4\u00e4ritys ja yleiset ongelmat<\/h2>\n<ul>\n<li><strong>Hydrauli\u00f6ljyvuodot:<\/strong> Vuodot voidaan usein j\u00e4ljitt\u00e4\u00e4 kuluneisiin tiivisteisiin tai vaurioituneisiin letkuihin. S\u00e4\u00e4nn\u00f6lliset tarkastukset voivat auttaa tunnistamaan vuodot varhaisessa vaiheessa ja est\u00e4m\u00e4\u00e4n lis\u00e4vaurioita.<\/li>\n<li><strong>Heikentynyt teho tai vaste:<\/strong> Jos puomin sylinteri reagoi hitaasti, se voi viitata alhaiseen hydraulinesteen tasoon tai ilmaan hydraulij\u00e4rjestelm\u00e4ss\u00e4. J\u00e4rjestelm\u00e4n ilmaaminen ja oikean nestetason varmistaminen voivat ratkaista n\u00e4m\u00e4 ongelmat.<\/li>\n<li><strong>Ylikuumeneminen:<\/strong> Ylikuumeneminen voi johtua liiallisesta k\u00e4yt\u00f6st\u00e4 tai huonosta voitelusta. L\u00e4mp\u00f6tilan seuranta ja riitt\u00e4v\u00e4n voitelun varmistaminen voivat auttaa est\u00e4m\u00e4\u00e4n ylikuumenemisen.<\/li>\n<\/ul>\n<h2>Vianm\u00e4\u00e4ritysvinkkej\u00e4<\/h2>\n<p>Puomisylinterin ongelmien tehokkaaseen diagnosointiin ja ratkaisemiseen k\u00e4ytt\u00e4jien tulee noudattaa systemaattisia vianetsint\u00e4menettelyj\u00e4. Aloita tarkistamalla hydraulinesteen tasot ja tutkimalla vuodot. Seuraavaksi tarkista tiivisteet ja letkut kulumisen tai vaurioiden varalta. S\u00e4\u00e4nn\u00f6lliset huoltotoimenpiteet, kuten tiivisteiden voitelu ja kuluneiden osien vaihtaminen, voivat edelleen minimoida mahdollisia ongelmia. J\u00e4rjestelm\u00e4llisen huolto-ohjelman k\u00e4ytt\u00f6\u00f6notto auttaa havaitsemaan ongelmat varhaisessa vaiheessa, varmistaa sujuvan toiminnan ja pident\u00e4\u00e4 puomisylinterin k\u00e4ytt\u00f6ik\u00e4\u00e4.<\/p>\n<p><img decoding=\"async\" src=\"https:\/\/www.hydraulic-cylinders.net\/wp-content\/uploads\/2025\/04\/songte-bushings-with-all-kinds-of-excavator-models.webp\" alt=\"Kaivinkoneen holkit\"><\/p>\n<h2>Tietoa yrityksest\u00e4mme<\/h2>\n<p>Olemme johtava hydraulisten sylinterien vaihto-osien valmistaja, joka tarjoaa kattavan valikoiman tuotteita sek\u00e4 kotimaisille ett\u00e4 kansainv\u00e4lisille markkinoille. Sitoutumisemme huippuosaamiseen n\u00e4kyy hienostuneissa valmistusprosesseissamme ja tiukoissa laadunvalvontamenetelmiss\u00e4mme. Hy\u00f6dynn\u00e4mme edistyneit\u00e4 valmistusteknologioita, ammattitaitoisia ammattilaisia \u200b\u200bja tiukkoja testausj\u00e4rjestelmi\u00e4 parantaaksemme tuotantokapasiteettiamme. Keskittyen korkeaan tehokkuuteen, tarkkuuteen ja laatuun pyrimme vastaamaan asiakkaidemme monipuolisiin tarpeisiin.<\/p>\n<p><img decoding=\"async\" src=\"https:\/\/www.hydraulic-cylinders.net\/wp-content\/uploads\/2025\/04\/songte-company-4.webp\" alt=\"Yrityskuva 1\"><br \/>\n<img decoding=\"async\" src=\"https:\/\/www.hydraulic-cylinders.net\/wp-content\/uploads\/2025\/04\/songte-company-3.webp\" alt=\"Yrityskuva 2\"><\/p>\n<p>Omistautumisemme ammattitaitoon, kansainv\u00e4lisiin sertifikaatteihin, r\u00e4\u00e4t\u00e4l\u00f6ityihin palveluihin, huippuluokan tuotantolaitteisiin ja luotettavaan j\u00e4lkimarkkinointitukeen erottavat meid\u00e4t hydraulisylinteriteollisuudessa.<\/p>\n<p>Kirjoittaja: lyl<\/p>","protected":false},"excerpt":{"rendered":"<p>Boom Cylinder For Caterpillar Wheel Excavator M322D Product Overview The Boom Cylinder is a crucial component for the Caterpillar Wheel Excavator M322D, designed to control the movement of the boom arm with precision and efficiency. This hydraulic cylinder enables the boom to elevate, lower, and tilt, which is essential for various material handling tasks. As [&hellip;]<\/p>","protected":false},"featured_media":17877,"comment_status":"open","ping_status":"closed","template":"","meta":{"_et_pb_use_builder":"","_et_pb_old_content":"","_et_gb_content_width":""},"product_brand":[],"product_cat":[1546],"product_tag":[1547,1496],"class_list":{"0":"post-18980","1":"product","2":"type-product","3":"status-publish","4":"has-post-thumbnail","6":"product_cat-boom-cylinders","7":"product_tag-boom-cylinders","8":"product_tag-hydraulic-cylinders","10":"first","11":"instock","12":"shipping-taxable","13":"product-type-simple"},"amp_enabled":true,"_links":{"self":[{"href":"https:\/\/www.hydraulic-cylinders.net\/fi\/wp-json\/wp\/v2\/product\/18980","targetHints":{"allow":["GET"]}}],"collection":[{"href":"https:\/\/www.hydraulic-cylinders.net\/fi\/wp-json\/wp\/v2\/product"}],"about":[{"href":"https:\/\/www.hydraulic-cylinders.net\/fi\/wp-json\/wp\/v2\/types\/product"}],"replies":[{"embeddable":true,"href":"https:\/\/www.hydraulic-cylinders.net\/fi\/wp-json\/wp\/v2\/comments?post=18980"}],"wp:featuredmedia":[{"embeddable":true,"href":"https:\/\/www.hydraulic-cylinders.net\/fi\/wp-json\/wp\/v2\/media\/17877"}],"wp:attachment":[{"href":"https:\/\/www.hydraulic-cylinders.net\/fi\/wp-json\/wp\/v2\/media?parent=18980"}],"wp:term":[{"taxonomy":"product_brand","embeddable":true,"href":"https:\/\/www.hydraulic-cylinders.net\/fi\/wp-json\/wp\/v2\/product_brand?post=18980"},{"taxonomy":"product_cat","embeddable":true,"href":"https:\/\/www.hydraulic-cylinders.net\/fi\/wp-json\/wp\/v2\/product_cat?post=18980"},{"taxonomy":"product_tag","embeddable":true,"href":"https:\/\/www.hydraulic-cylinders.net\/fi\/wp-json\/wp\/v2\/product_tag?post=18980"}],"curies":[{"name":"wp","href":"https:\/\/api.w.org\/{rel}","templated":true}]}}