{"id":18983,"date":"2025-04-07T06:05:40","date_gmt":"2025-04-07T06:05:40","guid":{"rendered":"https:\/\/www.hydraulic-cylinders.net\/product\/boom-cylinder-for-caterpillar-wheel-excavator-m217dz\/"},"modified":"2025-04-07T06:05:43","modified_gmt":"2025-04-07T06:05:43","slug":"boom-cylinder-for-caterpillar-wheel-excavator-m217dz","status":"publish","type":"product","link":"https:\/\/www.hydraulic-cylinders.net\/fi\/tuote\/boom-cylinder-for-caterpillar-wheel-excavator-m217dz\/","title":{"rendered":"Puomin sylinteri Caterpillar-py\u00f6r\u00e4kaivinkoneeseen M217DZ"},"content":{"rendered":"<h1>Puomin sylinteri Caterpillar-py\u00f6r\u00e4kaivinkoneeseen M217DZ<\/h1>\n<h2>Johdatus puomin sylintereihin<\/h2>\n<p>Puomisylinteri, joka on erityisesti suunniteltu raskaille koneille, kuten Caterpillar-py\u00f6r\u00e4kaivukoneelle M217DZ, on t\u00e4rke\u00e4 osa hydraulij\u00e4rjestelmi\u00e4. T\u00e4m\u00e4 hydraulisylinteri ohjaa kauhan liikett\u00e4 erilaisissa raskaskonesovelluksissa, kuten kaivinkoneissa, kaivurikuormaajissa ja etukuormaajissa. Se mahdollistaa kauhan nostamisen, laskemisen ja kallistumisen, mik\u00e4 helpottaa materiaalink\u00e4sittelyteht\u00e4vi\u00e4 tarkasti ja tehokkaasti. Puomisylinterin toiminta on olennainen osa hydraulij\u00e4rjestelm\u00e4\u00e4, koska se muuntaa hydraulisen paineen mekaaniseksi voimaksi, jolloin k\u00e4ytt\u00e4j\u00e4t voivat suorittaa teht\u00e4vi\u00e4, kuten kaivamista, nostamista ja materiaalien kuljettamista tehokkaasti.<\/p>\n<p><img decoding=\"async\" src=\"https:\/\/www.hydraulic-cylinders.net\/wp-content\/uploads\/2025\/04\/songte-company-1.webp\" alt=\"Puomin sylinterin kuva\"><\/p>\n<h2>Puomin sylinterin ominaisuudet<\/h2>\n<ul>\n<li>\n<h3>Korkea lujuus ja kest\u00e4vyys<\/h3>\n<p>Korkean lujuuden ter\u00e4ksest\u00e4 tai alumiinista valmistettu puomin sylinteri on suunniteltu kest\u00e4m\u00e4\u00e4n korkeaa painetta ja raskaita kuormia, joten se sopii vaativiin ty\u00f6ymp\u00e4rist\u00f6ihin. Sen suunnittelussa on otettu huomioon my\u00f6s kulutuskest\u00e4vyys ja korroosiosuojaus, mik\u00e4 pident\u00e4\u00e4 merkitt\u00e4v\u00e4sti sen k\u00e4ytt\u00f6ik\u00e4\u00e4.<\/p>\n<\/li>\n<li>\n<h3>Tehokas hydraulinen k\u00e4ytt\u00f6<\/h3>\n<p>Puomin sylinteri k\u00e4ytt\u00e4\u00e4 hydrauli\u00f6ljyn painetta tasaisten ja tarkkojen pidennys- ja sis\u00e4\u00e4nvetoliikkeiden saavuttamiseksi, mik\u00e4 mahdollistaa nopean reagoinnin k\u00e4ytt\u00e4j\u00e4n komentoihin ja tuottaa huomattavaa ty\u00f6nt\u00f6- ja vetovoimaa raskaiden ja monimutkaisten teht\u00e4vien k\u00e4sittelyyn.<\/p>\n<\/li>\n<li>\n<h3>Erilaiset tyypit<\/h3>\n<p>Saatavilla yksitoimisina (toimii yhteen suuntaan) tai kaksitoimisina (toimii molempiin suuntiin) kokoonpanoina erilaisten k\u00e4ytt\u00f6vaatimusten t\u00e4ytt\u00e4miseksi. Tietyiss\u00e4 malleissa on teleskooppirakenne, joka mahdollistaa suuremman jatkeen ilman ulkomittojen kasvua, mik\u00e4 sopii erinomaisesti sovelluksiin, joissa on rajoitetusti tilaa.<\/p>\n<\/li>\n<li>\n<h3>Tarkkuustekniikka<\/h3>\n<p>Jokainen puomin sylinteri k\u00e4y l\u00e4pi tiukan laadunvalvonnan ja tarkkuussuunnittelun, mik\u00e4 varmistaa korkean suorituskyvyn, luotettavuuden ja yhteensopivuuden eri kaivinkonemallien kanssa.<\/p>\n<\/li>\n<li>\n<h3>Mukautettavat vaihtoehdot<\/h3>\n<p>Tarjoamme mukautettavia vaihtoehtoja hydraulisylintereille varmistaen, ett\u00e4 ne korvaavat t\u00e4ydellisesti olemassa olevat yksik\u00f6t ja t\u00e4ytt\u00e4v\u00e4t samalla tietyt suorituskykyvaatimukset.<\/p>\n<\/li>\n<\/ul>\n<p><img decoding=\"async\" src=\"https:\/\/www.hydraulic-cylinders.net\/wp-content\/uploads\/2025\/04\/songte-cylinder-head-with-all-kinds-excavator-models.webp\" alt=\"Kaivinkonemallien kuva\"><\/p>\n<h2>Puomisylinterien sovellukset<\/h2>\n<h3>Rakennuslaitteet<\/h3>\n<p>Rakennuskoneissa puomin sylinterit ovat kaivinkoneiden elint\u00e4rkeit\u00e4 osia, jotka helpottavat kaivamista, lastaamista ja materiaalin siirtoa. Ne mahdollistavat kauhan tehokkaan tunkeutumisen maahan, mik\u00e4 varmistaa tehokkaan kaivuty\u00f6n. Lis\u00e4ksi kaivurikuormaajissa n\u00e4m\u00e4 sylinterit auttavat sek\u00e4 kaivamisessa ett\u00e4 nostamisessa, mik\u00e4 lis\u00e4\u00e4 monipuolista toimivuutta erilaisissa rakennusprojekteissa.<\/p>\n<h3>Maatalouskoneet<\/h3>\n<p>Maatalousymp\u00e4rist\u00f6iss\u00e4 puomisylintereit\u00e4 k\u00e4ytet\u00e4\u00e4n yleisesti etukuormaajissa esimerkiksi maan, hein\u00e4n ja muiden materiaalien kaivamiseen, nostamiseen ja kuljettamiseen. Niiden kest\u00e4v\u00e4 rakenne ja luotettava suorituskyky parantavat tuottavuutta, mik\u00e4 tekee niist\u00e4 v\u00e4ltt\u00e4m\u00e4tt\u00f6mi\u00e4 nykyaikaisissa maataloustoiminnoissa.<\/p>\n<h3>Kaivinkoneet<\/h3>\n<p>Kaivinkoneissa puomisylinterit mahdollistavat kauhan tunkeutumisen maaper\u00e4\u00e4n, mik\u00e4 helpottaa kaivamista. T\u00e4m\u00e4 ominaisuus on ratkaisevan t\u00e4rke\u00e4 esimerkiksi ojituksessa, perustusten kaivamisessa ja ty\u00f6maan valmistelussa, mik\u00e4 tekee niist\u00e4 v\u00e4ltt\u00e4m\u00e4tt\u00f6mi\u00e4 rakennus- ja maanrakennusprojekteissa.<\/p>\n<h3>Kuormaajat<\/h3>\n<p>Etukuormaajissa puomisylintereill\u00e4 on ratkaiseva rooli materiaalien tehokkaassa nostamisessa ja tyhjent\u00e4misess\u00e4. Ne parantavat materiaalink\u00e4sittelyn tehokkuutta, mik\u00e4 tekee niist\u00e4 v\u00e4ltt\u00e4m\u00e4tt\u00f6mi\u00e4 useilla eri teollisuudenaloilla, kuten rakentamisessa, maisemoinnissa ja j\u00e4tehuollossa.<\/p>\n<h2>Suunnittelun\u00e4k\u00f6kohdat ja valintakriteerit<\/h2>\n<h3>Kantavuus<\/h3>\n<p>Puomisylinteri\u00e4 valittaessa on eritt\u00e4in t\u00e4rke\u00e4\u00e4 ymm\u00e4rt\u00e4\u00e4 sen kuormituskapasiteetti. T\u00e4m\u00e4 m\u00e4\u00e4ritt\u00e4\u00e4 suurimman painon, jonka sylinteri kest\u00e4\u00e4 vioittumatta. Valmistajat m\u00e4\u00e4ritt\u00e4v\u00e4t tyypillisesti kuormitusluokat vakiotestausmenetelmien perusteella. Sopivan kuormituskapasiteetin omaavan sylinterin valitseminen varmistaa turvallisuuden ja toiminnan tehokkuuden.<\/p>\n<h3>Tiivistysmekanismit<\/h3>\n<p>Tehokas tiivistys on elint\u00e4rke\u00e4\u00e4 hydraulinesteen vuotojen est\u00e4miseksi ja paineen yll\u00e4pit\u00e4miseksi sylinteriss\u00e4. Korkealaatuiset tiivisteet, jotka on valmistettu esimerkiksi polyuretaanista ja nitriilikumista, parantavat kest\u00e4vyytt\u00e4 ja kulumisenkestoa. Tiivisteiden s\u00e4\u00e4nn\u00f6llinen tarkastus on v\u00e4ltt\u00e4m\u00e4t\u00f6nt\u00e4 toimintaongelmien v\u00e4ltt\u00e4miseksi ja sylinterin k\u00e4ytt\u00f6i\u00e4n pident\u00e4miseksi.<\/p>\n<h3>Kest\u00e4vyys<\/h3>\n<p>Kest\u00e4vyyssuunnittelu varmistaa, ett\u00e4 puomin sylinteri kest\u00e4\u00e4 ankaria k\u00e4ytt\u00f6olosuhteita ilman merkitt\u00e4v\u00e4\u00e4 kulumista. T\u00e4h\u00e4n sis\u00e4ltyy korroosionkest\u00e4vien materiaalien k\u00e4ytt\u00f6 ja pintak\u00e4sittelyt kulutuskest\u00e4vyyden parantamiseksi. Kest\u00e4v\u00e4 sylinteri tarkoittaa alhaisempia huoltokustannuksia ja pidempi\u00e4 k\u00e4ytt\u00f6aikoja.<\/p>\n<h3>Turvaominaisuudet<\/h3>\n<p>Turvallisuus on ensiarvoisen t\u00e4rke\u00e4\u00e4 hydraulikoneita k\u00e4ytett\u00e4ess\u00e4. Puomisylintereiss\u00e4 tulisi olla turvaominaisuuksia, kuten ylikuormituksen est\u00e4miseksi tarvittavat paineenalennusventtiilit ja j\u00e4rjestelm\u00e4t, jotka varmistavat turvallisen toiminnan toimintah\u00e4iri\u00f6n sattuessa. S\u00e4\u00e4nn\u00f6llinen huolto ja turvallisuusohjeiden noudattaminen ovat olennaisia \u200b\u200bonnettomuuksien ehk\u00e4isemiseksi.<\/p>\n<h3>Huolto Esteett\u00f6myys<\/h3>\n<p>Suunnittelun tulisi mahdollistaa komponenttien helppo p\u00e4\u00e4sy huoltoa ja tarkastuksia varten. T\u00e4m\u00e4 sis\u00e4lt\u00e4\u00e4 huomioita sylinterin kiinnityksest\u00e4 ja hydrauliliit\u00e4nt\u00f6jen sijainnista. Esteett\u00f6myyden yll\u00e4pit\u00e4minen v\u00e4hent\u00e4\u00e4 seisokkiaikoja ja varmistaa hydraulij\u00e4rjestelm\u00e4n luotettavan toiminnan.<\/p>\n<p><img decoding=\"async\" src=\"https:\/\/www.hydraulic-cylinders.net\/wp-content\/uploads\/2025\/04\/songte-oil-pipes-and-spare-parts.webp\" alt=\"\u00d6ljyputket ja varaosat -kuva\"><\/p>\n<h2>Sylinterin tiivistys ja voitelu<\/h2>\n<p>Tehokkaan tiivistyksen ja voitelun varmistaminen on v\u00e4ltt\u00e4m\u00e4t\u00f6nt\u00e4 hydraulisylinterien moitteettoman toiminnan kannalta. Paineen yll\u00e4pit\u00e4miseen ja nestevuotojen est\u00e4miseen k\u00e4ytet\u00e4\u00e4n erilaisia \u200b\u200btiivisteit\u00e4, kuten m\u00e4nn\u00e4ntiivisteit\u00e4 ja varren tiivisteit\u00e4. Kest\u00e4vist\u00e4 materiaaleista, kuten polyuretaanista ja nitriilikumista, valmistetut tiivisteet ovat edullisia niiden kulutuskest\u00e4vyyden vuoksi.<\/p>\n<p>Sylinterin runko ja kierteitetyt p\u00e4\u00e4typinnat tulisi ty\u00f6st\u00e4\u00e4 tarkasti kulumiskest\u00e4vyyden parantamiseksi. S\u00e4\u00e4nn\u00f6llinen voitelu hydrauliikka\u00f6ljyll\u00e4 on ratkaisevan t\u00e4rke\u00e4\u00e4 liikkuvien osien kitkan ja kulumisen minimoimiseksi. T\u00e4m\u00e4 huoltovaihe varmistaa sujuvan toiminnan ja pident\u00e4\u00e4 sylinterin k\u00e4ytt\u00f6ik\u00e4\u00e4.<\/p>\n<h2>S\u00e4\u00e4nn\u00f6llinen tarkastus ja ennaltaehk\u00e4isev\u00e4 huolto<\/h2>\n<p>Rutiininomaisen tarkastusohjelman toteuttaminen on elint\u00e4rke\u00e4\u00e4 hydraulisylintereiden kunnossapidossa. Joitakin ennaltaehk\u00e4isevi\u00e4 toimenpiteit\u00e4 ovat:<\/p>\n<ul>\n<li>\n<h3>Visuaaliset tarkastukset<\/h3>\n<p>Tarkista s\u00e4\u00e4nn\u00f6llisesti kulumisen, vuotojen tai vaurioiden merkkej\u00e4. N\u00e4iden ongelmien korjaaminen ajoissa voi est\u00e4\u00e4 merkitt\u00e4vi\u00e4 vikoja.<\/p>\n<\/li>\n<li>\n<h3>Nestetason tarkistukset<\/h3>\n<p>Varmista, ett\u00e4 hydraulinesteen tasot ovat suositellulla alueella. Alhainen nestetaso voi johtaa tehottomuuteen ja mahdollisiin vaurioihin.<\/p>\n<\/li>\n<li>\n<h3>Tiivisteiden kunnon valvonta<\/h3>\n<p>Tarkista tiivisteet usein kulumisen tai heikkenemisen varalta. Vaihda tiivisteet tarvittaessa j\u00e4rjestelm\u00e4n eheyden yll\u00e4pit\u00e4miseksi.<\/p>\n<\/li>\n<\/ul>\n<h2>Asennusohjeet<\/h2>\n<p>Puomisylinterien oikea asennus on ratkaisevan t\u00e4rke\u00e4\u00e4 toiminnan tehokkuuden ja turvallisuuden kannalta. Noudata n\u00e4it\u00e4 ohjeita:<\/p>\n<ul>\n<li>\n<h3>Tasaus<\/h3>\n<p>Varmista, ett\u00e4 sylinteri on oikein kohdistettu kiinnityspisteisiin. V\u00e4\u00e4r\u00e4 kohdistus voi johtaa ennenaikaiseen kulumiseen ja rikkoutumiseen.<\/p>\n<\/li>\n<li>\n<h3>Oikeiden kiinnitystelineiden k\u00e4ytt\u00f6<\/h3>\n<p>K\u00e4yt\u00e4 sopivia kiinnityskorvakkeita sylinterin kiinnitt\u00e4miseksi tukevasti. T\u00e4m\u00e4 est\u00e4\u00e4 sen liikkumisen k\u00e4yt\u00f6n aikana ja lis\u00e4\u00e4 turvallisuutta.<\/p>\n<\/li>\n<li>\n<h3>Hydrauliset liit\u00e4nn\u00e4t<\/h3>\n<p>Liit\u00e4 hydrauliletkut huolellisesti varmistaen, ettei vuotoja esiinny. Tarkista liit\u00e4nn\u00e4t kahdesti ennen j\u00e4rjestelm\u00e4n paineistamista.<\/p>\n<\/li>\n<li>\n<h3>Alustava testaus<\/h3>\n<p>Asennuksen j\u00e4lkeen suorita perusteellinen j\u00e4rjestelm\u00e4testi varmistaaksesi, ett\u00e4 sylinteri toimii oikein ilman vuotoja tai toimintah\u00e4iri\u00f6it\u00e4.<\/p>\n<\/li>\n<\/ul>\n<p><img decoding=\"async\" src=\"https:\/\/www.hydraulic-cylinders.net\/wp-content\/uploads\/2025\/04\/songte-chushion-collar.webp\" alt=\"Tyynykauluksen kuva\"><\/p>\n<h2>Turvallisuusn\u00e4k\u00f6kohdat ja ymp\u00e4rist\u00f6tekij\u00e4t<\/h2>\n<p>Hydraulisylintereit\u00e4 k\u00e4ytett\u00e4ess\u00e4 turvatoimenpiteet ovat ensiarvoisen t\u00e4rkeit\u00e4. Varmista, ett\u00e4 kaikki henkil\u00f6st\u00f6 on koulutettu turvallisiin k\u00e4ytt\u00f6tapoihin ja tietoinen hydraulij\u00e4rjestelmiin liittyvist\u00e4 mahdollisista vaaroista. K\u00e4yt\u00e4 henkil\u00f6nsuojaimia (PPE) ja pid\u00e4 ty\u00f6ymp\u00e4rist\u00f6 puhtaana riskien v\u00e4hent\u00e4miseksi. Ota lis\u00e4ksi huomioon ymp\u00e4rist\u00f6tekij\u00e4t, kuten hydraulinesteiden ja -materiaalien h\u00e4vitt\u00e4minen. Noudata paikallisia vaarallisten j\u00e4tteiden k\u00e4sittely\u00e4 koskevia m\u00e4\u00e4r\u00e4yksi\u00e4 ymp\u00e4rist\u00f6vaikutusten minimoimiseksi.<\/p>\n<h2>Vianm\u00e4\u00e4ritys ja yleiset ongelmat<\/h2>\n<ul>\n<li>\n<h3>Hydraulinestevuodot<\/h3>\n<p>Vuotava hydraulineste voi olla merkki vaurioituneesta tiivisteest\u00e4 tai liitoksesta. Tarkista tiivisteet ja liitokset ja vaihda kaikki vialliset osat.<\/p>\n<\/li>\n<li>\n<h3>Ep\u00e4johdonmukainen sylinterin liike<\/h3>\n<p>Jos sylinteri ei liiku ulos tai sis\u00e4\u00e4n tasaisesti, tarkista hydrauliikkaletkujen tukokset tai alhaiset nestetasot.<\/p>\n<\/li>\n<li>\n<h3>Odottamattomat paineenlaskut<\/h3>\n<p>\u00c4killiset paineen laskut voivat viitata vuotoihin tai sylinterin sis\u00e4isiin vaurioihin. Tee perusteellinen tarkastus syyn selvitt\u00e4miseksi.<\/p>\n<\/li>\n<\/ul>\n<h2>Vianm\u00e4\u00e4ritysvinkkej\u00e4<\/h2>\n<p>Puomisylinterin ongelmien tehokas diagnosointi ja ratkaiseminen:<\/p>\n<ul>\n<li>\n<h3>S\u00e4\u00e4nn\u00f6llinen huolto<\/h3>\n<p>S\u00e4\u00e4nn\u00f6llisen huolto-ohjelman toteuttaminen voi est\u00e4\u00e4 monia yleisi\u00e4 ongelmia.<\/p>\n<\/li>\n<li>\n<h3>Pid\u00e4 silm\u00e4ll\u00e4 nestetasoja<\/h3>\n<p>Seuraa hydraulinesteen tasoja tarkasti v\u00e4ltt\u00e4\u00e4ksesi alhaisen nestem\u00e4\u00e4r\u00e4n aiheuttamat k\u00e4ytt\u00f6ongelmat.<\/p>\n<\/li>\n<li>\n<h3>Asiakirjatarkastukset<\/h3>\n<p>Pid\u00e4 kirjaa tarkastuksista ja huollosta seurataksesi sylinterin kuntoa ajan kuluessa ja tunnistaaksesi toistuvat ongelmat.<\/p>\n<\/li>\n<\/ul>\n<p><img decoding=\"async\" src=\"https:\/\/www.hydraulic-cylinders.net\/wp-content\/uploads\/2025\/04\/songte-bushings-with-all-kinds-of-excavator-models.webp\" alt=\"Holkit kaivinkonemallien kuvalla\"><\/p>\n<h2>Yrityksen yleiskatsaus<\/h2>\n<p>Olemme johtava hydraulisten sylinterien valmistaja, ja tarjoamme kattavan valikoiman tuotteita. Yrityksemme on vakiinnuttanut asemansa yhten\u00e4 johtavista hydraulisten sylinterien valmistajista ja tukkumyyjist\u00e4 sek\u00e4 kotimaisilla ett\u00e4 kansainv\u00e4lisill\u00e4 markkinoilla. Noudatamme tiukkoja laatustandardeja, joita tukee hienostunut tuotannonohjausstrategia tuotantolaitoksissamme. Taitava ty\u00f6voimamme, edistyneet digitaaliset valmistuslaitteet ja ammattimaiset testausj\u00e4rjestelm\u00e4mme parantavat jatkuvasti tuotantokapasiteettiamme varmistaen korkean tehokkuuden, tarkkuuden ja laadun vastataksemme monipuolisiin asiakastarpeisiin.<\/p>\n<p>Sitoutumisemme ammattitaitoon n\u00e4kyy kansainv\u00e4lisiss\u00e4 sertifikaateissamme, r\u00e4\u00e4t\u00e4l\u00f6idyiss\u00e4 palveluvaihtoehdoissamme ja huippuluokan tuotantolaitteissamme. Olemme ylpeit\u00e4 voidessamme tarjota poikkeuksellista myynnin j\u00e4lkeist\u00e4 tukea varmistaaksemme asiakastyytyv\u00e4isyyden ja tuotteidemme pitk\u00e4aikaisen luotettavuuden.<\/p>\n<p><img decoding=\"async\" src=\"https:\/\/www.hydraulic-cylinders.net\/wp-content\/uploads\/2025\/04\/songte-company-4.webp\" alt=\"Yrityskuva 1\"><br \/>\n<img decoding=\"async\" src=\"https:\/\/www.hydraulic-cylinders.net\/wp-content\/uploads\/2025\/04\/songte-company-3.webp\" alt=\"Yrityskuva 2\"><\/p>\n<p>Kirjoittaja: lyl<\/p>","protected":false},"excerpt":{"rendered":"<p>Boom Cylinder For Caterpillar Wheel Excavator M217DZ Introduction to Boom Cylinders A boom cylinder, specifically designed for heavy machinery like the Caterpillar Wheel Excavator M217DZ, is a crucial component in hydraulic systems. This hydraulic cylinder functions to control the movement of the bucket in various heavy equipment applications, including excavators, backhoe loaders, and front loaders. [&hellip;]<\/p>","protected":false},"featured_media":17880,"comment_status":"open","ping_status":"closed","template":"","meta":{"_et_pb_use_builder":"","_et_pb_old_content":"","_et_gb_content_width":""},"product_brand":[],"product_cat":[1546],"product_tag":[1547,1496],"class_list":{"0":"post-18983","1":"product","2":"type-product","3":"status-publish","4":"has-post-thumbnail","6":"product_cat-boom-cylinders","7":"product_tag-boom-cylinders","8":"product_tag-hydraulic-cylinders","10":"first","11":"instock","12":"shipping-taxable","13":"product-type-simple"},"amp_enabled":true,"_links":{"self":[{"href":"https:\/\/www.hydraulic-cylinders.net\/fi\/wp-json\/wp\/v2\/product\/18983","targetHints":{"allow":["GET"]}}],"collection":[{"href":"https:\/\/www.hydraulic-cylinders.net\/fi\/wp-json\/wp\/v2\/product"}],"about":[{"href":"https:\/\/www.hydraulic-cylinders.net\/fi\/wp-json\/wp\/v2\/types\/product"}],"replies":[{"embeddable":true,"href":"https:\/\/www.hydraulic-cylinders.net\/fi\/wp-json\/wp\/v2\/comments?post=18983"}],"wp:featuredmedia":[{"embeddable":true,"href":"https:\/\/www.hydraulic-cylinders.net\/fi\/wp-json\/wp\/v2\/media\/17880"}],"wp:attachment":[{"href":"https:\/\/www.hydraulic-cylinders.net\/fi\/wp-json\/wp\/v2\/media?parent=18983"}],"wp:term":[{"taxonomy":"product_brand","embeddable":true,"href":"https:\/\/www.hydraulic-cylinders.net\/fi\/wp-json\/wp\/v2\/product_brand?post=18983"},{"taxonomy":"product_cat","embeddable":true,"href":"https:\/\/www.hydraulic-cylinders.net\/fi\/wp-json\/wp\/v2\/product_cat?post=18983"},{"taxonomy":"product_tag","embeddable":true,"href":"https:\/\/www.hydraulic-cylinders.net\/fi\/wp-json\/wp\/v2\/product_tag?post=18983"}],"curies":[{"name":"wp","href":"https:\/\/api.w.org\/{rel}","templated":true}]}}