{"id":19013,"date":"2025-04-07T06:07:05","date_gmt":"2025-04-07T06:07:05","guid":{"rendered":"https:\/\/www.hydraulic-cylinders.net\/product\/boom-cylinder-for-doosan-large-excavator-dh300lc-7\/"},"modified":"2025-04-07T06:07:08","modified_gmt":"2025-04-07T06:07:08","slug":"boom-cylinder-for-doosan-large-excavator-dh300lc-7","status":"publish","type":"product","link":"https:\/\/www.hydraulic-cylinders.net\/fi\/tuote\/boom-cylinder-for-doosan-large-excavator-dh300lc-7\/","title":{"rendered":"Puomin sylinteri Doosanin suurelle kaivinkoneelle DH300LC-7"},"content":{"rendered":"<h1>Puomin sylinteri Doosanin suurelle kaivinkoneelle DH300LC-7<\/h1>\n<h2>Tuotteen yleiskatsaus<\/h2>\n<p>Doosanin suuren kaivinkoneen DH300LC-7 puomin sylinteri on erikoishydraulisylinteri, joka on suunniteltu ohjaamaan raskaiden koneiden puomin liikett\u00e4. T\u00e4m\u00e4n tyyppisell\u00e4 hydraulisylinterill\u00e4 on ratkaiseva rooli kaivinkoneiden, kaivurikuormaajien ja etukuormaajien toiminnassa, sill\u00e4 se mahdollistaa puomin nostamisen, laskemisen ja kallistamisen. N\u00e4m\u00e4 toiminnot ovat v\u00e4ltt\u00e4m\u00e4tt\u00f6mi\u00e4 tehokkaalle materiaalink\u00e4sittelylle erilaisissa sovelluksissa, kuten rakennus- ja maataloudessa.<\/p>\n<p><img decoding=\"async\" src=\"https:\/\/www.hydraulic-cylinders.net\/wp-content\/uploads\/2025\/04\/songte-company-1.webp\" alt=\"Kaivinkoneiden puomin sylinteri\"><\/p>\n<h3>M\u00e4\u00e4ritelm\u00e4 ja toiminnallisuus<\/h3>\n<p>Hydraulisylinterit, erityisesti puomisylinterit, ovat hydraulij\u00e4rjestelmien olennaisia \u200b\u200bosia. Ne muuntavat hydraulisen energian mekaaniseksi voimaksi, mik\u00e4 mahdollistaa raskaiden koneiden hallitun liikkeen. Puomisylinterin teht\u00e4v\u00e4n\u00e4 on helpottaa puomin asennon sujuvaa ja tarkkaa s\u00e4\u00e4t\u00f6\u00e4, mik\u00e4 on ratkaisevan t\u00e4rke\u00e4\u00e4 tehokkaiden kaivu-, nosto- ja kuljetustoimintojen kannalta. T\u00e4m\u00e4 hydraulinen komponentti varmistaa, ett\u00e4 k\u00e4ytt\u00e4j\u00e4t voivat ohjata koneita turvallisesti ja tehokkaasti, mik\u00e4 parantaa tuottavuutta ty\u00f6mailla.<\/p>\n<h2>T\u00e4rkeimm\u00e4t ominaisuudet<\/h2>\n<ul>\n<li><strong>Korkea lujuus ja kest\u00e4vyys:<\/strong> N\u00e4m\u00e4 sylinterit on valmistettu eritt\u00e4in lujasta ter\u00e4ksest\u00e4 tai alumiinista, ja ne kest\u00e4v\u00e4t korkeaa painetta ja raskaita kuormia, joten ne sopivat vaativiin ty\u00f6ymp\u00e4rist\u00f6ihin.<\/li>\n<li><strong>Tehokas hydraulinen k\u00e4ytt\u00f6:<\/strong> Sylinteri hy\u00f6dynt\u00e4\u00e4 hydrauli\u00f6ljyn painetta sujuvaan ulos- ja sis\u00e4\u00e4nvetoon, mik\u00e4 takaa nopean vasteen ohjauskomentoihin ja tehokkaan ty\u00f6nt\u00f6-\/vetovoiman.<\/li>\n<li><strong>Erilaisia \u200b\u200btyyppej\u00e4:<\/strong> Saatavilla yksi- tai kaksitoimisina kokoonpanoina vaihtelevien k\u00e4ytt\u00f6tarpeiden mukaan. Joissakin malleissa on teleskooppimallit, jotka mahdollistavat suuremman ulottuvuuden ilman ulkomittojen kasvua.<\/li>\n<li><strong>Kulutuskest\u00e4vyys:<\/strong> Kest\u00e4vyys mieless\u00e4 suunnitellut puomin sylinterit on suunniteltu kest\u00e4m\u00e4\u00e4n kulumista ja korroosiota, mik\u00e4 varmistaa pidemm\u00e4n k\u00e4ytt\u00f6i\u00e4n ja pienemm\u00e4t huoltokustannukset.<\/li>\n<li><strong>Helppo huolto:<\/strong> Rakenne mahdollistaa yksinkertaiset huoltotoimenpiteet, mik\u00e4 varmistaa, ett\u00e4 k\u00e4ytt\u00e4j\u00e4t voivat suorittaa s\u00e4\u00e4nn\u00f6llisi\u00e4 tarkastuksia ja korjauksia ilman pitki\u00e4 seisokkeja.<\/li>\n<\/ul>\n<h2>Sovellukset<\/h2>\n<h3>Rakennuslaitteet<\/h3>\n<p>Rakennuskoneissa puomin sylinteri on elint\u00e4rke\u00e4 kaivinkoneille, koska sill\u00e4 on keskeinen rooli kaivamisessa, lastaamisessa ja maaper\u00e4n tai roskien siirt\u00e4misess\u00e4. Puomin pident\u00e4mis- ja lyhent\u00e4miskyvyn ansiosta kuljettajat voivat tehokkaasti saavuttaa erilaisia \u200b\u200bsyvyyksi\u00e4 ja kulmia, mik\u00e4 parantaa heid\u00e4n kyky\u00e4\u00e4n suorittaa monimutkaisia \u200b\u200bteht\u00e4vi\u00e4. Kaivurikuormaajissa puomin sylinteri auttaa paitsi kaivamisessa my\u00f6s kauhan nostamisessa, mik\u00e4 lis\u00e4\u00e4 tuottavuutta rakennusty\u00f6mailla.<\/p>\n<h3>Maatalouskoneet<\/h3>\n<p>Maataloussovelluksissa puomisylinteri\u00e4 k\u00e4ytet\u00e4\u00e4n etukuormaajissa esimerkiksi kaivamiseen, nostamiseen ja materiaalien, kuten mullan, hein\u00e4n ja muiden tavaroiden, kuljettamiseen. Puomisylinterin tarjoama tarkka hallinta antaa viljelij\u00f6ille mahdollisuuden hallita resurssejaan tehokkaasti, mik\u00e4 parantaa toiminnan tehokkuutta ja v\u00e4hent\u00e4\u00e4 laitteiden ja sadon vaurioitumisriski\u00e4.<\/p>\n<h3>Kaivinkoneet<\/h3>\n<p>Kaivinkoneissa puomin sylinteri helpottaa kaivua antamalla kauhan tunkeutua helposti maaper\u00e4\u00e4n. T\u00e4m\u00e4 ominaisuus on olennainen erilaisissa rakennus- ja kaivuprojekteissa, joissa vaaditaan tarkkaa kaivusyvyyden ja -kulman hallintaa. Puomin sylinterin tuottama hydraulinen teho varmistaa, ett\u00e4 kaivinkoneet pystyv\u00e4t k\u00e4sittelem\u00e4\u00e4n tehokkaasti erilaisia \u200b\u200bmateriaaleja pehme\u00e4st\u00e4 maasta kovaan kallioon.<\/p>\n<h3>Kuormaajat<\/h3>\n<p>Etukuormaajissa puomin sylinterit ovat ratkaisevan t\u00e4rkeit\u00e4 kuormien tehokkaalle nostamiselle ja tyhjent\u00e4miselle. Hydraulij\u00e4rjestelm\u00e4 mahdollistaa nopeat s\u00e4\u00e4d\u00f6t, joiden avulla k\u00e4ytt\u00e4j\u00e4t voivat nostaa ja kallistaa kuormia vaivattomasti. T\u00e4m\u00e4 toiminto on elint\u00e4rke\u00e4 materiaalien siirt\u00e4misess\u00e4 rakennus- ja maisemointiprojekteissa, joissa aika ja tarkkuus ovat ensiarvoisen t\u00e4rkeit\u00e4.<\/p>\n<h2>Suunnittelun\u00e4k\u00f6kohdat<\/h2>\n<h3>Kantavuus<\/h3>\n<p>Puomisylintereiden suunnittelussa kuormituskapasiteetti on ensisijainen huomioitava seikka. Sylinterin on kyett\u00e4v\u00e4 k\u00e4sittelem\u00e4\u00e4n sen k\u00e4yt\u00f6n aikana kohtaama enimm\u00e4iskuorma. T\u00e4m\u00e4 vaatii kest\u00e4vi\u00e4 materiaaleja ja tarkkaa suunnittelua vikaantumisen est\u00e4miseksi ja turvallisuuden varmistamiseksi.<\/p>\n<h3>Tiivistysmekanismit<\/h3>\n<p>Tiivistys on ratkaisevan t\u00e4rke\u00e4\u00e4 sylinterin hydraulisen paineen yll\u00e4pit\u00e4miseksi. Korkealaatuisia tiivisteit\u00e4, kuten kest\u00e4vist\u00e4 materiaaleista, kuten polyuretaanista tai nitriilikumista, valmistettuja m\u00e4nn\u00e4n- ja varren tiivisteit\u00e4, k\u00e4ytet\u00e4\u00e4n est\u00e4m\u00e4\u00e4n vuotoja ja kontaminaatiota ja varmistamaan siten hydraulij\u00e4rjestelm\u00e4n tehokas toiminta.<\/p>\n<h3>Kest\u00e4vyys<\/h3>\n<p>Puomisylinterien kest\u00e4vyys on olennaista niiden pitk\u00e4ik\u00e4isyyden ja luotettavuuden kannalta. Suunnitteluominaisuudet, kuten korroosionkest\u00e4v\u00e4t pinnoitteet ja vahvistetut rakenteet, edist\u00e4v\u00e4t niiden kyky\u00e4 kest\u00e4\u00e4 ankaria ymp\u00e4rist\u00f6olosuhteita ja pitk\u00e4aikaista k\u00e4ytt\u00f6\u00e4.<\/p>\n<h3>Turvaominaisuudet<\/h3>\n<p>Turvaominaisuuksien sis\u00e4llytt\u00e4minen puomisylinterien suunnitteluun on ratkaisevan t\u00e4rke\u00e4\u00e4 onnettomuuksien ja laitevaurioiden est\u00e4miseksi. N\u00e4ihin kuuluvat paineenalennusventtiilit ja turvalukot, jotka tarjoavat lis\u00e4suojausta k\u00e4yt\u00f6n aikana.<\/p>\n<h3>Huoltop\u00e4\u00e4sy<\/h3>\n<p>Puomisylinterien suunnittelu helposti huollettaviksi on elint\u00e4rke\u00e4\u00e4, jotta s\u00e4\u00e4nn\u00f6lliset tarkastukset ja korjaukset voidaan suorittaa tehokkaasti. T\u00e4m\u00e4 voi tarkoittaa ominaisuuksien sis\u00e4llytt\u00e4mist\u00e4, jotka mahdollistavat tiivisteiden ja muiden komponenttien nopeat tarkastukset ja vaihdon.<\/p>\n<p><img decoding=\"async\" src=\"https:\/\/www.hydraulic-cylinders.net\/wp-content\/uploads\/2025\/04\/songte-oil-pipes-and-spare-parts.webp\" alt=\"Hydraulisylinterin osat\"><\/p>\n<h2>Tiivistys ja voitelu<\/h2>\n<p>Asianmukainen tiivistys ja voitelu ovat ratkaisevan t\u00e4rkeit\u00e4 puomisylinterien suorituskyvyn ja pitk\u00e4ik\u00e4isyyden kannalta. Useat tiivistekomponentit, mukaan lukien m\u00e4nn\u00e4n tiivisteet ja varren tiivisteet, on valmistettu kulutusta kest\u00e4vist\u00e4 materiaaleista kest\u00e4vyyden parantamiseksi. Sylinterin runko ja kierteitetyt p\u00e4\u00e4t k\u00e4sitell\u00e4\u00e4n hienos\u00e4\u00e4detysti kulutuskest\u00e4vyyden parantamiseksi ja hydraulisen eheyden yll\u00e4pit\u00e4miseksi. On t\u00e4rke\u00e4\u00e4 lis\u00e4t\u00e4 s\u00e4\u00e4nn\u00f6llisesti hydrauli\u00f6ljy\u00e4 voitelua varten, jotta varmistetaan sujuva toiminta ja minimoidaan sis\u00e4isten komponenttien kuluminen.<\/p>\n<h2>Ennaltaehk\u00e4isev\u00e4t huoltotoimenpiteet<\/h2>\n<ul>\n<li>S\u00e4\u00e4nn\u00f6lliset tarkastukset: Suorita rutiinitarkastukset kulumisen, vuotojen ja vaurioiden varalta varmistaaksesi, ett\u00e4 sylinteri toimii turvallisesti ja tehokkaasti.<\/li>\n<li>Oikea-aikainen voitelu: Varmista, ett\u00e4 hydrauliikka\u00f6ljy\u00e4 lis\u00e4t\u00e4\u00e4n s\u00e4\u00e4nn\u00f6llisesti asianmukaisin m\u00e4\u00e4rin liikkuvien osien optimaalisen voitelun yll\u00e4pit\u00e4miseksi.<\/li>\n<li>Tiivisteiden vaihto: Tarkkaile tiivisteiden kuntoa ja vaihda ne tarvittaessa hydraulinesteen vuotojen est\u00e4miseksi ja paineen yll\u00e4pit\u00e4miseksi.<\/li>\n<\/ul>\n<h2>Asennusohjeet<\/h2>\n<p>Puomisylinterin asentaminen vaatii huolellista huomiota oikean toiminnan ja turvallisuuden varmistamiseksi. Aloita lukemalla valmistajan ohjeet huolellisesti. Kohdista sylinteri oikein k\u00e4ytt\u00f6koneiston kanssa ja kiinnit\u00e4 se paikalleen sopivilla kiinnityskorvakkeilla. Varmista, ett\u00e4 hydrauliikkaliit\u00e4nn\u00e4t on kiristetty vuotojen est\u00e4miseksi. Asennuksen j\u00e4lkeen suorita j\u00e4rjestelm\u00e4n perusteellinen tarkastus vuotojen varalta ja varmista, ett\u00e4 sylinteri toimii sujuvasti ennen k\u00e4ytt\u00f6\u00e4.<\/p>\n<h2>Yleiset huoltoteht\u00e4v\u00e4t<\/h2>\n<h3>S\u00e4\u00e4nn\u00f6lliset tarkastukset<\/h3>\n<p>Puomin sylinterin s\u00e4\u00e4nn\u00f6lliset tarkastukset ovat olennaisia \u200b\u200bmahdollisten ongelmien tunnistamiseksi ennen kuin niist\u00e4 tulee vakavia. T\u00e4m\u00e4 sis\u00e4lt\u00e4\u00e4 vuotojen ja kulumisen merkkien tarkistamisen sek\u00e4 kaikkien pulttien ja liitosten kireyden varmistamisen. S\u00e4\u00e4nn\u00f6lliset tarkastukset auttavat yll\u00e4pit\u00e4m\u00e4\u00e4n hydraulij\u00e4rjestelm\u00e4n eheytt\u00e4 ja edist\u00e4v\u00e4t turvallisuutta k\u00e4yt\u00f6n aikana.<\/p>\n<h3>Oikea voitelu<\/h3>\n<p>Oikean voitelun yll\u00e4pit\u00e4minen on ratkaisevan t\u00e4rke\u00e4\u00e4 puomisylinterien pitk\u00e4ik\u00e4isyyden kannalta. T\u00e4m\u00e4 tarkoittaa hydrauli\u00f6ljyn s\u00e4\u00e4nn\u00f6llist\u00e4 lis\u00e4\u00e4mist\u00e4 ja tiivisteiden moitteettoman toiminnan varmistamista. Oikea voitelu v\u00e4hent\u00e4\u00e4 kitkaa ja kulumista, jolloin sylinteri toimii tehokkaasti. Kuljettajien on my\u00f6s oltava tietoisia k\u00e4ytetyn hydrauli\u00f6ljyn tyypist\u00e4, sill\u00e4 se voi vaikuttaa sylinterin suorituskykyyn.<\/p>\n<h3>Tiivisteiden vaihto ja kalibrointitarkastukset<\/h3>\n<p>Tiivisteiden vaihto on kriittinen huoltoteht\u00e4v\u00e4 vuotojen est\u00e4miseksi ja paineen yll\u00e4pit\u00e4miseksi. Tiivisteiden kunto tulisi tarkistaa s\u00e4\u00e4nn\u00f6llisesti ja vaihtaa tarvittaessa. Lis\u00e4ksi kalibrointitarkastukset varmistavat, ett\u00e4 sylinteri toimii m\u00e4\u00e4riteltyjen parametrien mukaisesti, mik\u00e4 parantaa sen luotettavuutta ja tehokkuutta kent\u00e4ll\u00e4.<\/p>\n<p><img decoding=\"async\" src=\"https:\/\/www.hydraulic-cylinders.net\/wp-content\/uploads\/2025\/04\/songte-chushion-collar.webp\" alt=\"Hydraulisylinterien pehmustekaulus\"><\/p>\n<h2>Turvallisuus- ja ymp\u00e4rist\u00f6n\u00e4k\u00f6kohdat<\/h2>\n<p>Turvatoimenpiteiden toteuttaminen puomisylintereit\u00e4 k\u00e4ytett\u00e4ess\u00e4 on ratkaisevan t\u00e4rke\u00e4\u00e4 k\u00e4ytt\u00e4jien ja laitteiden suojaamiseksi. Hydraulisten koneiden k\u00e4ytt\u00f6\u00f6n liittyv\u00e4 asianmukainen koulutus sek\u00e4 turvallisuusohjeiden noudattaminen voivat auttaa ehk\u00e4isem\u00e4\u00e4n onnettomuuksia. Lis\u00e4ksi on otettava huomioon hydraulinesteiden ymp\u00e4rist\u00f6vaikutukset. Biohajoavien hydrauli\u00f6ljyjen k\u00e4ytt\u00f6 voi pienent\u00e4\u00e4 ymp\u00e4rist\u00f6jalanj\u00e4lke\u00e4 ja samalla s\u00e4ilytt\u00e4\u00e4 suorituskyvyn.<\/p>\n<h2>Vianm\u00e4\u00e4ritys ja yleiset ongelmat<\/h2>\n<ul>\n<li><strong>Vuoto:<\/strong> T\u00e4m\u00e4 johtuu usein kuluneista tiivisteist\u00e4 tai vaurioituneista liitoksista. Tarkista ja vaihda tiivisteet tarvittaessa nesteh\u00e4vi\u00f6iden est\u00e4miseksi.<\/li>\n<li><strong>Hidas toiminta:<\/strong> T\u00e4m\u00e4 voi viitata alhaiseen hydrauliikka\u00f6ljyn tasoon tai j\u00e4rjestelm\u00e4\u00e4n j\u00e4\u00e4neeseen ilmaan. Tarkista \u00f6ljyn m\u00e4\u00e4r\u00e4 ja ilmaa j\u00e4rjestelm\u00e4 tarvittaessa.<\/li>\n<li><strong>Odottamattomat liikkeet:<\/strong> T\u00e4m\u00e4 voi johtua viallisista s\u00e4\u00e4t\u00f6venttiileist\u00e4 tai paineen ep\u00e4tasapainosta. Tarkista s\u00e4\u00e4t\u00f6mekanismit ja varmista oikea kalibrointi.<\/li>\n<\/ul>\n<h2>Vianm\u00e4\u00e4ritysvinkkej\u00e4<\/h2>\n<p>Puomisylintereiden ongelmien tehokkaaseen vianm\u00e4\u00e4ritykseen ja ratkaisuun s\u00e4\u00e4nn\u00f6lliset huoltotarkastukset ovat v\u00e4ltt\u00e4m\u00e4tt\u00f6mi\u00e4. Huoltotoimien kirjaaminen voi auttaa tunnistamaan toistuvat ongelmat. Oikeiden diagnostiikkaty\u00f6kalujen k\u00e4ytt\u00f6 voi auttaa paikantamaan ongelmat nopeasti. Lis\u00e4ksi ennaltaehk\u00e4isev\u00e4t toimenpiteet, kuten s\u00e4\u00e4nn\u00f6lliset tarkastukset ja oikea-aikaiset korjaukset, voivat minimoida vikojen esiintymisen ja varmistaa laitteiden pidemm\u00e4n k\u00e4ytt\u00f6i\u00e4n.<\/p>\n<p><img decoding=\"async\" src=\"https:\/\/www.hydraulic-cylinders.net\/wp-content\/uploads\/2025\/04\/songte-bushings-with-all-kinds-of-excavator-models.webp\" alt=\"Kaivinkoneiden holkit\"><\/p>\n<h2>Yrityksen yleiskatsaus<\/h2>\n<p>Olemme johtava hydraulisten sylinterien vaihto-osien valmistaja. Tarjoamme laajan valikoiman tuotteita, jotka ovat tehneet meist\u00e4 yhden johtavista valmistajista ja tukkukauppiaista sek\u00e4 kotimaisilla ett\u00e4 kansainv\u00e4lisill\u00e4 markkinoilla. Sitoutumisemme poikkeukselliseen laatuun tukee hienostunut valmistusstrategia, joka hy\u00f6dynt\u00e4\u00e4 ammattitaitoista teknist\u00e4 henkil\u00f6st\u00f6\u00e4, edistyneit\u00e4 digitaalisia valmistuslaitteita ja kattavia testausj\u00e4rjestelmi\u00e4. T\u00e4m\u00e4 mahdollistaa valmistusalustamme jatkuvan parantamisen, mik\u00e4 varmistaa tehokkaan ja tarkan vastaamisen monipuolisiin asiakastarpeisiin.<\/p>\n<p><img decoding=\"async\" src=\"https:\/\/www.hydraulic-cylinders.net\/wp-content\/uploads\/2025\/04\/songte-company-4.webp\" alt=\"Yrityksen tuotantolaitos\"><br \/>\n<img decoding=\"async\" src=\"https:\/\/www.hydraulic-cylinders.net\/wp-content\/uploads\/2025\/04\/songte-company-3.webp\" alt=\"Hydraulisylinterin tuotantolinja\"><\/p>\n<p>Yrityksemme on ammattitaitoinen, sill\u00e4 on kansainv\u00e4lisi\u00e4 sertifikaatteja ja se tarjoaa r\u00e4\u00e4t\u00e4l\u00f6ityj\u00e4 palveluita asiakkaiden tarpeisiin. Huippuluokan tuotantolaitteiden ja vankan j\u00e4lkimarkkinointipalvelun avulla varmistamme, ett\u00e4 asiakkaamme saavat alan parhaat tuotteet ja tuen.<\/p>\n<p>Kirjoittaja: lyl<\/p>","protected":false},"excerpt":{"rendered":"<p>Boom Cylinder For Doosan Large Excavator DH300LC-7 Product Overview The Boom Cylinder for Doosan Large Excavator DH300LC-7 is a specialized hydraulic cylinder designed to control the movement of the boom on heavy machinery. This type of hydraulic cylinder plays a critical role in the operation of excavators, backhoe loaders, and front loaders, allowing the boom [&hellip;]<\/p>","protected":false},"featured_media":17880,"comment_status":"open","ping_status":"closed","template":"","meta":{"_et_pb_use_builder":"","_et_pb_old_content":"","_et_gb_content_width":""},"product_brand":[],"product_cat":[1546],"product_tag":[1547,1496],"class_list":{"0":"post-19013","1":"product","2":"type-product","3":"status-publish","4":"has-post-thumbnail","6":"product_cat-boom-cylinders","7":"product_tag-boom-cylinders","8":"product_tag-hydraulic-cylinders","10":"first","11":"instock","12":"shipping-taxable","13":"product-type-simple"},"amp_enabled":true,"_links":{"self":[{"href":"https:\/\/www.hydraulic-cylinders.net\/fi\/wp-json\/wp\/v2\/product\/19013","targetHints":{"allow":["GET"]}}],"collection":[{"href":"https:\/\/www.hydraulic-cylinders.net\/fi\/wp-json\/wp\/v2\/product"}],"about":[{"href":"https:\/\/www.hydraulic-cylinders.net\/fi\/wp-json\/wp\/v2\/types\/product"}],"replies":[{"embeddable":true,"href":"https:\/\/www.hydraulic-cylinders.net\/fi\/wp-json\/wp\/v2\/comments?post=19013"}],"wp:featuredmedia":[{"embeddable":true,"href":"https:\/\/www.hydraulic-cylinders.net\/fi\/wp-json\/wp\/v2\/media\/17880"}],"wp:attachment":[{"href":"https:\/\/www.hydraulic-cylinders.net\/fi\/wp-json\/wp\/v2\/media?parent=19013"}],"wp:term":[{"taxonomy":"product_brand","embeddable":true,"href":"https:\/\/www.hydraulic-cylinders.net\/fi\/wp-json\/wp\/v2\/product_brand?post=19013"},{"taxonomy":"product_cat","embeddable":true,"href":"https:\/\/www.hydraulic-cylinders.net\/fi\/wp-json\/wp\/v2\/product_cat?post=19013"},{"taxonomy":"product_tag","embeddable":true,"href":"https:\/\/www.hydraulic-cylinders.net\/fi\/wp-json\/wp\/v2\/product_tag?post=19013"}],"curies":[{"name":"wp","href":"https:\/\/api.w.org\/{rel}","templated":true}]}}