{"id":19014,"date":"2025-04-07T06:07:10","date_gmt":"2025-04-07T06:07:10","guid":{"rendered":"https:\/\/www.hydraulic-cylinders.net\/product\/boom-cylinder-for-doosan-large-excavator-dh340lc\/"},"modified":"2025-04-07T06:07:12","modified_gmt":"2025-04-07T06:07:12","slug":"boom-cylinder-for-doosan-large-excavator-dh340lc","status":"publish","type":"product","link":"https:\/\/www.hydraulic-cylinders.net\/fi\/tuote\/boom-cylinder-for-doosan-large-excavator-dh340lc\/","title":{"rendered":"Puomin sylinteri Doosanin suurelle kaivinkoneelle DH340LC"},"content":{"rendered":"<h1>Puomin sylinteri Doosanin suurelle kaivinkoneelle DH340LC<\/h1>\n<h2>Tuotteen yleiskatsaus<\/h2>\n<p>Puomin sylinteri on olennainen hydraulinen komponentti, joka on erityisesti suunniteltu ohjaamaan puomin liikett\u00e4 raskaissa koneissa, kuten kaivinkoneissa, kaivurikuormaajissa ja etukuormaajissa. T\u00e4m\u00e4 sylinteri mahdollistaa puomin nostamisen, laskemisen ja kallistuksen, mik\u00e4 helpottaa tehokkaita materiaalink\u00e4sittelyteht\u00e4vi\u00e4. Kauhan sylinterill\u00e4 on ratkaiseva rooli hydraulij\u00e4rjestelmiss\u00e4, sill\u00e4 se muuntaa hydraulisen paineen mekaaniseksi voimaksi, mik\u00e4 mahdollistaa tarkat ja tehokkaat liikkeet, joita tarvitaan erilaisissa toiminnoissa.<\/p>\n<p><img decoding=\"async\" src=\"https:\/\/www.hydraulic-cylinders.net\/wp-content\/uploads\/2025\/04\/songte-company-1.webp\" alt=\"Puomin sylinterin kuva\" \/><\/p>\n<h2>T\u00e4rkeimm\u00e4t ominaisuudet<\/h2>\n<ul>\n<li>\n<h3>Korkea lujuus ja kest\u00e4vyys<\/h3>\n<p>Tyypillisesti lujasta ter\u00e4ksest\u00e4 tai alumiinista valmistettu puomin sylinteri on suunniteltu kest\u00e4m\u00e4\u00e4n korkeaa painetta ja raskaita kuormia. Sen rakenne on yhdistetty kulutuskest\u00e4vyyteen ja korroosionkest\u00e4vyyteen, mik\u00e4 pident\u00e4\u00e4 sen k\u00e4ytt\u00f6ik\u00e4\u00e4 my\u00f6s ankarissa ty\u00f6ymp\u00e4rist\u00f6iss\u00e4.<\/p>\n<\/li>\n<li>\n<h3>Tehokas hydraulinen k\u00e4ytt\u00f6<\/h3>\n<p>Puomin sylinteri k\u00e4ytt\u00e4\u00e4 hydrauli\u00f6ljynpainetta sujuvan pidennyksen ja sis\u00e4\u00e4nvedon aikaansaamiseksi, mik\u00e4 tarjoaa nopean vasteen k\u00e4ytt\u00e4j\u00e4n komentoihin ja tuottaa merkitt\u00e4v\u00e4\u00e4 ty\u00f6nt\u00f6- ja vetovoimaa, joka soveltuu raskaiden materiaalien k\u00e4sittelyyn ja monimutkaisiin teht\u00e4viin.<\/p>\n<\/li>\n<li>\n<h3>Erilaiset tyypit<\/h3>\n<p>Puomisylinteri on saatavana yksitoimisena (toimii yhteen suuntaan) tai kaksitoimisena (toimii molempiin suuntiin) kokoonpanoina, ja sit\u00e4 voidaan r\u00e4\u00e4t\u00e4l\u00f6id\u00e4 erilaisiin k\u00e4ytt\u00f6tarpeisiin. Jotkut mallit ovat teleskooppisia, mik\u00e4 mahdollistaa suuremman jatkeen ilman ulkomittojen kasvua, mik\u00e4 tekee niist\u00e4 ihanteellisia ahtaisiin tiloihin.<\/p>\n<\/li>\n<\/ul>\n<p>Pystymme tuottamaan t\u00e4t\u00e4 tuotetta, ja tuotteemme voivat t\u00e4ydellisesti korvata n\u00e4m\u00e4 hydraulisylinterit.<\/p>\n<p><img decoding=\"async\" src=\"https:\/\/www.hydraulic-cylinders.net\/wp-content\/uploads\/2025\/04\/songte-cylinder-head-with-all-kinds-excavator-models.webp\" alt=\"Kaivinkonemallit\" \/><\/p>\n<h2>Sovellukset<\/h2>\n<ul>\n<li>\n<h3>Rakennuslaitteet<\/h3>\n<p>Kaivinkoneissa puomisylinterit ovat elint\u00e4rkeit\u00e4 kaivamisessa, lastaamisessa ja maaper\u00e4n tai roskien siirt\u00e4misess\u00e4. Ne helpottavat monimutkaisia \u200b\u200bliikkeit\u00e4, joita tarvitaan erilaisissa rakennusteht\u00e4viss\u00e4, varmistaen tehokkuuden ja tarkkuuden. Kaivurikuormaajissa puomisylinterit tukevat sek\u00e4 kaivu- ett\u00e4 nostotoimintoja, mik\u00e4 parantaa k\u00e4yt\u00f6n monipuolisuutta.<\/p>\n<\/li>\n<li>\n<h3>Maatalouskoneet<\/h3>\n<p>Etukuormaajissa k\u00e4ytett\u00e4v\u00e4t puomisylinterit auttavat maan, hein\u00e4n ja muiden materiaalien kaivamisessa, nostamisessa ja kuljettamisessa. Niiden kest\u00e4v\u00e4 rakenne varmistaa luotettavan suorituskyvyn, mik\u00e4 mahdollistaa tehokkaan maataloustoiminnan ja materiaalink\u00e4sittelyn.<\/p>\n<\/li>\n<li>\n<h3>Kaivinkoneet<\/h3>\n<p>Puomin sylinteri mahdollistaa kaivinkoneen kauhan tehokkaan tunkeutumisen maaper\u00e4\u00e4n, mik\u00e4 tarjoaa tarvittavan voiman kaivuliikkeiden suorittamiseen. T\u00e4m\u00e4 ominaisuus on olennainen erilaisissa kaivuprojekteissa ja edist\u00e4\u00e4 ty\u00f6maan kokonaistuottavuutta ja tehokkuutta.<\/p>\n<\/li>\n<li>\n<h3>Kuormaajat<\/h3>\n<p>Etukuormaajissa puomisylinterit auttavat kuormien tehokkaassa nostamisessa ja tyhjent\u00e4misess\u00e4. Niiden rakenne varmistaa, ett\u00e4 raskaita materiaaleja voidaan k\u00e4sitell\u00e4 turvallisesti ja tehokkaasti, mik\u00e4 optimoi ty\u00f6nkulun lastausteht\u00e4viss\u00e4.<\/p>\n<\/li>\n<\/ul>\n<h2>Suunnittelun\u00e4k\u00f6kohdat<\/h2>\n<ul>\n<li>\n<h3>Kantavuus<\/h3>\n<p>Puomisylinterin kuormituskapasiteetti on kriittinen tekij\u00e4 sen suunnittelussa. Sen on kyett\u00e4v\u00e4 tukemaan kaivinkoneen tai kuormaajan k\u00e4sittelem\u00e4\u00e4 enimm\u00e4ispainoa. Insin\u00f6\u00f6rit ottavat huomioon materiaalivalinnan, sylinterin mitat ja paineluokat varmistaakseen turvallisen k\u00e4yt\u00f6n kuormitettuna.<\/p>\n<\/li>\n<li>\n<h3>Tiivistys<\/h3>\n<p>Tehokas tiivistys on ratkaisevan t\u00e4rke\u00e4\u00e4 hydraulisylintereille vuotojen est\u00e4miseksi ja paineen yll\u00e4pit\u00e4miseksi. K\u00e4ytet\u00e4\u00e4n korkealaatuisia tiivisteit\u00e4, jotka on valmistettu kest\u00e4vist\u00e4 materiaaleista, kuten polyuretaanista ja nitriilikumista. Asianmukainen tiivistys varmistaa sylinterin tehokkaan toiminnan ja pitk\u00e4ik\u00e4isyyden minimoiden huoltotarpeen.<\/p>\n<\/li>\n<li>\n<h3>Kest\u00e4vyys<\/h3>\n<p>Kest\u00e4vyys on keskeinen suunnittelukriteeri, erityisesti ymp\u00e4rist\u00f6iss\u00e4, joissa laitteet altistuvat \u00e4\u00e4rimm\u00e4isille olosuhteille. Korroosionkest\u00e4vien materiaalien k\u00e4ytt\u00f6, kest\u00e4v\u00e4 rakenne ja suojapinnoitteet pident\u00e4v\u00e4t puomin sylinterin k\u00e4ytt\u00f6ik\u00e4\u00e4.<\/p>\n<\/li>\n<li>\n<h3>Turvallisuus<\/h3>\n<p>Sylinteriin on integroitu turvaominaisuuksia, kuten paineenalennusventtiilej\u00e4 ja vikasietoisia rakenteita, jotka suojaavat sek\u00e4 laitteita ett\u00e4 k\u00e4ytt\u00e4j\u00e4\u00e4. N\u00e4m\u00e4 ominaisuudet auttavat ehk\u00e4isem\u00e4\u00e4n onnettomuuksia ja laitevikoja varmistaen turvallisen k\u00e4yt\u00f6n vaativissa ymp\u00e4rist\u00f6iss\u00e4.<\/p>\n<\/li>\n<li>\n<h3>Huolto Esteett\u00f6myys<\/h3>\n<p>Puomin sylinterin suunnittelu helpoksi huollettavaksi on eritt\u00e4in t\u00e4rke\u00e4\u00e4. Helppok\u00e4ytt\u00f6iset voitelukohdat ja yksinkertaiset purkamismenetelm\u00e4t helpottavat s\u00e4\u00e4nn\u00f6llist\u00e4 huoltoa, mik\u00e4 auttaa pident\u00e4m\u00e4\u00e4n sylinterin k\u00e4ytt\u00f6ik\u00e4\u00e4 ja ehk\u00e4isem\u00e4\u00e4n kalliita korjauksia.<\/p>\n<\/li>\n<\/ul>\n<p><img decoding=\"async\" src=\"https:\/\/www.hydraulic-cylinders.net\/wp-content\/uploads\/2025\/04\/songte-oil-pipes-and-spare-parts.webp\" alt=\"\u00d6ljyputket ja varaosat\" \/><\/p>\n<h2>Tiivistys ja voitelu<\/h2>\n<p>Tiivistyskomponenttien eheys on v\u00e4ltt\u00e4m\u00e4t\u00f6nt\u00e4 hydraulisylinterien tehokkaalle toiminnalle. Hydraulisylinterien vuotojen est\u00e4miseksi k\u00e4ytet\u00e4\u00e4n erilaisia \u200b\u200btiivisteit\u00e4, kuten m\u00e4nn\u00e4ntiivisteit\u00e4 ja varren tiivisteit\u00e4. Kest\u00e4vyyden parantamiseksi k\u00e4ytet\u00e4\u00e4n yleisesti kulutusta kest\u00e4vist\u00e4 materiaaleista, kuten polyuretaanista ja nitriilikumista, valmistettuja tiivisteit\u00e4. Sylinterin runko ja kierteitetyt p\u00e4\u00e4t k\u00e4sitell\u00e4\u00e4n huolellisesti kulutuskest\u00e4vyyden lis\u00e4\u00e4miseksi ja pitk\u00e4ik\u00e4isyyden varmistamiseksi. S\u00e4\u00e4nn\u00f6llinen voitelu sopivalla hydrauli\u00f6ljyll\u00e4 on v\u00e4ltt\u00e4m\u00e4t\u00f6nt\u00e4 optimaalisen suorituskyvyn yll\u00e4pit\u00e4miseksi ja liikkuvien osien kulumisen est\u00e4miseksi.<\/p>\n<h2>S\u00e4\u00e4nn\u00f6llinen tarkastus ja ennaltaehk\u00e4isev\u00e4 huolto<\/h2>\n<ul>\n<li>\n<h3>S\u00e4\u00e4nn\u00f6lliset tarkastukset<\/h3>\n<p>Hydraulij\u00e4rjestelm\u00e4n s\u00e4\u00e4nn\u00f6lliset tarkastukset ovat ratkaisevan t\u00e4rkeit\u00e4. Tarkista kulumisen ja vuotojen merkit ja varmista, ett\u00e4 kaikki komponentit toimivat oikein. Ongelmien varhainen havaitseminen voi est\u00e4\u00e4 vakavampia ongelmia my\u00f6hemmin.<\/p>\n<\/li>\n<li>\n<h3>Asianmukainen voitelu<\/h3>\n<p>Varmista, ett\u00e4 puomin sylinteri on riitt\u00e4v\u00e4sti voideltu suositellulla hydrauliikka\u00f6ljyll\u00e4. Oikea voitelu v\u00e4hent\u00e4\u00e4 liikkuvien osien kitkaa ja kulumista, mik\u00e4 pident\u00e4\u00e4 sylinterin k\u00e4ytt\u00f6ik\u00e4\u00e4 ja yll\u00e4pit\u00e4\u00e4 suorituskyky\u00e4.<\/p>\n<\/li>\n<li>\n<h3>Tiivisteiden vaihto ja kalibrointitarkastukset<\/h3>\n<p>Tarkista tiivisteiden kuluminen s\u00e4\u00e4nn\u00f6llisesti ja vaihda ne tarvittaessa. Oikein kalibroidut sylinterit varmistavat tarkan liikkeen ja toiminnan, mik\u00e4 on kriittist\u00e4 suorituskyvyn ja turvallisuuden kannalta.<\/p>\n<\/li>\n<\/ul>\n<p><img decoding=\"async\" src=\"https:\/\/www.hydraulic-cylinders.net\/wp-content\/uploads\/2025\/04\/songte-chushion-collar.webp\" alt=\"Tyynykaulus\" \/><\/p>\n<h2>Turvallisuusn\u00e4k\u00f6kohdat ja ymp\u00e4rist\u00f6tekij\u00e4t<\/h2>\n<p>Hydraulisylintereit\u00e4 k\u00e4ytett\u00e4ess\u00e4 on ensiarvoisen t\u00e4rke\u00e4\u00e4 noudattaa turvatoimenpiteit\u00e4. K\u00e4ytt\u00e4jien asianmukainen koulutus, s\u00e4\u00e4nn\u00f6llinen huolto ja turvallisuusprotokollien noudattaminen voivat v\u00e4hent\u00e4\u00e4 hydraulisiin toimintoihin liittyvi\u00e4 riskej\u00e4. Lis\u00e4ksi ymp\u00e4rist\u00f6tekij\u00f6iden, kuten s\u00e4\u00e4olosuhteiden ja maaston, huomioon ottaminen voi vaikuttaa hydraulisten laitteiden suorituskykyyn ja turvallisuuteen.<\/p>\n<h2>Vianm\u00e4\u00e4ritys ja yleiset ongelmat<\/h2>\n<ul>\n<li>\n<h3>Nestevuotojen tunnistaminen<\/h3>\n<p>Nestevuodot ovat merkitt\u00e4v\u00e4 huolenaihe, ja ne voidaan diagnosoida tarkastamalla sylinteri n\u00e4kyvien hydraulinesteen merkkien varalta. S\u00e4\u00e4nn\u00f6lliset tarkastukset voivat auttaa tunnistamaan vuodot varhaisessa vaiheessa, mik\u00e4 est\u00e4\u00e4 paineh\u00e4vi\u00f6it\u00e4 ja toiminnallisia ongelmia.<\/p>\n<\/li>\n<li>\n<h3>Hidas tai ep\u00e4johdonmukainen liike<\/h3>\n<p>Jos puomin sylinteri liikkuu hitaasti tai ep\u00e4tasaisesti, se voi viitata alhaiseen hydraulinesteen tasoon tai ilmaan j\u00e4rjestelm\u00e4ss\u00e4. N\u00e4iden ongelmien nopea korjaaminen on olennaista toiminnan tehokkuuden yll\u00e4pit\u00e4miseksi.<\/p>\n<\/li>\n<li>\n<h3>Ep\u00e4tavalliset \u00e4\u00e4net<\/h3>\n<p>Ep\u00e4tavalliset \u00e4\u00e4net k\u00e4yt\u00f6n aikana voivat viitata sylinterin tai hydraulij\u00e4rjestelm\u00e4n mekaanisiin ongelmiin. Melun l\u00e4hteen tutkiminen voi auttaa tunnistamaan mahdolliset ongelmat, jotka vaativat v\u00e4lit\u00f6nt\u00e4 huomiota.<\/p>\n<\/li>\n<\/ul>\n<p><img decoding=\"async\" src=\"https:\/\/www.hydraulic-cylinders.net\/wp-content\/uploads\/2025\/04\/songte-bushings-with-all-kinds-of-excavator-models.webp\" alt=\"Kaivinkoneiden holkit\" \/><\/p>\n<h2>Johtop\u00e4\u00e4t\u00f6s<\/h2>\n<p>Yrityksemme on erikoistunut hydraulisten sylinterien valmistukseen ja tarjoaa kattavan tuotevalikoiman, joka tekee meist\u00e4 yhden johtavista valmistajista ja tukkukauppiaista sek\u00e4 kotimaisilla ett\u00e4 kansainv\u00e4lisill\u00e4 markkinoilla. Noudatamme erinomaista laatua hy\u00f6dynt\u00e4en hienostuneita valmistusstrategioita ja edistynytt\u00e4 teknologiaa. Sitoutumisemme valmistusalustamme jatkuvaan parantamiseen sek\u00e4 vahva innovaatiokykymme varmistavat, ett\u00e4 vastaamme monipuolisiin asiakastarpeisiin tehokkaasti, tarkasti ja laadukkaasti.<\/p>\n<p>Tarjoamme r\u00e4\u00e4t\u00e4l\u00f6ityj\u00e4 palveluita, yll\u00e4pid\u00e4mme kansainv\u00e4lisi\u00e4 sertifikaatteja ja tarjoamme vankkaa myynnin j\u00e4lkeist\u00e4 tukea, mik\u00e4 vahvistaa sitoutumistamme asiakastyytyv\u00e4isyyteen.<\/p>\n<p><img decoding=\"async\" src=\"https:\/\/www.hydraulic-cylinders.net\/wp-content\/uploads\/2025\/04\/songte-company-4.webp\" alt=\"Yrityskuva 4\" \/><br \/>\n<img decoding=\"async\" src=\"https:\/\/www.hydraulic-cylinders.net\/wp-content\/uploads\/2025\/04\/songte-company-3.webp\" alt=\"Yrityskuva 3\" \/><\/p>\n<p>Kirjoittaja: lyl<\/p>","protected":false},"excerpt":{"rendered":"<p>Boom Cylinder For Doosan Large Excavator DH340LC Product Overview The Boom Cylinder is an essential hydraulic component specifically designed for controlling the movement of the boom in heavy machinery, such as excavators, backhoe loaders, and front loaders. This cylinder enables the boom to lift, lower, and tilt, facilitating efficient material handling tasks. The bucket cylinder [&hellip;]<\/p>","protected":false},"featured_media":17881,"comment_status":"open","ping_status":"closed","template":"","meta":{"_et_pb_use_builder":"","_et_pb_old_content":"","_et_gb_content_width":""},"product_brand":[],"product_cat":[1546],"product_tag":[1547,1496],"class_list":{"0":"post-19014","1":"product","2":"type-product","3":"status-publish","4":"has-post-thumbnail","6":"product_cat-boom-cylinders","7":"product_tag-boom-cylinders","8":"product_tag-hydraulic-cylinders","10":"first","11":"instock","12":"shipping-taxable","13":"product-type-simple"},"amp_enabled":true,"_links":{"self":[{"href":"https:\/\/www.hydraulic-cylinders.net\/fi\/wp-json\/wp\/v2\/product\/19014","targetHints":{"allow":["GET"]}}],"collection":[{"href":"https:\/\/www.hydraulic-cylinders.net\/fi\/wp-json\/wp\/v2\/product"}],"about":[{"href":"https:\/\/www.hydraulic-cylinders.net\/fi\/wp-json\/wp\/v2\/types\/product"}],"replies":[{"embeddable":true,"href":"https:\/\/www.hydraulic-cylinders.net\/fi\/wp-json\/wp\/v2\/comments?post=19014"}],"wp:featuredmedia":[{"embeddable":true,"href":"https:\/\/www.hydraulic-cylinders.net\/fi\/wp-json\/wp\/v2\/media\/17881"}],"wp:attachment":[{"href":"https:\/\/www.hydraulic-cylinders.net\/fi\/wp-json\/wp\/v2\/media?parent=19014"}],"wp:term":[{"taxonomy":"product_brand","embeddable":true,"href":"https:\/\/www.hydraulic-cylinders.net\/fi\/wp-json\/wp\/v2\/product_brand?post=19014"},{"taxonomy":"product_cat","embeddable":true,"href":"https:\/\/www.hydraulic-cylinders.net\/fi\/wp-json\/wp\/v2\/product_cat?post=19014"},{"taxonomy":"product_tag","embeddable":true,"href":"https:\/\/www.hydraulic-cylinders.net\/fi\/wp-json\/wp\/v2\/product_tag?post=19014"}],"curies":[{"name":"wp","href":"https:\/\/api.w.org\/{rel}","templated":true}]}}