{"id":19027,"date":"2025-04-07T06:07:47","date_gmt":"2025-04-07T06:07:47","guid":{"rendered":"https:\/\/www.hydraulic-cylinders.net\/product\/boom-cylinder-for-hyundai-small-excavator-r60-7-9\/"},"modified":"2025-04-07T06:07:50","modified_gmt":"2025-04-07T06:07:50","slug":"boom-cylinder-for-hyundai-small-excavator-r60-7-9","status":"publish","type":"product","link":"https:\/\/www.hydraulic-cylinders.net\/fi\/tuote\/boom-cylinder-for-hyundai-small-excavator-r60-7-9\/","title":{"rendered":"Puomin sylinteri Hyundai-pienkaivukoneeseen R60-7-9"},"content":{"rendered":"<h1>Puomin sylinteri Hyundai-pienkaivukoneeseen R60-7-9<\/h1>\n<h2>Tuotteen yleiskatsaus<\/h2>\n<p>Hyundai R60-7-9 -pienkaivukoneen puomin sylinteri on t\u00e4rke\u00e4 hydrauliikkakomponentti, joka on suunniteltu parantamaan kaivinkoneiden toimivuutta. T\u00e4ll\u00e4 hydrauliikkasylinterill\u00e4 on t\u00e4rke\u00e4 rooli puomin liikkeen ohjaamisessa, mik\u00e4 mahdollistaa kauhan tehokkaan nostamisen, laskemisen ja kallistuksen. Kauhasylinterin k\u00e4ytt\u00f6 on olennaista erilaisissa raskaissa koneissa, sill\u00e4 se varmistaa sujuvan toiminnan ja optimaalisen suorituskyvyn materiaalink\u00e4sittelyteht\u00e4viss\u00e4.<\/p>\n<p><img decoding=\"async\" src=\"https:\/\/www.hydraulic-cylinders.net\/wp-content\/uploads\/2025\/04\/songte-company-1.webp\" alt=\"Puomin sylinteri Hyundai-pienkaivukoneelle\" \/><\/p>\n<h3>M\u00e4\u00e4ritelm\u00e4 ja toiminnallisuus<\/h3>\n<p>Kauhasylinteri, joka tunnetaan my\u00f6s puomisylinterin\u00e4, on hydraulinen sylinteri, joka on erityisesti suunniteltu ohjaamaan kauhojen liikett\u00e4 raskaissa koneissa, kuten kaivinkoneissa, kaivurikuormaajissa ja etukuormaajissa. Se mahdollistaa kauhan nostamisen, laskemisen ja kallistumisen, mik\u00e4 helpottaa materiaalien k\u00e4sittely\u00e4 tarkasti ja tehokkaasti. Hydraulij\u00e4rjestelm\u00e4 toimii k\u00e4ytt\u00e4m\u00e4ll\u00e4 paineistettua hydrauli\u00f6ljy\u00e4, jonka ansiosta sylinteri voi ty\u00f6nty\u00e4 ulos ja vet\u00e4yty\u00e4 tasaisesti, mik\u00e4 tarjoaa tarvittavan voiman raskaisiin nostoteht\u00e4viin.<\/p>\n<h2>Puomin sylinterin ominaisuudet<\/h2>\n<ul>\n<li><strong>Korkea lujuus ja kest\u00e4vyys:<\/strong> Valmistettu eritt\u00e4in lujasta ter\u00e4ksest\u00e4 tai alumiinista, kest\u00e4\u00e4 korkeaa painetta ja raskaita kuormia, suunniteltu kulumiskest\u00e4vyydeksi ja korroosiosuojaukseksi k\u00e4ytt\u00f6i\u00e4n pident\u00e4miseksi.<\/li>\n<li><strong>Tehokas hydraulinen k\u00e4ytt\u00f6:<\/strong> K\u00e4ytt\u00e4\u00e4 hydraulipainetta tasaisen teleskooppiliikkeen saavuttamiseksi, reagoi nopeasti ohjauskomentoihin ja tuottaa samalla tehokkaan ty\u00f6nt\u00f6- ja vetovoiman, mik\u00e4 sopii raskaiden ja monimutkaisten teht\u00e4vien k\u00e4sittelyyn.<\/li>\n<li><strong>Erilaisia \u200b\u200btyyppej\u00e4:<\/strong> Saatavilla yksitoimisina (hydraulisesti yhteen suuntaan) tai kaksitoimisina (hydraulisesti molempiin suuntiin) sylinterein\u00e4. Jotkut mallit ovat teleskooppisia, mik\u00e4 mahdollistaa suuremman jatkeen ilman ulkomittojen kasvua, mik\u00e4 sopii erinomaisesti ahtaisiin sovelluksiin.<\/li>\n<li><strong>Tarkkuustekniikka:<\/strong> Suunniteltu huolellisesti yksityiskohtia my\u00f6ten varmistaen optimaalisen suorituskyvyn ja pitk\u00e4n k\u00e4ytt\u00f6i\u00e4n erilaisissa k\u00e4ytt\u00f6olosuhteissa.<\/li>\n<li><strong>Yhteensopivuus:<\/strong> Tuotteemme voivat t\u00e4ydellisesti korvata olemassa olevat hydraulisylinterit ja vastata erilaisten koneiden ja sovellusten tarpeisiin.<\/li>\n<\/ul>\n<p><img decoding=\"async\" src=\"https:\/\/www.hydraulic-cylinders.net\/wp-content\/uploads\/2025\/04\/songte-cylinder-head-with-all-kinds-excavator-models.webp\" alt=\"Kaivinkoneen sylinterikansi\" \/><\/p>\n<h2>Sovellusskenaariot<\/h2>\n<h3>Rakennuslaitteet<\/h3>\n<p>Rakennuskoneissa puomin sylinteri\u00e4 k\u00e4ytet\u00e4\u00e4n kaivinkoneissa, joissa se on kriittisen t\u00e4rke\u00e4 kaivamisessa, lastaamisessa ja maaper\u00e4n tai roskien siirt\u00e4misess\u00e4. Sen avulla kauha tunkeutuu tehokkaasti maahan, mik\u00e4 parantaa kuljettajien hallintaa ja tehokkuutta ty\u00f6maalla. Kaivurikuormaajissa se auttaa sek\u00e4 kaivu- ett\u00e4 nostot\u00f6iss\u00e4, mik\u00e4 tekee siit\u00e4 monipuolisen ty\u00f6kalun erilaisiin rakennust\u00f6ihin.<\/p>\n<h3>Maatalouskoneet<\/h3>\n<p>Etukuormaajissa k\u00e4ytetty puomin sylinteri on v\u00e4ltt\u00e4m\u00e4t\u00f6n maaper\u00e4n, hein\u00e4n ja muiden materiaalien kaivamiseen, nostamiseen ja kuljettamiseen. Sen luotettava suorituskyky auttaa maanviljelij\u00f6it\u00e4 hallitsemaan teht\u00e4vi\u00e4\u00e4n tehokkaammin, mik\u00e4 v\u00e4hent\u00e4\u00e4 aikaa ja lis\u00e4\u00e4 maataloustoiminnan tuottavuutta.<\/p>\n<h3>Kaivinkoneet<\/h3>\n<p>Kauhan sylinteri mahdollistaa kaivinkoneiden kaivamisen, koska kauha tunkeutuu tehokkaasti maaper\u00e4\u00e4n. Sen hydraulinen teho on v\u00e4ltt\u00e4m\u00e4t\u00f6n syvien kaivausten suorittamiseksi, mik\u00e4 tekee siit\u00e4 korvaamattoman arvokkaan maanrakennus- ja maisemointiprojekteissa.<\/p>\n<h3>Kuormaajat<\/h3>\n<p>Etukuormaajissa puomin sylinterit auttavat kuormien tehokkaassa nostamisessa ja tyhjent\u00e4misess\u00e4. Niiden rakenne mahdollistaa nopean toiminnan, minimoi seisokkiajat ja parantaa kokonaistuottavuutta lastausteht\u00e4viss\u00e4.<\/p>\n<h2>Suunnittelun\u00e4k\u00f6kohdat ja valintakriteerit<\/h2>\n<h3>Kantavuus<\/h3>\n<p>Puomisylinteri\u00e4 valittaessa on eritt\u00e4in t\u00e4rke\u00e4\u00e4 ymm\u00e4rt\u00e4\u00e4 sen kuormituskapasiteetti. Sylinterin on oltava riitt\u00e4v\u00e4n mitoitettu kest\u00e4m\u00e4\u00e4n sen nostamien kuormien enimm\u00e4ispainon, mik\u00e4 varmistaa turvallisuuden ja tehokkuuden. Asianmukaiset kuormituslaskelmat ja valmistajan eritelmien noudattaminen auttavat est\u00e4m\u00e4\u00e4n ylikuormituksen ja mahdolliset viat k\u00e4yt\u00f6n aikana. Riitt\u00e4m\u00e4tt\u00f6m\u00e4n kuormituskapasiteetin omaava sylinteri voi rikkoutua vakavasti, mik\u00e4 voi johtaa vakaviin onnettomuuksiin ja kalliisiin seisokkeihin.<\/p>\n<h3>Tiivistyskyky<\/h3>\n<p>Tiivistys on hydraulisylintereiden kriittinen osa. Korkealaatuiset tiivisteet est\u00e4v\u00e4t hydraulinesteen vuodot, yll\u00e4pit\u00e4v\u00e4t painetta ja varmistavat optimaalisen suorituskyvyn. Tiivisteiden materiaalivalinnat, kuten polyuretaani tai nitriilikumi, vaikuttavat merkitt\u00e4v\u00e4sti sylinterin pitk\u00e4ik\u00e4isyyteen. Tehokas tiivistys v\u00e4hent\u00e4\u00e4 my\u00f6s yll\u00e4pitokustannuksia, sill\u00e4 vuodot voivat johtaa nesteh\u00e4vi\u00f6\u00f6n ja tehokkuuden heikkenemiseen, mik\u00e4 edellytt\u00e4\u00e4 usein teht\u00e4vi\u00e4 tarkastuksia ja korjauksia.<\/p>\n<h3>Kest\u00e4vyys<\/h3>\n<p>Kest\u00e4vyys on olennaista, erityisesti vaativissa ymp\u00e4rist\u00f6iss\u00e4. Sylinterin materiaalien ja rakenteen tulee kest\u00e4\u00e4 korkeaa painetta, kulumista ja ymp\u00e4rist\u00f6tekij\u00f6it\u00e4, kuten kosteutta ja l\u00e4mp\u00f6tilan vaihteluita. Kest\u00e4vist\u00e4 materiaaleista valmistettuihin sylintereihin investoiminen parantaa pitk\u00e4ik\u00e4isyytt\u00e4 ja v\u00e4hent\u00e4\u00e4 vaihtotarvetta, mik\u00e4 s\u00e4\u00e4st\u00e4\u00e4 lopulta kustannuksia ajan my\u00f6t\u00e4. Kest\u00e4vyys ei vaikuta ainoastaan \u200b\u200btuotteen k\u00e4ytt\u00f6ik\u00e4\u00e4n, vaan my\u00f6s sen yleiseen toiminnalliseen tehokkuuteen.<\/p>\n<h3>Turvaominaisuudet<\/h3>\n<p>Turvallisuus on ensiarvoisen t\u00e4rke\u00e4\u00e4 kaikissa hydraulisissa sovelluksissa. Suunnittelun tulisi sis\u00e4lt\u00e4\u00e4 ominaisuuksia, jotka est\u00e4v\u00e4t vahingossa tapahtuvan irtoamisen ja varmistavat asianmukaisen toiminnan erilaisissa olosuhteissa. T\u00e4h\u00e4n sis\u00e4ltyy paineenalennusj\u00e4rjestelmien ja vikasietolaitteiden huomioiminen, jotka suojaavat sek\u00e4 koneistoa ett\u00e4 k\u00e4ytt\u00e4j\u00e4\u00e4. Turvatoimenpiteiden varmistaminen voi est\u00e4\u00e4 onnettomuuksia ja edist\u00e4\u00e4 turvallisempaa ty\u00f6ymp\u00e4rist\u00f6\u00e4.<\/p>\n<h3>Huolto Esteett\u00f6myys<\/h3>\n<p>Lopuksi on otettava huomioon huollon helppous. Sylinterin rakenteen tulisi mahdollistaa tiivisteiden ja muiden komponenttien helppo p\u00e4\u00e4sy s\u00e4\u00e4nn\u00f6llisi\u00e4 tarkastuksia ja vaihtoja varten. Huoltomenettelyjen yksinkertaistaminen v\u00e4hent\u00e4\u00e4 seisokkiaikoja ja parantaa toiminnan tehokkuutta. S\u00e4\u00e4nn\u00f6llinen huolto on ratkaisevan t\u00e4rke\u00e4\u00e4 mahdollisten ongelmien tunnistamiseksi varhaisessa vaiheessa ja pitk\u00e4n aikav\u00e4lin luotettavuuden varmistamiseksi.<\/p>\n<p><img decoding=\"async\" src=\"https:\/\/www.hydraulic-cylinders.net\/wp-content\/uploads\/2025\/04\/songte-oil-pipes-and-spare-parts.webp\" alt=\"Hydraulisylinterin varaosat\" \/><\/p>\n<h2>Tiivistys ja voitelu<\/h2>\n<p>Tehokas tiivistys ja voitelu ovat elint\u00e4rkeit\u00e4 hydraulisylinterien suorituskyvyn kannalta. Erilaiset tiivisteet, kuten m\u00e4nn\u00e4ntiivisteet ja varren tiivisteet, ovat avainasemassa vuotojen est\u00e4misess\u00e4 ja paineen yll\u00e4pit\u00e4misess\u00e4. Kest\u00e4vien materiaalien, kuten polyuretaanin ja nitriilikumin, valitseminen tiivisteille parantaa niiden kest\u00e4vyytt\u00e4 kulumista ja ymp\u00e4rist\u00f6n vaikutuksia vastaan. Lis\u00e4ksi sylinterin runko ja kierteitetyt p\u00e4\u00e4t tulee k\u00e4sitell\u00e4 hienos\u00e4\u00e4t\u00f6isesti kulumiskest\u00e4vyyden parantamiseksi. Sopivan hydrauli\u00f6ljyn s\u00e4\u00e4nn\u00f6llinen lis\u00e4\u00e4minen voiteluun on ratkaisevan t\u00e4rke\u00e4\u00e4, koska se v\u00e4hent\u00e4\u00e4 kitkaa ja varmistaa tasaisen toiminnan, mik\u00e4 pident\u00e4\u00e4 hydraulij\u00e4rjestelm\u00e4n k\u00e4ytt\u00f6ik\u00e4\u00e4.<\/p>\n<h2>Ennaltaehk\u00e4isev\u00e4t huoltotoimenpiteet<\/h2>\n<ul>\n<li><strong>S\u00e4\u00e4nn\u00f6lliset tarkastukset:<\/strong> Suorita hydraulij\u00e4rjestelm\u00e4n rutiinitarkastukset vuotojen, kulumisen ja muiden ongelmien tunnistamiseksi ennen kuin ne pahenevat. T\u00e4m\u00e4 ennakoiva l\u00e4hestymistapa minimoi odottamattomat seisokkiajat ja kalliit korjaukset.<\/li>\n<li><strong>Asianmukainen voitelu:<\/strong> Varmista, ett\u00e4 hydrauliikka\u00f6ljyn taso on optimaalinen ja oikeanlaista. Liikkuvien osien s\u00e4\u00e4nn\u00f6llinen voitelu v\u00e4hent\u00e4\u00e4 kitkaa ja pident\u00e4\u00e4 sylinterin k\u00e4ytt\u00f6ik\u00e4\u00e4.<\/li>\n<li><strong>Tiivisteen vaihto:<\/strong> Tarkkaile ja vaihda tiivisteet tarvittaessa vuotojen est\u00e4miseksi ja tehokkuuden yll\u00e4pit\u00e4miseksi. S\u00e4\u00e4nn\u00f6lliset tiivisteiden tarkastukset voivat auttaa v\u00e4ltt\u00e4m\u00e4\u00e4n merkitt\u00e4vi\u00e4 hydraulisia vikoja.<\/li>\n<\/ul>\n<h2>Oikeat asennusohjeet<\/h2>\n<p>Puomisylinterin oikea asennus on ratkaisevan t\u00e4rke\u00e4\u00e4 sen suorituskyvyn ja pitk\u00e4n k\u00e4ytt\u00f6i\u00e4n kannalta. Aloita varmistamalla, ett\u00e4 kaikki komponentit ovat puhtaita ja roskista vapaita, jotta hydrauliikkaj\u00e4rjestelm\u00e4 ei likaannu. Kohdista sylinteri oikein kiinnityspisteisiin ja kiinnit\u00e4 se paikalleen sopivilla kiinnikkeill\u00e4. K\u00e4yt\u00e4 oikeita kiristysmomentteja kaikkiin kiinnittimiin, jotta ne eiv\u00e4t l\u00f6ysty k\u00e4yt\u00f6n aikana. Tarkista aina hydrauliikkaliit\u00e4nn\u00e4t vuotojen varalta ennen koneen k\u00e4ynnist\u00e4mist\u00e4. Valmistajan asennusohjeiden noudattaminen varmistaa optimaalisen suorituskyvyn ja auttaa yll\u00e4pit\u00e4m\u00e4\u00e4n hydrauliikkaj\u00e4rjestelm\u00e4n eheytt\u00e4 koko sen k\u00e4ytt\u00f6i\u00e4n ajan.<\/p>\n<h2>Yleiset huoltoteht\u00e4v\u00e4t<\/h2>\n<ul>\n<li><strong>S\u00e4\u00e4nn\u00f6lliset tarkastukset:<\/strong> Rutiinitarkastukset ovat v\u00e4ltt\u00e4m\u00e4tt\u00f6mi\u00e4 mahdollisten ongelmien havaitsemiseksi varhaisessa vaiheessa. Tarkista tiivisteet, letkut ja liitokset kulumisen tai vaurioiden varalta. V\u00e4lit\u00f6n huomioiminen mahdollisiin ep\u00e4s\u00e4\u00e4nn\u00f6llisyyksiin voi est\u00e4\u00e4 vakavia ongelmia my\u00f6hemmin.<\/li>\n<li><strong>Oikea voitelu:<\/strong> K\u00e4yt\u00e4 s\u00e4\u00e4nn\u00f6llisesti suositeltua hydrauliikka\u00f6ljy\u00e4 varmistaaksesi sujuvan toiminnan. Oikea voitelu minimoi kulumisen ja pident\u00e4\u00e4 sylinterin k\u00e4ytt\u00f6ik\u00e4\u00e4, mik\u00e4 v\u00e4hent\u00e4\u00e4 huoltokustannuksia.<\/li>\n<li><strong>Tiivisteen vaihto:<\/strong> Tarkkaile tiivisteiden kuntoa s\u00e4\u00e4nn\u00f6llisesti. Kuluneiden tiivisteiden nopea vaihtaminen est\u00e4\u00e4 vuodot, jotka voivat johtaa suorituskykyongelmiin ja ymp\u00e4rist\u00f6vaaroihin. Varmista, ett\u00e4 vaihto-osat ovat korkealaatuisia ja yhteensopivia sylinterin kanssa.<\/li>\n<\/ul>\n<p><img decoding=\"async\" src=\"https:\/\/www.hydraulic-cylinders.net\/wp-content\/uploads\/2025\/04\/songte-chushion-collar.webp\" alt=\"Tyynykaulus\" \/><\/p>\n<h2>Turvallisuusn\u00e4k\u00f6kohdat ja ymp\u00e4rist\u00f6tekij\u00e4t<\/h2>\n<p>Hydraulisylintereit\u00e4 k\u00e4ytett\u00e4ess\u00e4 turvatoimenpiteet ovat ensiarvoisen t\u00e4rkeit\u00e4. Hydraulij\u00e4rjestelmien k\u00e4sittelyyn liittyv\u00e4 asianmukainen koulutus voi v\u00e4hent\u00e4\u00e4 merkitt\u00e4v\u00e4sti onnettomuuksiin liittyvi\u00e4 riskej\u00e4. On t\u00e4rke\u00e4\u00e4 varmistaa, ett\u00e4 k\u00e4ytt\u00e4j\u00e4t ymm\u00e4rt\u00e4v\u00e4t j\u00e4rjestelm\u00e4n parametrit ja rajoitukset, jotta ty\u00f6ymp\u00e4rist\u00f6 on turvallinen. Lis\u00e4ksi on otettava huomioon ymp\u00e4rist\u00f6tekij\u00e4t, kuten nestevuodot, jotka voivat vahingoittaa ekosysteemej\u00e4. Hydraulinesteiden hallinnan parhaiden k\u00e4yt\u00e4nt\u00f6jen toteuttaminen auttaa minimoimaan ymp\u00e4rist\u00f6vaikutuksia, varmistamaan m\u00e4\u00e4r\u00e4ysten noudattamisen ja edist\u00e4m\u00e4\u00e4n kest\u00e4v\u00e4\u00e4 kehityst\u00e4.<\/p>\n<h2>Vianm\u00e4\u00e4ritys ja yleiset ongelmat<\/h2>\n<ul>\n<li><strong>Vuoto:<\/strong> Usein johtuu kuluneista tiivisteist\u00e4 tai vaurioituneista letkuista. Tiivisteiden ja letkujen s\u00e4\u00e4nn\u00f6llinen tarkastus voi auttaa tunnistamaan mahdolliset vuodot varhaisessa vaiheessa.<\/li>\n<li><strong>Suorituskykyongelmat:<\/strong> Suorituskyvyn heikkeneminen voi viitata nesteen likaantumiseen tai alhaisiin hydrauliikka\u00f6ljyn tasoihin. Nesteen laadun ja tasojen s\u00e4\u00e4nn\u00f6llinen seuranta on v\u00e4ltt\u00e4m\u00e4t\u00f6nt\u00e4 optimaalisen suorituskyvyn saavuttamiseksi.<\/li>\n<li><strong>Melu:<\/strong> Ep\u00e4tavalliset \u00e4\u00e4net k\u00e4yt\u00f6n aikana voivat olla merkki hydraulij\u00e4rjestelm\u00e4ss\u00e4 olevasta ilmasta tai mekaanisista ongelmista. Melun l\u00e4hteen nopea tunnistaminen voi est\u00e4\u00e4 lis\u00e4ongelmia.<\/li>\n<\/ul>\n<h2>Vianm\u00e4\u00e4ritysvinkkej\u00e4<\/h2>\n<p>Puomisylinterin ongelmien tehokkaan diagnosoinnin ja ratkaisemisen kannalta on t\u00e4rke\u00e4\u00e4 pit\u00e4\u00e4 selke\u00e4\u00e4 kirjaa kaikista huoltotoimista. Hydraulij\u00e4rjestelm\u00e4n suorituskyvyn ja k\u00e4ytt\u00e4ytymisen seuranta voi auttaa tunnistamaan nopeasti kulumisen tai toimintah\u00e4iri\u00f6iden merkit. Ennaltaehk\u00e4isevien toimenpiteiden, kuten rutiinitarkastusten ja tiivisteiden ja letkujen oikea-aikaisen vaihdon, toteuttaminen voi v\u00e4hent\u00e4\u00e4 merkitt\u00e4v\u00e4sti mahdollisten ongelmien esiintymist\u00e4. S\u00e4\u00e4nn\u00f6llisen huoltoaikataulun laatiminen varmistaa, ett\u00e4 j\u00e4rjestelm\u00e4 pysyy optimaalisessa kunnossa ja auttaa v\u00e4ltt\u00e4m\u00e4\u00e4n kalliita korjauksia tulevaisuudessa.<\/p>\n<p><img decoding=\"async\" src=\"https:\/\/www.hydraulic-cylinders.net\/wp-content\/uploads\/2025\/04\/songte-bushings-with-all-kinds-of-excavator-models.webp\" alt=\"Kaivinkoneen holkit\" \/><\/p>\n<h2>Tietoa yrityksest\u00e4mme<\/h2>\n<p>Olemme korvaavien hydraulisylintereiden valmistaja ja tarjoamme kattavan valikoiman tuotteita, jotka ovat tehneet meist\u00e4 yhden johtavista valmistajista ja tukkumyyjist\u00e4 sek\u00e4 kotimaisilla ett\u00e4 kansainv\u00e4lisill\u00e4 markkinoilla. Noudatamme erinomaista laatua ja luotamme hienostuneeseen valmistuksen hallintastrategiaan. Yrityksemme parantaa jatkuvasti tuotantoalustaansa k\u00e4ytt\u00e4m\u00e4ll\u00e4 edistynytt\u00e4 teknologiaa, huippuluokan valmistuslaitteita ja ammattimaisia \u200b\u200btestausj\u00e4rjestelmi\u00e4 varmistaen, ett\u00e4 t\u00e4yt\u00e4mme asiakkaidemme monipuoliset tarpeet tehokkaasti, tarkasti ja laadukkaasti.<\/p>\n<h3>Ammattitaito ja sertifiointi<\/h3>\n<p>Sitoutumisemme ammattitaitoon n\u00e4kyy kansainv\u00e4lisiss\u00e4 sertifikaateissamme, jotka varmistavat, ett\u00e4 tuotteemme t\u00e4ytt\u00e4v\u00e4t maailmanlaajuiset standardit. T\u00e4m\u00e4 sitoutuminen laatuun vahvistaa mainettamme ja vakuuttaa asiakkaillemme tuotteidemme luotettavuudesta.<\/p>\n<h3>R\u00e4\u00e4t\u00e4l\u00f6idyt palvelut<\/h3>\n<p>Tarjoamme r\u00e4\u00e4t\u00e4l\u00f6ityj\u00e4 ratkaisuja vastaamaan asiakkaiden erityisvaatimuksia varmistaen, ett\u00e4 jokainen tuote vastaa erilaisten sovellusten ainutlaatuisia tarpeita. Suunnittelutiimimme tekee tiivist\u00e4 yhteisty\u00f6t\u00e4 asiakkaiden kanssa kehitt\u00e4\u00e4kseen r\u00e4\u00e4t\u00e4l\u00f6ityj\u00e4 hydraulisylintereit\u00e4, jotka parantavat suorituskyky\u00e4 ja tehokkuutta.<\/p>\n<h3>Edistyneet valmistuslaitteet<\/h3>\n<p>Huippuluokan tuotantolaitteiden k\u00e4ytt\u00f6 mahdollistaa korkeiden tuotantostandardien yll\u00e4pit\u00e4misen ja tiukkojen laadunvalvontatoimenpiteiden noudattamisen. Teknologiainvestointimme mahdollistavat luotettavien ja kest\u00e4vien hydraulisylintereiden valmistuksen, jotka ylitt\u00e4v\u00e4t asiakkaiden odotukset.<\/p>\n<h3>Myynnin j\u00e4lkeinen palvelu<\/h3>\n<p>Olemme ylpeit\u00e4 poikkeuksellisesta j\u00e4lkimarkkinointipalvelustamme, joka varmistaa asiakkaillemme jatkuvan tuen my\u00f6s oston j\u00e4lkeen. Omistautunut huoltotiimimme on aina k\u00e4ytett\u00e4viss\u00e4 auttamaan kaikissa tiedusteluissa, huolto-ohjeissa tai vianetsint\u00e4tarpeissa.<\/p>\n<p><img decoding=\"async\" src=\"https:\/\/www.hydraulic-cylinders.net\/wp-content\/uploads\/2025\/04\/songte-company-4.webp\" alt=\"Yrityksen yleiskatsaus\" \/><br \/>\n<img decoding=\"async\" src=\"https:\/\/www.hydraulic-cylinders.net\/wp-content\/uploads\/2025\/04\/songte-company-3.webp\" alt=\"Yrityksen toimitila\" \/><\/p>\n<p>Kirjoittaja: lyl<\/p>","protected":false},"excerpt":{"rendered":"<p>Boom Cylinder For Hyundai Small Excavator R60-7-9 Product Overview The Boom Cylinder for Hyundai Small Excavator R60-7-9 is a crucial hydraulic component designed to enhance the functionality of excavators. This hydraulic cylinder plays a vital role in controlling the movement of the boom, allowing for efficient lifting, lowering, and tilting of the bucket. The application [&hellip;]<\/p>","protected":false},"featured_media":17879,"comment_status":"open","ping_status":"closed","template":"","meta":{"_et_pb_use_builder":"","_et_pb_old_content":"","_et_gb_content_width":""},"product_brand":[],"product_cat":[1546],"product_tag":[1547,1496],"class_list":{"0":"post-19027","1":"product","2":"type-product","3":"status-publish","4":"has-post-thumbnail","6":"product_cat-boom-cylinders","7":"product_tag-boom-cylinders","8":"product_tag-hydraulic-cylinders","10":"first","11":"instock","12":"shipping-taxable","13":"product-type-simple"},"amp_enabled":true,"_links":{"self":[{"href":"https:\/\/www.hydraulic-cylinders.net\/fi\/wp-json\/wp\/v2\/product\/19027","targetHints":{"allow":["GET"]}}],"collection":[{"href":"https:\/\/www.hydraulic-cylinders.net\/fi\/wp-json\/wp\/v2\/product"}],"about":[{"href":"https:\/\/www.hydraulic-cylinders.net\/fi\/wp-json\/wp\/v2\/types\/product"}],"replies":[{"embeddable":true,"href":"https:\/\/www.hydraulic-cylinders.net\/fi\/wp-json\/wp\/v2\/comments?post=19027"}],"wp:featuredmedia":[{"embeddable":true,"href":"https:\/\/www.hydraulic-cylinders.net\/fi\/wp-json\/wp\/v2\/media\/17879"}],"wp:attachment":[{"href":"https:\/\/www.hydraulic-cylinders.net\/fi\/wp-json\/wp\/v2\/media?parent=19027"}],"wp:term":[{"taxonomy":"product_brand","embeddable":true,"href":"https:\/\/www.hydraulic-cylinders.net\/fi\/wp-json\/wp\/v2\/product_brand?post=19027"},{"taxonomy":"product_cat","embeddable":true,"href":"https:\/\/www.hydraulic-cylinders.net\/fi\/wp-json\/wp\/v2\/product_cat?post=19027"},{"taxonomy":"product_tag","embeddable":true,"href":"https:\/\/www.hydraulic-cylinders.net\/fi\/wp-json\/wp\/v2\/product_tag?post=19027"}],"curies":[{"name":"wp","href":"https:\/\/api.w.org\/{rel}","templated":true}]}}