{"id":19087,"date":"2025-04-07T06:12:12","date_gmt":"2025-04-07T06:12:12","guid":{"rendered":"https:\/\/www.hydraulic-cylinders.net\/product\/boom-cylinder-for-kobelco-large-excavator-sk310\/"},"modified":"2025-04-07T06:12:14","modified_gmt":"2025-04-07T06:12:14","slug":"boom-cylinder-for-kobelco-large-excavator-sk310","status":"publish","type":"product","link":"https:\/\/www.hydraulic-cylinders.net\/fi\/tuote\/boom-cylinder-for-kobelco-large-excavator-sk310\/","title":{"rendered":"Kobelco-kaivukoneen SK310 puomin sylinteri"},"content":{"rendered":"<h1>Kobelco-kaivukoneen SK310 puomin sylinteri<\/h1>\n<h2>Johdatus puomin sylinteriin<\/h2>\n<p>Puomin sylinteri on hydrauliikkaj\u00e4rjestelmien t\u00e4rke\u00e4 osa, ja se on erityisesti suunniteltu ohjaamaan kauhan liikett\u00e4 raskaissa koneissa, kuten kaivinkoneissa, traktorikaivureissa ja etukuormaajissa. T\u00e4m\u00e4 hydraulisylinteri mahdollistaa kauhan nostamisen, laskemisen ja kallistuksen, mik\u00e4 helpottaa tehokasta materiaalink\u00e4sittely\u00e4. Kobelco Large Excavator SK310 -kaivukoneen yhteydess\u00e4 puomin sylinterill\u00e4 on keskeinen rooli koneen suorituskyvyn ja toimintakyvyn parantamisessa.<\/p>\n<p><img decoding=\"async\" src=\"https:\/\/www.hydraulic-cylinders.net\/wp-content\/uploads\/2025\/04\/songte-company-1.webp\" alt=\"Puomin sylinterin kuva\" \/><\/p>\n<h2>Puomin sylinterin ominaisuudet<\/h2>\n<ul>\n<li><strong>Korkea lujuus ja kest\u00e4vyys:<\/strong> Se on valmistettu eritt\u00e4in lujasta ter\u00e4ksest\u00e4 tai alumiinista, joten se kest\u00e4\u00e4 korkeaa painetta ja raskaita kuormia. Se on suunniteltu kest\u00e4m\u00e4\u00e4n vaativia ty\u00f6ymp\u00e4rist\u00f6j\u00e4 ja sen k\u00e4ytt\u00f6i\u00e4n pident\u00e4miseksi on otettu huomioon kulumiskest\u00e4vyys ja korroosionkest\u00e4vyys.<\/li>\n<li><strong>Tehokas hydraulinen k\u00e4ytt\u00f6:<\/strong> K\u00e4ytt\u00e4\u00e4 hydrauli\u00f6ljyn painetta tasaisen pidennyksen ja sis\u00e4\u00e4nvedon saavuttamiseksi, reagoi nopeasti ohjauskomentoihin ja tarjoaa voimakkaan ty\u00f6nt\u00f6- ja vetovoiman, mik\u00e4 sopii raskaiden esineiden k\u00e4sittelyyn ja monimutkaisiin teht\u00e4viin.<\/li>\n<li><strong>Erilaisia \u200b\u200btyyppej\u00e4:<\/strong> Saatavilla yksitoimisina (hydraulisesti yhteen suuntaan) tai kaksitoimisina (hydraulisesti molempiin suuntiin) sylinterein\u00e4 vaihtelevien k\u00e4ytt\u00f6tarpeiden t\u00e4ytt\u00e4miseksi. Jotkut mallit ovat teleskooppisia, mik\u00e4 mahdollistaa suuremman jatkeen ilman ulkomittojen kasvua, mik\u00e4 sopii erinomaisesti ahtaisiin sovelluksiin.<\/li>\n<\/ul>\n<p>Tuotteemme voivat t\u00e4ydellisesti korvata n\u00e4m\u00e4 hydraulisylinterit varmistaen korkean yhteensopivuuden ja suorituskyvyn.<\/p>\n<p><img decoding=\"async\" src=\"https:\/\/www.hydraulic-cylinders.net\/wp-content\/uploads\/2025\/04\/songte-cylinder-head-with-all-kinds-excavator-models.webp\" alt=\"Kobelco-kaivinkonemallit\" \/><\/p>\n<h2>Puomisylinterin sovellukset<\/h2>\n<h3>Rakennuslaitteet<\/h3>\n<p>Kaivinkoneissa puomisylinterit ovat v\u00e4ltt\u00e4m\u00e4tt\u00f6mi\u00e4 kaivamiseen, lastaamiseen ja maan tai roskien siirt\u00e4miseen. Ne tarjoavat tarvittavan voiman maan tunkeutumiseen, mik\u00e4 tekee kaivut\u00f6ist\u00e4 tehokkaita. Kaivurikuormaajissa kauhan sylinteri helpottaa sek\u00e4 kaivamista ett\u00e4 nostamista, mik\u00e4 tekee siit\u00e4 monipuolisen ty\u00f6kalun rakennusty\u00f6mailla.<\/p>\n<h3>Maatalouskoneet<\/h3>\n<p>Etukuormaajissa puomisylintereit\u00e4 k\u00e4ytet\u00e4\u00e4n maan, hein\u00e4n ja muiden materiaalien kauhaukseen, nostamiseen ja kuljettamiseen. Ne parantavat maataloust\u00f6iden tuottavuutta mahdollistamalla nopean ja tehokkaan materiaalink\u00e4sittelyn.<\/p>\n<h3>Kaivinkoneet<\/h3>\n<p>Kaivinkoneissa puomin sylinteri mahdollistaa kauhan tunkeutumisen maaper\u00e4\u00e4n, mik\u00e4 mahdollistaa tehokkaan kaivun. Sen rakenne varmistaa, ett\u00e4 jopa kovia materiaaleja voidaan siirt\u00e4\u00e4 helposti, mik\u00e4 lis\u00e4\u00e4 merkitt\u00e4v\u00e4sti kaivun tuottavuutta.<\/p>\n<h3>Kuormaajat<\/h3>\n<p>Etukuormaajissa puomisylinterit auttavat kuormien tehokkaassa nostamisessa ja tyhjent\u00e4misess\u00e4. Niiden kyky tarjota vahva nostokapasiteetti on ratkaisevan t\u00e4rke\u00e4\u00e4 irtomateriaalien k\u00e4sittelyss\u00e4, mik\u00e4 varmistaa sujuvan ja nopean toiminnan.<\/p>\n<h2>Suunnittelun\u00e4k\u00f6kohdat ja valintakriteerit<\/h2>\n<h3>Kantavuus<\/h3>\n<p>Puomisylinteri\u00e4 suunniteltaessa yksi t\u00e4rkeimmist\u00e4 huomioista on sen kuormituskapasiteetti. Sylinterin on kyett\u00e4v\u00e4 k\u00e4sittelem\u00e4\u00e4n k\u00e4yt\u00f6n aikana odotettavissa oleva enimm\u00e4iskuorma. T\u00e4m\u00e4 edellytt\u00e4\u00e4 sylinterin koon, materiaalin lujuuden ja hydraulisen paineen ominaisuuksien huolellista laskemista turvallisuuden ja tehokkuuden varmistamiseksi raskaissa olosuhteissa.<\/p>\n<h3>Tiivistyskyky<\/h3>\n<p>Tiivistys on toinen t\u00e4rke\u00e4 osa puomin sylinterin suunnittelua. Asianmukainen tiivistys est\u00e4\u00e4 hydraulinesteen vuotamisen, mik\u00e4 voi heikent\u00e4\u00e4 hydraulij\u00e4rjestelm\u00e4n tehokkuutta. Kest\u00e4vist\u00e4 materiaaleista, kuten polyuretaanista tai nitriilikumista, valmistetut korkealaatuiset tiivisteet ovat v\u00e4ltt\u00e4m\u00e4tt\u00f6mi\u00e4 sylinterin suorituskyvyn yll\u00e4pit\u00e4miseksi ajan kuluessa, mik\u00e4 varmistaa pitk\u00e4n k\u00e4ytt\u00f6i\u00e4n ja luotettavuuden.<\/p>\n<h3>Kest\u00e4vyys<\/h3>\n<p>Kest\u00e4vyys on elint\u00e4rke\u00e4\u00e4 hydraulisylintereille, erityisesti vaativissa ymp\u00e4rist\u00f6iss\u00e4. K\u00e4ytettyjen materiaalien tulee olla kulutusta ja korroosiota kest\u00e4vi\u00e4, ja suunnittelussa on otettava huomioon k\u00e4yt\u00f6n aikana mahdollisesti esiintyv\u00e4t iskut ja rasitukset. Pintak\u00e4sittelyjen toteuttaminen ja korkealaatuisten materiaalien k\u00e4ytt\u00f6 voivat parantaa kest\u00e4vyytt\u00e4 merkitt\u00e4v\u00e4sti.<\/p>\n<h3>Turvaominaisuudet<\/h3>\n<p>Turvallisuus on ensiarvoisen t\u00e4rke\u00e4\u00e4 hydraulisylintereiden suunnittelussa. Turvaominaisuuksien, kuten paineenalennusventtiilien ja kest\u00e4vien vikasietolaitteiden, sis\u00e4llytt\u00e4minen voi est\u00e4\u00e4 katastrofaaliset viat k\u00e4yt\u00f6n aikana. Sylinterin t\u00e4ytt\u00e4minen alan turvallisuusstandardien mukaisesti on t\u00e4rke\u00e4\u00e4 sek\u00e4 koneen ett\u00e4 k\u00e4ytt\u00e4j\u00e4n suojaamiseksi.<\/p>\n<h3>Huolto Esteett\u00f6myys<\/h3>\n<p>Hydraulisylinterien suunnittelussa on my\u00f6s t\u00e4rke\u00e4\u00e4, ett\u00e4 ne on helppo huoltaa. Tarkastusten, voitelun ja mahdollisten korjausten helppo saavutettavuus voi v\u00e4hent\u00e4\u00e4 huomattavasti seisokkiaikoja ja huoltokustannuksia. Huolellisesti suunnitellut suunnitteluvalinnat, kuten irrotettavat p\u00e4\u00e4tykappaleet ja helposti saatavilla olevat tiivisteiden vaihtovaihtoehdot, edist\u00e4v\u00e4t tehokkaampia huoltok\u00e4yt\u00e4nt\u00f6j\u00e4.<\/p>\n<p><img decoding=\"async\" src=\"https:\/\/www.hydraulic-cylinders.net\/wp-content\/uploads\/2025\/04\/songte-oil-pipes-and-spare-parts.webp\" alt=\"Hydrauliset komponentit\" \/><\/p>\n<h2>Sylinterin tiivistys ja voitelu<\/h2>\n<p>Puomin sylinterin tiivistys- ja voiteluj\u00e4rjestelm\u00e4 on ratkaisevan t\u00e4rke\u00e4 sen suorituskyvyn ja pitk\u00e4ik\u00e4isyyden kannalta. Hydrauli\u00f6ljyn vuotojen est\u00e4miseksi k\u00e4ytet\u00e4\u00e4n erilaisia \u200b\u200btiivistyskomponentteja, kuten m\u00e4nn\u00e4ntiivisteit\u00e4 ja varren tiivisteit\u00e4. Kulutusta kest\u00e4vist\u00e4 materiaaleista, kuten polyuretaanista ja nitriilikumista, valmistettuja tiivisteit\u00e4 k\u00e4ytet\u00e4\u00e4n yleisesti kest\u00e4vyyden ja pitk\u00e4ik\u00e4isyyden parantamiseksi.<\/p>\n<p>Lis\u00e4ksi sylinterin runko ja kierteitetyt p\u00e4\u00e4typinnat k\u00e4sitell\u00e4\u00e4n hienovaraisesti kulumiskest\u00e4vyyden parantamiseksi. S\u00e4\u00e4nn\u00f6llinen oikean m\u00e4\u00e4r\u00e4n hydrauli\u00f6ljyn lis\u00e4\u00e4minen voiteluun on v\u00e4ltt\u00e4m\u00e4t\u00f6nt\u00e4 sujuvan toiminnan yll\u00e4pit\u00e4miseksi ja sis\u00e4isten komponenttien ennenaikaisen kulumisen est\u00e4miseksi. Asianmukainen voitelu v\u00e4hent\u00e4\u00e4 kitkaa, est\u00e4\u00e4 ylikuumenemisen ja varmistaa hydraulisen tehon tehokkaan siirron.<\/p>\n<h2>S\u00e4\u00e4nn\u00f6llinen tarkastus ja ennaltaehk\u00e4isev\u00e4 huolto<\/h2>\n<ul>\n<li><strong>S\u00e4\u00e4nn\u00f6lliset tarkastukset:<\/strong> Puomisylinterin s\u00e4\u00e4nn\u00f6lliset tarkastukset ovat ratkaisevan t\u00e4rkeit\u00e4 mahdollisten ongelmien tunnistamiseksi ennen niiden pahenemista. Tarkista kulumisen merkit, vuodot ja tiivisteiden asianmukainen toiminta. Oikea-aikaiset tarkastukset auttavat est\u00e4m\u00e4\u00e4n kalliita korjauksia ja varmistamaan, ett\u00e4 sylinteri toimii optimaalisesti.<\/li>\n<li><strong>Asianmukainen voitelu:<\/strong> Varmista, ett\u00e4 puomin sylinteri on voideltu oikeantyyppisell\u00e4 ja -m\u00e4\u00e4r\u00e4isell\u00e4 hydrauli\u00f6ljyll\u00e4. Riitt\u00e4m\u00e4t\u00f6n voitelu voi johtaa lis\u00e4\u00e4ntyneeseen kitkaan, ylikuumenemiseen ja lopulta vikaantumiseen. Laadi huolto-ohjelma uudelleenvoitelulle k\u00e4ytt\u00f6tapojen ja ymp\u00e4rist\u00f6olosuhteiden perusteella.<\/li>\n<li><strong>Tiivisteiden vaihto ja kalibrointitarkastukset:<\/strong> Vaihda tiivisteet s\u00e4\u00e4nn\u00f6llisesti tehokkaan tiiviyden yll\u00e4pit\u00e4miseksi ja vuotojen est\u00e4miseksi. Lis\u00e4ksi kalibrointitarkastukset varmistavat, ett\u00e4 sylinteri toimii suositeltujen parametrien mukaisesti, mik\u00e4 edist\u00e4\u00e4 turvallisuutta ja tehokkuutta.<\/li>\n<\/ul>\n<p>Oikeat asennustekniikat ovat elint\u00e4rkeit\u00e4 puomin sylinterin pitk\u00e4ik\u00e4isyyden ja tehokkuuden varmistamiseksi. Aloita kohdistamalla sylinteri oikein asennuksen aikana, jotta komponentteihin ei kohdistu tarpeetonta rasitusta. Oikeiden kiinnitystelineiden k\u00e4ytt\u00f6 voi auttaa kiinnitt\u00e4m\u00e4\u00e4n sylinterin tehokkaasti. Noudata suositeltuja tarkastus-, korjaus- ja vaihto-ohjeita sylinterin suorituskyvyn yll\u00e4pit\u00e4miseksi. Kunnostuspalvelut voivat my\u00f6s pident\u00e4\u00e4 sylinterin k\u00e4ytt\u00f6ik\u00e4\u00e4 varmistaen, ett\u00e4 se toimii tehokkaasti tulevina vuosina.<\/p>\n<p><img decoding=\"async\" src=\"https:\/\/www.hydraulic-cylinders.net\/wp-content\/uploads\/2025\/04\/songte-chushion-collar.webp\" alt=\"Asennusopas\" \/><\/p>\n<h2>Turvallisuusn\u00e4k\u00f6kohdat ja ymp\u00e4rist\u00f6tekij\u00e4t<\/h2>\n<p>Turvatoimenpiteet puomisylintereiden k\u00e4yt\u00f6n aikana ovat ratkaisevan t\u00e4rkeit\u00e4 onnettomuuksien ja vammojen ehk\u00e4isemiseksi. K\u00e4ytt\u00e4j\u00e4t tulee kouluttaa hydraulisten koneiden asianmukaiseen k\u00e4sittelyyn, mukaan lukien paineen vapautumiseen ja laitteiden vikaantumiseen liittyvien mahdollisten vaarojen tunnistaminen. Lis\u00e4ksi puhtaan ja roskista vapaan ty\u00f6ymp\u00e4rist\u00f6n yll\u00e4pit\u00e4minen voi minimoida riskej\u00e4 k\u00e4yt\u00f6n aikana.<\/p>\n<h2>Yleisten ongelmien vianm\u00e4\u00e4ritys<\/h2>\n<ul>\n<li><strong>Vuoto:<\/strong> Yksi yleisimmist\u00e4 ongelmista on hydraulinesteen vuoto. T\u00e4m\u00e4 voi johtua kuluneista tiivisteist\u00e4 tai vaurioituneista osista. S\u00e4\u00e4nn\u00f6lliset tarkastukset voivat auttaa tunnistamaan mahdolliset vuodot varhaisessa vaiheessa.<\/li>\n<li><strong>Ep\u00e4johdonmukainen suorituskyky:<\/strong> Jos sylinteri ei reagoi tasaisesti, se voi viitata hydrauliikkaj\u00e4rjestelm\u00e4n ongelmiin, kuten alhaiseen nestetasoon tai ilmaan j\u00e4rjestelm\u00e4ss\u00e4. N\u00e4iden ongelmien nopea korjaaminen on olennaista suorituskyvyn yll\u00e4pit\u00e4miseksi.<\/li>\n<li><strong>Ylikuumeneminen:<\/strong> Liiallinen kuumuus voi vahingoittaa hydrauliikka\u00f6ljy\u00e4 ja sen komponentteja. T\u00e4m\u00e4 voi johtua riitt\u00e4m\u00e4tt\u00f6m\u00e4st\u00e4 voitelusta tai liiallisesta kitkasta. K\u00e4ytt\u00f6olosuhteiden seuranta ja s\u00e4\u00e4nn\u00f6llisen huollon varmistaminen voivat auttaa lievent\u00e4m\u00e4\u00e4n t\u00e4t\u00e4 ongelmaa.<\/li>\n<\/ul>\n<p>Jotta k\u00e4ytt\u00e4j\u00e4t voivat tehokkaasti diagnosoida ja ratkaista ongelmia, heid\u00e4n tulee tuntea vianm\u00e4\u00e4ritystekniikat ja ennaltaehk\u00e4isev\u00e4t toimenpiteet mahdollisten ongelmien minimoimiseksi. S\u00e4\u00e4nn\u00f6llinen koulutus ja parhaiden k\u00e4yt\u00e4nt\u00f6jen p\u00e4ivitt\u00e4minen ovat olennaisia \u200b\u200bpuomisylinterien toiminnan tehokkuuden ja turvallisuuden yll\u00e4pit\u00e4miseksi.<\/p>\n<p><img decoding=\"async\" src=\"https:\/\/www.hydraulic-cylinders.net\/wp-content\/uploads\/2025\/04\/songte-bushings-with-all-kinds-of-excavator-models.webp\" alt=\"Yleisi\u00e4 ongelmia\" \/><\/p>\n<h2>Tietoa yrityksest\u00e4mme<\/h2>\n<p>Olemme johtava hydraulisylintereiden valmistaja ja tukkumyyj\u00e4, joka on erikoistunut korvaavien hydraulisylintereiden valmistukseen. Kattavan tuotevalikoimamme ansiosta olemme vakiinnuttaneet asemamme yhten\u00e4 johtavista valmistajista sek\u00e4 kotimaisilla ett\u00e4 kansainv\u00e4lisill\u00e4 markkinoilla. Sitoutumisemme huippuosaamiseen perustuu hienos\u00e4\u00e4dettyyn valmistusstrategiaan, jota tukevat ammattitaitoinen tekninen henkil\u00f6st\u00f6, edistyneet digitaaliset valmistuslaitteet ja ammattimaiset testausj\u00e4rjestelm\u00e4t.<\/p>\n<p>Parannamme jatkuvasti valmistuskapasiteettiamme varmistaaksemme tuotteidemme korkean tehokkuuden, tarkkuuden ja laadun vastataksemme monipuolisiin asiakastarpeisiin. Erikoispalveluihimme kuuluvat asiakkaiden tarpeisiin r\u00e4\u00e4t\u00e4l\u00f6idyt r\u00e4\u00e4t\u00e4l\u00f6idyt ratkaisut, jotka takaavat joustavuuden ja tyytyv\u00e4isyyden.<\/p>\n<p><img decoding=\"async\" src=\"https:\/\/www.hydraulic-cylinders.net\/wp-content\/uploads\/2025\/04\/songte-company-4.webp\" alt=\"Yrityksen yleiskatsaus\" \/><br \/>\n<img decoding=\"async\" src=\"https:\/\/www.hydraulic-cylinders.net\/wp-content\/uploads\/2025\/04\/songte-company-3.webp\" alt=\"Yrityksen yleiskatsaus\" \/><\/p>\n<p>Kansainv\u00e4listen sertifikaattiemme ja keskittymisemme j\u00e4lkimarkkinointipalveluihin takaavat, ett\u00e4 asiakkaamme saavat parhaat tuotteet ja tuen koko kokemuksensa ajan kanssamme.<\/p>\n<p>Kirjoittaja: lyl<\/p>","protected":false},"excerpt":{"rendered":"<p>Boom Cylinder For Kobelco Large Excavator SK310 Introduction to Boom Cylinder The boom cylinder is a crucial component in hydraulic systems, specifically designed to control the movement of the bucket in heavy machinery such as excavators, backhoes, and front loaders. This hydraulic cylinder enables the bucket to lift, lower, and tilt, facilitating efficient material handling [&hellip;]<\/p>","protected":false},"featured_media":17878,"comment_status":"open","ping_status":"closed","template":"","meta":{"_et_pb_use_builder":"","_et_pb_old_content":"","_et_gb_content_width":""},"product_brand":[],"product_cat":[1546],"product_tag":[1547,1496],"class_list":{"0":"post-19087","1":"product","2":"type-product","3":"status-publish","4":"has-post-thumbnail","6":"product_cat-boom-cylinders","7":"product_tag-boom-cylinders","8":"product_tag-hydraulic-cylinders","10":"first","11":"instock","12":"shipping-taxable","13":"product-type-simple"},"amp_enabled":true,"_links":{"self":[{"href":"https:\/\/www.hydraulic-cylinders.net\/fi\/wp-json\/wp\/v2\/product\/19087","targetHints":{"allow":["GET"]}}],"collection":[{"href":"https:\/\/www.hydraulic-cylinders.net\/fi\/wp-json\/wp\/v2\/product"}],"about":[{"href":"https:\/\/www.hydraulic-cylinders.net\/fi\/wp-json\/wp\/v2\/types\/product"}],"replies":[{"embeddable":true,"href":"https:\/\/www.hydraulic-cylinders.net\/fi\/wp-json\/wp\/v2\/comments?post=19087"}],"wp:featuredmedia":[{"embeddable":true,"href":"https:\/\/www.hydraulic-cylinders.net\/fi\/wp-json\/wp\/v2\/media\/17878"}],"wp:attachment":[{"href":"https:\/\/www.hydraulic-cylinders.net\/fi\/wp-json\/wp\/v2\/media?parent=19087"}],"wp:term":[{"taxonomy":"product_brand","embeddable":true,"href":"https:\/\/www.hydraulic-cylinders.net\/fi\/wp-json\/wp\/v2\/product_brand?post=19087"},{"taxonomy":"product_cat","embeddable":true,"href":"https:\/\/www.hydraulic-cylinders.net\/fi\/wp-json\/wp\/v2\/product_cat?post=19087"},{"taxonomy":"product_tag","embeddable":true,"href":"https:\/\/www.hydraulic-cylinders.net\/fi\/wp-json\/wp\/v2\/product_tag?post=19087"}],"curies":[{"name":"wp","href":"https:\/\/api.w.org\/{rel}","templated":true}]}}