{"id":19094,"date":"2025-04-07T06:12:30","date_gmt":"2025-04-07T06:12:30","guid":{"rendered":"https:\/\/www.hydraulic-cylinders.net\/product\/boom-cylinder-for-yugong-wy15-7\/"},"modified":"2025-04-07T06:12:32","modified_gmt":"2025-04-07T06:12:32","slug":"boom-cylinder-for-yugong-wy15-7","status":"publish","type":"product","link":"https:\/\/www.hydraulic-cylinders.net\/fi\/tuote\/boom-cylinder-for-yugong-wy15-7\/","title":{"rendered":"Puomin sylinteri Yugong WY15-7:lle"},"content":{"rendered":"<h1>Puomin sylinteri Yugong WY15-7:lle<\/h1>\n<h2>Tuotteen yleiskatsaus<\/h2>\n<p>Yugong WY15-7:n puomisylinteri on erikoishydraulisylinteri, joka on suunniteltu ohjaamaan kauhojen liikett\u00e4 erilaisissa raskaissa koneissa. Hydraulisylinterit ovat kriittisi\u00e4 komponentteja hydraulij\u00e4rjestelmiss\u00e4, ja ne mahdollistavat laitteiden liikkeen ja sijoittelun tarkan hallinnan. T\u00e4m\u00e4 erityinen puomisylinteri on olennainen osa kaivinkoneiden, kaivurikuormaajien ja etukuormaajien toimintaa, ja se mahdollistaa kauhan tehokkaan nostamisen, laskemisen ja kallistuksen, mik\u00e4 helpottaa materiaalink\u00e4sittelyteht\u00e4vi\u00e4.<\/p>\n<p>Kauhasylinterit ovat hydraulisylintereit\u00e4, joita k\u00e4ytet\u00e4\u00e4n erityisesti kaivu- ja nostolaitteiden toiminnan hallintaan, ja ne toimivat monien rakennus- ja maatalouskoneiden toiminnan selk\u00e4rankana. Hydraulij\u00e4rjestelm\u00e4n teho yhdistettyn\u00e4 sylinterin tarjoamaan mekaaniseen etuun mahdollistaa raskaiden kuormien helpon k\u00e4sittelyn. Yugong WY15-7:n puomisylinteri, joka painottaa luotettavuutta ja suorituskyky\u00e4, varmistaa, ett\u00e4 kuljettajat voivat suorittaa teht\u00e4vi\u00e4 turvallisesti ja tehokkaasti.<\/p>\n<p><img decoding=\"async\" src=\"https:\/\/www.hydraulic-cylinders.net\/wp-content\/uploads\/2025\/04\/songte-company-1.webp\" alt=\"Puomin sylinteri Yugong WY15-7:lle\"><\/p>\n<h2>Yugong WY15-7:n puomisylinterin ominaisuudet<\/h2>\n<ul>\n<li><strong>Korkea lujuus ja kest\u00e4vyys:<\/strong> T\u00e4m\u00e4 erikoislujuuster\u00e4ksest\u00e4 tai alumiinista valmistettu sylinteri kest\u00e4\u00e4 korkeaa painetta ja raskaita kuormia, joten se sopii vaativiin ty\u00f6ymp\u00e4rist\u00f6ihin. Suunnittelussa on otettu huomioon kulutuskest\u00e4vyys ja korroosionkest\u00e4vyys, mik\u00e4 pident\u00e4\u00e4 sen k\u00e4ytt\u00f6ik\u00e4\u00e4.<\/li>\n<li><strong>Tehokas hydraulinen k\u00e4ytt\u00f6:<\/strong> T\u00e4m\u00e4 sylinteri hy\u00f6dynt\u00e4\u00e4 hydrauli\u00f6ljyn painetta tasaisen sis\u00e4\u00e4n- ja ulosvedon saavuttamiseksi, reagoi nopeasti k\u00e4ytt\u00e4j\u00e4n komentoihin ja tarjoaa tehokkaan ty\u00f6nt\u00f6- ja vetovoiman, mik\u00e4 sopii erinomaisesti raskaiden ja monimutkaisten teht\u00e4vien k\u00e4sittelyyn.<\/li>\n<li><strong>Monipuoliset vaihtoehdot:<\/strong> Puomisylinteri on saatavana yksitoimisena (hydraulinen toiminta yhteen suuntaan) tai kaksitoimisena (hydraulinen toiminta molempiin suuntiin) kokoonpanoina erilaisten k\u00e4ytt\u00f6vaatimusten t\u00e4ytt\u00e4miseksi. Joissakin malleissa on teleskooppirakenteet, jotka mahdollistavat suuremman jatkeen ilman ulkomittojen kasvua, mik\u00e4 sopii t\u00e4ydellisesti sovelluksiin, joissa on rajoitetusti tilaa.<\/li>\n<li><strong>Tarkkuustekniikka:<\/strong> Jokainen sylinteri on valmistettu tarkasti optimaalisen suorituskyvyn ja pitk\u00e4ik\u00e4isyyden varmistamiseksi, ja sen valmistusprosessissa on k\u00e4ytetty edistynytt\u00e4 teknologiaa.<\/li>\n<li><strong>Yhteensopivuus:<\/strong> Tuotteemme sopivat t\u00e4ydellisesti erilaisten hydraulisylintereiden tilalle varmistaen saumattoman integroinnin ja toiminnan eri konemalleissa.<\/li>\n<\/ul>\n<p><img decoding=\"async\" src=\"https:\/\/www.hydraulic-cylinders.net\/wp-content\/uploads\/2025\/04\/songte-cylinder-head-with-all-kinds-excavator-models.webp\" alt=\"Yhteensopivuus kaivinkonemallien kanssa\"><\/p>\n<h2>Yugong WY15-7:n puomisylinterin sovellukset<\/h2>\n<h3>Rakennuslaitteet<\/h3>\n<p>Kaivinkoneissa puomin sylinterill\u00e4 on t\u00e4rke\u00e4 rooli kaivamisessa, lastaamisessa ja maaper\u00e4n tai roskien siirt\u00e4misess\u00e4. Se mahdollistaa kauhan asennon tarkan hallinnan, jolloin kuljettajat voivat ty\u00f6skennell\u00e4 tehokkaasti ja tuloksellisesti. Kaivurikuormaajissa kauhan sylinteri auttaa paitsi kaivamisessa my\u00f6s nostamisessa, mik\u00e4 tekee siit\u00e4 v\u00e4ltt\u00e4m\u00e4tt\u00f6m\u00e4n monien teht\u00e4vien suorittamisessa rakennusty\u00f6mailla.<\/p>\n<h3>Maatalouskoneet<\/h3>\n<p>Etukuormaajissa puomin sylinteri on ratkaisevan t\u00e4rke\u00e4 maaper\u00e4n, hein\u00e4n ja muiden materiaalien kaivamisessa, nostamisessa ja kuljettamisessa. T\u00e4m\u00e4 hydraulinen komponentti varmistaa, ett\u00e4 maatalousty\u00f6t suoritetaan nopeasti ja minimaalisella vaivalla, mik\u00e4 parantaa maataloustoiminnan tuottavuutta.<\/p>\n<h3>Kaivinkoneet<\/h3>\n<p>Puomin sylinteri helpottaa kaivua antamalla kauhan tunkeutua tehokkaasti maaper\u00e4\u00e4n. T\u00e4m\u00e4 rakenne on elint\u00e4rke\u00e4 syvien kaivuupaikkojen saavuttamiseksi ja sen varmistamiseksi, ett\u00e4 kuljettajat voivat suorittaa teht\u00e4v\u00e4ns\u00e4 ilman koneen liiallista rasitusta.<\/p>\n<h3>Kuormaajat<\/h3>\n<p>Etukuormaajissa puomin sylinteri vastaa kuormien tehokkaasta nostamisesta ja tyhjent\u00e4misest\u00e4. Sen luotettava suorituskyky varmistaa, ett\u00e4 materiaaleja voidaan siirt\u00e4\u00e4 nopeasti, mik\u00e4 v\u00e4hent\u00e4\u00e4 seisokkiaikoja ja lis\u00e4\u00e4 ty\u00f6maan kokonaistuottavuutta.<\/p>\n<h2>Suunnittelun\u00e4k\u00f6kohdat ja valintakriteerit<\/h2>\n<h3>Kantavuus<\/h3>\n<p>Puomisylinteri\u00e4 valittaessa yksi t\u00e4rkeimmist\u00e4 huomioista on sen kuormituskapasiteetti. Sylinterin on kyett\u00e4v\u00e4 tukemaan sen k\u00e4sittelem\u00e4\u00e4 enimm\u00e4ispainoa k\u00e4yt\u00f6n aikana. T\u00e4m\u00e4 edellytt\u00e4\u00e4 hydraulij\u00e4rjestelm\u00e4n teknisten tietojen arviointia ja sen varmistamista, ett\u00e4 sylinteri pystyy tuottamaan vaaditun voiman vaarantamatta turvallisuutta tai suorituskyky\u00e4. Kuormitusvaatimusten perusteellinen analyysi on v\u00e4ltt\u00e4m\u00e4t\u00f6nt\u00e4 sylinterin vikaantumisen est\u00e4miseksi ja turvallisen k\u00e4yt\u00f6n varmistamiseksi.<\/p>\n<h3>Tiivistyskyky<\/h3>\n<p>Tiivistys on hydraulisylinterin suunnittelun kriittinen osa. Optimaalisen suorituskyvyn ja tehokkuuden yll\u00e4pit\u00e4miseksi tiivisteiden on estett\u00e4v\u00e4 hydraulinesteen vuotaminen ja samalla mahdollistettava sylinterin tasainen liike. Korkealaatuiset tiivisteet (kuten m\u00e4nn\u00e4ntiivisteet ja varren tiivisteet), jotka on valmistettu kest\u00e4vist\u00e4 materiaaleista, kuten polyuretaanista tai nitriilikumista, ovat v\u00e4ltt\u00e4m\u00e4tt\u00f6mi\u00e4 paineen yll\u00e4pit\u00e4miseksi ja kulumisen minimoimiseksi. Asianmukainen tiivistys edist\u00e4\u00e4 komponentin ja koko hydraulij\u00e4rjestelm\u00e4n pitk\u00e4ik\u00e4isyytt\u00e4.<\/p>\n<h3>Kest\u00e4vyys<\/h3>\n<p>Kest\u00e4vyys on ratkaisevan t\u00e4rke\u00e4\u00e4 hydraulisylintereille, erityisesti vaativissa ymp\u00e4rist\u00f6iss\u00e4. Rakenteessa k\u00e4ytettyjen materiaalien on kestett\u00e4v\u00e4 kulumista, korroosiota ja \u00e4\u00e4rimm\u00e4isi\u00e4 olosuhteita. Yleisesti k\u00e4ytet\u00e4\u00e4n erikoislujuuster\u00e4st\u00e4 tai alumiinia, joiden pintak\u00e4sittelyill\u00e4 parannetaan kulutuskest\u00e4vyytt\u00e4 ja ymp\u00e4rist\u00f6tekij\u00f6iden kest\u00e4vyytt\u00e4. Kest\u00e4vien materiaalien valitseminen varmistaa, ett\u00e4 sylinteri toimii luotettavasti koko suunnitellun k\u00e4ytt\u00f6ik\u00e4ns\u00e4 ajan.<\/p>\n<h3>Turvaominaisuudet<\/h3>\n<p>Turvallisuus on ensiarvoisen t\u00e4rke\u00e4\u00e4 raskaiden koneiden k\u00e4sittelyss\u00e4. Puomin sylinteriss\u00e4 tulisi olla turvaominaisuuksia, kuten paineenalennusventtiilit ylipaineen est\u00e4miseksi, sek\u00e4 vikasietolaitteet, jotka lukitsevat sylinterin paikalleen, jos hydraulinen paine menetet\u00e4\u00e4n. N\u00e4m\u00e4 ominaisuudet suojaavat sek\u00e4 k\u00e4ytt\u00e4j\u00e4\u00e4 ett\u00e4 laitteita mahdollisilta onnettomuuksilta tai vammoilta.<\/p>\n<h3>Yll\u00e4pidett\u00e4vyys<\/h3>\n<p>Helppohuolto on toinen keskeinen n\u00e4k\u00f6kohta hydraulisylinterin suunnittelussa. Sylinterin tulisi mahdollistaa yksinkertaiset huoltoteht\u00e4v\u00e4t, kuten \u00f6ljynvaihdot, tiivisteiden vaihdot ja tarkastukset. Helppok\u00e4ytt\u00f6inen rakenne voi merkitt\u00e4v\u00e4sti v\u00e4hent\u00e4\u00e4 seisokkiaikoja ja huoltokustannuksia varmistaen, ett\u00e4 k\u00e4ytt\u00e4j\u00e4t voivat pit\u00e4\u00e4 koneensa optimaalisessa toimintakunnossa minimaalisella vaivalla.<\/p>\n<p><img decoding=\"async\" src=\"https:\/\/www.hydraulic-cylinders.net\/wp-content\/uploads\/2025\/04\/songte-oil-pipes-and-spare-parts.webp\" alt=\"Hydraulisylinterin varaosat\"><\/p>\n<h2>Tiivistys ja voitelu<\/h2>\n<p>Tehokas tiivistys ja voitelu ovat elint\u00e4rkeit\u00e4 hydraulisylintereiden optimaalisen suorituskyvyn kannalta. Erilaisilla tiiviste-elementeill\u00e4, kuten m\u00e4nn\u00e4ntiivisteill\u00e4 ja varren tiivisteill\u00e4, on ratkaiseva rooli paineen yll\u00e4pit\u00e4misess\u00e4 ja vuotojen est\u00e4misess\u00e4. Kulutusta kest\u00e4vist\u00e4 materiaaleista, kuten polyuretaanista ja nitriilikumista, valmistettuja tiivisteit\u00e4 k\u00e4ytet\u00e4\u00e4n yleisesti niiden kest\u00e4vyyden ja joustavuuden vuoksi.<\/p>\n<p>Sylinterin runko ja kierteitetyt p\u00e4\u00e4typinnat koneistetaan hienosti kulutuskest\u00e4vyyden parantamiseksi ja oikean istuvuuden varmistamiseksi. S\u00e4\u00e4nn\u00f6llinen voitelu hydrauliikka\u00f6ljyll\u00e4 on v\u00e4ltt\u00e4m\u00e4t\u00f6nt\u00e4 kitkan ja kulumisen minimoimiseksi, mik\u00e4 edist\u00e4\u00e4 hydrauliikkaj\u00e4rjestelm\u00e4n pitk\u00e4ik\u00e4isyytt\u00e4 ja tehokkuutta. Oikeat voiteluk\u00e4yt\u00e4nn\u00f6t auttavat yll\u00e4pit\u00e4m\u00e4\u00e4n sylinterin optimaalista suorituskyky\u00e4 ja est\u00e4m\u00e4\u00e4n ennenaikaisen vikaantumisen, mik\u00e4 lopulta v\u00e4hent\u00e4\u00e4 yll\u00e4pitokustannuksia.<\/p>\n<h2>S\u00e4\u00e4nn\u00f6llinen tarkastus ja ennaltaehk\u00e4isev\u00e4 huolto<\/h2>\n<ul>\n<li><strong>Visuaaliset tarkastukset:<\/strong> S\u00e4\u00e4nn\u00f6llisi\u00e4 silm\u00e4m\u00e4\u00e4r\u00e4isi\u00e4 tarkastuksia tulisi tehd\u00e4 kulumisen, vuotojen tai fyysisten vaurioiden varalta. Ongelmien tunnistaminen varhain voi est\u00e4\u00e4 lis\u00e4vaurioita ja kalliita korjauksia.<\/li>\n<li><strong>Voitelun huolto:<\/strong> Hydrauli\u00f6ljyn riitt\u00e4v\u00e4 t\u00e4ytt\u00f6 ja s\u00e4\u00e4nn\u00f6llinen vaihto on ratkaisevan t\u00e4rke\u00e4\u00e4 sylinterin tehokkuuden yll\u00e4pit\u00e4miseksi. Voitelun laiminly\u00f6nti voi johtaa lis\u00e4\u00e4ntyneeseen kulumiseen.<\/li>\n<li><strong>Tiivisteen vaihto:<\/strong> Ajan my\u00f6t\u00e4 tiivisteet voivat kulua ja ne on vaihdettava optimaalisen tiivistystehon yll\u00e4pit\u00e4miseksi. S\u00e4\u00e4nn\u00f6lliset tarkastukset voivat auttaa tunnistamaan, milloin tiivisteet on vaihdettava.<\/li>\n<\/ul>\n<h2>Asennusohjeet<\/h2>\n<p>Yugong WY15-7 -puomisylinterin oikea asennus on v\u00e4ltt\u00e4m\u00e4t\u00f6nt\u00e4 sen suorituskyvyn ja pitk\u00e4n k\u00e4ytt\u00f6i\u00e4n kannalta. Aloita varmistamalla, ett\u00e4 ty\u00f6alue on puhdas ja roskaton. Kohdista sylinteri kiinnityskiinnikkeisiin tarkasti, jotta v\u00e4ltyt\u00e4\u00e4n virhekohdistuksilta, jotka voivat johtaa ennenaikaiseen kulumiseen. On suositeltavaa k\u00e4ytt\u00e4\u00e4 sopivia kiinnityskiinnikkeit\u00e4 sylinterin kiinnitt\u00e4miseksi tukevasti paikalleen.<\/p>\n<p>Asennuksen aikana varmista, ett\u00e4 kaikki hydrauliset liit\u00e4nn\u00e4t ovat tiukat ja vuotamattomat. Tarkista hydraulinesteen tasot ja varmista, ett\u00e4 j\u00e4rjestelm\u00e4st\u00e4 on poistettu ilma. Asennuksen j\u00e4lkeen suorita perusteellinen tarkastus ja toimintakoe varmistaaksesi, ett\u00e4 sylinteri toimii sujuvasti ja tehokkaasti. Oikea asennus ei ainoastaan \u200b\u200bparanna suorituskyky\u00e4, vaan my\u00f6s pident\u00e4\u00e4 merkitt\u00e4v\u00e4sti hydraulisylinterin k\u00e4ytt\u00f6ik\u00e4\u00e4.<\/p>\n<h2>Yleiset huoltoteht\u00e4v\u00e4t<\/h2>\n<h3>S\u00e4\u00e4nn\u00f6lliset tarkastukset<\/h3>\n<p>S\u00e4\u00e4nn\u00f6llisten tarkastusten suorittaminen on ratkaisevan t\u00e4rke\u00e4\u00e4 mahdollisten ongelmien tunnistamiseksi ennen niiden pahenemista. K\u00e4ytt\u00e4j\u00e4t tarkistavat s\u00e4\u00e4nn\u00f6llisesti sylinterin hydraulinesteen vuotojen, kulumisen tai vaurioiden merkit. Ongelmien varhainen havaitseminen voi s\u00e4\u00e4st\u00e4\u00e4 aikaa ja korjauskustannuksia varmistaen, ett\u00e4 hydraulij\u00e4rjestelm\u00e4 pysyy toimintakunnossa ja turvallisena.<\/p>\n<h3>Asianmukainen voitelu<\/h3>\n<p>Hydraulisylinterin asianmukainen voitelu on v\u00e4ltt\u00e4m\u00e4t\u00f6nt\u00e4 sen toiminnan kannalta. Tarkista hydraulinesteen tasot s\u00e4\u00e4nn\u00f6llisesti ja t\u00e4yt\u00e4 tarvittaessa. Oikean hydrauli\u00f6ljytyypin k\u00e4ytt\u00f6 varmistaa sylinterin sujuvan ja tehokkaan toiminnan, mik\u00e4 v\u00e4hent\u00e4\u00e4 sis\u00e4isten osien kulumista.<\/p>\n<h3>Tiivisteiden vaihto ja kalibrointitarkastukset<\/h3>\n<p>Ajan my\u00f6t\u00e4 tiivisteet voivat kulua ja ne on vaihdettava optimaalisen suorituskyvyn yll\u00e4pit\u00e4miseksi. Tee rutiinitarkastuksia tiivisteiden kunnon arvioimiseksi ja vaihda ne tarvittaessa. Lis\u00e4ksi kalibroi hydraulij\u00e4rjestelm\u00e4 s\u00e4\u00e4nn\u00f6llisesti varmistaaksesi, ett\u00e4 kaikki komponentit toimivat oikein ja tehokkaasti, mik\u00e4 parantaa koneiston yleist\u00e4 suorituskyky\u00e4.<\/p>\n<p><img decoding=\"async\" src=\"https:\/\/www.hydraulic-cylinders.net\/wp-content\/uploads\/2025\/04\/songte-chushion-collar.webp\" alt=\"Hydraulisylinterin pehmustekaulus\"><\/p>\n<h2>Turvallisuusn\u00e4k\u00f6kohdat ja ymp\u00e4rist\u00f6tekij\u00e4t<\/h2>\n<p>Turvatoimenpiteiden toteuttaminen hydraulisylintereit\u00e4 k\u00e4ytett\u00e4ess\u00e4 on ratkaisevan t\u00e4rke\u00e4\u00e4 onnettomuuksien ehk\u00e4isemiseksi ja k\u00e4ytt\u00e4j\u00e4n turvallisuuden varmistamiseksi. K\u00e4ytt\u00e4j\u00e4t tulee kouluttaa ymm\u00e4rt\u00e4m\u00e4\u00e4n hydraulij\u00e4rjestelmiin liittyv\u00e4t riskit, mukaan lukien \u00e4killisten vikojen tai hydraulinesteiden vuotojen mahdollisuus. Hydraulij\u00e4rjestelm\u00e4n asianmukainen huolto ei ainoastaan \u200b\u200bparanna suorituskyky\u00e4, vaan my\u00f6s v\u00e4hent\u00e4\u00e4 hydraulinesteiden aiheuttamaa ymp\u00e4rist\u00f6n saastumisriski\u00e4.<\/p>\n<h2>Vianm\u00e4\u00e4ritys ja yleiset ongelmat<\/h2>\n<ul>\n<li><strong>Hydrauli\u00f6ljyvuodot:<\/strong> Yksi yleisimmist\u00e4 hydraulisylintereiden ongelmista on nestevuoto. T\u00e4m\u00e4 voi johtua kuluneista tiivisteist\u00e4 tai vaurioituneista osista. S\u00e4\u00e4nn\u00f6llisiss\u00e4 tarkastuksissa tulisi keskitty\u00e4 tiivisteiden eheyteen ja sylinterin kuntoon vuotojen est\u00e4miseksi.<\/li>\n<li><strong>Ep\u00e4johdonmukainen liike:<\/strong> Jos sylinteri ei liiku ulos tai sis\u00e4\u00e4n tasaisesti, se voi viitata alhaiseen hydrauliikka\u00f6ljyn m\u00e4\u00e4r\u00e4\u00e4n, j\u00e4rjestelm\u00e4ss\u00e4 olevaan ilmaan tai sis\u00e4iseen kulumiseen. Nestetasojen tarkistaminen ja ilman poistaminen voivat usein ratkaista t\u00e4m\u00e4n ongelman.<\/li>\n<li><strong>Ylikuumeneminen:<\/strong> Ylikuumeneminen voi johtua liiallisesta kuormituksesta tai riitt\u00e4m\u00e4tt\u00f6m\u00e4st\u00e4 voitelusta. K\u00e4ytt\u00f6olosuhteiden seuranta ja asianmukaisen voitelun varmistaminen voivat auttaa est\u00e4m\u00e4\u00e4n ylikuumenemisen ja siit\u00e4 johtuvat vauriot.<\/li>\n<\/ul>\n<h2>Vinkkej\u00e4 vianm\u00e4\u00e4ritykseen<\/h2>\n<p>Puomisylinterin ongelmia diagnosoitaessa on t\u00e4rke\u00e4\u00e4 tunnistaa potentiaaliset ongelmat j\u00e4rjestelm\u00e4llisesti. Aloita tarkistamalla nestetasot ja tutkimalla vuodot. Jos oireet jatkuvat, tutki hydrauliikkaj\u00e4rjestelm\u00e4 ilmataskujen tai paine-erojen varalta. S\u00e4\u00e4nn\u00f6llinen huolto ja oikea-aikaiset korjaukset ovat elint\u00e4rkeit\u00e4 ongelmien minimoimiseksi ja tehokkaan toiminnan varmistamiseksi.<\/p>\n<p>Ennaltaehk\u00e4isev\u00e4t toimenpiteet, kuten m\u00e4\u00e4r\u00e4aikaisten huoltorutiinien noudattaminen ja hydraulij\u00e4rjestelm\u00e4n puhtaana pit\u00e4minen, voivat merkitt\u00e4v\u00e4sti v\u00e4hent\u00e4\u00e4 vakavien ongelmien todenn\u00e4k\u00f6isyytt\u00e4. Huoltamalla sylinteri\u00e4 asianmukaisesti k\u00e4ytt\u00e4j\u00e4t voivat parantaa sen k\u00e4ytt\u00f6ik\u00e4\u00e4 ja luotettavuutta.<\/p>\n<p><img decoding=\"async\" src=\"https:\/\/www.hydraulic-cylinders.net\/wp-content\/uploads\/2025\/04\/songte-bushings-with-all-kinds-of-excavator-models.webp\" alt=\"Kaivinkonemallien holkit\"><\/p>\n<h2>Tietoa yrityksest\u00e4mme<\/h2>\n<p>Olemme johtava hydraulisylintereiden valmistaja ja tukkumyyj\u00e4, joka on erikoistunut tarjoamaan korkealaatuisia vaihtoehtoja erilaisille hydrauliikkakomponenteille. Laaja tuotevalikoimamme on tehnyt meist\u00e4 merkitt\u00e4v\u00e4n toimijan sek\u00e4 kotimaisilla ett\u00e4 kansainv\u00e4lisill\u00e4 markkinoilla. Sitoudumme huippuosaamiseen ja hy\u00f6dynn\u00e4mme hienostuneita valmistusstrategioita ja edistyneit\u00e4 tuotannonohjausk\u00e4yt\u00e4nt\u00f6j\u00e4.<\/p>\n<p>Tarjontaamme tukevat ammattitaitoiset teknikot, huippuluokan valmistuslaitteet ja kattavat testausj\u00e4rjestelm\u00e4t, jotka parantavat tuotantokapasiteettiamme. Pyrimme vastaamaan monipuolisiin asiakastarpeisiin tehokkaasti, tarkasti ja laadukkaasti varmistaen, ett\u00e4 tuotteemme ovat kansainv\u00e4listen standardien ja sertifikaattien mukaisia.<\/p>\n<p><img decoding=\"async\" src=\"https:\/\/www.hydraulic-cylinders.net\/wp-content\/uploads\/2025\/04\/songte-company-4.webp\" alt=\"Yrityksemme tilat\"><br \/>\n<img decoding=\"async\" src=\"https:\/\/www.hydraulic-cylinders.net\/wp-content\/uploads\/2025\/04\/songte-company-3.webp\" alt=\"Valmistusprosessi\"><\/p>\n<p>Kirjoittaja: lyl<\/p>","protected":false},"excerpt":{"rendered":"<p>Boom Cylinder For Yugong WY15-7 Product Overview The Boom Cylinder for Yugong WY15-7 is a specialized hydraulic cylinder designed for controlling the movement of buckets in various heavy machinery. Hydraulic cylinders are critical components in hydraulic systems, allowing for precise control of the movement and positioning of equipment. This particular boom cylinder is integral to [&hellip;]<\/p>","protected":false},"featured_media":17870,"comment_status":"open","ping_status":"closed","template":"","meta":{"_et_pb_use_builder":"","_et_pb_old_content":"","_et_gb_content_width":""},"product_brand":[],"product_cat":[1546],"product_tag":[1547,1496],"class_list":{"0":"post-19094","1":"product","2":"type-product","3":"status-publish","4":"has-post-thumbnail","6":"product_cat-boom-cylinders","7":"product_tag-boom-cylinders","8":"product_tag-hydraulic-cylinders","10":"first","11":"instock","12":"shipping-taxable","13":"product-type-simple"},"amp_enabled":true,"_links":{"self":[{"href":"https:\/\/www.hydraulic-cylinders.net\/fi\/wp-json\/wp\/v2\/product\/19094","targetHints":{"allow":["GET"]}}],"collection":[{"href":"https:\/\/www.hydraulic-cylinders.net\/fi\/wp-json\/wp\/v2\/product"}],"about":[{"href":"https:\/\/www.hydraulic-cylinders.net\/fi\/wp-json\/wp\/v2\/types\/product"}],"replies":[{"embeddable":true,"href":"https:\/\/www.hydraulic-cylinders.net\/fi\/wp-json\/wp\/v2\/comments?post=19094"}],"wp:featuredmedia":[{"embeddable":true,"href":"https:\/\/www.hydraulic-cylinders.net\/fi\/wp-json\/wp\/v2\/media\/17870"}],"wp:attachment":[{"href":"https:\/\/www.hydraulic-cylinders.net\/fi\/wp-json\/wp\/v2\/media?parent=19094"}],"wp:term":[{"taxonomy":"product_brand","embeddable":true,"href":"https:\/\/www.hydraulic-cylinders.net\/fi\/wp-json\/wp\/v2\/product_brand?post=19094"},{"taxonomy":"product_cat","embeddable":true,"href":"https:\/\/www.hydraulic-cylinders.net\/fi\/wp-json\/wp\/v2\/product_cat?post=19094"},{"taxonomy":"product_tag","embeddable":true,"href":"https:\/\/www.hydraulic-cylinders.net\/fi\/wp-json\/wp\/v2\/product_tag?post=19094"}],"curies":[{"name":"wp","href":"https:\/\/api.w.org\/{rel}","templated":true}]}}