{"id":19096,"date":"2025-04-07T06:12:34","date_gmt":"2025-04-07T06:12:34","guid":{"rendered":"https:\/\/www.hydraulic-cylinders.net\/product\/boom-cylinder-for-yugong-wy135-8\/"},"modified":"2025-04-07T06:12:40","modified_gmt":"2025-04-07T06:12:40","slug":"boom-cylinder-for-yugong-wy135-8","status":"publish","type":"product","link":"https:\/\/www.hydraulic-cylinders.net\/fi\/tuote\/boom-cylinder-for-yugong-wy135-8\/","title":{"rendered":"Puomin sylinteri Yugong WY135-8:lle"},"content":{"rendered":"<h1>Puomin sylinteri Yugong WY135-8:lle<\/h1>\n<h2>Tuotteen yleiskatsaus<\/h2>\n<p>Yugong WY135-8:n puomisylinteri on erikoishydraulisylinteri, joka on suunniteltu ohjaamaan puomin varren liikett\u00e4 erilaisissa raskaissa koneissa, kuten kaivinkoneissa, kaivurikuormaajissa ja etukuormaajissa. N\u00e4m\u00e4 sylinterit mahdollistavat laitteiden tarkan nostamisen, laskemisen ja kallistuksen, mik\u00e4 helpottaa tehokasta materiaalink\u00e4sittely\u00e4. Hydraulij\u00e4rjestelmien keskeisen\u00e4 osana puomisylinteri toimii muuntamalla hydraulista energiaa mekaaniseksi energiaksi, mik\u00e4 mahdollistaa tehokkaat ja hallitut liikkeet.<\/p>\n<p><img decoding=\"async\" src=\"https:\/\/www.hydraulic-cylinders.net\/wp-content\/uploads\/2025\/04\/songte-company-1.webp\" alt=\"Puomin sylinterin kuva\" \/><\/p>\n<h2>T\u00e4rkeimm\u00e4t ominaisuudet<\/h2>\n<ul>\n<li>\n<h3>Korkea lujuus ja kest\u00e4vyys<\/h3>\n<p>Korkean lujuuden ter\u00e4ksest\u00e4 tai alumiinista valmistettu puomin sylinteri on suunniteltu kest\u00e4m\u00e4\u00e4n korkeaa painetta ja raskaita kuormia, joten se sopii vaativiin ty\u00f6ymp\u00e4rist\u00f6ihin. Sen rakenne yhdist\u00e4\u00e4 kulutuskest\u00e4vyyden ja korroosionkest\u00e4vyyden tuotteen k\u00e4ytt\u00f6i\u00e4n pident\u00e4miseksi.<\/p>\n<\/li>\n<li>\n<h3>Tehokas hydraulinen k\u00e4ytt\u00f6<\/h3>\n<p>Sylinteri hy\u00f6dynt\u00e4\u00e4 hydrauli\u00f6ljyn painetta tasaisen ulos- ja sis\u00e4\u00e4nvedon saavuttamiseksi, reagoi nopeasti k\u00e4ytt\u00e4j\u00e4n komentoihin ja tarjoaa vankan ty\u00f6nt\u00f6- ja vetovoiman. T\u00e4m\u00e4 tehokkuus on olennaista raskaiden materiaalien k\u00e4sittelyss\u00e4 ja monimutkaisissa operatiivisissa teht\u00e4viss\u00e4.<\/p>\n<\/li>\n<li>\n<h3>Monipuoliset kokoonpanot<\/h3>\n<p>Puomisylinteri\u00e4 on saatavana sek\u00e4 yksitoimisena (toimii yhteen suuntaan) ett\u00e4 kaksitoimisena (toimii kahteen suuntaan), ja se t\u00e4ytt\u00e4\u00e4 erilaiset k\u00e4ytt\u00f6vaatimukset. Joissakin malleissa on teleskooppirakenne, joka mahdollistaa suuremman jatkeen ilman ulkomittojen kasvua, mik\u00e4 sopii erinomaisesti tilarajoitteisiin sovelluksiin.<\/p>\n<\/li>\n<li>\n<h3>Mukautettava tuotanto<\/h3>\n<p>Meill\u00e4 on valmiudet valmistaa t\u00e4t\u00e4 tuotetta, ja sylinterimme voivat saumattomasti korvata markkinoilla olevat hydraulisylinterit.<\/p>\n<\/li>\n<\/ul>\n<p><img decoding=\"async\" src=\"https:\/\/www.hydraulic-cylinders.net\/wp-content\/uploads\/2025\/04\/songte-cylinder-head-with-all-kinds-excavator-models.webp\" alt=\"Kaivinkoneen malli\" \/><\/p>\n<h2>Sovellukset<\/h2>\n<ul>\n<li>\n<h3>Rakennuslaitteet<\/h3>\n<p>Kaivinkoneissa puomisylinterit ovat elint\u00e4rkeit\u00e4 kaivamisessa, lastaamisessa ja maan tai roskien siirt\u00e4misess\u00e4. Ne eiv\u00e4t ainoastaan \u200b\u200bavusta kaivamisessa, vaan my\u00f6s materiaalien nostamisessa, mik\u00e4 lis\u00e4\u00e4 merkitt\u00e4v\u00e4sti koneen tuottavuutta. Niiden luotettava suorituskyky on ratkaisevan t\u00e4rke\u00e4\u00e4 rakennusalan p\u00e4ivitt\u00e4isess\u00e4 toiminnassa.<\/p>\n<\/li>\n<li>\n<h3>Maatalouskoneet<\/h3>\n<p>Etukuormaajissa k\u00e4ytett\u00e4v\u00e4t sylinterit vastaavat maaper\u00e4n, hein\u00e4n ja muiden materiaalien kauhaamisesta, nostamisesta ja kuljettamisesta. Niiden rakenne mahdollistaa tehokkaan k\u00e4yt\u00f6n erilaisissa maatalousteht\u00e4viss\u00e4 varmistaen, ett\u00e4 viljelij\u00e4t voivat k\u00e4sitell\u00e4 materiaaleja tehokkaasti ja parantaa tuottavuuttaan.<\/p>\n<\/li>\n<li>\n<h3>Kaivinkoneet<\/h3>\n<p>Puomin sylinteri mahdollistaa kauhan tunkeutumisen maahan kaivutoimien aikana, jolloin k\u00e4ytt\u00e4j\u00e4t voivat kaivaa tehokkaasti. Puomin liikkeen tarkka hallinta varmistaa, ett\u00e4 kaivinkoneet voivat kaivaa syvemm\u00e4lle ja tarkemmin, mik\u00e4 tekee niist\u00e4 v\u00e4ltt\u00e4m\u00e4tt\u00f6mi\u00e4 rakennus- ja maisemointiprojekteissa.<\/p>\n<\/li>\n<li>\n<h3>Kuormaajat<\/h3>\n<p>Etukuormaajissa puomin sylinterit auttavat kuormien tehokkaassa nostamisessa ja tyhjent\u00e4misess\u00e4. Niiden reagoiva toiminta ja lujuus varmistavat, ett\u00e4 kuormaajat pystyv\u00e4t k\u00e4sittelem\u00e4\u00e4n erilaisia \u200b\u200bmateriaaleja, maasta kiviainekseen, helposti, mik\u00e4 edist\u00e4\u00e4 lastausprosessin kokonaistehokkuutta.<\/p>\n<\/li>\n<\/ul>\n<h2>Suunnittelun\u00e4k\u00f6kohdat ja valintakriteerit<\/h2>\n<ul>\n<li>\n<h3>Kantavuus<\/h3>\n<p>Puomisylinteri\u00e4 valittaessa on ratkaisevan t\u00e4rke\u00e4\u00e4 ottaa huomioon kuormituskapasiteetti. Sylinterin on kyett\u00e4v\u00e4 k\u00e4sittelem\u00e4\u00e4n odotettu enimm\u00e4iskuorma vaarantamatta turvallisuutta tai suorituskyky\u00e4. T\u00e4m\u00e4 edellytt\u00e4\u00e4 siirrett\u00e4vien materiaalien painon ja koneiden erityisvaatimusten arviointia.<\/p>\n<\/li>\n<li>\n<h3>Tiivistyskyky<\/h3>\n<p>Tehokas tiivistys on v\u00e4ltt\u00e4m\u00e4t\u00f6nt\u00e4 hydraulisen paineen yll\u00e4pit\u00e4miseksi ja vuotojen est\u00e4miseksi. Kest\u00e4vist\u00e4 materiaaleista valmistetut korkealaatuiset tiivisteet ovat elint\u00e4rkeit\u00e4 sylinterin pitk\u00e4ik\u00e4isyyden ja luotettavuuden varmistamiseksi. Asianmukainen tiivistys v\u00e4hent\u00e4\u00e4 huoltotarvetta ja parantaa toiminnan tehokkuutta.<\/p>\n<\/li>\n<li>\n<h3>Kest\u00e4vyys<\/h3>\n<p>Kest\u00e4vyys on merkitt\u00e4v\u00e4 tekij\u00e4 hydraulisylinterin suunnittelussa. Sylinterin on kestett\u00e4v\u00e4 ankaria k\u00e4ytt\u00f6olosuhteita, mukaan lukien altistuminen lialle, roskille ja \u00e4\u00e4rimm\u00e4isille l\u00e4mp\u00f6tiloille. Materiaalien ja viimeistelyjen valinta, jotka tarjoavat korroosionkest\u00e4vyytt\u00e4 ja kulumissuojaa, on olennaista pidemm\u00e4n k\u00e4ytt\u00f6i\u00e4n saavuttamiseksi.<\/p>\n<\/li>\n<li>\n<h3>Turvaominaisuudet<\/h3>\n<p>Turvallisuuden tulisi aina olla etusijalla hydraulisylinterien suunnittelussa. Turvaominaisuuksien, kuten paineenalennusventtiilien ja suojakoteloiden, sis\u00e4llytt\u00e4minen varmistaa, ett\u00e4 j\u00e4rjestelm\u00e4 pystyy k\u00e4sittelem\u00e4\u00e4n odottamattomia tilanteita ilman riski\u00e4 k\u00e4ytt\u00e4jille tai laitteille.<\/p>\n<\/li>\n<li>\n<h3>Huolto Esteett\u00f6myys<\/h3>\n<p>Suunnittelussa tulisi my\u00f6s ottaa huomioon huollon helppous. Sen tulisi mahdollistaa osien suoraviivainen tarkastus, voitelu ja vaihto. Esteet\u00f6n osien saatavuus on avainasemassa sen varmistamisessa, ett\u00e4 s\u00e4\u00e4nn\u00f6llinen huolto voidaan suorittaa tehokkaasti ja siten pident\u00e4\u00e4 sylinterin k\u00e4ytt\u00f6ik\u00e4\u00e4.<\/p>\n<\/li>\n<\/ul>\n<p><img decoding=\"async\" src=\"https:\/\/www.hydraulic-cylinders.net\/wp-content\/uploads\/2025\/04\/songte-oil-pipes-and-spare-parts.webp\" alt=\"Hydrauliset osat\" \/><\/p>\n<h2>Tiivistys ja voitelu<\/h2>\n<p>Asianmukainen tiivistys ja voitelu ovat ratkaisevan t\u00e4rkeit\u00e4 hydraulisylintereiden tehokkaalle toiminnalle. J\u00e4rjestelm\u00e4n paineen yll\u00e4pit\u00e4miseksi k\u00e4ytet\u00e4\u00e4n erilaisia \u200b\u200btiivistyskomponentteja, kuten m\u00e4nn\u00e4ntiivisteit\u00e4 ja varren tiivisteit\u00e4. Kest\u00e4vyyden parantamiseksi k\u00e4ytet\u00e4\u00e4n yleisesti kulutusta kest\u00e4vist\u00e4 materiaaleista, kuten polyuretaanista ja nitriilikumista, valmistettuja tiivisteit\u00e4.<\/p>\n<p>Sylinterin runko ja kierteitetyt p\u00e4\u00e4t on viimeistelty huolellisesti kulutuskest\u00e4vyyden parantamiseksi ja tiivisteiden eheyden s\u00e4ilytt\u00e4miseksi ajan my\u00f6t\u00e4. S\u00e4\u00e4nn\u00f6llinen voitelu hydrauliikka\u00f6ljyll\u00e4 on v\u00e4ltt\u00e4m\u00e4t\u00f6nt\u00e4 kitkan v\u00e4hent\u00e4miseksi ja kulumisen est\u00e4miseksi liikkuvien osien v\u00e4lill\u00e4. Tiukan voiteluaikataulun noudattaminen auttaa yll\u00e4pit\u00e4m\u00e4\u00e4n toiminnan tehokkuutta ja pident\u00e4\u00e4 sylinterin k\u00e4ytt\u00f6ik\u00e4\u00e4.<\/p>\n<h2>S\u00e4\u00e4nn\u00f6llinen tarkastus ja ennaltaehk\u00e4isev\u00e4 huolto<\/h2>\n<ul>\n<li>\n<h3>S\u00e4\u00e4nn\u00f6lliset tarkastukset<\/h3>\n<p>Rutiinitarkastusten suorittaminen on elint\u00e4rke\u00e4\u00e4 mahdollisten ongelmien tunnistamiseksi ennen niiden pahenemista. K\u00e4ytt\u00e4jien tulee tarkistaa silm\u00e4m\u00e4\u00e4r\u00e4isesti sylinterin ja sen osien vuodot, kuluminen ja vauriot optimaalisen suorituskyvyn varmistamiseksi.<\/p>\n<\/li>\n<li>\n<h3>Oikea voitelu<\/h3>\n<p>Hydraulisylinterin riitt\u00e4v\u00e4 voitelu on v\u00e4ltt\u00e4m\u00e4t\u00f6nt\u00e4 sujuvan toiminnan kannalta. K\u00e4ytt\u00e4jien tulee noudattaa valmistajan ohjeita voiteluv\u00e4leist\u00e4 ja k\u00e4ytt\u00e4\u00e4 suositeltua hydrauli\u00f6ljy\u00e4 kulumisen ja repe\u00e4misen est\u00e4miseksi.<\/p>\n<\/li>\n<li>\n<h3>Tiivisteen vaihto<\/h3>\n<p>Tiivisteet tulee vaihtaa s\u00e4\u00e4nn\u00f6llisin v\u00e4liajoin hydraulisen eheyden yll\u00e4pit\u00e4miseksi. K\u00e4ytt\u00e4j\u00e4n on oltava valppaana tiivisteiden toiminnan valvonnassa ja puututtava kaikkiin kulumisen tai vuotojen merkkeihin viipym\u00e4tt\u00e4 j\u00e4rjestelm\u00e4n vikaantumisen est\u00e4miseksi.<\/p>\n<\/li>\n<\/ul>\n<h2>Asennusohjeet<\/h2>\n<p>Puomin sylinterin oikea asentaminen on ratkaisevan t\u00e4rke\u00e4\u00e4 optimaalisen suorituskyvyn saavuttamiseksi. T\u00e4ss\u00e4 on joitakin t\u00e4rkeit\u00e4 vaiheita, joita on noudatettava:<\/p>\n<ol>\n<li>Varmista, ett\u00e4 kiinnityspinnat ovat puhtaat ja vapaat roskista.<\/li>\n<li>Kohdista sylinteri oikein v\u00e4ltt\u00e4\u00e4ksesi virheellisen kohdistuksen, joka voi johtaa ennenaikaiseen kulumiseen.<\/li>\n<li>Kiinnit\u00e4 sylinteri sopivilla kiinnityskiinnikkeill\u00e4 ja varmista, ett\u00e4 se on vakaa ja oikein sijoitettu.<\/li>\n<li>Asennuksen j\u00e4lkeen tarkista sylinterin asianmukainen liike ja tee tarvittavat s\u00e4\u00e4d\u00f6t.<\/li>\n<li>Noudata valmistajan ohjeita kirist\u00e4ess\u00e4si pultteja ja liittimi\u00e4.<\/li>\n<\/ol>\n<h2>Yleiset huoltoteht\u00e4v\u00e4t<\/h2>\n<ul>\n<li>\n<h3>S\u00e4\u00e4nn\u00f6lliset tarkastukset<\/h3>\n<p>Hydraulij\u00e4rjestelm\u00e4n, mukaan lukien puomin sylinterin, s\u00e4\u00e4nn\u00f6lliset tarkastukset ovat ratkaisevan t\u00e4rkeit\u00e4 mahdollisten ongelmien havaitsemiseksi varhaisessa vaiheessa. Kuljettajien tulee arvioida sylinterin ja sit\u00e4 ymp\u00e4r\u00f6ivien komponenttien yleinen kunto varmistaakseen, ett\u00e4 kaikki toimii oikein.<\/p>\n<\/li>\n<li>\n<h3>Asianmukainen voitelu<\/h3>\n<p>Voitelu on elint\u00e4rke\u00e4\u00e4 hydraulij\u00e4rjestelmien kitkan ja kulumisen v\u00e4hent\u00e4miseksi. Kuljettajien on noudatettava voiteluaikatauluja ja k\u00e4ytett\u00e4v\u00e4 sopivia hydrauli\u00f6ljyj\u00e4 puomisylinterin pitk\u00e4n k\u00e4ytt\u00f6i\u00e4n ja tehokkuuden varmistamiseksi.<\/p>\n<\/li>\n<li>\n<h3>Tiivisteiden vaihto ja kalibrointitarkastukset<\/h3>\n<p>Tiivisteiden s\u00e4\u00e4nn\u00f6llinen vaihtaminen ja sylinterin kalibroinnin tarkistaminen ovat olennaisia \u200b\u200bhuoltoteht\u00e4vi\u00e4. K\u00e4ytt\u00e4j\u00e4n tulee valvoa tiivisteiden toimintaa ja vaihtaa ne tarvittaessa vuotojen est\u00e4miseksi ja paineen yll\u00e4pit\u00e4miseksi. Kalibrointitarkastukset varmistavat, ett\u00e4 sylinteri toimii m\u00e4\u00e4riteltyjen parametrien puitteissa.<\/p>\n<\/li>\n<\/ul>\n<p><img decoding=\"async\" src=\"https:\/\/www.hydraulic-cylinders.net\/wp-content\/uploads\/2025\/04\/songte-chushion-collar.webp\" alt=\"Tyynykaulus\" \/><\/p>\n<h2>Turvallisuus- ja ymp\u00e4rist\u00f6n\u00e4k\u00f6kohdat<\/h2>\n<p>Hydraulisylintereit\u00e4 k\u00e4ytett\u00e4ess\u00e4 on t\u00e4rke\u00e4\u00e4 toteuttaa turvatoimenpiteit\u00e4 k\u00e4ytt\u00e4jien ja ymp\u00e4rist\u00f6n suojelemiseksi. Asianmukainen koulutus k\u00e4ytt\u00f6tavoista ja turvallisuusprotokollista minimoi onnettomuusriskin. Lis\u00e4ksi ymp\u00e4rist\u00f6yst\u00e4v\u00e4llisten hydrauliikka\u00f6ljyjen k\u00e4ytt\u00f6 ja j\u00e4temateriaalien asianmukaiset h\u00e4vitysmenetelm\u00e4t auttavat v\u00e4hent\u00e4m\u00e4\u00e4n hydraulisten toimintojen ymp\u00e4rist\u00f6vaikutuksia.<\/p>\n<h2>Vianm\u00e4\u00e4ritys ja yleiset ongelmat<\/h2>\n<ul>\n<li>\n<h3>Vuoto<\/h3>\n<p>Yksi yleinen ongelma hydraulisylintereiss\u00e4 on vuoto. T\u00e4m\u00e4 voi johtua kuluneista tiivisteist\u00e4 tai vaurioituneista osista. K\u00e4ytt\u00e4jien tulee tarkistaa tiivisteet s\u00e4\u00e4nn\u00f6llisesti ja vaihtaa ne ensimm\u00e4isten kulumismerkkien ilmetess\u00e4 lis\u00e4vaurioiden est\u00e4miseksi.<\/p>\n<\/li>\n<li>\n<h3>Hidas liike<\/h3>\n<p>Jos sylinteri toimii hitaasti, se voi viitata alhaiseen hydraulinesteen tasoon tai tukoksiin j\u00e4rjestelm\u00e4ss\u00e4. Nesteen tasojen tarkistaminen ja sen varmistaminen, ettei hydrauliletkuissa ole tukoksia, voi auttaa ratkaisemaan t\u00e4m\u00e4n ongelman.<\/p>\n<\/li>\n<li>\n<h3>Ep\u00e4tavalliset \u00e4\u00e4net<\/h3>\n<p>Ep\u00e4tavalliset \u00e4\u00e4net k\u00e4yt\u00f6n aikana voivat viitata sis\u00e4iseen kulumiseen tai voitelun puutteeseen. K\u00e4ytt\u00e4jien tulee tutkia mahdolliset oudot \u00e4\u00e4net ja suorittaa tarvittavat huoltotoimenpiteet vakavien vikojen est\u00e4miseksi.<\/p>\n<\/li>\n<\/ul>\n<p><img decoding=\"async\" src=\"https:\/\/www.hydraulic-cylinders.net\/wp-content\/uploads\/2025\/04\/songte-bushings-with-all-kinds-of-excavator-models.webp\" alt=\"Holkit\" \/><\/p>\n<h2>Johtop\u00e4\u00e4t\u00f6s<\/h2>\n<p>Yrityksemme on erikoistunut korkealaatuisten hydraulisylintereiden valmistukseen, mukaan lukien Yugong WY135-8:n puomisylinteri. Olemme sitoutuneet toimittamaan monipuolisen valikoiman hydraulisia ratkaisuja, mik\u00e4 tekee meist\u00e4 johtavan valmistajan ja tukkumyyj\u00e4n sek\u00e4 kotimaisilla ett\u00e4 kansainv\u00e4lisill\u00e4 markkinoilla. Keskittymisemme huippuosaamiseen yhdistettyn\u00e4 edistyneisiin valmistusstrategioihin varmistaa, ett\u00e4 t\u00e4yt\u00e4mme asiakkaidemme monipuoliset tarpeet tehokkaasti, tarkasti ja laadukkaasti.<\/p>\n<p>Ammattitaitomme, kansainv\u00e4listen sertifikaattien, r\u00e4\u00e4t\u00e4l\u00f6ityjen palveluidemme, edistyneiden tuotantolaitteiden ja luotettavan myynninj\u00e4lkeisen tuen ansiosta olemme sitoutuneet tarjoamaan asiakkaillemme huippuluokan tuotteita ja palveluita.<\/p>\n<p><img decoding=\"async\" src=\"https:\/\/www.hydraulic-cylinders.net\/wp-content\/uploads\/2025\/04\/songte-company-4.webp\" alt=\"Yrityskuva 1\" \/><br \/>\n<img decoding=\"async\" src=\"https:\/\/www.hydraulic-cylinders.net\/wp-content\/uploads\/2025\/04\/songte-company-3.webp\" alt=\"Yrityskuva 2\" \/><\/p>\n<p>Kirjoittaja: lyl<\/p>","protected":false},"excerpt":{"rendered":"<p>Boom Cylinder For Yugong WY135-8 Product Overview The Boom Cylinder for Yugong WY135-8 is a specialized hydraulic cylinder designed to control the movement of the boom arm in various heavy machinery such as excavators, backhoe loaders, and front loaders. These cylinders enable the precise lifting, lowering, and tilting of equipment, thus facilitating efficient material handling [&hellip;]<\/p>","protected":false},"featured_media":17872,"comment_status":"open","ping_status":"closed","template":"","meta":{"_et_pb_use_builder":"","_et_pb_old_content":"","_et_gb_content_width":""},"product_brand":[],"product_cat":[1546],"product_tag":[1547,1496],"class_list":{"0":"post-19096","1":"product","2":"type-product","3":"status-publish","4":"has-post-thumbnail","6":"product_cat-boom-cylinders","7":"product_tag-boom-cylinders","8":"product_tag-hydraulic-cylinders","10":"first","11":"instock","12":"shipping-taxable","13":"product-type-simple"},"amp_enabled":true,"_links":{"self":[{"href":"https:\/\/www.hydraulic-cylinders.net\/fi\/wp-json\/wp\/v2\/product\/19096","targetHints":{"allow":["GET"]}}],"collection":[{"href":"https:\/\/www.hydraulic-cylinders.net\/fi\/wp-json\/wp\/v2\/product"}],"about":[{"href":"https:\/\/www.hydraulic-cylinders.net\/fi\/wp-json\/wp\/v2\/types\/product"}],"replies":[{"embeddable":true,"href":"https:\/\/www.hydraulic-cylinders.net\/fi\/wp-json\/wp\/v2\/comments?post=19096"}],"wp:featuredmedia":[{"embeddable":true,"href":"https:\/\/www.hydraulic-cylinders.net\/fi\/wp-json\/wp\/v2\/media\/17872"}],"wp:attachment":[{"href":"https:\/\/www.hydraulic-cylinders.net\/fi\/wp-json\/wp\/v2\/media?parent=19096"}],"wp:term":[{"taxonomy":"product_brand","embeddable":true,"href":"https:\/\/www.hydraulic-cylinders.net\/fi\/wp-json\/wp\/v2\/product_brand?post=19096"},{"taxonomy":"product_cat","embeddable":true,"href":"https:\/\/www.hydraulic-cylinders.net\/fi\/wp-json\/wp\/v2\/product_cat?post=19096"},{"taxonomy":"product_tag","embeddable":true,"href":"https:\/\/www.hydraulic-cylinders.net\/fi\/wp-json\/wp\/v2\/product_tag?post=19096"}],"curies":[{"name":"wp","href":"https:\/\/api.w.org\/{rel}","templated":true}]}}