{"id":19100,"date":"2025-04-07T06:12:55","date_gmt":"2025-04-07T06:12:55","guid":{"rendered":"https:\/\/www.hydraulic-cylinders.net\/product\/boom-cylinder-for-grand-cme85-9\/"},"modified":"2025-04-07T06:12:58","modified_gmt":"2025-04-07T06:12:58","slug":"boom-cylinder-for-grand-cme85-9","status":"publish","type":"product","link":"https:\/\/www.hydraulic-cylinders.net\/fi\/tuote\/boom-cylinder-for-grand-cme85-9\/","title":{"rendered":"Puomin sylinteri Grand CME85-9:lle"},"content":{"rendered":"<h1>Puomin sylinteri Grand CME85-9:lle<\/h1>\n<h2>Johdatus puomin sylintereihin<\/h2>\n<p>Puomin sylinteri on t\u00e4rke\u00e4 osa hydrauliikkaj\u00e4rjestelmi\u00e4, ja se on erityisesti suunniteltu ohjaamaan kauhojen liikett\u00e4 erilaisissa raskaissa koneissa, kuten kaivinkoneissa, kaivurikuormaajissa ja etukuormaajissa. T\u00e4m\u00e4 hydraulisylinteri vastaa kauhan nostamisesta, laskemisesta ja kallistamisesta, mik\u00e4 helpottaa tehokasta materiaalink\u00e4sittely\u00e4. Sen avulla k\u00e4ytt\u00e4j\u00e4t voivat suorittaa teht\u00e4vi\u00e4, kuten kaivamista, nostamista ja materiaalien kuljettamista, tarkasti ja helposti.<\/p>\n<p><img decoding=\"async\" src=\"https:\/\/www.hydraulic-cylinders.net\/wp-content\/uploads\/2025\/04\/songte-company-1.webp\" alt=\"Puomin sylinterin kuva\" \/><\/p>\n<h3>Toiminnot ja yleiskatsaus<\/h3>\n<p>Kauhasylinteri, hydraulij\u00e4rjestelm\u00e4n olennainen osa, toimii hydraulinesteen avulla luoden paineen, joka muuttuu mekaaniseksi liikkeeksi. Rakenne mahdollistaa hallitun ja tasaisen toiminnan varmistaen, ett\u00e4 raskaat koneet voivat toimia optimaalisesti erilaisissa olosuhteissa. Hydraulisen voiman avulla puomisylinteri pystyy k\u00e4sittelem\u00e4\u00e4n tehokkaasti raskaita kuormia ja dynaamisia sovelluksia, mik\u00e4 tekee siit\u00e4 ratkaisevan t\u00e4rke\u00e4n elementin rakennus- ja maatalousaloilla.<\/p>\n<h2>Puomin sylinterin ominaisuudet<\/h2>\n<ul>\n<li><strong>Korkea lujuus ja kest\u00e4vyys:<\/strong> Erikoislujuuster\u00e4ksest\u00e4 tai alumiinista valmistetut puomin sylinterit kest\u00e4v\u00e4t korkeaa painetta ja raskaita kuormia, joten ne sopivat erinomaisesti vaativiin ty\u00f6ymp\u00e4rist\u00f6ihin. Ne on suunniteltu kulutuskest\u00e4vyydeksi ja korroosiosuojaukseksi, mik\u00e4 pident\u00e4\u00e4 niiden k\u00e4ytt\u00f6ik\u00e4\u00e4.<\/li>\n<li><strong>Tehokas hydraulinen k\u00e4ytt\u00f6:<\/strong> Hydrauli\u00f6ljyn painetta hy\u00f6dynt\u00e4v\u00e4t sylinterit takaavat tasaisen ulos- ja sis\u00e4\u00e4nvedon ja reagoivat nopeasti ohjauskomentoihin. Ne tarjoavat tehokkaita ty\u00f6nt\u00f6- ja vetovoimia, jotka sopivat raskaiden ja monimutkaisten teht\u00e4vien k\u00e4sittelyyn.<\/li>\n<li><strong>Erilaisia \u200b\u200btyyppej\u00e4:<\/strong> K\u00e4ytt\u00f6tarpeista riippuen k\u00e4ytt\u00e4j\u00e4t voivat valita yksitoimisten (hydraulinen voima yhteen suuntaan) ja kaksitoimisten (hydraulinen voima molempiin suuntiin) sylinterien v\u00e4lill\u00e4. Jotkut mallit ovat teleskooppisia, mik\u00e4 mahdollistaa suuremman jatkeen ilman ulkomittojen kasvua, mik\u00e4 sopii ahtaisiin sovelluksiin.<\/li>\n<li><strong>Mukautettu valmistus:<\/strong> Tuotteemme voivat t\u00e4ydellisesti korvata erilaisia \u200b\u200bhydraulisylintereit\u00e4 varmistaen yhteensopivuuden olemassa olevien koneiden kanssa.<\/li>\n<li><strong>Kattava laadunvalvonta:<\/strong> Jokainen puomin sylinteri k\u00e4y l\u00e4pi tiukat testit ja laatutarkastukset kest\u00e4vyys- ja suorituskykystandardien t\u00e4ytt\u00e4miseksi, mik\u00e4 takaa asiakastyytyv\u00e4isyyden.<\/li>\n<\/ul>\n<p><img decoding=\"async\" src=\"https:\/\/www.hydraulic-cylinders.net\/wp-content\/uploads\/2025\/04\/songte-cylinder-head-with-all-kinds-excavator-models.webp\" alt=\"Kaivinkonemallit\" \/><\/p>\n<h2>Puomisylinterien k\u00e4ytt\u00f6skenaariot<\/h2>\n<h3>Rakennuslaitteet<\/h3>\n<p>Kaivinkoneissa puomin sylinterit ovat ratkaisevan t\u00e4rkeit\u00e4 kaivamisessa, lastaamisessa ja maan tai roskien siirt\u00e4misess\u00e4. Ne eiv\u00e4t ainoastaan \u200b\u200bhelpota kaivamista, vaan my\u00f6s auttavat raskaiden kuormien nostamisessa, mik\u00e4 tekee niist\u00e4 korvaamattomia rakennusty\u00f6mailla, joilla tehokkuus ja lujuus ovat ensiarvoisen t\u00e4rkeit\u00e4.<\/p>\n<h3>Maatalouskoneet<\/h3>\n<p>Etukuormaajissa puomisylintereit\u00e4 k\u00e4ytet\u00e4\u00e4n maan, hein\u00e4n ja muiden materiaalien kauhaamiseen, nostamiseen ja kuljettamiseen. Niiden kest\u00e4v\u00e4 rakenne mahdollistaa erilaisten maatalousteht\u00e4vien tehokkaan k\u00e4sittelyn ja varmistaa tuottavuuden maatiloilla ja maataloustoiminnassa.<\/p>\n<h3>Kaivinkoneet<\/h3>\n<p>Kaivinkoneissa puomin sylinteri mahdollistaa kauhan tehokkaan tunkeutumisen maahan, mik\u00e4 tehostaa kaivua. Sen hydraulinen toiminta varmistaa, ett\u00e4 kaivuty\u00f6t voidaan suorittaa nopeasti ja tehokkaasti, mik\u00e4 maksimoi tuottavuuden rakennusty\u00f6mailla.<\/p>\n<h3>Kuormaajat<\/h3>\n<p>Etukuormaajissa puomisylintereill\u00e4 on keskeinen rooli kuormien nostamisessa ja tyhjent\u00e4misess\u00e4. Niiden kyky k\u00e4sitell\u00e4 raskaita materiaaleja ja s\u00e4ilytt\u00e4\u00e4 samalla vakaus tekee niist\u00e4 v\u00e4ltt\u00e4m\u00e4tt\u00f6mi\u00e4 tehokkaalle materiaalink\u00e4sittelylle eri teollisuudenaloilla.<\/p>\n<h2>Suunnittelun\u00e4k\u00f6kohdat ja valintastandardit<\/h2>\n<h3>Kantavuus<\/h3>\n<p>Yksi t\u00e4rkeimmist\u00e4 huomioista puomisylinterien suunnittelussa on niiden kuormituskapasiteetti. Sylinterin on kyett\u00e4v\u00e4 tukemaan k\u00e4yt\u00f6n aikana kohtaamiaan enimm\u00e4ispainoja ilman vikaantumisriski\u00e4. T\u00e4m\u00e4 varmistaa, ett\u00e4 koneet voivat toimia turvallisesti ja tehokkaasti, erityisesti vaativissa ymp\u00e4rist\u00f6iss\u00e4.<\/p>\n<h3>Tiivistys<\/h3>\n<p>Tehokas tiivistys on ratkaisevan t\u00e4rke\u00e4\u00e4 hydraulisylintereiss\u00e4 nestevuotojen est\u00e4miseksi, jotka voivat vaarantaa suorituskyvyn ja turvallisuuden. Kest\u00e4vist\u00e4 materiaaleista valmistetut korkealaatuiset tiivisteet ovat v\u00e4ltt\u00e4m\u00e4tt\u00f6mi\u00e4 hydraulipaineen yll\u00e4pit\u00e4miseksi ja k\u00e4ytt\u00f6i\u00e4n pident\u00e4miseksi.<\/p>\n<h3>Kest\u00e4vyys<\/h3>\n<p>Puomisylintereiden valmistuksessa k\u00e4ytettyjen materiaalien on oltava poikkeuksellisen kest\u00e4vi\u00e4. T\u00e4h\u00e4n sis\u00e4ltyy kulumisenkest\u00e4vyys sek\u00e4 kyky kest\u00e4\u00e4 ankaria ymp\u00e4rist\u00f6olosuhteita. Hyvin suunniteltu sylinteri tarjoaa pitk\u00e4n k\u00e4ytt\u00f6i\u00e4n ja minimoi vaihtotarpeen.<\/p>\n<h3>Turvaominaisuudet<\/h3>\n<p>Turvallisuus on \u00e4\u00e4rimm\u00e4isen t\u00e4rke\u00e4\u00e4 hydraulij\u00e4rjestelmiss\u00e4. Puomisylintereiss\u00e4 tulisi olla turvaominaisuuksia, kuten paineenalennusventtiilit, ja kest\u00e4v\u00e4 rakenne vakavien vikojen est\u00e4miseksi. S\u00e4\u00e4nn\u00f6lliset turvallisuustarkastukset ja k\u00e4ytt\u00f6ohjeiden noudattaminen parantavat entisest\u00e4\u00e4n hydraulisten laitteiden turvallisuutta.<\/p>\n<h3>Huolto ja korjattavuus<\/h3>\n<p>Puomisylinterien suunnittelu huoltoa ajatellen mahdollistaa helpommat korjaukset ja vaihdot. Ominaisuudet, kuten helposti saavutettavat tiivisteet ja voitelupisteet, varmistavat, ett\u00e4 rutiinihuolto voidaan suorittaa minimaalisella seisokkiajalla, mik\u00e4 edist\u00e4\u00e4 toiminnan kokonaistehokkuutta.<\/p>\n<p><img decoding=\"async\" src=\"https:\/\/www.hydraulic-cylinders.net\/wp-content\/uploads\/2025\/04\/songte-oil-pipes-and-spare-parts.webp\" alt=\"\u00d6ljyputket ja varaosat\" \/><\/p>\n<h2>Puomisylinterien tiivistys ja voitelu<\/h2>\n<p>Asianmukainen tiivistys ja voitelu ovat ratkaisevan t\u00e4rkeit\u00e4 puomisylinterien toiminnalle. Erilaisia \u200b\u200btiivisteit\u00e4, kuten m\u00e4nn\u00e4n ja varren tiivisteit\u00e4, k\u00e4ytet\u00e4\u00e4n tiukan tiivistyksen varmistamiseksi ja hydraulinesteen vuotojen est\u00e4miseksi. Materiaaleja, kuten polyuretaania ja nitriilikumia, k\u00e4ytet\u00e4\u00e4n yleisesti niiden kulutuskest\u00e4vyyden ja pitk\u00e4n k\u00e4ytt\u00f6i\u00e4n vuoksi.<\/p>\n<p>Sylinterin rungon ja kierteitettyjen p\u00e4iden pinnat viimeistell\u00e4\u00e4n tarkasti kest\u00e4vyyden parantamiseksi ja kulumisen v\u00e4hent\u00e4miseksi. Hydrauli\u00f6ljyn s\u00e4\u00e4nn\u00f6llinen t\u00e4ytt\u00f6 on my\u00f6s t\u00e4rke\u00e4\u00e4 optimaalisen voitelun yll\u00e4pit\u00e4miseksi, mik\u00e4 varmistaa sujuvan toiminnan ja v\u00e4hent\u00e4\u00e4 liikkuvien osien v\u00e4list\u00e4 kitkaa.<\/p>\n<h2>S\u00e4\u00e4nn\u00f6lliset tarkastukset ja ennaltaehk\u00e4isev\u00e4t huoltotoimenpiteet<\/h2>\n<ul>\n<li><strong>Rutiinitarkastukset:<\/strong> Tarkista sylinteri s\u00e4\u00e4nn\u00f6llisesti silm\u00e4m\u00e4\u00e4r\u00e4isesti kulumisen, vuotojen tai vaurioiden varalta. T\u00e4m\u00e4 ennakoiva l\u00e4hestymistapa voi tunnistaa ongelmat ennen kuin ne eskaloituvat suuremmiksi ongelmiksi.<\/li>\n<li><strong>Asianmukainen voitelu:<\/strong> Pid\u00e4 hydrauliikkaj\u00e4rjestelm\u00e4n voitelutaso asianmukaisena. Tarkista \u00f6ljym\u00e4\u00e4r\u00e4t ja laatu s\u00e4\u00e4nn\u00f6llisesti varmistaaksesi, ett\u00e4 hydrauliikkaj\u00e4rjestelm\u00e4 toimii moitteettomasti.<\/li>\n<li><strong>Tiivisteen vaihto:<\/strong> Tarkkaile tiivisteiden kuntoa ja vaihda ne tarvittaessa vuotojen est\u00e4miseksi ja j\u00e4rjestelm\u00e4n eheyden yll\u00e4pit\u00e4miseksi.<\/li>\n<\/ul>\n<h2>Puomisylinterien asennusohjeet<\/h2>\n<p>Puomisylinterien oikea asennus on elint\u00e4rke\u00e4\u00e4 niiden suorituskyvyn ja pitk\u00e4n k\u00e4ytt\u00f6i\u00e4n kannalta. Aloita varmistamalla, ett\u00e4 kiinnityspinnat ovat puhtaat ja roskattomat. Kohdista sylinteri koneiston kiinnityspisteisiin varmistaaksesi oikean istuvuuden.<\/p>\n<p>K\u00e4yt\u00e4 sopivia kiinnityskorvakkeita sylinterin kiinnitt\u00e4miseksi tukevasti paikalleen est\u00e4en sen liikkumisen k\u00e4yt\u00f6n aikana. Asennuksen j\u00e4lkeen tarkista perusteellisesti, ett\u00e4 kaikki liit\u00e4nn\u00e4t ovat tiukat ja ett\u00e4 hydrauliikkalinjat on reititetty oikein ilman mutkia tai ter\u00e4vi\u00e4 mutkia.<\/p>\n<p>Asennuksen j\u00e4lkeen tarkista hydrauliikkaj\u00e4rjestelm\u00e4 vuotojen varalta ja tee painekoe varmistaaksesi sen toiminnan. On t\u00e4rke\u00e4\u00e4 noudattaa valmistajan asennussuosituksia mahdollisten ongelmien v\u00e4ltt\u00e4miseksi tulevaisuudessa.<\/p>\n<h2>Yleiset huoltoteht\u00e4v\u00e4t<\/h2>\n<ul>\n<li><strong>S\u00e4\u00e4nn\u00f6lliset tarkastukset:<\/strong> Aikatauluta s\u00e4\u00e4nn\u00f6llisi\u00e4 tarkastuksia mahdollisten ongelmien havaitsemiseksi varhaisessa vaiheessa. N\u00e4ihin kuuluvat vuotojen, kulumisen ja mahdollisten poikkeavien toimintojen tarkistaminen.<\/li>\n<li><strong>Oikea voitelu:<\/strong> Varmista, ett\u00e4 hydrauliikka\u00f6ljyn taso on oikea ja ett\u00e4 se on hyv\u00e4ss\u00e4 kunnossa. Vaihda saastunut \u00f6ljy optimaalisen suorituskyvyn yll\u00e4pit\u00e4miseksi.<\/li>\n<li><strong>Tiivisteiden vaihto ja kalibrointitarkastukset:<\/strong> Tarkista tiivisteiden kuluminen s\u00e4\u00e4nn\u00f6llisesti ja vaihda ne tarvittaessa vuotojen est\u00e4miseksi. Kalibroi hydraulij\u00e4rjestelm\u00e4 s\u00e4\u00e4nn\u00f6llisesti tarkkuuden ja tehokkuuden yll\u00e4pit\u00e4miseksi.<\/li>\n<\/ul>\n<p>Puomisylinterien oikea asennus, voitelu ja s\u00e4\u00e4t\u00f6 ovat ratkaisevan t\u00e4rkeit\u00e4 niiden suorituskyvyn kannalta. Varmista, ett\u00e4 sylinteri on kohdistettu oikein asennuksen aikana ja k\u00e4yt\u00e4 sopivia tukikiinnikkeit\u00e4 sen kiinnitt\u00e4miseen. Noudata suositeltuja tarkastus-, korjaus- ja vaihtomenettelyj\u00e4 tuotteen k\u00e4ytt\u00f6i\u00e4n maksimoimiseksi.<\/p>\n<p><img decoding=\"async\" src=\"https:\/\/www.hydraulic-cylinders.net\/wp-content\/uploads\/2025\/04\/songte-chushion-collar.webp\" alt=\"Tyynykaulus\" \/><\/p>\n<h2>Turvallisuusn\u00e4k\u00f6kohdat ja ymp\u00e4rist\u00f6tekij\u00e4t<\/h2>\n<p>Puomisylintereit\u00e4 k\u00e4ytett\u00e4ess\u00e4 on t\u00e4rke\u00e4\u00e4 asettaa etusijalle turvatoimenpiteet k\u00e4ytt\u00e4jien ja laitteiden suojaamiseksi. Varmista, ett\u00e4 kaikkia turvallisuusprotokollia noudatetaan hydraulij\u00e4rjestelmiin liittyvien riskien minimoimiseksi, erityisesti raskaiden kuormien kanssa ty\u00f6skennelt\u00e4ess\u00e4. K\u00e4ytt\u00e4jien koulutus puomisylintereill\u00e4 varustettujen koneiden asianmukaisesta k\u00e4yt\u00f6st\u00e4 voi parantaa huomattavasti turvallisuutta ty\u00f6mailla.<\/p>\n<h2>Vianm\u00e4\u00e4ritys ja yleiset ongelmat<\/h2>\n<ul>\n<li><strong>Vuoto:<\/strong> Yksi yleisimmist\u00e4 puomisylintereiden ongelmista on vuoto, joka usein johtuu kuluneista tiivisteist\u00e4 tai vaurioituneista osista. S\u00e4\u00e4nn\u00f6llinen huolto ja oikea-aikainen vaihto voivat est\u00e4\u00e4 t\u00e4m\u00e4n ongelman.<\/li>\n<li><strong>Huono suorituskyky:<\/strong> Jos sylinteri ei toimi tasaisesti, se voi johtua hydraulij\u00e4rjestelm\u00e4ss\u00e4 olevasta ilmasta tai riitt\u00e4m\u00e4tt\u00f6m\u00e4st\u00e4 hydraulinesteest\u00e4. Ilmaa j\u00e4rjestelm\u00e4 ja tarkista nestetasot toiminnan palauttamiseksi.<\/li>\n<li><strong>Odottamaton liike:<\/strong> Jos sylinteri liikkuu odottamatta, tarkista ohjausj\u00e4rjestelm\u00e4 vikojen varalta. Varmista, ett\u00e4 s\u00e4\u00e4timet toimivat oikein eik\u00e4 toimintaa haittaavia esteit\u00e4 ole.<\/li>\n<\/ul>\n<p>Ongelmien tehokkaaseen ratkaisemiseen on t\u00e4rke\u00e4\u00e4 suorittaa perusteellinen diagnostiikka ja noudattaa vianetsint\u00e4protokollia. Toteuta ennaltaehk\u00e4isevi\u00e4 toimenpiteit\u00e4 yleisten ongelmien esiintymisen minimoimiseksi ja varmista hydraulij\u00e4rjestelm\u00e4n luotettava ja tehokas toiminta.<\/p>\n<p><img decoding=\"async\" src=\"https:\/\/www.hydraulic-cylinders.net\/wp-content\/uploads\/2025\/04\/songte-bushings-with-all-kinds-of-excavator-models.webp\" alt=\"Kaivinkonemallien holkit\" \/><\/p>\n<h2>Tietoa yrityksest\u00e4mme<\/h2>\n<p>Olemme johtava hydraulisten sylinterien vaihtolaitteiden valmistaja, joka tarjoaa kattavan valikoiman tuotteita vastaamaan monipuolisiin markkinoiden tarpeisiin. Sitoutumisemme huippulaatuun on tehnyt meist\u00e4 merkitt\u00e4v\u00e4n toimijan sek\u00e4 kotimaisilla ett\u00e4 kansainv\u00e4lisill\u00e4 markkinoilla. Edistyksellisten valmistusstrategioiden ja tarkkuuteen keskittymisen avulla parannamme tuotantokapasiteettiamme.<\/p>\n<p>Taitavien ammattilaisten tiimimme hy\u00f6dynt\u00e4\u00e4 huippuluokan digitaalisia valmistuslaitteita ja erikoistuneita testausj\u00e4rjestelmi\u00e4 varmistaakseen, ett\u00e4 jokainen tuote t\u00e4ytt\u00e4\u00e4 tiukat laatustandardit. Prioriteettimme on tehokkuus, tarkkuus ja korkealaatuiset tulokset, jotta voimme t\u00e4ytt\u00e4\u00e4 asiakkaidemme monipuoliset vaatimukset.<\/p>\n<p>Tarjoamme r\u00e4\u00e4t\u00e4l\u00f6ityj\u00e4 palveluita, jotka on r\u00e4\u00e4t\u00e4l\u00f6ity vastaamaan asiakkaiden erityistarpeita varmistaen, ett\u00e4 tuotteemme sopivat t\u00e4ydellisesti erilaisiin sovelluksiin. Myynnin j\u00e4lkeinen tukemme takaa, ett\u00e4 asiakkaat saavat tarvitsemaansa apua, mik\u00e4 edist\u00e4\u00e4 pitk\u00e4aikaisia, tyytyv\u00e4isyyteen ja luottamukseen perustuvia suhteita.<\/p>\n<p><img decoding=\"async\" src=\"https:\/\/www.hydraulic-cylinders.net\/wp-content\/uploads\/2025\/04\/songte-company-4.webp\" alt=\"Yrityskuva 1\" \/><br \/>\n<img decoding=\"async\" src=\"https:\/\/www.hydraulic-cylinders.net\/wp-content\/uploads\/2025\/04\/songte-company-3.webp\" alt=\"Yrityskuva 2\" \/><\/p>\n<p>Kirjoittaja: lyl<\/p>","protected":false},"excerpt":{"rendered":"<p>Boom Cylinder For Grand CME85-9 Introduction to Boom Cylinders The Boom Cylinder is a vital component in hydraulic systems, specifically designed for controlling the movement of buckets in various heavy machinery such as excavators, backhoe loaders, and front-end loaders. This hydraulic cylinder is responsible for raising, lowering, and tilting the bucket, facilitating efficient material handling [&hellip;]<\/p>","protected":false},"featured_media":17876,"comment_status":"open","ping_status":"closed","template":"","meta":{"_et_pb_use_builder":"","_et_pb_old_content":"","_et_gb_content_width":""},"product_brand":[],"product_cat":[1546],"product_tag":[1547,1496],"class_list":{"0":"post-19100","1":"product","2":"type-product","3":"status-publish","4":"has-post-thumbnail","6":"product_cat-boom-cylinders","7":"product_tag-boom-cylinders","8":"product_tag-hydraulic-cylinders","10":"first","11":"instock","12":"shipping-taxable","13":"product-type-simple"},"amp_enabled":true,"_links":{"self":[{"href":"https:\/\/www.hydraulic-cylinders.net\/fi\/wp-json\/wp\/v2\/product\/19100","targetHints":{"allow":["GET"]}}],"collection":[{"href":"https:\/\/www.hydraulic-cylinders.net\/fi\/wp-json\/wp\/v2\/product"}],"about":[{"href":"https:\/\/www.hydraulic-cylinders.net\/fi\/wp-json\/wp\/v2\/types\/product"}],"replies":[{"embeddable":true,"href":"https:\/\/www.hydraulic-cylinders.net\/fi\/wp-json\/wp\/v2\/comments?post=19100"}],"wp:featuredmedia":[{"embeddable":true,"href":"https:\/\/www.hydraulic-cylinders.net\/fi\/wp-json\/wp\/v2\/media\/17876"}],"wp:attachment":[{"href":"https:\/\/www.hydraulic-cylinders.net\/fi\/wp-json\/wp\/v2\/media?parent=19100"}],"wp:term":[{"taxonomy":"product_brand","embeddable":true,"href":"https:\/\/www.hydraulic-cylinders.net\/fi\/wp-json\/wp\/v2\/product_brand?post=19100"},{"taxonomy":"product_cat","embeddable":true,"href":"https:\/\/www.hydraulic-cylinders.net\/fi\/wp-json\/wp\/v2\/product_cat?post=19100"},{"taxonomy":"product_tag","embeddable":true,"href":"https:\/\/www.hydraulic-cylinders.net\/fi\/wp-json\/wp\/v2\/product_tag?post=19100"}],"curies":[{"name":"wp","href":"https:\/\/api.w.org\/{rel}","templated":true}]}}