{"id":1913,"date":"2023-10-19T07:48:03","date_gmt":"2023-10-19T07:48:03","guid":{"rendered":"https:\/\/hydraulic-cylinders.net\/?post_type=product&#038;p=1913"},"modified":"2025-04-11T02:51:43","modified_gmt":"2025-04-11T02:51:43","slug":"double-shield-tbm-auxiliary-thrust-cylinder","status":"publish","type":"product","link":"https:\/\/www.hydraulic-cylinders.net\/fi\/tuote\/double-shield-tbm-auxiliary-thrust-cylinder\/","title":{"rendered":"Tuplasuojattu TBM:n aputy\u00f6nt\u00f6sylinteri"},"content":{"rendered":"<h1 style=\"text-align: center;\"><strong>Tuplasuojattu TBM:n aputy\u00f6nt\u00f6sylinteri<\/strong><\/h1>\n<p><img loading=\"lazy\" decoding=\"async\" class=\"aligncenter wp-image-1914\" src=\"https:\/\/hydraulic-cylinders.net\/wp-content\/uploads\/2023\/10\/auxiliary-thrust-cylinder-1-300x300.webp\" alt=\"\" width=\"400\" height=\"400\" \/><\/p>\n<p>Kaksoissuojattu TBM:n aputy\u00f6nt\u00f6sylinteri on huippuluokan hydraulinen komponentti, joka on elint\u00e4rke\u00e4 tunnelinporauskoneiden suorituskyvyn optimoinnissa. T\u00e4m\u00e4 erikoissylinteri on suunniteltu tarjoamaan aputy\u00f6nt\u00f6sylinteri\u00e4, tukemaan p\u00e4\u00e4ty\u00f6nt\u00f6sylinteri\u00e4 ja parantamaan tunnelointiprosessin tehokkuutta. T\u00e4ss\u00e4 kattavassa artikkelissa perehdyt\u00e4\u00e4n kaksoissuojatun TBM:n aputy\u00f6nt\u00f6sylinterin t\u00e4rkeimpiin ominaisuuksiin, k\u00e4ytt\u00f6tapoihin ja huolto-ohjeisiin.<\/p>\n<p>Kaksoissuojattu TBM-apusylinteri on ratkaiseva komponentti, joka antaa tunnelinporauskoneille mahdollisuuden saavuttaa vertaansa vailla oleva tehokkuus ja tuottavuus. Parannetun ty\u00f6nt\u00f6voiman tuen, kest\u00e4v\u00e4n rakenteen, kompaktin rakenteen ja tarkkojen ohjausmekanismien ansiosta t\u00e4m\u00e4 sylinteri varmistaa tunnelointitoimintojen sujuvan ja tehokkaan etenemisen. Noudattamalla suositeltuja k\u00e4ytt\u00f6menetelmi\u00e4 ja s\u00e4\u00e4nn\u00f6llisi\u00e4 huoltok\u00e4yt\u00e4nt\u00f6j\u00e4 kaksoissuojattu TBM-apusylinteri tarjoaa jatkossakin poikkeuksellisen suorituskyvyn ja edist\u00e4\u00e4 tunnelointiprojektien onnistumista. Hy\u00f6dynn\u00e4 kaksoissuojatun TBM-apusylinterin teho ja luotettavuus, jotka mullistavat tunnelinporauksen vertaansa vailla olevalla tehokkuudella ja vaikuttavuudella.<\/p>\n<p>Tuplasuojatun TBM:n aputy\u00f6nt\u00f6sylinterin keskeiset ominaisuudet:<\/p>\n<ul>\n<li>Parannettu ty\u00f6nt\u00f6voiman tuki: Kaksinkertainen suojausj\u00e4rjestelm\u00e4 on suunniteltu tarjoamaan poikkeuksellisen paljon aputy\u00f6nt\u00f6voimaa p\u00e4\u00e4ty\u00f6nt\u00f6voiman tukisylinterille. Tarjoamalla lis\u00e4voimaa se varmistaa tunnelinporauskoneen vakaan ja tehokkaan etenemisen jopa haastavissa maaper\u00e4olosuhteissa.<\/li>\n<li>Kest\u00e4v\u00e4 rakenne: T\u00e4ss\u00e4 sylinteriss\u00e4 on kest\u00e4v\u00e4 ja lujatekoinen rakenne, joka on suunniteltu kest\u00e4m\u00e4\u00e4n tunnelointitoiminnan vaativia olosuhteita. Sen korkealaatuiset materiaalit ja huolellinen valmistus takaavat pitk\u00e4n k\u00e4ytt\u00f6i\u00e4n ja luotettavuuden jopa ankarimmissa olosuhteissa.<\/li>\n<li>Kompakti muotoilu: Kaksoissuojattu TBM:n aputy\u00f6nt\u00f6sylinteri on kompaktin rakenteensa ansiosta helppo integroida tunnelinporauskoneeseen. Sen tilaa s\u00e4\u00e4st\u00e4v\u00e4 rakenne minimoi h\u00e4iri\u00f6t muiden komponenttien kanssa, mik\u00e4 maksimoi tunnelointiprosessin kokonaistehokkuuden.<\/li>\n<li>Tarkat ohjausmekanismit: Edistyksellisill\u00e4 ohjausmekanismeilla varustettu t\u00e4m\u00e4 sylinteri tarjoaa tarkan ja herk\u00e4n toiminnan. K\u00e4ytt\u00e4j\u00e4t voivat s\u00e4\u00e4t\u00e4\u00e4 apuvoimaa tiettyjen maasto-olosuhteiden mukaan, mik\u00e4 varmistaa optimaalisen suorituskyvyn ja minimoi h\u00e4iri\u00f6iden riskin.<\/li>\n<\/ul>\n<h2><strong>Tuplasuojatun TBM:n aputy\u00f6nt\u00f6sylinterin parametri:<\/strong><\/h2>\n<table border=\"1\" cellspacing=\"0\" cellpadding=\"0\">\n<tbody>\n<tr>\n<td>Tuotteen nimi<\/td>\n<td>Tuplasuojatun tunnelinporauskoneen aputy\u00f6nt\u00f6sylinteri<\/td>\n<\/tr>\n<tr>\n<td>Ominaisuudet:<\/td>\n<td>Tukipy\u00f6r\u00e4n eteenp\u00e4in liikkuminen putkikappaleen ty\u00f6nt\u00e4miseksi aputy\u00f6nt\u00f6sylinterin reaktiovoiman avulla<\/td>\n<\/tr>\n<tr>\n<td>Rei\u00e4n halkaisija:<\/td>\n<td>220 mm\uff5e320 mm<\/td>\n<\/tr>\n<tr>\n<td>Tangon halkaisija:<\/td>\n<td>180 mm\uff5e240 mm<br \/>\nIsku: 2100 mm\uff5e2600 mm<\/td>\n<\/tr>\n<tr>\n<td>Paine:<\/td>\n<td>jopa 35 MPa<br \/>\nErikoisvaatimukset jopa 45 MPa<\/td>\n<\/tr>\n<tr>\n<td>Sovellukset:<\/td>\n<td>Tuplasuojattu tunnelinporauskone<\/td>\n<\/tr>\n<\/tbody>\n<\/table>\n<h2><strong>Kaksoissuojattu TBM-sylinterin k\u00e4ytt\u00f6:<\/strong><\/h2>\n<p><img loading=\"lazy\" decoding=\"async\" class=\"alignnone wp-image-1909 size-full\" src=\"https:\/\/hydraulic-cylinders.net\/wp-content\/uploads\/2023\/10\/double-shield-tbm-cylinder-1.webp\" alt=\"\" width=\"709\" height=\"473\" srcset=\"https:\/\/hydraulic-cylinders.net\/wp-content\/uploads\/2023\/10\/double-shield-tbm-cylinder-1.webp 709w, https:\/\/hydraulic-cylinders.net\/wp-content\/uploads\/2023\/10\/double-shield-tbm-cylinder-1-480x320.webp 480w\" sizes=\"(min-width: 0px) and (max-width: 480px) 480px, (min-width: 481px) 709px, 100vw\" \/><\/p>\n<h2><strong>Tuplasuojatun TBM:n aputy\u00f6nt\u00f6sylinterin k\u00e4ytt\u00f6tapa<\/strong><strong>:<\/strong><\/h2>\n<ol>\n<li><strong>Sylinterin integrointi:<\/strong> Asenna kaksoissuojatun tunneliporakoneen aputy\u00f6nt\u00f6sylinteri sille tarkoitettuun paikkaan tunnelinporauskoneessa valmistajan ohjeiden ja eritelmien mukaisesti. Varmista oikea kohdistus ja tukeva kiinnitys tunneliporakoneen rakenteeseen k\u00e4ytt\u00e4m\u00e4ll\u00e4 sopivia kiinnitystelineit\u00e4 tai lis\u00e4varusteita.<\/li>\n<li><strong>Hydraulij\u00e4rjestelm\u00e4n integrointi:<\/strong> Kytke sylinteri TBM:n hydraulij\u00e4rjestelm\u00e4\u00e4n yhteensopivilla letkuilla ja liittimill\u00e4. Varmista, ett\u00e4 kaikki liit\u00e4nn\u00e4t ovat tukevasti kiinni, vuotamattomat ja kunnolla kiristetty optimaalisen hydraulisen suorituskyvyn varmistamiseksi.<\/li>\n<li><strong>Ohjaus ja toiminta:<\/strong>\u00a0 Tutustu TBM:n ohjausj\u00e4rjestelm\u00e4\u00e4n ja kaksoissuojatun TBM:n aputy\u00f6nt\u00f6voiman erityisiin ohjaimiin. K\u00e4yt\u00e4 n\u00e4it\u00e4 ohjaimia aputy\u00f6nt\u00f6voiman aktivoimiseen, s\u00e4\u00e4t\u00e4miseen ja valvontaan sek\u00e4 sen s\u00e4\u00e4t\u00e4miseen tunnelointiprosessin ja maaper\u00e4n olosuhteiden vaatimusten mukaisesti.<\/li>\n<li><strong>Seuranta ja s\u00e4\u00e4t\u00f6:<\/strong>\u00a0 Seuraa jatkuvasti kaksoissuojatun TBM-apusylinterin suorituskyky\u00e4 ja tunnelinporauskoneen yleist\u00e4 k\u00e4ytt\u00e4ytymist\u00e4. Tee tarvittavat s\u00e4\u00e4d\u00f6t aputy\u00f6nt\u00f6voimaan ottaen huomioon maaper\u00e4n olosuhteet, geologiset vaihtelut ja muut tekij\u00e4t, jotka voivat vaikuttaa tunnelointiprosessiin.<\/li>\n<\/ol>\n<h2><strong>Kuinka vaihtaa tiiviste hydraulisylinteriss\u00e4?<\/strong><\/h2>\n<p>Ennen aloittamista varmista, ett\u00e4 sinulla on tarvittavat ty\u00f6kalut, vaihtotiivisteet ja puhdas ty\u00f6skentelyalue. Noudata lis\u00e4ksi turvallisuusohjeita onnettomuuksien v\u00e4ltt\u00e4miseksi, kuten j\u00e4rjestelm\u00e4n paineen poistamista.<\/p>\n<ol>\n<li><strong>Valmistele sylinteri:<\/strong>\n<ul>\n<li>Irrota hydraulisylinteri j\u00e4rjestelm\u00e4st\u00e4 ja varmista, ett\u00e4 se on paineeton.<\/li>\n<li>Puhdista sylinterin ulkopinta est\u00e4\u00e4ksesi lian tai roskien p\u00e4\u00e4syn sis\u00e4\u00e4n purkamisen aikana.<\/li>\n<li>Aseta sylinteri vakaalle ty\u00f6alustalle ja kiinnit\u00e4 se puristimilla tai ruuvipenkill\u00e4.<\/li>\n<\/ul>\n<\/li>\n<li><strong>Irrota kiinnitysosat:<\/strong>\n<ul>\n<li>Tunnista sylinterikannen tai korkin kiinnitt\u00e4v\u00e4t kiinnitysosat, kuten pultit tai lukkorenkaat.<\/li>\n<li>K\u00e4yt\u00e4 sopivia ty\u00f6kaluja (jakoavaimia, hylsyj\u00e4, pihtej\u00e4) n\u00e4iden kiinnitysosien l\u00f6ys\u00e4\u00e4miseen ja irrottamiseen.<\/li>\n<li>S\u00e4ilyt\u00e4 osat turvallisessa paikassa kokoamista varten.<\/li>\n<\/ul>\n<\/li>\n<li><strong>Erota sylinterin osat:<\/strong>\n<ul>\n<li>Kopauta sylinterin kantta tai korkkia varovasti pehme\u00e4ll\u00e4 vasaralla rikkoaksesi mahdollisen tiivisteen tai liimapinnan.<\/li>\n<li>Irrota sylinterinkansi tai korkki hitaasti ja varovasti paljastaen m\u00e4nn\u00e4n ja tiivisteen.<\/li>\n<li>Kiinnit\u00e4 huomiota kaikkiin kiiloihin, v\u00e4likappaleisiin tai muihin l\u00e4sn\u00e4 oleviin osiin ja irrota ne my\u00f6hemp\u00e4\u00e4 kokoamista varten.<\/li>\n<\/ul>\n<\/li>\n<li><strong>Poista vanha tiiviste:<\/strong>\n<ul>\n<li>Tarkasta vanha tiiviste vaurioiden tai kulumisen varalta ja tunnista k\u00e4ytetyn tiivisteen tyyppi.<\/li>\n<li>Tiivistetyypist\u00e4 riippuen saatat joutua k\u00e4ytt\u00e4m\u00e4\u00e4n tiivisteen poistoty\u00f6kaluja (tikkuja, koukkuja) tai kampeamaan sen varovasti ulos litte\u00e4k\u00e4rkisell\u00e4 ruuvimeisselill\u00e4.<\/li>\n<li>Huomioi tiivisteen suunta uuden tiivisteen oikean asennuksen varmistamiseksi.<\/li>\n<\/ul>\n<\/li>\n<li><strong>Puhdista ja tarkista:<\/strong>\n<ul>\n<li>Puhdista sylinterin reik\u00e4, m\u00e4nt\u00e4 ja ymp\u00e4r\u00f6iv\u00e4t osat huolellisesti nukkaamattomalla liinalla tai hydraulij\u00e4rjestelm\u00e4llesi sopivalla liuottimella.<\/li>\n<li>Tarkasta kaikki osat vaurioiden, kulumisen tai naarmujen varalta. Vaihda kuluneet tai vaurioituneet osat tarvittaessa.<\/li>\n<\/ul>\n<\/li>\n<li><strong>Asenna uusi tiiviste:<\/strong>\n<ul>\n<li>Voitele uusi tiiviste hydraulinesteell\u00e4 tai yhteensopivalla tiivistevoiteluaineella.<\/li>\n<li>Aseta uusi tiiviste varovasti tiivisteuraan tai m\u00e4nt\u00e4\u00e4n varmistaen, ett\u00e4 se on oikein p\u00e4in, kuten tiivistett\u00e4 irrotettaessa on mainittu.<\/li>\n<li>Paina tiiviste varovasti paikalleen tiivisteen asennusty\u00f6kalulla tai pehme\u00e4ll\u00e4 vasaralla varmistaen, ett\u00e4 se on oikein ja tasaisesti paikallaan.<\/li>\n<\/ul>\n<\/li>\n<li><strong>Kokoa sylinteri uudelleen:<\/strong>\n<ul>\n<li>Asenna purkamisen aikana irrotetut kiiloja, v\u00e4likappaleita tai muita komponentteja takaisin paikoilleen.<\/li>\n<li>Kohdista sylinterinkansi tai sylinterinkorkki varovasti sylinterinrunkoon ja ohjaa m\u00e4nt\u00e4 sen l\u00e4pi.<\/li>\n<li>Levit\u00e4 sopivaa kierretiivistett\u00e4 tai kierrelukitetta kiinnitysosiin ja kiinnit\u00e4 ne tukevasti takaisin.<\/li>\n<li>Noudata valmistajan kiristysmomenttiohjeita kiinnitysosien kirist\u00e4misess\u00e4 varmistaaksesi asianmukaisen tiiviyden ja kohdistuksen.<\/li>\n<\/ul>\n<\/li>\n<li><strong>Testaa ja varmista:<\/strong>\n<ul>\n<li>Kytke hydraulisylinteri takaisin j\u00e4rjestelm\u00e4\u00e4n ja varmista, ett\u00e4 kaikki liit\u00e4nn\u00e4t ovat tiukasti kiinni.<\/li>\n<li>Palauta j\u00e4rjestelm\u00e4n paine v\u00e4hitellen ja tarkista mahdollisten vuotojen tai ep\u00e4normaalien toimintojen varalta.<\/li>\n<li>K\u00e4yt\u00e4 hydraulisylinteri\u00e4 kokonaan varmistaaksesi oikean toiminnan ja tiivisteen eheyden.<\/li>\n<\/ul>\n<\/li>\n<\/ol>\n<h2><strong>Tehtaan kapasiteetti ja kapasiteetti:<\/strong><\/h2>\n<h3>(1) Kokoonpano<\/h3>\n<p>Meill\u00e4 on ensiluokkainen riippumaton tutkimus- ja kehitysty\u00f6n kokoonpanoalusta. Hydraulisylinterien tuotantopajassa on nelj\u00e4 puoliautomaattista nostosylinterin kokoonpanolinjaa ja yksi automaattinen kallistussylinterin kokoonpanolinja, joiden suunniteltu vuotuinen tuotantokapasiteetti on 1 miljoona kappaletta. Erikoissylinterin ty\u00f6paja on varustettu erilaisilla eritelmill\u00e4 puoliautomaattisen puhdistusasennuksen kokoonpanoj\u00e4rjestelm\u00e4ll\u00e4, jonka suunniteltu vuotuinen tuotantokapasiteetti on 200 000, ja se on varustettu kuuluisilla CNC-ty\u00f6st\u00f6laitteilla, ty\u00f6st\u00f6keskuksella, korkean tarkkuuden sylinterin k\u00e4sittelyyn tarkoitetuilla erityislaitteilla, robottihitsauskoneella, automaattisella puhdistuslaitteella, automaattisella sylinterin kokoonpanokoneella ja automaattisella maalaustuotantolinjalla. Olemassa olevat kriittiset laitteet yli 300 sarjaa (sarjaa). Laiteresurssien optimaalinen kohdentaminen ja tehokas k\u00e4ytt\u00f6 varmistavat tuotteiden tarkkuusvaatimukset ja t\u00e4ytt\u00e4v\u00e4t tuotteiden laatuvaatimukset.<\/p>\n<p><img loading=\"lazy\" decoding=\"async\" class=\"alignnone wp-image-626\" src=\"https:\/\/hydraulic-cylinders.net\/wp-content\/uploads\/2023\/08\/hydraulic-cylinder-product-1-300x158.webp\" alt=\"\" width=\"495\" height=\"260\" srcset=\"https:\/\/hydraulic-cylinders.net\/wp-content\/uploads\/2023\/08\/hydraulic-cylinder-product-1-300x158.webp 495w, https:\/\/hydraulic-cylinders.net\/wp-content\/uploads\/2023\/08\/hydraulic-cylinder-product-1-480x252.webp 480w\" sizes=\"(min-width: 0px) and (max-width: 480px) 480px, (min-width: 481px) 495px, 100vw\" \/> <img loading=\"lazy\" decoding=\"async\" class=\"alignnone wp-image-627\" src=\"https:\/\/hydraulic-cylinders.net\/wp-content\/uploads\/2023\/08\/hydraulic-cylinder-product-2-300x189.webp\" alt=\"\" width=\"413\" height=\"260\" \/><\/p>\n<h3>(2) Koneistus<\/h3>\n<p>Ty\u00f6st\u00f6paja on varustettu r\u00e4\u00e4t\u00e4l\u00f6idyll\u00e4 kaltevalla kiskosorvauskeskuksella, ty\u00f6st\u00f6keskuksella, suurnopeus-hiontakoneella, hitsausrobotilla ja muilla vastaavilla laitteilla, joilla voidaan k\u00e4sitell\u00e4 sylinteriputkia, joiden sis\u00e4halkaisija on enint\u00e4\u00e4n 400 mm ja enimm\u00e4ispituus on 6 metri\u00e4.<\/p>\n<p><img loading=\"lazy\" decoding=\"async\" class=\"alignnone wp-image-628 size-large\" src=\"https:\/\/hydraulic-cylinders.net\/wp-content\/uploads\/2023\/08\/hydraulic-cylinder-product-3-1024x391.webp\" alt=\"\" width=\"1024\" height=\"391\" srcset=\"https:\/\/hydraulic-cylinders.net\/wp-content\/uploads\/2023\/08\/hydraulic-cylinder-product-3-980x374.webp 980w, https:\/\/hydraulic-cylinders.net\/wp-content\/uploads\/2023\/08\/hydraulic-cylinder-product-3-480x183.webp 480w\" sizes=\"(min-width: 0px) and (max-width: 480px) 480px, (min-width: 481px) and (max-width: 980px) 980px, (min-width: 981px) 1024px, 100vw\" \/><\/p>\n<h3>(3) Hitsaus<\/h3>\n<p><img loading=\"lazy\" decoding=\"async\" class=\"alignnone wp-image-629 size-large\" src=\"https:\/\/hydraulic-cylinders.net\/wp-content\/uploads\/2023\/08\/hydraulic-cylinder-product-4-1024x510.webp\" alt=\"\" width=\"1024\" height=\"510\" srcset=\"https:\/\/hydraulic-cylinders.net\/wp-content\/uploads\/2023\/08\/hydraulic-cylinder-product-4-980x488.webp 980w, https:\/\/hydraulic-cylinders.net\/wp-content\/uploads\/2023\/08\/hydraulic-cylinder-product-4-480x239.webp 480w\" sizes=\"(min-width: 0px) and (max-width: 480px) 480px, (min-width: 481px) and (max-width: 980px) 980px, (min-width: 981px) 1024px, 100vw\" \/><\/p>\n<h3>(4) Maalaus ja pinnoitus<\/h3>\n<p>Pienill\u00e4 ja keskisuurilla sylinterin automaattisilla vesipohjaisilla maalipinnoituslinjoilla automaattisen robotin lastaus- ja purku- ja automaattisen ruiskutuksen saavuttamiseksi, suunnittelukapasiteetti on 4000 kappaletta vuorossa;<br \/>\nMeill\u00e4 on my\u00f6s puoliautomaattinen maalauslinja suurille sylintereille, joka toimii voimaketjulla ja jonka suunnittelukapasiteetti on 60 laatikkoa ty\u00f6vuorossa.<\/p>\n<p><img loading=\"lazy\" decoding=\"async\" class=\"alignnone wp-image-630\" src=\"https:\/\/hydraulic-cylinders.net\/wp-content\/uploads\/2023\/08\/hydraulic-cylinder-product-5-300x213.webp\" alt=\"\" width=\"366\" height=\"260\" \/> <img loading=\"lazy\" decoding=\"async\" class=\"alignnone wp-image-631\" src=\"https:\/\/hydraulic-cylinders.net\/wp-content\/uploads\/2023\/08\/hydraulic-cylinder-product-6-300x225.webp\" alt=\"\" width=\"347\" height=\"260\" \/><\/p>\n<h3>(5) Testaus<\/h3>\n<p>Meill\u00e4 on ensiluokkaiset tarkastustilat ja testialustat, joilla varmistetaan, ett\u00e4 sylinterin suorituskyky t\u00e4ytt\u00e4\u00e4 vaatimukset.<\/p>\n<p><img loading=\"lazy\" decoding=\"async\" class=\"alignnone wp-image-632\" src=\"https:\/\/hydraulic-cylinders.net\/wp-content\/uploads\/2023\/08\/hydraulic-cylinder-product-8-300x200.webp\" alt=\"\" width=\"389\" height=\"260\" \/><\/p>\n<p>&nbsp;<\/p>\n<p>&nbsp;<\/p>\n<p>Olemme yksi parhaista hydraulisylintereiden valmistajista. Voimme tarjota kattavia hydraulisylintereit\u00e4. Tarjoamme my\u00f6s vastaavia <a href=\"https:\/\/hzpt.com\/agricultural-pto-gearbox\/\" target=\"_blank\" rel=\"noopener\">maatalousvaihteistot<\/a>Olemme vieneet tuotteitamme asiakkaille maailmanlaajuisesti ja ansainneet hyv\u00e4n maineen erinomaisen tuotelaadun ja huoltopalvelumme ansiosta. Toivotamme tervetulleeksi asiakkaat kotimaassa ja ulkomailla ottamaan meihin yhteytt\u00e4 neuvotellakseen liiketoimista, vaihtaakseen tietoja ja <a href=\"https:\/\/www.hydraulic-cylinders.net\/fi\/contact-us\/\">tehd\u00e4 yhteisty\u00f6t\u00e4 kanssamme<\/a>!<\/p>\n<p>&nbsp;<\/p>","protected":false},"excerpt":{"rendered":"<p>Double Shield TBM Auxiliary Thrust Cylinder The double shield TBM auxiliary thrust cylinder is a cutting-edge hydraulic component that is vital in optimizing tunnel boring machines&#8217; performance. This specialized cylinder is designed to provide auxiliary thrust force, supporting the main thrust cylinder and enhancing the efficiency of the tunneling process. This comprehensive article will delve [&hellip;]<\/p>","protected":false},"featured_media":1915,"comment_status":"open","ping_status":"closed","template":"","meta":{"_et_pb_use_builder":"","_et_pb_old_content":"","_et_gb_content_width":""},"product_brand":[],"product_cat":[1519,1549],"product_tag":[1380],"class_list":{"0":"post-1913","1":"product","2":"type-product","3":"status-publish","4":"has-post-thumbnail","6":"product_cat-shield-machine-hydraulic-cylinders","7":"product_cat-single-acting-hydraulic-cylinder","8":"product_tag-hydraulic-cylinder","10":"first","11":"instock","12":"shipping-taxable","13":"product-type-simple"},"amp_enabled":true,"_links":{"self":[{"href":"https:\/\/www.hydraulic-cylinders.net\/fi\/wp-json\/wp\/v2\/product\/1913","targetHints":{"allow":["GET"]}}],"collection":[{"href":"https:\/\/www.hydraulic-cylinders.net\/fi\/wp-json\/wp\/v2\/product"}],"about":[{"href":"https:\/\/www.hydraulic-cylinders.net\/fi\/wp-json\/wp\/v2\/types\/product"}],"replies":[{"embeddable":true,"href":"https:\/\/www.hydraulic-cylinders.net\/fi\/wp-json\/wp\/v2\/comments?post=1913"}],"wp:featuredmedia":[{"embeddable":true,"href":"https:\/\/www.hydraulic-cylinders.net\/fi\/wp-json\/wp\/v2\/media\/1915"}],"wp:attachment":[{"href":"https:\/\/www.hydraulic-cylinders.net\/fi\/wp-json\/wp\/v2\/media?parent=1913"}],"wp:term":[{"taxonomy":"product_brand","embeddable":true,"href":"https:\/\/www.hydraulic-cylinders.net\/fi\/wp-json\/wp\/v2\/product_brand?post=1913"},{"taxonomy":"product_cat","embeddable":true,"href":"https:\/\/www.hydraulic-cylinders.net\/fi\/wp-json\/wp\/v2\/product_cat?post=1913"},{"taxonomy":"product_tag","embeddable":true,"href":"https:\/\/www.hydraulic-cylinders.net\/fi\/wp-json\/wp\/v2\/product_tag?post=1913"}],"curies":[{"name":"wp","href":"https:\/\/api.w.org\/{rel}","templated":true}]}}