{"id":19131,"date":"2025-04-07T06:14:22","date_gmt":"2025-04-07T06:14:22","guid":{"rendered":"https:\/\/www.hydraulic-cylinders.net\/product\/boom-cylinder-for-volvo-large-excavator-ec700c\/"},"modified":"2025-04-07T06:14:24","modified_gmt":"2025-04-07T06:14:24","slug":"boom-cylinder-for-volvo-large-excavator-ec700c","status":"publish","type":"product","link":"https:\/\/www.hydraulic-cylinders.net\/fi\/tuote\/boom-cylinder-for-volvo-large-excavator-ec700c\/","title":{"rendered":"Puomin sylinteri Volvon suureen kaivinkoneeseen EC700C"},"content":{"rendered":"<h1>Puomin sylinteri Volvon suureen kaivinkoneeseen EC700C<\/h1>\n<h2>Puomin sylinterin ymm\u00e4rt\u00e4minen<\/h2>\n<p>Puomin sylinteri on olennainen hydraulinen komponentti, joka on suunniteltu raskaille koneille, erityisesti kaivinkoneille, kuten Volvo EC700C:lle. T\u00e4m\u00e4 hydraulinen sylinteri ohjaa puomin liikett\u00e4, jolloin se voi nousta, laskea ja kallistua. Sen toiminta on ratkaisevan t\u00e4rke\u00e4\u00e4 tehokkaalle materiaalink\u00e4sittelylle, jonka avulla kuljettajat voivat suorittaa teht\u00e4vi\u00e4, kuten kaivamista, lastaamista ja materiaalien kuljetusta tehokkaasti.<\/p>\n<p><img decoding=\"async\" src=\"https:\/\/www.hydraulic-cylinders.net\/wp-content\/uploads\/2025\/04\/songte-company-1.webp\" alt=\"Puomin sylinterin kuva\" \/><\/p>\n<h3>M\u00e4\u00e4ritelm\u00e4 ja yleiskatsaus<\/h3>\n<p>Puomisylinteri, joka tunnetaan my\u00f6s kauhasylinterin\u00e4, on erityisesti suunniteltu hallitsemaan puomin liikett\u00e4 raskaassa kalustossa. Se on hydraulinen sylinteri, joka k\u00e4ytt\u00e4\u00e4 paineistettua hydraulinestett\u00e4 liikkeen luomiseen. Hydraulij\u00e4rjestelm\u00e4 tarjoaa tarvittavan voiman puomin ohjaamiseen, mik\u00e4 parantaa koneen ominaisuuksia erilaisissa sovelluksissa. T\u00e4t\u00e4 sylinteri\u00e4 k\u00e4ytet\u00e4\u00e4n tyypillisesti kaivinkoneissa, kaivurikuormaajissa ja etukuormaajissa, ja se helpottaa kauhojen nostamista ja laskemista tehokkaan materiaalin k\u00e4sittelyn varmistamiseksi.<\/p>\n<h2>Puomin sylinterin ominaisuudet<\/h2>\n<ul>\n<li><strong>Korkea lujuus ja kest\u00e4vyys:<\/strong> T\u00e4m\u00e4 lujasta ter\u00e4ksest\u00e4 tai alumiinista valmistettu sylinteri kest\u00e4\u00e4 korkeita paineita ja raskaita kuormia. Se on suunniteltu selviytym\u00e4\u00e4n vaativissa ty\u00f6ymp\u00e4rist\u00f6iss\u00e4 ja sis\u00e4lt\u00e4\u00e4 ominaisuuksia, jotka parantavat kulutuskest\u00e4vyytt\u00e4 ja korroosiosuojausta, mik\u00e4 pident\u00e4\u00e4 sen k\u00e4ytt\u00f6ik\u00e4\u00e4.<\/li>\n<li><strong>Tehokas hydraulinen k\u00e4ytt\u00f6:<\/strong> Se k\u00e4ytt\u00e4\u00e4 hydrauli\u00f6ljynpainetta tasaisen ulos- ja sis\u00e4\u00e4nvedon saavuttamiseksi, reagoi nopeasti ohjauskomentoihin ja tarjoaa tehokkaita ty\u00f6nt\u00f6- ja vetovoimia, mik\u00e4 tekee siit\u00e4 ihanteellisen raskaisiin ja monimutkaisiin teht\u00e4viin.<\/li>\n<li><strong>Erilaisia \u200b\u200btyyppej\u00e4:<\/strong> Puomisylinteri\u00e4 on saatavana yksitoimisina (toimii yhteen suuntaan) tai kaksitoimisina (toimii molempiin suuntiin) malleina erilaisten k\u00e4ytt\u00f6tarpeiden t\u00e4ytt\u00e4miseksi. Tietyt mallit ovat teleskooppisia, mik\u00e4 mahdollistaa suuremman jatkeen ilman ulkomittojen kasvua, mik\u00e4 sopii sovelluksiin, joissa on rajoitetusti tilaa.<\/li>\n<\/ul>\n<h3>Tuotantokapasiteetti<\/h3>\n<p>Olemme erikoistuneet korkealaatuisten puomisylintereiden valmistukseen, jotka korvaavat t\u00e4ydellisesti olemassa olevat hydraulisylinterit erilaisissa laitteissa. Sylinterimme on suunniteltu t\u00e4ytt\u00e4m\u00e4\u00e4n tai ylitt\u00e4m\u00e4\u00e4n alkuper\u00e4islaitevalmistajien (OEM) vaatimukset, mik\u00e4 varmistaa yhteensopivuuden ja suorituskyvyn.<\/p>\n<p><img decoding=\"async\" src=\"https:\/\/www.hydraulic-cylinders.net\/wp-content\/uploads\/2025\/04\/songte-cylinder-head-with-all-kinds-excavator-models.webp\" alt=\"Sylinterin tuotantokuva\" \/><\/p>\n<h2>Puomisylinterin sovellukset<\/h2>\n<h3>Rakennuslaitteet<\/h3>\n<p>Kaivinkoneissa puomin sylinterit ovat v\u00e4ltt\u00e4m\u00e4tt\u00f6mi\u00e4 kaivamiseen, lastaamiseen ja maaper\u00e4n tai roskien siirt\u00e4miseen. Ne tarjoavat tarvittavan voiman puomin tunkeutumiseen maahan ja raskaiden materiaalien nostamiseen, mik\u00e4 tekee niist\u00e4 korvaamattomia rakennusprojekteissa.<\/p>\n<h3>Maatalouskoneet<\/h3>\n<p>Etukuormaajissa puomin sylinterit ovat ratkaisevan t\u00e4rkeit\u00e4 maaper\u00e4n, hein\u00e4n ja muiden materiaalien kaivamisessa, nostamisessa ja kuljettamisessa. Niiden hydraulinen tehokkuus mahdollistaa nopeat ja tarkat liikkeet, mik\u00e4 parantaa maataloust\u00f6iden tuottavuutta.<\/p>\n<h3>Kaivinkoneet<\/h3>\n<p>Kaivinkoneissa puomisylinterit mahdollistavat kauhan tehokkaan tunkeutumisen maaper\u00e4\u00e4n, mik\u00e4 helpottaa kaivuty\u00f6t\u00e4. Niiden vankka rakenne varmistaa luotettavan suorituskyvyn vaativissa olosuhteissa ja parantaa kaivuty\u00f6n kokonaistehokkuutta.<\/p>\n<h3>Kuormaajat<\/h3>\n<p>Etukuormaajissa n\u00e4m\u00e4 sylinterit auttavat materiaalien tehokkaassa nostamisessa ja tyhjent\u00e4misess\u00e4. Puomisylinterin tuottama hydraulinen teho antaa kuljettajille mahdollisuuden k\u00e4sitell\u00e4 suuria kuormia turvallisesti ja tehokkaasti, mik\u00e4 optimoi suorituskyvyn ty\u00f6maalla.<\/p>\n<h2>Suunnittelun\u00e4k\u00f6kohdat ja valintakriteerit<\/h2>\n<h3>Kantavuus<\/h3>\n<p>Puomisylinteri\u00e4 valittaessa on t\u00e4rke\u00e4\u00e4 ottaa huomioon sen kuormituskapasiteetti. Sylinterin on kestett\u00e4v\u00e4 sen k\u00e4yt\u00f6n aikana kohtaama enimm\u00e4iskuormitus. Ylikuormitus voi johtaa sylinterin vikaantumiseen, mik\u00e4 aiheuttaa turvallisuusriskej\u00e4 ja vahingoittaa laitteita. Valmistajat ilmoittavat usein kuormitusluokitukset, joita on noudatettava tarkasti optimaalisen suorituskyvyn ja turvallisuuden saavuttamiseksi. Kuormitusvaatimusten asianmukainen arviointi varmistaa, ett\u00e4 sylinteri kest\u00e4\u00e4 ty\u00f6n vaatimukset monimutkaisuudesta tai ymp\u00e4rist\u00f6st\u00e4 riippumatta.<\/p>\n<h3>Tiivistyksen eheys<\/h3>\n<p>Tiivisteill\u00e4 on ratkaiseva rooli hydraulij\u00e4rjestelm\u00e4n tehokkuuden yll\u00e4pit\u00e4misess\u00e4 ja vuotojen est\u00e4misess\u00e4. Korkealaatuiset tiivistemateriaalit, kuten polyuretaani tai nitriilikumi, ovat v\u00e4ltt\u00e4m\u00e4tt\u00f6mi\u00e4 kest\u00e4vyyden ja luotettavuuden varmistamiseksi. Asianmukainen tiivistys v\u00e4hent\u00e4\u00e4 hydraulinesteen vuotojen todenn\u00e4k\u00f6isyytt\u00e4, mik\u00e4 voi vaarantaa j\u00e4rjestelm\u00e4n suorituskyvyn ja turvallisuuden. S\u00e4\u00e4nn\u00f6llisiin huoltotarkastuksiin on sis\u00e4llytt\u00e4v\u00e4 tiivisteiden tarkastus niiden eheyden ja toimivuuden varmistamiseksi. T\u00e4m\u00e4 on elint\u00e4rke\u00e4\u00e4 puomisylinterin ja koko hydraulij\u00e4rjestelm\u00e4n pitk\u00e4ik\u00e4isyyden kannalta.<\/p>\n<h3>Kest\u00e4vyys<\/h3>\n<p>Kest\u00e4vyys on keskeinen tekij\u00e4 puomisylinterien suunnittelussa. Niiden on kestett\u00e4v\u00e4 jatkuvan raskaan k\u00e4yt\u00f6n aiheuttamaa kulumista ankarissa olosuhteissa. Valmistajat k\u00e4ytt\u00e4v\u00e4t usein edistyneit\u00e4 materiaaleja ja pinnoitteita sylinterin kest\u00e4vyyden parantamiseksi. Hyvin suunniteltu sylinteri minimoi ennenaikaisen vikaantumisen ja kalliiden korjausten riskin. K\u00e4ytt\u00e4j\u00e4ryhmien tulisi priorisoida kulutusta kest\u00e4vi\u00e4 ominaisuuksilla varustettuja sylintereit\u00e4 pitk\u00e4n k\u00e4ytt\u00f6i\u00e4n varmistamiseksi ja yll\u00e4pitokustannusten v\u00e4hent\u00e4miseksi.<\/p>\n<h3>Turvaominaisuudet<\/h3>\n<p>Turvallisuus on ensiarvoisen t\u00e4rke\u00e4\u00e4 k\u00e4ytett\u00e4ess\u00e4 hydraulisylintereit\u00e4 raskaissa koneissa. Hyvin suunnitellussa puomisylinteriss\u00e4 on turvaominaisuuksia, kuten ylikuormitussuoja ja paineenalennusventtiilit, jotka est\u00e4v\u00e4t laitteiden vikaantumisen ja onnettomuudet. K\u00e4ytt\u00e4jille tulee kertoa n\u00e4ist\u00e4 turvaominaisuuksista ja heid\u00e4t tulee kouluttaa niiden asianmukaiseen k\u00e4ytt\u00f6\u00f6n turvallisen ty\u00f6ymp\u00e4rist\u00f6n varmistamiseksi. S\u00e4\u00e4nn\u00f6llisill\u00e4 tarkastuksilla tulisi varmistaa, ett\u00e4 kaikki turvamekanismit toimivat oikein, mik\u00e4 suojaa sek\u00e4 k\u00e4ytt\u00e4ji\u00e4 ett\u00e4 koneita entisest\u00e4\u00e4n.<\/p>\n<h3>Huolton\u00e4k\u00f6kohdat<\/h3>\n<p>Helppo huolto on kriittinen suunnittelukriteeri puomisylintereille. Ne tulisi suunnitella siten, ett\u00e4 hydrauliikkakomponentteihin on helppo p\u00e4\u00e4st\u00e4 k\u00e4siksi, mik\u00e4 mahdollistaa nopeat tarkastukset ja korjaukset. Huollolla on t\u00e4rke\u00e4 rooli hydrauliikkasylinterien ja niihin liittyvien j\u00e4rjestelmien k\u00e4ytt\u00f6i\u00e4n pident\u00e4misess\u00e4. K\u00e4ytt\u00e4j\u00e4t tulisi kouluttaa rutiinitarkastusten t\u00e4rkeydest\u00e4 ja heill\u00e4 tulisi olla p\u00e4\u00e4sy tarvittaviin ty\u00f6kaluihin ja varaosiin, jotta mahdolliset ongelmat voidaan ratkaista nopeasti.<\/p>\n<p><img decoding=\"async\" src=\"https:\/\/www.hydraulic-cylinders.net\/wp-content\/uploads\/2025\/04\/songte-oil-pipes-and-spare-parts.webp\" alt=\"Hydraulisten osien kuva\" \/><\/p>\n<h2>Puomin sylinterin tiivistys ja voitelu<\/h2>\n<p>Oikea tiivistys ja voitelu ovat elint\u00e4rkeit\u00e4 hydraulisylinterien tehokkaalle toiminnalle. Erilaisilla tiivisteill\u00e4, kuten m\u00e4nn\u00e4ntiivisteill\u00e4 ja varren tiivisteill\u00e4, on t\u00e4rke\u00e4 rooli nestevuotojen est\u00e4misess\u00e4 ja sujuvan toiminnan varmistamisessa. Korkealaatuisten materiaalien, kuten polyuretaanin ja nitriilikumin, valinta parantaa tiivisteiden kulutuskest\u00e4vyytt\u00e4. Sylinterin runko ja kierteitetyt p\u00e4\u00e4typinnat k\u00e4sitell\u00e4\u00e4n huolellisesti kest\u00e4vyyden ja suorituskyvyn parantamiseksi. Hydrauli\u00f6ljyn s\u00e4\u00e4nn\u00f6llinen lis\u00e4\u00e4minen voitelua varten on my\u00f6s ratkaisevan t\u00e4rke\u00e4\u00e4 optimaalisen suorituskyvyn yll\u00e4pit\u00e4miseksi ja kulumisen est\u00e4miseksi.<\/p>\n<h2>S\u00e4\u00e4nn\u00f6lliset tarkastukset ja ennaltaehk\u00e4isev\u00e4t huoltotoimenpiteet<\/h2>\n<ul>\n<li><strong>Rutiinitarkastukset:<\/strong> Tarkista s\u00e4\u00e4nn\u00f6llisesti hydraulisylinterin ja siihen liittyvien komponenttien kulumisen, vuotojen tai vaurioiden merkit. Mahdollisten ongelmien varhainen havaitseminen voi s\u00e4\u00e4st\u00e4\u00e4 kustannuksia ja est\u00e4\u00e4 seisokkeja.<\/li>\n<li><strong>Oikea voitelu:<\/strong> Varmista liikkuvien osien asianmukainen voitelu valmistajan suositusten mukaisesti. Voitelu v\u00e4hent\u00e4\u00e4 kitkaa ja kulumista, mik\u00e4 pident\u00e4\u00e4 sylinterin k\u00e4ytt\u00f6ik\u00e4\u00e4.<\/li>\n<li><strong>Tiivisteen vaihto:<\/strong> Tarkkaile tiivisteiden kulumista ja vaihda ne tarvittaessa. Kuluneet tiivisteet voivat johtaa vuotoihin ja heikent\u00e4\u00e4 tehokkuutta, joten niiden oikea-aikainen vaihtaminen on ratkaisevan t\u00e4rke\u00e4\u00e4.<\/li>\n<\/ul>\n<h2>Puomin sylinterin asennusohjeet<\/h2>\n<p>Puomisylinterin oikea asennus on v\u00e4ltt\u00e4m\u00e4t\u00f6nt\u00e4 optimaalisen suorituskyvyn saavuttamiseksi. Aloita varmistamalla, ett\u00e4 kiinnityspinnat ovat puhtaat ja roskattomat. Kohdista sylinteri huolellisesti kiinnityskiinnikkeisiin v\u00e4ltt\u00e4\u00e4ksesi virheellisen kohdistuksen, joka voi johtaa ennenaikaiseen kulumiseen. On suositeltavaa k\u00e4ytt\u00e4\u00e4 sopivia kiinnityskiinnikkeit\u00e4 sylinterin kiinnitt\u00e4miseksi oikein. Noudata valmistajan ohjeita v\u00e4\u00e4nt\u00f6momenttien suhteen asennuksen aikana varmistaaksesi oikean kiinnityksen. Asennuksen j\u00e4lkeen testaa sylinterin toiminta varmistaaksesi, ett\u00e4 kaikki toimii sujuvasti ennen s\u00e4\u00e4nn\u00f6llisen k\u00e4yt\u00f6n aloittamista.<\/p>\n<h2>Puomin sylinterin huoltoteht\u00e4v\u00e4t<\/h2>\n<ul>\n<li><strong>S\u00e4\u00e4nn\u00f6lliset tarkastukset:<\/strong> Aikatauluta s\u00e4\u00e4nn\u00f6lliset tarkastukset kulumisen tai vaurioiden havaitsemiseksi ajoissa. Mahdollisten ongelmien havaitseminen varhain voi est\u00e4\u00e4 kalliita korjauksia ja seisokkeja.<\/li>\n<li><strong>Oikea voitelu:<\/strong> Voitele sylinteri valmistajan ohjeiden mukaisesti kulumisen ja kitkan v\u00e4hent\u00e4miseksi k\u00e4yt\u00f6n aikana. Riitt\u00e4v\u00e4 voitelu on elint\u00e4rke\u00e4\u00e4 sujuvan toiminnan ja pitk\u00e4n k\u00e4ytt\u00f6i\u00e4n varmistamiseksi.<\/li>\n<li><strong>Tiivisteen vaihto:<\/strong> Tarkkaile tiivisteiden kuntoa s\u00e4\u00e4nn\u00f6llisesti. Vaihda kuluneet tiivisteet viipym\u00e4tt\u00e4 vuotojen est\u00e4miseksi ja j\u00e4rjestelm\u00e4n tehokkuuden yll\u00e4pit\u00e4miseksi. S\u00e4\u00e4nn\u00f6lliset tiivisteiden tarkastukset ovat ratkaisevan t\u00e4rkeit\u00e4 optimaalisen hydrauliikan suorituskyvyn kannalta.<\/li>\n<\/ul>\n<h2>Turvallisuusn\u00e4k\u00f6kohdat ja ymp\u00e4rist\u00f6tekij\u00e4t<\/h2>\n<p>Turvatoimenpiteet ovat ensiarvoisen t\u00e4rkeit\u00e4 hydraulisylintereiden kanssa ty\u00f6skennelt\u00e4ess\u00e4. K\u00e4ytt\u00e4j\u00e4t tulisi kouluttaa hydraulij\u00e4rjestelmiin liittyvist\u00e4 riskeist\u00e4 ja turvallisuusprotokollien noudattamisen t\u00e4rkeydest\u00e4. Turvatoimenpiteiden, kuten asianmukaisten henkil\u00f6nsuojainten (PPE) k\u00e4yt\u00f6n ja sylinterien vuotojen testaamisen ennen k\u00e4ytt\u00f6\u00e4, toteuttaminen voi v\u00e4hent\u00e4\u00e4 merkitt\u00e4v\u00e4sti ty\u00f6tapaturmia. Lis\u00e4ksi on otettava huomioon hydraulinesteiden ymp\u00e4rist\u00f6vaikutukset ja varmistettava, ett\u00e4 noudatetaan asianmukaisia \u200b\u200bh\u00e4vitysmenetelmi\u00e4 ymp\u00e4rist\u00f6haittojen minimoimiseksi.<\/p>\n<h2>Vianm\u00e4\u00e4ritys ja yleiset ongelmat<\/h2>\n<ul>\n<li><strong>Vuoto:<\/strong> Yksi yleisimmist\u00e4 hydraulisylintereiden ongelmista on vuoto. T\u00e4m\u00e4n voivat aiheuttaa kuluneet tiivisteet tai vaurioituneet kierteet. Tiivisteiden s\u00e4\u00e4nn\u00f6llinen valvonta ja oikea-aikainen vaihtaminen voivat lievent\u00e4\u00e4 t\u00e4t\u00e4 ongelmaa.<\/li>\n<li><strong>Hidas liike:<\/strong> Jos puomin sylinteri liikkuu hitaasti, se voi viitata alhaiseen hydrauliikka\u00f6ljyn tasoon tai tukoksiin hydrauliikkalinjoissa. Nestetasojen tarkistaminen ja linjojen tukosten varalta on v\u00e4ltt\u00e4m\u00e4t\u00f6nt\u00e4 asianmukaisen toiminnan varmistamiseksi.<\/li>\n<li><strong>Ep\u00e4tavalliset \u00e4\u00e4net:<\/strong> K\u00e4yt\u00f6n aikana kuuluvat \u00e4\u00e4net voivat viitata sis\u00e4iseen kulumiseen tai vaurioihin. Viallisten osien v\u00e4lit\u00f6n tarkastus ja mahdollinen korjaus tai vaihto on v\u00e4ltt\u00e4m\u00e4t\u00f6nt\u00e4 lis\u00e4vaurioiden est\u00e4miseksi.<\/li>\n<\/ul>\n<h2>Viank\u00e4sittelyvinkkej\u00e4 ja -ratkaisuja<\/h2>\n<p>Puomisylinterin ongelmien tehokkaaseen diagnosointiin ja ratkaisemiseen k\u00e4ytt\u00e4jien tulisi omaksua systemaattinen l\u00e4hestymistapa. Aloita tunnistamalla ongelman oireet, kuten vuoto tai hidas liike. Katso aina valmistajan vianm\u00e4\u00e4ritysohjeita tiettyjen ongelmien varalta. Ennaltaehk\u00e4isev\u00e4t toimenpiteet, kuten s\u00e4\u00e4nn\u00f6lliset tarkastukset ja huolto, voivat auttaa v\u00e4hent\u00e4m\u00e4\u00e4n ongelmien esiintymist\u00e4, parantaen luotettavuutta ja turvallisuutta toiminnassa.<\/p>\n<p><img decoding=\"async\" src=\"https:\/\/www.hydraulic-cylinders.net\/wp-content\/uploads\/2025\/04\/songte-bushings-with-all-kinds-of-excavator-models.webp\" alt=\"Vianm\u00e4\u00e4rityskuva\" \/><\/p>\n<h2>Tietoa yrityksest\u00e4mme<\/h2>\n<p>Olemme johtava hydraulisten sylinterien vaihto-osien valmistaja ja tarjoamme kattavan tuotevalikoiman. Sitoutumisemme poikkeukselliseen laatuun on tehnyt meist\u00e4 johtavan hydraulisten sylinterien valmistus- ja tukkumyyntimarkkinoiden toimijan sek\u00e4 kotimaassa ett\u00e4 kansainv\u00e4lisesti. Noudatamme hienostunutta valmistuksenohjausstrategiaa ja parannamme jatkuvasti tuotantoymp\u00e4rist\u00f6j\u00e4mme edistyneen teknologian, ammattitaitoisen ty\u00f6voiman ja digitaalisten valmistuslaitteiden avulla. Vankat kykymme varmistavat, ett\u00e4 t\u00e4yt\u00e4mme monipuoliset asiakastarpeet tehokkaasti, tarkasti ja laadukkaasti.<\/p>\n<p><img decoding=\"async\" src=\"https:\/\/www.hydraulic-cylinders.net\/wp-content\/uploads\/2025\/04\/songte-company-4.webp\" alt=\"Yrityskuva 1\" \/><br \/>\n<img decoding=\"async\" src=\"https:\/\/www.hydraulic-cylinders.net\/wp-content\/uploads\/2025\/04\/songte-company-3.webp\" alt=\"Yrityskuva 2\" \/><\/p>\n<p>Olemme ylpeit\u00e4 ammattitaidostamme, kansainv\u00e4lisist\u00e4 sertifikaateistamme ja r\u00e4\u00e4t\u00e4l\u00f6idyist\u00e4 palveluistamme. Huippuluokan tuotantolaitteemme varmistavat, ett\u00e4 valmistamamme hydraulisylintereit\u00e4 t\u00e4ytt\u00e4v\u00e4t alan korkeimmat standardit. Omistautuneen j\u00e4lkimarkkinointipalvelumme avulla tarjoamme asiakkaillemme jatkuvaa tukea ja varmistamme, ett\u00e4 he saavat parhaan mahdollisen kokemuksen tuotteistamme.<\/p>\n<p>Kirjoittaja: lyl<\/p>","protected":false},"excerpt":{"rendered":"<p>Boom Cylinder For Volvo Large Excavator EC700C Understanding the Boom Cylinder The boom cylinder is an essential hydraulic component designed for heavy machinery, particularly in excavators like the Volvo EC700C. This hydraulic cylinder controls the movement of the boom, allowing it to lift, lower, and tilt. Its operation is crucial for efficient material handling, enabling [&hellip;]<\/p>","protected":false},"featured_media":17877,"comment_status":"open","ping_status":"closed","template":"","meta":{"_et_pb_use_builder":"","_et_pb_old_content":"","_et_gb_content_width":""},"product_brand":[],"product_cat":[1546],"product_tag":[1547,1496],"class_list":{"0":"post-19131","1":"product","2":"type-product","3":"status-publish","4":"has-post-thumbnail","6":"product_cat-boom-cylinders","7":"product_tag-boom-cylinders","8":"product_tag-hydraulic-cylinders","10":"first","11":"instock","12":"shipping-taxable","13":"product-type-simple"},"amp_enabled":true,"_links":{"self":[{"href":"https:\/\/www.hydraulic-cylinders.net\/fi\/wp-json\/wp\/v2\/product\/19131","targetHints":{"allow":["GET"]}}],"collection":[{"href":"https:\/\/www.hydraulic-cylinders.net\/fi\/wp-json\/wp\/v2\/product"}],"about":[{"href":"https:\/\/www.hydraulic-cylinders.net\/fi\/wp-json\/wp\/v2\/types\/product"}],"replies":[{"embeddable":true,"href":"https:\/\/www.hydraulic-cylinders.net\/fi\/wp-json\/wp\/v2\/comments?post=19131"}],"wp:featuredmedia":[{"embeddable":true,"href":"https:\/\/www.hydraulic-cylinders.net\/fi\/wp-json\/wp\/v2\/media\/17877"}],"wp:attachment":[{"href":"https:\/\/www.hydraulic-cylinders.net\/fi\/wp-json\/wp\/v2\/media?parent=19131"}],"wp:term":[{"taxonomy":"product_brand","embeddable":true,"href":"https:\/\/www.hydraulic-cylinders.net\/fi\/wp-json\/wp\/v2\/product_brand?post=19131"},{"taxonomy":"product_cat","embeddable":true,"href":"https:\/\/www.hydraulic-cylinders.net\/fi\/wp-json\/wp\/v2\/product_cat?post=19131"},{"taxonomy":"product_tag","embeddable":true,"href":"https:\/\/www.hydraulic-cylinders.net\/fi\/wp-json\/wp\/v2\/product_tag?post=19131"}],"curies":[{"name":"wp","href":"https:\/\/api.w.org\/{rel}","templated":true}]}}