{"id":19134,"date":"2025-04-07T06:14:29","date_gmt":"2025-04-07T06:14:29","guid":{"rendered":"https:\/\/www.hydraulic-cylinders.net\/product\/boom-cylinder-for-volvo-wheel-excavator-ew145bp\/"},"modified":"2025-04-07T06:14:33","modified_gmt":"2025-04-07T06:14:33","slug":"boom-cylinder-for-volvo-wheel-excavator-ew145bp","status":"publish","type":"product","link":"https:\/\/www.hydraulic-cylinders.net\/fi\/tuote\/boom-cylinder-for-volvo-wheel-excavator-ew145bp\/","title":{"rendered":"Volvon py\u00f6r\u00e4kaivukoneen EW145BP puomin sylinteri"},"content":{"rendered":"<h1>Volvon py\u00f6r\u00e4kaivukoneen EW145BP puomin sylinteri<\/h1>\n<h2>Tuotteen yleiskatsaus<\/h2>\n<p>Volvon py\u00f6r\u00e4kaivukoneen EW145BP puomin sylinteri on t\u00e4rke\u00e4 hydraulinen komponentti, joka on suunniteltu ohjaamaan kaivukoneen puomin liikett\u00e4. T\u00e4m\u00e4 hydraulinen sylinteri on suunniteltu tarjoamaan tarvittava voima puomin nostamiseen, laskemiseen ja kallistamiseen, mik\u00e4 helpottaa tehokasta materiaalink\u00e4sittely\u00e4. Raskaissa koneissa, kuten kaivinkoneissa, traktorikaivureissa ja etukuormaajissa, kauhan sylinterit mahdollistavat kauhan liikkeen tarkan hallinnan, mik\u00e4 tekee niist\u00e4 olennaisia \u200b\u200b\u200b\u200berilaisissa rakennus- ja maataloust\u00f6iss\u00e4.<\/p>\n<p><img decoding=\"async\" src=\"https:\/\/www.hydraulic-cylinders.net\/wp-content\/uploads\/2025\/04\/songte-company-1.webp\" alt=\"Kaivinkoneiden puomin sylinteri\"\/><\/p>\n<h2>T\u00e4rkeimm\u00e4t ominaisuudet<\/h2>\n<ul>\n<li><strong>Korkea lujuus ja kest\u00e4vyys:<\/strong> Korkean lujuuden ter\u00e4ksest\u00e4 tai alumiinista valmistettu puomin sylinteri kest\u00e4\u00e4 korkeaa painetta ja raskaita kuormia, joten se sopii vaativiin ty\u00f6ymp\u00e4rist\u00f6ihin.<\/li>\n<li><strong>Tehokas hydraulinen k\u00e4ytt\u00f6:<\/strong> Sylinteri hy\u00f6dynt\u00e4\u00e4 hydrauli\u00f6ljyn painetta sujuvaan ulos- ja sis\u00e4\u00e4nvetoon, mik\u00e4 varmistaa nopean reagoinnin ohjauskomentoihin ja tarjoaa merkitt\u00e4v\u00e4\u00e4 ty\u00f6nt\u00f6- ja vetovoimaa.<\/li>\n<li><strong>Saatavilla erilaisia \u200b\u200btyyppej\u00e4:<\/strong> Vaihtoehtoihin kuuluvat yksitoimiset (hydraulinen voima yhteen suuntaan) ja kaksitoimiset (hydraulinen voima molempiin suuntiin) sylinterit erilaisten k\u00e4ytt\u00f6vaatimusten t\u00e4ytt\u00e4miseksi. Jotkut mallit ovat teleskooppisia, mik\u00e4 mahdollistaa pidemm\u00e4n ulottuvuuden ilman ulkomittojen kasvua.<\/li>\n<\/ul>\n<p>Tuotteemme on suunniteltu korvaamaan hydraulisylintereit\u00e4 t\u00e4ydellisesti varmistaen yhteensopivuuden ja suorituskyvyn yhdenmukaisuuden.<\/p>\n<p><img decoding=\"async\" src=\"https:\/\/www.hydraulic-cylinders.net\/wp-content\/uploads\/2025\/04\/songte-cylinder-head-with-all-kinds-excavator-models.webp\" alt=\"Hydraulisylinterin vaihto\"\/><\/p>\n<h2>Sovellukset<\/h2>\n<h3>Rakennuslaitteet<\/h3>\n<p>Kaivinkoneissa puomin sylinterit ovat v\u00e4ltt\u00e4m\u00e4tt\u00f6mi\u00e4 kaivamiseen, lastaamiseen ja maan tai roskien siirt\u00e4miseen. Ne helpottavat puomin nosto- ja laskuliikkeit\u00e4, jolloin k\u00e4ytt\u00e4j\u00e4t voivat suorittaa teht\u00e4vi\u00e4 tehokkaasti. T\u00e4m\u00e4 toiminto on ratkaisevan t\u00e4rke\u00e4 rakennusty\u00f6mailla, joilla projektin oikea-aikainen valmistuminen riippuu raskaiden koneiden tehokkaasta toiminnasta.<\/p>\n<h3>Maatalouskoneet<\/h3>\n<p>Etukuormaajissa puomisylinterit auttavat maan, hein\u00e4n ja muiden materiaalien kaivamisessa, nostamisessa ja kuljettamisessa. Niiden kest\u00e4v\u00e4 rakenne mahdollistaa raskaiden kuormien helpon k\u00e4sittelyn, mik\u00e4 parantaa tuottavuutta erilaisissa maatalousteht\u00e4viss\u00e4.<\/p>\n<h3>Kaivinkoneet<\/h3>\n<p>Kaivinkoneissa puomin sylinterit mahdollistavat kauhan tunkeutumisen maahan, mik\u00e4 mahdollistaa tehokkaan kaivun. T\u00e4m\u00e4 ominaisuus on elint\u00e4rke\u00e4 maanrakennust\u00f6iss\u00e4, joissa hallittu kaivaminen on v\u00e4ltt\u00e4m\u00e4t\u00f6nt\u00e4 haluttujen ty\u00f6maavaatimusten saavuttamiseksi.<\/p>\n<h3>Kuormaajat<\/h3>\n<p>Etukuormaajissa puomisylinterit auttavat materiaalien tehokkaassa nostamisessa ja tyhjent\u00e4misess\u00e4. Niiden luotettava suorituskyky varmistaa, ett\u00e4 materiaalink\u00e4sittelyteht\u00e4v\u00e4t suoritetaan nopeasti, mik\u00e4 edist\u00e4\u00e4 ty\u00f6maan kokonaistuottavuutta.<\/p>\n<h2>Suunnittelun\u00e4k\u00f6kohdat<\/h2>\n<h3>Kantavuus<\/h3>\n<p>Puomisylinteri\u00e4 valittaessa on ratkaisevan t\u00e4rke\u00e4\u00e4 ymm\u00e4rt\u00e4\u00e4 sen kuormituskapasiteetti. Sen on kyett\u00e4v\u00e4 k\u00e4sittelem\u00e4\u00e4n sen kohtaama enimm\u00e4ispaino vaarantamatta turvallisuutta tai suorituskyky\u00e4. T\u00e4m\u00e4 edellytt\u00e4\u00e4 toiminnan aikana aiheutuvien voimien laskemista ja sen varmistamista, ett\u00e4 sylinterin tekniset tiedot t\u00e4ytt\u00e4v\u00e4t n\u00e4m\u00e4 vaatimukset.<\/p>\n<h3>Tiivistysmekanismit<\/h3>\n<p>Asianmukainen tiivistys on v\u00e4ltt\u00e4m\u00e4t\u00f6nt\u00e4 hydraulisen paineen yll\u00e4pit\u00e4miseksi ja vuotojen est\u00e4miseksi. Kest\u00e4vist\u00e4 materiaaleista, kuten polyuretaanista tai nitriilikumista, valmistetut korkealaatuiset tiivisteet varmistavat pitk\u00e4n k\u00e4ytt\u00f6i\u00e4n ja v\u00e4hent\u00e4v\u00e4t huoltotarvetta. Suunnittelussa tulisi olla ominaisuuksia, jotka parantavat tiiviytt\u00e4 kest\u00e4m\u00e4\u00e4n vaihtelevia paineita ja olosuhteita.<\/p>\n<h3>Kest\u00e4vyys<\/h3>\n<p>Kest\u00e4vyys on keskeinen tekij\u00e4 puomisylinterien suunnittelussa. Niiden on kestett\u00e4v\u00e4 jatkuvan k\u00e4yt\u00f6n aiheuttamaa kulumista vaativissa ymp\u00e4rist\u00f6iss\u00e4. Kulumiskest\u00e4vyytt\u00e4 ja korroosionestosuojaa parantavien materiaalien ja pinnoitteiden k\u00e4ytt\u00f6 voi pident\u00e4\u00e4 sylinterin k\u00e4ytt\u00f6ik\u00e4\u00e4 merkitt\u00e4v\u00e4sti, mik\u00e4 v\u00e4hent\u00e4\u00e4 seisokkiaikoja ja huoltokustannuksia.<\/p>\n<h3>Turvaominaisuudet<\/h3>\n<p>Turvaominaisuuksien, kuten paineenalennusventtiilien ja h\u00e4t\u00e4pys\u00e4ytysmekanismien, sis\u00e4llytt\u00e4minen on elint\u00e4rke\u00e4\u00e4. N\u00e4m\u00e4 ominaisuudet suojaavat k\u00e4ytt\u00e4ji\u00e4 ja laitteita mahdollisilta vioilta ja varmistavat turvallisen toiminnan my\u00f6s \u00e4\u00e4rimm\u00e4isiss\u00e4 olosuhteissa.<\/p>\n<h3>Huolto Esteett\u00f6myys<\/h3>\n<p>Hydraulisylinterien k\u00e4ytt\u00f6i\u00e4n pident\u00e4miseksi on t\u00e4rke\u00e4\u00e4 suunnitella helppo huolto. Huomiota on kiinnitett\u00e4v\u00e4 komponenttien helppoon saavutettavuuteen tarkastusta, voitelua ja vaihtoa varten, jotta k\u00e4ytt\u00e4j\u00e4t voivat suorittaa rutiinihuollon tehokkaasti.<\/p>\n<p><img decoding=\"async\" src=\"https:\/\/www.hydraulic-cylinders.net\/wp-content\/uploads\/2025\/04\/songte-oil-pipes-and-spare-parts.webp\" alt=\"Hydraulisylinterin suunnittelun n\u00e4k\u00f6kohdat\"\/><\/p>\n<h2>Tiivistys ja voitelu<\/h2>\n<p>Tehokas tiivistys ja voitelu ovat v\u00e4ltt\u00e4m\u00e4tt\u00f6mi\u00e4 hydraulisylinterien optimaalisen suorituskyvyn kannalta. Hydraulisen eheyden yll\u00e4pit\u00e4miseksi k\u00e4ytet\u00e4\u00e4n erilaisia \u200b\u200btiivisteit\u00e4, kuten m\u00e4nn\u00e4ntiivisteit\u00e4 ja varren tiivisteit\u00e4. Kulutusta kest\u00e4vist\u00e4 materiaaleista, kuten polyuretaanista ja nitriilikumista, valmistetut tiivisteet varmistavat kest\u00e4vyyden my\u00f6s ankarissa olosuhteissa. Lis\u00e4ksi sylinterin runko ja kierteitetyt p\u00e4\u00e4t on k\u00e4sitelt\u00e4v\u00e4 hienovaraisesti kulutuskest\u00e4vyyden parantamiseksi. Hydrauli\u00f6ljyn s\u00e4\u00e4nn\u00f6llinen lis\u00e4\u00e4minen on v\u00e4ltt\u00e4m\u00e4t\u00f6nt\u00e4 voitelun, j\u00e4rjestelm\u00e4n sujuvan toiminnan ja kulumisriskin v\u00e4hent\u00e4misen kannalta.<\/p>\n<h2>Ennaltaehk\u00e4isev\u00e4t huoltotoimenpiteet<\/h2>\n<ul>\n<li><strong>S\u00e4\u00e4nn\u00f6lliset tarkastukset:<\/strong> Tee s\u00e4\u00e4nn\u00f6llisi\u00e4 tarkastuksia kulumisen, vuotojen tai vaurioiden merkkien tunnistamiseksi. T\u00e4m\u00e4 ennakoiva l\u00e4hestymistapa auttaa havaitsemaan mahdolliset ongelmat varhaisessa vaiheessa ja est\u00e4\u00e4 laajemmat korjaukset.<\/li>\n<li><strong>Voitelu:<\/strong> Varmista, ett\u00e4 kaikki liikkuvat osat on voideltu riitt\u00e4v\u00e4sti kitkan ja kulumisen v\u00e4hent\u00e4miseksi. Oikean hydrauliikka\u00f6ljyn k\u00e4ytt\u00f6 on ratkaisevan t\u00e4rke\u00e4\u00e4 optimaalisen suorituskyvyn saavuttamiseksi.<\/li>\n<li><strong>Tiivisteiden vaihdot:<\/strong> Tarkista tiivisteiden kuluminen s\u00e4\u00e4nn\u00f6llisesti ja vaihda ne tarvittaessa hydraulisen eheyden yll\u00e4pit\u00e4miseksi ja vuotojen est\u00e4miseksi.<\/li>\n<\/ul>\n<h2>Asennusohjeet<\/h2>\n<p>Puomisylinterin oikea asennus on elint\u00e4rke\u00e4\u00e4 sen suorituskyvyn ja pitk\u00e4n k\u00e4ytt\u00f6i\u00e4n kannalta. Aloita varmistamalla, ett\u00e4 kiinnityspinnat ovat puhtaat, roskattomat ja oikein kohdistetut. K\u00e4yt\u00e4 sopivia kiinnitystelineit\u00e4 sylinterin kiinnitt\u00e4miseen tukevasti paikalleen est\u00e4en virhekohdistuksen k\u00e4yt\u00f6n aikana. Sylinterin kohdistaminen on eritt\u00e4in t\u00e4rke\u00e4\u00e4, jotta tiivisteisiin ja kiinnityspisteisiin ei kohdistu tarpeetonta rasitusta. Asennuksen j\u00e4lkeen varmista, ett\u00e4 hydrauliset liit\u00e4nn\u00e4t ovat tiukat ja vuotamattomat. Asennuksen j\u00e4lkeen suorita koek\u00e4ytt\u00f6 varmistaaksesi, ett\u00e4 sylinteri toimii sujuvasti ja tehokkaasti.<\/p>\n<h2>Huoltoteht\u00e4v\u00e4t<\/h2>\n<ul>\n<li><strong>S\u00e4\u00e4nn\u00f6lliset tarkastukset:<\/strong> Usein teht\u00e4v\u00e4t vuotojen ja kulumisen tarkastukset voivat auttaa tunnistamaan ongelmat ennen kuin niist\u00e4 tulee merkitt\u00e4vi\u00e4. Asianmukaiset tarkastusprotokollat \u200b\u200bvoivat varmistaa pitk\u00e4aikaisen luotettavuuden.<\/li>\n<li><strong>Asianmukainen voitelu:<\/strong> Oikeiden voitelumenetelmien k\u00e4ytt\u00f6 pident\u00e4\u00e4 hydraulij\u00e4rjestelm\u00e4n k\u00e4ytt\u00f6ik\u00e4\u00e4, varmistaa sujuvan toiminnan ja v\u00e4hent\u00e4\u00e4 vikojen todenn\u00e4k\u00f6isyytt\u00e4.<\/li>\n<li><strong>Tiivisteiden vaihdot ja kalibrointitarkastukset:<\/strong> Kuluneiden tiivisteiden vaihtaminen ja kalibrointitarkastusten suorittaminen voivat yll\u00e4pit\u00e4\u00e4 sylinterin toiminnan tehokkuutta ja turvallisuutta.<\/li>\n<\/ul>\n<h2>Turvallisuusn\u00e4k\u00f6kohdat ja ymp\u00e4rist\u00f6tekij\u00e4t<\/h2>\n<p>Turvallisuuden varmistaminen hydraulisylintereit\u00e4 k\u00e4ytett\u00e4ess\u00e4 on kriittisen t\u00e4rke\u00e4\u00e4. K\u00e4ytt\u00e4j\u00e4t tulee kouluttaa asianmukaiseen k\u00e4sittelyyn ja turvallisuusprotokolliin onnettomuuksien v\u00e4ltt\u00e4miseksi. Lis\u00e4ksi k\u00e4ytt\u00e4jien on oltava tietoisia ymp\u00e4rist\u00f6tekij\u00f6ist\u00e4, jotka voivat vaikuttaa sylinterin suorituskykyyn, kuten \u00e4\u00e4rimm\u00e4isist\u00e4 l\u00e4mp\u00f6tiloista tai altistumisesta sy\u00f6vytt\u00e4ville aineille. Laitteiden ja henkil\u00f6st\u00f6n suojaamiseksi toteutetut toimenpiteet voivat parantaa yleist\u00e4 turvallisuutta ty\u00f6maalla.<\/p>\n<h2>Vianm\u00e4\u00e4ritys ja yleiset ongelmat<\/h2>\n<ul>\n<li><strong>Vuoto:<\/strong> Tunnista vuotojen l\u00e4hde, joka voi johtua kuluneista tiivisteist\u00e4 tai vaurioituneista liitoksista. Vaihda tiivisteet viipym\u00e4tt\u00e4 ja tarkista mahdolliset linjausvirheet, jotka voivat aiheuttaa j\u00e4rjestelm\u00e4\u00e4n rasitusta.<\/li>\n<li><strong>Hidas toiminta:<\/strong> Jos hydraulisylinteri reagoi hitaasti, tarkista, onko j\u00e4rjestelm\u00e4ss\u00e4 hydraulinesteen taso alhainen tai ilmaa. J\u00e4rjestelm\u00e4n ilmaaminen tai nestetasojen lis\u00e4\u00e4minen voi ratkaista n\u00e4m\u00e4 ongelmat.<\/li>\n<li><strong>Ep\u00e4tasainen liike:<\/strong> T\u00e4m\u00e4 voi johtua hydraulisesta ep\u00e4tasapainosta. Tarkista hydrauliletkut tukosten tai vaurioiden varalta ja varmista, ett\u00e4 paine pysyy tasaisena koko j\u00e4rjestelm\u00e4ss\u00e4.<\/li>\n<\/ul>\n<p>Ennaltaehk\u00e4isevien toimenpiteiden, kuten s\u00e4\u00e4nn\u00f6llisen huollon ja tarkastusten, toteuttaminen voi minimoida mahdolliset ongelmat ja pident\u00e4\u00e4 puomin sylinterin k\u00e4ytt\u00f6ik\u00e4\u00e4.<\/p>\n<p><img decoding=\"async\" src=\"https:\/\/www.hydraulic-cylinders.net\/wp-content\/uploads\/2025\/04\/songte-bushings-with-all-kinds-of-excavator-models.webp\" alt=\"Hydraulisylinterien vianetsint\u00e4\"\/><\/p>\n<h2>Tietoa yrityksest\u00e4mme<\/h2>\n<p>Olemme johtava hydraulisten sylinterien vaihto-osien valmistaja, joka tarjoaa kattavan valikoiman tuotteita sek\u00e4 kotimaisilla ett\u00e4 kansainv\u00e4lisill\u00e4 markkinoilla. Sitoutumisemme laatuun perustuu huolelliseen valmistusprosessiin, jossa hy\u00f6dynnet\u00e4\u00e4n edistynytt\u00e4 teknologiaa ja hydraulisten j\u00e4rjestelmien asiantuntemusta. Keskittym\u00e4ll\u00e4 korkeaan tehokkuuteen, tarkkuuteen ja laatuun vastaamme monipuolisiin asiakastarpeisiin ja parannamme jatkuvasti tuotantokapasiteettiamme.<\/p>\n<p>Asiantuntemuksemme kattaa kansainv\u00e4liset sertifioinnit, r\u00e4\u00e4t\u00e4l\u00f6idyt palvelut erityistarpeisiin, huippuluokan tuotantolaitteet ja erinomaisen j\u00e4lkimarkkinointituen. Asiakastyytyv\u00e4isyys on meille t\u00e4rke\u00e4\u00e4 tarjoamalla luotettavia tuotteita ja ratkaisuja, jotka parantavat hydraulisten j\u00e4rjestelmien suorituskyky\u00e4.<\/p>\n<p><img decoding=\"async\" src=\"https:\/\/www.hydraulic-cylinders.net\/wp-content\/uploads\/2025\/04\/songte-company-4.webp\" alt=\"Yrityksen yleiskatsaus\"\/><br \/>\n<img decoding=\"async\" src=\"https:\/\/www.hydraulic-cylinders.net\/wp-content\/uploads\/2025\/04\/songte-company-3.webp\" alt=\"Valmistusprosessi\"\/><\/p>\n<p>Kirjoittaja: lyl<\/p>","protected":false},"excerpt":{"rendered":"<p>Boom Cylinder For Volvo Wheel Excavator EW145BP Product Overview The Boom Cylinder for Volvo Wheel Excavator EW145BP is a crucial hydraulic component designed to control the movement of the excavator&#8217;s boom. This hydraulic cylinder is engineered to provide the necessary force to lift, lower, and tilt the boom, facilitating efficient material handling tasks. In heavy [&hellip;]<\/p>","protected":false},"featured_media":17880,"comment_status":"open","ping_status":"closed","template":"","meta":{"_et_pb_use_builder":"","_et_pb_old_content":"","_et_gb_content_width":""},"product_brand":[],"product_cat":[1546],"product_tag":[1547,1496],"class_list":{"0":"post-19134","1":"product","2":"type-product","3":"status-publish","4":"has-post-thumbnail","6":"product_cat-boom-cylinders","7":"product_tag-boom-cylinders","8":"product_tag-hydraulic-cylinders","10":"first","11":"instock","12":"shipping-taxable","13":"product-type-simple"},"amp_enabled":true,"_links":{"self":[{"href":"https:\/\/www.hydraulic-cylinders.net\/fi\/wp-json\/wp\/v2\/product\/19134","targetHints":{"allow":["GET"]}}],"collection":[{"href":"https:\/\/www.hydraulic-cylinders.net\/fi\/wp-json\/wp\/v2\/product"}],"about":[{"href":"https:\/\/www.hydraulic-cylinders.net\/fi\/wp-json\/wp\/v2\/types\/product"}],"replies":[{"embeddable":true,"href":"https:\/\/www.hydraulic-cylinders.net\/fi\/wp-json\/wp\/v2\/comments?post=19134"}],"wp:featuredmedia":[{"embeddable":true,"href":"https:\/\/www.hydraulic-cylinders.net\/fi\/wp-json\/wp\/v2\/media\/17880"}],"wp:attachment":[{"href":"https:\/\/www.hydraulic-cylinders.net\/fi\/wp-json\/wp\/v2\/media?parent=19134"}],"wp:term":[{"taxonomy":"product_brand","embeddable":true,"href":"https:\/\/www.hydraulic-cylinders.net\/fi\/wp-json\/wp\/v2\/product_brand?post=19134"},{"taxonomy":"product_cat","embeddable":true,"href":"https:\/\/www.hydraulic-cylinders.net\/fi\/wp-json\/wp\/v2\/product_cat?post=19134"},{"taxonomy":"product_tag","embeddable":true,"href":"https:\/\/www.hydraulic-cylinders.net\/fi\/wp-json\/wp\/v2\/product_tag?post=19134"}],"curies":[{"name":"wp","href":"https:\/\/api.w.org\/{rel}","templated":true}]}}