{"id":19136,"date":"2025-04-07T06:14:35","date_gmt":"2025-04-07T06:14:35","guid":{"rendered":"https:\/\/www.hydraulic-cylinders.net\/product\/boom-cylinder-for-volvo-wheel-excavator-dls830-9b\/"},"modified":"2025-04-07T06:14:38","modified_gmt":"2025-04-07T06:14:38","slug":"boom-cylinder-for-volvo-wheel-excavator-dls830-9b","status":"publish","type":"product","link":"https:\/\/www.hydraulic-cylinders.net\/fi\/tuote\/boom-cylinder-for-volvo-wheel-excavator-dls830-9b\/","title":{"rendered":"Volvon py\u00f6r\u00e4kaivurin DLS830-9B puomin sylinteri"},"content":{"rendered":"<h1>Volvon py\u00f6r\u00e4kaivurin DLS830-9B puomin sylinteri<\/h1>\n<h2>Johdatus puomin sylinteriin<\/h2>\n<p>Puomin sylinteri on raskaiden koneiden hydrauliikkaj\u00e4rjestelmien ratkaiseva osa, ja se on erityisesti suunniteltu ohjaamaan kauhan liikett\u00e4 kaivinkoneissa, kaivurikuormaajissa ja etukuormaajissa. T\u00e4m\u00e4 hydraulisylinteri mahdollistaa kauhan nostamisen, laskemisen ja kallistuksen, mik\u00e4 helpottaa erilaisia \u200b\u200bmateriaalink\u00e4sittelyteht\u00e4vi\u00e4. Pohjimmiltaan puomin sylinteri muuntaa hydraulisen paineen mekaaniseksi liikkeeksi, jolloin k\u00e4ytt\u00e4j\u00e4t voivat suorittaa monimutkaisia \u200b\u200bteht\u00e4vi\u00e4 helposti ja tarkasti.<\/p>\n<p>Vankan rakenteensa ansiosta puomin sylinteri hallitsee tehokkaasti raskaiden nosto- ja kaivut\u00f6iden mukanaan tuomia valtavia voimia. Se on suunniteltu kest\u00e4m\u00e4\u00e4n vaativien ty\u00f6olosuhteiden rajoja, mik\u00e4 tekee siit\u00e4 v\u00e4ltt\u00e4m\u00e4tt\u00f6m\u00e4n osan rakennus- ja maatalouskoneiden toiminnassa.<\/p>\n<p><img decoding=\"async\" src=\"https:\/\/www.hydraulic-cylinders.net\/wp-content\/uploads\/2025\/04\/songte-company-1.webp\" alt=\"Puomin sylinterin kuva\"><\/p>\n<h2>Puomin sylinterin ominaisuudet<\/h2>\n<ul>\n<li>\n<h3>Korkea lujuus ja kest\u00e4vyys<\/h3>\n<p>Korkean lujuuden ter\u00e4ksest\u00e4 tai alumiinista valmistettu puomin sylinteri on suunniteltu kest\u00e4m\u00e4\u00e4n korkeita paineita ja raskaita kuormia, joten se sopii vaativiin ty\u00f6ymp\u00e4rist\u00f6ihin. Sen suunnittelussa on huomioitu kulutuskest\u00e4vyys ja korroosiosuojaus, mik\u00e4 pident\u00e4\u00e4 sen k\u00e4ytt\u00f6ik\u00e4\u00e4.<\/p>\n<\/li>\n<li>\n<h3>Tehokas hydraulinen k\u00e4ytt\u00f6<\/h3>\n<p>Sylinteri hy\u00f6dynt\u00e4\u00e4 hydrauli\u00f6ljyn painetta tasaisen ulos- ja sis\u00e4\u00e4nvet\u00e4ytymisen aikaansaamiseksi, mik\u00e4 mahdollistaa nopean reagoinnin k\u00e4ytt\u00e4j\u00e4n komentoihin. T\u00e4m\u00e4 tarjoaa merkitt\u00e4v\u00e4\u00e4 ty\u00f6nt\u00f6- ja vetovoimaa, mik\u00e4 on ihanteellista raskaiden materiaalien k\u00e4sittelyyn ja monimutkaisiin teht\u00e4viin.<\/p>\n<\/li>\n<li>\n<h3>Erilaisia \u200b\u200btyyppej\u00e4<\/h3>\n<p>Puomisylinteri\u00e4 on saatavana sek\u00e4 yksitoimisena (toimii yhteen suuntaan) ett\u00e4 kaksitoimisena (toimii molempiin suuntiin) kokoonpanoina, ja se t\u00e4ytt\u00e4\u00e4 erilaiset k\u00e4ytt\u00f6vaatimukset. Tietyt mallit ovat teleskooppisia, mik\u00e4 mahdollistaa suuremman jatkeen ilman ulkomittojen kasvua, mik\u00e4 tekee niist\u00e4 t\u00e4ydellisen ratkaisun ahtaisiin sovelluksiin.<\/p>\n<\/li>\n<li>\n<h3>Yhteensopivuus eri mallien kanssa<\/h3>\n<p>Tuotteemme voivat t\u00e4ydellisesti korvata olemassa olevat hydraulisylinterit varmistaen saumattoman integroinnin ja suorituskyvyn parantamisen koneissasi.<\/p>\n<p>        <img decoding=\"async\" src=\"https:\/\/www.hydraulic-cylinders.net\/wp-content\/uploads\/2025\/04\/songte-cylinder-head-with-all-kinds-excavator-models.webp\" alt=\"Yhteensopivien mallien kuva\">\n    <\/li>\n<\/ul>\n<h2>Puomisylinterin sovellukset<\/h2>\n<ul>\n<li>\n<h3>Rakennuslaitteet<\/h3>\n<p>Kaivinkoneissa puomin sylinterit ovat v\u00e4ltt\u00e4m\u00e4tt\u00f6mi\u00e4 kaivamiseen, lastaamiseen ja maan tai roskien siirt\u00e4miseen. Kauhan tehokas nosto- ja laskumahdollisuus antaa kuljettajille mahdollisuuden suorittaa teht\u00e4v\u00e4ns\u00e4 tarkasti ja tehokkaasti, mik\u00e4 lis\u00e4\u00e4 tuottavuutta rakennusty\u00f6mailla.<\/p>\n<\/li>\n<li>\n<h3>Maatalouskoneet<\/h3>\n<p>Etukuormaajat k\u00e4ytt\u00e4v\u00e4t puomisylintereit\u00e4 maaper\u00e4n, hein\u00e4n ja muiden materiaalien kaivamiseen, nostamiseen ja kuljettamiseen. Hydraulinen toiminta mahdollistaa viljelij\u00f6iden raskaiden kuormien helpon hallinnan, mik\u00e4 optimoi heid\u00e4n toimintaansa ja parantaa heid\u00e4n kokonaistehokkuuttaan.<\/p>\n<\/li>\n<li>\n<h3>Kaivinkoneet<\/h3>\n<p>Kaivinkoneissa puomin sylinteri mahdollistaa kauhan tehokkaan tunkeutumisen maahan, mik\u00e4 helpottaa kaivuty\u00f6t\u00e4. Sen tehokkaat hydrauliset ominaisuudet tekev\u00e4t siit\u00e4 korvaamattoman kaivut\u00f6iss\u00e4, sill\u00e4 se mahdollistaa syv\u00e4n kaivamisen ja tarkat ty\u00f6t.<\/p>\n<\/li>\n<li>\n<h3>Kuormaajat<\/h3>\n<p>Etukuormaajissa puomin sylinterit auttavat kuormien tehokkaassa nostamisessa ja tyhjent\u00e4misess\u00e4. T\u00e4m\u00e4 ominaisuus on ratkaisevan t\u00e4rke\u00e4 useissa eri sovelluksissa rakentamisesta maisemointiin, sill\u00e4 se mahdollistaa nopean ja tarkan materiaalink\u00e4sittelyn.<\/p>\n<\/li>\n<\/ul>\n<h2>Suunnittelun\u00e4k\u00f6kohdat ja valintakriteerit<\/h2>\n<ul>\n<li>\n<h3>Kantavuus<\/h3>\n<p>Kantavuus on t\u00e4rke\u00e4 tekij\u00e4 puomisylinteri\u00e4 valittaessa. Sen on vastattava tai ylitett\u00e4v\u00e4 sen k\u00e4ytt\u00e4mien laitteiden k\u00e4ytt\u00f6vaatimukset. T\u00e4m\u00e4 varmistaa turvallisuuden ja tehokkuuden k\u00e4yt\u00f6n aikana ja est\u00e4\u00e4 laitteiden vikaantumisen tai onnettomuudet ylikuormituksen vuoksi.<\/p>\n<\/li>\n<li>\n<h3>Tiivistyksen eheys<\/h3>\n<p>Tehokas tiivistys on ratkaisevan t\u00e4rke\u00e4\u00e4 hydraulisen paineen yll\u00e4pit\u00e4miseksi ja vuotojen est\u00e4miseksi. Kest\u00e4vist\u00e4 materiaaleista valmistetut korkealaatuiset tiivisteet voivat parantaa suorituskyky\u00e4 ja k\u00e4ytt\u00f6ik\u00e4\u00e4. Oikeat tiivistysmekanismit minimoivat huoltotarpeen ja varmistavat k\u00e4ytt\u00f6varmuuden.<\/p>\n<\/li>\n<li>\n<h3>Kest\u00e4vyys<\/h3>\n<p>Kest\u00e4vyys on olennaista vaativissa ty\u00f6ymp\u00e4rist\u00f6iss\u00e4. Puomin sylinterin rakenteessa k\u00e4ytettyjen materiaalien tulee olla kulutusta ja korroosiota kest\u00e4vi\u00e4, mik\u00e4 varmistaa pitk\u00e4n k\u00e4ytt\u00f6i\u00e4n ja luotettavuuden \u00e4\u00e4rimm\u00e4isiss\u00e4 olosuhteissa. T\u00e4m\u00e4 on erityisen t\u00e4rke\u00e4\u00e4 rakennus- ja maataloussovelluksissa.<\/p>\n<\/li>\n<li>\n<h3>Turvaominaisuudet<\/h3>\n<p>Turvallisuus on hydraulij\u00e4rjestelmiss\u00e4 ensiarvoisen t\u00e4rke\u00e4\u00e4. Puomin sylintereiss\u00e4 tulisi olla sis\u00e4\u00e4nrakennetut turvamekanismit \u00e4killisten vikojen est\u00e4miseksi. Ominaisuudet, kuten paineenalennusventtiilit, auttavat hallitsemaan ylipainetta ja suojaamaan sek\u00e4 k\u00e4ytt\u00e4j\u00e4\u00e4 ett\u00e4 koneistoa.<\/p>\n<\/li>\n<li>\n<h3>Huolto ja huollettavuus<\/h3>\n<p>Helppok\u00e4ytt\u00f6inen suunnittelu on ratkaisevan t\u00e4rke\u00e4\u00e4. Hyvin suunniteltu puomisylinteri mahdollistaa yksinkertaiset tarkastukset, korjaukset ja osien vaihdot. T\u00e4m\u00e4 v\u00e4hent\u00e4\u00e4 seisokkiaikoja ja parantaa koneiden toiminnan kokonaistehokkuutta.<\/p>\n<\/li>\n<\/ul>\n<p><img decoding=\"async\" src=\"https:\/\/www.hydraulic-cylinders.net\/wp-content\/uploads\/2025\/04\/songte-oil-pipes-and-spare-parts.webp\" alt=\"\u00d6ljyputket ja varaosat -kuva\"><\/p>\n<h2>Tiivistys ja voitelu<\/h2>\n<p>Hydraulisylinterin tehokkuus riippuu suuresti sen tiivistys- ja voiteluj\u00e4rjestelmist\u00e4. Hydraulisen paineen yll\u00e4pit\u00e4miseen ja vuotojen est\u00e4miseen k\u00e4ytet\u00e4\u00e4n erilaisia \u200b\u200btiivisteit\u00e4, kuten m\u00e4nn\u00e4ntiivisteit\u00e4 ja varren tiivisteit\u00e4. Tiivistemateriaalien, kuten polyuretaanin ja nitriilikumin, valinta varmistaa kest\u00e4vyyden kulumista vastaan.<\/p>\n<p>Sylinterin runko ja kierteitetyt p\u00e4\u00e4t on huolellisesti k\u00e4sitelty kulutuskest\u00e4vyyden parantamiseksi, mik\u00e4 on olennaista sylinterin k\u00e4ytt\u00f6i\u00e4n pident\u00e4miseksi. S\u00e4\u00e4nn\u00f6llinen voitelu sopivalla hydrauliikka\u00f6ljyll\u00e4 on ratkaisevan t\u00e4rke\u00e4\u00e4 sujuvan toiminnan varmistamiseksi ja liikkuvien osien v\u00e4lisen kitkan v\u00e4hent\u00e4miseksi, mik\u00e4 parantaa suorituskyky\u00e4 ja pitk\u00e4ik\u00e4isyytt\u00e4.<\/p>\n<h2>S\u00e4\u00e4nn\u00f6llinen tarkastus ja ennaltaehk\u00e4isev\u00e4 huolto<\/h2>\n<ul>\n<li>\n<h3>S\u00e4\u00e4nn\u00f6lliset tarkastukset<\/h3>\n<p>Puomisylinterin s\u00e4\u00e4nn\u00f6lliset tarkastukset ovat olennaisia \u200b\u200bmahdollisten ongelmien tunnistamiseksi ennen niiden pahenemista. Tarkista vuodot, kulumisen merkit ja yleinen kunto optimaalisen suorituskyvyn varmistamiseksi.<\/p>\n<\/li>\n<li>\n<h3>Oikea voitelu<\/h3>\n<p>Oikean voitelun yll\u00e4pit\u00e4minen on elint\u00e4rke\u00e4\u00e4 hydraulij\u00e4rjestelm\u00e4n moitteettoman toiminnan kannalta. Varmista, ett\u00e4 hydrauli\u00f6ljyn taso on riitt\u00e4v\u00e4 ja ett\u00e4 \u00f6ljy on suositeltua tyyppi\u00e4 tiivisteiden ja muiden komponenttien rikkoutumisen est\u00e4miseksi.<\/p>\n<\/li>\n<li>\n<h3>Tiivisteiden vaihto ja kalibrointitarkastukset<\/h3>\n<p>Tiivisteiden s\u00e4\u00e4nn\u00f6llinen vaihtaminen ja hydraulij\u00e4rjestelm\u00e4n kalibrointi voivat est\u00e4\u00e4 vuotoja ja yll\u00e4pit\u00e4\u00e4 paineen eheytt\u00e4. Oikea linjaus asennuksen aikana on ratkaisevan t\u00e4rke\u00e4\u00e4, sill\u00e4 virheellinen linjaus voi johtaa nopeutettuun kulumiseen ja vikaantumiseen.<\/p>\n<\/li>\n<\/ul>\n<p><img decoding=\"async\" src=\"https:\/\/www.hydraulic-cylinders.net\/wp-content\/uploads\/2025\/04\/songte-chushion-collar.webp\" alt=\"Tyynykauluksen kuva\"><\/p>\n<h2>Turvallisuusn\u00e4k\u00f6kohdat ja ymp\u00e4rist\u00f6tekij\u00e4t<\/h2>\n<p>Hydraulisia laitteita k\u00e4ytett\u00e4ess\u00e4 turvatoimenpiteiden toteuttaminen on ratkaisevan t\u00e4rke\u00e4\u00e4 onnettomuuksien ja vammojen ehk\u00e4isemiseksi. K\u00e4ytt\u00e4j\u00e4t on koulutettava ymm\u00e4rt\u00e4m\u00e4\u00e4n koneen rajoitukset ja turvallisuusprotokollien noudattamisen t\u00e4rkeys k\u00e4yt\u00f6n aikana. Lis\u00e4ksi hydraulinesteiden ja -komponenttien asianmukainen h\u00e4vitt\u00e4minen on v\u00e4ltt\u00e4m\u00e4t\u00f6nt\u00e4 ymp\u00e4rist\u00f6vaikutusten minimoimiseksi ja s\u00e4\u00e4ntelystandardien noudattamisen varmistamiseksi.<\/p>\n<h2>Vianm\u00e4\u00e4ritys ja yleiset ongelmat<\/h2>\n<ul>\n<li>\n<h3>Hydrauliset vuodot<\/h3>\n<p>Hydraulij\u00e4rjestelmien vuodot johtuvat usein kuluneista tiivisteist\u00e4 tai vaurioituneista osista. S\u00e4\u00e4nn\u00f6lliset tarkastukset voivat auttaa tunnistamaan vuodot varhaisessa vaiheessa, mik\u00e4 mahdollistaa oikea-aikaiset korjaukset ja est\u00e4\u00e4 j\u00e4rjestelm\u00e4n lis\u00e4vauriot.<\/p>\n<\/li>\n<li>\n<h3>Ep\u00e4johdonmukainen suorituskyky<\/h3>\n<p>Jos puomin sylinteri nousee tai laskee ep\u00e4tasaisesti, se voi viitata hydraulinesteen tasoihin tai ep\u00e4puhtauksiin. Hydraulinesteen pit\u00e4minen puhtaana ja mahdollisten ep\u00e4s\u00e4\u00e4nn\u00f6llisyyksien korjaaminen nopeasti on olennaista.<\/p>\n<\/li>\n<li>\n<h3>Ylikuumeneminen<\/h3>\n<p>Ylikuumeneminen voi johtua liiallisesta kuormituksesta tai riitt\u00e4m\u00e4tt\u00f6m\u00e4st\u00e4 voitelusta. K\u00e4ytt\u00f6l\u00e4mp\u00f6tilan seuranta ja asianmukaisen voitelun varmistaminen voivat lievent\u00e4\u00e4 ylikuumenemisriskej\u00e4.<\/p>\n<\/li>\n<\/ul>\n<h2>Vianm\u00e4\u00e4ritysvinkkej\u00e4<\/h2>\n<p>Ongelmien tehokkaaseen diagnosointiin ja ratkaisemiseen k\u00e4ytt\u00e4jien on noudatettava systemaattista l\u00e4hestymistapaa. Tarkista s\u00e4\u00e4nn\u00f6llisesti hydraulinesteen tasot, tiivisteiden kuluminen ja varmista, ett\u00e4 kaikki komponentit ovat oikein linjassa. Ennaltaehk\u00e4isev\u00e4t toimenpiteet, kuten s\u00e4\u00e4nn\u00f6llinen huolto ja oikea-aikainen korjaus, voivat v\u00e4hent\u00e4\u00e4 merkitt\u00e4v\u00e4sti mahdollisten ongelmien todenn\u00e4k\u00f6isyytt\u00e4.<\/p>\n<p><img decoding=\"async\" src=\"https:\/\/www.hydraulic-cylinders.net\/wp-content\/uploads\/2025\/04\/songte-bushings-with-all-kinds-of-excavator-models.webp\" alt=\"Holkit Kuva\"><\/p>\n<h2>Yrityksen yleiskatsaus<\/h2>\n<p>Olemme vaihtoehtoisten hydraulisylintereiden valmistaja ja tarjoamme laajan tuotevalikoiman, mik\u00e4 tekee meist\u00e4 yhden johtavista valmistajista ja tukkukauppiaista kotimaisilla ja kansainv\u00e4lisill\u00e4 markkinoilla. Sitoutumisemme huippuosaamiseen perustuu hienostuneeseen tuotantolaitokseen ja teollisen tuotannon hallintastrategioihin, jotka varmistavat korkealaatuisen tuotannon.<\/p>\n<p>Yrityksemme parantaa jatkuvasti valmistuskapasiteettiaan hy\u00f6dynt\u00e4m\u00e4ll\u00e4 teknologista osaamista, huippuluokan digitaalisia valmistuslaitteita ja ammattimaisia \u200b\u200btestausj\u00e4rjestelmi\u00e4. T\u00e4m\u00e4 mahdollistaa tuotantoalustojemme parantamisen ja tuotteiden laadun parantamisen vastataksemme monipuolisiin asiakastarpeisiin.<\/p>\n<p>Asiantuntemuksemme kattaa ammattitaidon, kansainv\u00e4lisen sertifioinnin, r\u00e4\u00e4t\u00e4l\u00f6idyt palvelut, edistyneet tuotantolaitteet ja reagoivan myynnin j\u00e4lkeisen tuen.<\/p>\n<p><img decoding=\"async\" src=\"https:\/\/www.hydraulic-cylinders.net\/wp-content\/uploads\/2025\/04\/songte-company-4.webp\" alt=\"Yrityskuva 4\"><br \/>\n<img decoding=\"async\" src=\"https:\/\/www.hydraulic-cylinders.net\/wp-content\/uploads\/2025\/04\/songte-company-3.webp\" alt=\"Yrityskuva 3\"><\/p>\n<p>Kirjoittaja: lyl<\/p>","protected":false},"excerpt":{"rendered":"<p>Boom Cylinder For Volvo Wheel Excavator DLS830-9B Introduction to Boom Cylinder The boom cylinder is a crucial component in the hydraulic systems of heavy machinery, specifically designed to control the movement of the bucket in excavators, backhoe loaders, and front loaders. This hydraulic cylinder enables the bucket to lift, lower, and tilt, facilitating a variety [&hellip;]<\/p>","protected":false},"featured_media":17867,"comment_status":"open","ping_status":"closed","template":"","meta":{"_et_pb_use_builder":"","_et_pb_old_content":"","_et_gb_content_width":""},"product_brand":[],"product_cat":[1546],"product_tag":[1547,1496],"class_list":{"0":"post-19136","1":"product","2":"type-product","3":"status-publish","4":"has-post-thumbnail","6":"product_cat-boom-cylinders","7":"product_tag-boom-cylinders","8":"product_tag-hydraulic-cylinders","10":"first","11":"instock","12":"shipping-taxable","13":"product-type-simple"},"amp_enabled":true,"_links":{"self":[{"href":"https:\/\/www.hydraulic-cylinders.net\/fi\/wp-json\/wp\/v2\/product\/19136","targetHints":{"allow":["GET"]}}],"collection":[{"href":"https:\/\/www.hydraulic-cylinders.net\/fi\/wp-json\/wp\/v2\/product"}],"about":[{"href":"https:\/\/www.hydraulic-cylinders.net\/fi\/wp-json\/wp\/v2\/types\/product"}],"replies":[{"embeddable":true,"href":"https:\/\/www.hydraulic-cylinders.net\/fi\/wp-json\/wp\/v2\/comments?post=19136"}],"wp:featuredmedia":[{"embeddable":true,"href":"https:\/\/www.hydraulic-cylinders.net\/fi\/wp-json\/wp\/v2\/media\/17867"}],"wp:attachment":[{"href":"https:\/\/www.hydraulic-cylinders.net\/fi\/wp-json\/wp\/v2\/media?parent=19136"}],"wp:term":[{"taxonomy":"product_brand","embeddable":true,"href":"https:\/\/www.hydraulic-cylinders.net\/fi\/wp-json\/wp\/v2\/product_brand?post=19136"},{"taxonomy":"product_cat","embeddable":true,"href":"https:\/\/www.hydraulic-cylinders.net\/fi\/wp-json\/wp\/v2\/product_cat?post=19136"},{"taxonomy":"product_tag","embeddable":true,"href":"https:\/\/www.hydraulic-cylinders.net\/fi\/wp-json\/wp\/v2\/product_tag?post=19136"}],"curies":[{"name":"wp","href":"https:\/\/api.w.org\/{rel}","templated":true}]}}