{"id":1916,"date":"2023-10-19T07:55:02","date_gmt":"2023-10-19T07:55:02","guid":{"rendered":"https:\/\/hydraulic-cylinders.net\/?post_type=product&#038;p=1916"},"modified":"2025-04-11T03:43:23","modified_gmt":"2025-04-11T03:43:23","slug":"double-shield-tbm-torque-cylinder","status":"publish","type":"product","link":"https:\/\/www.hydraulic-cylinders.net\/fi\/tuote\/double-shield-tbm-torque-cylinder\/","title":{"rendered":"Tuplasuojattu TBM-v\u00e4\u00e4nt\u00f6sylinteri"},"content":{"rendered":"<h1 style=\"text-align: center;\"><strong>Tuplasuojattu TBM-v\u00e4\u00e4nt\u00f6sylinteri<\/strong><\/h1>\n<p><img loading=\"lazy\" decoding=\"async\" class=\"aligncenter wp-image-1917\" src=\"https:\/\/hydraulic-cylinders.net\/wp-content\/uploads\/2023\/10\/torque-cylinder-1-2-300x300.webp\" alt=\"\" width=\"400\" height=\"400\" \/><\/p>\n<p>Kaksoissuojattu TBM-v\u00e4\u00e4nt\u00f6sylinteri on huippuluokan hydraulinen komponentti, joka maksimoi tunnelinporauskoneiden tehokkuuden ja tarkkuuden. T\u00e4m\u00e4 erikoissylinteri tarjoaa tarvittavan v\u00e4\u00e4nt\u00f6momentin jyrsinp\u00e4\u00e4n py\u00f6ritt\u00e4miseen, mik\u00e4 mahdollistaa sujuvan ja tarkan kaivamisen tunnelinporauksen aikana. T\u00e4ss\u00e4 kattavassa artikkelissa tarkastellaan kaksoissuojatun TBM-v\u00e4\u00e4nt\u00f6sylinterin t\u00e4rkeimpi\u00e4 ominaisuuksia, k\u00e4ytt\u00f6tapoja ja huolto-ohjeita.<\/p>\n<p>Kaksoissuojattu TBM-v\u00e4\u00e4nt\u00f6sylinteri on kest\u00e4v\u00e4 ja luotettava komponentti, joka mullistaa tunnelinporauksen. Suuren v\u00e4\u00e4nt\u00f6momenttinsa, tarkkuussuunnittelunsa, kest\u00e4v\u00e4n rakenteensa ja tilaa s\u00e4\u00e4st\u00e4v\u00e4n suunnittelunsa ansiosta t\u00e4m\u00e4 sylinteri parantaa tunnelointiprosessien tehokkuutta ja tarkkuutta. Noudattamalla suositeltuja k\u00e4ytt\u00f6menetelmi\u00e4 ja s\u00e4\u00e4nn\u00f6llisi\u00e4 huoltok\u00e4yt\u00e4nt\u00f6j\u00e4 kaksoissuojattu TBM-v\u00e4\u00e4nt\u00f6sylinteri tarjoaa jatkossakin poikkeuksellisen suorituskyvyn ja edist\u00e4\u00e4 tunnelointiprojektien onnistumista. Hy\u00f6dynn\u00e4 kaksoissuojatun TBM-v\u00e4\u00e4nt\u00f6sylinterin teho ja tarkkuus ja vapauta tunnelinporauksen t\u00e4ysi potentiaali vertaansa vailla olevalla tehokkuudella ja tarkkuudella.<\/p>\n<p>Tuplasuojattu TBM-v\u00e4\u00e4nt\u00f6sylinterin keskeiset ominaisuudet:<\/p>\n<ul>\n<li>Suuri v\u00e4\u00e4nt\u00f6momentti: Kaksinkertainen TBM-suojav\u00e4\u00e4nt\u00f6sylinteri tuottaa vankan v\u00e4\u00e4nt\u00f6momentin, mik\u00e4 mahdollistaa ter\u00e4p\u00e4\u00e4n tehokkaan py\u00f6rimisen. Sen tehokas suorituskyky varmistaa tehokkaan ja tarkan kaivun jopa haastavissa geologisissa olosuhteissa.<\/li>\n<li>Tarkkuustekniikka: T\u00e4m\u00e4 sylinteri on suunniteltu tarkasti varmistamaan sujuva ja tarkka v\u00e4\u00e4nt\u00f6momentin siirto. Sen edistyksellinen rakenne minimoi v\u00e4lyksen ja yll\u00e4pit\u00e4\u00e4 tasaisia \u200b\u200bpy\u00f6rimisnopeuksia, mik\u00e4 johtaa tarkkaan kaivamiseen ja parantaa tunnelointituottavuutta.<\/li>\n<li>Kest\u00e4v\u00e4 rakenne: Tuplasuojattu TBM-v\u00e4\u00e4nt\u00f6sylinteri on kest\u00e4v\u00e4n rakenteensa ansiosta suunniteltu kest\u00e4m\u00e4\u00e4n tunnelinporauksen vaativat olosuhteet. Sen korkealaatuiset materiaalit ja huolellinen valmistus takaavat kest\u00e4vyyden ja luotettavuuden vaativimmissakin olosuhteissa.<\/li>\n<li>Kompakti ja tilaa s\u00e4\u00e4st\u00e4v\u00e4: T\u00e4m\u00e4 sylinteri optimoi tilank\u00e4yt\u00f6n tunnelinporauskoneessa kompaktin rakenteensa ansiosta. Sen virtaviivainen rakenne mahdollistaa helpon integroinnin, minimoi h\u00e4iri\u00f6t muiden komponenttien kanssa ja maksimoi tunnelointiprosessin kokonaistehokkuuden.<\/li>\n<\/ul>\n<h2><strong>Tuplasuojattu TBM-v\u00e4\u00e4nt\u00f6sylinterin parametri:<\/strong><\/h2>\n<table border=\"1\" cellspacing=\"0\" cellpadding=\"0\">\n<tbody>\n<tr>\n<td>Tuotteen nimi<\/td>\n<td>Tuplasuojatun tunnelin porauskoneen v\u00e4\u00e4nt\u00f6sylinteri<\/td>\n<\/tr>\n<tr>\n<td>Ominaisuudet:<\/td>\n<td>Siirr\u00e4 leikkuup\u00e4\u00e4n v\u00e4\u00e4nt\u00f6momentti<\/td>\n<\/tr>\n<tr>\n<td>Tekniset tiedot:<\/td>\n<td>V\u00e4\u00e4nt\u00f6momenttisylintereiden erilaisia \u200b\u200brakenteita ja eritelmi\u00e4 voidaan suunnitella ja valmistaa asiakkaan vaatimusten mukaisesti<\/td>\n<\/tr>\n<tr>\n<td>Paine:<\/td>\n<td>jopa 25 MPa<br \/>\nErikoisvaatimukset jopa 35 MPa<\/td>\n<\/tr>\n<tr>\n<td>Sovellukset:<\/td>\n<td>Tuplasuojattu tunnelinporauskone<\/td>\n<\/tr>\n<\/tbody>\n<\/table>\n<h2><strong>Kaksoissuojattu TBM-sylinterin k\u00e4ytt\u00f6:<\/strong><\/h2>\n<p><img loading=\"lazy\" decoding=\"async\" class=\"alignnone wp-image-1909 size-full\" src=\"https:\/\/hydraulic-cylinders.net\/wp-content\/uploads\/2023\/10\/double-shield-tbm-cylinder-1.webp\" alt=\"\" width=\"709\" height=\"473\" srcset=\"https:\/\/hydraulic-cylinders.net\/wp-content\/uploads\/2023\/10\/double-shield-tbm-cylinder-1.webp 709w, https:\/\/hydraulic-cylinders.net\/wp-content\/uploads\/2023\/10\/double-shield-tbm-cylinder-1-480x320.webp 480w\" sizes=\"(min-width: 0px) and (max-width: 480px) 480px, (min-width: 481px) 709px, 100vw\" \/><\/p>\n<h2><strong>Kaksoissuojatun TBM-v\u00e4\u00e4nt\u00f6sylinterin k\u00e4ytt\u00f6tapa<\/strong><strong>:<\/strong><\/h2>\n<ul>\n<li><strong>Sylinterin integrointi:<\/strong> Asenna kaksoissuojattu TBM-v\u00e4\u00e4nt\u00f6sylinteri tunnelinporauskoneen sis\u00e4ll\u00e4 olevaan nimettyyn paikkaan valmistajan ohjeiden ja eritelmien mukaisesti. Varmista oikea kohdistus ja tukeva kiinnitys TBM:n rakenteeseen k\u00e4ytt\u00e4m\u00e4ll\u00e4 sopivia kiinnikkeit\u00e4 tai lis\u00e4varusteita.<\/li>\n<li><strong>Hydraulij\u00e4rjestelm\u00e4n integrointi:<\/strong> Kytke sylinteri TBM:n hydraulij\u00e4rjestelm\u00e4\u00e4n yhteensopivilla letkuilla ja liittimill\u00e4. Varmista, ett\u00e4 kaikki liit\u00e4nn\u00e4t ovat tukevasti kiinni, vuotamattomat ja riitt\u00e4v\u00e4sti kiristetty optimaalisen hydraulisen suorituskyvyn varmistamiseksi.<\/li>\n<li><strong>Ohjaus ja toiminta:<\/strong> Tutustu TBM:n ohjausj\u00e4rjestelm\u00e4\u00e4n ja kaksoissuojatun TBM:n v\u00e4\u00e4nt\u00f6sylinterin s\u00e4\u00e4nt\u00f6ihin. K\u00e4yt\u00e4 n\u00e4it\u00e4 ohjaimia v\u00e4\u00e4nt\u00f6momentin aktivoimiseen, s\u00e4\u00e4t\u00e4miseen ja valvontaan sek\u00e4 sen s\u00e4\u00e4t\u00e4miseen vastaamaan kaivuuvaatimuksia ja geologisia olosuhteita.<\/li>\n<li><strong>Seuranta ja s\u00e4\u00e4t\u00f6:<\/strong> Seuraa jatkuvasti kaksoissuojatun TBM-v\u00e4\u00e4nt\u00f6sylinterin suorituskyky\u00e4 ja tunnelinporauskoneen yleist\u00e4 k\u00e4ytt\u00e4ytymist\u00e4. S\u00e4\u00e4d\u00e4 v\u00e4\u00e4nt\u00f6momenttia ottaen huomioon maaper\u00e4n olosuhteet, jyrsimen kuluminen ja kaivamisen edistyminen optimaalisen tehokkuuden ja tuottavuuden varmistamiseksi.<\/li>\n<\/ul>\n<h2><strong>Kuinka vaihtaa hydraulisylinterin tiivisteet?<\/strong><\/h2>\n<p>Hydraulisylinterin tiivisteiden vaihtaminen vaatii sylinterin osien huolellista purkamista ja kokoamista. T\u00e4ss\u00e4 on vaiheittainen opas, joka auttaa sinua prosessissa:<\/p>\n<ol>\n<li><strong>Valmistele sylinteri:<\/strong>\n<ul>\n<li>Irrota hydraulisylinteri j\u00e4rjestelm\u00e4st\u00e4 ja varmista, ett\u00e4 se on paineeton.<\/li>\n<li>Puhdista sylinterin ulkopinta est\u00e4\u00e4ksesi lian tai roskien p\u00e4\u00e4syn sis\u00e4\u00e4n purkamisen aikana.<\/li>\n<li>Aseta sylinteri vakaalle ty\u00f6alustalle ja kiinnit\u00e4 se puristimilla tai ruuvipenkill\u00e4.<\/li>\n<\/ul>\n<\/li>\n<li><strong>Tunnista sinetit:<\/strong>\n<ul>\n<li>M\u00e4\u00e4rit\u00e4 vaihdettavien tiivisteiden tyypit ja sijainnit.<\/li>\n<li>Hydraulisylintereiss\u00e4 on tyypillisesti useita tiivisteit\u00e4, mukaan lukien m\u00e4nn\u00e4nvarren tiivisteet, m\u00e4nn\u00e4tiivisteet ja pyyhkij\u00e4n tiivisteet.<\/li>\n<li>Katso tarvittavat tiivisteet valmistajan dokumentaatiosta tai viitemateriaaleista.<\/li>\n<\/ul>\n<\/li>\n<li><strong>Purkaminen:<\/strong>\n<ul>\n<li>Irrota kaikki kiinnitysosat, kuten pultit, lukitusrenkaat tai pid\u00e4tinrenkaat, jotka kiinnitt\u00e4v\u00e4t sylinterinkannen tai korkin.<\/li>\n<li>Irrota sylinterikansi tai korkki varovasti paljastaen m\u00e4nn\u00e4n, m\u00e4nn\u00e4nvarren ja tiivisteet.<\/li>\n<li>Kiinnit\u00e4 huomiota tiivisteiden j\u00e4rjestelyyn ja j\u00e4rjestykseen oikean kokoamisen varmistamiseksi.<\/li>\n<\/ul>\n<\/li>\n<li><strong>Poista vanhat tiivisteet:<\/strong>\n<ul>\n<li>Tarkasta vanhat tiivisteet vaurioiden tai kulumisen varalta ja m\u00e4\u00e4rit\u00e4 sopiva poistomenetelm\u00e4.<\/li>\n<li>Tiivistetyypist\u00e4 riippuen saatat joutua k\u00e4ytt\u00e4m\u00e4\u00e4n tiivisteiden poistoty\u00f6kaluja, kuten tikkuja tai koukkuja, tai irrottamaan ne varovasti litte\u00e4k\u00e4rkisell\u00e4 ruuvimeisselill\u00e4.<\/li>\n<li>Varo vahingoittamasta sylinterin pintoja tiivistett\u00e4 irrottaessasi.<\/li>\n<\/ul>\n<\/li>\n<li><strong>Puhdista ja tarkista:<\/strong>\n<ul>\n<li>Puhdista sylinterin reik\u00e4, m\u00e4nt\u00e4 ja ymp\u00e4r\u00f6iv\u00e4t osat huolellisesti nukkaamattomalla liinalla tai sopivalla liuottimella.<\/li>\n<li>Tarkasta kaikki osat vaurioiden, kulumisen tai naarmujen varalta. Vaihda kuluneet tai vaurioituneet osat tarvittaessa.<\/li>\n<\/ul>\n<\/li>\n<li><strong>Asenna uudet tiivisteet:<\/strong>\n<ul>\n<li>Levit\u00e4 uusiin tiivisteisiin ohut kerros hydraulinestett\u00e4 tai tiivistevoiteluainetta asennuksen helpottamiseksi ja asianmukaisen tiiviyden varmistamiseksi.<\/li>\n<li>Aseta uudet tiivisteet varovasti uriinsa ja varmista, ett\u00e4 ne ovat oikein p\u00e4in.<\/li>\n<li>Paina tiivisteet varovasti paikalleen tiivisteiden asennusty\u00f6kalulla tai pehme\u00e4ll\u00e4 vasaralla ja varmista, ett\u00e4 ne ovat tasaisesti ja tukevasti paikoillaan.<\/li>\n<\/ul>\n<\/li>\n<li><strong>Kokoaminen:<\/strong>\n<ul>\n<li>Asenna takaisin kaikki purkamisen aikana irrotetut osat, kuten pultit, lukitusrenkaat tai pid\u00e4tinrenkaat.<\/li>\n<li>Noudata valmistajan antamia kiristysmomenttiarvoja ja kiristysj\u00e4rjestyst\u00e4 varmistaaksesi asianmukaisen tiivistyksen ja kohdistuksen.<\/li>\n<li>Tarkista tiivisteiden j\u00e4rjestys ja asettelu varmistaaksesi, ett\u00e4 ne ovat oikeassa asennossa.<\/li>\n<\/ul>\n<\/li>\n<li><strong>Testaus ja varmennus:<\/strong>\n<ul>\n<li>Kytke hydraulisylinteri takaisin j\u00e4rjestelm\u00e4\u00e4n ja varmista, ett\u00e4 kaikki liit\u00e4nn\u00e4t ovat tiukasti kiinni.<\/li>\n<li>Palauta j\u00e4rjestelm\u00e4n paine v\u00e4hitellen ja tarkista mahdollisten vuotojen tai ep\u00e4normaalien toimintojen varalta.<\/li>\n<li>K\u00e4yt\u00e4 hydraulisylinteri\u00e4 koko liikeradallaan varmistaaksesi tiivisteen oikean toiminnan ja yleisen toimivuuden.<\/li>\n<\/ul>\n<\/li>\n<\/ol>\n<h2><strong>Tehtaan kapasiteetti ja kapasiteetti:<\/strong><\/h2>\n<h3>(1) Kokoonpano<\/h3>\n<p>Meill\u00e4 on ensiluokkainen riippumaton tutkimus- ja kehitysty\u00f6n kokoonpanoalusta. Hydraulisylinterien tuotantopajassa on nelj\u00e4 puoliautomaattista nostosylinterin kokoonpanolinjaa ja yksi automaattinen kallistussylinterin kokoonpanolinja, joiden suunniteltu vuotuinen tuotantokapasiteetti on 1 miljoona kappaletta. Erikoissylinterin ty\u00f6paja on varustettu erilaisilla eritelmill\u00e4 puoliautomaattisen puhdistusasennuksen kokoonpanoj\u00e4rjestelm\u00e4ll\u00e4, jonka suunniteltu vuotuinen tuotantokapasiteetti on 200 000, ja se on varustettu kuuluisilla CNC-ty\u00f6st\u00f6laitteilla, ty\u00f6st\u00f6keskuksella, korkean tarkkuuden sylinterin k\u00e4sittelyyn tarkoitetuilla erityislaitteilla, robottihitsauskoneella, automaattisella puhdistuslaitteella, automaattisella sylinterin kokoonpanokoneella ja automaattisella maalaustuotantolinjalla. Olemassa olevat kriittiset laitteet yli 300 sarjaa (sarjaa). Laiteresurssien optimaalinen kohdentaminen ja tehokas k\u00e4ytt\u00f6 varmistavat tuotteiden tarkkuusvaatimukset ja t\u00e4ytt\u00e4v\u00e4t tuotteiden laatuvaatimukset.<\/p>\n<p><img loading=\"lazy\" decoding=\"async\" class=\"alignnone wp-image-626\" src=\"https:\/\/hydraulic-cylinders.net\/wp-content\/uploads\/2023\/08\/hydraulic-cylinder-product-1-300x158.webp\" alt=\"\" width=\"495\" height=\"260\" srcset=\"https:\/\/hydraulic-cylinders.net\/wp-content\/uploads\/2023\/08\/hydraulic-cylinder-product-1-300x158.webp 495w, https:\/\/hydraulic-cylinders.net\/wp-content\/uploads\/2023\/08\/hydraulic-cylinder-product-1-480x252.webp 480w\" sizes=\"(min-width: 0px) and (max-width: 480px) 480px, (min-width: 481px) 495px, 100vw\" \/> <img loading=\"lazy\" decoding=\"async\" class=\"alignnone wp-image-627\" src=\"https:\/\/hydraulic-cylinders.net\/wp-content\/uploads\/2023\/08\/hydraulic-cylinder-product-2-300x189.webp\" alt=\"\" width=\"413\" height=\"260\" \/><\/p>\n<h3>(2) Koneistus<\/h3>\n<p>Ty\u00f6st\u00f6paja on varustettu r\u00e4\u00e4t\u00e4l\u00f6idyll\u00e4 kaltevalla kiskosorvauskeskuksella, ty\u00f6st\u00f6keskuksella, suurnopeus-hiontakoneella, hitsausrobotilla ja muilla vastaavilla laitteilla, joilla voidaan k\u00e4sitell\u00e4 sylinteriputkia, joiden sis\u00e4halkaisija on enint\u00e4\u00e4n 400 mm ja enimm\u00e4ispituus on 6 metri\u00e4.<\/p>\n<p><img loading=\"lazy\" decoding=\"async\" class=\"alignnone wp-image-628 size-large\" src=\"https:\/\/hydraulic-cylinders.net\/wp-content\/uploads\/2023\/08\/hydraulic-cylinder-product-3-1024x391.webp\" alt=\"\" width=\"1024\" height=\"391\" srcset=\"https:\/\/hydraulic-cylinders.net\/wp-content\/uploads\/2023\/08\/hydraulic-cylinder-product-3-980x374.webp 980w, https:\/\/hydraulic-cylinders.net\/wp-content\/uploads\/2023\/08\/hydraulic-cylinder-product-3-480x183.webp 480w\" sizes=\"(min-width: 0px) and (max-width: 480px) 480px, (min-width: 481px) and (max-width: 980px) 980px, (min-width: 981px) 1024px, 100vw\" \/><\/p>\n<h3>(3) Hitsaus<\/h3>\n<p><img loading=\"lazy\" decoding=\"async\" class=\"alignnone wp-image-629 size-large\" src=\"https:\/\/hydraulic-cylinders.net\/wp-content\/uploads\/2023\/08\/hydraulic-cylinder-product-4-1024x510.webp\" alt=\"\" width=\"1024\" height=\"510\" srcset=\"https:\/\/hydraulic-cylinders.net\/wp-content\/uploads\/2023\/08\/hydraulic-cylinder-product-4-980x488.webp 980w, https:\/\/hydraulic-cylinders.net\/wp-content\/uploads\/2023\/08\/hydraulic-cylinder-product-4-480x239.webp 480w\" sizes=\"(min-width: 0px) and (max-width: 480px) 480px, (min-width: 481px) and (max-width: 980px) 980px, (min-width: 981px) 1024px, 100vw\" \/><\/p>\n<h3>(4) Maalaus ja pinnoitus<\/h3>\n<p>Pienill\u00e4 ja keskisuurilla sylinterin automaattisilla vesipohjaisilla maalipinnoituslinjoilla automaattisen robotin lastaus- ja purku- ja automaattisen ruiskutuksen saavuttamiseksi, suunnittelukapasiteetti on 4000 kappaletta vuorossa;<br \/>\nMeill\u00e4 on my\u00f6s puoliautomaattinen maalauslinja suurille sylintereille, joka toimii voimaketjulla ja jonka suunnittelukapasiteetti on 60 laatikkoa ty\u00f6vuorossa.<\/p>\n<p><img loading=\"lazy\" decoding=\"async\" class=\"alignnone wp-image-630\" src=\"https:\/\/hydraulic-cylinders.net\/wp-content\/uploads\/2023\/08\/hydraulic-cylinder-product-5-300x213.webp\" alt=\"\" width=\"366\" height=\"260\" \/> <img loading=\"lazy\" decoding=\"async\" class=\"alignnone wp-image-631\" src=\"https:\/\/hydraulic-cylinders.net\/wp-content\/uploads\/2023\/08\/hydraulic-cylinder-product-6-300x225.webp\" alt=\"\" width=\"347\" height=\"260\" \/><\/p>\n<h3>(5) Testaus<\/h3>\n<p>Meill\u00e4 on ensiluokkaiset tarkastustilat ja testialustat, joilla varmistetaan, ett\u00e4 sylinterin suorituskyky t\u00e4ytt\u00e4\u00e4 vaatimukset.<\/p>\n<p><img loading=\"lazy\" decoding=\"async\" class=\"alignnone wp-image-632\" src=\"https:\/\/hydraulic-cylinders.net\/wp-content\/uploads\/2023\/08\/hydraulic-cylinder-product-8-300x200.webp\" alt=\"\" width=\"389\" height=\"260\" \/><\/p>\n<p>&nbsp;<\/p>\n<p>&nbsp;<\/p>\n<p>Olemme yksi parhaista hydraulisylintereiden valmistajista. Voimme tarjota kattavia hydraulisylintereit\u00e4. Tarjoamme my\u00f6s vastaavia <a href=\"https:\/\/hzpt.com\/agricultural-pto-gearbox\/\" target=\"_blank\" rel=\"noopener\">maatalousvaihteistot<\/a>Olemme vieneet tuotteitamme asiakkaille maailmanlaajuisesti ja ansainneet hyv\u00e4n maineen erinomaisen tuotelaadun ja huoltopalvelumme ansiosta. Toivotamme tervetulleeksi asiakkaat kotimaassa ja ulkomailla ottamaan meihin yhteytt\u00e4 neuvotellakseen liiketoimista, vaihtaakseen tietoja ja <a href=\"https:\/\/www.hydraulic-cylinders.net\/fi\/contact-us\/\">tehd\u00e4 yhteisty\u00f6t\u00e4 kanssamme<\/a>!<\/p>\n<p>&nbsp;<\/p>","protected":false},"excerpt":{"rendered":"<p>Double Shield TBM Torque Cylinder The double shield TBM torque cylinder is a cutting-edge hydraulic component that maximizes the efficiency and accuracy of tunnel boring machines. This specialized cylinder provides the necessary torque force for the rotation of the cutterhead, enabling smooth and precise excavation during tunneling operations. This comprehensive article will explore the key [&hellip;]<\/p>","protected":false},"featured_media":1918,"comment_status":"open","ping_status":"closed","template":"","meta":{"_et_pb_use_builder":"","_et_pb_old_content":"","_et_gb_content_width":""},"product_brand":[],"product_cat":[1550,1519],"product_tag":[1380],"class_list":{"0":"post-1916","1":"product","2":"type-product","3":"status-publish","4":"has-post-thumbnail","6":"product_cat-double-acting-hydraulic-cylinder","7":"product_cat-shield-machine-hydraulic-cylinders","8":"product_tag-hydraulic-cylinder","10":"first","11":"instock","12":"shipping-taxable","13":"product-type-simple"},"amp_enabled":true,"_links":{"self":[{"href":"https:\/\/www.hydraulic-cylinders.net\/fi\/wp-json\/wp\/v2\/product\/1916","targetHints":{"allow":["GET"]}}],"collection":[{"href":"https:\/\/www.hydraulic-cylinders.net\/fi\/wp-json\/wp\/v2\/product"}],"about":[{"href":"https:\/\/www.hydraulic-cylinders.net\/fi\/wp-json\/wp\/v2\/types\/product"}],"replies":[{"embeddable":true,"href":"https:\/\/www.hydraulic-cylinders.net\/fi\/wp-json\/wp\/v2\/comments?post=1916"}],"wp:featuredmedia":[{"embeddable":true,"href":"https:\/\/www.hydraulic-cylinders.net\/fi\/wp-json\/wp\/v2\/media\/1918"}],"wp:attachment":[{"href":"https:\/\/www.hydraulic-cylinders.net\/fi\/wp-json\/wp\/v2\/media?parent=1916"}],"wp:term":[{"taxonomy":"product_brand","embeddable":true,"href":"https:\/\/www.hydraulic-cylinders.net\/fi\/wp-json\/wp\/v2\/product_brand?post=1916"},{"taxonomy":"product_cat","embeddable":true,"href":"https:\/\/www.hydraulic-cylinders.net\/fi\/wp-json\/wp\/v2\/product_cat?post=1916"},{"taxonomy":"product_tag","embeddable":true,"href":"https:\/\/www.hydraulic-cylinders.net\/fi\/wp-json\/wp\/v2\/product_tag?post=1916"}],"curies":[{"name":"wp","href":"https:\/\/api.w.org\/{rel}","templated":true}]}}