{"id":19181,"date":"2025-04-07T06:16:48","date_gmt":"2025-04-07T06:16:48","guid":{"rendered":"https:\/\/www.hydraulic-cylinders.net\/product\/boom-cylinder-for-xcmg-small-excavator-xe85c\/"},"modified":"2025-04-07T06:16:58","modified_gmt":"2025-04-07T06:16:58","slug":"boom-cylinder-for-xcmg-small-excavator-xe85c","status":"publish","type":"product","link":"https:\/\/www.hydraulic-cylinders.net\/fi\/tuote\/boom-cylinder-for-xcmg-small-excavator-xe85c\/","title":{"rendered":"Puomin sylinteri XCMG-pienkaivukoneelle XE85C"},"content":{"rendered":"<h1>Puomin sylinteri XCMG-pienkaivukoneelle XE85C<\/h1>\n<h2>Puomin sylinterin m\u00e4\u00e4rittely<\/h2>\n<p>Puomin sylinteri on t\u00e4rke\u00e4 hydraulinen komponentti, joka on erityisesti suunniteltu ohjaamaan puomin liikett\u00e4 erilaisissa raskaissa koneissa, kuten kaivinkoneissa, traktorikaivureissa ja etukuormaajissa. T\u00e4m\u00e4 hydraulinen sylinteri mahdollistaa puomin nostamisen, laskemisen ja kallistuksen, mik\u00e4 helpottaa tehokasta materiaalink\u00e4sittely\u00e4. Puomin sylinterin teht\u00e4v\u00e4 hydraulij\u00e4rjestelm\u00e4ss\u00e4 on muuntaa hydraulinen energia mekaaniseksi energiaksi, mik\u00e4 mahdollistaa tarkan ohjauksen ja tehokkaat liikkeet, joita tarvitaan kaivu- ja nostot\u00f6iss\u00e4.<\/p>\n<p><img decoding=\"async\" src=\"https:\/\/www.hydraulic-cylinders.net\/wp-content\/uploads\/2025\/04\/songte-company-1.webp\" alt=\"Puomin sylinterin kuva\"><\/p>\n<h2>Puomin sylinterin ominaisuudet<\/h2>\n<ul>\n<li>\n<h3>Korkea lujuus ja kest\u00e4vyys<\/h3>\n<p>Tyypillisesti lujasta ter\u00e4ksest\u00e4 tai alumiinista valmistetut puomisylinterit kest\u00e4v\u00e4t korkeita paineita ja raskaita kuormia, joten ne sopivat vaativiin ty\u00f6ymp\u00e4rist\u00f6ihin. Ne on suunniteltu kulutuskest\u00e4vyydell\u00e4 ja korroosiosuojauksella, mik\u00e4 pident\u00e4\u00e4 merkitt\u00e4v\u00e4sti niiden k\u00e4ytt\u00f6ik\u00e4\u00e4.<\/p>\n<\/li>\n<li>\n<h3>Tehokas hydraulinen k\u00e4ytt\u00f6<\/h3>\n<p>Puomin sylinteri hy\u00f6dynt\u00e4\u00e4 hydrauli\u00f6ljyn painetta tasaisten pidennys- ja sis\u00e4\u00e4nvetoliikkeiden aikaansaamiseksi, mik\u00e4 tarjoaa nopean vasteen ohjauskomentoihin. T\u00e4m\u00e4 ominaisuus tuottaa tehokkaan ty\u00f6nt\u00f6- ja vetovoiman, mik\u00e4 sopii erinomaisesti raskaiden esineiden k\u00e4sittelyyn ja monimutkaisiin teht\u00e4viin.<\/p>\n<\/li>\n<li>\n<h3>Saatavilla erilaisia \u200b\u200btyyppej\u00e4<\/h3>\n<p>Asiakkaat voivat valita yksitoimisten (hydraulista voimaa yhteen suuntaan) tai kaksitoimisten (hydraulista voimaa molempiin suuntiin) sylinterien v\u00e4lill\u00e4 erilaisten k\u00e4ytt\u00f6vaatimusten t\u00e4ytt\u00e4miseksi. Jotkut mallit ovat teleskooppisia, mik\u00e4 mahdollistaa suuremman jatkeen ilman ulkomittojen kasvua, mik\u00e4 sopii t\u00e4ydellisesti ahtaisiin sovelluksiin.<\/p>\n<\/li>\n<li>\n<h3>Mukautetut tuotantomahdollisuudet<\/h3>\n<p>Olemme erikoistuneet t\u00e4m\u00e4n tuotteen valmistukseen ja voimme tarjota t\u00e4ydellisi\u00e4 korvaavia tuotteita n\u00e4ille hydraulisylintereille varmistaen yhteensopivuuden ja suorituskyvyn.<\/p>\n<\/li>\n<\/ul>\n<p><img decoding=\"async\" src=\"https:\/\/www.hydraulic-cylinders.net\/wp-content\/uploads\/2025\/04\/songte-cylinder-head-with-all-kinds-excavator-models.webp\" alt=\"Kaivinkonemallit\"><\/p>\n<h2>Puomisylinterin sovellukset<\/h2>\n<ul>\n<li>\n<h3>Rakennuslaitteet<\/h3>\n<p>Kaivinkoneissa puomisylinterit ovat v\u00e4ltt\u00e4m\u00e4tt\u00f6mi\u00e4 kaivamiseen, lastaamiseen ja maaper\u00e4n tai roskien siirt\u00e4miseen. Ne parantavat koneen kyky\u00e4 suorittaa erilaisia \u200b\u200brakennust\u00f6it\u00e4 tehokkaasti. Kaivinkoneissa puomisylinterit auttavat paitsi kaivamisessa my\u00f6s nostotoiminnoissa, mik\u00e4 tekee niist\u00e4 v\u00e4ltt\u00e4m\u00e4tt\u00f6mi\u00e4 rakennusprojekteissa.<\/p>\n<\/li>\n<li>\n<h3>Maatalouskoneet<\/h3>\n<p>Etukuormaajissa k\u00e4ytett\u00e4v\u00e4t puomisylinterit vastaavat maaper\u00e4n, hein\u00e4n ja muiden materiaalien kaivamisesta, nostamisesta ja kuljettamisesta. Niiden tehokas toiminta varmistaa, ett\u00e4 maatalousty\u00f6t suoritetaan tehokkaasti ja ajallaan, mik\u00e4 parantaa maataloustoiminnan kokonaistuottavuutta.<\/p>\n<\/li>\n<li>\n<h3>Kaivinkoneet<\/h3>\n<p>Kaivinkoneissa puomisylinterit mahdollistavat kauhan tunkeutumisen maahan, mik\u00e4 helpottaa kaivamista. T\u00e4m\u00e4 hydraulinen mekanismi mahdollistaa maansiirtot\u00f6iden suorittamisen tarkasti ja helposti, mik\u00e4 tekee niist\u00e4 elint\u00e4rke\u00e4n osan kaivinkoneissa.<\/p>\n<\/li>\n<li>\n<h3>Kuormaajat<\/h3>\n<p>Etukuormaajissa puomisylinterit auttavat materiaalien tehokkaassa nostamisessa ja tyhjent\u00e4misess\u00e4. Niiden luotettava suorituskyky varmistaa, ett\u00e4 raskaita kuormia voidaan k\u00e4sitell\u00e4 minimaalisella vaivalla, mik\u00e4 edist\u00e4\u00e4 toiminnan tehokkuutta.<\/p>\n<\/li>\n<\/ul>\n<h2>Suunnittelun\u00e4k\u00f6kohdat ja valintakriteerit<\/h2>\n<ul>\n<li>\n<h3>Kantavuus<\/h3>\n<p>Puomisylinteri\u00e4 valittaessa kuormituskapasiteetti on ensiarvoisen t\u00e4rke\u00e4\u00e4. Sen on kyett\u00e4v\u00e4 tukemaan sen toiminnan aikana kohtaamaa enimm\u00e4ispainoa. Suunnittelussa tulee k\u00e4ytt\u00e4\u00e4 kest\u00e4vi\u00e4 materiaaleja ja tekniikkaa sen varmistamiseksi, ett\u00e4 se kest\u00e4\u00e4 m\u00e4\u00e4ritetyt kuormat vioittumatta. Aiotun k\u00e4ytt\u00f6tarkoituksen asianmukaiset laskelmat ja arvioinnit on teht\u00e4v\u00e4 sen varmistamiseksi, ett\u00e4 sylinteri t\u00e4ytt\u00e4\u00e4 suorituskykyvaatimukset.<\/p>\n<\/li>\n<li>\n<h3>Tiivistys ja kest\u00e4vyys<\/h3>\n<p>Tehokas tiivistys on ratkaisevan t\u00e4rke\u00e4\u00e4 hydraulisen paineen yll\u00e4pit\u00e4miseksi ja vuotojen est\u00e4miseksi. Laadukkaista, kest\u00e4vist\u00e4 materiaaleista, kuten polyuretaanista tai nitriilikumista, valmistettujen tiivisteiden k\u00e4ytt\u00f6i\u00e4n parantamiseksi tulisi varmistaa. Suunnittelun on varmistettava, ett\u00e4 tiivisteet eiv\u00e4t ainoastaan \u200b\u200best\u00e4 tehokkaasti vuotoja, vaan ne my\u00f6s kest\u00e4v\u00e4t \u00e4\u00e4rimm\u00e4isi\u00e4 olosuhteita, kuten l\u00e4mp\u00f6tilan vaihteluita ja altistumista ep\u00e4puhtauksille.<\/p>\n<\/li>\n<li>\n<h3>Turvaominaisuudet<\/h3>\n<p>Turvaominaisuuksien sis\u00e4llytt\u00e4minen on olennaista onnettomuuksien ehk\u00e4isemiseksi ja k\u00e4ytt\u00e4j\u00e4n turvallisuuden varmistamiseksi. N\u00e4ihin kuuluvat paineenalennusventtiilit ja vikasietoiset rakenteet hydraulij\u00e4rjestelm\u00e4n vikaantumiseen liittyvien riskien lievent\u00e4miseksi. K\u00e4ytt\u00e4j\u00e4n tulee olla tietoinen n\u00e4ist\u00e4 turvallisuusn\u00e4k\u00f6kohdista, koska ne vaikuttavat suoraan yleiseen k\u00e4ytt\u00f6turvallisuuteen.<\/p>\n<\/li>\n<li>\n<h3>Huolto Esteett\u00f6myys<\/h3>\n<p>Puomin sylinterin rakenteen tulisi olla helppo huoltaa ja tarkastaa. Ominaisuudet, jotka mahdollistavat helpon p\u00e4\u00e4syn tiivisteisiin ja muihin sis\u00e4isiin komponentteihin, tukevat s\u00e4\u00e4nn\u00f6llist\u00e4 huoltoa, joka on elint\u00e4rke\u00e4\u00e4 pitk\u00e4n aikav\u00e4lin suorituskyvyn kannalta. K\u00e4ytt\u00e4j\u00e4t tulisi kouluttaa huoltok\u00e4yt\u00e4nt\u00f6ihin hydraulisylinterin k\u00e4ytt\u00f6i\u00e4n optimoimiseksi ja kalliiden korjausten v\u00e4ltt\u00e4miseksi.<\/p>\n<\/li>\n<\/ul>\n<p><img decoding=\"async\" src=\"https:\/\/www.hydraulic-cylinders.net\/wp-content\/uploads\/2025\/04\/songte-oil-pipes-and-spare-parts.webp\" alt=\"Hydrauliset komponentit\"><\/p>\n<h2>Sylinterin tiivistys ja voitelu<\/h2>\n<p>Oikea tiivistys on ratkaisevan t\u00e4rke\u00e4\u00e4 hydraulisylinterien suorituskyvyn kannalta. Erilaiset tiivistyselementit, kuten m\u00e4nn\u00e4ntiivisteet ja varren tiivisteet, tulee valita k\u00e4ytt\u00f6tarkoituksen vaatimusten mukaan. Materiaaleja, kuten polyuretaania ja nitriilikumia, k\u00e4ytet\u00e4\u00e4n yleisesti niiden kulutuskest\u00e4vyyden vuoksi. Sylinterin runko ja kierteitetyt p\u00e4\u00e4t on ty\u00f6stett\u00e4v\u00e4 hienosti kulutuskest\u00e4vyyden ja tiivistystehokkuuden parantamiseksi. S\u00e4\u00e4nn\u00f6llinen voitelu sopivalla hydrauli\u00f6ljyll\u00e4 on tarpeen optimaalisen suorituskyvyn yll\u00e4pit\u00e4miseksi ja sis\u00e4isten komponenttien kulumisen est\u00e4miseksi.<\/p>\n<h2>S\u00e4\u00e4nn\u00f6llinen tarkastus ja ennaltaehk\u00e4isev\u00e4 huolto<\/h2>\n<ul>\n<li>\n<h3>Rutiinitarkastukset<\/h3>\n<p>S\u00e4\u00e4nn\u00f6llisi\u00e4 tarkastuksia tulisi tehd\u00e4 kulumisen tai vaurioiden merkkien havaitsemiseksi. N\u00e4ihin kuuluvat vuotojen tarkistaminen, tiivisteiden eheyden arviointi ja sen varmistaminen, ett\u00e4 hydrauliikkaj\u00e4rjestelm\u00e4 toimii m\u00e4\u00e4ritellyill\u00e4 painealueilla. Ongelmien varhainen havaitseminen voi est\u00e4\u00e4 merkitt\u00e4v\u00e4mpi\u00e4 ongelmia my\u00f6hemmin.<\/p>\n<\/li>\n<li>\n<h3>Oikea voitelu<\/h3>\n<p>Riitt\u00e4v\u00e4n voitelutason yll\u00e4pit\u00e4minen on ratkaisevan t\u00e4rke\u00e4\u00e4. K\u00e4ytt\u00e4j\u00e4n on varmistettava, ett\u00e4 hydrauliikka\u00f6ljyn taso on suositellulla tasolla, ja vaihdettava se tarvittaessa k\u00e4yt\u00f6n ja valmistajan ohjeiden mukaisesti. Asianmukainen voitelu tukee sujuvaa toimintaa ja minimoi sis\u00e4isten komponenttien kulumisriskin.<\/p>\n<\/li>\n<li>\n<h3>Tiivisteiden vaihto ja kalibrointitarkastukset<\/h3>\n<p>Tiivisteet tulee vaihtaa, kun kulumista havaitaan vuotojen est\u00e4miseksi ja paineen yll\u00e4pit\u00e4miseksi. Kalibrointitarkastukset ovat v\u00e4ltt\u00e4m\u00e4tt\u00f6mi\u00e4 sen varmistamiseksi, ett\u00e4 hydrauliikkaj\u00e4rjestelm\u00e4 toimii oikein ja tarjoaa odotetun suorituskyvyn. K\u00e4ytt\u00e4jien tulee noudattaa vakiintuneita tiivisteiden vaihto- ja kalibrointimenettelyj\u00e4 puomin sylinterin k\u00e4ytt\u00f6i\u00e4n maksimoimiseksi.<\/p>\n<\/li>\n<\/ul>\n<p><img decoding=\"async\" src=\"https:\/\/www.hydraulic-cylinders.net\/wp-content\/uploads\/2025\/04\/songte-chushion-collar.webp\" alt=\"Tyynykaulus\"><\/p>\n<h2>Turvallisuusn\u00e4k\u00f6kohdat ja ymp\u00e4rist\u00f6tekij\u00e4t<\/h2>\n<p>Puomisylintereist\u00e4 keskusteltaessa asianmukaiset turvatoimenpiteet ovat ensiarvoisen t\u00e4rkeit\u00e4. K\u00e4ytt\u00e4j\u00e4t tulisi kouluttaa turvalliseen k\u00e4sittelyyn ja k\u00e4ytt\u00f6tekniikoihin hydraulisiin koneisiin liittyvien riskien minimoimiseksi. Turvallisuusprotokollien noudattamisen varmistaminen ei ainoastaan \u200b\u200bsuojaa k\u00e4ytt\u00e4ji\u00e4, vaan my\u00f6s v\u00e4hent\u00e4\u00e4 mahdollisia laitevaurioita. Ymp\u00e4rist\u00f6n\u00e4k\u00f6kohtia, kuten roiskeiden est\u00e4mist\u00e4 ja hydraulinesteiden asianmukaista h\u00e4vitt\u00e4mist\u00e4, tulisi my\u00f6s k\u00e4sitell\u00e4 vastuullisten k\u00e4yt\u00e4nt\u00f6jen edist\u00e4miseksi rakennus- ja maatalousymp\u00e4rist\u00f6iss\u00e4.<\/p>\n<h2>Vianm\u00e4\u00e4ritys ja yleiset ongelmat<\/h2>\n<ul>\n<li>\n<h3>Hydraulisen paineen menetys<\/h3>\n<p>Yleinen ongelma hydraulij\u00e4rjestelmiss\u00e4 on paineh\u00e4vi\u00f6, joka voi johtua vuodoista, vaurioituneista tiivisteist\u00e4 tai riitt\u00e4m\u00e4tt\u00f6mist\u00e4 nestetasoista. K\u00e4ytt\u00e4jien tulisi suorittaa perusteellisia tarkastuksia paineh\u00e4vi\u00f6n l\u00e4hteen tunnistamiseksi ja ryhty\u00e4 korjaaviin toimenpiteisiin viipym\u00e4tt\u00e4.<\/p>\n<\/li>\n<li>\n<h3>Hidas tai ep\u00e4s\u00e4\u00e4nn\u00f6llinen liike<\/h3>\n<p>Jos puomin sylinteri toimii hitaasti tai ep\u00e4s\u00e4\u00e4nn\u00f6llisesti, se voi viitata hydraulinesteen ep\u00e4puhtauksiin, tukkeutuneisiin letkuihin tai sis\u00e4iseen kulumiseen. S\u00e4\u00e4nn\u00f6llinen huolto ja nesteiden vaihdot voivat auttaa est\u00e4m\u00e4\u00e4n t\u00e4m\u00e4n ongelman.<\/p>\n<\/li>\n<li>\n<h3>Ep\u00e4tavalliset \u00e4\u00e4net<\/h3>\n<p>K\u00e4yt\u00f6n aikana kuuluvat ep\u00e4tavalliset \u00e4\u00e4net voivat viitata sylinterin mekaanisiin ongelmiin. K\u00e4ytt\u00e4jien tulee tutkia mahdolliset ep\u00e4normaalit \u00e4\u00e4net ja ottaa yhteytt\u00e4 huoltoalan ammattilaisiin mahdollisten vaurioiden arvioimiseksi.<\/p>\n<\/li>\n<\/ul>\n<p><img decoding=\"async\" src=\"https:\/\/www.hydraulic-cylinders.net\/wp-content\/uploads\/2025\/04\/songte-bushings-with-all-kinds-of-excavator-models.webp\" alt=\"Kaivinkoneiden holkit\"><\/p>\n<h2>Yhteenveto: Yrityksemme asiantuntemus<\/h2>\n<p>Olemme johtava hydraulisten sylinterien vaihto-osien valmistaja, joka tarjoaa kattavan valikoiman tuotteita erilaisten markkinoiden tarpeisiin. Sitoutumisemme huippuosaamiseen n\u00e4kyy edistyneiss\u00e4 valmistusprosesseissamme, joita tukevat ammattitaitoiset ammattilaiset ja huippuluokan digitaaliset laitteet. Asetamme laadun etusijalle tiukkojen testausj\u00e4rjestelmien avulla varmistaaksemme, ett\u00e4 tuotteemme t\u00e4ytt\u00e4v\u00e4t kansainv\u00e4liset standardit. Erikoispalveluihimme kuuluvat r\u00e4\u00e4t\u00e4l\u00f6idyt ratkaisut, jotka sopivat erityisvaatimuksiin, ja tehokas j\u00e4lkimarkkinointituki.<\/p>\n<p><img decoding=\"async\" src=\"https:\/\/www.hydraulic-cylinders.net\/wp-content\/uploads\/2025\/04\/songte-company-4.webp\" alt=\"Yrityksen imago\"><br \/>\n<img decoding=\"async\" src=\"https:\/\/www.hydraulic-cylinders.net\/wp-content\/uploads\/2025\/04\/songte-company-3.webp\" alt=\"Yrityksen imago\"><\/p>\n<p>Kirjoittaja: lyl<\/p>","protected":false},"excerpt":{"rendered":"<p>Boom Cylinder For XCMG Small Excavator XE85C Defining the Boom Cylinder The boom cylinder is a crucial hydraulic component specifically designed to control the movement of the boom on various heavy machinery, including excavators, backhoes, and front loaders. This hydraulic cylinder enables the boom to lift, lower, and tilt, facilitating efficient material handling tasks. The [&hellip;]<\/p>","protected":false},"featured_media":17867,"comment_status":"open","ping_status":"closed","template":"","meta":{"_et_pb_use_builder":"","_et_pb_old_content":"","_et_gb_content_width":""},"product_brand":[],"product_cat":[1546],"product_tag":[1547,1496],"class_list":{"0":"post-19181","1":"product","2":"type-product","3":"status-publish","4":"has-post-thumbnail","6":"product_cat-boom-cylinders","7":"product_tag-boom-cylinders","8":"product_tag-hydraulic-cylinders","10":"first","11":"instock","12":"shipping-taxable","13":"product-type-simple"},"amp_enabled":true,"_links":{"self":[{"href":"https:\/\/www.hydraulic-cylinders.net\/fi\/wp-json\/wp\/v2\/product\/19181","targetHints":{"allow":["GET"]}}],"collection":[{"href":"https:\/\/www.hydraulic-cylinders.net\/fi\/wp-json\/wp\/v2\/product"}],"about":[{"href":"https:\/\/www.hydraulic-cylinders.net\/fi\/wp-json\/wp\/v2\/types\/product"}],"replies":[{"embeddable":true,"href":"https:\/\/www.hydraulic-cylinders.net\/fi\/wp-json\/wp\/v2\/comments?post=19181"}],"wp:featuredmedia":[{"embeddable":true,"href":"https:\/\/www.hydraulic-cylinders.net\/fi\/wp-json\/wp\/v2\/media\/17867"}],"wp:attachment":[{"href":"https:\/\/www.hydraulic-cylinders.net\/fi\/wp-json\/wp\/v2\/media?parent=19181"}],"wp:term":[{"taxonomy":"product_brand","embeddable":true,"href":"https:\/\/www.hydraulic-cylinders.net\/fi\/wp-json\/wp\/v2\/product_brand?post=19181"},{"taxonomy":"product_cat","embeddable":true,"href":"https:\/\/www.hydraulic-cylinders.net\/fi\/wp-json\/wp\/v2\/product_cat?post=19181"},{"taxonomy":"product_tag","embeddable":true,"href":"https:\/\/www.hydraulic-cylinders.net\/fi\/wp-json\/wp\/v2\/product_tag?post=19181"}],"curies":[{"name":"wp","href":"https:\/\/api.w.org\/{rel}","templated":true}]}}