{"id":19182,"date":"2025-04-07T06:16:59","date_gmt":"2025-04-07T06:16:59","guid":{"rendered":"https:\/\/www.hydraulic-cylinders.net\/product\/boom-cylinder-for-xcmg-small-excavator-xe150d\/"},"modified":"2025-04-07T06:17:01","modified_gmt":"2025-04-07T06:17:01","slug":"boom-cylinder-for-xcmg-small-excavator-xe150d","status":"publish","type":"product","link":"https:\/\/www.hydraulic-cylinders.net\/fi\/tuote\/boom-cylinder-for-xcmg-small-excavator-xe150d\/","title":{"rendered":"Puomin sylinteri XCMG-pienkaivukoneelle XE150D"},"content":{"rendered":"<h1>Puomin sylinteri XCMG-pienkaivukoneelle XE150D<\/h1>\n<h2>Johdatus puomin sylinteriin<\/h2>\n<p>Puomin sylinteri on t\u00e4rke\u00e4 hydraulinen komponentti, joka on suunniteltu erityisesti ohjaamaan puomin liikett\u00e4 raskaissa koneissa, kuten kaivinkoneissa, kaivurikuormaajissa ja etukuormaajissa. T\u00e4m\u00e4 hydraulinen sylinteri mahdollistaa kauhan nostamisen, laskemisen ja kallistumisen, mik\u00e4 helpottaa tehokasta materiaalink\u00e4sittely\u00e4. Pohjimmiltaan puomin sylinterill\u00e4 on ratkaiseva rooli n\u00e4iden koneiden hydraulij\u00e4rjestelmiss\u00e4, sill\u00e4 se mahdollistaa k\u00e4ytt\u00e4jien suorittaa erilaisia \u200b\u200btoimintoja tarkasti ja helposti.<\/p>\n<p><img decoding=\"async\" src=\"https:\/\/www.hydraulic-cylinders.net\/wp-content\/uploads\/2025\/04\/songte-company-1.webp\" alt=\"Puomin sylinterin kuva\"><\/p>\n<h2>Puomisylinterimme t\u00e4rkeimm\u00e4t ominaisuudet<\/h2>\n<ul>\n<li><strong>Korkea lujuus ja kest\u00e4vyys:<\/strong> N\u00e4m\u00e4 sylinterit on valmistettu eritt\u00e4in lujasta ter\u00e4ksest\u00e4 tai alumiinista, ja ne kest\u00e4v\u00e4t korkeaa painetta ja raskaita kuormia, mik\u00e4 tekee niist\u00e4 ihanteellisia vaativiin ty\u00f6ymp\u00e4rist\u00f6ihin.<\/li>\n<li><strong>Tehokas hydraulinen k\u00e4ytt\u00f6:<\/strong> Hydrauli\u00f6ljyn painetta hy\u00f6dynt\u00e4v\u00e4t puomin sylinterit tarjoavat tasaisen pidennys- ja sis\u00e4\u00e4nvetoliikkeen, reagoivat nopeasti k\u00e4ytt\u00e4j\u00e4n komentoihin ja tuottavat tehokkaan ty\u00f6nt\u00f6- ja vetovoiman.<\/li>\n<li><strong>Saatavilla erilaisia \u200b\u200btyyppej\u00e4:<\/strong> Asiakkaat voivat valita yksitoimisten (toimii yhteen suuntaan) tai kaksitoimisten (toimii molempiin suuntiin) sylinterien v\u00e4lill\u00e4. Joissakin malleissa on teleskooppirakenne, joka mahdollistaa suuremman jatkeen ilman ulkomittojen kasvua.<\/li>\n<li><strong>Mukautettu tuotanto:<\/strong> Valmistamme n\u00e4it\u00e4 sylintereit\u00e4 erityisesti r\u00e4\u00e4t\u00e4l\u00f6ityin\u00e4 korvaamaan olemassa olevia hydraulisylintereit\u00e4 varmistaen yhteensopivuuden ja suorituskyvyn.<\/li>\n<li><strong>Suunniteltu raskaille koneille:<\/strong> Puomisylinterimme on suunniteltu vastaamaan rakennus- ja kaivuuteht\u00e4vien tiukkoihin vaatimuksiin, ja ne ovat v\u00e4ltt\u00e4m\u00e4tt\u00f6mi\u00e4 erilaisissa sovelluksissa.<\/li>\n<\/ul>\n<p><img decoding=\"async\" src=\"https:\/\/www.hydraulic-cylinders.net\/wp-content\/uploads\/2025\/04\/songte-cylinder-head-with-all-kinds-excavator-models.webp\" alt=\"Puomin sylinterikannen kuva\"><\/p>\n<h2>Puomisylinterin sovellukset<\/h2>\n<h3>Rakennuslaitteet<\/h3>\n<p>Kaivinkoneissa puomisylinterit ovat ratkaisevan t\u00e4rkeit\u00e4 maan tai roskien kaivamisessa, lastaamisessa ja siirt\u00e4misess\u00e4. Ne mahdollistavat kauhan tehokkaan tunkeutumisen maahan, mik\u00e4 parantaa koneen yleist\u00e4 suorituskyky\u00e4. Puomisylinteri tarjoaa tarvittavan voiman raskaiden kuormien nostamiseen, mik\u00e4 tekee siit\u00e4 v\u00e4ltt\u00e4m\u00e4tt\u00f6m\u00e4n rakennusprojekteissa.<\/p>\n<h3>Maatalouskoneet<\/h3>\n<p>Etukuormaajissa puomisylintereit\u00e4 k\u00e4ytet\u00e4\u00e4n maan, hein\u00e4n ja muiden materiaalien kaivamiseen, nostamiseen ja kuljettamiseen. Niiden kest\u00e4v\u00e4 rakenne varmistaa, ett\u00e4 ne selviytyv\u00e4t maataloust\u00f6iden vaatimuksista ja tarjoavat luotettavan suorituskyvyn vaihtelevissa olosuhteissa.<\/p>\n<h3>Kaivinkoneet<\/h3>\n<p>Kaivinkoneissa puomin sylinteri mahdollistaa kauhan tunkeutumisen maaper\u00e4\u00e4n, mik\u00e4 helpottaa tehokasta kaivua. Sen hydraulinen voima mahdollistaa monimutkaisten teht\u00e4vien suorittamisen helposti ja varmistaa tuottavuuden ty\u00f6maalla.<\/p>\n<h3>Kuormaajat<\/h3>\n<p>Etukuormaajissa puomisylinterit auttavat materiaalien tehokkaassa nostamisessa ja tyhjent\u00e4misess\u00e4. Ne on suunniteltu k\u00e4sittelem\u00e4\u00e4n raskaita painoja, mik\u00e4 edist\u00e4\u00e4 sujuvaa toimintaa lastausteht\u00e4viss\u00e4 eri teollisuudenaloilla.<\/p>\n<h2>Suunnittelun\u00e4k\u00f6kohdat ja valintakriteerit<\/h2>\n<h3>Kantavuus<\/h3>\n<p>Puomisylinteri\u00e4 suunniteltaessa kuormituskapasiteetti on ensiarvoisen t\u00e4rke\u00e4\u00e4. Insin\u00f6\u00f6rien on varmistettava, ett\u00e4 sylinteri kest\u00e4\u00e4 turvallisesti k\u00e4yt\u00f6n aikana kohtaamansa enimm\u00e4ispainon. Materiaalivalinnat, sein\u00e4m\u00e4n paksuus ja halkaisija ovat ratkaisevan t\u00e4rkeit\u00e4 kuormituskapasiteetin m\u00e4\u00e4ritt\u00e4misess\u00e4. Hydraulisylinterit altistuvat tyypillisesti merkitt\u00e4v\u00e4lle rasitukselle, joten kest\u00e4v\u00e4t materiaalit ovat v\u00e4ltt\u00e4m\u00e4tt\u00f6mi\u00e4. Valmistajat suorittavat usein tiukkoja testej\u00e4 varmistaakseen, ett\u00e4 heid\u00e4n tuotteensa t\u00e4ytt\u00e4v\u00e4t alan kuormitusstandardit.<\/p>\n<h3>Tiivistys ja kest\u00e4vyys<\/h3>\n<p>Tiivistys on toinen hydraulisylinterin suunnittelun kriittinen osa, koska se est\u00e4\u00e4 nestevuodon ja kontaminaation. Kest\u00e4vyyden parantamiseksi k\u00e4ytet\u00e4\u00e4n korkealaatuisia tiivisteit\u00e4, jotka on valmistettu materiaaleista, kuten polyuretaanista ja nitriilikumista. Tehokkaat tiivistysmekanismit v\u00e4hent\u00e4v\u00e4t my\u00f6s huoltotarvetta ja pident\u00e4v\u00e4t sylinterin k\u00e4ytt\u00f6ik\u00e4\u00e4. Suunnittelussa on otettava huomioon sek\u00e4 dynaamiset ett\u00e4 staattiset tiivistyssovellukset optimaalisen suorituskyvyn varmistamiseksi.<\/p>\n<h3>Turvaominaisuudet<\/h3>\n<p>Turvallisuus on ensiarvoisen t\u00e4rke\u00e4\u00e4, erityisesti raskaissa koneissa. Suunnittelijoiden on sis\u00e4llytett\u00e4v\u00e4 turvaominaisuuksia, kuten paineenalennusventtiilej\u00e4 ja ylikuormitussuojaa, katastrofaalisten vikojen est\u00e4miseksi. N\u00e4iden ominaisuuksien toteuttaminen varmistaa, ett\u00e4 laitteet toimivat turvallisesti kaikissa olosuhteissa, mik\u00e4 v\u00e4hent\u00e4\u00e4 onnettomuusriski\u00e4 ja lis\u00e4\u00e4 k\u00e4ytt\u00e4jien luottamusta.<\/p>\n<p><img decoding=\"async\" src=\"https:\/\/www.hydraulic-cylinders.net\/wp-content\/uploads\/2025\/04\/songte-oil-pipes-and-spare-parts.webp\" alt=\"Hydraulisten osien kuva\"><\/p>\n<h2>Puomin sylinterin tiivistys ja voitelu<\/h2>\n<p>Puomisylinterin pitk\u00e4ik\u00e4isyys ja suorituskyky riippuvat suuresti tehokkaasta tiivistyksest\u00e4 ja voitelusta. Erilaisia \u200b\u200btiivisteit\u00e4, kuten m\u00e4nn\u00e4ntiivisteit\u00e4 ja varren tiivisteit\u00e4, k\u00e4ytet\u00e4\u00e4n varmistamaan, ett\u00e4 hydraulineste pysyy sylinterin sis\u00e4ll\u00e4 ja est\u00e4\u00e4 ulkoisten ep\u00e4puhtauksien p\u00e4\u00e4syn sis\u00e4\u00e4n. Kest\u00e4vien materiaalien, kuten polyuretaanin ja nitriilikumin, valinta on ratkaisevan t\u00e4rke\u00e4\u00e4, koska n\u00e4m\u00e4 materiaalit tarjoavat kulumis- ja hajoamiskest\u00e4vyytt\u00e4.<\/p>\n<p>Lis\u00e4ksi sylinterin runko ja kierteitetyt p\u00e4\u00e4typinnat viimeistell\u00e4\u00e4n huolellisesti kulutuskest\u00e4vyyden ja tiivistysominaisuuksien parantamiseksi. S\u00e4\u00e4nn\u00f6llinen voitelu sopivalla hydrauliikka\u00f6ljyll\u00e4 on v\u00e4ltt\u00e4m\u00e4t\u00f6nt\u00e4 sujuvan toiminnan yll\u00e4pit\u00e4miseksi. K\u00e4ytt\u00e4jien on noudatettava voiteluaikataulua varmistaakseen, ett\u00e4 sylinteri toimii optimaalisesti ja v\u00e4hent\u00e4\u00e4kseen tiivisteiden kitkaa ja kulumista.<\/p>\n<h2>S\u00e4\u00e4nn\u00f6llinen tarkastus ja ennaltaehk\u00e4isev\u00e4 huolto<\/h2>\n<ul>\n<li><strong>Rutiinitarkastukset:<\/strong> Sylinterin s\u00e4\u00e4nn\u00f6llinen tarkistaminen kulumisen, vuotojen ja vaurioiden varalta on ratkaisevan t\u00e4rke\u00e4\u00e4 odottamattomien vikojen ehk\u00e4isemiseksi. Tarkastusten tulisi keskitty\u00e4 tiivisteisiin, kiinnityskohtiin ja sylinterin runkoon.<\/li>\n<li><strong>Voitelu:<\/strong> Jatkuva voitelu laadukkaalla hydrauliikka\u00f6ljyll\u00e4 on v\u00e4ltt\u00e4m\u00e4t\u00f6nt\u00e4 kulumisen minimoimiseksi. K\u00e4ytt\u00e4j\u00e4n on varmistettava, ett\u00e4 \u00f6ljytaso on riitt\u00e4v\u00e4 ja ett\u00e4 \u00f6ljyss\u00e4 ei ole ep\u00e4puhtauksia.<\/li>\n<li><strong>Tiivisteen vaihto:<\/strong> Tiivisteiden s\u00e4\u00e4nn\u00f6llinen vaihtaminen on v\u00e4ltt\u00e4m\u00e4t\u00f6nt\u00e4 optimaalisen suorituskyvyn yll\u00e4pit\u00e4miseksi. Vuodot tai heikentynyt tehokkuus osoittavat, ett\u00e4 tiivisteet on ehk\u00e4 vaihdettava pian.<\/li>\n<\/ul>\n<h2>Puomin sylinterin asennusohjeet<\/h2>\n<p>Puomisylinterin asianmukainen asennus on elint\u00e4rke\u00e4\u00e4 toiminnan ja turvallisuuden varmistamiseksi. Aloita ker\u00e4\u00e4m\u00e4ll\u00e4 tarvittavat ty\u00f6kalut ja laitteet, mukaan lukien asianmukaiset kiinnitystelineet. Kohdista sylinteri huolellisesti koneen kiinnityspisteisiin varmistaaksesi, ett\u00e4 se on oikein paikallaan ennen sen kiinnitt\u00e4mist\u00e4 paikalleen. On eritt\u00e4in t\u00e4rke\u00e4\u00e4 yll\u00e4pit\u00e4\u00e4 oikea kohdistus, jotta sylinteriin ja sen osiin ei kohdistu tarpeetonta rasitusta.<\/p>\n<p>Kun sylinteri on kohdistettu, kiinnit\u00e4 se tukevasti asianmukaisilla kiinnikkeill\u00e4 ja varmista, ett\u00e4 ne on kiristetty valmistajan ohjeiden mukaisesti. Asennuksen j\u00e4lkeen tarkista hydrauliikkaliitokset vuotojen varalta ja varmista, ett\u00e4 kaikki komponentit toimivat oikein. Sylinterin testaaminen ja mahdollisten ep\u00e4s\u00e4\u00e4nn\u00f6llisyyksien tarkkailu on my\u00f6s v\u00e4ltt\u00e4m\u00e4t\u00f6nt\u00e4 asennuksen onnistumisen varmistamiseksi.<\/p>\n<h2>Yleiset huoltoteht\u00e4v\u00e4t<\/h2>\n<h3>S\u00e4\u00e4nn\u00f6lliset tarkastukset<\/h3>\n<p>S\u00e4\u00e4nn\u00f6llisten tarkastusten suorittaminen on elint\u00e4rke\u00e4\u00e4 mahdollisten ongelmien tunnistamiseksi ennen niiden pahenemista. K\u00e4ytt\u00e4j\u00e4t tulisi ottaa tavaksi tarkistaa kulumisen merkit, kuten halkeamat tai vuodot, ja varmistaa, ett\u00e4 kaikki komponentit toimivat oikein. Varhainen havaitseminen voi s\u00e4\u00e4st\u00e4\u00e4 kalliita korjauksia ja pident\u00e4\u00e4 sylinterin k\u00e4ytt\u00f6ik\u00e4\u00e4.<\/p>\n<h3>Oikea voitelu<\/h3>\n<p>Voitelu on v\u00e4ltt\u00e4m\u00e4t\u00f6nt\u00e4 tiivisteiden ja sylinterin liikkuvien osien kitkan ja kulumisen v\u00e4hent\u00e4miseksi. K\u00e4ytt\u00e4jien tulee noudattaa voiteluaikataulua ja k\u00e4ytt\u00e4\u00e4 korkealaatuista hydrauli\u00f6ljy\u00e4 optimaalisen suorituskyvyn yll\u00e4pit\u00e4miseksi. Asianmukainen voitelu ei ainoastaan \u200b\u200bparanna tehokkuutta, vaan my\u00f6s minimoi ennenaikaisen vikaantumisen riskin.<\/p>\n<h3>Tiivisteiden vaihto ja kalibrointitarkastukset<\/h3>\n<p>Tiivisteet ovat kriittisi\u00e4 komponentteja, jotka on vaihdettava s\u00e4\u00e4nn\u00f6llisesti vuotojen est\u00e4miseksi ja suorituskyvyn yll\u00e4pit\u00e4miseksi. K\u00e4ytt\u00e4jien tulee pit\u00e4\u00e4 silm\u00e4ll\u00e4 tiivisteiden kulumisen merkkej\u00e4 ja vaihtaa ne tarvittaessa. Lis\u00e4ksi kalibrointitarkastukset varmistavat, ett\u00e4 sylinteri toimii tarkoitettujen parametrien mukaisesti, mik\u00e4 edist\u00e4\u00e4 yleist\u00e4 turvallisuutta ja luotettavuutta.<\/p>\n<p><img decoding=\"async\" src=\"https:\/\/www.hydraulic-cylinders.net\/wp-content\/uploads\/2025\/04\/songte-chushion-collar.webp\" alt=\"Tyynykauluksen kuva\"><\/p>\n<h2>Turvallisuusn\u00e4k\u00f6kohdat ja ymp\u00e4rist\u00f6tekij\u00e4t<\/h2>\n<p>Turvatoimenpiteiden toteuttaminen puomisylinterien k\u00e4yt\u00f6n aikana on \u00e4\u00e4rimm\u00e4isen t\u00e4rke\u00e4\u00e4. K\u00e4ytt\u00e4j\u00e4t on koulutettava k\u00e4sittelem\u00e4\u00e4n hydraulilaitteita, ja turvallisuusprotokollia on noudatettava onnettomuuksien v\u00e4ltt\u00e4miseksi. T\u00e4h\u00e4n sis\u00e4ltyy koneiden rajojen ymm\u00e4rt\u00e4minen ja sen varmistaminen, ett\u00e4 turvaominaisuudet, kuten paineenalennusventtiilit, toimivat. Lis\u00e4ksi k\u00e4yt\u00f6n ja huollon aikana on otettava huomioon ymp\u00e4rist\u00f6n\u00e4k\u00f6kohdat hydraulinesteen vuotojen ja kontaminaation minimoimiseksi.<\/p>\n<h2>Yleisten ongelmien vianm\u00e4\u00e4ritys<\/h2>\n<ul>\n<li><strong>Vuoto:<\/strong> Jos sylinteriss\u00e4 on merkkej\u00e4 vuodosta, tarkista tiivisteet kulumisen tai vaurioiden varalta ja vaihda ne tarvittaessa.<\/li>\n<li><strong>Ep\u00e4tavalliset \u00e4\u00e4net:<\/strong> K\u00e4yt\u00f6n aikana kuuluvat \u00e4\u00e4net voivat viitata sis\u00e4iseen kulumiseen tai hydraulinesteongelmiin; tutki ja korjaa n\u00e4m\u00e4 ongelmat viipym\u00e4tt\u00e4.<\/li>\n<li><strong>Suorituskykyongelmat:<\/strong> Jos sylinteri ei reagoi oikein, tarkista hydraulinesteen m\u00e4\u00e4r\u00e4 ja varmista, ett\u00e4 hydraulij\u00e4rjestelm\u00e4 toimii oikein.<\/li>\n<\/ul>\n<p>Yll\u00e4pit\u00e4m\u00e4ll\u00e4 ennakoivaa l\u00e4hestymistapaa vianm\u00e4\u00e4ritykseen operaattorit voivat tehokkaasti diagnosoida ja puuttua mahdollisiin ongelmiin ennen kuin ne johtavat merkitt\u00e4viin vikoihin.<\/p>\n<p><img decoding=\"async\" src=\"https:\/\/www.hydraulic-cylinders.net\/wp-content\/uploads\/2025\/04\/songte-bushings-with-all-kinds-of-excavator-models.webp\" alt=\"Holkit Kuva\"><\/p>\n<h2>Tietoa yrityksest\u00e4mme<\/h2>\n<p>Olemme johtava hydraulisylintereiden valmistaja ja tukkumyyj\u00e4, joka on erikoistunut korkealaatuisten vaihtoehtojen tuottamiseen erilaisiin hydraulisiin sovelluksiin. Laaja tuotevalikoimamme asettaa meid\u00e4t merkitt\u00e4v\u00e4ksi toimijaksi sek\u00e4 kotimaisilla ett\u00e4 kansainv\u00e4lisill\u00e4 markkinoilla. Noudatamme erinomaisuuden periaatteita ja k\u00e4yt\u00e4mme hienostunutta teollisen tuotannon hallintastrategiaa, joka yhdist\u00e4\u00e4 edistyneen teknologian ja osaavan henkil\u00f6st\u00f6n.<\/p>\n<p>Tuotantokapasiteettiamme parannetaan jatkuvasti huippuluokan digitaalisten laitteiden ja ammattimaisten testausj\u00e4rjestelmien avulla. T\u00e4m\u00e4 sitoutuminen mahdollistaa sen, ett\u00e4 voimme tarjota tuotteita, jotka vastaavat asiakkaiden monipuolisiin tarpeisiin eritt\u00e4in tehokkaasti, tarkasti ja laadukkaasti. Tarjoamme my\u00f6s r\u00e4\u00e4t\u00e4l\u00f6ityj\u00e4 ratkaisuja asiakkaiden eritelmien mukaisesti varmistaen, ett\u00e4 asiakkaamme saavat parhaat tuotteet sovelluksiinsa.<\/p>\n<p><img decoding=\"async\" src=\"https:\/\/www.hydraulic-cylinders.net\/wp-content\/uploads\/2025\/04\/songte-company-4.webp\" alt=\"Yrityksen imago\"><br \/>\n<img decoding=\"async\" src=\"https:\/\/www.hydraulic-cylinders.net\/wp-content\/uploads\/2025\/04\/songte-company-3.webp\" alt=\"Yrityksen imago\"><\/p>\n<p>Kirjoittaja: lyl<\/p>","protected":false},"excerpt":{"rendered":"<p>Boom Cylinder For XCMG Small Excavator XE150D Introduction to Boom Cylinder The boom cylinder is a vital hydraulic component designed specifically for controlling the movement of the boom in heavy machinery such as excavators, backhoe loaders, and front loaders. This hydraulic cylinder allows the bucket to lift, lower, and tilt, facilitating efficient material handling tasks. [&hellip;]<\/p>","protected":false},"featured_media":17868,"comment_status":"open","ping_status":"closed","template":"","meta":{"_et_pb_use_builder":"","_et_pb_old_content":"","_et_gb_content_width":""},"product_brand":[],"product_cat":[1546],"product_tag":[1547,1496],"class_list":{"0":"post-19182","1":"product","2":"type-product","3":"status-publish","4":"has-post-thumbnail","6":"product_cat-boom-cylinders","7":"product_tag-boom-cylinders","8":"product_tag-hydraulic-cylinders","10":"first","11":"instock","12":"shipping-taxable","13":"product-type-simple"},"amp_enabled":true,"_links":{"self":[{"href":"https:\/\/www.hydraulic-cylinders.net\/fi\/wp-json\/wp\/v2\/product\/19182","targetHints":{"allow":["GET"]}}],"collection":[{"href":"https:\/\/www.hydraulic-cylinders.net\/fi\/wp-json\/wp\/v2\/product"}],"about":[{"href":"https:\/\/www.hydraulic-cylinders.net\/fi\/wp-json\/wp\/v2\/types\/product"}],"replies":[{"embeddable":true,"href":"https:\/\/www.hydraulic-cylinders.net\/fi\/wp-json\/wp\/v2\/comments?post=19182"}],"wp:featuredmedia":[{"embeddable":true,"href":"https:\/\/www.hydraulic-cylinders.net\/fi\/wp-json\/wp\/v2\/media\/17868"}],"wp:attachment":[{"href":"https:\/\/www.hydraulic-cylinders.net\/fi\/wp-json\/wp\/v2\/media?parent=19182"}],"wp:term":[{"taxonomy":"product_brand","embeddable":true,"href":"https:\/\/www.hydraulic-cylinders.net\/fi\/wp-json\/wp\/v2\/product_brand?post=19182"},{"taxonomy":"product_cat","embeddable":true,"href":"https:\/\/www.hydraulic-cylinders.net\/fi\/wp-json\/wp\/v2\/product_cat?post=19182"},{"taxonomy":"product_tag","embeddable":true,"href":"https:\/\/www.hydraulic-cylinders.net\/fi\/wp-json\/wp\/v2\/product_tag?post=19182"}],"curies":[{"name":"wp","href":"https:\/\/api.w.org\/{rel}","templated":true}]}}