{"id":19184,"date":"2025-04-07T06:17:04","date_gmt":"2025-04-07T06:17:04","guid":{"rendered":"https:\/\/www.hydraulic-cylinders.net\/product\/boom-cylinder-for-xcmg-small-excavator-xe65ca\/"},"modified":"2025-04-07T06:17:06","modified_gmt":"2025-04-07T06:17:06","slug":"boom-cylinder-for-xcmg-small-excavator-xe65ca","status":"publish","type":"product","link":"https:\/\/www.hydraulic-cylinders.net\/fi\/tuote\/boom-cylinder-for-xcmg-small-excavator-xe65ca\/","title":{"rendered":"Puomin sylinteri XCMG-pienkaivukoneelle XE65CA"},"content":{"rendered":"<h1>Puomin sylinteri XCMG-pienkaivukoneelle XE65CA<\/h1>\n<h2>Tuotteen yleiskatsaus<\/h2>\n<p>XCMG-pienkaivukoneen XE65CA puomisylinteri on olennainen osa kaivinkoneiden hydraulij\u00e4rjestelm\u00e4\u00e4. T\u00e4m\u00e4 hydraulisylinteri on erityisesti suunniteltu ohjaamaan puomin liikett\u00e4, jonka avulla se voi nostaa, laskea ja kallistaa. T\u00e4m\u00e4 ominaisuus on ratkaisevan t\u00e4rke\u00e4 erilaisissa materiaalink\u00e4sittelyteht\u00e4viss\u00e4 rakennusalalla ja raskaiden koneiden k\u00e4yt\u00f6ss\u00e4. Puomisylinterill\u00e4 on t\u00e4rke\u00e4 rooli laitteiden, kuten kaivinkoneiden, kaivurikuormaajien ja etukuormaajien, tehokkaan toiminnan mahdollistamisessa. Helpottamalla puomin tarkkaa liikett\u00e4 t\u00e4m\u00e4 hydraulisylinteri parantaa koneen yleist\u00e4 suorituskyky\u00e4 ja tuottavuutta.<\/p>\n<p><img decoding=\"async\" src=\"https:\/\/www.hydraulic-cylinders.net\/wp-content\/uploads\/2025\/04\/songte-company-1.webp\" alt=\"Puomin sylinteri\"><\/p>\n<h3>M\u00e4\u00e4ritelm\u00e4 ja toiminnallisuus<\/h3>\n<p>Hydraulisylinterit, kuten puomin sylinteri, ovat laitteita, jotka muuntavat hydraulisen energian mekaaniseksi energiaksi. Ne on suunniteltu tuottamaan lineaarista liikett\u00e4 hy\u00f6dynt\u00e4m\u00e4ll\u00e4 hydraulinesteen painetta. Puomin sylinteri mahdollistaa kaivinkoneen puomin tasaisen toiminnan, jolloin k\u00e4ytt\u00e4j\u00e4t voivat suorittaa erilaisia \u200b\u200bteht\u00e4vi\u00e4, kuten kaivamista, nostamista ja materiaalien siirt\u00e4mist\u00e4 tehokkaasti.<\/p>\n<h2>Puomin sylinterin ominaisuudet<\/h2>\n<ul>\n<li><strong>Korkea lujuus ja kest\u00e4vyys:<\/strong> N\u00e4m\u00e4 sylinterit on valmistettu eritt\u00e4in lujasta ter\u00e4ksest\u00e4 tai alumiinista, ja ne kest\u00e4v\u00e4t korkeaa painetta ja raskaita kuormia, joten ne sopivat vaativiin ty\u00f6ymp\u00e4rist\u00f6ihin. Ne on suunniteltu kulutus- ja korroosionkest\u00e4vyys mieless\u00e4 pit\u00e4en niiden k\u00e4ytt\u00f6i\u00e4n pident\u00e4miseksi.<\/li>\n<li><strong>Tehokas hydraulinen k\u00e4ytt\u00f6:<\/strong> Hydrauli\u00f6ljyn painetta hy\u00f6dynt\u00e4v\u00e4 sylinteri tarjoaa tasaiset ojennus- ja sis\u00e4\u00e4nvetoliikkeet, mik\u00e4 mahdollistaa nopean reagoinnin ohjauskomentoihin ja tuottaa tehokkaita ty\u00f6nt\u00f6- ja vetovoimia, jotka sopivat ihanteellisesti raskaiden ja monimutkaisten teht\u00e4vien k\u00e4sittelyyn.<\/li>\n<li><strong>Erilaisia \u200b\u200btyyppej\u00e4:<\/strong> K\u00e4ytt\u00f6tarpeista riippuen k\u00e4ytt\u00e4j\u00e4t voivat valita yksitoimisten (yhteen suuntaan toimiva) tai kaksitoimisten (molempiin suuntiin toimiva) sylinterien v\u00e4lill\u00e4. Jotkut mallit ovat teleskooppisia, mik\u00e4 mahdollistaa suuremman jatkeen ilman ulkomittojen kasvua, joten ne sopivat ahtaisiin sovelluksiin.<\/li>\n<li><strong>Erinomainen tiivistyskyky:<\/strong> N\u00e4m\u00e4 sylinterit on suunniteltu minimoimaan vuodot ja varmistamaan tehokas toiminta, ja niiss\u00e4 on korkealaatuiset tiivisteet, jotka yll\u00e4pit\u00e4v\u00e4t paineen ja nesteen eheytt\u00e4.<\/li>\n<li><strong>Mukautettavat vaihtoehdot:<\/strong> Sylinterimme voidaan r\u00e4\u00e4t\u00e4l\u00f6id\u00e4 vastaamaan tiettyj\u00e4 sovellusvaatimuksia, mik\u00e4 varmistaa saumattoman integroinnin ja suorituskyvyn erilaisiin koneisiin.<\/li>\n<\/ul>\n<p><img decoding=\"async\" src=\"https:\/\/www.hydraulic-cylinders.net\/wp-content\/uploads\/2025\/04\/songte-cylinder-head-with-all-kinds-excavator-models.webp\" alt=\"Sylinterikansi\"><\/p>\n<h2>Puomisylinterin sovellukset<\/h2>\n<h3>Rakennuslaitteet<\/h3>\n<p>Kaivinkoneissa puomin sylinterit ovat ratkaisevan t\u00e4rkeit\u00e4 maan tai roskien kaivamisessa, lastaamisessa ja kuljetuksessa. Ne mahdollistavat puomin tehokkaan liikkumisen, jolloin kuljettajat voivat suorittaa erilaisia \u200b\u200bteht\u00e4vi\u00e4 tarkasti. Kaivurikuormaajissa puomin sylinteri auttaa sek\u00e4 kaivamisessa ett\u00e4 nostamisessa, mik\u00e4 parantaa monipuolisuutta rakennusty\u00f6mailla.<\/p>\n<h3>Maatalouskoneet<\/h3>\n<p>Etukuormaajissa puomisylinterit vastaavat maaper\u00e4n, hein\u00e4n ja muiden materiaalien kaivamisesta, nostamisesta ja kuljettamisesta. Niiden kyky toimia sujuvasti vaihtelevien kuormien alla on olennaista maatalousteht\u00e4viss\u00e4, mik\u00e4 tekee niist\u00e4 v\u00e4ltt\u00e4m\u00e4tt\u00f6mi\u00e4 maanviljelij\u00f6ille ja maatalousurakoitsijoille.<\/p>\n<h3>Kaivuuty\u00f6t<\/h3>\n<p>Puomin sylinteri mahdollistaa kaivinkoneiden tehokkaan tunkeutumisen maahan, mik\u00e4 mahdollistaa tehokkaan kaivuty\u00f6n. T\u00e4m\u00e4 ominaisuus on elint\u00e4rke\u00e4 rakentamisessa, maisemoinnissa ja ty\u00f6maan valmistelussa, joissa vaaditaan tarkkaa maaper\u00e4n poistoa.<\/p>\n<h3>Kuormaustoiminnot<\/h3>\n<p>Etukuormaajissa puomin sylinterit auttavat kuormien tehokkaassa nostamisessa ja tyhjent\u00e4misess\u00e4. T\u00e4m\u00e4 toiminto on erityisen t\u00e4rke\u00e4 rakennusty\u00f6mailla ja materiaalink\u00e4sittelyss\u00e4, joissa tehokkuus ja nopeus ovat ratkaisevan t\u00e4rkeit\u00e4.<\/p>\n<h2>Suunnittelun\u00e4k\u00f6kohdat ja valintakriteerit<\/h2>\n<h3>Kantavuus<\/h3>\n<p>Puomisylinteri\u00e4 valittaessa on t\u00e4rke\u00e4\u00e4 ottaa huomioon sen kuormituskapasiteetti, joka vaikuttaa suoraan sen kykyyn suorittaa teht\u00e4vi\u00e4 turvallisesti ja tehokkaasti. Sylinteri on suunniteltava kest\u00e4m\u00e4\u00e4n sen k\u00e4yt\u00f6n aikana kohtaama enimm\u00e4ispaino, mik\u00e4 varmistaa sek\u00e4 turvallisuuden ett\u00e4 luotettavuuden.<\/p>\n<h3>Tiivistys ja kest\u00e4vyys<\/h3>\n<p>Hydraulisylinterin tiivistysj\u00e4rjestelm\u00e4 on ratkaisevan t\u00e4rke\u00e4 toiminnan tehokkuuden yll\u00e4pit\u00e4miseksi. Korkealaatuiset tiivisteet est\u00e4v\u00e4t nestevuodon, joka voi johtaa suorituskyvyn heikkenemiseen ja mahdollisiin konevaurioihin. N\u00e4iss\u00e4 tiivisteiss\u00e4 k\u00e4ytettyjen materiaalien on my\u00f6s kestett\u00e4v\u00e4 ankaria ty\u00f6ymp\u00e4rist\u00f6j\u00e4, mik\u00e4 varmistaa pitk\u00e4n k\u00e4ytt\u00f6i\u00e4n.<\/p>\n<h3>Turvaominaisuudet<\/h3>\n<p>Turvallisuus on ensiarvoisen t\u00e4rke\u00e4\u00e4 hydraulij\u00e4rjestelmiss\u00e4. Suunnittelussa on oltava vikasietolaitteet ja paineenalennusmekanismit ylikuormituksen tai hydraulisten vikojen aiheuttamien onnettomuuksien est\u00e4miseksi. N\u00e4iden turvaominaisuuksien varmistaminen on olennaista sek\u00e4 k\u00e4ytt\u00e4j\u00e4n ett\u00e4 laitteiden turvallisuuden kannalta.<\/p>\n<h3>Huolto ja korjaus<\/h3>\n<p>Helppohuolto on toinen t\u00e4rke\u00e4 huomioon otettava n\u00e4k\u00f6kohta. Hydraulisylinterit tulisi suunnitella sellaisiksi, ett\u00e4 niiden tarkastus ja huolto on helppoa, jotta s\u00e4\u00e4nn\u00f6lliset huoltotarkastukset voidaan tehd\u00e4 ilman merkitt\u00e4vi\u00e4 seisokkeja. T\u00e4m\u00e4 n\u00e4k\u00f6kohta parantaa laitteiden k\u00e4ytt\u00f6ik\u00e4\u00e4 ja luotettavuutta.<\/p>\n<p><img decoding=\"async\" src=\"https:\/\/www.hydraulic-cylinders.net\/wp-content\/uploads\/2025\/04\/songte-oil-pipes-and-spare-parts.webp\" alt=\"\u00d6ljyputket ja varaosat\"><\/p>\n<h2>Hydraulisylinterin tiivistys ja voitelu<\/h2>\n<p>Puomisylinterien tiivistysj\u00e4rjestelm\u00e4\u00e4n kuuluu erilaisia \u200b\u200btiivistyselementtej\u00e4, kuten m\u00e4nn\u00e4ntiivisteit\u00e4 ja varren tiivisteit\u00e4, jotka ovat kriittisi\u00e4 hydraulinesteen eheyden yll\u00e4pit\u00e4miselle. Polyuretaanista ja nitriilikumista valmistetut tiivisteet valitaan niiden kulutusta kest\u00e4vien ominaisuuksien perusteella. Lis\u00e4ksi sylinterin runko ja kierteitetyt p\u00e4\u00e4typinnat ty\u00f6stet\u00e4\u00e4n hienosti kulutuskest\u00e4vyyden parantamiseksi. S\u00e4\u00e4nn\u00f6llinen voitelu sopivalla m\u00e4\u00e4r\u00e4ll\u00e4 hydrauli\u00f6ljy\u00e4 on v\u00e4ltt\u00e4m\u00e4t\u00f6nt\u00e4 sujuvan toiminnan varmistamiseksi ja tiivisteiden ja sylinterin k\u00e4ytt\u00f6i\u00e4n pident\u00e4miseksi.<\/p>\n<h2>Ennaltaehk\u00e4isev\u00e4t huoltotoimenpiteet<\/h2>\n<ul>\n<li><strong>S\u00e4\u00e4nn\u00f6lliset tarkastukset:<\/strong> Tee rutiinitarkastuksia tiivisteiden, liitosten ja sylinterin rungon kulumisen ja repe\u00e4mien havaitsemiseksi. S\u00e4\u00e4nn\u00f6llinen vuotojen ja vaurioiden tarkistaminen voi est\u00e4\u00e4 lis\u00e4vaurioita ja kalliita korjauksia.<\/li>\n<li><strong>Asianmukainen voitelu:<\/strong> Varmista, ett\u00e4 hydraulisylinteri on riitt\u00e4v\u00e4sti voideltu, sill\u00e4 se est\u00e4\u00e4 kitkaa ja kulumista. K\u00e4yt\u00e4 vain suositeltuja voiteluaineita optimaalisen suorituskyvyn yll\u00e4pit\u00e4miseksi.<\/li>\n<li><strong>Tiivisteen vaihto:<\/strong> Vaihda tiivisteet s\u00e4\u00e4nn\u00f6llisesti k\u00e4yt\u00f6n ja kulumismallien mukaan. Kuluneiden tiivisteiden s\u00e4\u00e4nn\u00f6llinen vaihto varmistaa hydraulij\u00e4rjestelm\u00e4n tehokkaan toiminnan ja est\u00e4\u00e4 vuodot.<\/li>\n<\/ul>\n<h2>Puomin sylinterin asennusohjeet<\/h2>\n<p>Puomisylinterin oikea asennus on v\u00e4ltt\u00e4m\u00e4t\u00f6nt\u00e4 optimaalisen suorituskyvyn saavuttamiseksi. Aloita varmistamalla, ett\u00e4 kaikki kiinnityspinnat ovat puhtaat ja roskattomat. Kohdista sylinteri tarkasti kiinnityskannattimiin k\u00e4ytt\u00e4m\u00e4ll\u00e4 sopivia asennusjikkej\u00e4 tai kiinnittimi\u00e4 kohdistuksen s\u00e4ilytt\u00e4miseksi kokoonpanon aikana. Kiinnit\u00e4 sylinteri valmistajan toimittamilla kiinnikkeill\u00e4 ja momenttiasetuksilla. Varmista, ett\u00e4 kaikki hydrauliset liit\u00e4nn\u00e4t ovat tiukat ja vuotamattomat, ennen kuin testaat j\u00e4rjestelm\u00e4\u00e4 k\u00e4ytt\u00f6kuormitusten alaisena. Tarkkaile asennusta s\u00e4\u00e4nn\u00f6llisesti mahdollisten kohdistusvirheiden tai kulumisen varalta ja korjaa ongelmat viipym\u00e4tt\u00e4 suorituskyvyn yll\u00e4pit\u00e4miseksi.<\/p>\n<h2>Yleiset huoltoteht\u00e4v\u00e4t<\/h2>\n<h3>S\u00e4\u00e4nn\u00f6lliset tarkastukset<\/h3>\n<p>Puomisylinterin s\u00e4\u00e4nn\u00f6lliset tarkastukset ovat ratkaisevan t\u00e4rkeit\u00e4 mahdollisten ongelmien tunnistamiseksi ennen niiden pahenemista. Tarkista sylinterin rungosta kulumisen merkit, kuten naarmut tai kolhut, ja tarkista tiivisteet mahdollisten nestevuotojen varalta. Ongelmien oikea-aikainen havaitseminen mahdollistaa ennaltaehk\u00e4isev\u00e4t toimenpiteet ja varmistaa, ett\u00e4 sylinteri toimii tehokkaasti ja turvallisesti.<\/p>\n<h3>Asianmukainen voitelu<\/h3>\n<p>Oikean voitelun yll\u00e4pit\u00e4minen on elint\u00e4rke\u00e4\u00e4 hydraulisylinterin pitk\u00e4ik\u00e4isyyden kannalta. Varmista, ett\u00e4 k\u00e4yt\u00e4t oikeanlaista hydrauli\u00f6ljy\u00e4 ja ett\u00e4 sit\u00e4 t\u00e4ydennet\u00e4\u00e4n s\u00e4\u00e4nn\u00f6llisesti valmistajan suositusten mukaisesti. Oikea voitelu minimoi kitkan ja kulumisen, mik\u00e4 parantaa sylinterin suorituskyky\u00e4 ja pident\u00e4\u00e4 sen k\u00e4ytt\u00f6ik\u00e4\u00e4.<\/p>\n<h3>Tiivisteiden vaihto ja kalibrointitarkastukset<\/h3>\n<p>Tarkista tiivisteiden kunto s\u00e4\u00e4nn\u00f6llisesti ja vaihda ne tarvittaessa vuotojen est\u00e4miseksi. Kalibrointitarkastuksilla varmistetaan, ett\u00e4 sylinteri toimii suunnitellun mukaisesti ja yll\u00e4pit\u00e4\u00e4 oikeaa painetta ja toiminnallisuutta. T\u00e4m\u00e4 prosessi on v\u00e4ltt\u00e4m\u00e4t\u00f6n tehokkaan toiminnan varmistamiseksi ja mekaanisten vikojen est\u00e4miseksi.<\/p>\n<p><img decoding=\"async\" src=\"https:\/\/www.hydraulic-cylinders.net\/wp-content\/uploads\/2025\/04\/songte-chushion-collar.webp\" alt=\"Tyynykaulus\"><\/p>\n<h2>Turvallisuusn\u00e4k\u00f6kohdat ja ymp\u00e4rist\u00f6tekij\u00e4t<\/h2>\n<p>Hydraulij\u00e4rjestelmien kanssa ty\u00f6skennelt\u00e4ess\u00e4 on eritt\u00e4in t\u00e4rke\u00e4\u00e4 asettaa turvallisuustoimenpiteet etusijalle. K\u00e4ytt\u00e4j\u00e4t tulee kouluttaa hydraulisten laitteiden turvalliseen k\u00e4sittelyyn ja heid\u00e4n tulee olla tietoisia hydraulinesteiden vuotoihin liittyvist\u00e4 mahdollisista riskeist\u00e4. Turvallisuusprotokollien, kuten henkil\u00f6nsuojainten (PPE) k\u00e4yt\u00f6n ja s\u00e4\u00e4nn\u00f6llisten turvallisuustarkastusten, k\u00e4ytt\u00f6\u00f6notto voi auttaa lievent\u00e4m\u00e4\u00e4n riskej\u00e4 ja varmistamaan turvallisen ty\u00f6ymp\u00e4rist\u00f6n.<\/p>\n<h2>Vianm\u00e4\u00e4ritys ja yleiset ongelmat<\/h2>\n<ul>\n<li><strong>Tehon menetys:<\/strong> Jos puomin sylinteriss\u00e4 n\u00e4kyy tehoh\u00e4vi\u00f6t\u00e4 tai se liikkuu hitaasti, se voi viitata alhaiseen hydraulinesteen tasoon tai ilmaan j\u00e4rjestelm\u00e4ss\u00e4. Tarkista nestetasot ja ilmaa j\u00e4rjestelm\u00e4 tarvittaessa.<\/li>\n<li><strong>Vuoto:<\/strong> Hydrauli\u00f6ljyvuodot voivat heikent\u00e4\u00e4 sylinterin suorituskyky\u00e4. Tarkista tiivisteet ja liitokset kulumisen tai vaurioiden varalta ja vaihda kaikki vialliset osat.<\/li>\n<li><strong>V\u00e4\u00e4rin kohdistus:<\/strong> Jos sylinteri ei toimi tasaisesti, tarkista kiinnitystelineiden ja itse sylinterin kohdistus. V\u00e4\u00e4r\u00e4 kohdistus voi aiheuttaa ep\u00e4tasaista kulumista ja mahdollisia vaurioita.<\/li>\n<\/ul>\n<p>Jotta ongelmat voidaan diagnosoida ja ratkaista tehokkaasti, k\u00e4ytt\u00e4jien tulee tutustua hydraulij\u00e4rjestelm\u00e4n normaaleihin k\u00e4ytt\u00f6parametreihin. S\u00e4\u00e4nn\u00f6llinen koulutus ja huoltok\u00e4yt\u00e4nn\u00f6t voivat v\u00e4hent\u00e4\u00e4 ongelmien esiintymist\u00e4 huomattavasti ja varmistaa sujuvan toiminnan.<\/p>\n<p><img decoding=\"async\" src=\"https:\/\/www.hydraulic-cylinders.net\/wp-content\/uploads\/2025\/04\/songte-bushings-with-all-kinds-of-excavator-models.webp\" alt=\"Kaivinkonemallien holkit\"><\/p>\n<h2>Tietoa yrityksest\u00e4mme<\/h2>\n<p>Olemme johtava hydraulisylintereiden valmistaja ja tukkumyyj\u00e4, joka on erikoistunut tarjoamaan korkealaatuisia korvaavia osia erilaisiin hydraulij\u00e4rjestelmiin. Laaja tuotevalikoimamme on tehnyt meist\u00e4 keskeisen toimijan sek\u00e4 kotimaisilla ett\u00e4 kansainv\u00e4lisill\u00e4 markkinoilla. Noudatamme erinomaista laatua hy\u00f6dynt\u00e4en hienostunutta valmistuksenohjausstrategiaa. Yrityksemme parantaa jatkuvasti tuotantoalustaansa edistyneen teknologian, huippuluokan valmistuslaitteiden ja ammattimaisten testausj\u00e4rjestelmien avulla.<\/p>\n<p>Osaamiseemme kuuluvat:<\/p>\n<ul>\n<li><strong>Ammattitaito:<\/strong> Tiimimme koostuu ammattitaitoisista hydrauliikkaj\u00e4rjestelmien ammattilaisista, joilla on vankka kokemus.<\/li>\n<li><strong>Kansainv\u00e4liset sertifikaatit:<\/strong> Tuotteemme t\u00e4ytt\u00e4v\u00e4t kansainv\u00e4liset standardit, mik\u00e4 takaa luotettavuuden ja turvallisuuden.<\/li>\n<li><strong>R\u00e4\u00e4t\u00e4l\u00f6intipalvelut:<\/strong> Tarjoamme r\u00e4\u00e4t\u00e4l\u00f6ityj\u00e4 ratkaisuja vastaamaan asiakkaiden erityistarpeita ja operatiivisia vaatimuksia.<\/li>\n<li><strong>Huippuluokan laitteet:<\/strong> Tuotantolaitoksemme on varustettu nykyaikaisilla koneilla, jotka parantavat tuotannon tehokkuutta ja tarkkuutta.<\/li>\n<li><strong>Kattava myynnin j\u00e4lkeinen tuki:<\/strong> Olemme sitoutuneet tarjoamaan poikkeuksellista asiakaspalvelua ja tukea varmistaen tyytyv\u00e4isyyden koko tuotteen elinkaaren ajan.<\/li>\n<\/ul>\n<p><img decoding=\"async\" src=\"https:\/\/www.hydraulic-cylinders.net\/wp-content\/uploads\/2025\/04\/songte-company-4.webp\" alt=\"Yrityksen yleiskatsaus\"><br \/>\n<img decoding=\"async\" src=\"https:\/\/www.hydraulic-cylinders.net\/wp-content\/uploads\/2025\/04\/songte-company-3.webp\" alt=\"Yrityksen tilat\"><\/p>\n<p>Kirjoittaja: lyl<\/p>","protected":false},"excerpt":{"rendered":"<p>Boom Cylinder For XCMG Small Excavator XE65CA Product Overview The Boom Cylinder for XCMG Small Excavator XE65CA is an essential component in the hydraulic system of excavators. This hydraulic cylinder is specifically designed to control the movement of the boom, allowing it to lift, lower, and tilt. This capability is crucial for various material handling [&hellip;]<\/p>","protected":false},"featured_media":17870,"comment_status":"open","ping_status":"closed","template":"","meta":{"_et_pb_use_builder":"","_et_pb_old_content":"","_et_gb_content_width":""},"product_brand":[],"product_cat":[1546],"product_tag":[1547,1496],"class_list":{"0":"post-19184","1":"product","2":"type-product","3":"status-publish","4":"has-post-thumbnail","6":"product_cat-boom-cylinders","7":"product_tag-boom-cylinders","8":"product_tag-hydraulic-cylinders","10":"first","11":"instock","12":"shipping-taxable","13":"product-type-simple"},"amp_enabled":true,"_links":{"self":[{"href":"https:\/\/www.hydraulic-cylinders.net\/fi\/wp-json\/wp\/v2\/product\/19184","targetHints":{"allow":["GET"]}}],"collection":[{"href":"https:\/\/www.hydraulic-cylinders.net\/fi\/wp-json\/wp\/v2\/product"}],"about":[{"href":"https:\/\/www.hydraulic-cylinders.net\/fi\/wp-json\/wp\/v2\/types\/product"}],"replies":[{"embeddable":true,"href":"https:\/\/www.hydraulic-cylinders.net\/fi\/wp-json\/wp\/v2\/comments?post=19184"}],"wp:featuredmedia":[{"embeddable":true,"href":"https:\/\/www.hydraulic-cylinders.net\/fi\/wp-json\/wp\/v2\/media\/17870"}],"wp:attachment":[{"href":"https:\/\/www.hydraulic-cylinders.net\/fi\/wp-json\/wp\/v2\/media?parent=19184"}],"wp:term":[{"taxonomy":"product_brand","embeddable":true,"href":"https:\/\/www.hydraulic-cylinders.net\/fi\/wp-json\/wp\/v2\/product_brand?post=19184"},{"taxonomy":"product_cat","embeddable":true,"href":"https:\/\/www.hydraulic-cylinders.net\/fi\/wp-json\/wp\/v2\/product_cat?post=19184"},{"taxonomy":"product_tag","embeddable":true,"href":"https:\/\/www.hydraulic-cylinders.net\/fi\/wp-json\/wp\/v2\/product_tag?post=19184"}],"curies":[{"name":"wp","href":"https:\/\/api.w.org\/{rel}","templated":true}]}}