{"id":19185,"date":"2025-04-07T06:17:06","date_gmt":"2025-04-07T06:17:06","guid":{"rendered":"https:\/\/www.hydraulic-cylinders.net\/product\/boom-cylinder-for-xcmg-small-excavator-xe80c\/"},"modified":"2025-04-07T06:17:08","modified_gmt":"2025-04-07T06:17:08","slug":"boom-cylinder-for-xcmg-small-excavator-xe80c","status":"publish","type":"product","link":"https:\/\/www.hydraulic-cylinders.net\/fi\/tuote\/boom-cylinder-for-xcmg-small-excavator-xe80c\/","title":{"rendered":"Puomin sylinteri XCMG-pienkaivukoneelle XE80C"},"content":{"rendered":"<h1>Puomin sylinteri XCMG-pienkaivukoneelle XE80C<\/h1>\n<h2>Tuotteen yleiskatsaus<\/h2>\n<p>Puomin sylinteri, joka tunnetaan my\u00f6s kauhan sylinterin\u00e4, on t\u00e4rke\u00e4 hydraulinen komponentti, jota k\u00e4ytet\u00e4\u00e4n raskaissa koneissa, kuten kaivinkoneissa, traktorikaivureissa ja etukuormaajissa. Sen ensisijainen teht\u00e4v\u00e4 on ohjata kauhan liikett\u00e4, jolloin se voi nousta, laskea ja kallistua tehokkaita materiaalink\u00e4sittelyteht\u00e4vi\u00e4 varten. Hydraulij\u00e4rjestelmiss\u00e4 n\u00e4m\u00e4 sylinterit muuntavat hydraulisen paineen mekaaniseksi energiaksi, mik\u00e4 mahdollistaa tarkat liikkeet, jotka ovat olennaisia \u200b\u200brakennus- ja kaivuprojekteissa.<\/p>\n<p><img decoding=\"async\" src=\"https:\/\/www.hydraulic-cylinders.net\/wp-content\/uploads\/2025\/04\/songte-company-1.webp\" alt=\"Puomin sylinterin kuva\"><\/p>\n<h2>Puomin sylinterin ominaisuudet<\/h2>\n<ul>\n<li><strong>Korkea lujuus ja kest\u00e4vyys:<\/strong> Erikoislujuuster\u00e4ksest\u00e4 tai alumiinista valmistetut puomisylinterimme kest\u00e4v\u00e4t korkeaa painetta ja raskaita kuormia, joten ne sopivat vaativiin ty\u00f6ymp\u00e4rist\u00f6ihin. Suunnittelussa on otettu huomioon kulumiskest\u00e4vyys ja korroosionkest\u00e4vyys, mik\u00e4 pident\u00e4\u00e4 niiden k\u00e4ytt\u00f6ik\u00e4\u00e4 huomattavasti.<\/li>\n<li><strong>Tehokas hydraulinen k\u00e4ytt\u00f6:<\/strong> Hydrauli\u00f6ljyn painetta hy\u00f6dynt\u00e4v\u00e4t n\u00e4m\u00e4 sylinterit tarjoavat tasaisen ulos- ja sis\u00e4\u00e4nvedon. Ne reagoivat nopeasti k\u00e4ytt\u00f6komentoihin ja tarjoavat huomattavaa ty\u00f6nt\u00f6- ja vetovoimaa, mik\u00e4 sopii erinomaisesti raskaiden ja monimutkaisten teht\u00e4vien k\u00e4sittelyyn.<\/li>\n<li><strong>Erilaisia \u200b\u200btyyppej\u00e4:<\/strong> K\u00e4ytt\u00e4j\u00e4t voivat valita yksitoimisten (hydraulisesti yhteen suuntaan) ja kaksitoimisten (hydraulisesti molempiin suuntiin) sylinterien v\u00e4lill\u00e4 erilaisten k\u00e4ytt\u00f6tarpeiden mukaan. Jotkut mallit ovat teleskooppisia, mik\u00e4 mahdollistaa suuremman jatkeen ilman ulkomittojen kasvua, mik\u00e4 sopii ahtaisiin k\u00e4ytt\u00f6tarkoituksiin.<\/li>\n<li><strong>Mukautettu tuotanto:<\/strong> Olemme erikoistuneet t\u00e4m\u00e4n tuotteen valmistukseen varmistaen, ett\u00e4 sylinterimme korvaavat t\u00e4ydellisesti olemassa olevat hydraulisylinterit erilaisissa koneissa.<\/li>\n<li><strong>Laadunvarmistus:<\/strong> Puomisylinterimme k\u00e4yv\u00e4t l\u00e4pi tiukat testit sen varmistamiseksi, ett\u00e4 ne t\u00e4ytt\u00e4v\u00e4t alan suorituskyky- ja luotettavuusstandardit.<\/li>\n<\/ul>\n<p><img decoding=\"async\" src=\"https:\/\/www.hydraulic-cylinders.net\/wp-content\/uploads\/2025\/04\/songte-cylinder-head-with-all-kinds-excavator-models.webp\" alt=\"Kaivinkonemallien kuva\"><\/p>\n<h2>Puomisylinterin sovellukset<\/h2>\n<h3>Rakennuslaitteet<\/h3>\n<p>Kaivinkoneissa puomin sylinterit ovat kriittisi\u00e4 kaivamisessa, lastaamisessa ja maaper\u00e4n tai roskien siirt\u00e4misess\u00e4. Ne mahdollistavat kaivut\u00f6iss\u00e4 tarvittavat tarkat liikkeet, jolloin kuljettaja voi hallita raskaita kuormia tehokkaasti. Kaivurikuormaajissa n\u00e4m\u00e4 sylinterit auttavat sek\u00e4 kaivamisessa ett\u00e4 nostamisessa, mik\u00e4 tekee niist\u00e4 monipuolisia ty\u00f6kaluja rakennusty\u00f6mailla.<\/p>\n<h3>Maatalouskoneet<\/h3>\n<p>Etukuormaajissa puomisylintereit\u00e4 k\u00e4ytet\u00e4\u00e4n maan, hein\u00e4n ja muiden materiaalien kaivamiseen, nostamiseen ja kuljettamiseen. Niiden kyky k\u00e4sitell\u00e4 erilaisia \u200b\u200bteht\u00e4vi\u00e4 tehokkaasti tekee niist\u00e4 v\u00e4ltt\u00e4m\u00e4tt\u00f6mi\u00e4 maataloustoiminnassa, parantaen tuottavuutta ja toiminnan tehokkuutta.<\/p>\n<h3>Kaivinkoneet<\/h3>\n<p>Kaivinkoneissa puomin sylinteri mahdollistaa kauhan tunkeutumisen maaper\u00e4\u00e4n, mik\u00e4 helpottaa kaivamista. Sylinterin tarjoama hydraulinen ohjaus mahdollistaa kuljettajien suorittaa monimutkaisia \u200b\u200b\u200b\u200bliikkeit\u00e4 ja saavuttaa tehokkaita kaivutuloksia.<\/p>\n<h3>Kuormaajat<\/h3>\n<p>Etukuormaajissa puomin sylinterit auttavat materiaalien tehokkaassa nostamisessa ja tyhjent\u00e4misess\u00e4. T\u00e4m\u00e4 hydraulinen toiminto mahdollistaa kuljettajien lastaus- ja purkuteht\u00e4vien helpon suorittamisen, mik\u00e4 parantaa ty\u00f6maiden ty\u00f6nkulkua.<\/p>\n<h2>Suunnittelun\u00e4k\u00f6kohdat ja valintakriteerit<\/h2>\n<h3>Kantavuus<\/h3>\n<p>Puomisylinteri\u00e4 valittaessa on eritt\u00e4in t\u00e4rke\u00e4\u00e4 ymm\u00e4rt\u00e4\u00e4 sen kuormituskapasiteetti. Sylinterin on kyett\u00e4v\u00e4 k\u00e4sittelem\u00e4\u00e4n k\u00e4yt\u00f6ss\u00e4 odotettu enimm\u00e4iskuorma vaarantamatta suorituskyky\u00e4 tai turvallisuutta. On t\u00e4rke\u00e4\u00e4 ottaa huomioon paitsi staattinen kuormitus my\u00f6s k\u00e4yt\u00f6n aikana esiintyv\u00e4t dynaamiset kuormitukset. Ylikuormitus voi johtaa sylinterin vikaantumiseen, mik\u00e4 aiheuttaa riskej\u00e4 sek\u00e4 laitteille ett\u00e4 k\u00e4ytt\u00e4jille.<\/p>\n<h3>Tiivistys<\/h3>\n<p>Tiivistys on ratkaisevan t\u00e4rke\u00e4\u00e4 hydraulisylinterien pitk\u00e4ik\u00e4isyyden kannalta. Tehokkaat tiivisteet est\u00e4v\u00e4t hydraulinesteen vuotamisen ja yll\u00e4pit\u00e4v\u00e4t j\u00e4rjestelm\u00e4n paineen. Sylinterit vaativat korkealaatuisia tiivisteit\u00e4, jotka on valmistettu materiaaleista, kuten polyuretaanista tai nitriilikumista, jotka kest\u00e4v\u00e4t kulumista ja ymp\u00e4rist\u00f6tekij\u00f6it\u00e4. Asianmukainen tiivistys varmistaa tehokkuuden ja v\u00e4hent\u00e4\u00e4 muiden hydraulisten komponenttien vaurioitumisriski\u00e4.<\/p>\n<h3>Kest\u00e4vyys<\/h3>\n<p>Kest\u00e4vyys on ensisijainen huolenaihe puomisylintereille, koska ne toimivat ankarissa olosuhteissa. Rakenteessa k\u00e4ytettyjen materiaalien tulee olla kulumisen ja korroosion kest\u00e4vi\u00e4. S\u00e4\u00e4nn\u00f6llinen huolto ja osien oikea-aikainen vaihto voivat merkitt\u00e4v\u00e4sti pident\u00e4\u00e4 hydraulisylinterin k\u00e4ytt\u00f6ik\u00e4\u00e4 ja varmistaa luotettavan toiminnan ajan kuluessa.<\/p>\n<h3>Turvallisuus<\/h3>\n<p>Puomisylinterien suunnitteluun tulisi sis\u00e4llytt\u00e4\u00e4 turvaominaisuuksia onnettomuuksien v\u00e4ltt\u00e4miseksi. N\u00e4ihin kuuluvat paineenalennusventtiilit, jotka auttavat v\u00e4ltt\u00e4m\u00e4\u00e4n liiallista paineen nousua ja mahdollisia repe\u00e4mi\u00e4. K\u00e4ytt\u00e4jien tulee olla tietoisia k\u00e4yt\u00f6ss\u00e4 olevista turvatoimenpiteist\u00e4 ja noudattaa valmistajan ohjeita turvallisen k\u00e4yt\u00f6n varmistamiseksi.<\/p>\n<h3>Yll\u00e4pidett\u00e4vyys<\/h3>\n<p>Helppo huolto on toinen t\u00e4rke\u00e4 suunnittelun\u00e4k\u00f6kohta. Mahdollisuus p\u00e4\u00e4st\u00e4 k\u00e4siksi t\u00e4rkeisiin komponentteihin tarkastusta ja vaihtoa varten voi s\u00e4\u00e4st\u00e4\u00e4 aikaa ja v\u00e4hent\u00e4\u00e4 k\u00e4ytt\u00f6katkoksia. S\u00e4\u00e4nn\u00f6lliset huoltotarkastukset ja yksinkertainen korjausprosessi edist\u00e4v\u00e4t hydraulij\u00e4rjestelmien yleist\u00e4 tehokkuutta ja luotettavuutta.<\/p>\n<p><img decoding=\"async\" src=\"https:\/\/www.hydraulic-cylinders.net\/wp-content\/uploads\/2025\/04\/songte-oil-pipes-and-spare-parts.webp\" alt=\"\u00d6ljyputket ja varaosat -kuva\"><\/p>\n<h2>Tiivistys ja voitelu<\/h2>\n<p>Erilaisten tiivisteiden, kuten m\u00e4nn\u00e4ntiivisteiden ja varren tiivisteiden, k\u00e4ytt\u00f6 on olennaista puomisylinterien toiminnalle. Kest\u00e4vist\u00e4 materiaaleista, kuten polyuretaanista ja nitriilikumista, valmistetut tiivisteet ovat edullisia niiden kulutuskest\u00e4vyyden vuoksi. Sylinterin rungon ja kierteitettyjen p\u00e4iden pinnat k\u00e4sitell\u00e4\u00e4n hienos\u00e4\u00e4t\u00f6isesti kulutuskest\u00e4vyyden parantamiseksi. Lis\u00e4ksi s\u00e4\u00e4nn\u00f6llinen voitelu hydrauliikka\u00f6ljyll\u00e4 on v\u00e4ltt\u00e4m\u00e4t\u00f6nt\u00e4 sujuvan toiminnan varmistamiseksi ja kitkasta johtuvien vaurioiden est\u00e4miseksi. Asianmukainen huolto varmistaa, ett\u00e4 tiivistysj\u00e4rjestelm\u00e4 pysyy tehokkaana, mik\u00e4 v\u00e4hent\u00e4\u00e4 vuotojen riski\u00e4 ja yll\u00e4pit\u00e4\u00e4 toiminnan tehokkuutta.<\/p>\n<h2>Ennaltaehk\u00e4isev\u00e4t huoltotoimenpiteet<\/h2>\n<ul>\n<li><strong>S\u00e4\u00e4nn\u00f6lliset tarkastukset:<\/strong> Suorita rutiinitarkastuksia tiivisteiden ja muiden osien kulumisen varalta varmistaaksesi, ett\u00e4 mahdolliset ongelmat havaitaan varhaisessa vaiheessa.<\/li>\n<li><strong>Voitelu:<\/strong> Varmista riitt\u00e4v\u00e4 hydrauliikka\u00f6ljyvoitelu noudattaen valmistajan ohjeita \u00f6ljyn tiheydest\u00e4 ja m\u00e4\u00e4r\u00e4st\u00e4.<\/li>\n<li><strong>Tiivisteen vaihto:<\/strong> Tarkista tiivisteet s\u00e4\u00e4nn\u00f6llisesti kulumisen varalta ja vaihda ne vuotojen est\u00e4miseksi ja j\u00e4rjestelm\u00e4n paineen yll\u00e4pit\u00e4miseksi.<\/li>\n<\/ul>\n<h2>Asennusohjeet<\/h2>\n<p>Puomisylinterin oikea asennus on ratkaisevan t\u00e4rke\u00e4\u00e4 optimaalisen suorituskyvyn saavuttamiseksi. Aloita varmistamalla, ett\u00e4 kiinnitystelineet on kohdistettu oikein, jotta sylinteriin ei kohdistu tarpeetonta rasitusta. K\u00e4yt\u00e4 sopivia kiinnitystelineit\u00e4 sylinterin kiinnitt\u00e4miseen paikalleen. Varmista, ett\u00e4 hydrauliikkaletkut on kytketty oikein vuotojen v\u00e4ltt\u00e4miseksi. Noudata aina valmistajan ohjeita v\u00e4\u00e4nt\u00f6momentin asetuksista ja kohdistuksesta. Asennuksen j\u00e4lkeen suorita perusteellinen vuotojen tarkistus ja testaa j\u00e4rjestelm\u00e4 kuormitetussa tilassa varmistaaksesi, ett\u00e4 kaikki toimii sujuvasti. S\u00e4\u00e4nn\u00f6lliset tarkastukset asennuksen j\u00e4lkeen auttavat yll\u00e4pit\u00e4m\u00e4\u00e4n hydrauliikkaj\u00e4rjestelm\u00e4n eheytt\u00e4 ja toimivuutta.<\/p>\n<h2>Yleiset huoltoteht\u00e4v\u00e4t<\/h2>\n<ul>\n<li><strong>S\u00e4\u00e4nn\u00f6lliset tarkastukset:<\/strong> Tarkista hydraulij\u00e4rjestelm\u00e4 s\u00e4\u00e4nn\u00f6llisesti vuotojen, kulumisen ja tiivistyksen varalta rikkoutumisten est\u00e4miseksi. T\u00e4m\u00e4 sis\u00e4lt\u00e4\u00e4 letkujen, liitosten ja sylinterien eheyden tarkistamisen.<\/li>\n<li><strong>Oikea voitelu:<\/strong> Varmista, ett\u00e4 sylinteri on riitt\u00e4v\u00e4sti voideltu hydrauliikka\u00f6ljyll\u00e4. T\u00e4m\u00e4 on kriittist\u00e4 kitkan ja kulumisen v\u00e4hent\u00e4miseksi, jotka voivat johtaa ennenaikaiseen vikaantumiseen.<\/li>\n<li><strong>Tiivisteen vaihto:<\/strong> Vaihda tiivisteet s\u00e4\u00e4nn\u00f6llisesti paineen yll\u00e4pit\u00e4miseksi ja vuotojen est\u00e4miseksi. T\u00e4m\u00e4 teht\u00e4v\u00e4 on olennainen hydraulij\u00e4rjestelm\u00e4n pitk\u00e4ik\u00e4isyyden ja tehokkuuden kannalta.<\/li>\n<\/ul>\n<h2>Turvallisuusn\u00e4k\u00f6kohdat ja ymp\u00e4rist\u00f6tekij\u00e4t<\/h2>\n<p>Hydraulisylintereit\u00e4 k\u00e4ytett\u00e4ess\u00e4 turvatoimenpiteet ovat ensiarvoisen t\u00e4rkeit\u00e4. K\u00e4ytt\u00e4jien asianmukainen koulutus varmistaa, ett\u00e4 he ymm\u00e4rt\u00e4v\u00e4t hydraulisiin koneisiin liittyv\u00e4t riskit. Noudata aina valmistajien antamia turvallisuusohjeita ja varmista, ett\u00e4 kaikki turvaominaisuudet ovat toimintakunnossa. My\u00f6s ymp\u00e4rist\u00f6tekij\u00e4t on otettava huomioon, kuten hydraulinesteen optimaalisen tason yll\u00e4pit\u00e4minen ja vuotojen v\u00e4ltt\u00e4minen, sill\u00e4 hydraulinesteet voivat olla haitallisia ymp\u00e4rist\u00f6lle. Hydraulij\u00e4rjestelmien vastuullinen k\u00e4ytt\u00f6 ja huolto edist\u00e4v\u00e4t toiminnan turvallisuutta ja kest\u00e4vyytt\u00e4.<\/p>\n<h2>Vianm\u00e4\u00e4ritys ja yleiset ongelmat<\/h2>\n<ul>\n<li><strong>Vuotavat tiivisteet:<\/strong> Jos tiivisteet vuotavat, se voi viitata kulumiseen tai vaurioihin. Tarkista tiivisteet ja vaihda ne tarvittaessa toiminnan palauttamiseksi.<\/li>\n<li><strong>Huono suorituskyky:<\/strong> Jos sylinteri ei toimi hyvin, tarkista, onko hydrauliikkalinjoissa ilmaa tai onko nestetasot alhaiset, sill\u00e4 ne voivat vaikuttaa toimintaan. J\u00e4rjestelm\u00e4n ilmaaminen ja nesteen lis\u00e4\u00e4minen ratkaisevat usein t\u00e4m\u00e4n ongelman.<\/li>\n<li><strong>Ep\u00e4tavalliset \u00e4\u00e4net:<\/strong> Oudot \u00e4\u00e4net k\u00e4yt\u00f6n aikana voivat olla merkki mekaanisesta viasta. Tutki \u00e4\u00e4nen l\u00e4hde ja korjaa tai vaihda osat tarvittaessa.<\/li>\n<\/ul>\n<h2>Vinkkej\u00e4 ongelmanratkaisuun<\/h2>\n<p>Puomisylinterien ongelmien tehokkaaseen diagnosointiin ja ratkaisemiseen on noudatettava systemaattista l\u00e4hestymistapaa. Aloita tunnistamalla oireet ja katsomalla huolto-ohjeita mahdollisten syiden varalta. Hydraulinesteiden tasojen ja komponenttien eheyden s\u00e4\u00e4nn\u00f6llinen tarkastus auttaa ennakoivasti puuttumaan ongelmiin ennen kuin ne pahenevat. Toteuta ennaltaehk\u00e4isevi\u00e4 toimenpiteit\u00e4, kuten rutiinihuoltotarkastuksia, ja ole valppaana kulumisen tai toimintah\u00e4iri\u00f6iden varhaisten merkkien varalta. T\u00e4m\u00e4 ennakoiva l\u00e4hestymistapa voi merkitt\u00e4v\u00e4sti minimoida seisokkiaikoja ja parantaa hydraulij\u00e4rjestelm\u00e4n k\u00e4ytt\u00f6ik\u00e4\u00e4.<\/p>\n<p><img decoding=\"async\" src=\"https:\/\/www.hydraulic-cylinders.net\/wp-content\/uploads\/2025\/04\/songte-bushings-with-all-kinds-of-excavator-models.webp\" alt=\"Holkit Kuva\"><\/p>\n<h2>Tietoa yrityksest\u00e4mme<\/h2>\n<p>Olemme johtava hydraulisylintereiden valmistaja, joka on erikoistunut korkealaatuisten vaihtosylintereiden valmistukseen erilaisiin sovelluksiin. Laaja tuotevalikoimamme on tehnyt meist\u00e4 yhden johtavista hydraulisylintereiden valmistajista ja tukkumyyjist\u00e4 sek\u00e4 kotimaisilla ett\u00e4 kansainv\u00e4lisill\u00e4 markkinoilla. Olemme sitoutuneet huippuosaamiseen hy\u00f6dynt\u00e4en hienos\u00e4\u00e4dettyj\u00e4 valmistusstrategioitamme ja huippuluokan digitaalisia laitteitamme.<\/p>\n<p>Tekninen asiantuntemuksemme yhdistettyn\u00e4 tiukkoihin laadunvalvontaprosesseihin varmistaa, ett\u00e4 parannamme jatkuvasti tuotantokyky\u00e4mme. Asetamme tehokkuuden, tarkkuuden ja laadun etusijalle voidaksemme vastata asiakkaidemme monipuolisiin tarpeisiin. Omistautumisemme asiakaspalveluun n\u00e4kyy vankassa j\u00e4lkimarkkinointituessamme, joka varmistaa, ett\u00e4 asiakkaat saavat tarvitsemaansa apua hydraulij\u00e4rjestelmiens\u00e4 optimaalisen suorituskyvyn saavuttamiseksi.<\/p>\n<p><img decoding=\"async\" src=\"https:\/\/www.hydraulic-cylinders.net\/wp-content\/uploads\/2025\/04\/songte-company-4.webp\" alt=\"Yrityksen imago\"><br \/>\n<img decoding=\"async\" src=\"https:\/\/www.hydraulic-cylinders.net\/wp-content\/uploads\/2025\/04\/songte-company-3.webp\" alt=\"Yrityksen imago\"><\/p>\n<p>Kirjoittaja: lyl<\/p>","protected":false},"excerpt":{"rendered":"<p>Boom Cylinder For XCMG Small Excavator XE80C Product Overview The boom cylinder, also known as a bucket cylinder, is a vital hydraulic component used in heavy machinery such as excavators, backhoes, and front loaders. Its primary function is to control the movement of the bucket, allowing it to lift, lower, and tilt for efficient material [&hellip;]<\/p>","protected":false},"featured_media":17871,"comment_status":"open","ping_status":"closed","template":"","meta":{"_et_pb_use_builder":"","_et_pb_old_content":"","_et_gb_content_width":""},"product_brand":[],"product_cat":[1546],"product_tag":[1547,1496],"class_list":{"0":"post-19185","1":"product","2":"type-product","3":"status-publish","4":"has-post-thumbnail","6":"product_cat-boom-cylinders","7":"product_tag-boom-cylinders","8":"product_tag-hydraulic-cylinders","10":"first","11":"instock","12":"shipping-taxable","13":"product-type-simple"},"amp_enabled":true,"_links":{"self":[{"href":"https:\/\/www.hydraulic-cylinders.net\/fi\/wp-json\/wp\/v2\/product\/19185","targetHints":{"allow":["GET"]}}],"collection":[{"href":"https:\/\/www.hydraulic-cylinders.net\/fi\/wp-json\/wp\/v2\/product"}],"about":[{"href":"https:\/\/www.hydraulic-cylinders.net\/fi\/wp-json\/wp\/v2\/types\/product"}],"replies":[{"embeddable":true,"href":"https:\/\/www.hydraulic-cylinders.net\/fi\/wp-json\/wp\/v2\/comments?post=19185"}],"wp:featuredmedia":[{"embeddable":true,"href":"https:\/\/www.hydraulic-cylinders.net\/fi\/wp-json\/wp\/v2\/media\/17871"}],"wp:attachment":[{"href":"https:\/\/www.hydraulic-cylinders.net\/fi\/wp-json\/wp\/v2\/media?parent=19185"}],"wp:term":[{"taxonomy":"product_brand","embeddable":true,"href":"https:\/\/www.hydraulic-cylinders.net\/fi\/wp-json\/wp\/v2\/product_brand?post=19185"},{"taxonomy":"product_cat","embeddable":true,"href":"https:\/\/www.hydraulic-cylinders.net\/fi\/wp-json\/wp\/v2\/product_cat?post=19185"},{"taxonomy":"product_tag","embeddable":true,"href":"https:\/\/www.hydraulic-cylinders.net\/fi\/wp-json\/wp\/v2\/product_tag?post=19185"}],"curies":[{"name":"wp","href":"https:\/\/api.w.org\/{rel}","templated":true}]}}