{"id":19188,"date":"2025-04-07T06:17:13","date_gmt":"2025-04-07T06:17:13","guid":{"rendered":"https:\/\/www.hydraulic-cylinders.net\/product\/boom-cylinder-for-xcmg-middle-excavator-xe215ca\/"},"modified":"2025-04-07T06:17:15","modified_gmt":"2025-04-07T06:17:15","slug":"boom-cylinder-for-xcmg-middle-excavator-xe215ca","status":"publish","type":"product","link":"https:\/\/www.hydraulic-cylinders.net\/fi\/tuote\/boom-cylinder-for-xcmg-middle-excavator-xe215ca\/","title":{"rendered":"Puomin sylinteri XCMG:n keskikaivinkoneelle XE215CA"},"content":{"rendered":"<h1>Puomin sylinteri XCMG:n keskikaivinkoneelle XE215CA<\/h1>\n<h2>Puomin sylinterin ymm\u00e4rt\u00e4minen<\/h2>\n<p>Puomisylinteri on t\u00e4rke\u00e4 hydraulinen komponentti, joka on erityisesti suunniteltu ohjaamaan kauhan liikett\u00e4 raskaissa koneissa, kuten kaivinkoneissa, traktorikaivureissa ja etukuormaajissa. Se mahdollistaa kauhan nostamisen, laskemisen ja kallistumisen, mik\u00e4 helpottaa tehokasta materiaalink\u00e4sittely\u00e4. Hydraulij\u00e4rjestelmiss\u00e4 puomisylintereill\u00e4 on ratkaiseva rooli, sill\u00e4 ne muuntavat hydraulisen paineen mekaaniseksi liikkeeksi, mik\u00e4 mahdollistaa raskaiden laitteiden toiminnan tarkan hallinnan. T\u00e4m\u00e4 hydraulinen sylinteri on suunniteltu kest\u00e4m\u00e4\u00e4n korkeaa painetta ja raskaita kuormia, joten se sopii hyvin vaativiin ty\u00f6ymp\u00e4rist\u00f6ihin.<\/p>\n<p><img decoding=\"async\" src=\"https:\/\/www.hydraulic-cylinders.net\/wp-content\/uploads\/2025\/04\/songte-company-1.webp\" alt=\"Kaivinkoneiden puomin sylinteri\"><\/p>\n<h2>Puomin sylinterin ominaisuudet<\/h2>\n<ul>\n<li><strong>Korkea lujuus ja kest\u00e4vyys:<\/strong> Tyypillisesti lujasta ter\u00e4ksest\u00e4 tai alumiinista valmistettu sylinteri kest\u00e4\u00e4 korkeaa painetta ja raskaita kuormia. Sen suunnittelussa on otettu huomioon kulutuskest\u00e4vyys ja korroosionkest\u00e4vyys, mik\u00e4 pident\u00e4\u00e4 sen k\u00e4ytt\u00f6ik\u00e4\u00e4.<\/li>\n<li><strong>Tehokas hydraulinen k\u00e4ytt\u00f6:<\/strong> K\u00e4ytt\u00e4\u00e4 hydrauli\u00f6ljyn painetta sujuvaan pidennykseen ja sis\u00e4\u00e4nvetoon, reagoi nopeasti ohjauskomentoihin ja tarjoaa tehokkaita ty\u00f6nt\u00f6- ja vetovoimia, mik\u00e4 sopii raskaiden esineiden k\u00e4sittelyyn ja monimutkaisiin teht\u00e4viin.<\/li>\n<li><strong>Erilaisia \u200b\u200btyyppej\u00e4:<\/strong> Saatavilla yksitoimisilla (hydraulisesti yhteen suuntaan) tai kaksitoimisilla (hydraulisesti molempiin suuntiin) sylintereill\u00e4 erilaisiin k\u00e4ytt\u00f6tarpeisiin; jotkut mallit ovat teleskooppisia, mik\u00e4 mahdollistaa pidemm\u00e4n jatkeen ilman ulkomittojen kasvua, mik\u00e4 sopii erinomaisesti tilarajoitteisiin sovelluksiin.<\/li>\n<li><strong>Helppo asennus:<\/strong> Suunniteltu helppoon asennukseen erilaisiin koneisiin, mik\u00e4 varmistaa yhteensopivuuden ja v\u00e4hent\u00e4\u00e4 seisokkiaikoja laitteiden asennuksen aikana.<\/li>\n<li><strong>Kustannustehokkaat ratkaisut:<\/strong> Tuotteemme voivat t\u00e4ydellisesti korvata olemassa olevat hydraulisylinterit ja tarjota luotettavan vaihtoehdon, joka ei tingi suorituskyvyst\u00e4.<\/li>\n<\/ul>\n<p><img decoding=\"async\" src=\"https:\/\/www.hydraulic-cylinders.net\/wp-content\/uploads\/2025\/04\/songte-cylinder-head-with-all-kinds-excavator-models.webp\" alt=\"Hydraulisylinterimallit\"><\/p>\n<h2>Puomisylinterin sovellukset<\/h2>\n<h3>Rakennuslaitteet<\/h3>\n<p>Kaivinkoneissa puomin sylinterit ovat ratkaisevan t\u00e4rkeit\u00e4 maan tai roskien kaivamisessa, lastaamisessa ja siirt\u00e4misess\u00e4. Ne mahdollistavat koneen kauhan tehokkaan tunkeutumisen maahan, mik\u00e4 mahdollistaa tehokkaan kaivuty\u00f6n. Kaivinkoneissa n\u00e4m\u00e4 sylinterit auttavat sek\u00e4 kaivu- ett\u00e4 nostoteht\u00e4viss\u00e4, mik\u00e4 parantaa koneen monipuolisuutta erilaisissa rakennusprojekteissa.<\/p>\n<h3>Maatalouskoneet<\/h3>\n<p>Etukuormaajissa k\u00e4ytett\u00e4v\u00e4t puomisylinterit helpottavat maaper\u00e4n, hein\u00e4n ja muiden materiaalien kaivamista, nostamista ja kuljetusta. Niiden kest\u00e4v\u00e4 rakenne varmistaa, ett\u00e4 ne pystyv\u00e4t k\u00e4sittelem\u00e4\u00e4n maatalousymp\u00e4rist\u00f6iss\u00e4 esiintyvi\u00e4 raskaita kuormia, mik\u00e4 tekee niist\u00e4 v\u00e4ltt\u00e4m\u00e4tt\u00f6mi\u00e4 maatilan t\u00f6iss\u00e4.<\/p>\n<h3>Kaivinkoneet<\/h3>\n<p>Puomin sylinteri mahdollistaa kauhan tunkeutumisen maaper\u00e4\u00e4n kaivut\u00f6iden aikana. T\u00e4m\u00e4 toiminto on elint\u00e4rke\u00e4 syvien kaivuualueiden saavuttamiseksi ja maaper\u00e4n siirtym\u00e4n tehokkaaksi hallitsemiseksi, mik\u00e4 optimoi kaivuprosessin.<\/p>\n<h3>Kuormaajat<\/h3>\n<p>Etukuormaajissa puomisylinterit auttavat kuormien tehokkaassa nostamisessa ja tyhjent\u00e4misess\u00e4. Niiden luotettavuus on olennaista materiaalien nopean siirt\u00e4misen varmistamiseksi, seisokkiaikojen v\u00e4hent\u00e4miseksi ja ty\u00f6maiden tuottavuuden parantamiseksi.<\/p>\n<h2>Suunnittelun\u00e4k\u00f6kohdat ja valintakriteerit<\/h2>\n<h3>Kantavuus<\/h3>\n<p>Puomisylinteri\u00e4 valittaessa kuormituskapasiteetti on ratkaiseva tekij\u00e4. Sylinteri on suunniteltava kest\u00e4m\u00e4\u00e4n odotettavissa olevat enimm\u00e4iskuormitukset k\u00e4yt\u00f6n aikana. T\u00e4m\u00e4 sis\u00e4lt\u00e4\u00e4 paitsi nostettavien materiaalien painon my\u00f6s kaikki k\u00e4yt\u00f6n aikana mahdollisesti esiintyv\u00e4t dynaamiset voimat, kuten \u00e4killiset pys\u00e4hdykset tai k\u00e4ynnistykset. Sylinterin riitt\u00e4v\u00e4n kuormituskapasiteetin varmistaminen voi est\u00e4\u00e4 vikaantumisen ja parantaa turvallisuutta.<\/p>\n<h3>Tiivistysominaisuudet<\/h3>\n<p>Tehokas tiivistys on elint\u00e4rke\u00e4\u00e4 hydraulisen paineen yll\u00e4pit\u00e4miseksi ja nestevuotojen est\u00e4miseksi. Korkealaatuiset tiivisteet est\u00e4v\u00e4t ulkoisista tekij\u00f6ist\u00e4 johtuvan kontaminaation ja varmistavat hydraulij\u00e4rjestelm\u00e4n pitk\u00e4n k\u00e4ytt\u00f6i\u00e4n. Sopivien tiivistemateriaalien, kuten polyuretaanin ja nitriilikumin, valinta on merkitt\u00e4v\u00e4ss\u00e4 roolissa sylinterin suorituskyvyss\u00e4, erityisesti ankarissa k\u00e4ytt\u00f6olosuhteissa.<\/p>\n<h3>Kest\u00e4vyys<\/h3>\n<p>Hyvin suunnitellun puomisylinterin tulisi olla riitt\u00e4v\u00e4n kest\u00e4v\u00e4 kest\u00e4m\u00e4\u00e4n p\u00e4ivitt\u00e4isen k\u00e4yt\u00f6n rasitukset. T\u00e4h\u00e4n sis\u00e4ltyy kulumisen kest\u00e4vyys toistuvasta k\u00e4yt\u00f6st\u00e4 ja altistumisesta ankarille ymp\u00e4rist\u00f6olosuhteille. Oikeat materiaalivalinnat ja pintak\u00e4sittelyt voivat parantaa kest\u00e4vyytt\u00e4 varmistaen, ett\u00e4 sylinteri pysyy toimintakunnossa pidemp\u00e4\u00e4n.<\/p>\n<h3>Turvaominaisuudet<\/h3>\n<p>Turvallisuuden tulisi aina olla etusijalla hydraulisylintereiden suunnittelussa. Ominaisuudet, kuten paineenalennusventtiilit ja turvalukot, voivat est\u00e4\u00e4 onnettomuuksia ja laitevaurioita. N\u00e4m\u00e4 turvamekanismit varmistavat, ett\u00e4 hydraulij\u00e4rjestelm\u00e4 toimii turvallisissa rajoissa ja suojaa sek\u00e4 k\u00e4ytt\u00e4j\u00e4\u00e4 ett\u00e4 koneistoa.<\/p>\n<h3>Huolto Esteett\u00f6myys<\/h3>\n<p>Puomin sylinterin rakenteen tulisi mahdollistaa helppo huolto ja yll\u00e4pito. T\u00e4m\u00e4 sis\u00e4lt\u00e4\u00e4 ominaisuuksia, jotka helpottavat rutiinitarkastuksia, korjauksia ja osien vaihtoa. Esteet\u00f6n p\u00e4\u00e4sy yksinkertaistaa huoltoteht\u00e4vi\u00e4, v\u00e4hent\u00e4\u00e4 seisokkiaikoja ja varmistaa, ett\u00e4 laitteet pysyv\u00e4t toimintakunnossa.<\/p>\n<p><img decoding=\"async\" src=\"https:\/\/www.hydraulic-cylinders.net\/wp-content\/uploads\/2025\/04\/songte-oil-pipes-and-spare-parts.webp\" alt=\"Hydraulisylinterin osat\"><\/p>\n<h2>Sylinterin tiivistys ja voitelu<\/h2>\n<p>Asianmukainen tiivistys ja voitelu ovat ratkaisevan t\u00e4rkeit\u00e4 puomisylinterien tehokkaalle toiminnalle. Erilaiset tiivistyskomponentit, kuten m\u00e4nn\u00e4ntiivisteet ja varren tiivisteet, yll\u00e4pit\u00e4v\u00e4t hydraulij\u00e4rjestelm\u00e4n eheytt\u00e4. Kulutusta kest\u00e4vist\u00e4 materiaaleista, kuten polyuretaanista ja nitriilikumista, valmistettujen tiivisteiden valitseminen parantaa n\u00e4iden komponenttien kest\u00e4vyytt\u00e4, est\u00e4\u00e4 vuodot ja varmistaa sujuvan toiminnan.<\/p>\n<p>Sylinterin runko ja kierteitetyt p\u00e4\u00e4typinnat vaativat huolellista viimeistely\u00e4 kulutuskest\u00e4vyyden parantamiseksi ja kokonaissuorituskyvyn parantamiseksi. S\u00e4\u00e4nn\u00f6llinen voitelu sopivalla hydrauliikka\u00f6ljyll\u00e4 on v\u00e4ltt\u00e4m\u00e4t\u00f6nt\u00e4 liikkuvien osien kitkan ja kulumisen v\u00e4hent\u00e4miseksi, mik\u00e4 varmistaa sylinterin pitk\u00e4n k\u00e4ytt\u00f6i\u00e4n.<\/p>\n<h2>Ennaltaehk\u00e4isev\u00e4t huoltotoimenpiteet<\/h2>\n<ul>\n<li><strong>S\u00e4\u00e4nn\u00f6lliset tarkastukset:<\/strong> Rutiinitarkastusten suorittaminen antaa k\u00e4ytt\u00e4jille mahdollisuuden tunnistaa mahdolliset ongelmat ennen kuin ne pahenevat. Vuotojen, kulumisen ja oikean toiminnan tarkistaminen voi est\u00e4\u00e4 kalliita korjauksia my\u00f6hemmin.<\/li>\n<li><strong>Voitelu:<\/strong> Sylinterin riitt\u00e4v\u00e4 voitelu on elint\u00e4rke\u00e4\u00e4 sen suorituskyvyn kannalta. Oikean hydrauliikka\u00f6ljyn s\u00e4\u00e4nn\u00f6llinen lis\u00e4\u00e4minen minimoi kitkan ja kulumisen, mik\u00e4 pident\u00e4\u00e4 sylinterin k\u00e4ytt\u00f6ik\u00e4\u00e4.<\/li>\n<li><strong>Tiivisteen vaihto:<\/strong> Ajan my\u00f6t\u00e4 tiivisteet voivat kulua ja ne on vaihdettava. Tiivisteiden kunnon seuranta ja niiden vaihtaminen tarvittaessa auttaa yll\u00e4pit\u00e4m\u00e4\u00e4n hydraulij\u00e4rjestelm\u00e4n tehokkuutta.<\/li>\n<\/ul>\n<h2>Asennusohjeet<\/h2>\n<p>Puomisylinterien oikea asennus on v\u00e4ltt\u00e4m\u00e4t\u00f6nt\u00e4 optimaalisen suorituskyvyn saavuttamiseksi. Noudata n\u00e4it\u00e4 ohjeita:<\/p>\n<ul>\n<li><strong>Kohdista sylinteri:<\/strong> Varmista, ett\u00e4 puomin sylinteri on oikein linjassa koneen kiinnityspisteiden kanssa. V\u00e4\u00e4r\u00e4 linjaus voi johtaa ennenaikaiseen kulumiseen ja toimintaongelmiin.<\/li>\n<li><strong>K\u00e4yt\u00e4 sopivia kiinnitystelineit\u00e4:<\/strong> K\u00e4yt\u00e4 sopivia kiinnityskiinnikkeit\u00e4 sylinterin kiinnitt\u00e4miseen paikalleen. T\u00e4m\u00e4 est\u00e4\u00e4 liikkumisen, joka voisi johtaa toimintah\u00e4iri\u00f6\u00f6n.<\/li>\n<li><strong>Hydrauliset liit\u00e4nn\u00e4t:<\/strong> Liit\u00e4 hydrauliikkaletkut huolellisesti varmistaen, ettei vuotoja esiinny ja ett\u00e4 liit\u00e4nn\u00e4t ovat tukevasti kiinni. Tarkista, ettei letkuissa ole mutkia tai tukoksia.<\/li>\n<li><strong>Testik\u00e4ytt\u00f6:<\/strong> Asennuksen j\u00e4lkeen testaa sylinterin toiminta huolellisesti. Tarkista, ett\u00e4 se liikkuu tasaisesti ja toimii oikein ennen kuin otat koneen uudelleen k\u00e4ytt\u00f6\u00f6n.<\/li>\n<\/ul>\n<h2>Yleiset huoltoteht\u00e4v\u00e4t<\/h2>\n<ul>\n<li><strong>S\u00e4\u00e4nn\u00f6lliset tarkastukset:<\/strong> S\u00e4\u00e4nn\u00f6lliset tarkastukset voivat havaita pienet ongelmat ennen kuin niist\u00e4 tulee suurempia. Etsi kulumisen tai vaurioiden merkkej\u00e4 ja korjaa ne viipym\u00e4tt\u00e4.<\/li>\n<li><strong>Oikea voitelu:<\/strong> Tasainen voitelu on ratkaisevan t\u00e4rke\u00e4\u00e4 toiminnan yll\u00e4pit\u00e4miseksi. Varmista, ett\u00e4 k\u00e4yt\u00e4t oikeanlaista hydrauliikka\u00f6ljy\u00e4 ja levit\u00e4t sit\u00e4 s\u00e4\u00e4nn\u00f6llisesti.<\/li>\n<li><strong>Tiivisteen vaihto:<\/strong> Tarkkaile tiivisteiden kulumista ja vaihda ne tarvittaessa. T\u00e4m\u00e4 auttaa yll\u00e4pit\u00e4m\u00e4\u00e4n hydrauliikan eheytt\u00e4 ja suorituskyky\u00e4.<\/li>\n<\/ul>\n<h2>Turvallisuusn\u00e4k\u00f6kohdat ja ymp\u00e4rist\u00f6tekij\u00e4t<\/h2>\n<p>Puomisylintereit\u00e4 k\u00e4ytett\u00e4ess\u00e4 turvatoimenpiteet ovat ensiarvoisen t\u00e4rkeit\u00e4. K\u00e4ytt\u00e4j\u00e4t tulee kouluttaa hydraulisten j\u00e4rjestelmien asianmukaiseen k\u00e4ytt\u00f6\u00f6n ja turvallisuusprotokollien noudattamisen t\u00e4rkeyteen. T\u00e4h\u00e4n sis\u00e4ltyy asianmukaisten henkil\u00f6nsuojainten (PPE) k\u00e4ytt\u00f6 ja sen varmistaminen, ett\u00e4 kaikki koneen turvaominaisuudet toimivat. My\u00f6s ymp\u00e4rist\u00f6n\u00e4k\u00f6kohdilla on merkityst\u00e4, sill\u00e4 on t\u00e4rke\u00e4\u00e4 erist\u00e4\u00e4 kaikki hydraulinestevuodot ymp\u00e4rist\u00f6n saastumisen est\u00e4miseksi.<\/p>\n<h2>Vianm\u00e4\u00e4ritys ja yleiset ongelmat<\/h2>\n<h3>Yleisi\u00e4 ongelmia<\/h3>\n<ul>\n<li><strong>Vuodot:<\/strong> Hydraulinestevuodot voivat viitata kuluneisiin tiivisteisiin tai vaurioituneisiin letkuihin. Nopea tunnistaminen ja korjaaminen on ratkaisevan t\u00e4rke\u00e4\u00e4 hydraulisen paineen menetyksen est\u00e4miseksi.<\/li>\n<li><strong>Ep\u00e4s\u00e4\u00e4nn\u00f6llinen liike:<\/strong> Jos puomin sylinteri liikkuu ep\u00e4s\u00e4\u00e4nn\u00f6llisesti, se voi johtua hydrauliikkalinjoissa olevasta ilmasta tai viallisesta ohjausventtiilist\u00e4.<\/li>\n<li><strong>Alennettu teho:<\/strong> Nostotehon lasku voi olla merkki hydraulinesteen tason ongelmasta tai j\u00e4rjestelm\u00e4n tukoksesta.<\/li>\n<\/ul>\n<h3>Vianm\u00e4\u00e4ritysvinkkej\u00e4<\/h3>\n<p>Puomisylinterin ongelmien tehokas diagnosointi ja ratkaiseminen:<\/p>\n<ul>\n<li><strong>Tarkista nestetasot:<\/strong> Varmista, ett\u00e4 hydrauliikka\u00f6ljyn taso on oikea, jotta kone toimii oikein.<\/li>\n<li><strong>Tarkista tiivisteet ja letkut:<\/strong> Etsi tiivisteist\u00e4 ja letkuista kulumisen tai vaurioiden merkkej\u00e4 ja vaihda ne tarvittaessa.<\/li>\n<li><strong>Tarkista j\u00e4rjestelm\u00e4n paine:<\/strong> Varmista, ett\u00e4 hydrauliikkaj\u00e4rjestelm\u00e4 toimii vaaditulla painealueella.<\/li>\n<\/ul>\n<p><img decoding=\"async\" src=\"https:\/\/www.hydraulic-cylinders.net\/wp-content\/uploads\/2025\/04\/songte-bushings-with-all-kinds-of-excavator-models.webp\" alt=\"Kaivinkoneen osat\"><\/p>\n<h2>Yrityksen yleiskatsaus<\/h2>\n<p>Yrityksemme on erikoistunut korvaavien hydraulisylintereiden valmistukseen. Tarjoamme laajan valikoiman tuotteita, jotka ovat tehneet meist\u00e4 yhden johtavista valmistajista ja tukkukauppiaista sek\u00e4 kotimaisilla ett\u00e4 kansainv\u00e4lisill\u00e4 markkinoilla. Noudatamme erinomaisuuden standardia, jota tukevat hienostunut valmistuspaja ja teollisen tuotannon hallintastrategiat. Keskittymisemme teknologiseen osaamiseen, huippuluokan digitaalisiin valmistuslaitteisiin ja ammattimaisiin testausj\u00e4rjestelmiin parantaa jatkuvasti valmistusymp\u00e4rist\u00f6\u00e4mme varmistaen laatuun keskittyv\u00e4n tuotantoreitin.<\/p>\n<p>Vahvojen luovien kykyjemme ansiosta toimimme tehokkuuden, tarkkuuden ja laadun periaatteilla vastataksemme asiakkaidemme monipuolisiin tarpeisiin. Tarjoamme ammattitaitoista palvelua, kansainv\u00e4lisi\u00e4 sertifikaatteja, r\u00e4\u00e4t\u00e4l\u00f6ityj\u00e4 ratkaisuja ja kattavaa j\u00e4lkimarkkinointitukea varmistaen, ett\u00e4 asiakkaamme saavat parhaat mahdolliset tuotteet ja palvelut.<\/p>\n<p><img decoding=\"async\" src=\"https:\/\/www.hydraulic-cylinders.net\/wp-content\/uploads\/2025\/04\/songte-company-4.webp\" alt=\"Yrityskuva 1\"><\/p>\n<p><img decoding=\"async\" src=\"https:\/\/www.hydraulic-cylinders.net\/wp-content\/uploads\/2025\/04\/songte-company-3.webp\" alt=\"Yrityskuva 2\"><\/p>\n<p>Kirjoittaja: lyl<\/p>","protected":false},"excerpt":{"rendered":"<p>Boom Cylinder For XCMG Middle Excavator XE215CA Understanding the Boom Cylinder The Boom Cylinder is a vital hydraulic component specifically designed for controlling the movement of a bucket on heavy machinery such as excavators, backhoes, and front loaders. It enables the bucket to lift, lower, and tilt, facilitating efficient material handling tasks. In hydraulic systems, [&hellip;]<\/p>","protected":false},"featured_media":17874,"comment_status":"open","ping_status":"closed","template":"","meta":{"_et_pb_use_builder":"","_et_pb_old_content":"","_et_gb_content_width":""},"product_brand":[],"product_cat":[1546],"product_tag":[1547,1496],"class_list":{"0":"post-19188","1":"product","2":"type-product","3":"status-publish","4":"has-post-thumbnail","6":"product_cat-boom-cylinders","7":"product_tag-boom-cylinders","8":"product_tag-hydraulic-cylinders","10":"first","11":"instock","12":"shipping-taxable","13":"product-type-simple"},"amp_enabled":true,"_links":{"self":[{"href":"https:\/\/www.hydraulic-cylinders.net\/fi\/wp-json\/wp\/v2\/product\/19188","targetHints":{"allow":["GET"]}}],"collection":[{"href":"https:\/\/www.hydraulic-cylinders.net\/fi\/wp-json\/wp\/v2\/product"}],"about":[{"href":"https:\/\/www.hydraulic-cylinders.net\/fi\/wp-json\/wp\/v2\/types\/product"}],"replies":[{"embeddable":true,"href":"https:\/\/www.hydraulic-cylinders.net\/fi\/wp-json\/wp\/v2\/comments?post=19188"}],"wp:featuredmedia":[{"embeddable":true,"href":"https:\/\/www.hydraulic-cylinders.net\/fi\/wp-json\/wp\/v2\/media\/17874"}],"wp:attachment":[{"href":"https:\/\/www.hydraulic-cylinders.net\/fi\/wp-json\/wp\/v2\/media?parent=19188"}],"wp:term":[{"taxonomy":"product_brand","embeddable":true,"href":"https:\/\/www.hydraulic-cylinders.net\/fi\/wp-json\/wp\/v2\/product_brand?post=19188"},{"taxonomy":"product_cat","embeddable":true,"href":"https:\/\/www.hydraulic-cylinders.net\/fi\/wp-json\/wp\/v2\/product_cat?post=19188"},{"taxonomy":"product_tag","embeddable":true,"href":"https:\/\/www.hydraulic-cylinders.net\/fi\/wp-json\/wp\/v2\/product_tag?post=19188"}],"curies":[{"name":"wp","href":"https:\/\/api.w.org\/{rel}","templated":true}]}}