{"id":19189,"date":"2025-04-07T06:17:15","date_gmt":"2025-04-07T06:17:15","guid":{"rendered":"https:\/\/www.hydraulic-cylinders.net\/product\/boom-cylinder-for-xcmg-middle-excavator-xe225ca\/"},"modified":"2025-04-07T06:17:18","modified_gmt":"2025-04-07T06:17:18","slug":"boom-cylinder-for-xcmg-middle-excavator-xe225ca","status":"publish","type":"product","link":"https:\/\/www.hydraulic-cylinders.net\/fi\/tuote\/boom-cylinder-for-xcmg-middle-excavator-xe225ca\/","title":{"rendered":"Puomin sylinteri XCMG:n keskikaivinkoneelle XE225CA"},"content":{"rendered":"<h1>Puomin sylinteri XCMG:n keskikaivinkoneelle XE225CA<\/h1>\n<h2>Tuotteen yleiskatsaus<\/h2>\n<p>XCMG:n XE225CA-keskikaivukoneen puomin sylinteri on erikoishydraulisylinteri, joka on suunniteltu ohjaamaan erilaisten raskaiden koneiden, kuten kaivinkoneiden, traktorikaivureiden ja etukuormaajien, liikkeit\u00e4. T\u00e4m\u00e4 hydraulisylinteri helpottaa puomin nostamista, laskemista ja kallistusta, mik\u00e4 tekee siit\u00e4 v\u00e4ltt\u00e4m\u00e4tt\u00f6m\u00e4n tehokkaissa materiaalink\u00e4sittelyteht\u00e4viss\u00e4.<\/p>\n<p>Hydraulij\u00e4rjestelm\u00e4n keskeisen\u00e4 osana puomisylinteri mahdollistaa sujuvan ja tarkan liikkeen varmistaen, ett\u00e4 kuljettajat voivat tehokkaasti k\u00e4sitell\u00e4 raskaita kuormia ja suorittaa monimutkaisia \u200b\u200btoimintoja. Puomisylinterin rakenne heijastaa sen toiminnallisuutta varmistaen lujuuden ja luotettavuuden vaativissa ymp\u00e4rist\u00f6iss\u00e4. T\u00e4m\u00e4 hydraulisylinteri toimii tyypillisesti korkean paineen alaisena ja sen on kestett\u00e4v\u00e4 merkitt\u00e4vi\u00e4 kuormia, mik\u00e4 tekee sen kest\u00e4vyydest\u00e4 ja suorituskyvyst\u00e4 ensiarvoisen t\u00e4rke\u00e4\u00e4.<\/p>\n<p><img decoding=\"async\" src=\"https:\/\/www.hydraulic-cylinders.net\/wp-content\/uploads\/2025\/04\/songte-company-1.webp\" alt=\"Puomin sylinterin kuva\"><\/p>\n<h2>Puomin sylinterin ominaisuudet<\/h2>\n<ul>\n<li><strong>Korkea lujuus ja kest\u00e4vyys:<\/strong> N\u00e4m\u00e4 sylinterit on valmistettu eritt\u00e4in lujasta ter\u00e4ksest\u00e4 tai alumiinista, ja ne kest\u00e4v\u00e4t korkeaa painetta ja raskaita kuormia samalla, kun ne ovat kulumisen- ja korroosionkest\u00e4vi\u00e4, mik\u00e4 pident\u00e4\u00e4 niiden k\u00e4ytt\u00f6ik\u00e4\u00e4.<\/li>\n<li><strong>Tehokas hydraulinen k\u00e4ytt\u00f6:<\/strong> Puomin sylinteri hy\u00f6dynt\u00e4\u00e4 hydrauli\u00f6ljyn painetta sujuvan pidennyksen ja sis\u00e4\u00e4nvedon mahdollistamiseksi, mik\u00e4 takaa nopean vasteen ohjauskomentoihin ja tehokkaat ty\u00f6nt\u00f6- ja vetovoimat raskaiden materiaalien k\u00e4sittelyyn.<\/li>\n<li><strong>Erilaisia \u200b\u200btyyppej\u00e4:<\/strong> Saatavilla yksitoimisina (hydraulinen voima yhteen suuntaan) tai kaksitoimisina (hydraulinen voima molempiin suuntiin), ja joissakin malleissa on teleskooppirakenteet, jotka mahdollistavat suuremman ulottuvuuden ilman ulkomittojen kasvua.<\/li>\n<li><strong>Parannettu tiivistystekniikka:<\/strong> Varustettu edistyneill\u00e4 tiivistysj\u00e4rjestelmill\u00e4, jotka est\u00e4v\u00e4t hydrauliikka\u00f6ljyn vuodot, varmistaen optimaalisen suorituskyvyn ja v\u00e4hent\u00e4en huoltotarvetta.<\/li>\n<li><strong>Mukautettavat vaihtoehdot:<\/strong> R\u00e4\u00e4t\u00e4l\u00f6ityj\u00e4 ratkaisuja saatavilla erilaisiin sovelluksiin ja koneisiin, mik\u00e4 varmistaa yhteensopivuuden ja suorituskyvyn eri kaivinkonemallien ja raskaskoneiden v\u00e4lill\u00e4.<\/li>\n<\/ul>\n<h2>Tuotantokapasiteetit<\/h2>\n<p>Yrityksemme on erikoistunut korkealaatuisten hydraulisylintereiden valmistukseen, mukaan lukien XCMG:n XE225CA-keskikaivukoneen puomisylinteri. Voimme valmistaa sylintereit\u00e4, jotka korvaavat t\u00e4ydellisesti olemassa olevat hydrauliikkaj\u00e4rjestelm\u00e4t varmistaen saumattoman integroinnin ja toimivuuden.<\/p>\n<p><img decoding=\"async\" src=\"https:\/\/www.hydraulic-cylinders.net\/wp-content\/uploads\/2025\/04\/songte-cylinder-head-with-all-kinds-excavator-models.webp\" alt=\"Kaivinkonemallit\"><\/p>\n<h2>Sovellusskenaariot<\/h2>\n<h3>Rakennuslaitteet<\/h3>\n<p>Kaivinkoneissa puomin sylinterit ovat elint\u00e4rkeit\u00e4 kaivamisessa, lastaamisessa ja maaper\u00e4n tai roskien siirt\u00e4misess\u00e4. Niiden suorituskyky vaikuttaa suoraan rakennusprojektien tehokkuuteen. Nosto- ja kallistuskyky varmistaa, ett\u00e4 kuljettajat voivat ohjata kaivinkonetta tehokkaasti, mik\u00e4 tekee siit\u00e4 keskeisen osan rakennusalalla.<\/p>\n<h3>Maatalouskoneet<\/h3>\n<p>Etukuormaajissa puomin sylinteri avustaa maan, hein\u00e4n ja muiden materiaalien kaivamisessa, nostamisessa ja kuljettamisessa. T\u00e4m\u00e4 toiminto on ratkaisevan t\u00e4rke\u00e4 maatilojen tuottavuuden parantamiseksi, sill\u00e4 se mahdollistaa irtomateriaalien nopean ja tehokkaan k\u00e4sittelyn.<\/p>\n<h3>Kaivinkoneet<\/h3>\n<p>Kaivinkoneissa puomin sylinteri mahdollistaa kauhan tehokkaan tunkeutumisen maahan, mik\u00e4 helpottaa kaivut\u00f6it\u00e4. T\u00e4m\u00e4 ominaisuus tekee siit\u00e4 v\u00e4ltt\u00e4m\u00e4tt\u00f6m\u00e4n maanrakennust\u00f6iss\u00e4, joissa tarvitaan tarkkaa ohjausta h\u00e4iri\u00f6iden minimoimiseksi ja tuoton maksimoimiseksi.<\/p>\n<h3>Kuormaajat<\/h3>\n<p>Etukuormaajissa puomin sylinteri auttaa kuormien tehokkaassa nostamisessa ja tyhjent\u00e4misess\u00e4. T\u00e4m\u00e4 varmistaa, ett\u00e4 materiaalit voidaan siirt\u00e4\u00e4 nopeasti paikasta toiseen, mik\u00e4 parantaa yleist\u00e4 toiminnan tuottavuutta.<\/p>\n<h2>Suunnittelun\u00e4k\u00f6kohdat<\/h2>\n<h3>Kantavuus<\/h3>\n<p>Yksi puomisylinterin ensisijaisista suunnittelutekij\u00f6ist\u00e4 on sen kuormituskapasiteetti. Se on suunniteltava kest\u00e4m\u00e4\u00e4n sen k\u00e4yt\u00f6n aikana kohtaama enimm\u00e4ispaino. T\u00e4m\u00e4 sis\u00e4lt\u00e4\u00e4 paitsi nostovoiman my\u00f6s mahdolliset dynaamiset kuormat, joita voi esiinty\u00e4 k\u00e4yt\u00f6n aikana. Asianmukaiset laskelmat ja materiaalivalinnat ovat olennaisia \u200b\u200bluotettavuuden ja turvallisuuden varmistamiseksi.<\/p>\n<h3>Tiivistys<\/h3>\n<p>Tiivistystekniikka on kriittisen t\u00e4rke\u00e4\u00e4 hydraulisylintereiss\u00e4 nestevuotojen ja kontaminaation est\u00e4miseksi. Suunnittelussa tulisi k\u00e4ytt\u00e4\u00e4 korkealaatuisia tiivisteit\u00e4, jotka kest\u00e4v\u00e4t k\u00e4ytt\u00f6paineet ja -l\u00e4mp\u00f6tilat. Asianmukainen tiivistys varmistaa tehokkaan suorituskyvyn, v\u00e4hent\u00e4\u00e4 huoltotarvetta ja pident\u00e4\u00e4 sylinterin k\u00e4ytt\u00f6ik\u00e4\u00e4.<\/p>\n<h3>Kest\u00e4vyys<\/h3>\n<p>Kest\u00e4vyys on hydraulisylinterien suunnittelun perusta. Ne tulisi valmistaa kest\u00e4vist\u00e4 materiaaleista, jotka kest\u00e4v\u00e4t jatkuvan k\u00e4yt\u00f6n aiheuttamaa kulumista ankarissa olosuhteissa. T\u00e4h\u00e4n sis\u00e4ltyy ymp\u00e4rist\u00f6tekij\u00f6iden, kuten \u00e4\u00e4rimm\u00e4isten l\u00e4mp\u00f6tilojen, kosteuden ja sy\u00f6vytt\u00e4vien aineiden altistumisen, huomioon ottaminen.<\/p>\n<h3>Turvallisuus<\/h3>\n<p>Turvaominaisuudet tulisi integroida suunnitteluun onnettomuuksien est\u00e4miseksi k\u00e4yt\u00f6n aikana. N\u00e4ihin voivat kuulua paineenalennusventtiilit ja turvalukot, jotka est\u00e4v\u00e4t koneen toiminnan vaarallisissa olosuhteissa. Turvallisuuden varmistaminen hydraulisessa suunnittelussa ei ole vain lakis\u00e4\u00e4teinen vaatimus, vaan my\u00f6s moraalinen velvollisuus suojella k\u00e4ytt\u00e4ji\u00e4 ja sivullisia.<\/p>\n<h3>Huolto<\/h3>\n<p>Huollon huomioiminen suunnittelussa on olennaista hydraulisylinterien pitk\u00e4ik\u00e4isyyden varmistamiseksi. T\u00e4h\u00e4n kuuluvat ominaisuudet, jotka helpottavat tiivisteiden vaihtamista, komponenttien tarkastamista ja hydraulinesteiden t\u00e4ytt\u00f6\u00e4. K\u00e4ytt\u00e4j\u00e4yst\u00e4v\u00e4llinen suunnittelu voi merkitt\u00e4v\u00e4sti v\u00e4hent\u00e4\u00e4 seisokkiaikoja ja lis\u00e4t\u00e4 tuottavuutta.<\/p>\n<p><img decoding=\"async\" src=\"https:\/\/www.hydraulic-cylinders.net\/wp-content\/uploads\/2025\/04\/songte-oil-pipes-and-spare-parts.webp\" alt=\"Hydrauliset osat\"><\/p>\n<h2>Tiivistys ja voitelu<\/h2>\n<p>Tehokas tiivistys ja voitelu ovat ratkaisevan t\u00e4rkeit\u00e4 hydraulisylintereiden optimaalisen suorituskyvyn kannalta. Erilaisia \u200b\u200btiivisteit\u00e4, kuten m\u00e4nn\u00e4ntiivisteit\u00e4 ja varren tiivisteit\u00e4, k\u00e4ytet\u00e4\u00e4n yll\u00e4pit\u00e4m\u00e4\u00e4n painetta sylinteriss\u00e4 ja est\u00e4m\u00e4\u00e4n hydraulinesteen vuotaminen. Korkean suorituskyvyn materiaaleja, kuten polyuretaania ja nitriilikumia, k\u00e4ytet\u00e4\u00e4n yleisesti niiden kulutuskest\u00e4vyyden ja tiivistysominaisuuksien vuoksi.<\/p>\n<p>Sylinterin runko ja kierteitetyt p\u00e4\u00e4typinnat koneistetaan tarkasti kulutuskest\u00e4vyyden parantamiseksi ja tiivisteiden t\u00e4ydellisen istuvuuden varmistamiseksi. S\u00e4\u00e4nn\u00f6lliseen huoltoon tulisi kuulua hydrauliikka\u00f6ljyn oikea-aikainen lis\u00e4\u00e4minen liikkuvien osien voiteluun, mik\u00e4 est\u00e4\u00e4 kitkan ja kulumisen.<\/p>\n<h2>S\u00e4\u00e4nn\u00f6llinen tarkastus ja ennaltaehk\u00e4isev\u00e4 huolto<\/h2>\n<ul>\n<li><strong>S\u00e4\u00e4nn\u00f6lliset tarkastukset:<\/strong> Rutiininomaisten tarkastusten suorittaminen vuotojen, kulumisen ja muiden mahdollisten vikojen varalta on kriittist\u00e4. K\u00e4ytt\u00e4j\u00e4t tulee kouluttaa tunnistamaan ongelmien varhaiset varoitusmerkit ja ilmoittamaan niist\u00e4 v\u00e4litt\u00f6m\u00e4sti.<\/li>\n<li><strong>Oikea voitelu:<\/strong> Hydraulisylinterin asianmukainen voitelu est\u00e4\u00e4 liiallista kulumista ja pident\u00e4\u00e4 sylinterin k\u00e4ytt\u00f6ik\u00e4\u00e4. Voitelutasojen ja kunnon s\u00e4\u00e4nn\u00f6lliset tarkastukset ovat v\u00e4ltt\u00e4m\u00e4tt\u00f6mi\u00e4.<\/li>\n<li><strong>Tiivisteen vaihto:<\/strong> Ajan my\u00f6t\u00e4 tiivisteet voivat kulua ja ne on vaihdettava suorituskyvyn yll\u00e4pit\u00e4miseksi. Tiivisteiden tarkastus- ja vaihtoaikataulun laatiminen voi auttaa ehk\u00e4isem\u00e4\u00e4n toimintah\u00e4iri\u00f6it\u00e4.<\/li>\n<\/ul>\n<h2>Asennusohjeet<\/h2>\n<p>Puomisylinterin oikea asennus on v\u00e4ltt\u00e4m\u00e4t\u00f6nt\u00e4 sen toimivuuden ja pitk\u00e4n k\u00e4ytt\u00f6i\u00e4n kannalta. Varmista ensin, ett\u00e4 kiinnityspinnat ovat puhtaat ja roskattomat. K\u00e4yt\u00e4 sopivia kohdistusty\u00f6kaluja sylinterin tarkan asennuksen varmistamiseksi, mik\u00e4 est\u00e4\u00e4 tarpeettoman rasituksen k\u00e4yt\u00f6n aikana. On suositeltavaa k\u00e4ytt\u00e4\u00e4 sopivia kiinnitystelineit\u00e4 tuen ja vakauden takaamiseksi.<\/p>\n<p>Noudata valmistajan ohjeita hydrauliliit\u00e4nn\u00f6ist\u00e4 ja varmista, ett\u00e4 liitokset ovat tukevat vuotojen est\u00e4miseksi. Asennuksen j\u00e4lkeen tarkista kaikki liit\u00e4nn\u00e4t ja sylinterin kohdistus ennen k\u00e4yt\u00f6n aloittamista. Tarkista asennus s\u00e4\u00e4nn\u00f6llisesti mahdollisten kulumisen tai kohdistusvirheiden varalta k\u00e4yt\u00f6n aikana.<\/p>\n<h2>Yleiset huoltoteht\u00e4v\u00e4t<\/h2>\n<ul>\n<li><strong>S\u00e4\u00e4nn\u00f6lliset tarkastukset:<\/strong> Rutiininomaiset kulumisen ja vaurioiden tarkastukset voivat est\u00e4\u00e4 suurempia ongelmia my\u00f6hemmin. K\u00e4ytt\u00e4j\u00e4t on koulutettava tunnistamaan, mit\u00e4 etsi\u00e4.<\/li>\n<li><strong>Asianmukainen voitelu:<\/strong> S\u00e4\u00e4nn\u00f6llinen voitelu on v\u00e4ltt\u00e4m\u00e4t\u00f6nt\u00e4 sujuvan toiminnan yll\u00e4pit\u00e4miseksi ja liikkuvien osien vaurioitumisen est\u00e4miseksi. K\u00e4ytt\u00e4jien tulee noudattaa k\u00e4ytt\u00f6\u00f6n perustuvaa voiteluaikataulua.<\/li>\n<li><strong>Tiivisteiden vaihto ja kalibrointitarkastukset:<\/strong> Tiivisteet tulee tarkastaa ja vaihtaa tarvittaessa vuotojen est\u00e4miseksi. Hydraulij\u00e4rjestelm\u00e4n kalibrointitarkastukset varmistavat, ett\u00e4 sylinteri toimii suositeltujen parametrien mukaisesti.<\/li>\n<\/ul>\n<p><img decoding=\"async\" src=\"https:\/\/www.hydraulic-cylinders.net\/wp-content\/uploads\/2025\/04\/songte-chushion-collar.webp\" alt=\"Tyynykaulus\"><\/p>\n<h2>Turvallisuusn\u00e4k\u00f6kohdat ja ymp\u00e4rist\u00f6tekij\u00e4t<\/h2>\n<p>Hydraulij\u00e4rjestelmien kanssa ty\u00f6skennelt\u00e4ess\u00e4 turvatoimenpiteet ovat ensiarvoisen t\u00e4rkeit\u00e4. K\u00e4ytt\u00e4j\u00e4t tulee kouluttaa k\u00e4ytt\u00e4m\u00e4\u00e4n laitteita turvallisesti ja heid\u00e4n tulee olla tietoisia hydraulij\u00e4rjestelmiin liittyvist\u00e4 mahdollisista vaaroista. Vakiomuotoisten toimintatapojen k\u00e4ytt\u00f6\u00f6notto voi v\u00e4hent\u00e4\u00e4 merkitt\u00e4v\u00e4sti onnettomuusriski\u00e4. Lis\u00e4ksi on otettava huomioon ymp\u00e4rist\u00f6tekij\u00e4t, kuten hydraulinesteiden ja -materiaalien h\u00e4vitysmenetelm\u00e4t, noudattaen paikallisia m\u00e4\u00e4r\u00e4yksi\u00e4 ymp\u00e4rist\u00f6vaikutusten minimoimiseksi.<\/p>\n<h2>Vianm\u00e4\u00e4ritys ja yleiset ongelmat<\/h2>\n<ul>\n<li><strong>Vuoto:<\/strong> Yksi yleisimmist\u00e4 ongelmista on vuoto, joka usein johtuu kuluneista tiivisteist\u00e4 tai vaurioituneista osista. Vuodon l\u00e4hteen tunnistaminen on ratkaisevan t\u00e4rke\u00e4\u00e4 tehokkaiden korjausten kannalta.<\/li>\n<li><strong>Huono suorituskyky:<\/strong> Jos puomin sylinteri ei reagoi odotetulla tavalla, se voi johtua riitt\u00e4m\u00e4tt\u00f6m\u00e4st\u00e4 hydraulinesteest\u00e4 tai j\u00e4rjestelm\u00e4\u00e4n j\u00e4\u00e4neest\u00e4 ilmasta. J\u00e4rjestelm\u00e4n ilmaaminen voi olla tarpeen.<\/li>\n<li><strong>Oudot \u00e4\u00e4net:<\/strong> Ep\u00e4tavalliset \u00e4\u00e4net voivat viitata mekaanisiin ongelmiin, kuten kavitaatioon tai sis\u00e4isiin vaurioihin, jotka vaativat v\u00e4litt\u00f6m\u00e4n tarkastuksen.<\/li>\n<\/ul>\n<h2>Vianm\u00e4\u00e4ritysvinkkej\u00e4<\/h2>\n<p>Puomisylinterin ongelmien tehokkaaksi diagnosoimiseksi k\u00e4ytt\u00e4jien tulee noudattaa systemaattista l\u00e4hestymistapaa. Aloita silm\u00e4m\u00e4\u00e4r\u00e4isell\u00e4 tarkastuksella, jolla tunnistetaan kaikki ilmeiset kulumisen tai vaurioiden merkit. Vuodon varalta paikanna sen l\u00e4hde ja arvioi, vaatiiko se tiivisteen vaihtoa tai komponenttien korjausta.<\/p>\n<p>Suorituskykyyn liittyvien ongelmien varalta tarkista nestetasot ja varmista, ettei j\u00e4rjestelm\u00e4ss\u00e4 ole ilmataskuja. Ennaltaehk\u00e4isevien toimenpiteiden, kuten s\u00e4\u00e4nn\u00f6llisten huoltotarkastusten, toteuttaminen voi auttaa minimoimaan mahdolliset ongelmat ja pident\u00e4\u00e4 hydraulij\u00e4rjestelm\u00e4n k\u00e4ytt\u00f6ik\u00e4\u00e4.<\/p>\n<p><img decoding=\"async\" src=\"https:\/\/www.hydraulic-cylinders.net\/wp-content\/uploads\/2025\/04\/songte-bushings-with-all-kinds-of-excavator-models.webp\" alt=\"Kaivinkonemallien holkit\"><\/p>\n<h2>Yrityksen yleiskatsaus<\/h2>\n<p>Olemme johtava hydraulisylintereiden valmistaja ja tukkumyyj\u00e4, joka on erikoistunut tarjoamaan korkealaatuisia ratkaisuja erilaisiin teollisiin sovelluksiin. Sitoutumisemme huippuosaamiseen on tehnyt meist\u00e4 luotettavan nimen sek\u00e4 kotimaisilla ett\u00e4 kansainv\u00e4lisill\u00e4 markkinoilla. Noudatamme tiukkoja laatustandardeja ja k\u00e4yt\u00e4mme edistyneit\u00e4 valmistusstrategioita, hy\u00f6dynt\u00e4en ammattitaitoista henkil\u00f6st\u00f6\u00e4 ja huippuluokan tuotantolaitteita.<\/p>\n<p>Laaja tuotevalikoimamme ja r\u00e4\u00e4t\u00e4l\u00f6intimahdollisuutemme varmistavat, ett\u00e4 pystymme vastaamaan monipuolisiin asiakastarpeisiin tehokkaasti. Uskomme vahvasti korkeaan tehokkuuteen, tarkkuuteen ja laatuun ja pyrimme tyydytt\u00e4m\u00e4\u00e4n asiakkaidemme vaihtelevat vaatimukset samalla, kun parannamme jatkuvasti tuotantokapasiteettiamme.<\/p>\n<p><img decoding=\"async\" src=\"https:\/\/www.hydraulic-cylinders.net\/wp-content\/uploads\/2025\/04\/songte-company-4.webp\" alt=\"Yrityksen yleiskatsaus 1\"><br \/>\n<img decoding=\"async\" src=\"https:\/\/www.hydraulic-cylinders.net\/wp-content\/uploads\/2025\/04\/songte-company-3.webp\" alt=\"Yrityksen yleiskatsaus 2\"><\/p>\n<p>Kirjoittaja: lyl<\/p>","protected":false},"excerpt":{"rendered":"<p>Boom Cylinder For XCMG Middle Excavator XE225CA Product Overview The Boom Cylinder for XCMG Middle Excavator XE225CA is a specialized hydraulic cylinder designed to control the movement of various heavy machinery, such as excavators, backhoes, and front loaders. This hydraulic cylinder facilitates the lifting, lowering, and tilting of the boom, making it essential for efficient [&hellip;]<\/p>","protected":false},"featured_media":17875,"comment_status":"open","ping_status":"closed","template":"","meta":{"_et_pb_use_builder":"","_et_pb_old_content":"","_et_gb_content_width":""},"product_brand":[],"product_cat":[1546],"product_tag":[1547,1496],"class_list":{"0":"post-19189","1":"product","2":"type-product","3":"status-publish","4":"has-post-thumbnail","6":"product_cat-boom-cylinders","7":"product_tag-boom-cylinders","8":"product_tag-hydraulic-cylinders","10":"first","11":"instock","12":"shipping-taxable","13":"product-type-simple"},"amp_enabled":true,"_links":{"self":[{"href":"https:\/\/www.hydraulic-cylinders.net\/fi\/wp-json\/wp\/v2\/product\/19189","targetHints":{"allow":["GET"]}}],"collection":[{"href":"https:\/\/www.hydraulic-cylinders.net\/fi\/wp-json\/wp\/v2\/product"}],"about":[{"href":"https:\/\/www.hydraulic-cylinders.net\/fi\/wp-json\/wp\/v2\/types\/product"}],"replies":[{"embeddable":true,"href":"https:\/\/www.hydraulic-cylinders.net\/fi\/wp-json\/wp\/v2\/comments?post=19189"}],"wp:featuredmedia":[{"embeddable":true,"href":"https:\/\/www.hydraulic-cylinders.net\/fi\/wp-json\/wp\/v2\/media\/17875"}],"wp:attachment":[{"href":"https:\/\/www.hydraulic-cylinders.net\/fi\/wp-json\/wp\/v2\/media?parent=19189"}],"wp:term":[{"taxonomy":"product_brand","embeddable":true,"href":"https:\/\/www.hydraulic-cylinders.net\/fi\/wp-json\/wp\/v2\/product_brand?post=19189"},{"taxonomy":"product_cat","embeddable":true,"href":"https:\/\/www.hydraulic-cylinders.net\/fi\/wp-json\/wp\/v2\/product_cat?post=19189"},{"taxonomy":"product_tag","embeddable":true,"href":"https:\/\/www.hydraulic-cylinders.net\/fi\/wp-json\/wp\/v2\/product_tag?post=19189"}],"curies":[{"name":"wp","href":"https:\/\/api.w.org\/{rel}","templated":true}]}}